{"id":17141,"date":"2025-10-14T10:04:22","date_gmt":"2025-10-14T10:04:22","guid":{"rendered":"https:\/\/Regalino-Shop.de\/?post_type=product&#038;p=17141"},"modified":"2026-02-05T17:19:40","modified_gmt":"2026-02-05T17:19:40","slug":"die-streithoernchen","status":"publish","type":"product","link":"https:\/\/Regalino-Shop.de\/?product=die-streithoernchen","title":{"rendered":"Die Streith\u00f6rnchen"},"content":{"rendered":"","protected":false},"excerpt":{"rendered":"<div class=\"subtitle mt-1\">\n<h3 class=\"h3\">Ein herbstliches Vorleseabenteuer \u00fcber eine kleine Nuss und den Beginn einer Freundschaft<\/h3>\n<\/div>\n<div class=\"description mt-3\">\n<p>Ganz oben am Baum h\u00e4ngt der letzte Tannenzapfen des Jahres \u2013 den muss Eichh\u00f6rnchen Lenni unbedingt haben! Denn leider hat er vers\u00e4umt, einen Vorrat f\u00fcr den Winter anzulegen, und nun ist sein Lager leer. Allerdings hat es auch Eichh\u00f6rnchen Finn es auf den letzten Zapfen abgesehen. Und schon stecken die beiden in einem wahnwitzigen Wettstreit. Denn der Tannenzapfen kann nur einem von ihnen geh\u00f6ren \u2013 oder?<\/p>\n<p>Das dritte Buch aus der erfolgreichen Reihe. Alle B\u00fccher k\u00f6nnen unabh\u00e4ngig voneinander vorgelesen werden.<\/p>\n<\/div>\n<section class=\"artikeldetail\">\n<ul>\n<li>\n<div class=\"age label col-6\">Altersempfehlung:\u00a0ab 3 Jahren<\/div>\n<\/li>\n<li>\n<div class=\"pages label col-6\">Seiten:\u00a032<\/div>\n<\/li>\n<li>\n<div class=\"pages label col-6\">\u00dcbersetzt von: Pia J\u00fcngert<\/div>\n<\/li>\n<li>\n<div class=\"date label col-6\">Erscheinungsdatum: 17. Juli 2018<\/div>\n<\/li>\n<li>\n<div class=\"date label col-6\">Format:\u00a024,5 x 30,5 x 0,9 cm<\/div>\n<\/li>\n<li>\n<div class=\"date label col-6\">ISBN: 978-3-7348-2042-7<\/div>\n<\/li>\n<\/ul>\n<p>&nbsp;<\/p>\n<\/section>\n","protected":false},"featured_media":17142,"template":"","meta":{"_et_pb_use_builder":"","_et_pb_old_content":"","_et_gb_content_width":""},"product_brand":[1961],"product_cat":[1781,96],"product_tag":[1821,1833,912],"class_list":{"0":"post-17141","1":"product","2":"type-product","3":"status-publish","4":"has-post-thumbnail","6":"product_brand-magellan-verlag","7":"product_cat-vorlesen-bilderbuecher-fuer-kinder-regalino","8":"product_cat-buecher-fuer-erwachsene-besondere-lieblingsstuecke-regalino","9":"product_tag-bilderbuch","10":"product_tag-freundschaft","11":"product_tag-vorlesebuch","13":"first","14":"instock","15":"taxable","16":"shipping-taxable","17":"purchasable","18":"product-type-simple"},"yoast_head":"<!-- This site is optimized with the Yoast SEO plugin v27.5 - https:\/\/yoast.com\/product\/yoast-seo-wordpress\/ -->\n<title>Die Streith\u00f6rnchen - Regalino -Lively Style<\/title>\n<meta name=\"description\" content=\"Ein herbstliches Vorleseabenteuer \u00fcber eine kleine Nuss und den Beginn einer Freundschaft\" \/>\n<meta name=\"robots\" content=\"index, follow, max-snippet:-1, max-image-preview:large, max-video-preview:-1\" \/>\n<link rel=\"canonical\" href=\"https:\/\/Regalino-Shop.de\/?product=die-streithoernchen\" \/>\n<meta property=\"og:locale\" content=\"de_DE\" \/>\n<meta property=\"og:type\" content=\"article\" \/>\n<meta property=\"og:title\" content=\"Die Streith\u00f6rnchen - Regalino -Lively Style\" \/>\n<meta property=\"og:description\" content=\"Ein herbstliches Vorleseabenteuer \u00fcber eine kleine Nuss und den Beginn einer Freundschaft\" \/>\n<meta property=\"og:url\" content=\"https:\/\/Regalino-Shop.de\/?product=die-streithoernchen\" \/>\n<meta property=\"og:site_name\" content=\"Regalino -Lively Style\" \/>\n<meta property=\"article:modified_time\" content=\"2026-02-05T17:19:40+00:00\" \/>\n<meta property=\"og:image\" content=\"https:\/\/Regalino-Shop.de\/wp-content\/uploads\/2025\/10\/bilderbuch-vorlesen-eichhoernchen-streit-mood.webp\" \/>\n\t<meta property=\"og:image:width\" content=\"1000\" \/>\n\t<meta property=\"og:image:height\" content=\"1000\" \/>\n\t<meta property=\"og:image:type\" content=\"image\/webp\" \/>\n<meta name=\"twitter:card\" content=\"summary_large_image\" \/>\n<meta name=\"twitter:label1\" content=\"Gesch\u00e4tzte Lesezeit\" \/>\n\t<meta name=\"twitter:data1\" content=\"1\u00a0Minute\" \/>\n<script type=\"application\/ld+json\" class=\"yoast-schema-graph\">{\"@context\":\"https:\\\/\\\/schema.org\",\"@graph\":[{\"@type\":\"WebPage\",\"@id\":\"https:\\\/\\\/Regalino-Shop.de\\\/?product=die-streithoernchen\",\"url\":\"https:\\\/\\\/Regalino-Shop.de\\\/?product=die-streithoernchen\",\"name\":\"Die Streith\u00f6rnchen - Regalino -Lively Style\",\"isPartOf\":{\"@id\":\"https:\\\/\\\/Regalino-Shop.de\\\/#website\"},\"primaryImageOfPage\":{\"@id\":\"https:\\\/\\\/Regalino-Shop.de\\\/?product=die-streithoernchen#primaryimage\"},\"image\":{\"@id\":\"https:\\\/\\\/Regalino-Shop.de\\\/?product=die-streithoernchen#primaryimage\"},\"thumbnailUrl\":\"https:\\\/\\\/Regalino-Shop.de\\\/wp-content\\\/uploads\\\/2025\\\/10\\\/bilderbuch-vorlesen-eichhoernchen-streit-mood.webp\",\"datePublished\":\"2025-10-14T10:04:22+00:00\",\"dateModified\":\"2026-02-05T17:19:40+00:00\",\"description\":\"Ein herbstliches Vorleseabenteuer \u00fcber eine kleine Nuss und den Beginn einer Freundschaft\",\"breadcrumb\":{\"@id\":\"https:\\\/\\\/Regalino-Shop.de\\\/?product=die-streithoernchen#breadcrumb\"},\"inLanguage\":\"de\",\"potentialAction\":[{\"@type\":\"ReadAction\",\"target\":[\"https:\\\/\\\/Regalino-Shop.de\\\/?product=die-streithoernchen\"]}]},{\"@type\":\"ImageObject\",\"inLanguage\":\"de\",\"@id\":\"https:\\\/\\\/Regalino-Shop.de\\\/?product=die-streithoernchen#primaryimage\",\"url\":\"https:\\\/\\\/Regalino-Shop.de\\\/wp-content\\\/uploads\\\/2025\\\/10\\\/bilderbuch-vorlesen-eichhoernchen-streit-mood.webp\",\"contentUrl\":\"https:\\\/\\\/Regalino-Shop.de\\\/wp-content\\\/uploads\\\/2025\\\/10\\\/bilderbuch-vorlesen-eichhoernchen-streit-mood.webp\",\"width\":1000,\"height\":1000,\"caption\":\"Vorlesebuch Bilderbuch Streit\"},{\"@type\":\"BreadcrumbList\",\"@id\":\"https:\\\/\\\/Regalino-Shop.de\\\/?product=die-streithoernchen#breadcrumb\",\"itemListElement\":[{\"@type\":\"ListItem\",\"position\":1,\"name\":\"Startseite\",\"item\":\"https:\\\/\\\/Regalino-Shop.de\\\/\"},{\"@type\":\"ListItem\",\"position\":2,\"name\":\"Shop\",\"item\":\"https:\\\/\\\/Regalino-Shop.de\\\/?page_id=40\"},{\"@type\":\"ListItem\",\"position\":3,\"name\":\"Die Streith\u00f6rnchen\"}]},{\"@type\":\"WebSite\",\"@id\":\"https:\\\/\\\/Regalino-Shop.de\\\/#website\",\"url\":\"https:\\\/\\\/Regalino-Shop.de\\\/\",\"name\":\"Regalino -Lively Style\",\"description\":\"gelebtes Zuhause\",\"potentialAction\":[{\"@type\":\"SearchAction\",\"target\":{\"@type\":\"EntryPoint\",\"urlTemplate\":\"https:\\\/\\\/Regalino-Shop.de\\\/?s={search_term_string}\"},\"query-input\":{\"@type\":\"PropertyValueSpecification\",\"valueRequired\":true,\"valueName\":\"search_term_string\"}}],\"inLanguage\":\"de\"}]}<\/script>\n<!-- \/ Yoast SEO plugin. -->","yoast_head_json":{"title":"Die Streith\u00f6rnchen - Regalino -Lively Style","description":"Ein herbstliches Vorleseabenteuer \u00fcber eine kleine Nuss und den Beginn einer Freundschaft","robots":{"index":"index","follow":"follow","max-snippet":"max-snippet:-1","max-image-preview":"max-image-preview:large","max-video-preview":"max-video-preview:-1"},"canonical":"https:\/\/Regalino-Shop.de\/?product=die-streithoernchen","og_locale":"de_DE","og_type":"article","og_title":"Die Streith\u00f6rnchen - Regalino -Lively Style","og_description":"Ein herbstliches Vorleseabenteuer \u00fcber eine kleine Nuss und den Beginn einer Freundschaft","og_url":"https:\/\/Regalino-Shop.de\/?product=die-streithoernchen","og_site_name":"Regalino -Lively Style","article_modified_time":"2026-02-05T17:19:40+00:00","og_image":[{"width":1000,"height":1000,"url":"https:\/\/Regalino-Shop.de\/wp-content\/uploads\/2025\/10\/bilderbuch-vorlesen-eichhoernchen-streit-mood.webp","type":"image\/webp"}],"twitter_card":"summary_large_image","twitter_misc":{"Gesch\u00e4tzte Lesezeit":"1\u00a0Minute"},"schema":{"@context":"https:\/\/schema.org","@graph":[{"@type":"WebPage","@id":"https:\/\/Regalino-Shop.de\/?product=die-streithoernchen","url":"https:\/\/Regalino-Shop.de\/?product=die-streithoernchen","name":"Die Streith\u00f6rnchen - Regalino -Lively Style","isPartOf":{"@id":"https:\/\/Regalino-Shop.de\/#website"},"primaryImageOfPage":{"@id":"https:\/\/Regalino-Shop.de\/?product=die-streithoernchen#primaryimage"},"image":{"@id":"https:\/\/Regalino-Shop.de\/?product=die-streithoernchen#primaryimage"},"thumbnailUrl":"https:\/\/Regalino-Shop.de\/wp-content\/uploads\/2025\/10\/bilderbuch-vorlesen-eichhoernchen-streit-mood.webp","datePublished":"2025-10-14T10:04:22+00:00","dateModified":"2026-02-05T17:19:40+00:00","description":"Ein herbstliches Vorleseabenteuer \u00fcber eine kleine Nuss und den Beginn einer Freundschaft","breadcrumb":{"@id":"https:\/\/Regalino-Shop.de\/?product=die-streithoernchen#breadcrumb"},"inLanguage":"de","potentialAction":[{"@type":"ReadAction","target":["https:\/\/Regalino-Shop.de\/?product=die-streithoernchen"]}]},{"@type":"ImageObject","inLanguage":"de","@id":"https:\/\/Regalino-Shop.de\/?product=die-streithoernchen#primaryimage","url":"https:\/\/Regalino-Shop.de\/wp-content\/uploads\/2025\/10\/bilderbuch-vorlesen-eichhoernchen-streit-mood.webp","contentUrl":"https:\/\/Regalino-Shop.de\/wp-content\/uploads\/2025\/10\/bilderbuch-vorlesen-eichhoernchen-streit-mood.webp","width":1000,"height":1000,"caption":"Vorlesebuch Bilderbuch Streit"},{"@type":"BreadcrumbList","@id":"https:\/\/Regalino-Shop.de\/?product=die-streithoernchen#breadcrumb","itemListElement":[{"@type":"ListItem","position":1,"name":"Startseite","item":"https:\/\/Regalino-Shop.de\/"},{"@type":"ListItem","position":2,"name":"Shop","item":"https:\/\/Regalino-Shop.de\/?page_id=40"},{"@type":"ListItem","position":3,"name":"Die Streith\u00f6rnchen"}]},{"@type":"WebSite","@id":"https:\/\/Regalino-Shop.de\/#website","url":"https:\/\/Regalino-Shop.de\/","name":"Regalino -Lively Style","description":"gelebtes Zuhause","potentialAction":[{"@type":"SearchAction","target":{"@type":"EntryPoint","urlTemplate":"https:\/\/Regalino-Shop.de\/?s={search_term_string}"},"query-input":{"@type":"PropertyValueSpecification","valueRequired":true,"valueName":"search_term_string"}}],"inLanguage":"de"}]}},"_links":{"self":[{"href":"https:\/\/Regalino-Shop.de\/index.php?rest_route=\/wp\/v2\/product\/17141","targetHints":{"allow":["GET"]}}],"collection":[{"href":"https:\/\/Regalino-Shop.de\/index.php?rest_route=\/wp\/v2\/product"}],"about":[{"href":"https:\/\/Regalino-Shop.de\/index.php?rest_route=\/wp\/v2\/types\/product"}],"wp:featuredmedia":[{"embeddable":true,"href":"https:\/\/Regalino-Shop.de\/index.php?rest_route=\/wp\/v2\/media\/17142"}],"wp:attachment":[{"href":"https:\/\/Regalino-Shop.de\/index.php?rest_route=%2Fwp%2Fv2%2Fmedia&parent=17141"}],"wp:term":[{"taxonomy":"product_brand","embeddable":true,"href":"https:\/\/Regalino-Shop.de\/index.php?rest_route=%2Fwp%2Fv2%2Fproduct_brand&post=17141"},{"taxonomy":"product_cat","embeddable":true,"href":"https:\/\/Regalino-Shop.de\/index.php?rest_route=%2Fwp%2Fv2%2Fproduct_cat&post=17141"},{"taxonomy":"product_tag","embeddable":true,"href":"https:\/\/Regalino-Shop.de\/index.php?rest_route=%2Fwp%2Fv2%2Fproduct_tag&post=17141"}],"curies":[{"name":"wp","href":"https:\/\/api.w.org\/{rel}","templated":true}]}}