{"id":17156,"date":"2025-10-14T10:04:17","date_gmt":"2025-10-14T10:04:17","guid":{"rendered":"https:\/\/Regalino-Shop.de\/?post_type=product&#038;p=17156"},"modified":"2025-10-14T10:04:18","modified_gmt":"2025-10-14T10:04:18","slug":"rotzhase-schnarchnase-ein-schlimmer-bestimmer","status":"publish","type":"product","link":"https:\/\/Regalino-Shop.de\/?product=rotzhase-schnarchnase-ein-schlimmer-bestimmer","title":{"rendered":"Rotzhase &#038; Schnarchnase &#8211; Ein schlimmer Bestimmer"},"content":{"rendered":"","protected":false},"excerpt":{"rendered":"<div class=\"subtitle mt-1\">\n<h3 class=\"h3\">Ein winterliches Kinderbuch f\u00fcr Erstleserinnen und Erstleser<\/h3>\n<\/div>\n<div class=\"description mt-3\">\n<h3 class=\"h3\"><span style=\"color: #666666; font-size: 14px;\"><strong>Eine tierisch humorvolle Geschichte zum ersten Selberlesen \u00fcber die Freundschaft zweier Waldbewohner, den Mut gegen Unrecht anzuk\u00e4mpfen\u00a0und die leckersten W\u00fcrstchenkronen.<\/strong><\/span><\/h3>\n<p class=\"h3\">Schlechte Nachrichten f\u00fcr Hase und B\u00e4r: In ihrem Tal gibt es einen Neuank\u00f6mmling \u2013 Eisb\u00e4r! Er ist gro\u00df und gemein und ernennt sich kurzerhand selbst zum K\u00f6nig. Auf die Freundlichkeit der anderen Tiere reagiert er mit Bosheit. Hase ist verwirrt \u2013 bisher hat B\u00e4r immer alle Probleme gel\u00f6st, aber diesmal ist auch sie ratlos. Wie wird man blo\u00df einen \u00fcblen K\u00f6nig wieder los? Wenn die anderen Bewohner des Tals helfen und alle fest zusammenhalten \u2013 ob sie dann ihr Zuhause zur\u00fcckerobern k\u00f6nnen?<\/p>\n<\/div>\n<section class=\"artikeldetail\">\n<ul>\n<li class=\"age label col-6\">Altersempfehlung: ab 6 Jahren<\/li>\n<li>\n<div class=\"pages label col-6\">Seiten: 112<\/div>\n<\/li>\n<li>Erscheinungsdatum: 13. Juli 2021<\/li>\n<li>\n<div class=\"date label col-6\">Format: 13,4 x 18,6 x 1,5 cm<\/div>\n<\/li>\n<li>\n<div class=\"date label col-6\">ISBN: 978-3-7348-2824-9<\/div>\n<\/li>\n<\/ul>\n<p>&nbsp;<\/p>\n<\/section>\n","protected":false},"featured_media":17157,"template":"","meta":{"_et_pb_use_builder":"","_et_pb_old_content":"","_et_gb_content_width":""},"product_brand":[1961],"product_cat":[1781,96],"product_tag":[1964,901,912],"class_list":{"0":"post-17156","1":"product","2":"type-product","3":"status-publish","4":"has-post-thumbnail","6":"product_brand-magellan-verlag","7":"product_cat-vorlesen-bilderbuecher-fuer-kinder-regalino","8":"product_cat-buecher-fuer-erwachsene-besondere-lieblingsstuecke-regalino","9":"product_tag-erstleser","10":"product_tag-kinderbuch","11":"product_tag-vorlesebuch","13":"first","14":"instock","15":"taxable","16":"shipping-taxable","17":"purchasable","18":"product-type-simple"},"yoast_head":"<!-- This site is optimized with the Yoast SEO plugin v27.5 - https:\/\/yoast.com\/product\/yoast-seo-wordpress\/ -->\n<title>Rotzhase &amp; Schnarchnase - Ein schlimmer Bestimmer - Regalino -Lively Style<\/title>\n<meta name=\"description\" content=\"Eine tierisch humorvolle Geschichte zum ersten Selberlesen \u00fcber die Freundschaft zweier Waldbewohner, den Mut gegen Unrecht anzuk\u00e4mpfen\u00a0und die leckersten W\u00fcrstchenkronen.\" \/>\n<meta name=\"robots\" content=\"index, follow, max-snippet:-1, max-image-preview:large, max-video-preview:-1\" \/>\n<link rel=\"canonical\" href=\"https:\/\/Regalino-Shop.de\/?product=rotzhase-schnarchnase-ein-schlimmer-bestimmer\" \/>\n<meta property=\"og:locale\" content=\"de_DE\" \/>\n<meta property=\"og:type\" content=\"article\" \/>\n<meta property=\"og:title\" content=\"Rotzhase &amp; Schnarchnase - Ein schlimmer Bestimmer - Regalino -Lively Style\" \/>\n<meta property=\"og:description\" content=\"Eine tierisch humorvolle Geschichte zum ersten Selberlesen \u00fcber die Freundschaft zweier Waldbewohner, den Mut gegen Unrecht anzuk\u00e4mpfen\u00a0und die leckersten W\u00fcrstchenkronen.\" \/>\n<meta property=\"og:url\" content=\"https:\/\/Regalino-Shop.de\/?product=rotzhase-schnarchnase-ein-schlimmer-bestimmer\" \/>\n<meta property=\"og:site_name\" content=\"Regalino -Lively Style\" \/>\n<meta property=\"article:modified_time\" content=\"2025-10-14T10:04:18+00:00\" \/>\n<meta property=\"og:image\" content=\"https:\/\/Regalino-Shop.de\/wp-content\/uploads\/2025\/10\/vorlesen-erstleser-tiere-Freundschaft.jpg\" \/>\n\t<meta property=\"og:image:width\" content=\"1000\" \/>\n\t<meta property=\"og:image:height\" content=\"1383\" \/>\n\t<meta property=\"og:image:type\" content=\"image\/jpeg\" \/>\n<meta name=\"twitter:card\" content=\"summary_large_image\" \/>\n<meta name=\"twitter:label1\" content=\"Gesch\u00e4tzte Lesezeit\" \/>\n\t<meta name=\"twitter:data1\" content=\"1\u00a0Minute\" \/>\n<script type=\"application\/ld+json\" class=\"yoast-schema-graph\">{\"@context\":\"https:\\\/\\\/schema.org\",\"@graph\":[{\"@type\":\"WebPage\",\"@id\":\"https:\\\/\\\/Regalino-Shop.de\\\/?product=rotzhase-schnarchnase-ein-schlimmer-bestimmer\",\"url\":\"https:\\\/\\\/Regalino-Shop.de\\\/?product=rotzhase-schnarchnase-ein-schlimmer-bestimmer\",\"name\":\"Rotzhase & Schnarchnase - Ein schlimmer Bestimmer - Regalino -Lively Style\",\"isPartOf\":{\"@id\":\"https:\\\/\\\/Regalino-Shop.de\\\/#website\"},\"primaryImageOfPage\":{\"@id\":\"https:\\\/\\\/Regalino-Shop.de\\\/?product=rotzhase-schnarchnase-ein-schlimmer-bestimmer#primaryimage\"},\"image\":{\"@id\":\"https:\\\/\\\/Regalino-Shop.de\\\/?product=rotzhase-schnarchnase-ein-schlimmer-bestimmer#primaryimage\"},\"thumbnailUrl\":\"https:\\\/\\\/Regalino-Shop.de\\\/wp-content\\\/uploads\\\/2025\\\/10\\\/vorlesen-erstleser-tiere-Freundschaft.jpg\",\"datePublished\":\"2025-10-14T10:04:17+00:00\",\"dateModified\":\"2025-10-14T10:04:18+00:00\",\"description\":\"Eine tierisch humorvolle Geschichte zum ersten Selberlesen \u00fcber die Freundschaft zweier Waldbewohner, den Mut gegen Unrecht anzuk\u00e4mpfen\u00a0und die leckersten W\u00fcrstchenkronen.\",\"breadcrumb\":{\"@id\":\"https:\\\/\\\/Regalino-Shop.de\\\/?product=rotzhase-schnarchnase-ein-schlimmer-bestimmer#breadcrumb\"},\"inLanguage\":\"de\",\"potentialAction\":[{\"@type\":\"ReadAction\",\"target\":[\"https:\\\/\\\/Regalino-Shop.de\\\/?product=rotzhase-schnarchnase-ein-schlimmer-bestimmer\"]}]},{\"@type\":\"ImageObject\",\"inLanguage\":\"de\",\"@id\":\"https:\\\/\\\/Regalino-Shop.de\\\/?product=rotzhase-schnarchnase-ein-schlimmer-bestimmer#primaryimage\",\"url\":\"https:\\\/\\\/Regalino-Shop.de\\\/wp-content\\\/uploads\\\/2025\\\/10\\\/vorlesen-erstleser-tiere-Freundschaft.jpg\",\"contentUrl\":\"https:\\\/\\\/Regalino-Shop.de\\\/wp-content\\\/uploads\\\/2025\\\/10\\\/vorlesen-erstleser-tiere-Freundschaft.jpg\",\"width\":1000,\"height\":1383,\"caption\":\"Erstleser Winterbuch\"},{\"@type\":\"BreadcrumbList\",\"@id\":\"https:\\\/\\\/Regalino-Shop.de\\\/?product=rotzhase-schnarchnase-ein-schlimmer-bestimmer#breadcrumb\",\"itemListElement\":[{\"@type\":\"ListItem\",\"position\":1,\"name\":\"Startseite\",\"item\":\"https:\\\/\\\/Regalino-Shop.de\\\/\"},{\"@type\":\"ListItem\",\"position\":2,\"name\":\"Shop\",\"item\":\"https:\\\/\\\/Regalino-Shop.de\\\/?page_id=40\"},{\"@type\":\"ListItem\",\"position\":3,\"name\":\"Rotzhase &#038; Schnarchnase &#8211; Ein schlimmer Bestimmer\"}]},{\"@type\":\"WebSite\",\"@id\":\"https:\\\/\\\/Regalino-Shop.de\\\/#website\",\"url\":\"https:\\\/\\\/Regalino-Shop.de\\\/\",\"name\":\"Regalino -Lively Style\",\"description\":\"gelebtes Zuhause\",\"potentialAction\":[{\"@type\":\"SearchAction\",\"target\":{\"@type\":\"EntryPoint\",\"urlTemplate\":\"https:\\\/\\\/Regalino-Shop.de\\\/?s={search_term_string}\"},\"query-input\":{\"@type\":\"PropertyValueSpecification\",\"valueRequired\":true,\"valueName\":\"search_term_string\"}}],\"inLanguage\":\"de\"}]}<\/script>\n<!-- \/ Yoast SEO plugin. -->","yoast_head_json":{"title":"Rotzhase & Schnarchnase - Ein schlimmer Bestimmer - Regalino -Lively Style","description":"Eine tierisch humorvolle Geschichte zum ersten Selberlesen \u00fcber die Freundschaft zweier Waldbewohner, den Mut gegen Unrecht anzuk\u00e4mpfen\u00a0und die leckersten W\u00fcrstchenkronen.","robots":{"index":"index","follow":"follow","max-snippet":"max-snippet:-1","max-image-preview":"max-image-preview:large","max-video-preview":"max-video-preview:-1"},"canonical":"https:\/\/Regalino-Shop.de\/?product=rotzhase-schnarchnase-ein-schlimmer-bestimmer","og_locale":"de_DE","og_type":"article","og_title":"Rotzhase & Schnarchnase - Ein schlimmer Bestimmer - Regalino -Lively Style","og_description":"Eine tierisch humorvolle Geschichte zum ersten Selberlesen \u00fcber die Freundschaft zweier Waldbewohner, den Mut gegen Unrecht anzuk\u00e4mpfen\u00a0und die leckersten W\u00fcrstchenkronen.","og_url":"https:\/\/Regalino-Shop.de\/?product=rotzhase-schnarchnase-ein-schlimmer-bestimmer","og_site_name":"Regalino -Lively Style","article_modified_time":"2025-10-14T10:04:18+00:00","og_image":[{"width":1000,"height":1383,"url":"https:\/\/Regalino-Shop.de\/wp-content\/uploads\/2025\/10\/vorlesen-erstleser-tiere-Freundschaft.jpg","type":"image\/jpeg"}],"twitter_card":"summary_large_image","twitter_misc":{"Gesch\u00e4tzte Lesezeit":"1\u00a0Minute"},"schema":{"@context":"https:\/\/schema.org","@graph":[{"@type":"WebPage","@id":"https:\/\/Regalino-Shop.de\/?product=rotzhase-schnarchnase-ein-schlimmer-bestimmer","url":"https:\/\/Regalino-Shop.de\/?product=rotzhase-schnarchnase-ein-schlimmer-bestimmer","name":"Rotzhase & Schnarchnase - Ein schlimmer Bestimmer - Regalino -Lively Style","isPartOf":{"@id":"https:\/\/Regalino-Shop.de\/#website"},"primaryImageOfPage":{"@id":"https:\/\/Regalino-Shop.de\/?product=rotzhase-schnarchnase-ein-schlimmer-bestimmer#primaryimage"},"image":{"@id":"https:\/\/Regalino-Shop.de\/?product=rotzhase-schnarchnase-ein-schlimmer-bestimmer#primaryimage"},"thumbnailUrl":"https:\/\/Regalino-Shop.de\/wp-content\/uploads\/2025\/10\/vorlesen-erstleser-tiere-Freundschaft.jpg","datePublished":"2025-10-14T10:04:17+00:00","dateModified":"2025-10-14T10:04:18+00:00","description":"Eine tierisch humorvolle Geschichte zum ersten Selberlesen \u00fcber die Freundschaft zweier Waldbewohner, den Mut gegen Unrecht anzuk\u00e4mpfen\u00a0und die leckersten W\u00fcrstchenkronen.","breadcrumb":{"@id":"https:\/\/Regalino-Shop.de\/?product=rotzhase-schnarchnase-ein-schlimmer-bestimmer#breadcrumb"},"inLanguage":"de","potentialAction":[{"@type":"ReadAction","target":["https:\/\/Regalino-Shop.de\/?product=rotzhase-schnarchnase-ein-schlimmer-bestimmer"]}]},{"@type":"ImageObject","inLanguage":"de","@id":"https:\/\/Regalino-Shop.de\/?product=rotzhase-schnarchnase-ein-schlimmer-bestimmer#primaryimage","url":"https:\/\/Regalino-Shop.de\/wp-content\/uploads\/2025\/10\/vorlesen-erstleser-tiere-Freundschaft.jpg","contentUrl":"https:\/\/Regalino-Shop.de\/wp-content\/uploads\/2025\/10\/vorlesen-erstleser-tiere-Freundschaft.jpg","width":1000,"height":1383,"caption":"Erstleser Winterbuch"},{"@type":"BreadcrumbList","@id":"https:\/\/Regalino-Shop.de\/?product=rotzhase-schnarchnase-ein-schlimmer-bestimmer#breadcrumb","itemListElement":[{"@type":"ListItem","position":1,"name":"Startseite","item":"https:\/\/Regalino-Shop.de\/"},{"@type":"ListItem","position":2,"name":"Shop","item":"https:\/\/Regalino-Shop.de\/?page_id=40"},{"@type":"ListItem","position":3,"name":"Rotzhase &#038; Schnarchnase &#8211; Ein schlimmer Bestimmer"}]},{"@type":"WebSite","@id":"https:\/\/Regalino-Shop.de\/#website","url":"https:\/\/Regalino-Shop.de\/","name":"Regalino -Lively Style","description":"gelebtes Zuhause","potentialAction":[{"@type":"SearchAction","target":{"@type":"EntryPoint","urlTemplate":"https:\/\/Regalino-Shop.de\/?s={search_term_string}"},"query-input":{"@type":"PropertyValueSpecification","valueRequired":true,"valueName":"search_term_string"}}],"inLanguage":"de"}]}},"_links":{"self":[{"href":"https:\/\/Regalino-Shop.de\/index.php?rest_route=\/wp\/v2\/product\/17156","targetHints":{"allow":["GET"]}}],"collection":[{"href":"https:\/\/Regalino-Shop.de\/index.php?rest_route=\/wp\/v2\/product"}],"about":[{"href":"https:\/\/Regalino-Shop.de\/index.php?rest_route=\/wp\/v2\/types\/product"}],"wp:featuredmedia":[{"embeddable":true,"href":"https:\/\/Regalino-Shop.de\/index.php?rest_route=\/wp\/v2\/media\/17157"}],"wp:attachment":[{"href":"https:\/\/Regalino-Shop.de\/index.php?rest_route=%2Fwp%2Fv2%2Fmedia&parent=17156"}],"wp:term":[{"taxonomy":"product_brand","embeddable":true,"href":"https:\/\/Regalino-Shop.de\/index.php?rest_route=%2Fwp%2Fv2%2Fproduct_brand&post=17156"},{"taxonomy":"product_cat","embeddable":true,"href":"https:\/\/Regalino-Shop.de\/index.php?rest_route=%2Fwp%2Fv2%2Fproduct_cat&post=17156"},{"taxonomy":"product_tag","embeddable":true,"href":"https:\/\/Regalino-Shop.de\/index.php?rest_route=%2Fwp%2Fv2%2Fproduct_tag&post=17156"}],"curies":[{"name":"wp","href":"https:\/\/api.w.org\/{rel}","templated":true}]}}