{"id":17159,"date":"2025-10-14T10:04:16","date_gmt":"2025-10-14T10:04:16","guid":{"rendered":"https:\/\/Regalino-Shop.de\/?post_type=product&#038;p=17159"},"modified":"2025-10-14T10:04:17","modified_gmt":"2025-10-14T10:04:17","slug":"wunschbuero-edda-eine-kiste-voller-wuensche","status":"publish","type":"product","link":"https:\/\/Regalino-Shop.de\/?product=wunschbuero-edda-eine-kiste-voller-wuensche","title":{"rendered":"Wunschb\u00fcro Edda &#8211; Eine Kiste voller W\u00fcnsche"},"content":{"rendered":"","protected":false},"excerpt":{"rendered":"<div class=\"subtitle mt-1\">\n<h3 class=\"h3\">Hier dreht sich alles um Zweibeiner, W\u00fcnsche und Freundschaft<\/h3>\n<\/div>\n<div class=\"description mt-3\">\n<p class=\"h3\">So einen Herzwunsch, den hat jeder, oder? Und w\u00e4re es nicht supidupi, wenn der einfach in Erf\u00fcllung ginge? Edda m\u00f6chte unbedingt ein Pony \u2013 und eine echte beste Freundin. Wie gut, dass Frau Schmittke aus dem Buchladen ihr eines Tages vom Wunschtausch erz\u00e4hlt. Dabei erf\u00fcllt man n\u00e4mlich die W\u00fcnsche von anderen, und wenn man Gl\u00fcck hat, klappt es dann auch mit dem eigenen Herzwunsch. Perfekt! Edda macht sich gleich an die Arbeit und stellt im Restaurant ihrer Eltern eine Wunschkiste auf \u2013 denn ab jetzt sind Herzw\u00fcnsche ein Fall f\u00fcr ihr Wunschb\u00fcro \u2026<\/p>\n<\/div>\n<section class=\"artikeldetail\">\n<ul>\n<li class=\"age label col-6\">Altersempfehlung: ab 6 Jahren<\/li>\n<li>\n<div class=\"pages label col-6\">Seiten: 112<\/div>\n<\/li>\n<li>Erscheinungsdatum: 17. Juli 2019<\/li>\n<li>\n<div class=\"date label col-6\">Format: 14,0 x 21,0 x 1,3 cm<\/div>\n<\/li>\n<li>\n<div class=\"date label col-6\">ISBN: 978-3-7348-4120-0<\/div>\n<\/li>\n<\/ul>\n<p>&nbsp;<\/p>\n<\/section>\n","protected":false},"featured_media":17160,"template":"","meta":{"_et_pb_use_builder":"","_et_pb_old_content":"","_et_gb_content_width":""},"product_brand":[1961],"product_cat":[1781,96],"product_tag":[1964,901,1965,1966,912],"class_list":{"0":"post-17159","1":"product","2":"type-product","3":"status-publish","4":"has-post-thumbnail","6":"product_brand-magellan-verlag","7":"product_cat-vorlesen-bilderbuecher-fuer-kinder-regalino","8":"product_cat-buecher-fuer-erwachsene-besondere-lieblingsstuecke-regalino","9":"product_tag-erstleser","10":"product_tag-kinderbuch","11":"product_tag-pferde","12":"product_tag-pony","13":"product_tag-vorlesebuch","15":"first","16":"instock","17":"taxable","18":"shipping-taxable","19":"purchasable","20":"product-type-simple"},"yoast_head":"<!-- This site is optimized with the Yoast SEO plugin v27.5 - https:\/\/yoast.com\/product\/yoast-seo-wordpress\/ -->\n<title>Wunschb\u00fcro Edda - Eine Kiste voller W\u00fcnsche - Regalino -Lively Style<\/title>\n<meta name=\"description\" content=\"Hier dreht sich alles um Zweibeiner, W\u00fcnsche und Freundschaft\" \/>\n<meta name=\"robots\" content=\"index, follow, max-snippet:-1, max-image-preview:large, max-video-preview:-1\" \/>\n<link rel=\"canonical\" href=\"https:\/\/Regalino-Shop.de\/?product=wunschbuero-edda-eine-kiste-voller-wuensche\" \/>\n<meta property=\"og:locale\" content=\"de_DE\" \/>\n<meta property=\"og:type\" content=\"article\" \/>\n<meta property=\"og:title\" content=\"Wunschb\u00fcro Edda - Eine Kiste voller W\u00fcnsche - Regalino -Lively Style\" \/>\n<meta property=\"og:description\" content=\"Hier dreht sich alles um Zweibeiner, W\u00fcnsche und Freundschaft\" \/>\n<meta property=\"og:url\" content=\"https:\/\/Regalino-Shop.de\/?product=wunschbuero-edda-eine-kiste-voller-wuensche\" \/>\n<meta property=\"og:site_name\" content=\"Regalino -Lively Style\" \/>\n<meta property=\"article:modified_time\" content=\"2025-10-14T10:04:17+00:00\" \/>\n<meta property=\"og:image\" content=\"https:\/\/Regalino-Shop.de\/wp-content\/uploads\/2025\/10\/Buch-Edda-Kiste-voller-Wuensche-Pferde-Pony-cover.jpg\" \/>\n\t<meta property=\"og:image:width\" content=\"1000\" \/>\n\t<meta property=\"og:image:height\" content=\"1510\" \/>\n\t<meta property=\"og:image:type\" content=\"image\/jpeg\" \/>\n<meta name=\"twitter:card\" content=\"summary_large_image\" \/>\n<meta name=\"twitter:label1\" content=\"Gesch\u00e4tzte Lesezeit\" \/>\n\t<meta name=\"twitter:data1\" content=\"1\u00a0Minute\" \/>\n<script type=\"application\/ld+json\" class=\"yoast-schema-graph\">{\"@context\":\"https:\\\/\\\/schema.org\",\"@graph\":[{\"@type\":\"WebPage\",\"@id\":\"https:\\\/\\\/Regalino-Shop.de\\\/?product=wunschbuero-edda-eine-kiste-voller-wuensche\",\"url\":\"https:\\\/\\\/Regalino-Shop.de\\\/?product=wunschbuero-edda-eine-kiste-voller-wuensche\",\"name\":\"Wunschb\u00fcro Edda - Eine Kiste voller W\u00fcnsche - Regalino -Lively Style\",\"isPartOf\":{\"@id\":\"https:\\\/\\\/Regalino-Shop.de\\\/#website\"},\"primaryImageOfPage\":{\"@id\":\"https:\\\/\\\/Regalino-Shop.de\\\/?product=wunschbuero-edda-eine-kiste-voller-wuensche#primaryimage\"},\"image\":{\"@id\":\"https:\\\/\\\/Regalino-Shop.de\\\/?product=wunschbuero-edda-eine-kiste-voller-wuensche#primaryimage\"},\"thumbnailUrl\":\"https:\\\/\\\/Regalino-Shop.de\\\/wp-content\\\/uploads\\\/2025\\\/10\\\/Buch-Edda-Kiste-voller-Wuensche-Pferde-Pony-cover.jpg\",\"datePublished\":\"2025-10-14T10:04:16+00:00\",\"dateModified\":\"2025-10-14T10:04:17+00:00\",\"description\":\"Hier dreht sich alles um Zweibeiner, W\u00fcnsche und Freundschaft\",\"breadcrumb\":{\"@id\":\"https:\\\/\\\/Regalino-Shop.de\\\/?product=wunschbuero-edda-eine-kiste-voller-wuensche#breadcrumb\"},\"inLanguage\":\"de\",\"potentialAction\":[{\"@type\":\"ReadAction\",\"target\":[\"https:\\\/\\\/Regalino-Shop.de\\\/?product=wunschbuero-edda-eine-kiste-voller-wuensche\"]}]},{\"@type\":\"ImageObject\",\"inLanguage\":\"de\",\"@id\":\"https:\\\/\\\/Regalino-Shop.de\\\/?product=wunschbuero-edda-eine-kiste-voller-wuensche#primaryimage\",\"url\":\"https:\\\/\\\/Regalino-Shop.de\\\/wp-content\\\/uploads\\\/2025\\\/10\\\/Buch-Edda-Kiste-voller-Wuensche-Pferde-Pony-cover.jpg\",\"contentUrl\":\"https:\\\/\\\/Regalino-Shop.de\\\/wp-content\\\/uploads\\\/2025\\\/10\\\/Buch-Edda-Kiste-voller-Wuensche-Pferde-Pony-cover.jpg\",\"width\":1000,\"height\":1510,\"caption\":\"Pferdebuch\"},{\"@type\":\"BreadcrumbList\",\"@id\":\"https:\\\/\\\/Regalino-Shop.de\\\/?product=wunschbuero-edda-eine-kiste-voller-wuensche#breadcrumb\",\"itemListElement\":[{\"@type\":\"ListItem\",\"position\":1,\"name\":\"Startseite\",\"item\":\"https:\\\/\\\/Regalino-Shop.de\\\/\"},{\"@type\":\"ListItem\",\"position\":2,\"name\":\"Shop\",\"item\":\"https:\\\/\\\/Regalino-Shop.de\\\/?page_id=40\"},{\"@type\":\"ListItem\",\"position\":3,\"name\":\"Wunschb\u00fcro Edda &#8211; Eine Kiste voller W\u00fcnsche\"}]},{\"@type\":\"WebSite\",\"@id\":\"https:\\\/\\\/Regalino-Shop.de\\\/#website\",\"url\":\"https:\\\/\\\/Regalino-Shop.de\\\/\",\"name\":\"Regalino -Lively Style\",\"description\":\"gelebtes Zuhause\",\"potentialAction\":[{\"@type\":\"SearchAction\",\"target\":{\"@type\":\"EntryPoint\",\"urlTemplate\":\"https:\\\/\\\/Regalino-Shop.de\\\/?s={search_term_string}\"},\"query-input\":{\"@type\":\"PropertyValueSpecification\",\"valueRequired\":true,\"valueName\":\"search_term_string\"}}],\"inLanguage\":\"de\"}]}<\/script>\n<!-- \/ Yoast SEO plugin. -->","yoast_head_json":{"title":"Wunschb\u00fcro Edda - Eine Kiste voller W\u00fcnsche - Regalino -Lively Style","description":"Hier dreht sich alles um Zweibeiner, W\u00fcnsche und Freundschaft","robots":{"index":"index","follow":"follow","max-snippet":"max-snippet:-1","max-image-preview":"max-image-preview:large","max-video-preview":"max-video-preview:-1"},"canonical":"https:\/\/Regalino-Shop.de\/?product=wunschbuero-edda-eine-kiste-voller-wuensche","og_locale":"de_DE","og_type":"article","og_title":"Wunschb\u00fcro Edda - Eine Kiste voller W\u00fcnsche - Regalino -Lively Style","og_description":"Hier dreht sich alles um Zweibeiner, W\u00fcnsche und Freundschaft","og_url":"https:\/\/Regalino-Shop.de\/?product=wunschbuero-edda-eine-kiste-voller-wuensche","og_site_name":"Regalino -Lively Style","article_modified_time":"2025-10-14T10:04:17+00:00","og_image":[{"width":1000,"height":1510,"url":"https:\/\/Regalino-Shop.de\/wp-content\/uploads\/2025\/10\/Buch-Edda-Kiste-voller-Wuensche-Pferde-Pony-cover.jpg","type":"image\/jpeg"}],"twitter_card":"summary_large_image","twitter_misc":{"Gesch\u00e4tzte Lesezeit":"1\u00a0Minute"},"schema":{"@context":"https:\/\/schema.org","@graph":[{"@type":"WebPage","@id":"https:\/\/Regalino-Shop.de\/?product=wunschbuero-edda-eine-kiste-voller-wuensche","url":"https:\/\/Regalino-Shop.de\/?product=wunschbuero-edda-eine-kiste-voller-wuensche","name":"Wunschb\u00fcro Edda - Eine Kiste voller W\u00fcnsche - Regalino -Lively Style","isPartOf":{"@id":"https:\/\/Regalino-Shop.de\/#website"},"primaryImageOfPage":{"@id":"https:\/\/Regalino-Shop.de\/?product=wunschbuero-edda-eine-kiste-voller-wuensche#primaryimage"},"image":{"@id":"https:\/\/Regalino-Shop.de\/?product=wunschbuero-edda-eine-kiste-voller-wuensche#primaryimage"},"thumbnailUrl":"https:\/\/Regalino-Shop.de\/wp-content\/uploads\/2025\/10\/Buch-Edda-Kiste-voller-Wuensche-Pferde-Pony-cover.jpg","datePublished":"2025-10-14T10:04:16+00:00","dateModified":"2025-10-14T10:04:17+00:00","description":"Hier dreht sich alles um Zweibeiner, W\u00fcnsche und Freundschaft","breadcrumb":{"@id":"https:\/\/Regalino-Shop.de\/?product=wunschbuero-edda-eine-kiste-voller-wuensche#breadcrumb"},"inLanguage":"de","potentialAction":[{"@type":"ReadAction","target":["https:\/\/Regalino-Shop.de\/?product=wunschbuero-edda-eine-kiste-voller-wuensche"]}]},{"@type":"ImageObject","inLanguage":"de","@id":"https:\/\/Regalino-Shop.de\/?product=wunschbuero-edda-eine-kiste-voller-wuensche#primaryimage","url":"https:\/\/Regalino-Shop.de\/wp-content\/uploads\/2025\/10\/Buch-Edda-Kiste-voller-Wuensche-Pferde-Pony-cover.jpg","contentUrl":"https:\/\/Regalino-Shop.de\/wp-content\/uploads\/2025\/10\/Buch-Edda-Kiste-voller-Wuensche-Pferde-Pony-cover.jpg","width":1000,"height":1510,"caption":"Pferdebuch"},{"@type":"BreadcrumbList","@id":"https:\/\/Regalino-Shop.de\/?product=wunschbuero-edda-eine-kiste-voller-wuensche#breadcrumb","itemListElement":[{"@type":"ListItem","position":1,"name":"Startseite","item":"https:\/\/Regalino-Shop.de\/"},{"@type":"ListItem","position":2,"name":"Shop","item":"https:\/\/Regalino-Shop.de\/?page_id=40"},{"@type":"ListItem","position":3,"name":"Wunschb\u00fcro Edda &#8211; Eine Kiste voller W\u00fcnsche"}]},{"@type":"WebSite","@id":"https:\/\/Regalino-Shop.de\/#website","url":"https:\/\/Regalino-Shop.de\/","name":"Regalino -Lively Style","description":"gelebtes Zuhause","potentialAction":[{"@type":"SearchAction","target":{"@type":"EntryPoint","urlTemplate":"https:\/\/Regalino-Shop.de\/?s={search_term_string}"},"query-input":{"@type":"PropertyValueSpecification","valueRequired":true,"valueName":"search_term_string"}}],"inLanguage":"de"}]}},"_links":{"self":[{"href":"https:\/\/Regalino-Shop.de\/index.php?rest_route=\/wp\/v2\/product\/17159","targetHints":{"allow":["GET"]}}],"collection":[{"href":"https:\/\/Regalino-Shop.de\/index.php?rest_route=\/wp\/v2\/product"}],"about":[{"href":"https:\/\/Regalino-Shop.de\/index.php?rest_route=\/wp\/v2\/types\/product"}],"wp:featuredmedia":[{"embeddable":true,"href":"https:\/\/Regalino-Shop.de\/index.php?rest_route=\/wp\/v2\/media\/17160"}],"wp:attachment":[{"href":"https:\/\/Regalino-Shop.de\/index.php?rest_route=%2Fwp%2Fv2%2Fmedia&parent=17159"}],"wp:term":[{"taxonomy":"product_brand","embeddable":true,"href":"https:\/\/Regalino-Shop.de\/index.php?rest_route=%2Fwp%2Fv2%2Fproduct_brand&post=17159"},{"taxonomy":"product_cat","embeddable":true,"href":"https:\/\/Regalino-Shop.de\/index.php?rest_route=%2Fwp%2Fv2%2Fproduct_cat&post=17159"},{"taxonomy":"product_tag","embeddable":true,"href":"https:\/\/Regalino-Shop.de\/index.php?rest_route=%2Fwp%2Fv2%2Fproduct_tag&post=17159"}],"curies":[{"name":"wp","href":"https:\/\/api.w.org\/{rel}","templated":true}]}}