{"id":17227,"date":"2025-10-17T14:02:55","date_gmt":"2025-10-17T14:02:55","guid":{"rendered":"https:\/\/Regalino-Shop.de\/?post_type=product&#038;p=17227"},"modified":"2025-12-09T16:43:39","modified_gmt":"2025-12-09T16:43:39","slug":"homefarming-das-kochbuch-von-judith-rakers","status":"publish","type":"product","link":"https:\/\/Regalino-Shop.de\/?product=homefarming-das-kochbuch-von-judith-rakers","title":{"rendered":"Homefarming *Das Kochbuch* von Judith Rakers"},"content":{"rendered":"","protected":false},"excerpt":{"rendered":"<div class=\"_1FTz3 fggS- cell\">\n<section class=\"_2RbVQ\" data-hook=\"description-wrapper\">\n<div class=\"_3nbVj\">\n<div class=\"_3cRjW\" data-hook=\"content-wrapper\">\n<h3><strong>Mehr als 100 Rezepte f\u00fcr Anf\u00e4nger und Fortgeschrittene<\/strong><\/h3>\n<p>Mit Tabellen Monat f\u00fcr Monat um auf einen Blick zu sehen, was ihr in dem entsprechenden Monaten auss\u00e4en und pflanzen k\u00f6nnt, damit es dann eben zur richtigen Zeit erntereif ist.<\/p>\n<p>Also f\u00fcr jede Zeit im Jahr Rezepte f\u00fcr\u00a0Smoothies, Aufstriche, Suppen\u00a0und\u00a0Salate\u00a0bis hin zu\u00a0Pasta, Aufl\u00e4ufen, Desserts\u00a0und leckeren Ideen f\u00fcr den\u00a0Vorrat.<\/p>\n<p>Hier wird vom Anf\u00e4nger bis zum Fortgeschrittenen garantiert jeder f\u00fcndig, denn auch Profi-K\u00f6che haben ihre liebsten Homefarming-Gerichte verraten.<\/p>\n<p>Mach\u2019s Dir lecker zu Hause! Das Kochbuch startet mit dem Monat M\u00e4rz, einem\u00a0kargen Monat, was die Ausbeute im eigenen Beet betrifft. Umso wichtiger ist jetzt die Einsaat und Vorzucht des Gem\u00fcses, das in diesem Jahr geerntet werden soll. Denn g\u00e4rtnerisch geht es jetzt richtig los, woran Judith Rakers euch im Buch erinnert. Die Rezepte f\u00fcr den Fr\u00fchling arbeiten mit den Zutaten, die jetzt schon verf\u00fcgbar sind\u00a0und die wir noch im Vorrat haben.<\/p>\n<div class=\"x-row e184-e163 m54-e m54-i m54-m m54-n m54-o m54-p m54-z m54-1b\">\n<div class=\"x-row-inner\">\n<div class=\"x-col e184-e164 m54-28 m54-29\">\n<ul>\n<li class=\"x-text x-content e184-e165 m54-3k m54-3l m54-3n m54-3p m54-3z m54-40 m54-44 m54-46 m54-4a m54-4d m54-4e m54-4g\">ISBN: 9783833887505<\/li>\n<li class=\"x-text x-content e184-e165 m54-3k m54-3l m54-3n m54-3p m54-3z m54-40 m54-44 m54-46 m54-4a m54-4d m54-4e m54-4g\">Seitenzahl 276<\/li>\n<\/ul>\n<p>Lieferumfang: 1 Kochbuch ohne weitere Dekoration<\/p>\n<\/div>\n<\/div>\n<\/div>\n<\/div>\n<\/div>\n<\/section>\n<\/div>\n","protected":false},"featured_media":17228,"template":"","meta":{"_et_pb_use_builder":"","_et_pb_old_content":"","_et_gb_content_width":""},"product_brand":[1970],"product_cat":[96],"product_tag":[1972,1157,1367,341,1971,277],"class_list":{"0":"post-17227","1":"product","2":"type-product","3":"status-publish","4":"has-post-thumbnail","6":"product_brand-homefarming","7":"product_cat-buecher-fuer-erwachsene-besondere-lieblingsstuecke-regalino","8":"product_tag-gartenfan","9":"product_tag-gemuese","10":"product_tag-hochbeet","11":"product_tag-kochbuch","12":"product_tag-saatgut","13":"product_tag-weihnachtsgeschenk","15":"first","16":"instock","17":"taxable","18":"shipping-taxable","19":"purchasable","20":"product-type-simple"},"yoast_head":"<!-- This site is optimized with the Yoast SEO plugin v27.5 - https:\/\/yoast.com\/product\/yoast-seo-wordpress\/ -->\n<title>Homefarming *Das Kochbuch* von Judith Rakers - Regalino -Lively Style<\/title>\n<meta name=\"description\" content=\"Mehr als 100 Rezepte f\u00fcr Anf\u00e4nger und Fortgeschrittene - Mit Tabellen Monat f\u00fcr Monat\" \/>\n<meta name=\"robots\" content=\"index, follow, max-snippet:-1, max-image-preview:large, max-video-preview:-1\" \/>\n<link rel=\"canonical\" href=\"https:\/\/Regalino-Shop.de\/?product=homefarming-das-kochbuch-von-judith-rakers\" \/>\n<meta property=\"og:locale\" content=\"de_DE\" \/>\n<meta property=\"og:type\" content=\"article\" \/>\n<meta property=\"og:title\" content=\"Homefarming *Das Kochbuch* von Judith Rakers - Regalino -Lively Style\" \/>\n<meta property=\"og:description\" content=\"Mehr als 100 Rezepte f\u00fcr Anf\u00e4nger und Fortgeschrittene - Mit Tabellen Monat f\u00fcr Monat\" \/>\n<meta property=\"og:url\" content=\"https:\/\/Regalino-Shop.de\/?product=homefarming-das-kochbuch-von-judith-rakers\" \/>\n<meta property=\"og:site_name\" content=\"Regalino -Lively Style\" \/>\n<meta property=\"article:modified_time\" content=\"2025-12-09T16:43:39+00:00\" \/>\n<meta property=\"og:image\" content=\"https:\/\/Regalino-Shop.de\/wp-content\/uploads\/2025\/10\/Kochbuch-homefarming-Rakers-cover.jpg\" \/>\n\t<meta property=\"og:image:width\" content=\"1000\" \/>\n\t<meta property=\"og:image:height\" content=\"1000\" \/>\n\t<meta property=\"og:image:type\" content=\"image\/jpeg\" \/>\n<meta name=\"twitter:card\" content=\"summary_large_image\" \/>\n<meta name=\"twitter:label1\" content=\"Gesch\u00e4tzte Lesezeit\" \/>\n\t<meta name=\"twitter:data1\" content=\"1\u00a0Minute\" \/>\n<script type=\"application\/ld+json\" class=\"yoast-schema-graph\">{\"@context\":\"https:\\\/\\\/schema.org\",\"@graph\":[{\"@type\":\"WebPage\",\"@id\":\"https:\\\/\\\/Regalino-Shop.de\\\/?product=homefarming-das-kochbuch-von-judith-rakers\",\"url\":\"https:\\\/\\\/Regalino-Shop.de\\\/?product=homefarming-das-kochbuch-von-judith-rakers\",\"name\":\"Homefarming *Das Kochbuch* von Judith Rakers - Regalino -Lively Style\",\"isPartOf\":{\"@id\":\"https:\\\/\\\/Regalino-Shop.de\\\/#website\"},\"primaryImageOfPage\":{\"@id\":\"https:\\\/\\\/Regalino-Shop.de\\\/?product=homefarming-das-kochbuch-von-judith-rakers#primaryimage\"},\"image\":{\"@id\":\"https:\\\/\\\/Regalino-Shop.de\\\/?product=homefarming-das-kochbuch-von-judith-rakers#primaryimage\"},\"thumbnailUrl\":\"https:\\\/\\\/Regalino-Shop.de\\\/wp-content\\\/uploads\\\/2025\\\/10\\\/Kochbuch-homefarming-Rakers-cover.jpg\",\"datePublished\":\"2025-10-17T14:02:55+00:00\",\"dateModified\":\"2025-12-09T16:43:39+00:00\",\"description\":\"Mehr als 100 Rezepte f\u00fcr Anf\u00e4nger und Fortgeschrittene - Mit Tabellen Monat f\u00fcr Monat\",\"breadcrumb\":{\"@id\":\"https:\\\/\\\/Regalino-Shop.de\\\/?product=homefarming-das-kochbuch-von-judith-rakers#breadcrumb\"},\"inLanguage\":\"de\",\"potentialAction\":[{\"@type\":\"ReadAction\",\"target\":[\"https:\\\/\\\/Regalino-Shop.de\\\/?product=homefarming-das-kochbuch-von-judith-rakers\"]}]},{\"@type\":\"ImageObject\",\"inLanguage\":\"de\",\"@id\":\"https:\\\/\\\/Regalino-Shop.de\\\/?product=homefarming-das-kochbuch-von-judith-rakers#primaryimage\",\"url\":\"https:\\\/\\\/Regalino-Shop.de\\\/wp-content\\\/uploads\\\/2025\\\/10\\\/Kochbuch-homefarming-Rakers-cover.jpg\",\"contentUrl\":\"https:\\\/\\\/Regalino-Shop.de\\\/wp-content\\\/uploads\\\/2025\\\/10\\\/Kochbuch-homefarming-Rakers-cover.jpg\",\"width\":1000,\"height\":1000,\"caption\":\"Kochbuch\"},{\"@type\":\"BreadcrumbList\",\"@id\":\"https:\\\/\\\/Regalino-Shop.de\\\/?product=homefarming-das-kochbuch-von-judith-rakers#breadcrumb\",\"itemListElement\":[{\"@type\":\"ListItem\",\"position\":1,\"name\":\"Startseite\",\"item\":\"https:\\\/\\\/Regalino-Shop.de\\\/\"},{\"@type\":\"ListItem\",\"position\":2,\"name\":\"Shop\",\"item\":\"https:\\\/\\\/Regalino-Shop.de\\\/?page_id=40\"},{\"@type\":\"ListItem\",\"position\":3,\"name\":\"Homefarming *Das Kochbuch* von Judith Rakers\"}]},{\"@type\":\"WebSite\",\"@id\":\"https:\\\/\\\/Regalino-Shop.de\\\/#website\",\"url\":\"https:\\\/\\\/Regalino-Shop.de\\\/\",\"name\":\"Regalino -Lively Style\",\"description\":\"gelebtes Zuhause\",\"potentialAction\":[{\"@type\":\"SearchAction\",\"target\":{\"@type\":\"EntryPoint\",\"urlTemplate\":\"https:\\\/\\\/Regalino-Shop.de\\\/?s={search_term_string}\"},\"query-input\":{\"@type\":\"PropertyValueSpecification\",\"valueRequired\":true,\"valueName\":\"search_term_string\"}}],\"inLanguage\":\"de\"}]}<\/script>\n<!-- \/ Yoast SEO plugin. -->","yoast_head_json":{"title":"Homefarming *Das Kochbuch* von Judith Rakers - Regalino -Lively Style","description":"Mehr als 100 Rezepte f\u00fcr Anf\u00e4nger und Fortgeschrittene - Mit Tabellen Monat f\u00fcr Monat","robots":{"index":"index","follow":"follow","max-snippet":"max-snippet:-1","max-image-preview":"max-image-preview:large","max-video-preview":"max-video-preview:-1"},"canonical":"https:\/\/Regalino-Shop.de\/?product=homefarming-das-kochbuch-von-judith-rakers","og_locale":"de_DE","og_type":"article","og_title":"Homefarming *Das Kochbuch* von Judith Rakers - Regalino -Lively Style","og_description":"Mehr als 100 Rezepte f\u00fcr Anf\u00e4nger und Fortgeschrittene - Mit Tabellen Monat f\u00fcr Monat","og_url":"https:\/\/Regalino-Shop.de\/?product=homefarming-das-kochbuch-von-judith-rakers","og_site_name":"Regalino -Lively Style","article_modified_time":"2025-12-09T16:43:39+00:00","og_image":[{"width":1000,"height":1000,"url":"https:\/\/Regalino-Shop.de\/wp-content\/uploads\/2025\/10\/Kochbuch-homefarming-Rakers-cover.jpg","type":"image\/jpeg"}],"twitter_card":"summary_large_image","twitter_misc":{"Gesch\u00e4tzte Lesezeit":"1\u00a0Minute"},"schema":{"@context":"https:\/\/schema.org","@graph":[{"@type":"WebPage","@id":"https:\/\/Regalino-Shop.de\/?product=homefarming-das-kochbuch-von-judith-rakers","url":"https:\/\/Regalino-Shop.de\/?product=homefarming-das-kochbuch-von-judith-rakers","name":"Homefarming *Das Kochbuch* von Judith Rakers - Regalino -Lively Style","isPartOf":{"@id":"https:\/\/Regalino-Shop.de\/#website"},"primaryImageOfPage":{"@id":"https:\/\/Regalino-Shop.de\/?product=homefarming-das-kochbuch-von-judith-rakers#primaryimage"},"image":{"@id":"https:\/\/Regalino-Shop.de\/?product=homefarming-das-kochbuch-von-judith-rakers#primaryimage"},"thumbnailUrl":"https:\/\/Regalino-Shop.de\/wp-content\/uploads\/2025\/10\/Kochbuch-homefarming-Rakers-cover.jpg","datePublished":"2025-10-17T14:02:55+00:00","dateModified":"2025-12-09T16:43:39+00:00","description":"Mehr als 100 Rezepte f\u00fcr Anf\u00e4nger und Fortgeschrittene - Mit Tabellen Monat f\u00fcr Monat","breadcrumb":{"@id":"https:\/\/Regalino-Shop.de\/?product=homefarming-das-kochbuch-von-judith-rakers#breadcrumb"},"inLanguage":"de","potentialAction":[{"@type":"ReadAction","target":["https:\/\/Regalino-Shop.de\/?product=homefarming-das-kochbuch-von-judith-rakers"]}]},{"@type":"ImageObject","inLanguage":"de","@id":"https:\/\/Regalino-Shop.de\/?product=homefarming-das-kochbuch-von-judith-rakers#primaryimage","url":"https:\/\/Regalino-Shop.de\/wp-content\/uploads\/2025\/10\/Kochbuch-homefarming-Rakers-cover.jpg","contentUrl":"https:\/\/Regalino-Shop.de\/wp-content\/uploads\/2025\/10\/Kochbuch-homefarming-Rakers-cover.jpg","width":1000,"height":1000,"caption":"Kochbuch"},{"@type":"BreadcrumbList","@id":"https:\/\/Regalino-Shop.de\/?product=homefarming-das-kochbuch-von-judith-rakers#breadcrumb","itemListElement":[{"@type":"ListItem","position":1,"name":"Startseite","item":"https:\/\/Regalino-Shop.de\/"},{"@type":"ListItem","position":2,"name":"Shop","item":"https:\/\/Regalino-Shop.de\/?page_id=40"},{"@type":"ListItem","position":3,"name":"Homefarming *Das Kochbuch* von Judith Rakers"}]},{"@type":"WebSite","@id":"https:\/\/Regalino-Shop.de\/#website","url":"https:\/\/Regalino-Shop.de\/","name":"Regalino -Lively Style","description":"gelebtes Zuhause","potentialAction":[{"@type":"SearchAction","target":{"@type":"EntryPoint","urlTemplate":"https:\/\/Regalino-Shop.de\/?s={search_term_string}"},"query-input":{"@type":"PropertyValueSpecification","valueRequired":true,"valueName":"search_term_string"}}],"inLanguage":"de"}]}},"_links":{"self":[{"href":"https:\/\/Regalino-Shop.de\/index.php?rest_route=\/wp\/v2\/product\/17227","targetHints":{"allow":["GET"]}}],"collection":[{"href":"https:\/\/Regalino-Shop.de\/index.php?rest_route=\/wp\/v2\/product"}],"about":[{"href":"https:\/\/Regalino-Shop.de\/index.php?rest_route=\/wp\/v2\/types\/product"}],"wp:featuredmedia":[{"embeddable":true,"href":"https:\/\/Regalino-Shop.de\/index.php?rest_route=\/wp\/v2\/media\/17228"}],"wp:attachment":[{"href":"https:\/\/Regalino-Shop.de\/index.php?rest_route=%2Fwp%2Fv2%2Fmedia&parent=17227"}],"wp:term":[{"taxonomy":"product_brand","embeddable":true,"href":"https:\/\/Regalino-Shop.de\/index.php?rest_route=%2Fwp%2Fv2%2Fproduct_brand&post=17227"},{"taxonomy":"product_cat","embeddable":true,"href":"https:\/\/Regalino-Shop.de\/index.php?rest_route=%2Fwp%2Fv2%2Fproduct_cat&post=17227"},{"taxonomy":"product_tag","embeddable":true,"href":"https:\/\/Regalino-Shop.de\/index.php?rest_route=%2Fwp%2Fv2%2Fproduct_tag&post=17227"}],"curies":[{"name":"wp","href":"https:\/\/api.w.org\/{rel}","templated":true}]}}