{"id":17340,"date":"2025-11-02T13:00:42","date_gmt":"2025-11-02T13:00:42","guid":{"rendered":"https:\/\/Regalino-Shop.de\/?post_type=product&#038;p=17340"},"modified":"2026-04-22T12:36:35","modified_gmt":"2026-04-22T12:36:35","slug":"dekokissen-retro-bloom-bestickt-40x60-baumwolle-scandi-boho-regalino","status":"publish","type":"product","link":"https:\/\/Regalino-Shop.de\/?product=dekokissen-retro-bloom-bestickt-40x60-baumwolle-scandi-boho-regalino","title":{"rendered":"besticktes Kissen *Circle of Flowers* incl. Inlet von byroom"},"content":{"rendered":"","protected":false},"excerpt":{"rendered":"<h3 data-start=\"491\" data-end=\"835\">Bringe nat\u00fcrlichen Charme und liebevolle Handarbeit in deine Wohnr\u00e4ume!<\/h3>\n<p data-start=\"470\" data-end=\"783\">Das Dekokissen <strong>\u201eCircle of Flowers\u201c <\/strong>begeistert durch sein detailreiches florales Design in warmen Naturt\u00f6nen wie Ros\u00e9, Waldgr\u00fcn, Terrakotta und Beige. Die hochwertige Stickerei verleiht Struktur, Tiefe und einen luxuri\u00f6sen, handwerklichen Look.<\/p>\n<p data-start=\"785\" data-end=\"1018\">Der l\u00e4ngliche 40\u00d760-Schnitt macht es perfekt als Akzentkissen \u2013 ob im Wohnzimmer, Schlafzimmer oder Kuschelbereich. Ein echtes Lieblingsst\u00fcck f\u00fcr alle, die den Mix aus Scandi-Stil, Boho-Elementen und nat\u00fcrlicher Gem\u00fctlichkeit lieben.<\/p>\n<ul>\n<li data-start=\"1079\" data-end=\"1132\">\n<p data-start=\"1081\" data-end=\"1132\"><strong data-start=\"1081\" data-end=\"1092\">Design:<\/strong> florales Stickmuster, nordischer Stil<\/p>\n<\/li>\n<li data-start=\"1133\" data-end=\"1158\">\n<p data-start=\"1135\" data-end=\"1158\"><strong data-start=\"1135\" data-end=\"1145\">Gr\u00f6\u00dfe:<\/strong> 60\u00d7 40 cm<\/p>\n<\/li>\n<li data-start=\"1159\" data-end=\"1191\">\n<p data-start=\"1161\" data-end=\"1191\"><strong data-start=\"1161\" data-end=\"1174\">Material H\u00fclle :<\/strong> 100% Baumwolle<\/p>\n<\/li>\n<li data-start=\"1192\" data-end=\"1253\">\n<p data-start=\"1194\" data-end=\"1253\"><strong data-start=\"1194\" data-end=\"1206\">F\u00fcllung:<\/strong>\u00a0 mit Entenfedern<\/p>\n<\/li>\n<li data-start=\"1254\" data-end=\"1317\">\n<p data-start=\"1256\" data-end=\"1317\"><strong data-start=\"1256\" data-end=\"1266\">Farbe:<\/strong> Naturwei\u00df mit Stickerei in Gr\u00fcn, Ros\u00e9 &amp; Erdt\u00f6nen<\/p>\n<\/li>\n<li data-start=\"1318\" data-end=\"1376\">\n<p data-start=\"1320\" data-end=\"1376\"><strong data-start=\"1320\" data-end=\"1331\">Pflege:<\/strong> sanfte Handw\u00e4sche \/ nur punktuell reinigen<\/p>\n<\/li>\n<li data-start=\"1377\" data-end=\"1516\">\n<p data-start=\"1379\" data-end=\"1400\"><strong data-start=\"1379\" data-end=\"1398\">Besonderheiten:<\/strong><\/p>\n<ul data-start=\"1403\" data-end=\"1516\">\n<li data-start=\"1403\" data-end=\"1430\">\n<p data-start=\"1405\" data-end=\"1430\">aufwendig handgefertigt<\/p>\n<\/li>\n<li data-start=\"1433\" data-end=\"1474\">\n<p data-start=\"1435\" data-end=\"1474\">hochwertiger, texturierter Stick-Look<\/p>\n<\/li>\n<li data-start=\"1477\" data-end=\"1516\">\n<p data-start=\"1479\" data-end=\"1516\">langlebige, dichte Baumwollqualit\u00e4t<\/p>\n<\/li>\n<\/ul>\n<\/li>\n<\/ul>\n<p>Lieferung incl. Inlet<\/p>\n","protected":false},"featured_media":17371,"template":"","meta":{"_et_pb_use_builder":"","_et_pb_old_content":"","_et_gb_content_width":""},"product_brand":[1887],"product_cat":[3068,3067,57,68],"product_tag":[2038,2040,2039,2042,2044,2035,2043,2036,2037,2041],"class_list":{"0":"post-17340","1":"product","2":"type-product","3":"status-publish","4":"has-post-thumbnail","6":"product_brand-by-room-scandinavian-living","7":"product_cat-fuer-mama-oma","8":"product_cat-geschenkideen","9":"product_cat-neu-eingetroffen-neue-lieblingsstuecke-bei-regalino","10":"product_cat-wohntextilien-fuer-ein-stilvolles-zuhause-regalino","11":"product_tag-40x60-kissen","12":"product_tag-baumwolle","13":"product_tag-besticktes-kissen","14":"product_tag-blumendesign","15":"product_tag-hygge-home","16":"product_tag-naturfarben","17":"product_tag-regalino-home","18":"product_tag-retro-kissen","19":"product_tag-skandi-boho-kissen","20":"product_tag-wohnzimmerkissen","22":"first","23":"instock","24":"taxable","25":"shipping-taxable","26":"purchasable","27":"product-type-simple"},"yoast_head":"<!-- This site is optimized with the Yoast SEO plugin v27.5 - https:\/\/yoast.com\/product\/yoast-seo-wordpress\/ -->\n<title>besticktes Kissen *Circle of Flowers* incl. Inlet von byroom - Regalino -Lively Style<\/title>\n<meta name=\"description\" content=\"Handgesticktes Kissen im Nordic-Boho-Stil. Baumwolle, florales Muster in Naturt\u00f6nen. Perfekt f\u00fcr gem\u00fctliches Wohnen &amp; skandinavisches Interior. 60\u00d740 cm\" \/>\n<meta name=\"robots\" content=\"index, follow, max-snippet:-1, max-image-preview:large, max-video-preview:-1\" \/>\n<link rel=\"canonical\" href=\"https:\/\/Regalino-Shop.de\/?product=dekokissen-retro-bloom-bestickt-40x60-baumwolle-scandi-boho-regalino\" \/>\n<meta property=\"og:locale\" content=\"de_DE\" \/>\n<meta property=\"og:type\" content=\"article\" \/>\n<meta property=\"og:title\" content=\"besticktes Kissen *Circle of Flowers* incl. Inlet von byroom - Regalino -Lively Style\" \/>\n<meta property=\"og:description\" content=\"Handgesticktes Kissen im Nordic-Boho-Stil. Baumwolle, florales Muster in Naturt\u00f6nen. Perfekt f\u00fcr gem\u00fctliches Wohnen &amp; skandinavisches Interior. 60\u00d740 cm\" \/>\n<meta property=\"og:url\" content=\"https:\/\/Regalino-Shop.de\/?product=dekokissen-retro-bloom-bestickt-40x60-baumwolle-scandi-boho-regalino\" \/>\n<meta property=\"og:site_name\" content=\"Regalino -Lively Style\" \/>\n<meta property=\"article:modified_time\" content=\"2026-04-22T12:36:35+00:00\" \/>\n<meta property=\"og:image\" content=\"https:\/\/Regalino-Shop.de\/wp-content\/uploads\/2025\/11\/Kissen-byroom-circle-flowers-mood.webp\" \/>\n\t<meta property=\"og:image:width\" content=\"1536\" \/>\n\t<meta property=\"og:image:height\" content=\"1024\" \/>\n\t<meta property=\"og:image:type\" content=\"image\/webp\" \/>\n<meta name=\"twitter:card\" content=\"summary_large_image\" \/>\n<meta name=\"twitter:label1\" content=\"Gesch\u00e4tzte Lesezeit\" \/>\n\t<meta name=\"twitter:data1\" content=\"1\u00a0Minute\" \/>\n<script type=\"application\/ld+json\" class=\"yoast-schema-graph\">{\"@context\":\"https:\\\/\\\/schema.org\",\"@graph\":[{\"@type\":\"WebPage\",\"@id\":\"https:\\\/\\\/Regalino-Shop.de\\\/?product=dekokissen-retro-bloom-bestickt-40x60-baumwolle-scandi-boho-regalino\",\"url\":\"https:\\\/\\\/Regalino-Shop.de\\\/?product=dekokissen-retro-bloom-bestickt-40x60-baumwolle-scandi-boho-regalino\",\"name\":\"besticktes Kissen *Circle of Flowers* incl. Inlet von byroom - Regalino -Lively Style\",\"isPartOf\":{\"@id\":\"https:\\\/\\\/Regalino-Shop.de\\\/#website\"},\"primaryImageOfPage\":{\"@id\":\"https:\\\/\\\/Regalino-Shop.de\\\/?product=dekokissen-retro-bloom-bestickt-40x60-baumwolle-scandi-boho-regalino#primaryimage\"},\"image\":{\"@id\":\"https:\\\/\\\/Regalino-Shop.de\\\/?product=dekokissen-retro-bloom-bestickt-40x60-baumwolle-scandi-boho-regalino#primaryimage\"},\"thumbnailUrl\":\"https:\\\/\\\/Regalino-Shop.de\\\/wp-content\\\/uploads\\\/2025\\\/11\\\/Kissen-byroom-circle-flowers-mood.webp\",\"datePublished\":\"2025-11-02T13:00:42+00:00\",\"dateModified\":\"2026-04-22T12:36:35+00:00\",\"description\":\"Handgesticktes Kissen im Nordic-Boho-Stil. Baumwolle, florales Muster in Naturt\u00f6nen. Perfekt f\u00fcr gem\u00fctliches Wohnen & skandinavisches Interior. 60\u00d740 cm\",\"breadcrumb\":{\"@id\":\"https:\\\/\\\/Regalino-Shop.de\\\/?product=dekokissen-retro-bloom-bestickt-40x60-baumwolle-scandi-boho-regalino#breadcrumb\"},\"inLanguage\":\"de\",\"potentialAction\":[{\"@type\":\"ReadAction\",\"target\":[\"https:\\\/\\\/Regalino-Shop.de\\\/?product=dekokissen-retro-bloom-bestickt-40x60-baumwolle-scandi-boho-regalino\"]}]},{\"@type\":\"ImageObject\",\"inLanguage\":\"de\",\"@id\":\"https:\\\/\\\/Regalino-Shop.de\\\/?product=dekokissen-retro-bloom-bestickt-40x60-baumwolle-scandi-boho-regalino#primaryimage\",\"url\":\"https:\\\/\\\/Regalino-Shop.de\\\/wp-content\\\/uploads\\\/2025\\\/11\\\/Kissen-byroom-circle-flowers-mood.webp\",\"contentUrl\":\"https:\\\/\\\/Regalino-Shop.de\\\/wp-content\\\/uploads\\\/2025\\\/11\\\/Kissen-byroom-circle-flowers-mood.webp\",\"width\":1536,\"height\":1024,\"caption\":\"Dekokissen mit floraler Stickerei in warmen Naturt\u00f6nen auf einem beigen Sofa vor einer rustikalen Holzwand. Erdige Farben wie Salbeigr\u00fcn, Terrakotta und Ros\u00e9 bilden ein botanisches Muster im nordischen Stil\"},{\"@type\":\"BreadcrumbList\",\"@id\":\"https:\\\/\\\/Regalino-Shop.de\\\/?product=dekokissen-retro-bloom-bestickt-40x60-baumwolle-scandi-boho-regalino#breadcrumb\",\"itemListElement\":[{\"@type\":\"ListItem\",\"position\":1,\"name\":\"Startseite\",\"item\":\"https:\\\/\\\/Regalino-Shop.de\\\/\"},{\"@type\":\"ListItem\",\"position\":2,\"name\":\"Shop\",\"item\":\"https:\\\/\\\/Regalino-Shop.de\\\/?page_id=40\"},{\"@type\":\"ListItem\",\"position\":3,\"name\":\"besticktes Kissen *Circle of Flowers* incl. Inlet von byroom\"}]},{\"@type\":\"WebSite\",\"@id\":\"https:\\\/\\\/Regalino-Shop.de\\\/#website\",\"url\":\"https:\\\/\\\/Regalino-Shop.de\\\/\",\"name\":\"Regalino -Lively Style\",\"description\":\"gelebtes Zuhause\",\"potentialAction\":[{\"@type\":\"SearchAction\",\"target\":{\"@type\":\"EntryPoint\",\"urlTemplate\":\"https:\\\/\\\/Regalino-Shop.de\\\/?s={search_term_string}\"},\"query-input\":{\"@type\":\"PropertyValueSpecification\",\"valueRequired\":true,\"valueName\":\"search_term_string\"}}],\"inLanguage\":\"de\"}]}<\/script>\n<!-- \/ Yoast SEO plugin. -->","yoast_head_json":{"title":"besticktes Kissen *Circle of Flowers* incl. Inlet von byroom - Regalino -Lively Style","description":"Handgesticktes Kissen im Nordic-Boho-Stil. Baumwolle, florales Muster in Naturt\u00f6nen. Perfekt f\u00fcr gem\u00fctliches Wohnen & skandinavisches Interior. 60\u00d740 cm","robots":{"index":"index","follow":"follow","max-snippet":"max-snippet:-1","max-image-preview":"max-image-preview:large","max-video-preview":"max-video-preview:-1"},"canonical":"https:\/\/Regalino-Shop.de\/?product=dekokissen-retro-bloom-bestickt-40x60-baumwolle-scandi-boho-regalino","og_locale":"de_DE","og_type":"article","og_title":"besticktes Kissen *Circle of Flowers* incl. Inlet von byroom - Regalino -Lively Style","og_description":"Handgesticktes Kissen im Nordic-Boho-Stil. Baumwolle, florales Muster in Naturt\u00f6nen. Perfekt f\u00fcr gem\u00fctliches Wohnen & skandinavisches Interior. 60\u00d740 cm","og_url":"https:\/\/Regalino-Shop.de\/?product=dekokissen-retro-bloom-bestickt-40x60-baumwolle-scandi-boho-regalino","og_site_name":"Regalino -Lively Style","article_modified_time":"2026-04-22T12:36:35+00:00","og_image":[{"width":1536,"height":1024,"url":"https:\/\/Regalino-Shop.de\/wp-content\/uploads\/2025\/11\/Kissen-byroom-circle-flowers-mood.webp","type":"image\/webp"}],"twitter_card":"summary_large_image","twitter_misc":{"Gesch\u00e4tzte Lesezeit":"1\u00a0Minute"},"schema":{"@context":"https:\/\/schema.org","@graph":[{"@type":"WebPage","@id":"https:\/\/Regalino-Shop.de\/?product=dekokissen-retro-bloom-bestickt-40x60-baumwolle-scandi-boho-regalino","url":"https:\/\/Regalino-Shop.de\/?product=dekokissen-retro-bloom-bestickt-40x60-baumwolle-scandi-boho-regalino","name":"besticktes Kissen *Circle of Flowers* incl. Inlet von byroom - Regalino -Lively Style","isPartOf":{"@id":"https:\/\/Regalino-Shop.de\/#website"},"primaryImageOfPage":{"@id":"https:\/\/Regalino-Shop.de\/?product=dekokissen-retro-bloom-bestickt-40x60-baumwolle-scandi-boho-regalino#primaryimage"},"image":{"@id":"https:\/\/Regalino-Shop.de\/?product=dekokissen-retro-bloom-bestickt-40x60-baumwolle-scandi-boho-regalino#primaryimage"},"thumbnailUrl":"https:\/\/Regalino-Shop.de\/wp-content\/uploads\/2025\/11\/Kissen-byroom-circle-flowers-mood.webp","datePublished":"2025-11-02T13:00:42+00:00","dateModified":"2026-04-22T12:36:35+00:00","description":"Handgesticktes Kissen im Nordic-Boho-Stil. Baumwolle, florales Muster in Naturt\u00f6nen. Perfekt f\u00fcr gem\u00fctliches Wohnen & skandinavisches Interior. 60\u00d740 cm","breadcrumb":{"@id":"https:\/\/Regalino-Shop.de\/?product=dekokissen-retro-bloom-bestickt-40x60-baumwolle-scandi-boho-regalino#breadcrumb"},"inLanguage":"de","potentialAction":[{"@type":"ReadAction","target":["https:\/\/Regalino-Shop.de\/?product=dekokissen-retro-bloom-bestickt-40x60-baumwolle-scandi-boho-regalino"]}]},{"@type":"ImageObject","inLanguage":"de","@id":"https:\/\/Regalino-Shop.de\/?product=dekokissen-retro-bloom-bestickt-40x60-baumwolle-scandi-boho-regalino#primaryimage","url":"https:\/\/Regalino-Shop.de\/wp-content\/uploads\/2025\/11\/Kissen-byroom-circle-flowers-mood.webp","contentUrl":"https:\/\/Regalino-Shop.de\/wp-content\/uploads\/2025\/11\/Kissen-byroom-circle-flowers-mood.webp","width":1536,"height":1024,"caption":"Dekokissen mit floraler Stickerei in warmen Naturt\u00f6nen auf einem beigen Sofa vor einer rustikalen Holzwand. Erdige Farben wie Salbeigr\u00fcn, Terrakotta und Ros\u00e9 bilden ein botanisches Muster im nordischen Stil"},{"@type":"BreadcrumbList","@id":"https:\/\/Regalino-Shop.de\/?product=dekokissen-retro-bloom-bestickt-40x60-baumwolle-scandi-boho-regalino#breadcrumb","itemListElement":[{"@type":"ListItem","position":1,"name":"Startseite","item":"https:\/\/Regalino-Shop.de\/"},{"@type":"ListItem","position":2,"name":"Shop","item":"https:\/\/Regalino-Shop.de\/?page_id=40"},{"@type":"ListItem","position":3,"name":"besticktes Kissen *Circle of Flowers* incl. Inlet von byroom"}]},{"@type":"WebSite","@id":"https:\/\/Regalino-Shop.de\/#website","url":"https:\/\/Regalino-Shop.de\/","name":"Regalino -Lively Style","description":"gelebtes Zuhause","potentialAction":[{"@type":"SearchAction","target":{"@type":"EntryPoint","urlTemplate":"https:\/\/Regalino-Shop.de\/?s={search_term_string}"},"query-input":{"@type":"PropertyValueSpecification","valueRequired":true,"valueName":"search_term_string"}}],"inLanguage":"de"}]}},"_links":{"self":[{"href":"https:\/\/Regalino-Shop.de\/index.php?rest_route=\/wp\/v2\/product\/17340","targetHints":{"allow":["GET"]}}],"collection":[{"href":"https:\/\/Regalino-Shop.de\/index.php?rest_route=\/wp\/v2\/product"}],"about":[{"href":"https:\/\/Regalino-Shop.de\/index.php?rest_route=\/wp\/v2\/types\/product"}],"wp:featuredmedia":[{"embeddable":true,"href":"https:\/\/Regalino-Shop.de\/index.php?rest_route=\/wp\/v2\/media\/17371"}],"wp:attachment":[{"href":"https:\/\/Regalino-Shop.de\/index.php?rest_route=%2Fwp%2Fv2%2Fmedia&parent=17340"}],"wp:term":[{"taxonomy":"product_brand","embeddable":true,"href":"https:\/\/Regalino-Shop.de\/index.php?rest_route=%2Fwp%2Fv2%2Fproduct_brand&post=17340"},{"taxonomy":"product_cat","embeddable":true,"href":"https:\/\/Regalino-Shop.de\/index.php?rest_route=%2Fwp%2Fv2%2Fproduct_cat&post=17340"},{"taxonomy":"product_tag","embeddable":true,"href":"https:\/\/Regalino-Shop.de\/index.php?rest_route=%2Fwp%2Fv2%2Fproduct_tag&post=17340"}],"curies":[{"name":"wp","href":"https:\/\/api.w.org\/{rel}","templated":true}]}}