{"id":17517,"date":"2025-11-21T14:58:24","date_gmt":"2025-11-21T14:58:24","guid":{"rendered":"https:\/\/Regalino-Shop.de\/?post_type=product&#038;p=17517"},"modified":"2026-04-24T09:30:57","modified_gmt":"2026-04-24T09:30:57","slug":"rankhilfe-metall-rostoptik","status":"publish","type":"product","link":"https:\/\/Regalino-Shop.de\/?product=rankhilfe-metall-rostoptik","title":{"rendered":"Rankkrone *Amy* Bl\u00e4tter rost Wikholm Form"},"content":{"rendered":"<p>&nbsp;<\/p>\n<p>&nbsp;<\/p>\n","protected":false},"excerpt":{"rendered":"<h3 data-start=\"178\" data-end=\"470\">Fr\u00fchling im Beet?<\/h3>\n<p data-start=\"178\" data-end=\"470\"><br data-start=\"209\" data-end=\"212\" \/>Diese dekorative Rankhilfe in warmer <strong data-start=\"249\" data-end=\"263\">Rost-Optik<\/strong> bringt sofort Cottage-Garten-Vibes in dein Zuhause. Die geschwungene Form mit filigranen Bl\u00e4ttern wirkt leicht, verspielt und trotzdem zeitlos \u2013 genau das kleine Extra, das ein Beet \u201efertig\u201c aussehen l\u00e4sst.<\/p>\n<p data-start=\"472\" data-end=\"706\">Ob als sanfte St\u00fctze f\u00fcr zarte Kletterpflanzen, kleine Rosen oder Duftwicken \u2013 oder einfach als h\u00fcbscher Blickfang zwischen wei\u00dfen Bl\u00fcten: Sie setzt deine Pflanzen wundersch\u00f6n in Szene und sorgt f\u00fcr das gewisse Gartenfeeling.<\/p>\n<ul data-start=\"725\" data-end=\"907\">\n<li data-start=\"725\" data-end=\"759\">\n<p data-start=\"727\" data-end=\"759\">Rankhilfe \/ Obelisk aus Metall<\/p>\n<\/li>\n<li data-start=\"760\" data-end=\"787\">\n<p data-start=\"762\" data-end=\"787\">dekoratives Blattdesign<\/p>\n<\/li>\n<li data-start=\"788\" data-end=\"837\">\n<p data-start=\"790\" data-end=\"837\">Rost-Optik f\u00fcr einen nat\u00fcrlichen Vintage-Look<\/p>\n<\/li>\n<li data-start=\"838\" data-end=\"877\">\n<p data-start=\"840\" data-end=\"877\">ideal f\u00fcr Beete &amp; gro\u00dfe Pflanzk\u00fcbel<\/p>\n<\/li>\n<li data-start=\"878\" data-end=\"907\">\n<p data-start=\"880\" data-end=\"907\">Ma\u00dfe: <strong data-start=\"886\" data-end=\"907\">H 69 cm | \u00d8 35 cm<\/strong><\/p>\n<\/li>\n<li data-start=\"878\" data-end=\"907\"><\/li>\n<\/ul>\n<p>Bitte beachten: Lieferung erfolgt evtl. unmontiert in zwei Teilen, mit passender Montageschraube<\/p>\n<p>&nbsp;<\/p>\n","protected":false},"featured_media":17622,"template":"","meta":{"_et_pb_use_builder":"","_et_pb_old_content":"","_et_gb_content_width":""},"product_brand":[1933],"product_cat":[86,57],"product_tag":[2211,2215,2217,2210,2218,2212,2216,2220,2207,2208,2209,2214,2213,2206,2205,2221,2219],"class_list":{"0":"post-17517","1":"product","2":"type-product","3":"status-publish","4":"has-post-thumbnail","6":"product_brand-wikholm-form","7":"product_cat-garten-balkon-schoene-lieblingsstuecke-fuer-draussen-regalino","8":"product_cat-neu-eingetroffen-neue-lieblingsstuecke-bei-regalino","9":"product_tag-beet-deko-metall","10":"product_tag-cottage-garten-deko","11":"product_tag-fruehlingsbeet-deko","12":"product_tag-garten-deko-rost","13":"product_tag-gartendeko-vintage","14":"product_tag-kletterhilfe-fuer-pflanzen","15":"product_tag-landhausstil-garten","16":"product_tag-metall-rankhilfe-69-cm","17":"product_tag-obelisk-rankhilfe","18":"product_tag-pflanzenstuetze-metall","19":"product_tag-rankgitter-rost","20":"product_tag-rankhilfe-fuer-clematis","21":"product_tag-rankhilfe-fuer-rosen","22":"product_tag-rankhilfe-garten","23":"product_tag-rankhilfe-metall-rostoptik","24":"product_tag-rankhilfe-o-35-cm","25":"product_tag-rostdeko-garten","27":"first","28":"instock","29":"taxable","30":"shipping-taxable","31":"purchasable","32":"product-type-simple"},"yoast_head":"<!-- This site is optimized with the Yoast SEO plugin v27.5 - https:\/\/yoast.com\/product\/yoast-seo-wordpress\/ -->\n<title>Rankkrone *Amy* Bl\u00e4tter rost Wikholm Form - Regalino -Lively Style<\/title>\n<meta name=\"description\" content=\"Dekorative Rankhilfe aus Metall in Rostoptik mit Blattdesign. Perfekt f\u00fcrs Fr\u00fchlingsbeet oder Pflanzk\u00fcbel. Ma\u00dfe: H 69 cm, \u00d8 35 cm.\" \/>\n<meta name=\"robots\" content=\"index, follow, max-snippet:-1, max-image-preview:large, max-video-preview:-1\" \/>\n<link rel=\"canonical\" href=\"https:\/\/Regalino-Shop.de\/?product=rankhilfe-metall-rostoptik\" \/>\n<meta property=\"og:locale\" content=\"de_DE\" \/>\n<meta property=\"og:type\" content=\"article\" \/>\n<meta property=\"og:title\" content=\"Rankkrone *Amy* Bl\u00e4tter rost Wikholm Form - Regalino -Lively Style\" \/>\n<meta property=\"og:description\" content=\"Dekorative Rankhilfe aus Metall in Rostoptik mit Blattdesign. Perfekt f\u00fcrs Fr\u00fchlingsbeet oder Pflanzk\u00fcbel. Ma\u00dfe: H 69 cm, \u00d8 35 cm.\" \/>\n<meta property=\"og:url\" content=\"https:\/\/Regalino-Shop.de\/?product=rankhilfe-metall-rostoptik\" \/>\n<meta property=\"og:site_name\" content=\"Regalino -Lively Style\" \/>\n<meta property=\"article:modified_time\" content=\"2026-04-24T09:30:57+00:00\" \/>\n<meta property=\"og:image\" content=\"https:\/\/Regalino-Shop.de\/wp-content\/uploads\/2025\/11\/rankhilfe-rost-wikholm-fruehling-garten-683x1024.png\" \/>\n\t<meta property=\"og:image:width\" content=\"683\" \/>\n\t<meta property=\"og:image:height\" content=\"1024\" \/>\n\t<meta property=\"og:image:type\" content=\"image\/png\" \/>\n<meta name=\"twitter:card\" content=\"summary_large_image\" \/>\n<meta name=\"twitter:label1\" content=\"Gesch\u00e4tzte Lesezeit\" \/>\n\t<meta name=\"twitter:data1\" content=\"1\u00a0Minute\" \/>\n<script type=\"application\/ld+json\" class=\"yoast-schema-graph\">{\"@context\":\"https:\\\/\\\/schema.org\",\"@graph\":[{\"@type\":\"WebPage\",\"@id\":\"https:\\\/\\\/Regalino-Shop.de\\\/?product=rankhilfe-metall-rostoptik\",\"url\":\"https:\\\/\\\/Regalino-Shop.de\\\/?product=rankhilfe-metall-rostoptik\",\"name\":\"Rankkrone *Amy* Bl\u00e4tter rost Wikholm Form - Regalino -Lively Style\",\"isPartOf\":{\"@id\":\"https:\\\/\\\/Regalino-Shop.de\\\/#website\"},\"primaryImageOfPage\":{\"@id\":\"https:\\\/\\\/Regalino-Shop.de\\\/?product=rankhilfe-metall-rostoptik#primaryimage\"},\"image\":{\"@id\":\"https:\\\/\\\/Regalino-Shop.de\\\/?product=rankhilfe-metall-rostoptik#primaryimage\"},\"thumbnailUrl\":\"https:\\\/\\\/Regalino-Shop.de\\\/wp-content\\\/uploads\\\/2025\\\/11\\\/rankhilfe-rost-wikholm-fruehling-garten.png\",\"datePublished\":\"2025-11-21T14:58:24+00:00\",\"dateModified\":\"2026-04-24T09:30:57+00:00\",\"description\":\"Dekorative Rankhilfe aus Metall in Rostoptik mit Blattdesign. Perfekt f\u00fcrs Fr\u00fchlingsbeet oder Pflanzk\u00fcbel. Ma\u00dfe: H 69 cm, \u00d8 35 cm.\",\"breadcrumb\":{\"@id\":\"https:\\\/\\\/Regalino-Shop.de\\\/?product=rankhilfe-metall-rostoptik#breadcrumb\"},\"inLanguage\":\"de\",\"potentialAction\":[{\"@type\":\"ReadAction\",\"target\":[\"https:\\\/\\\/Regalino-Shop.de\\\/?product=rankhilfe-metall-rostoptik\"]}]},{\"@type\":\"ImageObject\",\"inLanguage\":\"de\",\"@id\":\"https:\\\/\\\/Regalino-Shop.de\\\/?product=rankhilfe-metall-rostoptik#primaryimage\",\"url\":\"https:\\\/\\\/Regalino-Shop.de\\\/wp-content\\\/uploads\\\/2025\\\/11\\\/rankhilfe-rost-wikholm-fruehling-garten.png\",\"contentUrl\":\"https:\\\/\\\/Regalino-Shop.de\\\/wp-content\\\/uploads\\\/2025\\\/11\\\/rankhilfe-rost-wikholm-fruehling-garten.png\",\"width\":1024,\"height\":1536,\"caption\":\"Rankhilfe aus Metall in Rostoptik mit Blattdesign, dekorativ im Fr\u00fchlingsbeet zwischen wei\u00dfen Blumen, H\u00f6he 69 cm, Durchmesser 35 cm\"},{\"@type\":\"BreadcrumbList\",\"@id\":\"https:\\\/\\\/Regalino-Shop.de\\\/?product=rankhilfe-metall-rostoptik#breadcrumb\",\"itemListElement\":[{\"@type\":\"ListItem\",\"position\":1,\"name\":\"Startseite\",\"item\":\"https:\\\/\\\/Regalino-Shop.de\\\/\"},{\"@type\":\"ListItem\",\"position\":2,\"name\":\"Shop\",\"item\":\"https:\\\/\\\/Regalino-Shop.de\\\/?page_id=40\"},{\"@type\":\"ListItem\",\"position\":3,\"name\":\"Rankkrone *Amy* Bl\u00e4tter rost Wikholm Form\"}]},{\"@type\":\"WebSite\",\"@id\":\"https:\\\/\\\/Regalino-Shop.de\\\/#website\",\"url\":\"https:\\\/\\\/Regalino-Shop.de\\\/\",\"name\":\"Regalino -Lively Style\",\"description\":\"gelebtes Zuhause\",\"potentialAction\":[{\"@type\":\"SearchAction\",\"target\":{\"@type\":\"EntryPoint\",\"urlTemplate\":\"https:\\\/\\\/Regalino-Shop.de\\\/?s={search_term_string}\"},\"query-input\":{\"@type\":\"PropertyValueSpecification\",\"valueRequired\":true,\"valueName\":\"search_term_string\"}}],\"inLanguage\":\"de\"}]}<\/script>\n<!-- \/ Yoast SEO plugin. -->","yoast_head_json":{"title":"Rankkrone *Amy* Bl\u00e4tter rost Wikholm Form - Regalino -Lively Style","description":"Dekorative Rankhilfe aus Metall in Rostoptik mit Blattdesign. Perfekt f\u00fcrs Fr\u00fchlingsbeet oder Pflanzk\u00fcbel. Ma\u00dfe: H 69 cm, \u00d8 35 cm.","robots":{"index":"index","follow":"follow","max-snippet":"max-snippet:-1","max-image-preview":"max-image-preview:large","max-video-preview":"max-video-preview:-1"},"canonical":"https:\/\/Regalino-Shop.de\/?product=rankhilfe-metall-rostoptik","og_locale":"de_DE","og_type":"article","og_title":"Rankkrone *Amy* Bl\u00e4tter rost Wikholm Form - Regalino -Lively Style","og_description":"Dekorative Rankhilfe aus Metall in Rostoptik mit Blattdesign. Perfekt f\u00fcrs Fr\u00fchlingsbeet oder Pflanzk\u00fcbel. Ma\u00dfe: H 69 cm, \u00d8 35 cm.","og_url":"https:\/\/Regalino-Shop.de\/?product=rankhilfe-metall-rostoptik","og_site_name":"Regalino -Lively Style","article_modified_time":"2026-04-24T09:30:57+00:00","og_image":[{"width":683,"height":1024,"url":"https:\/\/Regalino-Shop.de\/wp-content\/uploads\/2025\/11\/rankhilfe-rost-wikholm-fruehling-garten-683x1024.png","type":"image\/png"}],"twitter_card":"summary_large_image","twitter_misc":{"Gesch\u00e4tzte Lesezeit":"1\u00a0Minute"},"schema":{"@context":"https:\/\/schema.org","@graph":[{"@type":"WebPage","@id":"https:\/\/Regalino-Shop.de\/?product=rankhilfe-metall-rostoptik","url":"https:\/\/Regalino-Shop.de\/?product=rankhilfe-metall-rostoptik","name":"Rankkrone *Amy* Bl\u00e4tter rost Wikholm Form - Regalino -Lively Style","isPartOf":{"@id":"https:\/\/Regalino-Shop.de\/#website"},"primaryImageOfPage":{"@id":"https:\/\/Regalino-Shop.de\/?product=rankhilfe-metall-rostoptik#primaryimage"},"image":{"@id":"https:\/\/Regalino-Shop.de\/?product=rankhilfe-metall-rostoptik#primaryimage"},"thumbnailUrl":"https:\/\/Regalino-Shop.de\/wp-content\/uploads\/2025\/11\/rankhilfe-rost-wikholm-fruehling-garten.png","datePublished":"2025-11-21T14:58:24+00:00","dateModified":"2026-04-24T09:30:57+00:00","description":"Dekorative Rankhilfe aus Metall in Rostoptik mit Blattdesign. Perfekt f\u00fcrs Fr\u00fchlingsbeet oder Pflanzk\u00fcbel. Ma\u00dfe: H 69 cm, \u00d8 35 cm.","breadcrumb":{"@id":"https:\/\/Regalino-Shop.de\/?product=rankhilfe-metall-rostoptik#breadcrumb"},"inLanguage":"de","potentialAction":[{"@type":"ReadAction","target":["https:\/\/Regalino-Shop.de\/?product=rankhilfe-metall-rostoptik"]}]},{"@type":"ImageObject","inLanguage":"de","@id":"https:\/\/Regalino-Shop.de\/?product=rankhilfe-metall-rostoptik#primaryimage","url":"https:\/\/Regalino-Shop.de\/wp-content\/uploads\/2025\/11\/rankhilfe-rost-wikholm-fruehling-garten.png","contentUrl":"https:\/\/Regalino-Shop.de\/wp-content\/uploads\/2025\/11\/rankhilfe-rost-wikholm-fruehling-garten.png","width":1024,"height":1536,"caption":"Rankhilfe aus Metall in Rostoptik mit Blattdesign, dekorativ im Fr\u00fchlingsbeet zwischen wei\u00dfen Blumen, H\u00f6he 69 cm, Durchmesser 35 cm"},{"@type":"BreadcrumbList","@id":"https:\/\/Regalino-Shop.de\/?product=rankhilfe-metall-rostoptik#breadcrumb","itemListElement":[{"@type":"ListItem","position":1,"name":"Startseite","item":"https:\/\/Regalino-Shop.de\/"},{"@type":"ListItem","position":2,"name":"Shop","item":"https:\/\/Regalino-Shop.de\/?page_id=40"},{"@type":"ListItem","position":3,"name":"Rankkrone *Amy* Bl\u00e4tter rost Wikholm Form"}]},{"@type":"WebSite","@id":"https:\/\/Regalino-Shop.de\/#website","url":"https:\/\/Regalino-Shop.de\/","name":"Regalino -Lively Style","description":"gelebtes Zuhause","potentialAction":[{"@type":"SearchAction","target":{"@type":"EntryPoint","urlTemplate":"https:\/\/Regalino-Shop.de\/?s={search_term_string}"},"query-input":{"@type":"PropertyValueSpecification","valueRequired":true,"valueName":"search_term_string"}}],"inLanguage":"de"}]}},"_links":{"self":[{"href":"https:\/\/Regalino-Shop.de\/index.php?rest_route=\/wp\/v2\/product\/17517","targetHints":{"allow":["GET"]}}],"collection":[{"href":"https:\/\/Regalino-Shop.de\/index.php?rest_route=\/wp\/v2\/product"}],"about":[{"href":"https:\/\/Regalino-Shop.de\/index.php?rest_route=\/wp\/v2\/types\/product"}],"wp:featuredmedia":[{"embeddable":true,"href":"https:\/\/Regalino-Shop.de\/index.php?rest_route=\/wp\/v2\/media\/17622"}],"wp:attachment":[{"href":"https:\/\/Regalino-Shop.de\/index.php?rest_route=%2Fwp%2Fv2%2Fmedia&parent=17517"}],"wp:term":[{"taxonomy":"product_brand","embeddable":true,"href":"https:\/\/Regalino-Shop.de\/index.php?rest_route=%2Fwp%2Fv2%2Fproduct_brand&post=17517"},{"taxonomy":"product_cat","embeddable":true,"href":"https:\/\/Regalino-Shop.de\/index.php?rest_route=%2Fwp%2Fv2%2Fproduct_cat&post=17517"},{"taxonomy":"product_tag","embeddable":true,"href":"https:\/\/Regalino-Shop.de\/index.php?rest_route=%2Fwp%2Fv2%2Fproduct_tag&post=17517"}],"curies":[{"name":"wp","href":"https:\/\/api.w.org\/{rel}","templated":true}]}}