{"id":17645,"date":"2026-02-04T14:12:02","date_gmt":"2026-02-04T14:12:02","guid":{"rendered":"https:\/\/Regalino-Shop.de\/?post_type=product&#038;p=17645"},"modified":"2026-02-04T14:44:49","modified_gmt":"2026-02-04T14:44:49","slug":"familientasse","status":"publish","type":"product","link":"https:\/\/Regalino-Shop.de\/?product=familientasse","title":{"rendered":"Familientasse *Bruder* von Good old friends"},"content":{"rendered":"","protected":false},"excerpt":{"rendered":"<h3 data-start=\"112\" data-end=\"396\">liebevoll gestaltete Familientasse \u201eBruder\u201c aus Porzellan<\/h3>\n<p data-start=\"112\" data-end=\"396\">charmantes Geschenk f\u00fcr ganz besondere Lieblingsmenschen. Der humorvolle Spruch sorgt t\u00e4glich f\u00fcr ein Schmunzeln \u2013 ob beim Kaffee am Morgen oder beim Tee zwischendurch.<\/p>\n<p data-start=\"398\" data-end=\"547\">Ein besonderes Detail ist der Herzboden auf der Unterseite der Tasse, der erst beim Leeren sichtbar wird und eine kleine Portion Liebe mitbringt.<\/p>\n<p data-start=\"549\" data-end=\"644\">Ideal als Geschenk f\u00fcr den Bruder oder als kleine Aufmerksamkeit f\u00fcr besondere Familienmomente.<\/p>\n<p data-start=\"646\" data-end=\"723\">Spruch:<br data-start=\"657\" data-end=\"660\" \/>\u201eKeine Sorge, ich werde Dich f\u00fcr den Rest deines Lebens nerven\u201c<\/p>\n<ul data-start=\"740\" data-end=\"862\">\n<li data-start=\"740\" data-end=\"763\">\n<p data-start=\"742\" data-end=\"763\">Material: Porzellan<\/p>\n<\/li>\n<li data-start=\"764\" data-end=\"786\">\n<p data-start=\"766\" data-end=\"786\">Ma\u00dfe: ca. 9 \u00d7 9 cm<\/p>\n<\/li>\n<li data-start=\"787\" data-end=\"820\">\n<p data-start=\"789\" data-end=\"820\">Herzdetail auf der Unterseite<\/p>\n<\/li>\n<li data-start=\"821\" data-end=\"862\">\n<p data-start=\"823\" data-end=\"862\">F\u00fcr Kaffee, Tee und Lieblingsgetr\u00e4nke<\/p>\n<\/li>\n<\/ul>\n<p>Lieferumfang: eine Tasse im Geschenkkarton- ohne Dekoration<\/p>\n","protected":false},"featured_media":17646,"template":"","meta":{"_et_pb_use_builder":"","_et_pb_old_content":"","_et_gb_content_width":""},"product_brand":[1900],"product_cat":[76],"product_tag":[2222,2225,2228,2227,2224,2223,2226],"class_list":{"0":"post-17645","1":"product","2":"type-product","3":"status-publish","4":"has-post-thumbnail","6":"product_brand-good-old-friends","7":"product_cat-geschirr-fuer-stilvolle-genussmomente-regalino","8":"product_tag-familientasse-bruder","9":"product_tag-geschenk-fuer-bruder","10":"product_tag-good-old-friends-tasse","11":"product_tag-herzboden-tasse","12":"product_tag-porzellantasse-bruder","13":"product_tag-tasse-bruder-geschenk","14":"product_tag-tasse-mit-spruch-bruder","16":"first","17":"instock","18":"taxable","19":"shipping-taxable","20":"purchasable","21":"product-type-simple"},"yoast_head":"<!-- This site is optimized with the Yoast SEO plugin v27.3 - https:\/\/yoast.com\/product\/yoast-seo-wordpress\/ -->\n<title>Familientasse *Bruder* von Good old friends - Regalino -Lively Style<\/title>\n<meta name=\"description\" content=\"Liebevolle Familientasse \u201eBruder\u201c aus Porzellan von Good old friends mit Herzboden und humorvollem Spruch \u2013 perfektes Geschenk f\u00fcr Lieblingsmenschen\" \/>\n<meta name=\"robots\" content=\"index, follow, max-snippet:-1, max-image-preview:large, max-video-preview:-1\" \/>\n<link rel=\"canonical\" href=\"https:\/\/Regalino-Shop.de\/?product=familientasse\" \/>\n<meta property=\"og:locale\" content=\"de_DE\" \/>\n<meta property=\"og:type\" content=\"article\" \/>\n<meta property=\"og:title\" content=\"Familientasse *Bruder* von Good old friends - Regalino -Lively Style\" \/>\n<meta property=\"og:description\" content=\"Liebevolle Familientasse \u201eBruder\u201c aus Porzellan von Good old friends mit Herzboden und humorvollem Spruch \u2013 perfektes Geschenk f\u00fcr Lieblingsmenschen\" \/>\n<meta property=\"og:url\" content=\"https:\/\/Regalino-Shop.de\/?product=familientasse\" \/>\n<meta property=\"og:site_name\" content=\"Regalino -Lively Style\" \/>\n<meta property=\"article:modified_time\" content=\"2026-02-04T14:44:49+00:00\" \/>\n<meta property=\"og:image\" content=\"https:\/\/Regalino-Shop.de\/wp-content\/uploads\/2026\/02\/tasse-bruder-good-old-friends.jpg\" \/>\n\t<meta property=\"og:image:width\" content=\"522\" \/>\n\t<meta property=\"og:image:height\" content=\"531\" \/>\n\t<meta property=\"og:image:type\" content=\"image\/jpeg\" \/>\n<meta name=\"twitter:card\" content=\"summary_large_image\" \/>\n<meta name=\"twitter:label1\" content=\"Gesch\u00e4tzte Lesezeit\" \/>\n\t<meta name=\"twitter:data1\" content=\"1\u00a0Minute\" \/>\n<script type=\"application\/ld+json\" class=\"yoast-schema-graph\">{\"@context\":\"https:\\\/\\\/schema.org\",\"@graph\":[{\"@type\":\"WebPage\",\"@id\":\"https:\\\/\\\/Regalino-Shop.de\\\/?product=familientasse\",\"url\":\"https:\\\/\\\/Regalino-Shop.de\\\/?product=familientasse\",\"name\":\"Familientasse *Bruder* von Good old friends - Regalino -Lively Style\",\"isPartOf\":{\"@id\":\"https:\\\/\\\/Regalino-Shop.de\\\/#website\"},\"primaryImageOfPage\":{\"@id\":\"https:\\\/\\\/Regalino-Shop.de\\\/?product=familientasse#primaryimage\"},\"image\":{\"@id\":\"https:\\\/\\\/Regalino-Shop.de\\\/?product=familientasse#primaryimage\"},\"thumbnailUrl\":\"https:\\\/\\\/Regalino-Shop.de\\\/wp-content\\\/uploads\\\/2026\\\/02\\\/tasse-bruder-good-old-friends.jpg\",\"datePublished\":\"2026-02-04T14:12:02+00:00\",\"dateModified\":\"2026-02-04T14:44:49+00:00\",\"description\":\"Liebevolle Familientasse \u201eBruder\u201c aus Porzellan von Good old friends mit Herzboden und humorvollem Spruch \u2013 perfektes Geschenk f\u00fcr Lieblingsmenschen\",\"breadcrumb\":{\"@id\":\"https:\\\/\\\/Regalino-Shop.de\\\/?product=familientasse#breadcrumb\"},\"inLanguage\":\"de\",\"potentialAction\":[{\"@type\":\"ReadAction\",\"target\":[\"https:\\\/\\\/Regalino-Shop.de\\\/?product=familientasse\"]}]},{\"@type\":\"ImageObject\",\"inLanguage\":\"de\",\"@id\":\"https:\\\/\\\/Regalino-Shop.de\\\/?product=familientasse#primaryimage\",\"url\":\"https:\\\/\\\/Regalino-Shop.de\\\/wp-content\\\/uploads\\\/2026\\\/02\\\/tasse-bruder-good-old-friends.jpg\",\"contentUrl\":\"https:\\\/\\\/Regalino-Shop.de\\\/wp-content\\\/uploads\\\/2026\\\/02\\\/tasse-bruder-good-old-friends.jpg\",\"width\":522,\"height\":531,\"caption\":\"Familientasse \u201eBruder\u201c mit Spruch als Geschenk f\u00fcr Lieblingsmenschen\"},{\"@type\":\"BreadcrumbList\",\"@id\":\"https:\\\/\\\/Regalino-Shop.de\\\/?product=familientasse#breadcrumb\",\"itemListElement\":[{\"@type\":\"ListItem\",\"position\":1,\"name\":\"Startseite\",\"item\":\"https:\\\/\\\/Regalino-Shop.de\\\/\"},{\"@type\":\"ListItem\",\"position\":2,\"name\":\"Shop\",\"item\":\"https:\\\/\\\/Regalino-Shop.de\\\/?page_id=40\"},{\"@type\":\"ListItem\",\"position\":3,\"name\":\"Familientasse *Bruder* von Good old friends\"}]},{\"@type\":\"WebSite\",\"@id\":\"https:\\\/\\\/Regalino-Shop.de\\\/#website\",\"url\":\"https:\\\/\\\/Regalino-Shop.de\\\/\",\"name\":\"Regalino -Lively Style\",\"description\":\"gelebtes Zuhause\",\"potentialAction\":[{\"@type\":\"SearchAction\",\"target\":{\"@type\":\"EntryPoint\",\"urlTemplate\":\"https:\\\/\\\/Regalino-Shop.de\\\/?s={search_term_string}\"},\"query-input\":{\"@type\":\"PropertyValueSpecification\",\"valueRequired\":true,\"valueName\":\"search_term_string\"}}],\"inLanguage\":\"de\"}]}<\/script>\n<!-- \/ Yoast SEO plugin. -->","yoast_head_json":{"title":"Familientasse *Bruder* von Good old friends - Regalino -Lively Style","description":"Liebevolle Familientasse \u201eBruder\u201c aus Porzellan von Good old friends mit Herzboden und humorvollem Spruch \u2013 perfektes Geschenk f\u00fcr Lieblingsmenschen","robots":{"index":"index","follow":"follow","max-snippet":"max-snippet:-1","max-image-preview":"max-image-preview:large","max-video-preview":"max-video-preview:-1"},"canonical":"https:\/\/Regalino-Shop.de\/?product=familientasse","og_locale":"de_DE","og_type":"article","og_title":"Familientasse *Bruder* von Good old friends - Regalino -Lively Style","og_description":"Liebevolle Familientasse \u201eBruder\u201c aus Porzellan von Good old friends mit Herzboden und humorvollem Spruch \u2013 perfektes Geschenk f\u00fcr Lieblingsmenschen","og_url":"https:\/\/Regalino-Shop.de\/?product=familientasse","og_site_name":"Regalino -Lively Style","article_modified_time":"2026-02-04T14:44:49+00:00","og_image":[{"width":522,"height":531,"url":"https:\/\/Regalino-Shop.de\/wp-content\/uploads\/2026\/02\/tasse-bruder-good-old-friends.jpg","type":"image\/jpeg"}],"twitter_card":"summary_large_image","twitter_misc":{"Gesch\u00e4tzte Lesezeit":"1\u00a0Minute"},"schema":{"@context":"https:\/\/schema.org","@graph":[{"@type":"WebPage","@id":"https:\/\/Regalino-Shop.de\/?product=familientasse","url":"https:\/\/Regalino-Shop.de\/?product=familientasse","name":"Familientasse *Bruder* von Good old friends - Regalino -Lively Style","isPartOf":{"@id":"https:\/\/Regalino-Shop.de\/#website"},"primaryImageOfPage":{"@id":"https:\/\/Regalino-Shop.de\/?product=familientasse#primaryimage"},"image":{"@id":"https:\/\/Regalino-Shop.de\/?product=familientasse#primaryimage"},"thumbnailUrl":"https:\/\/Regalino-Shop.de\/wp-content\/uploads\/2026\/02\/tasse-bruder-good-old-friends.jpg","datePublished":"2026-02-04T14:12:02+00:00","dateModified":"2026-02-04T14:44:49+00:00","description":"Liebevolle Familientasse \u201eBruder\u201c aus Porzellan von Good old friends mit Herzboden und humorvollem Spruch \u2013 perfektes Geschenk f\u00fcr Lieblingsmenschen","breadcrumb":{"@id":"https:\/\/Regalino-Shop.de\/?product=familientasse#breadcrumb"},"inLanguage":"de","potentialAction":[{"@type":"ReadAction","target":["https:\/\/Regalino-Shop.de\/?product=familientasse"]}]},{"@type":"ImageObject","inLanguage":"de","@id":"https:\/\/Regalino-Shop.de\/?product=familientasse#primaryimage","url":"https:\/\/Regalino-Shop.de\/wp-content\/uploads\/2026\/02\/tasse-bruder-good-old-friends.jpg","contentUrl":"https:\/\/Regalino-Shop.de\/wp-content\/uploads\/2026\/02\/tasse-bruder-good-old-friends.jpg","width":522,"height":531,"caption":"Familientasse \u201eBruder\u201c mit Spruch als Geschenk f\u00fcr Lieblingsmenschen"},{"@type":"BreadcrumbList","@id":"https:\/\/Regalino-Shop.de\/?product=familientasse#breadcrumb","itemListElement":[{"@type":"ListItem","position":1,"name":"Startseite","item":"https:\/\/Regalino-Shop.de\/"},{"@type":"ListItem","position":2,"name":"Shop","item":"https:\/\/Regalino-Shop.de\/?page_id=40"},{"@type":"ListItem","position":3,"name":"Familientasse *Bruder* von Good old friends"}]},{"@type":"WebSite","@id":"https:\/\/Regalino-Shop.de\/#website","url":"https:\/\/Regalino-Shop.de\/","name":"Regalino -Lively Style","description":"gelebtes Zuhause","potentialAction":[{"@type":"SearchAction","target":{"@type":"EntryPoint","urlTemplate":"https:\/\/Regalino-Shop.de\/?s={search_term_string}"},"query-input":{"@type":"PropertyValueSpecification","valueRequired":true,"valueName":"search_term_string"}}],"inLanguage":"de"}]}},"_links":{"self":[{"href":"https:\/\/Regalino-Shop.de\/index.php?rest_route=\/wp\/v2\/product\/17645","targetHints":{"allow":["GET"]}}],"collection":[{"href":"https:\/\/Regalino-Shop.de\/index.php?rest_route=\/wp\/v2\/product"}],"about":[{"href":"https:\/\/Regalino-Shop.de\/index.php?rest_route=\/wp\/v2\/types\/product"}],"wp:featuredmedia":[{"embeddable":true,"href":"https:\/\/Regalino-Shop.de\/index.php?rest_route=\/wp\/v2\/media\/17646"}],"wp:attachment":[{"href":"https:\/\/Regalino-Shop.de\/index.php?rest_route=%2Fwp%2Fv2%2Fmedia&parent=17645"}],"wp:term":[{"taxonomy":"product_brand","embeddable":true,"href":"https:\/\/Regalino-Shop.de\/index.php?rest_route=%2Fwp%2Fv2%2Fproduct_brand&post=17645"},{"taxonomy":"product_cat","embeddable":true,"href":"https:\/\/Regalino-Shop.de\/index.php?rest_route=%2Fwp%2Fv2%2Fproduct_cat&post=17645"},{"taxonomy":"product_tag","embeddable":true,"href":"https:\/\/Regalino-Shop.de\/index.php?rest_route=%2Fwp%2Fv2%2Fproduct_tag&post=17645"}],"curies":[{"name":"wp","href":"https:\/\/api.w.org\/{rel}","templated":true}]}}