{"id":17663,"date":"2026-02-10T13:20:47","date_gmt":"2026-02-10T13:20:47","guid":{"rendered":"https:\/\/Regalino-Shop.de\/?post_type=product&#038;p=17663"},"modified":"2026-02-24T12:09:10","modified_gmt":"2026-02-24T12:09:10","slug":"familientasse-7","status":"publish","type":"product","link":"https:\/\/Regalino-Shop.de\/?product=familientasse-7","title":{"rendered":"Familientasse *Opa* von Good old friends"},"content":{"rendered":"","protected":false},"excerpt":{"rendered":"<h3 data-start=\"96\" data-end=\"319\">Die Familientasse \u201eOpa\u201c aus Porzellan von <span class=\"hover:entity-accent entity-underline inline cursor-pointer align-baseline\"><span class=\"whitespace-normal\">Good old friends<\/span><\/span><\/h3>\n<p data-start=\"96\" data-end=\"319\">ist das perfekte Geschenk f\u00fcr echte Lieblingsmenschen \u2013 ehrlich, herzlich und mit Augenzwinkern.<\/p>\n<p data-start=\"321\" data-end=\"477\">Liebe im Detail<br data-start=\"340\" data-end=\"343\" \/>Der kleine Herzboden auf der Unterseite sorgt f\u00fcr einen besonderen \u00dcberraschungsmoment und macht jede Kaffeepause ein bisschen w\u00e4rmer.<\/p>\n<p data-start=\"479\" data-end=\"610\">Tolles Geschenk f\u00fcr jeden Tag<br data-start=\"512\" data-end=\"515\" \/>Ideal f\u00fcr Kaffee, Tee oder Kakao \u2013 als kleines Dankesch\u00f6n, Geburtstagsgeschenk oder einfach so<\/p>\n<p data-start=\"479\" data-end=\"610\">Mit Spruch zum Schmunzeln<br data-start=\"641\" data-end=\"644\" \/>\u201eWenn Mama und Papa nein sagen, frage ich Opa&#8220;<\/p>\n<ul data-start=\"740\" data-end=\"862\">\n<li data-start=\"740\" data-end=\"763\">\n<p data-start=\"742\" data-end=\"763\">Material: Porzellan<\/p>\n<\/li>\n<li data-start=\"764\" data-end=\"786\">\n<p data-start=\"766\" data-end=\"786\">Ma\u00dfe: ca. 9 \u00d7 9 cm<\/p>\n<\/li>\n<li data-start=\"787\" data-end=\"820\">\n<p data-start=\"789\" data-end=\"820\">Herzdetail auf der Unterseite<\/p>\n<\/li>\n<li data-start=\"821\" data-end=\"862\">\n<p data-start=\"823\" data-end=\"862\">F\u00fcr Kaffee, Tee und Lieblingsgetr\u00e4nke<\/p>\n<\/li>\n<\/ul>\n<p>Lieferumfang: eine Tasse im Geschenkkarton- ohne Dekoration<\/p>\n","protected":false},"featured_media":17664,"template":"","meta":{"_et_pb_use_builder":"","_et_pb_old_content":"","_et_gb_content_width":""},"product_brand":[1900],"product_cat":[76],"product_tag":[2230,272,2228,2227,2231,1370],"class_list":{"0":"post-17663","1":"product","2":"type-product","3":"status-publish","4":"has-post-thumbnail","6":"product_brand-good-old-friends","7":"product_cat-geschirr-fuer-stilvolle-genussmomente-regalino","8":"product_tag-familientasse","9":"product_tag-geburt","10":"product_tag-good-old-friends-tasse","11":"product_tag-herzboden-tasse","12":"product_tag-tasse-mit-spruch","13":"product_tag-vatertag","15":"first","16":"instock","17":"taxable","18":"shipping-taxable","19":"purchasable","20":"product-type-simple"},"yoast_head":"<!-- This site is optimized with the Yoast SEO plugin v27.3 - https:\/\/yoast.com\/product\/yoast-seo-wordpress\/ -->\n<title>Familientasse *Opa* von Good old friends - Regalino -Lively Style<\/title>\n<meta name=\"description\" content=\"Liebevolle Familientasse \u201eOpa\u201c aus Porzellan von Good old friends mit Herzboden und humorvollem Spruch \u2013 perfektes Geschenk f\u00fcr Lieblingsmenschen\" \/>\n<meta name=\"robots\" content=\"index, follow, max-snippet:-1, max-image-preview:large, max-video-preview:-1\" \/>\n<link rel=\"canonical\" href=\"https:\/\/Regalino-Shop.de\/?product=familientasse-7\" \/>\n<meta property=\"og:locale\" content=\"de_DE\" \/>\n<meta property=\"og:type\" content=\"article\" \/>\n<meta property=\"og:title\" content=\"Familientasse *Opa* von Good old friends - Regalino -Lively Style\" \/>\n<meta property=\"og:description\" content=\"Liebevolle Familientasse \u201eOpa\u201c aus Porzellan von Good old friends mit Herzboden und humorvollem Spruch \u2013 perfektes Geschenk f\u00fcr Lieblingsmenschen\" \/>\n<meta property=\"og:url\" content=\"https:\/\/Regalino-Shop.de\/?product=familientasse-7\" \/>\n<meta property=\"og:site_name\" content=\"Regalino -Lively Style\" \/>\n<meta property=\"article:modified_time\" content=\"2026-02-24T12:09:10+00:00\" \/>\n<meta property=\"og:image\" content=\"https:\/\/Regalino-Shop.de\/wp-content\/uploads\/2026\/02\/tasse-opa-good-old-friends.jpg\" \/>\n\t<meta property=\"og:image:width\" content=\"1080\" \/>\n\t<meta property=\"og:image:height\" content=\"1080\" \/>\n\t<meta property=\"og:image:type\" content=\"image\/jpeg\" \/>\n<meta name=\"twitter:card\" content=\"summary_large_image\" \/>\n<meta name=\"twitter:label1\" content=\"Gesch\u00e4tzte Lesezeit\" \/>\n\t<meta name=\"twitter:data1\" content=\"1\u00a0Minute\" \/>\n<script type=\"application\/ld+json\" class=\"yoast-schema-graph\">{\"@context\":\"https:\\\/\\\/schema.org\",\"@graph\":[{\"@type\":\"WebPage\",\"@id\":\"https:\\\/\\\/Regalino-Shop.de\\\/?product=familientasse-7\",\"url\":\"https:\\\/\\\/Regalino-Shop.de\\\/?product=familientasse-7\",\"name\":\"Familientasse *Opa* von Good old friends - Regalino -Lively Style\",\"isPartOf\":{\"@id\":\"https:\\\/\\\/Regalino-Shop.de\\\/#website\"},\"primaryImageOfPage\":{\"@id\":\"https:\\\/\\\/Regalino-Shop.de\\\/?product=familientasse-7#primaryimage\"},\"image\":{\"@id\":\"https:\\\/\\\/Regalino-Shop.de\\\/?product=familientasse-7#primaryimage\"},\"thumbnailUrl\":\"https:\\\/\\\/Regalino-Shop.de\\\/wp-content\\\/uploads\\\/2026\\\/02\\\/tasse-opa-good-old-friends.jpg\",\"datePublished\":\"2026-02-10T13:20:47+00:00\",\"dateModified\":\"2026-02-24T12:09:10+00:00\",\"description\":\"Liebevolle Familientasse \u201eOpa\u201c aus Porzellan von Good old friends mit Herzboden und humorvollem Spruch \u2013 perfektes Geschenk f\u00fcr Lieblingsmenschen\",\"breadcrumb\":{\"@id\":\"https:\\\/\\\/Regalino-Shop.de\\\/?product=familientasse-7#breadcrumb\"},\"inLanguage\":\"de\",\"potentialAction\":[{\"@type\":\"ReadAction\",\"target\":[\"https:\\\/\\\/Regalino-Shop.de\\\/?product=familientasse-7\"]}]},{\"@type\":\"ImageObject\",\"inLanguage\":\"de\",\"@id\":\"https:\\\/\\\/Regalino-Shop.de\\\/?product=familientasse-7#primaryimage\",\"url\":\"https:\\\/\\\/Regalino-Shop.de\\\/wp-content\\\/uploads\\\/2026\\\/02\\\/tasse-opa-good-old-friends.jpg\",\"contentUrl\":\"https:\\\/\\\/Regalino-Shop.de\\\/wp-content\\\/uploads\\\/2026\\\/02\\\/tasse-opa-good-old-friends.jpg\",\"width\":1080,\"height\":1080,\"caption\":\"Familientasse \u201eOpa\u201c aus Porzellan von Good old friends mit schwarzem Schriftzug und liebevollem Spruch\"},{\"@type\":\"BreadcrumbList\",\"@id\":\"https:\\\/\\\/Regalino-Shop.de\\\/?product=familientasse-7#breadcrumb\",\"itemListElement\":[{\"@type\":\"ListItem\",\"position\":1,\"name\":\"Startseite\",\"item\":\"https:\\\/\\\/Regalino-Shop.de\\\/\"},{\"@type\":\"ListItem\",\"position\":2,\"name\":\"Shop\",\"item\":\"https:\\\/\\\/Regalino-Shop.de\\\/?page_id=40\"},{\"@type\":\"ListItem\",\"position\":3,\"name\":\"Familientasse *Opa* von Good old friends\"}]},{\"@type\":\"WebSite\",\"@id\":\"https:\\\/\\\/Regalino-Shop.de\\\/#website\",\"url\":\"https:\\\/\\\/Regalino-Shop.de\\\/\",\"name\":\"Regalino -Lively Style\",\"description\":\"gelebtes Zuhause\",\"potentialAction\":[{\"@type\":\"SearchAction\",\"target\":{\"@type\":\"EntryPoint\",\"urlTemplate\":\"https:\\\/\\\/Regalino-Shop.de\\\/?s={search_term_string}\"},\"query-input\":{\"@type\":\"PropertyValueSpecification\",\"valueRequired\":true,\"valueName\":\"search_term_string\"}}],\"inLanguage\":\"de\"}]}<\/script>\n<!-- \/ Yoast SEO plugin. -->","yoast_head_json":{"title":"Familientasse *Opa* von Good old friends - Regalino -Lively Style","description":"Liebevolle Familientasse \u201eOpa\u201c aus Porzellan von Good old friends mit Herzboden und humorvollem Spruch \u2013 perfektes Geschenk f\u00fcr Lieblingsmenschen","robots":{"index":"index","follow":"follow","max-snippet":"max-snippet:-1","max-image-preview":"max-image-preview:large","max-video-preview":"max-video-preview:-1"},"canonical":"https:\/\/Regalino-Shop.de\/?product=familientasse-7","og_locale":"de_DE","og_type":"article","og_title":"Familientasse *Opa* von Good old friends - Regalino -Lively Style","og_description":"Liebevolle Familientasse \u201eOpa\u201c aus Porzellan von Good old friends mit Herzboden und humorvollem Spruch \u2013 perfektes Geschenk f\u00fcr Lieblingsmenschen","og_url":"https:\/\/Regalino-Shop.de\/?product=familientasse-7","og_site_name":"Regalino -Lively Style","article_modified_time":"2026-02-24T12:09:10+00:00","og_image":[{"width":1080,"height":1080,"url":"https:\/\/Regalino-Shop.de\/wp-content\/uploads\/2026\/02\/tasse-opa-good-old-friends.jpg","type":"image\/jpeg"}],"twitter_card":"summary_large_image","twitter_misc":{"Gesch\u00e4tzte Lesezeit":"1\u00a0Minute"},"schema":{"@context":"https:\/\/schema.org","@graph":[{"@type":"WebPage","@id":"https:\/\/Regalino-Shop.de\/?product=familientasse-7","url":"https:\/\/Regalino-Shop.de\/?product=familientasse-7","name":"Familientasse *Opa* von Good old friends - Regalino -Lively Style","isPartOf":{"@id":"https:\/\/Regalino-Shop.de\/#website"},"primaryImageOfPage":{"@id":"https:\/\/Regalino-Shop.de\/?product=familientasse-7#primaryimage"},"image":{"@id":"https:\/\/Regalino-Shop.de\/?product=familientasse-7#primaryimage"},"thumbnailUrl":"https:\/\/Regalino-Shop.de\/wp-content\/uploads\/2026\/02\/tasse-opa-good-old-friends.jpg","datePublished":"2026-02-10T13:20:47+00:00","dateModified":"2026-02-24T12:09:10+00:00","description":"Liebevolle Familientasse \u201eOpa\u201c aus Porzellan von Good old friends mit Herzboden und humorvollem Spruch \u2013 perfektes Geschenk f\u00fcr Lieblingsmenschen","breadcrumb":{"@id":"https:\/\/Regalino-Shop.de\/?product=familientasse-7#breadcrumb"},"inLanguage":"de","potentialAction":[{"@type":"ReadAction","target":["https:\/\/Regalino-Shop.de\/?product=familientasse-7"]}]},{"@type":"ImageObject","inLanguage":"de","@id":"https:\/\/Regalino-Shop.de\/?product=familientasse-7#primaryimage","url":"https:\/\/Regalino-Shop.de\/wp-content\/uploads\/2026\/02\/tasse-opa-good-old-friends.jpg","contentUrl":"https:\/\/Regalino-Shop.de\/wp-content\/uploads\/2026\/02\/tasse-opa-good-old-friends.jpg","width":1080,"height":1080,"caption":"Familientasse \u201eOpa\u201c aus Porzellan von Good old friends mit schwarzem Schriftzug und liebevollem Spruch"},{"@type":"BreadcrumbList","@id":"https:\/\/Regalino-Shop.de\/?product=familientasse-7#breadcrumb","itemListElement":[{"@type":"ListItem","position":1,"name":"Startseite","item":"https:\/\/Regalino-Shop.de\/"},{"@type":"ListItem","position":2,"name":"Shop","item":"https:\/\/Regalino-Shop.de\/?page_id=40"},{"@type":"ListItem","position":3,"name":"Familientasse *Opa* von Good old friends"}]},{"@type":"WebSite","@id":"https:\/\/Regalino-Shop.de\/#website","url":"https:\/\/Regalino-Shop.de\/","name":"Regalino -Lively Style","description":"gelebtes Zuhause","potentialAction":[{"@type":"SearchAction","target":{"@type":"EntryPoint","urlTemplate":"https:\/\/Regalino-Shop.de\/?s={search_term_string}"},"query-input":{"@type":"PropertyValueSpecification","valueRequired":true,"valueName":"search_term_string"}}],"inLanguage":"de"}]}},"_links":{"self":[{"href":"https:\/\/Regalino-Shop.de\/index.php?rest_route=\/wp\/v2\/product\/17663","targetHints":{"allow":["GET"]}}],"collection":[{"href":"https:\/\/Regalino-Shop.de\/index.php?rest_route=\/wp\/v2\/product"}],"about":[{"href":"https:\/\/Regalino-Shop.de\/index.php?rest_route=\/wp\/v2\/types\/product"}],"wp:featuredmedia":[{"embeddable":true,"href":"https:\/\/Regalino-Shop.de\/index.php?rest_route=\/wp\/v2\/media\/17664"}],"wp:attachment":[{"href":"https:\/\/Regalino-Shop.de\/index.php?rest_route=%2Fwp%2Fv2%2Fmedia&parent=17663"}],"wp:term":[{"taxonomy":"product_brand","embeddable":true,"href":"https:\/\/Regalino-Shop.de\/index.php?rest_route=%2Fwp%2Fv2%2Fproduct_brand&post=17663"},{"taxonomy":"product_cat","embeddable":true,"href":"https:\/\/Regalino-Shop.de\/index.php?rest_route=%2Fwp%2Fv2%2Fproduct_cat&post=17663"},{"taxonomy":"product_tag","embeddable":true,"href":"https:\/\/Regalino-Shop.de\/index.php?rest_route=%2Fwp%2Fv2%2Fproduct_tag&post=17663"}],"curies":[{"name":"wp","href":"https:\/\/api.w.org\/{rel}","templated":true}]}}