{"id":17673,"date":"2026-02-10T16:26:27","date_gmt":"2026-02-10T16:26:27","guid":{"rendered":"https:\/\/Regalino-Shop.de\/?post_type=product&#038;p=17673"},"modified":"2026-03-11T14:11:32","modified_gmt":"2026-03-11T14:11:32","slug":"lampenschirm-2","status":"publish","type":"product","link":"https:\/\/Regalino-Shop.de\/?product=lampenschirm-2","title":{"rendered":"Lampenschirm *Magarete* von Innocreo"},"content":{"rendered":"","protected":false},"excerpt":{"rendered":"<h3 data-start=\"170\" data-end=\"229\">Lampenschirm \u201eMagarete\u201c \u2013 grafisches Licht mit Ausdruck<\/h3>\n<p data-start=\"231\" data-end=\"558\">Neues Licht f\u00fcr dein Zuhause: Der Lampenschirm <strong data-start=\"278\" data-end=\"292\">\u201eMagarete\u201c<\/strong> setzt ein klares Statement und bringt modernes Design in deine R\u00e4ume. Sie l\u00e4sst sich ganz einfach auf die vorhandene Aufh\u00e4ngung deines Weihnachtssterns A1 oder auf unsere Beleuchtungseinheit montieren \u2013 f\u00fcr atmosph\u00e4risches Licht, das das ganze Jahr \u00fcber begeistert.<\/p>\n<p data-start=\"560\" data-end=\"905\">\u201eMagarete\u201c lebt von ihrer markanten, geometrisch inspirierten Form. Pr\u00e4zise gefaltete Fl\u00e4chen f\u00fcgen sich zu einem facettenreichen Designobjekt zusammen, das Licht und Schatten auf besondere Weise miteinander spielen l\u00e4sst. Die klaren Kanten und ausdrucksstarken Linien sorgen f\u00fcr spannende Lichtreflexe und verleihen dem Raum Tiefe und Struktur.<\/p>\n<p data-start=\"907\" data-end=\"1253\">Trotz ihrer starken Pr\u00e4senz wirkt \u201eMagarete\u201c nicht laut, sondern bewusst reduziert. Ihr minimalistischer Charakter macht sie zur idealen Wahl f\u00fcr moderne Interieurs, in denen klare Formen, Architektur und Design im Mittelpunkt stehen. Ob als einzelnes Statement oder gezielt kombiniert \u2013 \u201eMagarete\u201c zieht Blicke auf sich und bleibt dabei zeitlos.<\/p>\n<p data-start=\"1255\" data-end=\"1421\">Wie alle diese Lampenschirme wird auch \u201eMagarete\u201c mit viel Sorgfalt in einer Manufaktur in Enger (NRW) gefertigt \u2013 nachhaltig, hochwertig und mit Liebe zum Detail.<\/p>\n<h3 data-start=\"191\" data-end=\"252\"><strong style=\"color: #666666; font-size: 14px;\" data-start=\"1248\" data-end=\"1266\">Gut zu wissen:<\/strong><\/h3>\n<p data-start=\"1248\" data-end=\"1532\">Der Lampenschirm ist passend f\u00fcr die Beleuchtungseinheit E10 oder die Aufh\u00e4ngung des Sterns Modell A1 (e) mit \u00d8 13 cm und LED. Geliefert wird ausschlie\u00dflich der Lampenschirm in Wei\u00df. Aufh\u00e4ngung und Netzteil sind nicht enthalten (im Shop bei uns separat erh\u00e4ltlich)<\/p>\n<ul>\n<li data-start=\"1248\" data-end=\"1532\">Durchmesser 10 cm, H\u00f6he 8,8 cm<\/li>\n<li data-start=\"1248\" data-end=\"1532\">Gewicht ca 35 g<\/li>\n<li data-start=\"1248\" data-end=\"1532\">Bio-Kunststoff<\/li>\n<li data-start=\"1248\" data-end=\"1532\">Herstellung in Deutschland<\/li>\n<\/ul>\n<p>Lieferumfang: 1 Lampenschirm im gew\u00e4hlten Design<\/p>\n<p data-start=\"1248\" data-end=\"1532\">\n","protected":false},"featured_media":17721,"template":"","meta":{"_et_pb_use_builder":"","_et_pb_old_content":"","_et_gb_content_width":""},"product_brand":[2235],"product_cat":[64,62,57],"product_tag":[2242,2240,1986,2238,2241,2239,2237],"class_list":{"0":"post-17673","1":"product","2":"type-product","3":"status-publish","4":"has-post-thumbnail","6":"product_brand-innocreo","7":"product_cat-besondere-deko-im-nordischen-stil-maritime-akzente-regalino","8":"product_cat-licht-lampen-kerzen-im-scandi-breton-stil-regalino","9":"product_cat-neu-eingetroffen-neue-lieblingsstuecke-bei-regalino","10":"product_tag-lampenschirm","11":"product_tag-nordisches-design","12":"product_tag-regalino","13":"product_tag-sanftes-licht","14":"product_tag-stern-a1","15":"product_tag-wohnraumbeleuchtung","16":"product_tag-zeitloser-lampenschirm","18":"first","19":"instock","20":"taxable","21":"shipping-taxable","22":"purchasable","23":"product-type-simple"},"yoast_head":"<!-- This site is optimized with the Yoast SEO plugin v27.3 - https:\/\/yoast.com\/product\/yoast-seo-wordpress\/ -->\n<title>Lampenschirm *Magarete* von Innocreo - Regalino -Lively Style<\/title>\n<meta name=\"description\" content=\"Lampenschirm \u201eMagarete\u201c \u2013 ruhiges, elegantes Licht f\u00fcr dein Zuhause. Passend f\u00fcr Stern A1. Hochwertig &amp; nachhaltig in Deutschland gefertigt\" \/>\n<meta name=\"robots\" content=\"index, follow, max-snippet:-1, max-image-preview:large, max-video-preview:-1\" \/>\n<link rel=\"canonical\" href=\"https:\/\/Regalino-Shop.de\/?product=lampenschirm-2\" \/>\n<meta property=\"og:locale\" content=\"de_DE\" \/>\n<meta property=\"og:type\" content=\"article\" \/>\n<meta property=\"og:title\" content=\"Lampenschirm *Magarete* von Innocreo - Regalino -Lively Style\" \/>\n<meta property=\"og:description\" content=\"Lampenschirm \u201eMagarete\u201c \u2013 ruhiges, elegantes Licht f\u00fcr dein Zuhause. Passend f\u00fcr Stern A1. Hochwertig &amp; nachhaltig in Deutschland gefertigt\" \/>\n<meta property=\"og:url\" content=\"https:\/\/Regalino-Shop.de\/?product=lampenschirm-2\" \/>\n<meta property=\"og:site_name\" content=\"Regalino -Lively Style\" \/>\n<meta property=\"article:modified_time\" content=\"2026-03-11T14:11:32+00:00\" \/>\n<meta property=\"og:image\" content=\"https:\/\/Regalino-Shop.de\/wp-content\/uploads\/2026\/02\/Magarete-Lampenschirm-Kunststoff.png\" \/>\n\t<meta property=\"og:image:width\" content=\"1024\" \/>\n\t<meta property=\"og:image:height\" content=\"1024\" \/>\n\t<meta property=\"og:image:type\" content=\"image\/png\" \/>\n<meta name=\"twitter:card\" content=\"summary_large_image\" \/>\n<meta name=\"twitter:label1\" content=\"Gesch\u00e4tzte Lesezeit\" \/>\n\t<meta name=\"twitter:data1\" content=\"1\u00a0Minute\" \/>\n<script type=\"application\/ld+json\" class=\"yoast-schema-graph\">{\"@context\":\"https:\\\/\\\/schema.org\",\"@graph\":[{\"@type\":\"WebPage\",\"@id\":\"https:\\\/\\\/Regalino-Shop.de\\\/?product=lampenschirm-2\",\"url\":\"https:\\\/\\\/Regalino-Shop.de\\\/?product=lampenschirm-2\",\"name\":\"Lampenschirm *Magarete* von Innocreo - Regalino -Lively Style\",\"isPartOf\":{\"@id\":\"https:\\\/\\\/Regalino-Shop.de\\\/#website\"},\"primaryImageOfPage\":{\"@id\":\"https:\\\/\\\/Regalino-Shop.de\\\/?product=lampenschirm-2#primaryimage\"},\"image\":{\"@id\":\"https:\\\/\\\/Regalino-Shop.de\\\/?product=lampenschirm-2#primaryimage\"},\"thumbnailUrl\":\"https:\\\/\\\/Regalino-Shop.de\\\/wp-content\\\/uploads\\\/2026\\\/02\\\/Magarete-Lampenschirm-Kunststoff.png\",\"datePublished\":\"2026-02-10T16:26:27+00:00\",\"dateModified\":\"2026-03-11T14:11:32+00:00\",\"description\":\"Lampenschirm \u201eMagarete\u201c \u2013 ruhiges, elegantes Licht f\u00fcr dein Zuhause. Passend f\u00fcr Stern A1. Hochwertig & nachhaltig in Deutschland gefertigt\",\"breadcrumb\":{\"@id\":\"https:\\\/\\\/Regalino-Shop.de\\\/?product=lampenschirm-2#breadcrumb\"},\"inLanguage\":\"de\",\"potentialAction\":[{\"@type\":\"ReadAction\",\"target\":[\"https:\\\/\\\/Regalino-Shop.de\\\/?product=lampenschirm-2\"]}]},{\"@type\":\"ImageObject\",\"inLanguage\":\"de\",\"@id\":\"https:\\\/\\\/Regalino-Shop.de\\\/?product=lampenschirm-2#primaryimage\",\"url\":\"https:\\\/\\\/Regalino-Shop.de\\\/wp-content\\\/uploads\\\/2026\\\/02\\\/Magarete-Lampenschirm-Kunststoff.png\",\"contentUrl\":\"https:\\\/\\\/Regalino-Shop.de\\\/wp-content\\\/uploads\\\/2026\\\/02\\\/Magarete-Lampenschirm-Kunststoff.png\",\"width\":1024,\"height\":1024,\"caption\":\"Lampenschirm geometrisch A1\"},{\"@type\":\"BreadcrumbList\",\"@id\":\"https:\\\/\\\/Regalino-Shop.de\\\/?product=lampenschirm-2#breadcrumb\",\"itemListElement\":[{\"@type\":\"ListItem\",\"position\":1,\"name\":\"Startseite\",\"item\":\"https:\\\/\\\/Regalino-Shop.de\\\/\"},{\"@type\":\"ListItem\",\"position\":2,\"name\":\"Shop\",\"item\":\"https:\\\/\\\/Regalino-Shop.de\\\/?page_id=40\"},{\"@type\":\"ListItem\",\"position\":3,\"name\":\"Lampenschirm *Magarete* von Innocreo\"}]},{\"@type\":\"WebSite\",\"@id\":\"https:\\\/\\\/Regalino-Shop.de\\\/#website\",\"url\":\"https:\\\/\\\/Regalino-Shop.de\\\/\",\"name\":\"Regalino -Lively Style\",\"description\":\"gelebtes Zuhause\",\"potentialAction\":[{\"@type\":\"SearchAction\",\"target\":{\"@type\":\"EntryPoint\",\"urlTemplate\":\"https:\\\/\\\/Regalino-Shop.de\\\/?s={search_term_string}\"},\"query-input\":{\"@type\":\"PropertyValueSpecification\",\"valueRequired\":true,\"valueName\":\"search_term_string\"}}],\"inLanguage\":\"de\"}]}<\/script>\n<!-- \/ Yoast SEO plugin. -->","yoast_head_json":{"title":"Lampenschirm *Magarete* von Innocreo - Regalino -Lively Style","description":"Lampenschirm \u201eMagarete\u201c \u2013 ruhiges, elegantes Licht f\u00fcr dein Zuhause. Passend f\u00fcr Stern A1. Hochwertig & nachhaltig in Deutschland gefertigt","robots":{"index":"index","follow":"follow","max-snippet":"max-snippet:-1","max-image-preview":"max-image-preview:large","max-video-preview":"max-video-preview:-1"},"canonical":"https:\/\/Regalino-Shop.de\/?product=lampenschirm-2","og_locale":"de_DE","og_type":"article","og_title":"Lampenschirm *Magarete* von Innocreo - Regalino -Lively Style","og_description":"Lampenschirm \u201eMagarete\u201c \u2013 ruhiges, elegantes Licht f\u00fcr dein Zuhause. Passend f\u00fcr Stern A1. Hochwertig & nachhaltig in Deutschland gefertigt","og_url":"https:\/\/Regalino-Shop.de\/?product=lampenschirm-2","og_site_name":"Regalino -Lively Style","article_modified_time":"2026-03-11T14:11:32+00:00","og_image":[{"width":1024,"height":1024,"url":"https:\/\/Regalino-Shop.de\/wp-content\/uploads\/2026\/02\/Magarete-Lampenschirm-Kunststoff.png","type":"image\/png"}],"twitter_card":"summary_large_image","twitter_misc":{"Gesch\u00e4tzte Lesezeit":"1\u00a0Minute"},"schema":{"@context":"https:\/\/schema.org","@graph":[{"@type":"WebPage","@id":"https:\/\/Regalino-Shop.de\/?product=lampenschirm-2","url":"https:\/\/Regalino-Shop.de\/?product=lampenschirm-2","name":"Lampenschirm *Magarete* von Innocreo - Regalino -Lively Style","isPartOf":{"@id":"https:\/\/Regalino-Shop.de\/#website"},"primaryImageOfPage":{"@id":"https:\/\/Regalino-Shop.de\/?product=lampenschirm-2#primaryimage"},"image":{"@id":"https:\/\/Regalino-Shop.de\/?product=lampenschirm-2#primaryimage"},"thumbnailUrl":"https:\/\/Regalino-Shop.de\/wp-content\/uploads\/2026\/02\/Magarete-Lampenschirm-Kunststoff.png","datePublished":"2026-02-10T16:26:27+00:00","dateModified":"2026-03-11T14:11:32+00:00","description":"Lampenschirm \u201eMagarete\u201c \u2013 ruhiges, elegantes Licht f\u00fcr dein Zuhause. Passend f\u00fcr Stern A1. Hochwertig & nachhaltig in Deutschland gefertigt","breadcrumb":{"@id":"https:\/\/Regalino-Shop.de\/?product=lampenschirm-2#breadcrumb"},"inLanguage":"de","potentialAction":[{"@type":"ReadAction","target":["https:\/\/Regalino-Shop.de\/?product=lampenschirm-2"]}]},{"@type":"ImageObject","inLanguage":"de","@id":"https:\/\/Regalino-Shop.de\/?product=lampenschirm-2#primaryimage","url":"https:\/\/Regalino-Shop.de\/wp-content\/uploads\/2026\/02\/Magarete-Lampenschirm-Kunststoff.png","contentUrl":"https:\/\/Regalino-Shop.de\/wp-content\/uploads\/2026\/02\/Magarete-Lampenschirm-Kunststoff.png","width":1024,"height":1024,"caption":"Lampenschirm geometrisch A1"},{"@type":"BreadcrumbList","@id":"https:\/\/Regalino-Shop.de\/?product=lampenschirm-2#breadcrumb","itemListElement":[{"@type":"ListItem","position":1,"name":"Startseite","item":"https:\/\/Regalino-Shop.de\/"},{"@type":"ListItem","position":2,"name":"Shop","item":"https:\/\/Regalino-Shop.de\/?page_id=40"},{"@type":"ListItem","position":3,"name":"Lampenschirm *Magarete* von Innocreo"}]},{"@type":"WebSite","@id":"https:\/\/Regalino-Shop.de\/#website","url":"https:\/\/Regalino-Shop.de\/","name":"Regalino -Lively Style","description":"gelebtes Zuhause","potentialAction":[{"@type":"SearchAction","target":{"@type":"EntryPoint","urlTemplate":"https:\/\/Regalino-Shop.de\/?s={search_term_string}"},"query-input":{"@type":"PropertyValueSpecification","valueRequired":true,"valueName":"search_term_string"}}],"inLanguage":"de"}]}},"_links":{"self":[{"href":"https:\/\/Regalino-Shop.de\/index.php?rest_route=\/wp\/v2\/product\/17673","targetHints":{"allow":["GET"]}}],"collection":[{"href":"https:\/\/Regalino-Shop.de\/index.php?rest_route=\/wp\/v2\/product"}],"about":[{"href":"https:\/\/Regalino-Shop.de\/index.php?rest_route=\/wp\/v2\/types\/product"}],"wp:featuredmedia":[{"embeddable":true,"href":"https:\/\/Regalino-Shop.de\/index.php?rest_route=\/wp\/v2\/media\/17721"}],"wp:attachment":[{"href":"https:\/\/Regalino-Shop.de\/index.php?rest_route=%2Fwp%2Fv2%2Fmedia&parent=17673"}],"wp:term":[{"taxonomy":"product_brand","embeddable":true,"href":"https:\/\/Regalino-Shop.de\/index.php?rest_route=%2Fwp%2Fv2%2Fproduct_brand&post=17673"},{"taxonomy":"product_cat","embeddable":true,"href":"https:\/\/Regalino-Shop.de\/index.php?rest_route=%2Fwp%2Fv2%2Fproduct_cat&post=17673"},{"taxonomy":"product_tag","embeddable":true,"href":"https:\/\/Regalino-Shop.de\/index.php?rest_route=%2Fwp%2Fv2%2Fproduct_tag&post=17673"}],"curies":[{"name":"wp","href":"https:\/\/api.w.org\/{rel}","templated":true}]}}