{"id":17683,"date":"2026-02-14T15:36:03","date_gmt":"2026-02-14T15:36:03","guid":{"rendered":"https:\/\/Regalino-Shop.de\/?post_type=product&#038;p=17683"},"modified":"2026-04-15T13:20:15","modified_gmt":"2026-04-15T13:20:15","slug":"lampenschirm-6","status":"publish","type":"product","link":"https:\/\/Regalino-Shop.de\/?product=lampenschirm-6","title":{"rendered":"Lampenschirm *Frida* von Innocreo"},"content":{"rendered":"","protected":false},"excerpt":{"rendered":"<h3 data-start=\"227\" data-end=\"463\">Neues Licht f\u00fcr dein Zuhause?<\/h3>\n<p data-start=\"227\" data-end=\"463\">Aber bitte mit Haltung. <strong data-start=\"281\" data-end=\"292\">\u201eFrida\u201c<\/strong> h\u00e4ngt sich ganz unkompliziert an die Aufh\u00e4ngung deines Weihnachtssterns A1 oder der Beleuchtungseinheit \u2013 und bleibt dann einfach. Denn gutes Licht kennt keine Saison.<\/p>\n<p data-start=\"465\" data-end=\"825\">\u201eFrida\u201c liebt klare Linien. Ihre markante, geometrische Form mit den pr\u00e4zisen Facetten sorgt f\u00fcr ordentlich Charakter. Keine runden Spielchen \u2013 hier wird mit Kante gearbeitet. Das Licht wird gebrochen, gespiegelt und in Szene gesetzt, sodass spannende Schatten und eine beeindruckende Tiefe entstehen. Ein bisschen Drama? Vielleicht. Aber auf die elegante Art.<\/p>\n<p data-start=\"827\" data-end=\"1010\">Mit ihrer kantigen Eleganz passt \u201eFrida\u201c perfekt in moderne R\u00e4ume, in denen Design nicht fl\u00fcstert, sondern selbstbewusst spricht. Sie ist kein Hintergrundlicht \u2013 sie ist das Gespr\u00e4ch.<\/p>\n<p data-start=\"1012\" data-end=\"1108\">Am liebsten h\u00e4ngt sie mit ihrer Schwester <strong data-start=\"1054\" data-end=\"1068\">\u201eMagarete\u201c<\/strong> ab. Zusammen? Ein ziemlich starkes Duo.<\/p>\n<p data-start=\"1255\" data-end=\"1421\">Wie alle diese Lampenschirme wird auch \u201eFrida\u201c mit viel Sorgfalt in einer Manufaktur in Enger (NRW) gefertigt \u2013 nachhaltig, hochwertig und mit Liebe zum Detail.<\/p>\n<h3 data-start=\"191\" data-end=\"252\"><strong style=\"color: #666666; font-size: 14px;\" data-start=\"1248\" data-end=\"1266\">Gut zu wissen:<\/strong><\/h3>\n<p data-start=\"1248\" data-end=\"1532\">Der Lampenschirm ist passend f\u00fcr die Beleuchtungseinheit E10 oder die Aufh\u00e4ngung des Sterns Modell A1 (e) mit \u00d8 13 cm und LED. Geliefert wird ausschlie\u00dflich der Lampenschirm in Wei\u00df. Aufh\u00e4ngung und Netzteil sind nicht enthalten (im Shop bei uns separat erh\u00e4ltlich)<\/p>\n<ul>\n<li data-start=\"1248\" data-end=\"1532\">Durchmesser 10 cm, H\u00f6he 8,8 cm<\/li>\n<li data-start=\"1248\" data-end=\"1532\">Gewicht ca 35 g<\/li>\n<li data-start=\"1248\" data-end=\"1532\">Bio-Kunststoff<\/li>\n<li data-start=\"1248\" data-end=\"1532\">Herstellung in Deutschland<\/li>\n<\/ul>\n<p>Lieferumfang: 1 Lampenschirm im gew\u00e4hlten Design<\/p>\n<p data-start=\"1248\" data-end=\"1532\">\n","protected":false},"featured_media":17713,"template":"","meta":{"_et_pb_use_builder":"","_et_pb_old_content":"","_et_gb_content_width":""},"product_brand":[2235],"product_cat":[62,57],"product_tag":[2242,2240,1986,2238,2241,2239,2237],"class_list":{"0":"post-17683","1":"product","2":"type-product","3":"status-publish","4":"has-post-thumbnail","6":"product_brand-innocreo","7":"product_cat-licht-lampen-kerzen-im-scandi-breton-stil-regalino","8":"product_cat-neu-eingetroffen-neue-lieblingsstuecke-bei-regalino","9":"product_tag-lampenschirm","10":"product_tag-nordisches-design","11":"product_tag-regalino","12":"product_tag-sanftes-licht","13":"product_tag-stern-a1","14":"product_tag-wohnraumbeleuchtung","15":"product_tag-zeitloser-lampenschirm","17":"first","18":"instock","19":"taxable","20":"shipping-taxable","21":"purchasable","22":"product-type-simple"},"yoast_head":"<!-- This site is optimized with the Yoast SEO plugin v27.5 - https:\/\/yoast.com\/product\/yoast-seo-wordpress\/ -->\n<title>Lampenschirm *Frida* von Innocreo - Regalino -Lively Style<\/title>\n<meta name=\"description\" content=\"Lampenschirm \u201eFrida\u201c \u2013 ruhiges, elegantes Licht f\u00fcr dein Zuhause. Passend f\u00fcr Stern A1. Hochwertig &amp; nachhaltig in Deutschland gefertigt\" \/>\n<meta name=\"robots\" content=\"index, follow, max-snippet:-1, max-image-preview:large, max-video-preview:-1\" \/>\n<link rel=\"canonical\" href=\"https:\/\/Regalino-Shop.de\/?product=lampenschirm-6\" \/>\n<meta property=\"og:locale\" content=\"de_DE\" \/>\n<meta property=\"og:type\" content=\"article\" \/>\n<meta property=\"og:title\" content=\"Lampenschirm *Frida* von Innocreo - Regalino -Lively Style\" \/>\n<meta property=\"og:description\" content=\"Lampenschirm \u201eFrida\u201c \u2013 ruhiges, elegantes Licht f\u00fcr dein Zuhause. Passend f\u00fcr Stern A1. Hochwertig &amp; nachhaltig in Deutschland gefertigt\" \/>\n<meta property=\"og:url\" content=\"https:\/\/Regalino-Shop.de\/?product=lampenschirm-6\" \/>\n<meta property=\"og:site_name\" content=\"Regalino -Lively Style\" \/>\n<meta property=\"article:modified_time\" content=\"2026-04-15T13:20:15+00:00\" \/>\n<meta property=\"og:image\" content=\"https:\/\/Regalino-Shop.de\/wp-content\/uploads\/2026\/02\/Frida-Lampenschirm-Kunststoff-mood.png\" \/>\n\t<meta property=\"og:image:width\" content=\"1024\" \/>\n\t<meta property=\"og:image:height\" content=\"1536\" \/>\n\t<meta property=\"og:image:type\" content=\"image\/png\" \/>\n<meta name=\"twitter:card\" content=\"summary_large_image\" \/>\n<meta name=\"twitter:label1\" content=\"Gesch\u00e4tzte Lesezeit\" \/>\n\t<meta name=\"twitter:data1\" content=\"1\u00a0Minute\" \/>\n<script type=\"application\/ld+json\" class=\"yoast-schema-graph\">{\"@context\":\"https:\\\/\\\/schema.org\",\"@graph\":[{\"@type\":\"WebPage\",\"@id\":\"https:\\\/\\\/Regalino-Shop.de\\\/?product=lampenschirm-6\",\"url\":\"https:\\\/\\\/Regalino-Shop.de\\\/?product=lampenschirm-6\",\"name\":\"Lampenschirm *Frida* von Innocreo - Regalino -Lively Style\",\"isPartOf\":{\"@id\":\"https:\\\/\\\/Regalino-Shop.de\\\/#website\"},\"primaryImageOfPage\":{\"@id\":\"https:\\\/\\\/Regalino-Shop.de\\\/?product=lampenschirm-6#primaryimage\"},\"image\":{\"@id\":\"https:\\\/\\\/Regalino-Shop.de\\\/?product=lampenschirm-6#primaryimage\"},\"thumbnailUrl\":\"https:\\\/\\\/Regalino-Shop.de\\\/wp-content\\\/uploads\\\/2026\\\/02\\\/Frida-Lampenschirm-Kunststoff-mood.png\",\"datePublished\":\"2026-02-14T15:36:03+00:00\",\"dateModified\":\"2026-04-15T13:20:15+00:00\",\"description\":\"Lampenschirm \u201eFrida\u201c \u2013 ruhiges, elegantes Licht f\u00fcr dein Zuhause. Passend f\u00fcr Stern A1. Hochwertig & nachhaltig in Deutschland gefertigt\",\"breadcrumb\":{\"@id\":\"https:\\\/\\\/Regalino-Shop.de\\\/?product=lampenschirm-6#breadcrumb\"},\"inLanguage\":\"de\",\"potentialAction\":[{\"@type\":\"ReadAction\",\"target\":[\"https:\\\/\\\/Regalino-Shop.de\\\/?product=lampenschirm-6\"]}]},{\"@type\":\"ImageObject\",\"inLanguage\":\"de\",\"@id\":\"https:\\\/\\\/Regalino-Shop.de\\\/?product=lampenschirm-6#primaryimage\",\"url\":\"https:\\\/\\\/Regalino-Shop.de\\\/wp-content\\\/uploads\\\/2026\\\/02\\\/Frida-Lampenschirm-Kunststoff-mood.png\",\"contentUrl\":\"https:\\\/\\\/Regalino-Shop.de\\\/wp-content\\\/uploads\\\/2026\\\/02\\\/Frida-Lampenschirm-Kunststoff-mood.png\",\"width\":1024,\"height\":1536,\"caption\":\"Lampenschirm Kunststoff Ersatz A1\"},{\"@type\":\"BreadcrumbList\",\"@id\":\"https:\\\/\\\/Regalino-Shop.de\\\/?product=lampenschirm-6#breadcrumb\",\"itemListElement\":[{\"@type\":\"ListItem\",\"position\":1,\"name\":\"Startseite\",\"item\":\"https:\\\/\\\/Regalino-Shop.de\\\/\"},{\"@type\":\"ListItem\",\"position\":2,\"name\":\"Shop\",\"item\":\"https:\\\/\\\/Regalino-Shop.de\\\/?page_id=40\"},{\"@type\":\"ListItem\",\"position\":3,\"name\":\"Lampenschirm *Frida* von Innocreo\"}]},{\"@type\":\"WebSite\",\"@id\":\"https:\\\/\\\/Regalino-Shop.de\\\/#website\",\"url\":\"https:\\\/\\\/Regalino-Shop.de\\\/\",\"name\":\"Regalino -Lively Style\",\"description\":\"gelebtes Zuhause\",\"potentialAction\":[{\"@type\":\"SearchAction\",\"target\":{\"@type\":\"EntryPoint\",\"urlTemplate\":\"https:\\\/\\\/Regalino-Shop.de\\\/?s={search_term_string}\"},\"query-input\":{\"@type\":\"PropertyValueSpecification\",\"valueRequired\":true,\"valueName\":\"search_term_string\"}}],\"inLanguage\":\"de\"}]}<\/script>\n<!-- \/ Yoast SEO plugin. -->","yoast_head_json":{"title":"Lampenschirm *Frida* von Innocreo - Regalino -Lively Style","description":"Lampenschirm \u201eFrida\u201c \u2013 ruhiges, elegantes Licht f\u00fcr dein Zuhause. Passend f\u00fcr Stern A1. Hochwertig & nachhaltig in Deutschland gefertigt","robots":{"index":"index","follow":"follow","max-snippet":"max-snippet:-1","max-image-preview":"max-image-preview:large","max-video-preview":"max-video-preview:-1"},"canonical":"https:\/\/Regalino-Shop.de\/?product=lampenschirm-6","og_locale":"de_DE","og_type":"article","og_title":"Lampenschirm *Frida* von Innocreo - Regalino -Lively Style","og_description":"Lampenschirm \u201eFrida\u201c \u2013 ruhiges, elegantes Licht f\u00fcr dein Zuhause. Passend f\u00fcr Stern A1. Hochwertig & nachhaltig in Deutschland gefertigt","og_url":"https:\/\/Regalino-Shop.de\/?product=lampenschirm-6","og_site_name":"Regalino -Lively Style","article_modified_time":"2026-04-15T13:20:15+00:00","og_image":[{"width":1024,"height":1536,"url":"https:\/\/Regalino-Shop.de\/wp-content\/uploads\/2026\/02\/Frida-Lampenschirm-Kunststoff-mood.png","type":"image\/png"}],"twitter_card":"summary_large_image","twitter_misc":{"Gesch\u00e4tzte Lesezeit":"1\u00a0Minute"},"schema":{"@context":"https:\/\/schema.org","@graph":[{"@type":"WebPage","@id":"https:\/\/Regalino-Shop.de\/?product=lampenschirm-6","url":"https:\/\/Regalino-Shop.de\/?product=lampenschirm-6","name":"Lampenschirm *Frida* von Innocreo - Regalino -Lively Style","isPartOf":{"@id":"https:\/\/Regalino-Shop.de\/#website"},"primaryImageOfPage":{"@id":"https:\/\/Regalino-Shop.de\/?product=lampenschirm-6#primaryimage"},"image":{"@id":"https:\/\/Regalino-Shop.de\/?product=lampenschirm-6#primaryimage"},"thumbnailUrl":"https:\/\/Regalino-Shop.de\/wp-content\/uploads\/2026\/02\/Frida-Lampenschirm-Kunststoff-mood.png","datePublished":"2026-02-14T15:36:03+00:00","dateModified":"2026-04-15T13:20:15+00:00","description":"Lampenschirm \u201eFrida\u201c \u2013 ruhiges, elegantes Licht f\u00fcr dein Zuhause. Passend f\u00fcr Stern A1. Hochwertig & nachhaltig in Deutschland gefertigt","breadcrumb":{"@id":"https:\/\/Regalino-Shop.de\/?product=lampenschirm-6#breadcrumb"},"inLanguage":"de","potentialAction":[{"@type":"ReadAction","target":["https:\/\/Regalino-Shop.de\/?product=lampenschirm-6"]}]},{"@type":"ImageObject","inLanguage":"de","@id":"https:\/\/Regalino-Shop.de\/?product=lampenschirm-6#primaryimage","url":"https:\/\/Regalino-Shop.de\/wp-content\/uploads\/2026\/02\/Frida-Lampenschirm-Kunststoff-mood.png","contentUrl":"https:\/\/Regalino-Shop.de\/wp-content\/uploads\/2026\/02\/Frida-Lampenschirm-Kunststoff-mood.png","width":1024,"height":1536,"caption":"Lampenschirm Kunststoff Ersatz A1"},{"@type":"BreadcrumbList","@id":"https:\/\/Regalino-Shop.de\/?product=lampenschirm-6#breadcrumb","itemListElement":[{"@type":"ListItem","position":1,"name":"Startseite","item":"https:\/\/Regalino-Shop.de\/"},{"@type":"ListItem","position":2,"name":"Shop","item":"https:\/\/Regalino-Shop.de\/?page_id=40"},{"@type":"ListItem","position":3,"name":"Lampenschirm *Frida* von Innocreo"}]},{"@type":"WebSite","@id":"https:\/\/Regalino-Shop.de\/#website","url":"https:\/\/Regalino-Shop.de\/","name":"Regalino -Lively Style","description":"gelebtes Zuhause","potentialAction":[{"@type":"SearchAction","target":{"@type":"EntryPoint","urlTemplate":"https:\/\/Regalino-Shop.de\/?s={search_term_string}"},"query-input":{"@type":"PropertyValueSpecification","valueRequired":true,"valueName":"search_term_string"}}],"inLanguage":"de"}]}},"_links":{"self":[{"href":"https:\/\/Regalino-Shop.de\/index.php?rest_route=\/wp\/v2\/product\/17683","targetHints":{"allow":["GET"]}}],"collection":[{"href":"https:\/\/Regalino-Shop.de\/index.php?rest_route=\/wp\/v2\/product"}],"about":[{"href":"https:\/\/Regalino-Shop.de\/index.php?rest_route=\/wp\/v2\/types\/product"}],"wp:featuredmedia":[{"embeddable":true,"href":"https:\/\/Regalino-Shop.de\/index.php?rest_route=\/wp\/v2\/media\/17713"}],"wp:attachment":[{"href":"https:\/\/Regalino-Shop.de\/index.php?rest_route=%2Fwp%2Fv2%2Fmedia&parent=17683"}],"wp:term":[{"taxonomy":"product_brand","embeddable":true,"href":"https:\/\/Regalino-Shop.de\/index.php?rest_route=%2Fwp%2Fv2%2Fproduct_brand&post=17683"},{"taxonomy":"product_cat","embeddable":true,"href":"https:\/\/Regalino-Shop.de\/index.php?rest_route=%2Fwp%2Fv2%2Fproduct_cat&post=17683"},{"taxonomy":"product_tag","embeddable":true,"href":"https:\/\/Regalino-Shop.de\/index.php?rest_route=%2Fwp%2Fv2%2Fproduct_tag&post=17683"}],"curies":[{"name":"wp","href":"https:\/\/api.w.org\/{rel}","templated":true}]}}