{"id":17688,"date":"2026-02-11T15:46:58","date_gmt":"2026-02-11T15:46:58","guid":{"rendered":"https:\/\/Regalino-Shop.de\/?post_type=product&#038;p=17688"},"modified":"2026-03-19T11:59:09","modified_gmt":"2026-03-19T11:59:09","slug":"lampenschirm-3","status":"publish","type":"product","link":"https:\/\/Regalino-Shop.de\/?product=lampenschirm-3","title":{"rendered":"Lampenschirm *Hei\u00dfluftballon* von Innocreo"},"content":{"rendered":"","protected":false},"excerpt":{"rendered":"<h3 data-start=\"196\" data-end=\"371\">Neues Licht f\u00fcr dein Zuhause? Dann steigen wir mal ein.<\/h3>\n<p data-start=\"196\" data-end=\"371\">Unser <strong data-start=\"258\" data-end=\"285\">InnoCreo Hei\u00dfluftballon<\/strong> bringt dich zwar nicht nach Paris \u2013 aber definitiv in eine gem\u00fctlichere Atmosph\u00e4re.<\/p>\n<p data-start=\"373\" data-end=\"550\">Er l\u00e4sst sich ganz entspannt auf die Aufh\u00e4ngung deines Weihnachtssterns A1 oder unsere Beleuchtungseinheit montieren. Und dann hei\u00dft es: ganzj\u00e4hriger H\u00f6henflug f\u00fcr dein Zuhause.<\/p>\n<p data-start=\"552\" data-end=\"862\">Ein kleiner Gru\u00df vom Himmel \u2013 und ein echtes Highlight f\u00fcr jedes Kinderzimmer. Der Hei\u00dfluftballon verbindet spielerische Leichtigkeit mit stilvollem Design. Die sanft geschwungenen, vertikalen Rillen sorgen daf\u00fcr, dass das Licht weich gebrochen wird und der Raum in eine warme, vertr\u00e4umte Stimmung eintaucht.<\/p>\n<p data-start=\"864\" data-end=\"1004\">Und ja \u2013 der kleine Ballonkorb unten ist kein Zufall. Er ist das liebevolle Detail, das dem Ganzen Tiefe gibt und ein kleines \u201eWow\u201c erzeugt.<\/p>\n<p data-start=\"1006\" data-end=\"1262\">Ob im Kinderzimmer, Babyzimmer oder sogar als charmantes Statement im Wohnzimmer \u2013 dieser Ballon f\u00fchlt sich \u00fcberall wohl. Besonders abends als sanftes Nachtlicht sorgt er f\u00fcr eine geborgene Atmosph\u00e4re, in der kleine Abenteurer entspannt einschlafen k\u00f6nnen.<\/p>\n<p data-start=\"1264\" data-end=\"1347\">Kurz gesagt:<br data-start=\"1276\" data-end=\"1279\" \/>Kein Turbulenzen. Kein Jetlag. Nur wundersch\u00f6nes Licht mit Fantasie<\/p>\n<p data-start=\"1255\" data-end=\"1421\">Wie alle diese Lampenschirme wird auch der \u201eHei\u00dfluftballon\u201c mit viel Sorgfalt in einer Manufaktur in Enger (NRW) gefertigt \u2013 nachhaltig, hochwertig und mit Liebe zum Detail.<\/p>\n<h3 data-start=\"191\" data-end=\"252\"><strong style=\"color: #666666; font-size: 14px;\" data-start=\"1248\" data-end=\"1266\">Gut zu wissen:<\/strong><\/h3>\n<p data-start=\"1248\" data-end=\"1532\">Der Lampenschirm ist passend f\u00fcr die Beleuchtungseinheit E10 oder die Aufh\u00e4ngung des Sterns Modell A1 (e) mit \u00d8 13 cm und LED. Geliefert wird ausschlie\u00dflich der Lampenschirm in Wei\u00df. Aufh\u00e4ngung und Netzteil sind nicht enthalten (im Shop bei uns separat erh\u00e4ltlich)<\/p>\n<ul>\n<li data-start=\"1248\" data-end=\"1532\">Durchmesser: 10 cm, H\u00f6he: 14 cm,<\/li>\n<li data-start=\"1248\" data-end=\"1532\">Gewicht ca 35 g<\/li>\n<li data-start=\"1248\" data-end=\"1532\">Bio-Kunststoff<\/li>\n<li data-start=\"1248\" data-end=\"1532\">Herstellung in Deutschland<\/li>\n<\/ul>\n<p>Lieferumfang: 1 Lampenschirm im gew\u00e4hlten Design<\/p>\n<p data-start=\"1248\" data-end=\"1532\">\n","protected":false},"featured_media":17716,"template":"","meta":{"_et_pb_use_builder":"","_et_pb_old_content":"","_et_gb_content_width":""},"product_brand":[2235],"product_cat":[64,62,57,94],"product_tag":[2246,2243,2248,2244,2242,2245,2240,1986,2238,2241,2247,2239,2237],"class_list":{"0":"post-17688","1":"product","2":"type-product","3":"status-publish","4":"has-post-thumbnail","6":"product_brand-innocreo","7":"product_cat-besondere-deko-im-nordischen-stil-maritime-akzente-regalino","8":"product_cat-licht-lampen-kerzen-im-scandi-breton-stil-regalino","9":"product_cat-neu-eingetroffen-neue-lieblingsstuecke-bei-regalino","10":"product_cat-kinderzimmer-deko-im-scandi-breton-stil-regalino","11":"product_tag-babyzimmer-beleuchtung","12":"product_tag-heissluftballon-lampe","13":"product_tag-innocreo","14":"product_tag-kinderzimmer-lampe","15":"product_tag-lampenschirm","16":"product_tag-nachtlicht-kinder","17":"product_tag-nordisches-design","18":"product_tag-regalino","19":"product_tag-sanftes-licht","20":"product_tag-stern-a1","21":"product_tag-weihnachtsstern-a1","22":"product_tag-wohnraumbeleuchtung","23":"product_tag-zeitloser-lampenschirm","25":"first","26":"instock","27":"taxable","28":"shipping-taxable","29":"purchasable","30":"product-type-simple"},"yoast_head":"<!-- This site is optimized with the Yoast SEO plugin v27.3 - https:\/\/yoast.com\/product\/yoast-seo-wordpress\/ -->\n<title>Lampenschirm *Hei\u00dfluftballon* von Innocreo - Regalino -Lively Style<\/title>\n<meta name=\"description\" content=\"Hei\u00dfluftballon Lampenschirm von InnoCreo \u2013 warmes, geborgenes Licht f\u00fcr Kinderzimmer. Passend f\u00fcr Stern A1. Hochwertig &amp; nachhaltig in Deutschland gefertigt\" \/>\n<meta name=\"robots\" content=\"index, follow, max-snippet:-1, max-image-preview:large, max-video-preview:-1\" \/>\n<link rel=\"canonical\" href=\"https:\/\/Regalino-Shop.de\/?product=lampenschirm-3\" \/>\n<meta property=\"og:locale\" content=\"de_DE\" \/>\n<meta property=\"og:type\" content=\"article\" \/>\n<meta property=\"og:title\" content=\"Lampenschirm *Hei\u00dfluftballon* von Innocreo - Regalino -Lively Style\" \/>\n<meta property=\"og:description\" content=\"Hei\u00dfluftballon Lampenschirm von InnoCreo \u2013 warmes, geborgenes Licht f\u00fcr Kinderzimmer. Passend f\u00fcr Stern A1. Hochwertig &amp; nachhaltig in Deutschland gefertigt\" \/>\n<meta property=\"og:url\" content=\"https:\/\/Regalino-Shop.de\/?product=lampenschirm-3\" \/>\n<meta property=\"og:site_name\" content=\"Regalino -Lively Style\" \/>\n<meta property=\"article:modified_time\" content=\"2026-03-19T11:59:09+00:00\" \/>\n<meta property=\"og:image\" content=\"https:\/\/Regalino-Shop.de\/wp-content\/uploads\/2026\/02\/heissluftballon-lampe-weihnachtsstern-a1-mood.png\" \/>\n\t<meta property=\"og:image:width\" content=\"1024\" \/>\n\t<meta property=\"og:image:height\" content=\"1536\" \/>\n\t<meta property=\"og:image:type\" content=\"image\/png\" \/>\n<meta name=\"twitter:card\" content=\"summary_large_image\" \/>\n<meta name=\"twitter:label1\" content=\"Gesch\u00e4tzte Lesezeit\" \/>\n\t<meta name=\"twitter:data1\" content=\"1\u00a0Minute\" \/>\n<script type=\"application\/ld+json\" class=\"yoast-schema-graph\">{\"@context\":\"https:\\\/\\\/schema.org\",\"@graph\":[{\"@type\":\"WebPage\",\"@id\":\"https:\\\/\\\/Regalino-Shop.de\\\/?product=lampenschirm-3\",\"url\":\"https:\\\/\\\/Regalino-Shop.de\\\/?product=lampenschirm-3\",\"name\":\"Lampenschirm *Hei\u00dfluftballon* von Innocreo - Regalino -Lively Style\",\"isPartOf\":{\"@id\":\"https:\\\/\\\/Regalino-Shop.de\\\/#website\"},\"primaryImageOfPage\":{\"@id\":\"https:\\\/\\\/Regalino-Shop.de\\\/?product=lampenschirm-3#primaryimage\"},\"image\":{\"@id\":\"https:\\\/\\\/Regalino-Shop.de\\\/?product=lampenschirm-3#primaryimage\"},\"thumbnailUrl\":\"https:\\\/\\\/Regalino-Shop.de\\\/wp-content\\\/uploads\\\/2026\\\/02\\\/heissluftballon-lampe-weihnachtsstern-a1-mood.png\",\"datePublished\":\"2026-02-11T15:46:58+00:00\",\"dateModified\":\"2026-03-19T11:59:09+00:00\",\"description\":\"Hei\u00dfluftballon Lampenschirm von InnoCreo \u2013 warmes, geborgenes Licht f\u00fcr Kinderzimmer. Passend f\u00fcr Stern A1. Hochwertig & nachhaltig in Deutschland gefertigt\",\"breadcrumb\":{\"@id\":\"https:\\\/\\\/Regalino-Shop.de\\\/?product=lampenschirm-3#breadcrumb\"},\"inLanguage\":\"de\",\"potentialAction\":[{\"@type\":\"ReadAction\",\"target\":[\"https:\\\/\\\/Regalino-Shop.de\\\/?product=lampenschirm-3\"]}]},{\"@type\":\"ImageObject\",\"inLanguage\":\"de\",\"@id\":\"https:\\\/\\\/Regalino-Shop.de\\\/?product=lampenschirm-3#primaryimage\",\"url\":\"https:\\\/\\\/Regalino-Shop.de\\\/wp-content\\\/uploads\\\/2026\\\/02\\\/heissluftballon-lampe-weihnachtsstern-a1-mood.png\",\"contentUrl\":\"https:\\\/\\\/Regalino-Shop.de\\\/wp-content\\\/uploads\\\/2026\\\/02\\\/heissluftballon-lampe-weihnachtsstern-a1-mood.png\",\"width\":1024,\"height\":1536,\"caption\":\"Hei\u00dfluftballon Lampenschirm Kunststoff\"},{\"@type\":\"BreadcrumbList\",\"@id\":\"https:\\\/\\\/Regalino-Shop.de\\\/?product=lampenschirm-3#breadcrumb\",\"itemListElement\":[{\"@type\":\"ListItem\",\"position\":1,\"name\":\"Startseite\",\"item\":\"https:\\\/\\\/Regalino-Shop.de\\\/\"},{\"@type\":\"ListItem\",\"position\":2,\"name\":\"Shop\",\"item\":\"https:\\\/\\\/Regalino-Shop.de\\\/?page_id=40\"},{\"@type\":\"ListItem\",\"position\":3,\"name\":\"Lampenschirm *Hei\u00dfluftballon* von Innocreo\"}]},{\"@type\":\"WebSite\",\"@id\":\"https:\\\/\\\/Regalino-Shop.de\\\/#website\",\"url\":\"https:\\\/\\\/Regalino-Shop.de\\\/\",\"name\":\"Regalino -Lively Style\",\"description\":\"gelebtes Zuhause\",\"potentialAction\":[{\"@type\":\"SearchAction\",\"target\":{\"@type\":\"EntryPoint\",\"urlTemplate\":\"https:\\\/\\\/Regalino-Shop.de\\\/?s={search_term_string}\"},\"query-input\":{\"@type\":\"PropertyValueSpecification\",\"valueRequired\":true,\"valueName\":\"search_term_string\"}}],\"inLanguage\":\"de\"}]}<\/script>\n<!-- \/ Yoast SEO plugin. -->","yoast_head_json":{"title":"Lampenschirm *Hei\u00dfluftballon* von Innocreo - Regalino -Lively Style","description":"Hei\u00dfluftballon Lampenschirm von InnoCreo \u2013 warmes, geborgenes Licht f\u00fcr Kinderzimmer. Passend f\u00fcr Stern A1. Hochwertig & nachhaltig in Deutschland gefertigt","robots":{"index":"index","follow":"follow","max-snippet":"max-snippet:-1","max-image-preview":"max-image-preview:large","max-video-preview":"max-video-preview:-1"},"canonical":"https:\/\/Regalino-Shop.de\/?product=lampenschirm-3","og_locale":"de_DE","og_type":"article","og_title":"Lampenschirm *Hei\u00dfluftballon* von Innocreo - Regalino -Lively Style","og_description":"Hei\u00dfluftballon Lampenschirm von InnoCreo \u2013 warmes, geborgenes Licht f\u00fcr Kinderzimmer. Passend f\u00fcr Stern A1. Hochwertig & nachhaltig in Deutschland gefertigt","og_url":"https:\/\/Regalino-Shop.de\/?product=lampenschirm-3","og_site_name":"Regalino -Lively Style","article_modified_time":"2026-03-19T11:59:09+00:00","og_image":[{"width":1024,"height":1536,"url":"https:\/\/Regalino-Shop.de\/wp-content\/uploads\/2026\/02\/heissluftballon-lampe-weihnachtsstern-a1-mood.png","type":"image\/png"}],"twitter_card":"summary_large_image","twitter_misc":{"Gesch\u00e4tzte Lesezeit":"1\u00a0Minute"},"schema":{"@context":"https:\/\/schema.org","@graph":[{"@type":"WebPage","@id":"https:\/\/Regalino-Shop.de\/?product=lampenschirm-3","url":"https:\/\/Regalino-Shop.de\/?product=lampenschirm-3","name":"Lampenschirm *Hei\u00dfluftballon* von Innocreo - Regalino -Lively Style","isPartOf":{"@id":"https:\/\/Regalino-Shop.de\/#website"},"primaryImageOfPage":{"@id":"https:\/\/Regalino-Shop.de\/?product=lampenschirm-3#primaryimage"},"image":{"@id":"https:\/\/Regalino-Shop.de\/?product=lampenschirm-3#primaryimage"},"thumbnailUrl":"https:\/\/Regalino-Shop.de\/wp-content\/uploads\/2026\/02\/heissluftballon-lampe-weihnachtsstern-a1-mood.png","datePublished":"2026-02-11T15:46:58+00:00","dateModified":"2026-03-19T11:59:09+00:00","description":"Hei\u00dfluftballon Lampenschirm von InnoCreo \u2013 warmes, geborgenes Licht f\u00fcr Kinderzimmer. Passend f\u00fcr Stern A1. Hochwertig & nachhaltig in Deutschland gefertigt","breadcrumb":{"@id":"https:\/\/Regalino-Shop.de\/?product=lampenschirm-3#breadcrumb"},"inLanguage":"de","potentialAction":[{"@type":"ReadAction","target":["https:\/\/Regalino-Shop.de\/?product=lampenschirm-3"]}]},{"@type":"ImageObject","inLanguage":"de","@id":"https:\/\/Regalino-Shop.de\/?product=lampenschirm-3#primaryimage","url":"https:\/\/Regalino-Shop.de\/wp-content\/uploads\/2026\/02\/heissluftballon-lampe-weihnachtsstern-a1-mood.png","contentUrl":"https:\/\/Regalino-Shop.de\/wp-content\/uploads\/2026\/02\/heissluftballon-lampe-weihnachtsstern-a1-mood.png","width":1024,"height":1536,"caption":"Hei\u00dfluftballon Lampenschirm Kunststoff"},{"@type":"BreadcrumbList","@id":"https:\/\/Regalino-Shop.de\/?product=lampenschirm-3#breadcrumb","itemListElement":[{"@type":"ListItem","position":1,"name":"Startseite","item":"https:\/\/Regalino-Shop.de\/"},{"@type":"ListItem","position":2,"name":"Shop","item":"https:\/\/Regalino-Shop.de\/?page_id=40"},{"@type":"ListItem","position":3,"name":"Lampenschirm *Hei\u00dfluftballon* von Innocreo"}]},{"@type":"WebSite","@id":"https:\/\/Regalino-Shop.de\/#website","url":"https:\/\/Regalino-Shop.de\/","name":"Regalino -Lively Style","description":"gelebtes Zuhause","potentialAction":[{"@type":"SearchAction","target":{"@type":"EntryPoint","urlTemplate":"https:\/\/Regalino-Shop.de\/?s={search_term_string}"},"query-input":{"@type":"PropertyValueSpecification","valueRequired":true,"valueName":"search_term_string"}}],"inLanguage":"de"}]}},"_links":{"self":[{"href":"https:\/\/Regalino-Shop.de\/index.php?rest_route=\/wp\/v2\/product\/17688","targetHints":{"allow":["GET"]}}],"collection":[{"href":"https:\/\/Regalino-Shop.de\/index.php?rest_route=\/wp\/v2\/product"}],"about":[{"href":"https:\/\/Regalino-Shop.de\/index.php?rest_route=\/wp\/v2\/types\/product"}],"wp:featuredmedia":[{"embeddable":true,"href":"https:\/\/Regalino-Shop.de\/index.php?rest_route=\/wp\/v2\/media\/17716"}],"wp:attachment":[{"href":"https:\/\/Regalino-Shop.de\/index.php?rest_route=%2Fwp%2Fv2%2Fmedia&parent=17688"}],"wp:term":[{"taxonomy":"product_brand","embeddable":true,"href":"https:\/\/Regalino-Shop.de\/index.php?rest_route=%2Fwp%2Fv2%2Fproduct_brand&post=17688"},{"taxonomy":"product_cat","embeddable":true,"href":"https:\/\/Regalino-Shop.de\/index.php?rest_route=%2Fwp%2Fv2%2Fproduct_cat&post=17688"},{"taxonomy":"product_tag","embeddable":true,"href":"https:\/\/Regalino-Shop.de\/index.php?rest_route=%2Fwp%2Fv2%2Fproduct_tag&post=17688"}],"curies":[{"name":"wp","href":"https:\/\/api.w.org\/{rel}","templated":true}]}}