{"id":17698,"date":"2026-02-11T16:20:32","date_gmt":"2026-02-11T16:20:32","guid":{"rendered":"https:\/\/Regalino-Shop.de\/?post_type=product&#038;p=17698"},"modified":"2026-03-11T16:11:19","modified_gmt":"2026-03-11T16:11:19","slug":"lampenschirm-5","status":"publish","type":"product","link":"https:\/\/Regalino-Shop.de\/?product=lampenschirm-5","title":{"rendered":"Lampenschirm *Mond* von Innocreo"},"content":{"rendered":"","protected":false},"excerpt":{"rendered":"<h3 data-start=\"146\" data-end=\"210\">Lampenschirm \u201eMond\u201c \u2013 kein Vollmond-Drama, nur sch\u00f6nes Licht<\/h3>\n<p data-start=\"212\" data-end=\"529\">Erleuchte dein Zuhause \u2013 ganz ohne Raketenstart. Unser <strong data-start=\"267\" data-end=\"290\">Lampenschirm \u201eMond\u201c<\/strong> bringt dir das sanfte Leuchten der Nacht direkt ins Wohnzimmer. Er l\u00e4sst sich unkompliziert auf die Aufh\u00e4ngung deines Weihnachtssterns A1 oder unsere Beleuchtungseinheit setzen \u2013 und bleibt dann einfach. Ganzj\u00e4hriger Mondschein inklusive.<\/p>\n<p data-start=\"531\" data-end=\"829\">\u201eMond\u201c begeistert mit seiner detailreichen, stilisierten Oberfl\u00e4che. Kleine Krater, feine Unebenheiten und strukturierte Konturen sorgen f\u00fcr einen faszinierenden 3D-Effekt. Das Licht wird weich reflektiert und verteilt sich ruhig im Raum \u2013 fast so, als w\u00fcrde echtes Mondlicht durchs Fenster fallen.<\/p>\n<p data-start=\"831\" data-end=\"883\">Atmosph\u00e4risch? Absolut.<br data-start=\"854\" data-end=\"857\" \/>Kitschig? Auf keinen Fall.<\/p>\n<p data-start=\"885\" data-end=\"1062\">Ob als sanfter Akzent im Wohnraum oder als beruhigendes Licht im Schlafzimmer \u2013 \u201eMond\u201c sorgt f\u00fcr eine ruhige, vertr\u00e4umte Stimmung und ist gleichzeitig ein modernes Designobjekt.<\/p>\n<p data-start=\"1064\" data-end=\"1186\">Und ganz ehrlich:<br data-start=\"1081\" data-end=\"1084\" \/>Am liebsten schwebt er gemeinsam mit <strong data-start=\"1121\" data-end=\"1131\">\u201eErde\u201c<\/strong> durch dein Zuhause. Ein ziemlich gutes Planetensystem.<\/p>\n<p data-start=\"1255\" data-end=\"1421\">Wie alle diese Lampenschirme wird auch der \u201eMond\u201c mit viel Sorgfalt in einer Manufaktur in Enger (NRW) gefertigt \u2013 nachhaltig, hochwertig und mit Liebe zum Detail.<\/p>\n<h3 data-start=\"191\" data-end=\"252\"><strong style=\"color: #666666; font-size: 14px;\" data-start=\"1248\" data-end=\"1266\">Gut zu wissen:<\/strong><\/h3>\n<p data-start=\"1248\" data-end=\"1532\">Der Lampenschirm ist passend f\u00fcr die Beleuchtungseinheit E10 oder die Aufh\u00e4ngung des Sterns Modell A1 (e) mit \u00d8 13 cm und LED. Geliefert wird ausschlie\u00dflich der Lampenschirm in Wei\u00df. Aufh\u00e4ngung und Netzteil sind nicht enthalten (im Shop bei uns separat erh\u00e4ltlich)<\/p>\n<ul>\n<li data-start=\"1248\" data-end=\"1532\">Durchmesser: 10 cm<\/li>\n<li data-start=\"1248\" data-end=\"1532\">Gewicht ca 35 g<\/li>\n<li data-start=\"1248\" data-end=\"1532\">Bio-Kunststoff<\/li>\n<li data-start=\"1248\" data-end=\"1532\">Herstellung in Deutschland<\/li>\n<\/ul>\n<p>Lieferumfang: 1 Lampenschirm im gew\u00e4hlten Design<\/p>\n<p data-start=\"1248\" data-end=\"1532\">\n","protected":false},"featured_media":17715,"template":"","meta":{"_et_pb_use_builder":"","_et_pb_old_content":"","_et_gb_content_width":""},"product_brand":[2235],"product_cat":[62,57,94],"product_tag":[2250,2246,2248,2244,2242,2253,2252,2245,2240,1986,2238,2241,2251,2247,2239,2237],"class_list":{"0":"post-17698","1":"product","2":"type-product","3":"status-publish","4":"has-post-thumbnail","6":"product_brand-innocreo","7":"product_cat-licht-lampen-kerzen-im-scandi-breton-stil-regalino","8":"product_cat-neu-eingetroffen-neue-lieblingsstuecke-bei-regalino","9":"product_cat-kinderzimmer-deko-im-scandi-breton-stil-regalino","10":"product_tag-3d-lampenschirm","11":"product_tag-babyzimmer-beleuchtung","12":"product_tag-innocreo","13":"product_tag-kinderzimmer-lampe","14":"product_tag-lampenschirm","15":"product_tag-lampenschirm-mond","16":"product_tag-lampenschirm-weiss","17":"product_tag-nachtlicht-kinder","18":"product_tag-nordisches-design","19":"product_tag-regalino","20":"product_tag-sanftes-licht","21":"product_tag-stern-a1","22":"product_tag-topografie-design","23":"product_tag-weihnachtsstern-a1","24":"product_tag-wohnraumbeleuchtung","25":"product_tag-zeitloser-lampenschirm","27":"first","28":"instock","29":"taxable","30":"shipping-taxable","31":"purchasable","32":"product-type-simple"},"yoast_head":"<!-- This site is optimized with the Yoast SEO plugin v27.3 - https:\/\/yoast.com\/product\/yoast-seo-wordpress\/ -->\n<title>Lampenschirm *Mond* von Innocreo - Regalino -Lively Style<\/title>\n<meta name=\"description\" content=\"Lampenschirm \u201eMond\u201c mit topografischer 3D-Struktur \u2013 stilvolles Licht. Passend f\u00fcr Stern A1. Hochwertig &amp; nachhaltig in Deutschland gefertigt\" \/>\n<meta name=\"robots\" content=\"index, follow, max-snippet:-1, max-image-preview:large, max-video-preview:-1\" \/>\n<link rel=\"canonical\" href=\"https:\/\/Regalino-Shop.de\/?product=lampenschirm-5\" \/>\n<meta property=\"og:locale\" content=\"de_DE\" \/>\n<meta property=\"og:type\" content=\"article\" \/>\n<meta property=\"og:title\" content=\"Lampenschirm *Mond* von Innocreo - Regalino -Lively Style\" \/>\n<meta property=\"og:description\" content=\"Lampenschirm \u201eMond\u201c mit topografischer 3D-Struktur \u2013 stilvolles Licht. Passend f\u00fcr Stern A1. Hochwertig &amp; nachhaltig in Deutschland gefertigt\" \/>\n<meta property=\"og:url\" content=\"https:\/\/Regalino-Shop.de\/?product=lampenschirm-5\" \/>\n<meta property=\"og:site_name\" content=\"Regalino -Lively Style\" \/>\n<meta property=\"article:modified_time\" content=\"2026-03-11T16:11:19+00:00\" \/>\n<meta property=\"og:image\" content=\"https:\/\/Regalino-Shop.de\/wp-content\/uploads\/2026\/02\/Mond-Lampenschirm-Kunststoff-mood-1.png\" \/>\n\t<meta property=\"og:image:width\" content=\"1024\" \/>\n\t<meta property=\"og:image:height\" content=\"1536\" \/>\n\t<meta property=\"og:image:type\" content=\"image\/png\" \/>\n<meta name=\"twitter:card\" content=\"summary_large_image\" \/>\n<meta name=\"twitter:label1\" content=\"Gesch\u00e4tzte Lesezeit\" \/>\n\t<meta name=\"twitter:data1\" content=\"1\u00a0Minute\" \/>\n<script type=\"application\/ld+json\" class=\"yoast-schema-graph\">{\"@context\":\"https:\\\/\\\/schema.org\",\"@graph\":[{\"@type\":\"WebPage\",\"@id\":\"https:\\\/\\\/Regalino-Shop.de\\\/?product=lampenschirm-5\",\"url\":\"https:\\\/\\\/Regalino-Shop.de\\\/?product=lampenschirm-5\",\"name\":\"Lampenschirm *Mond* von Innocreo - Regalino -Lively Style\",\"isPartOf\":{\"@id\":\"https:\\\/\\\/Regalino-Shop.de\\\/#website\"},\"primaryImageOfPage\":{\"@id\":\"https:\\\/\\\/Regalino-Shop.de\\\/?product=lampenschirm-5#primaryimage\"},\"image\":{\"@id\":\"https:\\\/\\\/Regalino-Shop.de\\\/?product=lampenschirm-5#primaryimage\"},\"thumbnailUrl\":\"https:\\\/\\\/Regalino-Shop.de\\\/wp-content\\\/uploads\\\/2026\\\/02\\\/Mond-Lampenschirm-Kunststoff-mood-1.png\",\"datePublished\":\"2026-02-11T16:20:32+00:00\",\"dateModified\":\"2026-03-11T16:11:19+00:00\",\"description\":\"Lampenschirm \u201eMond\u201c mit topografischer 3D-Struktur \u2013 stilvolles Licht. Passend f\u00fcr Stern A1. Hochwertig & nachhaltig in Deutschland gefertigt\",\"breadcrumb\":{\"@id\":\"https:\\\/\\\/Regalino-Shop.de\\\/?product=lampenschirm-5#breadcrumb\"},\"inLanguage\":\"de\",\"potentialAction\":[{\"@type\":\"ReadAction\",\"target\":[\"https:\\\/\\\/Regalino-Shop.de\\\/?product=lampenschirm-5\"]}]},{\"@type\":\"ImageObject\",\"inLanguage\":\"de\",\"@id\":\"https:\\\/\\\/Regalino-Shop.de\\\/?product=lampenschirm-5#primaryimage\",\"url\":\"https:\\\/\\\/Regalino-Shop.de\\\/wp-content\\\/uploads\\\/2026\\\/02\\\/Mond-Lampenschirm-Kunststoff-mood-1.png\",\"contentUrl\":\"https:\\\/\\\/Regalino-Shop.de\\\/wp-content\\\/uploads\\\/2026\\\/02\\\/Mond-Lampenschirm-Kunststoff-mood-1.png\",\"width\":1024,\"height\":1536,\"caption\":\"Mond Lampenschirm Ersatz A1\"},{\"@type\":\"BreadcrumbList\",\"@id\":\"https:\\\/\\\/Regalino-Shop.de\\\/?product=lampenschirm-5#breadcrumb\",\"itemListElement\":[{\"@type\":\"ListItem\",\"position\":1,\"name\":\"Startseite\",\"item\":\"https:\\\/\\\/Regalino-Shop.de\\\/\"},{\"@type\":\"ListItem\",\"position\":2,\"name\":\"Shop\",\"item\":\"https:\\\/\\\/Regalino-Shop.de\\\/?page_id=40\"},{\"@type\":\"ListItem\",\"position\":3,\"name\":\"Lampenschirm *Mond* von Innocreo\"}]},{\"@type\":\"WebSite\",\"@id\":\"https:\\\/\\\/Regalino-Shop.de\\\/#website\",\"url\":\"https:\\\/\\\/Regalino-Shop.de\\\/\",\"name\":\"Regalino -Lively Style\",\"description\":\"gelebtes Zuhause\",\"potentialAction\":[{\"@type\":\"SearchAction\",\"target\":{\"@type\":\"EntryPoint\",\"urlTemplate\":\"https:\\\/\\\/Regalino-Shop.de\\\/?s={search_term_string}\"},\"query-input\":{\"@type\":\"PropertyValueSpecification\",\"valueRequired\":true,\"valueName\":\"search_term_string\"}}],\"inLanguage\":\"de\"}]}<\/script>\n<!-- \/ Yoast SEO plugin. -->","yoast_head_json":{"title":"Lampenschirm *Mond* von Innocreo - Regalino -Lively Style","description":"Lampenschirm \u201eMond\u201c mit topografischer 3D-Struktur \u2013 stilvolles Licht. Passend f\u00fcr Stern A1. Hochwertig & nachhaltig in Deutschland gefertigt","robots":{"index":"index","follow":"follow","max-snippet":"max-snippet:-1","max-image-preview":"max-image-preview:large","max-video-preview":"max-video-preview:-1"},"canonical":"https:\/\/Regalino-Shop.de\/?product=lampenschirm-5","og_locale":"de_DE","og_type":"article","og_title":"Lampenschirm *Mond* von Innocreo - Regalino -Lively Style","og_description":"Lampenschirm \u201eMond\u201c mit topografischer 3D-Struktur \u2013 stilvolles Licht. Passend f\u00fcr Stern A1. Hochwertig & nachhaltig in Deutschland gefertigt","og_url":"https:\/\/Regalino-Shop.de\/?product=lampenschirm-5","og_site_name":"Regalino -Lively Style","article_modified_time":"2026-03-11T16:11:19+00:00","og_image":[{"width":1024,"height":1536,"url":"https:\/\/Regalino-Shop.de\/wp-content\/uploads\/2026\/02\/Mond-Lampenschirm-Kunststoff-mood-1.png","type":"image\/png"}],"twitter_card":"summary_large_image","twitter_misc":{"Gesch\u00e4tzte Lesezeit":"1\u00a0Minute"},"schema":{"@context":"https:\/\/schema.org","@graph":[{"@type":"WebPage","@id":"https:\/\/Regalino-Shop.de\/?product=lampenschirm-5","url":"https:\/\/Regalino-Shop.de\/?product=lampenschirm-5","name":"Lampenschirm *Mond* von Innocreo - Regalino -Lively Style","isPartOf":{"@id":"https:\/\/Regalino-Shop.de\/#website"},"primaryImageOfPage":{"@id":"https:\/\/Regalino-Shop.de\/?product=lampenschirm-5#primaryimage"},"image":{"@id":"https:\/\/Regalino-Shop.de\/?product=lampenschirm-5#primaryimage"},"thumbnailUrl":"https:\/\/Regalino-Shop.de\/wp-content\/uploads\/2026\/02\/Mond-Lampenschirm-Kunststoff-mood-1.png","datePublished":"2026-02-11T16:20:32+00:00","dateModified":"2026-03-11T16:11:19+00:00","description":"Lampenschirm \u201eMond\u201c mit topografischer 3D-Struktur \u2013 stilvolles Licht. Passend f\u00fcr Stern A1. Hochwertig & nachhaltig in Deutschland gefertigt","breadcrumb":{"@id":"https:\/\/Regalino-Shop.de\/?product=lampenschirm-5#breadcrumb"},"inLanguage":"de","potentialAction":[{"@type":"ReadAction","target":["https:\/\/Regalino-Shop.de\/?product=lampenschirm-5"]}]},{"@type":"ImageObject","inLanguage":"de","@id":"https:\/\/Regalino-Shop.de\/?product=lampenschirm-5#primaryimage","url":"https:\/\/Regalino-Shop.de\/wp-content\/uploads\/2026\/02\/Mond-Lampenschirm-Kunststoff-mood-1.png","contentUrl":"https:\/\/Regalino-Shop.de\/wp-content\/uploads\/2026\/02\/Mond-Lampenschirm-Kunststoff-mood-1.png","width":1024,"height":1536,"caption":"Mond Lampenschirm Ersatz A1"},{"@type":"BreadcrumbList","@id":"https:\/\/Regalino-Shop.de\/?product=lampenschirm-5#breadcrumb","itemListElement":[{"@type":"ListItem","position":1,"name":"Startseite","item":"https:\/\/Regalino-Shop.de\/"},{"@type":"ListItem","position":2,"name":"Shop","item":"https:\/\/Regalino-Shop.de\/?page_id=40"},{"@type":"ListItem","position":3,"name":"Lampenschirm *Mond* von Innocreo"}]},{"@type":"WebSite","@id":"https:\/\/Regalino-Shop.de\/#website","url":"https:\/\/Regalino-Shop.de\/","name":"Regalino -Lively Style","description":"gelebtes Zuhause","potentialAction":[{"@type":"SearchAction","target":{"@type":"EntryPoint","urlTemplate":"https:\/\/Regalino-Shop.de\/?s={search_term_string}"},"query-input":{"@type":"PropertyValueSpecification","valueRequired":true,"valueName":"search_term_string"}}],"inLanguage":"de"}]}},"_links":{"self":[{"href":"https:\/\/Regalino-Shop.de\/index.php?rest_route=\/wp\/v2\/product\/17698","targetHints":{"allow":["GET"]}}],"collection":[{"href":"https:\/\/Regalino-Shop.de\/index.php?rest_route=\/wp\/v2\/product"}],"about":[{"href":"https:\/\/Regalino-Shop.de\/index.php?rest_route=\/wp\/v2\/types\/product"}],"wp:featuredmedia":[{"embeddable":true,"href":"https:\/\/Regalino-Shop.de\/index.php?rest_route=\/wp\/v2\/media\/17715"}],"wp:attachment":[{"href":"https:\/\/Regalino-Shop.de\/index.php?rest_route=%2Fwp%2Fv2%2Fmedia&parent=17698"}],"wp:term":[{"taxonomy":"product_brand","embeddable":true,"href":"https:\/\/Regalino-Shop.de\/index.php?rest_route=%2Fwp%2Fv2%2Fproduct_brand&post=17698"},{"taxonomy":"product_cat","embeddable":true,"href":"https:\/\/Regalino-Shop.de\/index.php?rest_route=%2Fwp%2Fv2%2Fproduct_cat&post=17698"},{"taxonomy":"product_tag","embeddable":true,"href":"https:\/\/Regalino-Shop.de\/index.php?rest_route=%2Fwp%2Fv2%2Fproduct_tag&post=17698"}],"curies":[{"name":"wp","href":"https:\/\/api.w.org\/{rel}","templated":true}]}}