{"id":17706,"date":"2026-02-16T17:29:35","date_gmt":"2026-02-16T17:29:35","guid":{"rendered":"https:\/\/Regalino-Shop.de\/?post_type=product&#038;p=17706"},"modified":"2026-04-15T13:19:57","modified_gmt":"2026-04-15T13:19:57","slug":"aufhaengung-lampenschirm","status":"publish","type":"product","link":"https:\/\/Regalino-Shop.de\/?product=aufhaengung-lampenschirm","title":{"rendered":"Beleuchtungseinheit E10 mit Kappe von Innocreo"},"content":{"rendered":"","protected":false},"excerpt":{"rendered":"<div class=\"flex flex-col text-sm pb-25\">\n<article class=\"text-token-text-primary w-full focus:outline-none [--shadow-height:45px] has-data-writing-block:pointer-events-none has-data-writing-block:-mt-(--shadow-height) has-data-writing-block:pt-(--shadow-height) [&amp;:has([data-writing-block])&gt;*]:pointer-events-auto scroll-mt-[calc(var(--header-height)+min(200px,max(70px,20svh)))]\" dir=\"auto\" tabindex=\"-1\" data-turn-id=\"e7479e70-1385-4ddf-b165-fd82f1e06788\" data-testid=\"conversation-turn-54\" data-scroll-anchor=\"true\" data-turn=\"assistant\">\n<div class=\"text-base my-auto mx-auto pb-10 [--thread-content-margin:--spacing(4)] @w-sm\/main:[--thread-content-margin:--spacing(6)] @w-lg\/main:[--thread-content-margin:--spacing(16)] px-(--thread-content-margin)\">\n<div class=\"[--thread-content-max-width:40rem] @w-lg\/main:[--thread-content-max-width:48rem] mx-auto max-w-(--thread-content-max-width) flex-1 group\/turn-messages focus-visible:outline-hidden relative flex w-full min-w-0 flex-col agent-turn\" tabindex=\"-1\">\n<div class=\"flex max-w-full flex-col grow\">\n<div class=\"min-h-8 text-message relative flex w-full flex-col items-end gap-2 text-start break-words whitespace-normal [.text-message+&amp;]:mt-1\" dir=\"auto\" data-message-author-role=\"assistant\" data-message-id=\"a483f7bc-b202-4e51-b68b-33531caa88f9\" data-message-model-slug=\"gpt-5-2\">\n<div class=\"flex w-full flex-col gap-1 empty:hidden first:pt-[1px]\">\n<div class=\"markdown prose dark:prose-invert w-full wrap-break-word light markdown-new-styling\">\n<h3 data-start=\"141\" data-end=\"208\">Aufh\u00e4ngung f\u00fcr InnoCreo Lampenschirme \u2013 einfach &amp; unkompliziert<\/h3>\n<p data-start=\"210\" data-end=\"269\">Die passende Aufh\u00e4ngung f\u00fcr deinen InnoCreo Lampenschirm.<\/p>\n<p data-start=\"271\" data-end=\"453\">Mit dieser 3D-gedruckten Aufh\u00e4ngung befestigst du deinen Lampenschirm ganz einfach \u2013 komplett ohne Werkzeug. Dank der praktischen Drehbewegung sitzt der Schirm sicher in der Fassung.<\/p>\n<p data-start=\"455\" data-end=\"646\"><strong data-start=\"455\" data-end=\"483\">Details auf einen Blick:<\/strong><br data-start=\"483\" data-end=\"486\" \/>\u2022 3 Meter Kabell\u00e4nge mit Zwergstecker<br data-start=\"523\" data-end=\"526\" \/>\u2022 Inklusive LED 6V warmwei\u00df f\u00fcr E10-Fassung<br data-start=\"569\" data-end=\"572\" \/>\u2022 Nur f\u00fcr den Innenbereich geeignet<br data-start=\"607\" data-end=\"610\" \/>\u2022 Aufh\u00e4ngung im 3D-Druck gefertigt<\/p>\n<p data-start=\"648\" data-end=\"901\"><strong data-start=\"648\" data-end=\"667\">Montagehinweis:<\/strong><br data-start=\"667\" data-end=\"670\" \/>Zur Befestigung den Lampenschirm mit einer sanften Drehbewegung in die Fassung einsetzen.<br data-start=\"759\" data-end=\"762\" \/>Besonders beim Modell <em data-start=\"784\" data-end=\"800\">Hei\u00dfluftballon<\/em> bitte keinen \u00fcberm\u00e4\u00dfigen Druck aus\u00fcben.<br data-start=\"840\" data-end=\"843\" \/>Die Demontage erfolgt ebenfalls durch vorsichtiges Drehen.<\/p>\n<p data-start=\"903\" data-end=\"980\"><strong data-start=\"903\" data-end=\"915\">Wichtig:<\/strong><br data-start=\"915\" data-end=\"918\" \/>Die Stromversorgung (Netzteil) muss separat bestellt werden.<\/p>\n<p data-start=\"1017\" data-end=\"1144\" data-is-last-node=\"\" data-is-only-node=\"\">Lieferumfang: 1 Beleuchtungseinheit<\/p>\n<\/div>\n<\/div>\n<\/div>\n<\/div>\n<\/div>\n<\/div>\n<\/article>\n<\/div>\n<p data-start=\"1248\" data-end=\"1532\">\n","protected":false},"featured_media":17707,"template":"","meta":{"_et_pb_use_builder":"","_et_pb_old_content":"","_et_gb_content_width":""},"product_brand":[2235],"product_cat":[62,94],"product_tag":[2260,2250,405,2246,2255,2256,2264,2263,2262,2248,2261,2254,2257,2265,2245,2240,2238,2241,2251,2258,2239,2237,2259],"class_list":{"0":"post-17706","1":"product","2":"type-product","3":"status-publish","4":"has-post-thumbnail","6":"product_brand-innocreo","7":"product_cat-licht-lampen-kerzen-im-scandi-breton-stil-regalino","8":"product_cat-kinderzimmer-deko-im-scandi-breton-stil-regalino","9":"product_tag-3-meter-kabel","10":"product_tag-3d-lampenschirm","11":"product_tag-aufhaengung","12":"product_tag-babyzimmer-beleuchtung","13":"product_tag-beleuchtungseinheit","14":"product_tag-e10-fassung","15":"product_tag-ersatz-aufhaengung","16":"product_tag-fensterbeleuchtung","17":"product_tag-innenbeleuchtung","18":"product_tag-innocreo","19":"product_tag-lampenhalterung","20":"product_tag-lampenschirm-aufhaengung","21":"product_tag-led-6v","22":"product_tag-lichtzubehoer","23":"product_tag-nachtlicht-kinder","24":"product_tag-nordisches-design","25":"product_tag-sanftes-licht","26":"product_tag-stern-a1","27":"product_tag-topografie-design","28":"product_tag-warmweiss","29":"product_tag-wohnraumbeleuchtung","30":"product_tag-zeitloser-lampenschirm","31":"product_tag-zwergstecker","33":"first","34":"instock","35":"taxable","36":"shipping-taxable","37":"purchasable","38":"product-type-simple"},"yoast_head":"<!-- This site is optimized with the Yoast SEO plugin v27.5 - https:\/\/yoast.com\/product\/yoast-seo-wordpress\/ -->\n<title>Beleuchtungseinheit E10 mit Kappe von Innocreo - Regalino -Lively Style<\/title>\n<meta name=\"description\" content=\"Aufh\u00e4ngung f\u00fcr InnoCreo Lampenschirme \u2013 3 m Kabel, LED warmwei\u00df und einfache Montage ohne Werkzeug.\" \/>\n<meta name=\"robots\" content=\"index, follow, max-snippet:-1, max-image-preview:large, max-video-preview:-1\" \/>\n<link rel=\"canonical\" href=\"https:\/\/Regalino-Shop.de\/?product=aufhaengung-lampenschirm\" \/>\n<meta property=\"og:locale\" content=\"de_DE\" \/>\n<meta property=\"og:type\" content=\"article\" \/>\n<meta property=\"og:title\" content=\"Beleuchtungseinheit E10 mit Kappe von Innocreo - Regalino -Lively Style\" \/>\n<meta property=\"og:description\" content=\"Aufh\u00e4ngung f\u00fcr InnoCreo Lampenschirme \u2013 3 m Kabel, LED warmwei\u00df und einfache Montage ohne Werkzeug.\" \/>\n<meta property=\"og:url\" content=\"https:\/\/Regalino-Shop.de\/?product=aufhaengung-lampenschirm\" \/>\n<meta property=\"og:site_name\" content=\"Regalino -Lively Style\" \/>\n<meta property=\"article:modified_time\" content=\"2026-04-15T13:19:57+00:00\" \/>\n<meta property=\"og:image\" content=\"https:\/\/Regalino-Shop.de\/wp-content\/uploads\/2026\/02\/2400_3200_BeleuchtungseinheitE10.webp\" \/>\n\t<meta property=\"og:image:width\" content=\"1200\" \/>\n\t<meta property=\"og:image:height\" content=\"1600\" \/>\n\t<meta property=\"og:image:type\" content=\"image\/webp\" \/>\n<meta name=\"twitter:card\" content=\"summary_large_image\" \/>\n<meta name=\"twitter:label1\" content=\"Gesch\u00e4tzte Lesezeit\" \/>\n\t<meta name=\"twitter:data1\" content=\"1\u00a0Minute\" \/>\n<script type=\"application\/ld+json\" class=\"yoast-schema-graph\">{\"@context\":\"https:\\\/\\\/schema.org\",\"@graph\":[{\"@type\":\"WebPage\",\"@id\":\"https:\\\/\\\/Regalino-Shop.de\\\/?product=aufhaengung-lampenschirm\",\"url\":\"https:\\\/\\\/Regalino-Shop.de\\\/?product=aufhaengung-lampenschirm\",\"name\":\"Beleuchtungseinheit E10 mit Kappe von Innocreo - Regalino -Lively Style\",\"isPartOf\":{\"@id\":\"https:\\\/\\\/Regalino-Shop.de\\\/#website\"},\"primaryImageOfPage\":{\"@id\":\"https:\\\/\\\/Regalino-Shop.de\\\/?product=aufhaengung-lampenschirm#primaryimage\"},\"image\":{\"@id\":\"https:\\\/\\\/Regalino-Shop.de\\\/?product=aufhaengung-lampenschirm#primaryimage\"},\"thumbnailUrl\":\"https:\\\/\\\/Regalino-Shop.de\\\/wp-content\\\/uploads\\\/2026\\\/02\\\/2400_3200_BeleuchtungseinheitE10.webp\",\"datePublished\":\"2026-02-16T17:29:35+00:00\",\"dateModified\":\"2026-04-15T13:19:57+00:00\",\"description\":\"Aufh\u00e4ngung f\u00fcr InnoCreo Lampenschirme \u2013 3 m Kabel, LED warmwei\u00df und einfache Montage ohne Werkzeug.\",\"breadcrumb\":{\"@id\":\"https:\\\/\\\/Regalino-Shop.de\\\/?product=aufhaengung-lampenschirm#breadcrumb\"},\"inLanguage\":\"de\",\"potentialAction\":[{\"@type\":\"ReadAction\",\"target\":[\"https:\\\/\\\/Regalino-Shop.de\\\/?product=aufhaengung-lampenschirm\"]}]},{\"@type\":\"ImageObject\",\"inLanguage\":\"de\",\"@id\":\"https:\\\/\\\/Regalino-Shop.de\\\/?product=aufhaengung-lampenschirm#primaryimage\",\"url\":\"https:\\\/\\\/Regalino-Shop.de\\\/wp-content\\\/uploads\\\/2026\\\/02\\\/2400_3200_BeleuchtungseinheitE10.webp\",\"contentUrl\":\"https:\\\/\\\/Regalino-Shop.de\\\/wp-content\\\/uploads\\\/2026\\\/02\\\/2400_3200_BeleuchtungseinheitE10.webp\",\"width\":1200,\"height\":1600,\"caption\":\"Aufh\u00e4ngung f\u00fcr InnoCreo Lampenschirm mit 3 Meter Kabel und E10 LED\"},{\"@type\":\"BreadcrumbList\",\"@id\":\"https:\\\/\\\/Regalino-Shop.de\\\/?product=aufhaengung-lampenschirm#breadcrumb\",\"itemListElement\":[{\"@type\":\"ListItem\",\"position\":1,\"name\":\"Startseite\",\"item\":\"https:\\\/\\\/Regalino-Shop.de\\\/\"},{\"@type\":\"ListItem\",\"position\":2,\"name\":\"Shop\",\"item\":\"https:\\\/\\\/Regalino-Shop.de\\\/?page_id=40\"},{\"@type\":\"ListItem\",\"position\":3,\"name\":\"Beleuchtungseinheit E10 mit Kappe von Innocreo\"}]},{\"@type\":\"WebSite\",\"@id\":\"https:\\\/\\\/Regalino-Shop.de\\\/#website\",\"url\":\"https:\\\/\\\/Regalino-Shop.de\\\/\",\"name\":\"Regalino -Lively Style\",\"description\":\"gelebtes Zuhause\",\"potentialAction\":[{\"@type\":\"SearchAction\",\"target\":{\"@type\":\"EntryPoint\",\"urlTemplate\":\"https:\\\/\\\/Regalino-Shop.de\\\/?s={search_term_string}\"},\"query-input\":{\"@type\":\"PropertyValueSpecification\",\"valueRequired\":true,\"valueName\":\"search_term_string\"}}],\"inLanguage\":\"de\"}]}<\/script>\n<!-- \/ Yoast SEO plugin. -->","yoast_head_json":{"title":"Beleuchtungseinheit E10 mit Kappe von Innocreo - Regalino -Lively Style","description":"Aufh\u00e4ngung f\u00fcr InnoCreo Lampenschirme \u2013 3 m Kabel, LED warmwei\u00df und einfache Montage ohne Werkzeug.","robots":{"index":"index","follow":"follow","max-snippet":"max-snippet:-1","max-image-preview":"max-image-preview:large","max-video-preview":"max-video-preview:-1"},"canonical":"https:\/\/Regalino-Shop.de\/?product=aufhaengung-lampenschirm","og_locale":"de_DE","og_type":"article","og_title":"Beleuchtungseinheit E10 mit Kappe von Innocreo - Regalino -Lively Style","og_description":"Aufh\u00e4ngung f\u00fcr InnoCreo Lampenschirme \u2013 3 m Kabel, LED warmwei\u00df und einfache Montage ohne Werkzeug.","og_url":"https:\/\/Regalino-Shop.de\/?product=aufhaengung-lampenschirm","og_site_name":"Regalino -Lively Style","article_modified_time":"2026-04-15T13:19:57+00:00","og_image":[{"width":1200,"height":1600,"url":"https:\/\/Regalino-Shop.de\/wp-content\/uploads\/2026\/02\/2400_3200_BeleuchtungseinheitE10.webp","type":"image\/webp"}],"twitter_card":"summary_large_image","twitter_misc":{"Gesch\u00e4tzte Lesezeit":"1\u00a0Minute"},"schema":{"@context":"https:\/\/schema.org","@graph":[{"@type":"WebPage","@id":"https:\/\/Regalino-Shop.de\/?product=aufhaengung-lampenschirm","url":"https:\/\/Regalino-Shop.de\/?product=aufhaengung-lampenschirm","name":"Beleuchtungseinheit E10 mit Kappe von Innocreo - Regalino -Lively Style","isPartOf":{"@id":"https:\/\/Regalino-Shop.de\/#website"},"primaryImageOfPage":{"@id":"https:\/\/Regalino-Shop.de\/?product=aufhaengung-lampenschirm#primaryimage"},"image":{"@id":"https:\/\/Regalino-Shop.de\/?product=aufhaengung-lampenschirm#primaryimage"},"thumbnailUrl":"https:\/\/Regalino-Shop.de\/wp-content\/uploads\/2026\/02\/2400_3200_BeleuchtungseinheitE10.webp","datePublished":"2026-02-16T17:29:35+00:00","dateModified":"2026-04-15T13:19:57+00:00","description":"Aufh\u00e4ngung f\u00fcr InnoCreo Lampenschirme \u2013 3 m Kabel, LED warmwei\u00df und einfache Montage ohne Werkzeug.","breadcrumb":{"@id":"https:\/\/Regalino-Shop.de\/?product=aufhaengung-lampenschirm#breadcrumb"},"inLanguage":"de","potentialAction":[{"@type":"ReadAction","target":["https:\/\/Regalino-Shop.de\/?product=aufhaengung-lampenschirm"]}]},{"@type":"ImageObject","inLanguage":"de","@id":"https:\/\/Regalino-Shop.de\/?product=aufhaengung-lampenschirm#primaryimage","url":"https:\/\/Regalino-Shop.de\/wp-content\/uploads\/2026\/02\/2400_3200_BeleuchtungseinheitE10.webp","contentUrl":"https:\/\/Regalino-Shop.de\/wp-content\/uploads\/2026\/02\/2400_3200_BeleuchtungseinheitE10.webp","width":1200,"height":1600,"caption":"Aufh\u00e4ngung f\u00fcr InnoCreo Lampenschirm mit 3 Meter Kabel und E10 LED"},{"@type":"BreadcrumbList","@id":"https:\/\/Regalino-Shop.de\/?product=aufhaengung-lampenschirm#breadcrumb","itemListElement":[{"@type":"ListItem","position":1,"name":"Startseite","item":"https:\/\/Regalino-Shop.de\/"},{"@type":"ListItem","position":2,"name":"Shop","item":"https:\/\/Regalino-Shop.de\/?page_id=40"},{"@type":"ListItem","position":3,"name":"Beleuchtungseinheit E10 mit Kappe von Innocreo"}]},{"@type":"WebSite","@id":"https:\/\/Regalino-Shop.de\/#website","url":"https:\/\/Regalino-Shop.de\/","name":"Regalino -Lively Style","description":"gelebtes Zuhause","potentialAction":[{"@type":"SearchAction","target":{"@type":"EntryPoint","urlTemplate":"https:\/\/Regalino-Shop.de\/?s={search_term_string}"},"query-input":{"@type":"PropertyValueSpecification","valueRequired":true,"valueName":"search_term_string"}}],"inLanguage":"de"}]}},"_links":{"self":[{"href":"https:\/\/Regalino-Shop.de\/index.php?rest_route=\/wp\/v2\/product\/17706","targetHints":{"allow":["GET"]}}],"collection":[{"href":"https:\/\/Regalino-Shop.de\/index.php?rest_route=\/wp\/v2\/product"}],"about":[{"href":"https:\/\/Regalino-Shop.de\/index.php?rest_route=\/wp\/v2\/types\/product"}],"wp:featuredmedia":[{"embeddable":true,"href":"https:\/\/Regalino-Shop.de\/index.php?rest_route=\/wp\/v2\/media\/17707"}],"wp:attachment":[{"href":"https:\/\/Regalino-Shop.de\/index.php?rest_route=%2Fwp%2Fv2%2Fmedia&parent=17706"}],"wp:term":[{"taxonomy":"product_brand","embeddable":true,"href":"https:\/\/Regalino-Shop.de\/index.php?rest_route=%2Fwp%2Fv2%2Fproduct_brand&post=17706"},{"taxonomy":"product_cat","embeddable":true,"href":"https:\/\/Regalino-Shop.de\/index.php?rest_route=%2Fwp%2Fv2%2Fproduct_cat&post=17706"},{"taxonomy":"product_tag","embeddable":true,"href":"https:\/\/Regalino-Shop.de\/index.php?rest_route=%2Fwp%2Fv2%2Fproduct_tag&post=17706"}],"curies":[{"name":"wp","href":"https:\/\/api.w.org\/{rel}","templated":true}]}}