{"id":17708,"date":"2026-02-16T17:39:26","date_gmt":"2026-02-16T17:39:26","guid":{"rendered":"https:\/\/Regalino-Shop.de\/?post_type=product&#038;p=17708"},"modified":"2026-04-15T13:19:41","modified_gmt":"2026-04-15T13:19:41","slug":"netzteil-lampenschirm","status":"publish","type":"product","link":"https:\/\/Regalino-Shop.de\/?product=netzteil-lampenschirm","title":{"rendered":"USB Netzger\u00e4t f\u00fcr Innocreo Lampenschirme"},"content":{"rendered":"","protected":false},"excerpt":{"rendered":"<div class=\"flex flex-col text-sm pb-25\">\n<article class=\"text-token-text-primary w-full focus:outline-none [--shadow-height:45px] has-data-writing-block:pointer-events-none has-data-writing-block:-mt-(--shadow-height) has-data-writing-block:pt-(--shadow-height) [&amp;:has([data-writing-block])&gt;*]:pointer-events-auto scroll-mt-[calc(var(--header-height)+min(200px,max(70px,20svh)))]\" dir=\"auto\" tabindex=\"-1\" data-turn-id=\"e7479e70-1385-4ddf-b165-fd82f1e06788\" data-testid=\"conversation-turn-54\" data-scroll-anchor=\"true\" data-turn=\"assistant\">\n<div class=\"text-base my-auto mx-auto pb-10 [--thread-content-margin:--spacing(4)] @w-sm\/main:[--thread-content-margin:--spacing(6)] @w-lg\/main:[--thread-content-margin:--spacing(16)] px-(--thread-content-margin)\">\n<div class=\"[--thread-content-max-width:40rem] @w-lg\/main:[--thread-content-max-width:48rem] mx-auto max-w-(--thread-content-max-width) flex-1 group\/turn-messages focus-visible:outline-hidden relative flex w-full min-w-0 flex-col agent-turn\" tabindex=\"-1\">\n<div class=\"flex max-w-full flex-col grow\">\n<div class=\"min-h-8 text-message relative flex w-full flex-col items-end gap-2 text-start break-words whitespace-normal [.text-message+&amp;]:mt-1\" dir=\"auto\" data-message-author-role=\"assistant\" data-message-id=\"a483f7bc-b202-4e51-b68b-33531caa88f9\" data-message-model-slug=\"gpt-5-2\">\n<div class=\"flex w-full flex-col gap-1 empty:hidden first:pt-[1px]\">\n<div class=\"markdown prose dark:prose-invert w-full wrap-break-word light markdown-new-styling\">\n<h3 data-start=\"151\" data-end=\"222\">Netzger\u00e4t f\u00fcr Innocreo Lampenschirme \u2013 die zuverl\u00e4ssige Stromquelle<\/h3>\n<p data-start=\"224\" data-end=\"293\">Das passende Netzger\u00e4t zum Betreiben deiner Innocreo Lampenschirme.<\/p>\n<p data-start=\"295\" data-end=\"522\">Mit diesem Netzteil bringst du bis zu <strong data-start=\"333\" data-end=\"352\">6 Lampenschirme<\/strong> gleichzeitig zum Leuchten. Einfach die Aufh\u00e4ngung bzw. Beleuchtungseinheit mit Zwergstecker anschlie\u00dfen \u2013 und schon sorgt dein Lieblingsschirm f\u00fcr stimmungsvolles Licht.<\/p>\n<p data-start=\"524\" data-end=\"713\">Dank der Reihenschaltung \u00fcber Zwergstecker lassen sich mehrere Lampenschirme unkompliziert miteinander verbinden \u2013 ideal f\u00fcr gr\u00f6\u00dfere Fenster, Installationen oder kreative Lichtarrangements.<\/p>\n<p data-start=\"715\" data-end=\"876\"><strong data-start=\"715\" data-end=\"743\">Details auf einen Blick:<\/strong><br data-start=\"743\" data-end=\"746\" \/>\u2022 F\u00fcr bis zu 6 Innocreo Lampenschirme<br data-start=\"783\" data-end=\"786\" \/>\u2022 1,5 Meter Kabell\u00e4nge mit Zwergstecker<br data-start=\"825\" data-end=\"828\" \/>\u2022 6V, 1A<br data-start=\"836\" data-end=\"839\" \/>\u2022 Nur f\u00fcr den Innenbereich geeignet<\/p>\n<p data-start=\"878\" data-end=\"977\"><strong data-start=\"878\" data-end=\"890\">Wichtig:<\/strong><br data-start=\"890\" data-end=\"893\" \/>Die Beleuchtungseinheit E10 f\u00fcr Innocreo Lampenschirme muss separat bestellt werden<\/p>\n<p data-start=\"1017\" data-end=\"1144\" data-is-last-node=\"\" data-is-only-node=\"\">Lieferumfang: 1 USB Netzger\u00e4t<\/p>\n<\/div>\n<\/div>\n<\/div>\n<\/div>\n<\/div>\n<\/div>\n<\/article>\n<\/div>\n<p data-start=\"1248\" data-end=\"1532\">\n","protected":false},"featured_media":17709,"template":"","meta":{"_et_pb_use_builder":"","_et_pb_old_content":"","_et_gb_content_width":""},"product_brand":[2235],"product_cat":[62,94],"product_tag":[2260,2250,405,2246,2255,2263,2262,2248,2261,2257,2265,2245,2267,2240,2238,2241,2251,2266,2258,2239,2259],"class_list":{"0":"post-17708","1":"product","2":"type-product","3":"status-publish","4":"has-post-thumbnail","6":"product_brand-innocreo","7":"product_cat-licht-lampen-kerzen-im-scandi-breton-stil-regalino","8":"product_cat-kinderzimmer-deko-im-scandi-breton-stil-regalino","9":"product_tag-3-meter-kabel","10":"product_tag-3d-lampenschirm","11":"product_tag-aufhaengung","12":"product_tag-babyzimmer-beleuchtung","13":"product_tag-beleuchtungseinheit","14":"product_tag-fensterbeleuchtung","15":"product_tag-innenbeleuchtung","16":"product_tag-innocreo","17":"product_tag-lampenhalterung","18":"product_tag-led-6v","19":"product_tag-lichtzubehoer","20":"product_tag-nachtlicht-kinder","21":"product_tag-netzgeraet","22":"product_tag-nordisches-design","23":"product_tag-sanftes-licht","24":"product_tag-stern-a1","25":"product_tag-topografie-design","26":"product_tag-usb-netzgeraet","27":"product_tag-warmweiss","28":"product_tag-wohnraumbeleuchtung","29":"product_tag-zwergstecker","31":"first","32":"instock","33":"taxable","34":"shipping-taxable","35":"purchasable","36":"product-type-simple"},"yoast_head":"<!-- This site is optimized with the Yoast SEO plugin v27.5 - https:\/\/yoast.com\/product\/yoast-seo-wordpress\/ -->\n<title>USB Netzger\u00e4t f\u00fcr Innocreo Lampenschirme - Regalino -Lively Style<\/title>\n<meta name=\"description\" content=\"InnoCreo Netzteil 6V 1A f\u00fcr bis zu 6 Lampenschirme mit Zwergstecker\" \/>\n<meta name=\"robots\" content=\"index, follow, max-snippet:-1, max-image-preview:large, max-video-preview:-1\" \/>\n<link rel=\"canonical\" href=\"https:\/\/Regalino-Shop.de\/?product=netzteil-lampenschirm\" \/>\n<meta property=\"og:locale\" content=\"de_DE\" \/>\n<meta property=\"og:type\" content=\"article\" \/>\n<meta property=\"og:title\" content=\"USB Netzger\u00e4t f\u00fcr Innocreo Lampenschirme - Regalino -Lively Style\" \/>\n<meta property=\"og:description\" content=\"InnoCreo Netzteil 6V 1A f\u00fcr bis zu 6 Lampenschirme mit Zwergstecker\" \/>\n<meta property=\"og:url\" content=\"https:\/\/Regalino-Shop.de\/?product=netzteil-lampenschirm\" \/>\n<meta property=\"og:site_name\" content=\"Regalino -Lively Style\" \/>\n<meta property=\"article:modified_time\" content=\"2026-04-15T13:19:41+00:00\" \/>\n<meta property=\"og:image\" content=\"https:\/\/Regalino-Shop.de\/wp-content\/uploads\/2026\/02\/2025_05_23_InnoCreo_0119_netzgeraet.webp\" \/>\n\t<meta property=\"og:image:width\" content=\"1200\" \/>\n\t<meta property=\"og:image:height\" content=\"1600\" \/>\n\t<meta property=\"og:image:type\" content=\"image\/webp\" \/>\n<meta name=\"twitter:card\" content=\"summary_large_image\" \/>\n<meta name=\"twitter:label1\" content=\"Gesch\u00e4tzte Lesezeit\" \/>\n\t<meta name=\"twitter:data1\" content=\"1\u00a0Minute\" \/>\n<script type=\"application\/ld+json\" class=\"yoast-schema-graph\">{\"@context\":\"https:\\\/\\\/schema.org\",\"@graph\":[{\"@type\":\"WebPage\",\"@id\":\"https:\\\/\\\/Regalino-Shop.de\\\/?product=netzteil-lampenschirm\",\"url\":\"https:\\\/\\\/Regalino-Shop.de\\\/?product=netzteil-lampenschirm\",\"name\":\"USB Netzger\u00e4t f\u00fcr Innocreo Lampenschirme - Regalino -Lively Style\",\"isPartOf\":{\"@id\":\"https:\\\/\\\/Regalino-Shop.de\\\/#website\"},\"primaryImageOfPage\":{\"@id\":\"https:\\\/\\\/Regalino-Shop.de\\\/?product=netzteil-lampenschirm#primaryimage\"},\"image\":{\"@id\":\"https:\\\/\\\/Regalino-Shop.de\\\/?product=netzteil-lampenschirm#primaryimage\"},\"thumbnailUrl\":\"https:\\\/\\\/Regalino-Shop.de\\\/wp-content\\\/uploads\\\/2026\\\/02\\\/2025_05_23_InnoCreo_0119_netzgeraet.webp\",\"datePublished\":\"2026-02-16T17:39:26+00:00\",\"dateModified\":\"2026-04-15T13:19:41+00:00\",\"description\":\"InnoCreo Netzteil 6V 1A f\u00fcr bis zu 6 Lampenschirme mit Zwergstecker\",\"breadcrumb\":{\"@id\":\"https:\\\/\\\/Regalino-Shop.de\\\/?product=netzteil-lampenschirm#breadcrumb\"},\"inLanguage\":\"de\",\"potentialAction\":[{\"@type\":\"ReadAction\",\"target\":[\"https:\\\/\\\/Regalino-Shop.de\\\/?product=netzteil-lampenschirm\"]}]},{\"@type\":\"ImageObject\",\"inLanguage\":\"de\",\"@id\":\"https:\\\/\\\/Regalino-Shop.de\\\/?product=netzteil-lampenschirm#primaryimage\",\"url\":\"https:\\\/\\\/Regalino-Shop.de\\\/wp-content\\\/uploads\\\/2026\\\/02\\\/2025_05_23_InnoCreo_0119_netzgeraet.webp\",\"contentUrl\":\"https:\\\/\\\/Regalino-Shop.de\\\/wp-content\\\/uploads\\\/2026\\\/02\\\/2025_05_23_InnoCreo_0119_netzgeraet.webp\",\"width\":1200,\"height\":1600,\"caption\":\"InnoCreo Netzteil 6V 1A f\u00fcr bis zu 6 Lampenschirme mit Zwergstecker\"},{\"@type\":\"BreadcrumbList\",\"@id\":\"https:\\\/\\\/Regalino-Shop.de\\\/?product=netzteil-lampenschirm#breadcrumb\",\"itemListElement\":[{\"@type\":\"ListItem\",\"position\":1,\"name\":\"Startseite\",\"item\":\"https:\\\/\\\/Regalino-Shop.de\\\/\"},{\"@type\":\"ListItem\",\"position\":2,\"name\":\"Shop\",\"item\":\"https:\\\/\\\/Regalino-Shop.de\\\/?page_id=40\"},{\"@type\":\"ListItem\",\"position\":3,\"name\":\"USB Netzger\u00e4t f\u00fcr Innocreo Lampenschirme\"}]},{\"@type\":\"WebSite\",\"@id\":\"https:\\\/\\\/Regalino-Shop.de\\\/#website\",\"url\":\"https:\\\/\\\/Regalino-Shop.de\\\/\",\"name\":\"Regalino -Lively Style\",\"description\":\"gelebtes Zuhause\",\"potentialAction\":[{\"@type\":\"SearchAction\",\"target\":{\"@type\":\"EntryPoint\",\"urlTemplate\":\"https:\\\/\\\/Regalino-Shop.de\\\/?s={search_term_string}\"},\"query-input\":{\"@type\":\"PropertyValueSpecification\",\"valueRequired\":true,\"valueName\":\"search_term_string\"}}],\"inLanguage\":\"de\"}]}<\/script>\n<!-- \/ Yoast SEO plugin. -->","yoast_head_json":{"title":"USB Netzger\u00e4t f\u00fcr Innocreo Lampenschirme - Regalino -Lively Style","description":"InnoCreo Netzteil 6V 1A f\u00fcr bis zu 6 Lampenschirme mit Zwergstecker","robots":{"index":"index","follow":"follow","max-snippet":"max-snippet:-1","max-image-preview":"max-image-preview:large","max-video-preview":"max-video-preview:-1"},"canonical":"https:\/\/Regalino-Shop.de\/?product=netzteil-lampenschirm","og_locale":"de_DE","og_type":"article","og_title":"USB Netzger\u00e4t f\u00fcr Innocreo Lampenschirme - Regalino -Lively Style","og_description":"InnoCreo Netzteil 6V 1A f\u00fcr bis zu 6 Lampenschirme mit Zwergstecker","og_url":"https:\/\/Regalino-Shop.de\/?product=netzteil-lampenschirm","og_site_name":"Regalino -Lively Style","article_modified_time":"2026-04-15T13:19:41+00:00","og_image":[{"width":1200,"height":1600,"url":"https:\/\/Regalino-Shop.de\/wp-content\/uploads\/2026\/02\/2025_05_23_InnoCreo_0119_netzgeraet.webp","type":"image\/webp"}],"twitter_card":"summary_large_image","twitter_misc":{"Gesch\u00e4tzte Lesezeit":"1\u00a0Minute"},"schema":{"@context":"https:\/\/schema.org","@graph":[{"@type":"WebPage","@id":"https:\/\/Regalino-Shop.de\/?product=netzteil-lampenschirm","url":"https:\/\/Regalino-Shop.de\/?product=netzteil-lampenschirm","name":"USB Netzger\u00e4t f\u00fcr Innocreo Lampenschirme - Regalino -Lively Style","isPartOf":{"@id":"https:\/\/Regalino-Shop.de\/#website"},"primaryImageOfPage":{"@id":"https:\/\/Regalino-Shop.de\/?product=netzteil-lampenschirm#primaryimage"},"image":{"@id":"https:\/\/Regalino-Shop.de\/?product=netzteil-lampenschirm#primaryimage"},"thumbnailUrl":"https:\/\/Regalino-Shop.de\/wp-content\/uploads\/2026\/02\/2025_05_23_InnoCreo_0119_netzgeraet.webp","datePublished":"2026-02-16T17:39:26+00:00","dateModified":"2026-04-15T13:19:41+00:00","description":"InnoCreo Netzteil 6V 1A f\u00fcr bis zu 6 Lampenschirme mit Zwergstecker","breadcrumb":{"@id":"https:\/\/Regalino-Shop.de\/?product=netzteil-lampenschirm#breadcrumb"},"inLanguage":"de","potentialAction":[{"@type":"ReadAction","target":["https:\/\/Regalino-Shop.de\/?product=netzteil-lampenschirm"]}]},{"@type":"ImageObject","inLanguage":"de","@id":"https:\/\/Regalino-Shop.de\/?product=netzteil-lampenschirm#primaryimage","url":"https:\/\/Regalino-Shop.de\/wp-content\/uploads\/2026\/02\/2025_05_23_InnoCreo_0119_netzgeraet.webp","contentUrl":"https:\/\/Regalino-Shop.de\/wp-content\/uploads\/2026\/02\/2025_05_23_InnoCreo_0119_netzgeraet.webp","width":1200,"height":1600,"caption":"InnoCreo Netzteil 6V 1A f\u00fcr bis zu 6 Lampenschirme mit Zwergstecker"},{"@type":"BreadcrumbList","@id":"https:\/\/Regalino-Shop.de\/?product=netzteil-lampenschirm#breadcrumb","itemListElement":[{"@type":"ListItem","position":1,"name":"Startseite","item":"https:\/\/Regalino-Shop.de\/"},{"@type":"ListItem","position":2,"name":"Shop","item":"https:\/\/Regalino-Shop.de\/?page_id=40"},{"@type":"ListItem","position":3,"name":"USB Netzger\u00e4t f\u00fcr Innocreo Lampenschirme"}]},{"@type":"WebSite","@id":"https:\/\/Regalino-Shop.de\/#website","url":"https:\/\/Regalino-Shop.de\/","name":"Regalino -Lively Style","description":"gelebtes Zuhause","potentialAction":[{"@type":"SearchAction","target":{"@type":"EntryPoint","urlTemplate":"https:\/\/Regalino-Shop.de\/?s={search_term_string}"},"query-input":{"@type":"PropertyValueSpecification","valueRequired":true,"valueName":"search_term_string"}}],"inLanguage":"de"}]}},"_links":{"self":[{"href":"https:\/\/Regalino-Shop.de\/index.php?rest_route=\/wp\/v2\/product\/17708","targetHints":{"allow":["GET"]}}],"collection":[{"href":"https:\/\/Regalino-Shop.de\/index.php?rest_route=\/wp\/v2\/product"}],"about":[{"href":"https:\/\/Regalino-Shop.de\/index.php?rest_route=\/wp\/v2\/types\/product"}],"wp:featuredmedia":[{"embeddable":true,"href":"https:\/\/Regalino-Shop.de\/index.php?rest_route=\/wp\/v2\/media\/17709"}],"wp:attachment":[{"href":"https:\/\/Regalino-Shop.de\/index.php?rest_route=%2Fwp%2Fv2%2Fmedia&parent=17708"}],"wp:term":[{"taxonomy":"product_brand","embeddable":true,"href":"https:\/\/Regalino-Shop.de\/index.php?rest_route=%2Fwp%2Fv2%2Fproduct_brand&post=17708"},{"taxonomy":"product_cat","embeddable":true,"href":"https:\/\/Regalino-Shop.de\/index.php?rest_route=%2Fwp%2Fv2%2Fproduct_cat&post=17708"},{"taxonomy":"product_tag","embeddable":true,"href":"https:\/\/Regalino-Shop.de\/index.php?rest_route=%2Fwp%2Fv2%2Fproduct_tag&post=17708"}],"curies":[{"name":"wp","href":"https:\/\/api.w.org\/{rel}","templated":true}]}}