{"id":17725,"date":"2026-02-17T13:33:44","date_gmt":"2026-02-17T13:33:44","guid":{"rendered":"https:\/\/Regalino-Shop.de\/?post_type=product&#038;p=17725"},"modified":"2026-03-30T20:17:26","modified_gmt":"2026-03-30T20:17:26","slug":"picknickdecke-180x150-cm-wasserdicht","status":"publish","type":"product","link":"https:\/\/Regalino-Shop.de\/?product=picknickdecke-180x150-cm-wasserdicht","title":{"rendered":"Picknickdecke *Leo* von Muzpony"},"content":{"rendered":"","protected":false},"excerpt":{"rendered":"<p data-start=\"119\" data-end=\"160\"><strong data-start=\"119\" data-end=\"160\">Deine neue Lieblings-Picknickdecke \ud83e\udd0d<\/strong><\/p>\n<p data-start=\"162\" data-end=\"296\">Eine einzigartige, wunderbar weiche Picknickmatte \u2013 perfekt f\u00fcr Ausfl\u00fcge ins Gr\u00fcne, an den Strand oder gem\u00fctliche Stunden im Garten.<\/p>\n<p data-start=\"298\" data-end=\"474\">Dank der leichten Isolierung kannst du sie auch wunderbar als Spielmatte nutzen \u2013 ideal zum Krabbeln lernen oder Spielen zuhause. Sie sch\u00fctzt zuverl\u00e4ssig vor k\u00fchlem Untergrund.<\/p>\n<p data-start=\"476\" data-end=\"663\">Besonders praktisch:<br data-start=\"496\" data-end=\"499\" \/>Die integrierte Tasche mit wasserdichtem Rei\u00dfverschluss und die Kordelz\u00fcge erm\u00f6glichen es dir, die Decke schnell aufzurollen und bequem \u00fcber der Schulter zu tragen.<\/p>\n<p data-start=\"665\" data-end=\"791\">Die Unterseite ist mit einem wasserdichten Stoff ausgestattet \u2013 so kannst du sie auch problemlos auf feuchtem Boden verwenden.<\/p>\n<p data-start=\"793\" data-end=\"860\">Mit h\u00f6chster Sorgfalt und aus handverlesenen Materialien gefertigt.<\/p>\n<p data-start=\"862\" data-end=\"1065\"><strong data-start=\"862\" data-end=\"878\">Materialien:<\/strong><br data-start=\"878\" data-end=\"881\" \/>\u2022 Oberseite: Baumwolle (OEKO-TEX\u00ae Standard 100, Klasse I zertifiziert)<br data-start=\"951\" data-end=\"954\" \/>\u2022 Unterseite: wasserdichter Stoff, 100 % Polyester<br data-start=\"1004\" data-end=\"1007\" \/>\u2022 F\u00fcllung: antiallergisches, atmungsaktives Silikonvlies<\/p>\n<p data-start=\"1067\" data-end=\"1133\"><strong data-start=\"1067\" data-end=\"1078\">Pflege:<\/strong><br data-start=\"1078\" data-end=\"1081\" \/>Waschbar bei 40 \u00b0C. Nicht f\u00fcr den Trockner geeignet.<\/p>\n<p>Lieferumfang: 1 Decke<\/p>\n<p data-start=\"1248\" data-end=\"1532\">\n","protected":false},"featured_media":17726,"template":"","meta":{"_et_pb_use_builder":"","_et_pb_old_content":"","_et_gb_content_width":""},"product_brand":[2268],"product_cat":[2983,86,57,2637,82],"product_tag":[2281,2272,2277,2276,2271,2280,2274,2269,2283,2279,2270,2273,2275,2278,2282],"class_list":{"0":"post-17725","1":"product","2":"type-product","3":"status-publish","4":"has-post-thumbnail","6":"product_brand-muzpony","7":"product_cat-accessoires","8":"product_cat-garten-balkon-schoene-lieblingsstuecke-fuer-draussen-regalino","9":"product_cat-neu-eingetroffen-neue-lieblingsstuecke-bei-regalino","10":"product_cat-strandtaschen-reiseaccessoires-mit-maritimem-flair-regalino","11":"product_cat-unterwegs-picknick-praktische-lieblingsstuecke-regalino","12":"product_tag-antiallergische-fuellung","13":"product_tag-baumwoll-picknickdecke","14":"product_tag-garten-picknickdecke","15":"product_tag-krabbeldecke-gross","16":"product_tag-musselin-picknickdecke","17":"product_tag-oeko-tex-baumwolle","18":"product_tag-outdoor-decke-familie","19":"product_tag-picknickdecke-180x150-cm","20":"product_tag-picknickdecke-mit-tasche","21":"product_tag-picknickdecke-mit-tragefunktion","22":"product_tag-picknickdecke-wasserdicht","23":"product_tag-picknickmatte-gepolstert","24":"product_tag-spielmatte-baby","25":"product_tag-strand-picknickdecke","26":"product_tag-waschbar-40-grad","28":"first","29":"instock","30":"taxable","31":"shipping-taxable","32":"purchasable","33":"product-type-simple"},"yoast_head":"<!-- This site is optimized with the Yoast SEO plugin v27.5 - https:\/\/yoast.com\/product\/yoast-seo-wordpress\/ -->\n<title>Picknickdecke *Leo* von Muzpony - Regalino -Lively Style<\/title>\n<meta name=\"description\" content=\"Weiche Picknickdecke aus Musselin (180x150 cm) mit wasserdichter Unterseite, antiallergischer F\u00fcllung &amp; Tragefunktion. Waschbar bei 40 \u00b0C\" \/>\n<meta name=\"robots\" content=\"index, follow, max-snippet:-1, max-image-preview:large, max-video-preview:-1\" \/>\n<link rel=\"canonical\" href=\"https:\/\/Regalino-Shop.de\/?product=picknickdecke-180x150-cm-wasserdicht\" \/>\n<meta property=\"og:locale\" content=\"de_DE\" \/>\n<meta property=\"og:type\" content=\"article\" \/>\n<meta property=\"og:title\" content=\"Picknickdecke *Leo* von Muzpony - Regalino -Lively Style\" \/>\n<meta property=\"og:description\" content=\"Weiche Picknickdecke aus Musselin (180x150 cm) mit wasserdichter Unterseite, antiallergischer F\u00fcllung &amp; Tragefunktion. Waschbar bei 40 \u00b0C\" \/>\n<meta property=\"og:url\" content=\"https:\/\/Regalino-Shop.de\/?product=picknickdecke-180x150-cm-wasserdicht\" \/>\n<meta property=\"og:site_name\" content=\"Regalino -Lively Style\" \/>\n<meta property=\"article:modified_time\" content=\"2026-03-30T20:17:26+00:00\" \/>\n<meta property=\"og:image\" content=\"https:\/\/Regalino-Shop.de\/wp-content\/uploads\/2026\/02\/Picknickdecke-Leo-wasserdicht-Krabbelmatte.png\" \/>\n\t<meta property=\"og:image:width\" content=\"1536\" \/>\n\t<meta property=\"og:image:height\" content=\"1024\" \/>\n\t<meta property=\"og:image:type\" content=\"image\/png\" \/>\n<meta name=\"twitter:card\" content=\"summary_large_image\" \/>\n<meta name=\"twitter:label1\" content=\"Gesch\u00e4tzte Lesezeit\" \/>\n\t<meta name=\"twitter:data1\" content=\"1\u00a0Minute\" \/>\n<script type=\"application\/ld+json\" class=\"yoast-schema-graph\">{\"@context\":\"https:\\\/\\\/schema.org\",\"@graph\":[{\"@type\":\"WebPage\",\"@id\":\"https:\\\/\\\/Regalino-Shop.de\\\/?product=picknickdecke-180x150-cm-wasserdicht\",\"url\":\"https:\\\/\\\/Regalino-Shop.de\\\/?product=picknickdecke-180x150-cm-wasserdicht\",\"name\":\"Picknickdecke *Leo* von Muzpony - Regalino -Lively Style\",\"isPartOf\":{\"@id\":\"https:\\\/\\\/Regalino-Shop.de\\\/#website\"},\"primaryImageOfPage\":{\"@id\":\"https:\\\/\\\/Regalino-Shop.de\\\/?product=picknickdecke-180x150-cm-wasserdicht#primaryimage\"},\"image\":{\"@id\":\"https:\\\/\\\/Regalino-Shop.de\\\/?product=picknickdecke-180x150-cm-wasserdicht#primaryimage\"},\"thumbnailUrl\":\"https:\\\/\\\/Regalino-Shop.de\\\/wp-content\\\/uploads\\\/2026\\\/02\\\/Picknickdecke-Leo-wasserdicht-Krabbelmatte.png\",\"datePublished\":\"2026-02-17T13:33:44+00:00\",\"dateModified\":\"2026-03-30T20:17:26+00:00\",\"description\":\"Weiche Picknickdecke aus Musselin (180x150 cm) mit wasserdichter Unterseite, antiallergischer F\u00fcllung & Tragefunktion. Waschbar bei 40 \u00b0C\",\"breadcrumb\":{\"@id\":\"https:\\\/\\\/Regalino-Shop.de\\\/?product=picknickdecke-180x150-cm-wasserdicht#breadcrumb\"},\"inLanguage\":\"de\",\"potentialAction\":[{\"@type\":\"ReadAction\",\"target\":[\"https:\\\/\\\/Regalino-Shop.de\\\/?product=picknickdecke-180x150-cm-wasserdicht\"]}]},{\"@type\":\"ImageObject\",\"inLanguage\":\"de\",\"@id\":\"https:\\\/\\\/Regalino-Shop.de\\\/?product=picknickdecke-180x150-cm-wasserdicht#primaryimage\",\"url\":\"https:\\\/\\\/Regalino-Shop.de\\\/wp-content\\\/uploads\\\/2026\\\/02\\\/Picknickdecke-Leo-wasserdicht-Krabbelmatte.png\",\"contentUrl\":\"https:\\\/\\\/Regalino-Shop.de\\\/wp-content\\\/uploads\\\/2026\\\/02\\\/Picknickdecke-Leo-wasserdicht-Krabbelmatte.png\",\"width\":1536,\"height\":1024,\"caption\":\"Gro\u00dfe Picknickdecke 180x150 cm aus Musselin Baumwolle mit wasserdichter Unterseite und gepolsterter F\u00fcllung, zusammengerollt mit Tragefunktion\"},{\"@type\":\"BreadcrumbList\",\"@id\":\"https:\\\/\\\/Regalino-Shop.de\\\/?product=picknickdecke-180x150-cm-wasserdicht#breadcrumb\",\"itemListElement\":[{\"@type\":\"ListItem\",\"position\":1,\"name\":\"Startseite\",\"item\":\"https:\\\/\\\/Regalino-Shop.de\\\/\"},{\"@type\":\"ListItem\",\"position\":2,\"name\":\"Shop\",\"item\":\"https:\\\/\\\/Regalino-Shop.de\\\/?page_id=40\"},{\"@type\":\"ListItem\",\"position\":3,\"name\":\"Picknickdecke *Leo* von Muzpony\"}]},{\"@type\":\"WebSite\",\"@id\":\"https:\\\/\\\/Regalino-Shop.de\\\/#website\",\"url\":\"https:\\\/\\\/Regalino-Shop.de\\\/\",\"name\":\"Regalino -Lively Style\",\"description\":\"gelebtes Zuhause\",\"potentialAction\":[{\"@type\":\"SearchAction\",\"target\":{\"@type\":\"EntryPoint\",\"urlTemplate\":\"https:\\\/\\\/Regalino-Shop.de\\\/?s={search_term_string}\"},\"query-input\":{\"@type\":\"PropertyValueSpecification\",\"valueRequired\":true,\"valueName\":\"search_term_string\"}}],\"inLanguage\":\"de\"}]}<\/script>\n<!-- \/ Yoast SEO plugin. -->","yoast_head_json":{"title":"Picknickdecke *Leo* von Muzpony - Regalino -Lively Style","description":"Weiche Picknickdecke aus Musselin (180x150 cm) mit wasserdichter Unterseite, antiallergischer F\u00fcllung & Tragefunktion. Waschbar bei 40 \u00b0C","robots":{"index":"index","follow":"follow","max-snippet":"max-snippet:-1","max-image-preview":"max-image-preview:large","max-video-preview":"max-video-preview:-1"},"canonical":"https:\/\/Regalino-Shop.de\/?product=picknickdecke-180x150-cm-wasserdicht","og_locale":"de_DE","og_type":"article","og_title":"Picknickdecke *Leo* von Muzpony - Regalino -Lively Style","og_description":"Weiche Picknickdecke aus Musselin (180x150 cm) mit wasserdichter Unterseite, antiallergischer F\u00fcllung & Tragefunktion. Waschbar bei 40 \u00b0C","og_url":"https:\/\/Regalino-Shop.de\/?product=picknickdecke-180x150-cm-wasserdicht","og_site_name":"Regalino -Lively Style","article_modified_time":"2026-03-30T20:17:26+00:00","og_image":[{"width":1536,"height":1024,"url":"https:\/\/Regalino-Shop.de\/wp-content\/uploads\/2026\/02\/Picknickdecke-Leo-wasserdicht-Krabbelmatte.png","type":"image\/png"}],"twitter_card":"summary_large_image","twitter_misc":{"Gesch\u00e4tzte Lesezeit":"1\u00a0Minute"},"schema":{"@context":"https:\/\/schema.org","@graph":[{"@type":"WebPage","@id":"https:\/\/Regalino-Shop.de\/?product=picknickdecke-180x150-cm-wasserdicht","url":"https:\/\/Regalino-Shop.de\/?product=picknickdecke-180x150-cm-wasserdicht","name":"Picknickdecke *Leo* von Muzpony - Regalino -Lively Style","isPartOf":{"@id":"https:\/\/Regalino-Shop.de\/#website"},"primaryImageOfPage":{"@id":"https:\/\/Regalino-Shop.de\/?product=picknickdecke-180x150-cm-wasserdicht#primaryimage"},"image":{"@id":"https:\/\/Regalino-Shop.de\/?product=picknickdecke-180x150-cm-wasserdicht#primaryimage"},"thumbnailUrl":"https:\/\/Regalino-Shop.de\/wp-content\/uploads\/2026\/02\/Picknickdecke-Leo-wasserdicht-Krabbelmatte.png","datePublished":"2026-02-17T13:33:44+00:00","dateModified":"2026-03-30T20:17:26+00:00","description":"Weiche Picknickdecke aus Musselin (180x150 cm) mit wasserdichter Unterseite, antiallergischer F\u00fcllung & Tragefunktion. Waschbar bei 40 \u00b0C","breadcrumb":{"@id":"https:\/\/Regalino-Shop.de\/?product=picknickdecke-180x150-cm-wasserdicht#breadcrumb"},"inLanguage":"de","potentialAction":[{"@type":"ReadAction","target":["https:\/\/Regalino-Shop.de\/?product=picknickdecke-180x150-cm-wasserdicht"]}]},{"@type":"ImageObject","inLanguage":"de","@id":"https:\/\/Regalino-Shop.de\/?product=picknickdecke-180x150-cm-wasserdicht#primaryimage","url":"https:\/\/Regalino-Shop.de\/wp-content\/uploads\/2026\/02\/Picknickdecke-Leo-wasserdicht-Krabbelmatte.png","contentUrl":"https:\/\/Regalino-Shop.de\/wp-content\/uploads\/2026\/02\/Picknickdecke-Leo-wasserdicht-Krabbelmatte.png","width":1536,"height":1024,"caption":"Gro\u00dfe Picknickdecke 180x150 cm aus Musselin Baumwolle mit wasserdichter Unterseite und gepolsterter F\u00fcllung, zusammengerollt mit Tragefunktion"},{"@type":"BreadcrumbList","@id":"https:\/\/Regalino-Shop.de\/?product=picknickdecke-180x150-cm-wasserdicht#breadcrumb","itemListElement":[{"@type":"ListItem","position":1,"name":"Startseite","item":"https:\/\/Regalino-Shop.de\/"},{"@type":"ListItem","position":2,"name":"Shop","item":"https:\/\/Regalino-Shop.de\/?page_id=40"},{"@type":"ListItem","position":3,"name":"Picknickdecke *Leo* von Muzpony"}]},{"@type":"WebSite","@id":"https:\/\/Regalino-Shop.de\/#website","url":"https:\/\/Regalino-Shop.de\/","name":"Regalino -Lively Style","description":"gelebtes Zuhause","potentialAction":[{"@type":"SearchAction","target":{"@type":"EntryPoint","urlTemplate":"https:\/\/Regalino-Shop.de\/?s={search_term_string}"},"query-input":{"@type":"PropertyValueSpecification","valueRequired":true,"valueName":"search_term_string"}}],"inLanguage":"de"}]}},"_links":{"self":[{"href":"https:\/\/Regalino-Shop.de\/index.php?rest_route=\/wp\/v2\/product\/17725","targetHints":{"allow":["GET"]}}],"collection":[{"href":"https:\/\/Regalino-Shop.de\/index.php?rest_route=\/wp\/v2\/product"}],"about":[{"href":"https:\/\/Regalino-Shop.de\/index.php?rest_route=\/wp\/v2\/types\/product"}],"wp:featuredmedia":[{"embeddable":true,"href":"https:\/\/Regalino-Shop.de\/index.php?rest_route=\/wp\/v2\/media\/17726"}],"wp:attachment":[{"href":"https:\/\/Regalino-Shop.de\/index.php?rest_route=%2Fwp%2Fv2%2Fmedia&parent=17725"}],"wp:term":[{"taxonomy":"product_brand","embeddable":true,"href":"https:\/\/Regalino-Shop.de\/index.php?rest_route=%2Fwp%2Fv2%2Fproduct_brand&post=17725"},{"taxonomy":"product_cat","embeddable":true,"href":"https:\/\/Regalino-Shop.de\/index.php?rest_route=%2Fwp%2Fv2%2Fproduct_cat&post=17725"},{"taxonomy":"product_tag","embeddable":true,"href":"https:\/\/Regalino-Shop.de\/index.php?rest_route=%2Fwp%2Fv2%2Fproduct_tag&post=17725"}],"curies":[{"name":"wp","href":"https:\/\/api.w.org\/{rel}","templated":true}]}}