{"id":17729,"date":"2026-02-17T15:03:45","date_gmt":"2026-02-17T15:03:45","guid":{"rendered":"https:\/\/Regalino-Shop.de\/?post_type=product&#038;p=17729"},"modified":"2026-03-29T08:02:46","modified_gmt":"2026-03-29T08:02:46","slug":"picknickdecke","status":"publish","type":"product","link":"https:\/\/Regalino-Shop.de\/?product=picknickdecke","title":{"rendered":"Picknickdecke *Streifen* von Muzpony"},"content":{"rendered":"","protected":false},"excerpt":{"rendered":"<h2 data-start=\"105\" data-end=\"148\">Deine neue Lieblingsdecke f\u00fcr drau\u00dfen \ud83e\udd0d<\/h2>\n<p data-start=\"150\" data-end=\"277\">Manchmal braucht es nicht viel: ein bisschen Sonne, frische Luft \u2013 und eine Decke, auf der du dich einfach niederlassen kannst.<\/p>\n<p data-start=\"279\" data-end=\"539\">Unsere Picknickdecke aus weichem Musselin begleitet dich \u00fcberallhin. In den Garten, an den Strand, auf den Spielplatz oder mit dem Fahrrad ans Wasser. Mit ihren gro\u00dfz\u00fcgigen 180 \u00d7 150 cm bietet sie genug Platz f\u00fcr dich, deine Liebsten und alles, was dazugeh\u00f6rt.<\/p>\n<p data-start=\"541\" data-end=\"790\">Oben sp\u00fcrst du die sanfte, atmungsaktive Baumwolle. Innen sorgt eine leichte, antiallergische F\u00fcllung f\u00fcr angenehme Polsterung und sch\u00fctzt dich vor k\u00fchlem Boden. Und unten? Eine wasserdichte Schicht, damit feuchte Wiesen oder Sand kein Problem sind.<\/p>\n<p data-start=\"792\" data-end=\"990\">Dank der integrierten Tasche mit Rei\u00dfverschluss kannst du Kleinigkeiten sicher verstauen. Mit den Kordelz\u00fcgen rollst du die Decke im Handumdrehen zusammen und tr\u00e4gst sie entspannt \u00fcber der Schulter.<\/p>\n<p data-start=\"992\" data-end=\"1053\">Durchdacht. Nat\u00fcrlich. Und gemacht f\u00fcr echte Momente drau\u00dfen.<\/p>\n<p data-start=\"1055\" data-end=\"1252\"><strong data-start=\"1055\" data-end=\"1076\">Details f\u00fcr dich:<\/strong><br data-start=\"1076\" data-end=\"1079\" \/>\u2013 180 \u00d7 150 cm<br data-start=\"1093\" data-end=\"1096\" \/>\u2013 Oberseite: Musselin aus OEKO-TEX\u00ae zertifizierter Baumwolle<br data-start=\"1156\" data-end=\"1159\" \/>\u2013 Unterseite: wasserdicht<br data-start=\"1184\" data-end=\"1187\" \/>\u2013 F\u00fcllung: antiallergisches Silikonvlies<br data-start=\"1227\" data-end=\"1230\" \/>\u2013 Waschbar bei 40 \u00b0C, nicht trocknergeignet<\/p>\n<p>Lieferumfang: 1 Decke<\/p>\n<p data-start=\"1248\" data-end=\"1532\">\n","protected":false},"featured_media":17745,"template":"","meta":{"_et_pb_use_builder":"","_et_pb_old_content":"","_et_gb_content_width":""},"product_brand":[2268],"product_cat":[2983,86,57,2637,82],"product_tag":[2281,2272,2277,2276,2271,2280,2274,2269,2283,2279,2270,2273,2275,2278,2282],"class_list":{"0":"post-17729","1":"product","2":"type-product","3":"status-publish","4":"has-post-thumbnail","6":"product_brand-muzpony","7":"product_cat-accessoires","8":"product_cat-garten-balkon-schoene-lieblingsstuecke-fuer-draussen-regalino","9":"product_cat-neu-eingetroffen-neue-lieblingsstuecke-bei-regalino","10":"product_cat-strandtaschen-reiseaccessoires-mit-maritimem-flair-regalino","11":"product_cat-unterwegs-picknick-praktische-lieblingsstuecke-regalino","12":"product_tag-antiallergische-fuellung","13":"product_tag-baumwoll-picknickdecke","14":"product_tag-garten-picknickdecke","15":"product_tag-krabbeldecke-gross","16":"product_tag-musselin-picknickdecke","17":"product_tag-oeko-tex-baumwolle","18":"product_tag-outdoor-decke-familie","19":"product_tag-picknickdecke-180x150-cm","20":"product_tag-picknickdecke-mit-tasche","21":"product_tag-picknickdecke-mit-tragefunktion","22":"product_tag-picknickdecke-wasserdicht","23":"product_tag-picknickmatte-gepolstert","24":"product_tag-spielmatte-baby","25":"product_tag-strand-picknickdecke","26":"product_tag-waschbar-40-grad","28":"first","29":"instock","30":"taxable","31":"shipping-taxable","32":"purchasable","33":"product-type-simple"},"yoast_head":"<!-- This site is optimized with the Yoast SEO plugin v27.5 - https:\/\/yoast.com\/product\/yoast-seo-wordpress\/ -->\n<title>Picknickdecke *Streifen* von Muzpony - Regalino -Lively Style<\/title>\n<meta name=\"description\" content=\"Weiche Picknickdecke aus Musselin (180x150 cm) mit wasserdichter Unterseite, antiallergischer F\u00fcllung &amp; Tragefunktion. Waschbar bei 40 \u00b0C\" \/>\n<meta name=\"robots\" content=\"index, follow, max-snippet:-1, max-image-preview:large, max-video-preview:-1\" \/>\n<link rel=\"canonical\" href=\"https:\/\/Regalino-Shop.de\/?product=picknickdecke\" \/>\n<meta property=\"og:locale\" content=\"de_DE\" \/>\n<meta property=\"og:type\" content=\"article\" \/>\n<meta property=\"og:title\" content=\"Picknickdecke *Streifen* von Muzpony - Regalino -Lively Style\" \/>\n<meta property=\"og:description\" content=\"Weiche Picknickdecke aus Musselin (180x150 cm) mit wasserdichter Unterseite, antiallergischer F\u00fcllung &amp; Tragefunktion. Waschbar bei 40 \u00b0C\" \/>\n<meta property=\"og:url\" content=\"https:\/\/Regalino-Shop.de\/?product=picknickdecke\" \/>\n<meta property=\"og:site_name\" content=\"Regalino -Lively Style\" \/>\n<meta property=\"article:modified_time\" content=\"2026-03-29T08:02:46+00:00\" \/>\n<meta property=\"og:image\" content=\"https:\/\/Regalino-Shop.de\/wp-content\/uploads\/2026\/02\/regalino_picknickdecke_streifen_bretagne.webp\" \/>\n\t<meta property=\"og:image:width\" content=\"1024\" \/>\n\t<meta property=\"og:image:height\" content=\"1536\" \/>\n\t<meta property=\"og:image:type\" content=\"image\/webp\" \/>\n<meta name=\"twitter:card\" content=\"summary_large_image\" \/>\n<meta name=\"twitter:label1\" content=\"Gesch\u00e4tzte Lesezeit\" \/>\n\t<meta name=\"twitter:data1\" content=\"1\u00a0Minute\" \/>\n<script type=\"application\/ld+json\" class=\"yoast-schema-graph\">{\"@context\":\"https:\\\/\\\/schema.org\",\"@graph\":[{\"@type\":\"WebPage\",\"@id\":\"https:\\\/\\\/Regalino-Shop.de\\\/?product=picknickdecke\",\"url\":\"https:\\\/\\\/Regalino-Shop.de\\\/?product=picknickdecke\",\"name\":\"Picknickdecke *Streifen* von Muzpony - Regalino -Lively Style\",\"isPartOf\":{\"@id\":\"https:\\\/\\\/Regalino-Shop.de\\\/#website\"},\"primaryImageOfPage\":{\"@id\":\"https:\\\/\\\/Regalino-Shop.de\\\/?product=picknickdecke#primaryimage\"},\"image\":{\"@id\":\"https:\\\/\\\/Regalino-Shop.de\\\/?product=picknickdecke#primaryimage\"},\"thumbnailUrl\":\"https:\\\/\\\/Regalino-Shop.de\\\/wp-content\\\/uploads\\\/2026\\\/02\\\/regalino_picknickdecke_streifen_bretagne.webp\",\"datePublished\":\"2026-02-17T15:03:45+00:00\",\"dateModified\":\"2026-03-29T08:02:46+00:00\",\"description\":\"Weiche Picknickdecke aus Musselin (180x150 cm) mit wasserdichter Unterseite, antiallergischer F\u00fcllung & Tragefunktion. Waschbar bei 40 \u00b0C\",\"breadcrumb\":{\"@id\":\"https:\\\/\\\/Regalino-Shop.de\\\/?product=picknickdecke#breadcrumb\"},\"inLanguage\":\"de\",\"potentialAction\":[{\"@type\":\"ReadAction\",\"target\":[\"https:\\\/\\\/Regalino-Shop.de\\\/?product=picknickdecke\"]}]},{\"@type\":\"ImageObject\",\"inLanguage\":\"de\",\"@id\":\"https:\\\/\\\/Regalino-Shop.de\\\/?product=picknickdecke#primaryimage\",\"url\":\"https:\\\/\\\/Regalino-Shop.de\\\/wp-content\\\/uploads\\\/2026\\\/02\\\/regalino_picknickdecke_streifen_bretagne.webp\",\"contentUrl\":\"https:\\\/\\\/Regalino-Shop.de\\\/wp-content\\\/uploads\\\/2026\\\/02\\\/regalino_picknickdecke_streifen_bretagne.webp\",\"width\":1024,\"height\":1536},{\"@type\":\"BreadcrumbList\",\"@id\":\"https:\\\/\\\/Regalino-Shop.de\\\/?product=picknickdecke#breadcrumb\",\"itemListElement\":[{\"@type\":\"ListItem\",\"position\":1,\"name\":\"Startseite\",\"item\":\"https:\\\/\\\/Regalino-Shop.de\\\/\"},{\"@type\":\"ListItem\",\"position\":2,\"name\":\"Shop\",\"item\":\"https:\\\/\\\/Regalino-Shop.de\\\/?page_id=40\"},{\"@type\":\"ListItem\",\"position\":3,\"name\":\"Picknickdecke *Streifen* von Muzpony\"}]},{\"@type\":\"WebSite\",\"@id\":\"https:\\\/\\\/Regalino-Shop.de\\\/#website\",\"url\":\"https:\\\/\\\/Regalino-Shop.de\\\/\",\"name\":\"Regalino -Lively Style\",\"description\":\"gelebtes Zuhause\",\"potentialAction\":[{\"@type\":\"SearchAction\",\"target\":{\"@type\":\"EntryPoint\",\"urlTemplate\":\"https:\\\/\\\/Regalino-Shop.de\\\/?s={search_term_string}\"},\"query-input\":{\"@type\":\"PropertyValueSpecification\",\"valueRequired\":true,\"valueName\":\"search_term_string\"}}],\"inLanguage\":\"de\"}]}<\/script>\n<!-- \/ Yoast SEO plugin. -->","yoast_head_json":{"title":"Picknickdecke *Streifen* von Muzpony - Regalino -Lively Style","description":"Weiche Picknickdecke aus Musselin (180x150 cm) mit wasserdichter Unterseite, antiallergischer F\u00fcllung & Tragefunktion. Waschbar bei 40 \u00b0C","robots":{"index":"index","follow":"follow","max-snippet":"max-snippet:-1","max-image-preview":"max-image-preview:large","max-video-preview":"max-video-preview:-1"},"canonical":"https:\/\/Regalino-Shop.de\/?product=picknickdecke","og_locale":"de_DE","og_type":"article","og_title":"Picknickdecke *Streifen* von Muzpony - Regalino -Lively Style","og_description":"Weiche Picknickdecke aus Musselin (180x150 cm) mit wasserdichter Unterseite, antiallergischer F\u00fcllung & Tragefunktion. Waschbar bei 40 \u00b0C","og_url":"https:\/\/Regalino-Shop.de\/?product=picknickdecke","og_site_name":"Regalino -Lively Style","article_modified_time":"2026-03-29T08:02:46+00:00","og_image":[{"width":1024,"height":1536,"url":"https:\/\/Regalino-Shop.de\/wp-content\/uploads\/2026\/02\/regalino_picknickdecke_streifen_bretagne.webp","type":"image\/webp"}],"twitter_card":"summary_large_image","twitter_misc":{"Gesch\u00e4tzte Lesezeit":"1\u00a0Minute"},"schema":{"@context":"https:\/\/schema.org","@graph":[{"@type":"WebPage","@id":"https:\/\/Regalino-Shop.de\/?product=picknickdecke","url":"https:\/\/Regalino-Shop.de\/?product=picknickdecke","name":"Picknickdecke *Streifen* von Muzpony - Regalino -Lively Style","isPartOf":{"@id":"https:\/\/Regalino-Shop.de\/#website"},"primaryImageOfPage":{"@id":"https:\/\/Regalino-Shop.de\/?product=picknickdecke#primaryimage"},"image":{"@id":"https:\/\/Regalino-Shop.de\/?product=picknickdecke#primaryimage"},"thumbnailUrl":"https:\/\/Regalino-Shop.de\/wp-content\/uploads\/2026\/02\/regalino_picknickdecke_streifen_bretagne.webp","datePublished":"2026-02-17T15:03:45+00:00","dateModified":"2026-03-29T08:02:46+00:00","description":"Weiche Picknickdecke aus Musselin (180x150 cm) mit wasserdichter Unterseite, antiallergischer F\u00fcllung & Tragefunktion. Waschbar bei 40 \u00b0C","breadcrumb":{"@id":"https:\/\/Regalino-Shop.de\/?product=picknickdecke#breadcrumb"},"inLanguage":"de","potentialAction":[{"@type":"ReadAction","target":["https:\/\/Regalino-Shop.de\/?product=picknickdecke"]}]},{"@type":"ImageObject","inLanguage":"de","@id":"https:\/\/Regalino-Shop.de\/?product=picknickdecke#primaryimage","url":"https:\/\/Regalino-Shop.de\/wp-content\/uploads\/2026\/02\/regalino_picknickdecke_streifen_bretagne.webp","contentUrl":"https:\/\/Regalino-Shop.de\/wp-content\/uploads\/2026\/02\/regalino_picknickdecke_streifen_bretagne.webp","width":1024,"height":1536},{"@type":"BreadcrumbList","@id":"https:\/\/Regalino-Shop.de\/?product=picknickdecke#breadcrumb","itemListElement":[{"@type":"ListItem","position":1,"name":"Startseite","item":"https:\/\/Regalino-Shop.de\/"},{"@type":"ListItem","position":2,"name":"Shop","item":"https:\/\/Regalino-Shop.de\/?page_id=40"},{"@type":"ListItem","position":3,"name":"Picknickdecke *Streifen* von Muzpony"}]},{"@type":"WebSite","@id":"https:\/\/Regalino-Shop.de\/#website","url":"https:\/\/Regalino-Shop.de\/","name":"Regalino -Lively Style","description":"gelebtes Zuhause","potentialAction":[{"@type":"SearchAction","target":{"@type":"EntryPoint","urlTemplate":"https:\/\/Regalino-Shop.de\/?s={search_term_string}"},"query-input":{"@type":"PropertyValueSpecification","valueRequired":true,"valueName":"search_term_string"}}],"inLanguage":"de"}]}},"_links":{"self":[{"href":"https:\/\/Regalino-Shop.de\/index.php?rest_route=\/wp\/v2\/product\/17729","targetHints":{"allow":["GET"]}}],"collection":[{"href":"https:\/\/Regalino-Shop.de\/index.php?rest_route=\/wp\/v2\/product"}],"about":[{"href":"https:\/\/Regalino-Shop.de\/index.php?rest_route=\/wp\/v2\/types\/product"}],"wp:featuredmedia":[{"embeddable":true,"href":"https:\/\/Regalino-Shop.de\/index.php?rest_route=\/wp\/v2\/media\/17745"}],"wp:attachment":[{"href":"https:\/\/Regalino-Shop.de\/index.php?rest_route=%2Fwp%2Fv2%2Fmedia&parent=17729"}],"wp:term":[{"taxonomy":"product_brand","embeddable":true,"href":"https:\/\/Regalino-Shop.de\/index.php?rest_route=%2Fwp%2Fv2%2Fproduct_brand&post=17729"},{"taxonomy":"product_cat","embeddable":true,"href":"https:\/\/Regalino-Shop.de\/index.php?rest_route=%2Fwp%2Fv2%2Fproduct_cat&post=17729"},{"taxonomy":"product_tag","embeddable":true,"href":"https:\/\/Regalino-Shop.de\/index.php?rest_route=%2Fwp%2Fv2%2Fproduct_tag&post=17729"}],"curies":[{"name":"wp","href":"https:\/\/api.w.org\/{rel}","templated":true}]}}