{"id":17775,"date":"2026-02-18T20:15:41","date_gmt":"2026-02-18T20:15:41","guid":{"rendered":"https:\/\/Regalino-Shop.de\/?post_type=product&#038;p=17775"},"modified":"2026-03-30T08:04:14","modified_gmt":"2026-03-30T08:04:14","slug":"herzschuessel-5","status":"publish","type":"product","link":"https:\/\/Regalino-Shop.de\/?product=herzschuessel-5","title":{"rendered":"Herzsch\u00fcssel kleine Liebe *Rhabarber* von Lisara"},"content":{"rendered":"","protected":false},"excerpt":{"rendered":"<h2 data-start=\"174\" data-end=\"232\">Herzsch\u00fcssel aus Steingut \u2013 handgefertigt in Portugal<\/h2>\n<p data-start=\"234\" data-end=\"313\">Vom Familienessen bis zum Date-Dinner \u2013<br data-start=\"273\" data-end=\"276\" \/>diese Sch\u00fcssel sorgt f\u00fcr Herzmomente.<\/p>\n<p data-start=\"315\" data-end=\"416\">Herb und knackig, mit einem kleinen frechen Twist.<br data-start=\"365\" data-end=\"368\" \/>Charakterstark wie der Geschmack reifer Fr\u00fcchte.<\/p>\n<p data-start=\"418\" data-end=\"532\">F\u00fcr Kuchen, Kompott oder als Herzst\u00fcck f\u00fcr allerlei Tafelfreuden.<br data-start=\"483\" data-end=\"486\" \/>Sie tr\u00e4gt S\u00fc\u00dfes genauso souver\u00e4n wie Deftiges.<\/p>\n<p data-start=\"534\" data-end=\"628\">Feuerfest, ofenfest, mikrowellengeeignet.<br data-start=\"575\" data-end=\"578\" \/>Hitze? Kein Problem.<br data-start=\"598\" data-end=\"601\" \/>Sp\u00fclmaschine? H\u00e4lt sie aus.<\/p>\n<p data-start=\"630\" data-end=\"797\">Die klare Herzform trifft auf robuste Keramik und eine lebendige Glasur.<br data-start=\"702\" data-end=\"705\" \/>Handgefertigt in Portugal entsteht jedes St\u00fcck mit individuellen Nuancen \u2013 jedes ein Unikat.<\/p>\n<p data-start=\"799\" data-end=\"865\">Genau wie dein Leben:<br data-start=\"820\" data-end=\"823\" \/>voller Geschmack.<br data-start=\"840\" data-end=\"843\" \/>Und ein bisschen wild.<\/p>\n<ul>\n<li data-start=\"778\" data-end=\"963\">\u00a0Handgefertigt in Portugal<\/li>\n<li data-start=\"778\" data-end=\"963\">\u00a0Steingut mit individueller Glasur<\/li>\n<li data-start=\"778\" data-end=\"963\">Jedes St\u00fcck ein Unikat<\/li>\n<li data-start=\"778\" data-end=\"963\">Ofenfest<\/li>\n<li data-start=\"778\" data-end=\"963\">Mikrowellengeeignet<\/li>\n<li data-start=\"778\" data-end=\"963\">Sp\u00fclmaschinenfest<\/li>\n<li data-start=\"778\" data-end=\"963\">Langlebig &amp; alltagstauglich<\/li>\n<li data-start=\"778\" data-end=\"963\">Ma\u00dfe<strong data-start=\"965\" data-end=\"974\">:<\/strong> 18 x 17 x 7 cm<\/li>\n<\/ul>\n<p>Lieferumfang: 1 Sch\u00fcssel<\/p>\n","protected":false},"featured_media":17776,"template":"","meta":{"_et_pb_use_builder":"","_et_pb_old_content":"","_et_gb_content_width":""},"product_brand":[2284],"product_cat":[76],"product_tag":[354,2289,2285,2287,2295,2292,2294,2290,2288,2293,2291,2286],"class_list":{"0":"post-17775","1":"product","2":"type-product","3":"status-publish","4":"has-post-thumbnail","6":"product_brand-lisara","7":"product_cat-geschirr-fuer-stilvolle-genussmomente-regalino","8":"product_tag-geschenkidee","9":"product_tag-handgefertigte-schale","10":"product_tag-herzschuessel","11":"product_tag-keramik-herzform","12":"product_tag-keramik-unikat","13":"product_tag-mikrowellengeeignet","14":"product_tag-minimalistisches-geschirr","15":"product_tag-ofenfeste-keramik","16":"product_tag-portugiesische-keramik","17":"product_tag-scandi-geschirr","18":"product_tag-spuelmaschinengeeignet","19":"product_tag-steingut-schuessel","21":"first","22":"instock","23":"taxable","24":"shipping-taxable","25":"purchasable","26":"product-type-simple"},"yoast_head":"<!-- This site is optimized with the Yoast SEO plugin v27.3 - https:\/\/yoast.com\/product\/yoast-seo-wordpress\/ -->\n<title>Herzsch\u00fcssel kleine Liebe *Rhabarber* von Lisara - Regalino -Lively Style<\/title>\n<meta name=\"description\" content=\"Herzsch\u00fcssel aus Steingut, handgefertigt in Portugal. Ofenfest, mikrowellengeeignet &amp; sp\u00fclmaschinenfest \u2013 zeitlos, langlebig, einzigartig.\" \/>\n<meta name=\"robots\" content=\"index, follow, max-snippet:-1, max-image-preview:large, max-video-preview:-1\" \/>\n<link rel=\"canonical\" href=\"https:\/\/Regalino-Shop.de\/?product=herzschuessel-5\" \/>\n<meta property=\"og:locale\" content=\"de_DE\" \/>\n<meta property=\"og:type\" content=\"article\" \/>\n<meta property=\"og:title\" content=\"Herzsch\u00fcssel kleine Liebe *Rhabarber* von Lisara - Regalino -Lively Style\" \/>\n<meta property=\"og:description\" content=\"Herzsch\u00fcssel aus Steingut, handgefertigt in Portugal. Ofenfest, mikrowellengeeignet &amp; sp\u00fclmaschinenfest \u2013 zeitlos, langlebig, einzigartig.\" \/>\n<meta property=\"og:url\" content=\"https:\/\/Regalino-Shop.de\/?product=herzschuessel-5\" \/>\n<meta property=\"og:site_name\" content=\"Regalino -Lively Style\" \/>\n<meta property=\"article:modified_time\" content=\"2026-03-30T08:04:14+00:00\" \/>\n<meta property=\"og:image\" content=\"https:\/\/Regalino-Shop.de\/wp-content\/uploads\/2026\/02\/Herzschuessel-rhabarber-klein-Lisara-Keramik.webp\" \/>\n\t<meta property=\"og:image:width\" content=\"600\" \/>\n\t<meta property=\"og:image:height\" content=\"600\" \/>\n\t<meta property=\"og:image:type\" content=\"image\/webp\" \/>\n<meta name=\"twitter:card\" content=\"summary_large_image\" \/>\n<meta name=\"twitter:label1\" content=\"Gesch\u00e4tzte Lesezeit\" \/>\n\t<meta name=\"twitter:data1\" content=\"1\u00a0Minute\" \/>\n<script type=\"application\/ld+json\" class=\"yoast-schema-graph\">{\"@context\":\"https:\\\/\\\/schema.org\",\"@graph\":[{\"@type\":\"WebPage\",\"@id\":\"https:\\\/\\\/Regalino-Shop.de\\\/?product=herzschuessel-5\",\"url\":\"https:\\\/\\\/Regalino-Shop.de\\\/?product=herzschuessel-5\",\"name\":\"Herzsch\u00fcssel kleine Liebe *Rhabarber* von Lisara - Regalino -Lively Style\",\"isPartOf\":{\"@id\":\"https:\\\/\\\/Regalino-Shop.de\\\/#website\"},\"primaryImageOfPage\":{\"@id\":\"https:\\\/\\\/Regalino-Shop.de\\\/?product=herzschuessel-5#primaryimage\"},\"image\":{\"@id\":\"https:\\\/\\\/Regalino-Shop.de\\\/?product=herzschuessel-5#primaryimage\"},\"thumbnailUrl\":\"https:\\\/\\\/Regalino-Shop.de\\\/wp-content\\\/uploads\\\/2026\\\/02\\\/Herzschuessel-rhabarber-klein-Lisara-Keramik.webp\",\"datePublished\":\"2026-02-18T20:15:41+00:00\",\"dateModified\":\"2026-03-30T08:04:14+00:00\",\"description\":\"Herzsch\u00fcssel aus Steingut, handgefertigt in Portugal. Ofenfest, mikrowellengeeignet & sp\u00fclmaschinenfest \u2013 zeitlos, langlebig, einzigartig.\",\"breadcrumb\":{\"@id\":\"https:\\\/\\\/Regalino-Shop.de\\\/?product=herzschuessel-5#breadcrumb\"},\"inLanguage\":\"de\",\"potentialAction\":[{\"@type\":\"ReadAction\",\"target\":[\"https:\\\/\\\/Regalino-Shop.de\\\/?product=herzschuessel-5\"]}]},{\"@type\":\"ImageObject\",\"inLanguage\":\"de\",\"@id\":\"https:\\\/\\\/Regalino-Shop.de\\\/?product=herzschuessel-5#primaryimage\",\"url\":\"https:\\\/\\\/Regalino-Shop.de\\\/wp-content\\\/uploads\\\/2026\\\/02\\\/Herzschuessel-rhabarber-klein-Lisara-Keramik.webp\",\"contentUrl\":\"https:\\\/\\\/Regalino-Shop.de\\\/wp-content\\\/uploads\\\/2026\\\/02\\\/Herzschuessel-rhabarber-klein-Lisara-Keramik.webp\",\"width\":600,\"height\":600,\"caption\":\"Keramikschale in Herzform ofenfest\"},{\"@type\":\"BreadcrumbList\",\"@id\":\"https:\\\/\\\/Regalino-Shop.de\\\/?product=herzschuessel-5#breadcrumb\",\"itemListElement\":[{\"@type\":\"ListItem\",\"position\":1,\"name\":\"Startseite\",\"item\":\"https:\\\/\\\/Regalino-Shop.de\\\/\"},{\"@type\":\"ListItem\",\"position\":2,\"name\":\"Shop\",\"item\":\"https:\\\/\\\/Regalino-Shop.de\\\/?page_id=40\"},{\"@type\":\"ListItem\",\"position\":3,\"name\":\"Herzsch\u00fcssel kleine Liebe *Rhabarber* von Lisara\"}]},{\"@type\":\"WebSite\",\"@id\":\"https:\\\/\\\/Regalino-Shop.de\\\/#website\",\"url\":\"https:\\\/\\\/Regalino-Shop.de\\\/\",\"name\":\"Regalino -Lively Style\",\"description\":\"gelebtes Zuhause\",\"potentialAction\":[{\"@type\":\"SearchAction\",\"target\":{\"@type\":\"EntryPoint\",\"urlTemplate\":\"https:\\\/\\\/Regalino-Shop.de\\\/?s={search_term_string}\"},\"query-input\":{\"@type\":\"PropertyValueSpecification\",\"valueRequired\":true,\"valueName\":\"search_term_string\"}}],\"inLanguage\":\"de\"}]}<\/script>\n<!-- \/ Yoast SEO plugin. -->","yoast_head_json":{"title":"Herzsch\u00fcssel kleine Liebe *Rhabarber* von Lisara - Regalino -Lively Style","description":"Herzsch\u00fcssel aus Steingut, handgefertigt in Portugal. Ofenfest, mikrowellengeeignet & sp\u00fclmaschinenfest \u2013 zeitlos, langlebig, einzigartig.","robots":{"index":"index","follow":"follow","max-snippet":"max-snippet:-1","max-image-preview":"max-image-preview:large","max-video-preview":"max-video-preview:-1"},"canonical":"https:\/\/Regalino-Shop.de\/?product=herzschuessel-5","og_locale":"de_DE","og_type":"article","og_title":"Herzsch\u00fcssel kleine Liebe *Rhabarber* von Lisara - Regalino -Lively Style","og_description":"Herzsch\u00fcssel aus Steingut, handgefertigt in Portugal. Ofenfest, mikrowellengeeignet & sp\u00fclmaschinenfest \u2013 zeitlos, langlebig, einzigartig.","og_url":"https:\/\/Regalino-Shop.de\/?product=herzschuessel-5","og_site_name":"Regalino -Lively Style","article_modified_time":"2026-03-30T08:04:14+00:00","og_image":[{"width":600,"height":600,"url":"https:\/\/Regalino-Shop.de\/wp-content\/uploads\/2026\/02\/Herzschuessel-rhabarber-klein-Lisara-Keramik.webp","type":"image\/webp"}],"twitter_card":"summary_large_image","twitter_misc":{"Gesch\u00e4tzte Lesezeit":"1\u00a0Minute"},"schema":{"@context":"https:\/\/schema.org","@graph":[{"@type":"WebPage","@id":"https:\/\/Regalino-Shop.de\/?product=herzschuessel-5","url":"https:\/\/Regalino-Shop.de\/?product=herzschuessel-5","name":"Herzsch\u00fcssel kleine Liebe *Rhabarber* von Lisara - Regalino -Lively Style","isPartOf":{"@id":"https:\/\/Regalino-Shop.de\/#website"},"primaryImageOfPage":{"@id":"https:\/\/Regalino-Shop.de\/?product=herzschuessel-5#primaryimage"},"image":{"@id":"https:\/\/Regalino-Shop.de\/?product=herzschuessel-5#primaryimage"},"thumbnailUrl":"https:\/\/Regalino-Shop.de\/wp-content\/uploads\/2026\/02\/Herzschuessel-rhabarber-klein-Lisara-Keramik.webp","datePublished":"2026-02-18T20:15:41+00:00","dateModified":"2026-03-30T08:04:14+00:00","description":"Herzsch\u00fcssel aus Steingut, handgefertigt in Portugal. Ofenfest, mikrowellengeeignet & sp\u00fclmaschinenfest \u2013 zeitlos, langlebig, einzigartig.","breadcrumb":{"@id":"https:\/\/Regalino-Shop.de\/?product=herzschuessel-5#breadcrumb"},"inLanguage":"de","potentialAction":[{"@type":"ReadAction","target":["https:\/\/Regalino-Shop.de\/?product=herzschuessel-5"]}]},{"@type":"ImageObject","inLanguage":"de","@id":"https:\/\/Regalino-Shop.de\/?product=herzschuessel-5#primaryimage","url":"https:\/\/Regalino-Shop.de\/wp-content\/uploads\/2026\/02\/Herzschuessel-rhabarber-klein-Lisara-Keramik.webp","contentUrl":"https:\/\/Regalino-Shop.de\/wp-content\/uploads\/2026\/02\/Herzschuessel-rhabarber-klein-Lisara-Keramik.webp","width":600,"height":600,"caption":"Keramikschale in Herzform ofenfest"},{"@type":"BreadcrumbList","@id":"https:\/\/Regalino-Shop.de\/?product=herzschuessel-5#breadcrumb","itemListElement":[{"@type":"ListItem","position":1,"name":"Startseite","item":"https:\/\/Regalino-Shop.de\/"},{"@type":"ListItem","position":2,"name":"Shop","item":"https:\/\/Regalino-Shop.de\/?page_id=40"},{"@type":"ListItem","position":3,"name":"Herzsch\u00fcssel kleine Liebe *Rhabarber* von Lisara"}]},{"@type":"WebSite","@id":"https:\/\/Regalino-Shop.de\/#website","url":"https:\/\/Regalino-Shop.de\/","name":"Regalino -Lively Style","description":"gelebtes Zuhause","potentialAction":[{"@type":"SearchAction","target":{"@type":"EntryPoint","urlTemplate":"https:\/\/Regalino-Shop.de\/?s={search_term_string}"},"query-input":{"@type":"PropertyValueSpecification","valueRequired":true,"valueName":"search_term_string"}}],"inLanguage":"de"}]}},"_links":{"self":[{"href":"https:\/\/Regalino-Shop.de\/index.php?rest_route=\/wp\/v2\/product\/17775","targetHints":{"allow":["GET"]}}],"collection":[{"href":"https:\/\/Regalino-Shop.de\/index.php?rest_route=\/wp\/v2\/product"}],"about":[{"href":"https:\/\/Regalino-Shop.de\/index.php?rest_route=\/wp\/v2\/types\/product"}],"wp:featuredmedia":[{"embeddable":true,"href":"https:\/\/Regalino-Shop.de\/index.php?rest_route=\/wp\/v2\/media\/17776"}],"wp:attachment":[{"href":"https:\/\/Regalino-Shop.de\/index.php?rest_route=%2Fwp%2Fv2%2Fmedia&parent=17775"}],"wp:term":[{"taxonomy":"product_brand","embeddable":true,"href":"https:\/\/Regalino-Shop.de\/index.php?rest_route=%2Fwp%2Fv2%2Fproduct_brand&post=17775"},{"taxonomy":"product_cat","embeddable":true,"href":"https:\/\/Regalino-Shop.de\/index.php?rest_route=%2Fwp%2Fv2%2Fproduct_cat&post=17775"},{"taxonomy":"product_tag","embeddable":true,"href":"https:\/\/Regalino-Shop.de\/index.php?rest_route=%2Fwp%2Fv2%2Fproduct_tag&post=17775"}],"curies":[{"name":"wp","href":"https:\/\/api.w.org\/{rel}","templated":true}]}}