{"id":17790,"date":"2026-02-20T12:27:56","date_gmt":"2026-02-20T12:27:56","guid":{"rendered":"https:\/\/Regalino-Shop.de\/?post_type=product&#038;p=17790"},"modified":"2026-04-01T14:11:39","modified_gmt":"2026-04-01T14:11:39","slug":"bakuli-kranz-2","status":"publish","type":"product","link":"https:\/\/Regalino-Shop.de\/?product=bakuli-kranz-2","title":{"rendered":"Bakuli Kranz puderrosa \u00d8 20cm"},"content":{"rendered":"","protected":false},"excerpt":{"rendered":"<div class=\"tabs accordion\">\n<h3 data-start=\"0\" data-end=\"48\">Bakuli-Kranz \u2013 nordisch schlicht &amp; nat\u00fcrlich<\/h3>\n<p data-start=\"50\" data-end=\"287\">Ein feiner Kranz aus echten Bakuli-Schoten, inspiriert von der ruhigen Klarheit nordischer Wohnwelten. Seine filigrane Form und die nat\u00fcrlichen Materialien verleihen ihm eine leichte, zur\u00fcckhaltende Eleganz \u2013 reduziert, warm und zeitlos.<\/p>\n<p data-start=\"289\" data-end=\"521\">Ob an T\u00fcr oder Wand aufgeh\u00e4ngt, locker auf einem Sideboard platziert oder sanft auf einer Schale oder einem Tablett arrangiert \u2013 der Bakuli-Kranz f\u00fcgt sich harmonisch in jede Umgebung ein und setzt einen stillen, nat\u00fcrlichen Akzent.<\/p>\n<p data-start=\"523\" data-end=\"648\">Erh\u00e4ltlich in verschiedenen Farben und Gr\u00f6\u00dfen, l\u00e4sst er sich wunderbar kombinieren und saisonal immer wieder neu inszenieren.<\/p>\n<ul data-start=\"664\" data-end=\"886\">\n<li data-start=\"664\" data-end=\"704\">\n<p data-start=\"666\" data-end=\"704\">Kranz aus nat\u00fcrlichen Bakuli-Schoten<\/p>\n<\/li>\n<li data-start=\"705\" data-end=\"744\">\n<p data-start=\"707\" data-end=\"744\">Nordisch schlichte, filigrane Optik<\/p>\n<\/li>\n<li data-start=\"745\" data-end=\"788\">Zum H\u00e4ngen oder Liegen dekorierbar<\/li>\n<li data-start=\"828\" data-end=\"861\">\n<p data-start=\"830\" data-end=\"861\">Zeitlose Ganzjahresdekoration<\/p>\n<\/li>\n<li data-start=\"862\" data-end=\"886\">\n<p data-start=\"864\" data-end=\"886\">Jedes St\u00fcck ein Unikat<\/p>\n<\/li>\n<li data-start=\"862\" data-end=\"886\">\u00d8 20cm<\/li>\n<\/ul>\n<p>Lieferumfang: 1 Kranz ohne Deko<\/p>\n<div id=\"content_tab_description\" class=\"tab-content tab-description\">\n<div class=\"tab-content-inner\"><\/div>\n<\/div>\n<\/div>\n<p>&nbsp;<\/p>\n","protected":false},"featured_media":17793,"template":"","meta":{"_et_pb_use_builder":"","_et_pb_old_content":"","_et_gb_content_width":""},"product_brand":[2081],"product_cat":[64,57,1608],"product_tag":[2317,2319,2310,2318,2322,2323,2324,2314,2321,2084,2325,2312,2326,2086,2327,2328,2300,2297,2087,2320],"class_list":{"0":"post-17790","1":"product","2":"type-product","3":"status-publish","4":"has-post-thumbnail","6":"product_brand-couronne","7":"product_cat-besondere-deko-im-nordischen-stil-maritime-akzente-regalino","8":"product_cat-neu-eingetroffen-neue-lieblingsstuecke-bei-regalino","9":"product_cat-ostern-osterdeko-geschenkideen-regalino","10":"product_tag-bakuli-kranz","11":"product_tag-filigraner-kranz","12":"product_tag-ganzjahreskranz","13":"product_tag-kranz-bakuli-schoten","14":"product_tag-kranz-naturfarben","15":"product_tag-kranz-sideboard","16":"product_tag-kranz-tablett-deko","17":"product_tag-kranz-wohnzimmer","18":"product_tag-minimalistischer-kranz","19":"product_tag-naturkranz","20":"product_tag-natuerliche-wohnaccessoires","21":"product_tag-natuerlicher-tuerkranz","22":"product_tag-nordic-living-deko","23":"product_tag-nordische-deko","24":"product_tag-regalino-stil","25":"product_tag-ruhige-deko","26":"product_tag-skandinavische-deko","27":"product_tag-trockenkranz","28":"product_tag-tuerkranz-natur","29":"product_tag-wandkranz-natur","31":"first","32":"instock","33":"taxable","34":"shipping-taxable","35":"purchasable","36":"product-type-simple"},"yoast_head":"<!-- This site is optimized with the Yoast SEO plugin v27.3 - https:\/\/yoast.com\/product\/yoast-seo-wordpress\/ -->\n<title>Bakuli Kranz puderrosa \u00d8 20cm - Regalino -Lively Style<\/title>\n<meta name=\"description\" content=\"Filigraner Bakuli Kranz aus nat\u00fcrlichen Schoten im nordischen Stil. Zeitlose Dekoration f\u00fcr T\u00fcr, Wand oder Tablett - \u00d8 20cm\" \/>\n<meta name=\"robots\" content=\"index, follow, max-snippet:-1, max-image-preview:large, max-video-preview:-1\" \/>\n<link rel=\"canonical\" href=\"https:\/\/Regalino-Shop.de\/?product=bakuli-kranz-2\" \/>\n<meta property=\"og:locale\" content=\"de_DE\" \/>\n<meta property=\"og:type\" content=\"article\" \/>\n<meta property=\"og:title\" content=\"Bakuli Kranz puderrosa \u00d8 20cm - Regalino -Lively Style\" \/>\n<meta property=\"og:description\" content=\"Filigraner Bakuli Kranz aus nat\u00fcrlichen Schoten im nordischen Stil. Zeitlose Dekoration f\u00fcr T\u00fcr, Wand oder Tablett - \u00d8 20cm\" \/>\n<meta property=\"og:url\" content=\"https:\/\/Regalino-Shop.de\/?product=bakuli-kranz-2\" \/>\n<meta property=\"og:site_name\" content=\"Regalino -Lively Style\" \/>\n<meta property=\"article:modified_time\" content=\"2026-04-01T14:11:39+00:00\" \/>\n<meta property=\"og:image\" content=\"https:\/\/Regalino-Shop.de\/wp-content\/uploads\/2026\/02\/Bakuli-Kranz-puderrosa-couronne-mood.webp.jpg\" \/>\n\t<meta property=\"og:image:width\" content=\"545\" \/>\n\t<meta property=\"og:image:height\" content=\"691\" \/>\n\t<meta property=\"og:image:type\" content=\"image\/jpeg\" \/>\n<meta name=\"twitter:card\" content=\"summary_large_image\" \/>\n<meta name=\"twitter:label1\" content=\"Gesch\u00e4tzte Lesezeit\" \/>\n\t<meta name=\"twitter:data1\" content=\"1\u00a0Minute\" \/>\n<script type=\"application\/ld+json\" class=\"yoast-schema-graph\">{\"@context\":\"https:\\\/\\\/schema.org\",\"@graph\":[{\"@type\":\"WebPage\",\"@id\":\"https:\\\/\\\/Regalino-Shop.de\\\/?product=bakuli-kranz-2\",\"url\":\"https:\\\/\\\/Regalino-Shop.de\\\/?product=bakuli-kranz-2\",\"name\":\"Bakuli Kranz puderrosa \u00d8 20cm - Regalino -Lively Style\",\"isPartOf\":{\"@id\":\"https:\\\/\\\/Regalino-Shop.de\\\/#website\"},\"primaryImageOfPage\":{\"@id\":\"https:\\\/\\\/Regalino-Shop.de\\\/?product=bakuli-kranz-2#primaryimage\"},\"image\":{\"@id\":\"https:\\\/\\\/Regalino-Shop.de\\\/?product=bakuli-kranz-2#primaryimage\"},\"thumbnailUrl\":\"https:\\\/\\\/Regalino-Shop.de\\\/wp-content\\\/uploads\\\/2026\\\/02\\\/Bakuli-Kranz-puderrosa-couronne-mood.webp.jpg\",\"datePublished\":\"2026-02-20T12:27:56+00:00\",\"dateModified\":\"2026-04-01T14:11:39+00:00\",\"description\":\"Filigraner Bakuli Kranz aus nat\u00fcrlichen Schoten im nordischen Stil. Zeitlose Dekoration f\u00fcr T\u00fcr, Wand oder Tablett - \u00d8 20cm\",\"breadcrumb\":{\"@id\":\"https:\\\/\\\/Regalino-Shop.de\\\/?product=bakuli-kranz-2#breadcrumb\"},\"inLanguage\":\"de\",\"potentialAction\":[{\"@type\":\"ReadAction\",\"target\":[\"https:\\\/\\\/Regalino-Shop.de\\\/?product=bakuli-kranz-2\"]}]},{\"@type\":\"ImageObject\",\"inLanguage\":\"de\",\"@id\":\"https:\\\/\\\/Regalino-Shop.de\\\/?product=bakuli-kranz-2#primaryimage\",\"url\":\"https:\\\/\\\/Regalino-Shop.de\\\/wp-content\\\/uploads\\\/2026\\\/02\\\/Bakuli-Kranz-puderrosa-couronne-mood.webp.jpg\",\"contentUrl\":\"https:\\\/\\\/Regalino-Shop.de\\\/wp-content\\\/uploads\\\/2026\\\/02\\\/Bakuli-Kranz-puderrosa-couronne-mood.webp.jpg\",\"width\":545,\"height\":691,\"caption\":\"Filigraner Bakuli Kranz aus nat\u00fcrlichen Schoten im nordischen Stil als schlichte T\u00fcr- oder Wanddekoration in sanften Naturt\u00f6nen\"},{\"@type\":\"BreadcrumbList\",\"@id\":\"https:\\\/\\\/Regalino-Shop.de\\\/?product=bakuli-kranz-2#breadcrumb\",\"itemListElement\":[{\"@type\":\"ListItem\",\"position\":1,\"name\":\"Startseite\",\"item\":\"https:\\\/\\\/Regalino-Shop.de\\\/\"},{\"@type\":\"ListItem\",\"position\":2,\"name\":\"Shop\",\"item\":\"https:\\\/\\\/Regalino-Shop.de\\\/?page_id=40\"},{\"@type\":\"ListItem\",\"position\":3,\"name\":\"Bakuli Kranz puderrosa \u00d8 20cm\"}]},{\"@type\":\"WebSite\",\"@id\":\"https:\\\/\\\/Regalino-Shop.de\\\/#website\",\"url\":\"https:\\\/\\\/Regalino-Shop.de\\\/\",\"name\":\"Regalino -Lively Style\",\"description\":\"gelebtes Zuhause\",\"potentialAction\":[{\"@type\":\"SearchAction\",\"target\":{\"@type\":\"EntryPoint\",\"urlTemplate\":\"https:\\\/\\\/Regalino-Shop.de\\\/?s={search_term_string}\"},\"query-input\":{\"@type\":\"PropertyValueSpecification\",\"valueRequired\":true,\"valueName\":\"search_term_string\"}}],\"inLanguage\":\"de\"}]}<\/script>\n<!-- \/ Yoast SEO plugin. -->","yoast_head_json":{"title":"Bakuli Kranz puderrosa \u00d8 20cm - Regalino -Lively Style","description":"Filigraner Bakuli Kranz aus nat\u00fcrlichen Schoten im nordischen Stil. Zeitlose Dekoration f\u00fcr T\u00fcr, Wand oder Tablett - \u00d8 20cm","robots":{"index":"index","follow":"follow","max-snippet":"max-snippet:-1","max-image-preview":"max-image-preview:large","max-video-preview":"max-video-preview:-1"},"canonical":"https:\/\/Regalino-Shop.de\/?product=bakuli-kranz-2","og_locale":"de_DE","og_type":"article","og_title":"Bakuli Kranz puderrosa \u00d8 20cm - Regalino -Lively Style","og_description":"Filigraner Bakuli Kranz aus nat\u00fcrlichen Schoten im nordischen Stil. Zeitlose Dekoration f\u00fcr T\u00fcr, Wand oder Tablett - \u00d8 20cm","og_url":"https:\/\/Regalino-Shop.de\/?product=bakuli-kranz-2","og_site_name":"Regalino -Lively Style","article_modified_time":"2026-04-01T14:11:39+00:00","og_image":[{"width":545,"height":691,"url":"https:\/\/Regalino-Shop.de\/wp-content\/uploads\/2026\/02\/Bakuli-Kranz-puderrosa-couronne-mood.webp.jpg","type":"image\/jpeg"}],"twitter_card":"summary_large_image","twitter_misc":{"Gesch\u00e4tzte Lesezeit":"1\u00a0Minute"},"schema":{"@context":"https:\/\/schema.org","@graph":[{"@type":"WebPage","@id":"https:\/\/Regalino-Shop.de\/?product=bakuli-kranz-2","url":"https:\/\/Regalino-Shop.de\/?product=bakuli-kranz-2","name":"Bakuli Kranz puderrosa \u00d8 20cm - Regalino -Lively Style","isPartOf":{"@id":"https:\/\/Regalino-Shop.de\/#website"},"primaryImageOfPage":{"@id":"https:\/\/Regalino-Shop.de\/?product=bakuli-kranz-2#primaryimage"},"image":{"@id":"https:\/\/Regalino-Shop.de\/?product=bakuli-kranz-2#primaryimage"},"thumbnailUrl":"https:\/\/Regalino-Shop.de\/wp-content\/uploads\/2026\/02\/Bakuli-Kranz-puderrosa-couronne-mood.webp.jpg","datePublished":"2026-02-20T12:27:56+00:00","dateModified":"2026-04-01T14:11:39+00:00","description":"Filigraner Bakuli Kranz aus nat\u00fcrlichen Schoten im nordischen Stil. Zeitlose Dekoration f\u00fcr T\u00fcr, Wand oder Tablett - \u00d8 20cm","breadcrumb":{"@id":"https:\/\/Regalino-Shop.de\/?product=bakuli-kranz-2#breadcrumb"},"inLanguage":"de","potentialAction":[{"@type":"ReadAction","target":["https:\/\/Regalino-Shop.de\/?product=bakuli-kranz-2"]}]},{"@type":"ImageObject","inLanguage":"de","@id":"https:\/\/Regalino-Shop.de\/?product=bakuli-kranz-2#primaryimage","url":"https:\/\/Regalino-Shop.de\/wp-content\/uploads\/2026\/02\/Bakuli-Kranz-puderrosa-couronne-mood.webp.jpg","contentUrl":"https:\/\/Regalino-Shop.de\/wp-content\/uploads\/2026\/02\/Bakuli-Kranz-puderrosa-couronne-mood.webp.jpg","width":545,"height":691,"caption":"Filigraner Bakuli Kranz aus nat\u00fcrlichen Schoten im nordischen Stil als schlichte T\u00fcr- oder Wanddekoration in sanften Naturt\u00f6nen"},{"@type":"BreadcrumbList","@id":"https:\/\/Regalino-Shop.de\/?product=bakuli-kranz-2#breadcrumb","itemListElement":[{"@type":"ListItem","position":1,"name":"Startseite","item":"https:\/\/Regalino-Shop.de\/"},{"@type":"ListItem","position":2,"name":"Shop","item":"https:\/\/Regalino-Shop.de\/?page_id=40"},{"@type":"ListItem","position":3,"name":"Bakuli Kranz puderrosa \u00d8 20cm"}]},{"@type":"WebSite","@id":"https:\/\/Regalino-Shop.de\/#website","url":"https:\/\/Regalino-Shop.de\/","name":"Regalino -Lively Style","description":"gelebtes Zuhause","potentialAction":[{"@type":"SearchAction","target":{"@type":"EntryPoint","urlTemplate":"https:\/\/Regalino-Shop.de\/?s={search_term_string}"},"query-input":{"@type":"PropertyValueSpecification","valueRequired":true,"valueName":"search_term_string"}}],"inLanguage":"de"}]}},"_links":{"self":[{"href":"https:\/\/Regalino-Shop.de\/index.php?rest_route=\/wp\/v2\/product\/17790","targetHints":{"allow":["GET"]}}],"collection":[{"href":"https:\/\/Regalino-Shop.de\/index.php?rest_route=\/wp\/v2\/product"}],"about":[{"href":"https:\/\/Regalino-Shop.de\/index.php?rest_route=\/wp\/v2\/types\/product"}],"wp:featuredmedia":[{"embeddable":true,"href":"https:\/\/Regalino-Shop.de\/index.php?rest_route=\/wp\/v2\/media\/17793"}],"wp:attachment":[{"href":"https:\/\/Regalino-Shop.de\/index.php?rest_route=%2Fwp%2Fv2%2Fmedia&parent=17790"}],"wp:term":[{"taxonomy":"product_brand","embeddable":true,"href":"https:\/\/Regalino-Shop.de\/index.php?rest_route=%2Fwp%2Fv2%2Fproduct_brand&post=17790"},{"taxonomy":"product_cat","embeddable":true,"href":"https:\/\/Regalino-Shop.de\/index.php?rest_route=%2Fwp%2Fv2%2Fproduct_cat&post=17790"},{"taxonomy":"product_tag","embeddable":true,"href":"https:\/\/Regalino-Shop.de\/index.php?rest_route=%2Fwp%2Fv2%2Fproduct_tag&post=17790"}],"curies":[{"name":"wp","href":"https:\/\/api.w.org\/{rel}","templated":true}]}}