{"id":17794,"date":"2026-02-20T16:59:59","date_gmt":"2026-02-20T16:59:59","guid":{"rendered":"https:\/\/Regalino-Shop.de\/?post_type=product&#038;p=17794"},"modified":"2026-03-11T13:39:50","modified_gmt":"2026-03-11T13:39:50","slug":"papier-servietten","status":"publish","type":"product","link":"https:\/\/Regalino-Shop.de\/?product=papier-servietten","title":{"rendered":"Servietten Papier *Caro* 40x40cm"},"content":{"rendered":"","protected":false},"excerpt":{"rendered":"<div class=\"product--description block\">\n<h3 data-start=\"111\" data-end=\"203\">Mach deinen Tisch ein bisschen sch\u00f6ner \u2013 mit den Servietten Papercaro von Tine K Home.<\/h3>\n<p data-start=\"205\" data-end=\"445\">Das sanfte Old Rose bringt W\u00e4rme und Leichtigkeit auf den Tisch und passt wunderbar zu nat\u00fcrlichen Materialien, hellem Steingut und entspannten Fr\u00fchst\u00fccksmomenten. Genau diese kleinen Details machen eine Tischdekoration besonders einladend.<\/p>\n<p data-start=\"447\" data-end=\"605\">Die Servietten werden in Europa produziert, sind FSC-zertifiziert und mit dem Nordic Swan Ecolabel ausgezeichnet \u2013 sch\u00f6n f\u00fcr dein Zuhause und bewusst gew\u00e4hlt.<\/p>\n<p data-start=\"607\" data-end=\"763\">Ob Fr\u00fchst\u00fcck mit der Familie, Kaffee mit Freundinnen oder ein ruhiges Abendessen: Diese Servietten begleiten deine Lieblingsmomente ganz selbstverst\u00e4ndlich.<\/p>\n<p data-start=\"765\" data-end=\"776\"><strong data-start=\"765\" data-end=\"776\">Details<\/strong><\/p>\n<ul data-start=\"777\" data-end=\"931\">\n<li data-start=\"777\" data-end=\"801\">\n<p data-start=\"779\" data-end=\"801\">50 St\u00fcck pro Packung<\/p>\n<\/li>\n<li data-start=\"802\" data-end=\"860\">\n<p data-start=\"804\" data-end=\"860\">Format: 20 \u00d7 20 cm (gefaltet) \/ 40 \u00d7 40 cm (entfaltet)<\/p>\n<\/li>\n<li data-start=\"861\" data-end=\"881\">\n<p data-start=\"863\" data-end=\"881\">FSC-zertifiziert<\/p>\n<\/li>\n<li data-start=\"882\" data-end=\"906\">\n<p data-start=\"884\" data-end=\"906\">Nordic Swan Ecolabel<\/p>\n<\/li>\n<li data-start=\"907\" data-end=\"931\">\n<p data-start=\"909\" data-end=\"931\">Produziert in Europa<\/p>\n<\/li>\n<\/ul>\n<p>Lieferumfang: 1 Packung ohne Deko<\/p>\n<p>&nbsp;<\/p>\n<\/div>\n","protected":false},"featured_media":17795,"template":"","meta":{"_et_pb_use_builder":"","_et_pb_old_content":"","_et_gb_content_width":""},"product_brand":[2329],"product_cat":[80,57],"product_tag":[2333,2337,2334,2332,2331,736,2336,370,2330,2335],"class_list":{"0":"post-17794","1":"product","2":"type-product","3":"status-publish","4":"has-post-thumbnail","6":"product_brand-tine-k","7":"product_cat-kueche-servieren-im-scandi-breton-stil-regalino","8":"product_cat-neu-eingetroffen-neue-lieblingsstuecke-bei-regalino","9":"product_tag-40x40-cm","10":"product_tag-nachhaltige-servietten","11":"product_tag-nordischer-stil","12":"product_tag-old-rose","13":"product_tag-papercaro","14":"product_tag-papierservietten","15":"product_tag-scandi-tisch","16":"product_tag-servietten","17":"product_tag-tine-k-home","18":"product_tag-tischdekoration","20":"first","21":"instock","22":"taxable","23":"shipping-taxable","24":"purchasable","25":"product-type-simple"},"yoast_head":"<!-- This site is optimized with the Yoast SEO plugin v27.3 - https:\/\/yoast.com\/product\/yoast-seo-wordpress\/ -->\n<title>Servietten Papier *Caro* 40x40cm - Regalino -Lively Style<\/title>\n<meta name=\"description\" content=\"Nordische Servietten in Old Rose von Tine K Home. 40\u00d740 cm, FSC-zertifiziert &amp; nachhaltig produziert. Perfekt f\u00fcr eine stilvolle Tischdeko im skandinavischen Look\" \/>\n<meta name=\"robots\" content=\"index, follow, max-snippet:-1, max-image-preview:large, max-video-preview:-1\" \/>\n<link rel=\"canonical\" href=\"https:\/\/Regalino-Shop.de\/?product=papier-servietten\" \/>\n<meta property=\"og:locale\" content=\"de_DE\" \/>\n<meta property=\"og:type\" content=\"article\" \/>\n<meta property=\"og:title\" content=\"Servietten Papier *Caro* 40x40cm - Regalino -Lively Style\" \/>\n<meta property=\"og:description\" content=\"Nordische Servietten in Old Rose von Tine K Home. 40\u00d740 cm, FSC-zertifiziert &amp; nachhaltig produziert. Perfekt f\u00fcr eine stilvolle Tischdeko im skandinavischen Look\" \/>\n<meta property=\"og:url\" content=\"https:\/\/Regalino-Shop.de\/?product=papier-servietten\" \/>\n<meta property=\"og:site_name\" content=\"Regalino -Lively Style\" \/>\n<meta property=\"article:modified_time\" content=\"2026-03-11T13:39:50+00:00\" \/>\n<meta property=\"og:image\" content=\"https:\/\/Regalino-Shop.de\/wp-content\/uploads\/2026\/02\/servietten-tinek-Blumen-oldrose-40x40-1.jpg\" \/>\n\t<meta property=\"og:image:width\" content=\"720\" \/>\n\t<meta property=\"og:image:height\" content=\"720\" \/>\n\t<meta property=\"og:image:type\" content=\"image\/jpeg\" \/>\n<meta name=\"twitter:card\" content=\"summary_large_image\" \/>\n<meta name=\"twitter:label1\" content=\"Gesch\u00e4tzte Lesezeit\" \/>\n\t<meta name=\"twitter:data1\" content=\"1\u00a0Minute\" \/>\n<script type=\"application\/ld+json\" class=\"yoast-schema-graph\">{\"@context\":\"https:\\\/\\\/schema.org\",\"@graph\":[{\"@type\":\"WebPage\",\"@id\":\"https:\\\/\\\/Regalino-Shop.de\\\/?product=papier-servietten\",\"url\":\"https:\\\/\\\/Regalino-Shop.de\\\/?product=papier-servietten\",\"name\":\"Servietten Papier *Caro* 40x40cm - Regalino -Lively Style\",\"isPartOf\":{\"@id\":\"https:\\\/\\\/Regalino-Shop.de\\\/#website\"},\"primaryImageOfPage\":{\"@id\":\"https:\\\/\\\/Regalino-Shop.de\\\/?product=papier-servietten#primaryimage\"},\"image\":{\"@id\":\"https:\\\/\\\/Regalino-Shop.de\\\/?product=papier-servietten#primaryimage\"},\"thumbnailUrl\":\"https:\\\/\\\/Regalino-Shop.de\\\/wp-content\\\/uploads\\\/2026\\\/02\\\/servietten-tinek-Blumen-oldrose-40x40-1.jpg\",\"datePublished\":\"2026-02-20T16:59:59+00:00\",\"dateModified\":\"2026-03-11T13:39:50+00:00\",\"description\":\"Nordische Servietten in Old Rose von Tine K Home. 40\u00d740 cm, FSC-zertifiziert & nachhaltig produziert. Perfekt f\u00fcr eine stilvolle Tischdeko im skandinavischen Look\",\"breadcrumb\":{\"@id\":\"https:\\\/\\\/Regalino-Shop.de\\\/?product=papier-servietten#breadcrumb\"},\"inLanguage\":\"de\",\"potentialAction\":[{\"@type\":\"ReadAction\",\"target\":[\"https:\\\/\\\/Regalino-Shop.de\\\/?product=papier-servietten\"]}]},{\"@type\":\"ImageObject\",\"inLanguage\":\"de\",\"@id\":\"https:\\\/\\\/Regalino-Shop.de\\\/?product=papier-servietten#primaryimage\",\"url\":\"https:\\\/\\\/Regalino-Shop.de\\\/wp-content\\\/uploads\\\/2026\\\/02\\\/servietten-tinek-Blumen-oldrose-40x40-1.jpg\",\"contentUrl\":\"https:\\\/\\\/Regalino-Shop.de\\\/wp-content\\\/uploads\\\/2026\\\/02\\\/servietten-tinek-Blumen-oldrose-40x40-1.jpg\",\"width\":720,\"height\":720,\"caption\":\"Tine K Home Servietten Papercaro Old Rose 40x40 cm nordische Tischdeko\"},{\"@type\":\"BreadcrumbList\",\"@id\":\"https:\\\/\\\/Regalino-Shop.de\\\/?product=papier-servietten#breadcrumb\",\"itemListElement\":[{\"@type\":\"ListItem\",\"position\":1,\"name\":\"Startseite\",\"item\":\"https:\\\/\\\/Regalino-Shop.de\\\/\"},{\"@type\":\"ListItem\",\"position\":2,\"name\":\"Shop\",\"item\":\"https:\\\/\\\/Regalino-Shop.de\\\/?page_id=40\"},{\"@type\":\"ListItem\",\"position\":3,\"name\":\"Servietten Papier *Caro* 40x40cm\"}]},{\"@type\":\"WebSite\",\"@id\":\"https:\\\/\\\/Regalino-Shop.de\\\/#website\",\"url\":\"https:\\\/\\\/Regalino-Shop.de\\\/\",\"name\":\"Regalino -Lively Style\",\"description\":\"gelebtes Zuhause\",\"potentialAction\":[{\"@type\":\"SearchAction\",\"target\":{\"@type\":\"EntryPoint\",\"urlTemplate\":\"https:\\\/\\\/Regalino-Shop.de\\\/?s={search_term_string}\"},\"query-input\":{\"@type\":\"PropertyValueSpecification\",\"valueRequired\":true,\"valueName\":\"search_term_string\"}}],\"inLanguage\":\"de\"}]}<\/script>\n<!-- \/ Yoast SEO plugin. -->","yoast_head_json":{"title":"Servietten Papier *Caro* 40x40cm - Regalino -Lively Style","description":"Nordische Servietten in Old Rose von Tine K Home. 40\u00d740 cm, FSC-zertifiziert & nachhaltig produziert. Perfekt f\u00fcr eine stilvolle Tischdeko im skandinavischen Look","robots":{"index":"index","follow":"follow","max-snippet":"max-snippet:-1","max-image-preview":"max-image-preview:large","max-video-preview":"max-video-preview:-1"},"canonical":"https:\/\/Regalino-Shop.de\/?product=papier-servietten","og_locale":"de_DE","og_type":"article","og_title":"Servietten Papier *Caro* 40x40cm - Regalino -Lively Style","og_description":"Nordische Servietten in Old Rose von Tine K Home. 40\u00d740 cm, FSC-zertifiziert & nachhaltig produziert. Perfekt f\u00fcr eine stilvolle Tischdeko im skandinavischen Look","og_url":"https:\/\/Regalino-Shop.de\/?product=papier-servietten","og_site_name":"Regalino -Lively Style","article_modified_time":"2026-03-11T13:39:50+00:00","og_image":[{"width":720,"height":720,"url":"https:\/\/Regalino-Shop.de\/wp-content\/uploads\/2026\/02\/servietten-tinek-Blumen-oldrose-40x40-1.jpg","type":"image\/jpeg"}],"twitter_card":"summary_large_image","twitter_misc":{"Gesch\u00e4tzte Lesezeit":"1\u00a0Minute"},"schema":{"@context":"https:\/\/schema.org","@graph":[{"@type":"WebPage","@id":"https:\/\/Regalino-Shop.de\/?product=papier-servietten","url":"https:\/\/Regalino-Shop.de\/?product=papier-servietten","name":"Servietten Papier *Caro* 40x40cm - Regalino -Lively Style","isPartOf":{"@id":"https:\/\/Regalino-Shop.de\/#website"},"primaryImageOfPage":{"@id":"https:\/\/Regalino-Shop.de\/?product=papier-servietten#primaryimage"},"image":{"@id":"https:\/\/Regalino-Shop.de\/?product=papier-servietten#primaryimage"},"thumbnailUrl":"https:\/\/Regalino-Shop.de\/wp-content\/uploads\/2026\/02\/servietten-tinek-Blumen-oldrose-40x40-1.jpg","datePublished":"2026-02-20T16:59:59+00:00","dateModified":"2026-03-11T13:39:50+00:00","description":"Nordische Servietten in Old Rose von Tine K Home. 40\u00d740 cm, FSC-zertifiziert & nachhaltig produziert. Perfekt f\u00fcr eine stilvolle Tischdeko im skandinavischen Look","breadcrumb":{"@id":"https:\/\/Regalino-Shop.de\/?product=papier-servietten#breadcrumb"},"inLanguage":"de","potentialAction":[{"@type":"ReadAction","target":["https:\/\/Regalino-Shop.de\/?product=papier-servietten"]}]},{"@type":"ImageObject","inLanguage":"de","@id":"https:\/\/Regalino-Shop.de\/?product=papier-servietten#primaryimage","url":"https:\/\/Regalino-Shop.de\/wp-content\/uploads\/2026\/02\/servietten-tinek-Blumen-oldrose-40x40-1.jpg","contentUrl":"https:\/\/Regalino-Shop.de\/wp-content\/uploads\/2026\/02\/servietten-tinek-Blumen-oldrose-40x40-1.jpg","width":720,"height":720,"caption":"Tine K Home Servietten Papercaro Old Rose 40x40 cm nordische Tischdeko"},{"@type":"BreadcrumbList","@id":"https:\/\/Regalino-Shop.de\/?product=papier-servietten#breadcrumb","itemListElement":[{"@type":"ListItem","position":1,"name":"Startseite","item":"https:\/\/Regalino-Shop.de\/"},{"@type":"ListItem","position":2,"name":"Shop","item":"https:\/\/Regalino-Shop.de\/?page_id=40"},{"@type":"ListItem","position":3,"name":"Servietten Papier *Caro* 40x40cm"}]},{"@type":"WebSite","@id":"https:\/\/Regalino-Shop.de\/#website","url":"https:\/\/Regalino-Shop.de\/","name":"Regalino -Lively Style","description":"gelebtes Zuhause","potentialAction":[{"@type":"SearchAction","target":{"@type":"EntryPoint","urlTemplate":"https:\/\/Regalino-Shop.de\/?s={search_term_string}"},"query-input":{"@type":"PropertyValueSpecification","valueRequired":true,"valueName":"search_term_string"}}],"inLanguage":"de"}]}},"_links":{"self":[{"href":"https:\/\/Regalino-Shop.de\/index.php?rest_route=\/wp\/v2\/product\/17794","targetHints":{"allow":["GET"]}}],"collection":[{"href":"https:\/\/Regalino-Shop.de\/index.php?rest_route=\/wp\/v2\/product"}],"about":[{"href":"https:\/\/Regalino-Shop.de\/index.php?rest_route=\/wp\/v2\/types\/product"}],"wp:featuredmedia":[{"embeddable":true,"href":"https:\/\/Regalino-Shop.de\/index.php?rest_route=\/wp\/v2\/media\/17795"}],"wp:attachment":[{"href":"https:\/\/Regalino-Shop.de\/index.php?rest_route=%2Fwp%2Fv2%2Fmedia&parent=17794"}],"wp:term":[{"taxonomy":"product_brand","embeddable":true,"href":"https:\/\/Regalino-Shop.de\/index.php?rest_route=%2Fwp%2Fv2%2Fproduct_brand&post=17794"},{"taxonomy":"product_cat","embeddable":true,"href":"https:\/\/Regalino-Shop.de\/index.php?rest_route=%2Fwp%2Fv2%2Fproduct_cat&post=17794"},{"taxonomy":"product_tag","embeddable":true,"href":"https:\/\/Regalino-Shop.de\/index.php?rest_route=%2Fwp%2Fv2%2Fproduct_tag&post=17794"}],"curies":[{"name":"wp","href":"https:\/\/api.w.org\/{rel}","templated":true}]}}