{"id":17826,"date":"2026-02-22T10:39:02","date_gmt":"2026-02-22T10:39:02","guid":{"rendered":"https:\/\/Regalino-Shop.de\/?post_type=product&#038;p=17826"},"modified":"2026-04-01T14:10:27","modified_gmt":"2026-04-01T14:10:27","slug":"giesskanne-metall-23-l-zeitlose-giesskanne-fuer-zimmerpflanzen-regalino","status":"publish","type":"product","link":"https:\/\/Regalino-Shop.de\/?product=giesskanne-metall-23-l-zeitlose-giesskanne-fuer-zimmerpflanzen-regalino","title":{"rendered":"Gie\u00dfkanne aus Metall &#8211; zeitloses Design"},"content":{"rendered":"","protected":false},"excerpt":{"rendered":"<div class=\"product--description block\">\n<h3 data-start=\"177\" data-end=\"214\">Schlicht. Praktisch. Sch\u00f6n im Alltag.<\/h3>\n<p data-start=\"216\" data-end=\"446\">Diese <strong data-start=\"222\" data-end=\"246\">Gie\u00dfkanne aus Metall<\/strong> verbindet funktionales Design mit einer ruhigen, zeitlosen \u00c4sthetik. Die klare Formgebung und der angenehm geformte Griff sorgen daf\u00fcr, dass das t\u00e4gliche Gie\u00dfen m\u00fchelos und fast schon meditativ wird.<\/p>\n<p data-start=\"448\" data-end=\"686\">Ob Zimmerpflanzen, Kr\u00e4uter oder Balkonblumen \u2014 die Gie\u00dfkanne liegt gut in der Hand und wird gleichzeitig zu einem dekorativen Element im Zuhause. Kein Gegenstand, der nach Gebrauch verschwindet, sondern ein stilvoller Begleiter im Alltag.<\/p>\n<p data-start=\"688\" data-end=\"760\">Ein moderner Klassiker f\u00fcr Pflanzenliebhaber .<\/p>\n<h3 data-start=\"767\" data-end=\"780\">\u2728 Details<\/h3>\n<ul data-start=\"781\" data-end=\"978\">\n<li data-start=\"781\" data-end=\"801\">\n<p data-start=\"783\" data-end=\"801\">Material: Metall<\/p>\n<\/li>\n<li data-start=\"781\" data-end=\"801\">Farbe: gr\u00fcn<\/li>\n<li data-start=\"802\" data-end=\"837\">\n<p data-start=\"804\" data-end=\"837\">Fassungsverm\u00f6gen: <strong data-start=\"822\" data-end=\"835\">2,3 Liter<\/strong><\/p>\n<\/li>\n<li data-start=\"838\" data-end=\"873\">\n<p data-start=\"840\" data-end=\"873\">Ma\u00dfe: <strong data-start=\"846\" data-end=\"871\">B 16 \u00d7 H 26 \u00d7 L 34 cm<\/strong><\/p>\n<\/li>\n<li data-start=\"874\" data-end=\"900\">\n<p data-start=\"876\" data-end=\"900\">Nettogewicht: 0,377 kg<\/p>\n<\/li>\n<li data-start=\"901\" data-end=\"945\">\n<p data-start=\"903\" data-end=\"945\">angenehmer Griff f\u00fcr komfortables Gie\u00dfen<\/p>\n<\/li>\n<li data-start=\"946\" data-end=\"978\">\n<p data-start=\"948\" data-end=\"978\">zeitloses, schlichtes Design<\/p>\n<\/li>\n<\/ul>\n<hr data-start=\"980\" data-end=\"983\" \/>\n<h3 data-start=\"985\" data-end=\"1013\">\ud83e\udd0d Regalino Styling-Tipp<\/h3>\n<p data-start=\"1014\" data-end=\"1197\">Besonders sch\u00f6n offen sichtbar auf Fensterbank, K\u00fcchenregal oder im Wintergarten \u2014 kombiniert mit Terrakotta-T\u00f6pfen oder Keramikgef\u00e4\u00dfen entsteht sofort ein ruhiger Scandi-Garden Look<\/p>\n<p>Lieferumfang: 1 Gie\u00dfkanne<\/p>\n<p>&nbsp;<\/p>\n<\/div>\n","protected":false},"featured_media":17828,"template":"","meta":{"_et_pb_use_builder":"","_et_pb_old_content":"","_et_gb_content_width":""},"product_brand":[1851],"product_cat":[86,57,61],"product_tag":[2391,633,2388,2392,2389,1986,2364,2390],"class_list":{"0":"post-17826","1":"product","2":"type-product","3":"status-publish","4":"has-post-thumbnail","6":"product_brand-ib-laursen","7":"product_cat-garten-balkon-schoene-lieblingsstuecke-fuer-draussen-regalino","8":"product_cat-neu-eingetroffen-neue-lieblingsstuecke-bei-regalino","9":"product_cat-vasen-blumentoepfe-fuer-stilvolle-wohnakzente-regalino","10":"product_tag-gartenaccessoires","11":"product_tag-giesskanne","12":"product_tag-giesskanne-metall","13":"product_tag-pflanzen-giessen","14":"product_tag-pflanzenpflege","15":"product_tag-regalino","16":"product_tag-skandinavischer-stil","17":"product_tag-zimmerpflanzen-zubehoer","19":"first","20":"instock","21":"taxable","22":"shipping-taxable","23":"purchasable","24":"product-type-simple"},"yoast_head":"<!-- This site is optimized with the Yoast SEO plugin v27.3 - https:\/\/yoast.com\/product\/yoast-seo-wordpress\/ -->\n<title>Gie\u00dfkanne aus Metall - zeitloses Design - Regalino -Lively Style<\/title>\n<meta name=\"description\" content=\"Schlichte Gie\u00dfkanne aus Metall mit 2,3 Liter Fassungsverm\u00f6gen. Handlich, zeitlos und perfekt f\u00fcr Zimmerpflanzen, Kr\u00e4uter und Balkonpflanzen von Ib Laursen\" \/>\n<meta name=\"robots\" content=\"index, follow, max-snippet:-1, max-image-preview:large, max-video-preview:-1\" \/>\n<link rel=\"canonical\" href=\"https:\/\/Regalino-Shop.de\/?product=giesskanne-metall-23-l-zeitlose-giesskanne-fuer-zimmerpflanzen-regalino\" \/>\n<meta property=\"og:locale\" content=\"de_DE\" \/>\n<meta property=\"og:type\" content=\"article\" \/>\n<meta property=\"og:title\" content=\"Gie\u00dfkanne aus Metall - zeitloses Design - Regalino -Lively Style\" \/>\n<meta property=\"og:description\" content=\"Schlichte Gie\u00dfkanne aus Metall mit 2,3 Liter Fassungsverm\u00f6gen. Handlich, zeitlos und perfekt f\u00fcr Zimmerpflanzen, Kr\u00e4uter und Balkonpflanzen von Ib Laursen\" \/>\n<meta property=\"og:url\" content=\"https:\/\/Regalino-Shop.de\/?product=giesskanne-metall-23-l-zeitlose-giesskanne-fuer-zimmerpflanzen-regalino\" \/>\n<meta property=\"og:site_name\" content=\"Regalino -Lively Style\" \/>\n<meta property=\"article:modified_time\" content=\"2026-04-01T14:10:27+00:00\" \/>\n<meta property=\"og:image\" content=\"https:\/\/Regalino-Shop.de\/wp-content\/uploads\/2026\/02\/4270-42.jpg\" \/>\n\t<meta property=\"og:image:width\" content=\"1400\" \/>\n\t<meta property=\"og:image:height\" content=\"1400\" \/>\n\t<meta property=\"og:image:type\" content=\"image\/jpeg\" \/>\n<meta name=\"twitter:card\" content=\"summary_large_image\" \/>\n<meta name=\"twitter:label1\" content=\"Gesch\u00e4tzte Lesezeit\" \/>\n\t<meta name=\"twitter:data1\" content=\"1\u00a0Minute\" \/>\n<script type=\"application\/ld+json\" class=\"yoast-schema-graph\">{\"@context\":\"https:\\\/\\\/schema.org\",\"@graph\":[{\"@type\":\"WebPage\",\"@id\":\"https:\\\/\\\/Regalino-Shop.de\\\/?product=giesskanne-metall-23-l-zeitlose-giesskanne-fuer-zimmerpflanzen-regalino\",\"url\":\"https:\\\/\\\/Regalino-Shop.de\\\/?product=giesskanne-metall-23-l-zeitlose-giesskanne-fuer-zimmerpflanzen-regalino\",\"name\":\"Gie\u00dfkanne aus Metall - zeitloses Design - Regalino -Lively Style\",\"isPartOf\":{\"@id\":\"https:\\\/\\\/Regalino-Shop.de\\\/#website\"},\"primaryImageOfPage\":{\"@id\":\"https:\\\/\\\/Regalino-Shop.de\\\/?product=giesskanne-metall-23-l-zeitlose-giesskanne-fuer-zimmerpflanzen-regalino#primaryimage\"},\"image\":{\"@id\":\"https:\\\/\\\/Regalino-Shop.de\\\/?product=giesskanne-metall-23-l-zeitlose-giesskanne-fuer-zimmerpflanzen-regalino#primaryimage\"},\"thumbnailUrl\":\"https:\\\/\\\/Regalino-Shop.de\\\/wp-content\\\/uploads\\\/2026\\\/02\\\/4270-42.jpg\",\"datePublished\":\"2026-02-22T10:39:02+00:00\",\"dateModified\":\"2026-04-01T14:10:27+00:00\",\"description\":\"Schlichte Gie\u00dfkanne aus Metall mit 2,3 Liter Fassungsverm\u00f6gen. Handlich, zeitlos und perfekt f\u00fcr Zimmerpflanzen, Kr\u00e4uter und Balkonpflanzen von Ib Laursen\",\"breadcrumb\":{\"@id\":\"https:\\\/\\\/Regalino-Shop.de\\\/?product=giesskanne-metall-23-l-zeitlose-giesskanne-fuer-zimmerpflanzen-regalino#breadcrumb\"},\"inLanguage\":\"de\",\"potentialAction\":[{\"@type\":\"ReadAction\",\"target\":[\"https:\\\/\\\/Regalino-Shop.de\\\/?product=giesskanne-metall-23-l-zeitlose-giesskanne-fuer-zimmerpflanzen-regalino\"]}]},{\"@type\":\"ImageObject\",\"inLanguage\":\"de\",\"@id\":\"https:\\\/\\\/Regalino-Shop.de\\\/?product=giesskanne-metall-23-l-zeitlose-giesskanne-fuer-zimmerpflanzen-regalino#primaryimage\",\"url\":\"https:\\\/\\\/Regalino-Shop.de\\\/wp-content\\\/uploads\\\/2026\\\/02\\\/4270-42.jpg\",\"contentUrl\":\"https:\\\/\\\/Regalino-Shop.de\\\/wp-content\\\/uploads\\\/2026\\\/02\\\/4270-42.jpg\",\"width\":1400,\"height\":1400,\"caption\":\"Schlichte Metall Gie\u00dfkanne im nordischen Design\"},{\"@type\":\"BreadcrumbList\",\"@id\":\"https:\\\/\\\/Regalino-Shop.de\\\/?product=giesskanne-metall-23-l-zeitlose-giesskanne-fuer-zimmerpflanzen-regalino#breadcrumb\",\"itemListElement\":[{\"@type\":\"ListItem\",\"position\":1,\"name\":\"Startseite\",\"item\":\"https:\\\/\\\/Regalino-Shop.de\\\/\"},{\"@type\":\"ListItem\",\"position\":2,\"name\":\"Shop\",\"item\":\"https:\\\/\\\/Regalino-Shop.de\\\/?page_id=40\"},{\"@type\":\"ListItem\",\"position\":3,\"name\":\"Gie\u00dfkanne aus Metall &#8211; zeitloses Design\"}]},{\"@type\":\"WebSite\",\"@id\":\"https:\\\/\\\/Regalino-Shop.de\\\/#website\",\"url\":\"https:\\\/\\\/Regalino-Shop.de\\\/\",\"name\":\"Regalino -Lively Style\",\"description\":\"gelebtes Zuhause\",\"potentialAction\":[{\"@type\":\"SearchAction\",\"target\":{\"@type\":\"EntryPoint\",\"urlTemplate\":\"https:\\\/\\\/Regalino-Shop.de\\\/?s={search_term_string}\"},\"query-input\":{\"@type\":\"PropertyValueSpecification\",\"valueRequired\":true,\"valueName\":\"search_term_string\"}}],\"inLanguage\":\"de\"}]}<\/script>\n<!-- \/ Yoast SEO plugin. -->","yoast_head_json":{"title":"Gie\u00dfkanne aus Metall - zeitloses Design - Regalino -Lively Style","description":"Schlichte Gie\u00dfkanne aus Metall mit 2,3 Liter Fassungsverm\u00f6gen. Handlich, zeitlos und perfekt f\u00fcr Zimmerpflanzen, Kr\u00e4uter und Balkonpflanzen von Ib Laursen","robots":{"index":"index","follow":"follow","max-snippet":"max-snippet:-1","max-image-preview":"max-image-preview:large","max-video-preview":"max-video-preview:-1"},"canonical":"https:\/\/Regalino-Shop.de\/?product=giesskanne-metall-23-l-zeitlose-giesskanne-fuer-zimmerpflanzen-regalino","og_locale":"de_DE","og_type":"article","og_title":"Gie\u00dfkanne aus Metall - zeitloses Design - Regalino -Lively Style","og_description":"Schlichte Gie\u00dfkanne aus Metall mit 2,3 Liter Fassungsverm\u00f6gen. Handlich, zeitlos und perfekt f\u00fcr Zimmerpflanzen, Kr\u00e4uter und Balkonpflanzen von Ib Laursen","og_url":"https:\/\/Regalino-Shop.de\/?product=giesskanne-metall-23-l-zeitlose-giesskanne-fuer-zimmerpflanzen-regalino","og_site_name":"Regalino -Lively Style","article_modified_time":"2026-04-01T14:10:27+00:00","og_image":[{"width":1400,"height":1400,"url":"https:\/\/Regalino-Shop.de\/wp-content\/uploads\/2026\/02\/4270-42.jpg","type":"image\/jpeg"}],"twitter_card":"summary_large_image","twitter_misc":{"Gesch\u00e4tzte Lesezeit":"1\u00a0Minute"},"schema":{"@context":"https:\/\/schema.org","@graph":[{"@type":"WebPage","@id":"https:\/\/Regalino-Shop.de\/?product=giesskanne-metall-23-l-zeitlose-giesskanne-fuer-zimmerpflanzen-regalino","url":"https:\/\/Regalino-Shop.de\/?product=giesskanne-metall-23-l-zeitlose-giesskanne-fuer-zimmerpflanzen-regalino","name":"Gie\u00dfkanne aus Metall - zeitloses Design - Regalino -Lively Style","isPartOf":{"@id":"https:\/\/Regalino-Shop.de\/#website"},"primaryImageOfPage":{"@id":"https:\/\/Regalino-Shop.de\/?product=giesskanne-metall-23-l-zeitlose-giesskanne-fuer-zimmerpflanzen-regalino#primaryimage"},"image":{"@id":"https:\/\/Regalino-Shop.de\/?product=giesskanne-metall-23-l-zeitlose-giesskanne-fuer-zimmerpflanzen-regalino#primaryimage"},"thumbnailUrl":"https:\/\/Regalino-Shop.de\/wp-content\/uploads\/2026\/02\/4270-42.jpg","datePublished":"2026-02-22T10:39:02+00:00","dateModified":"2026-04-01T14:10:27+00:00","description":"Schlichte Gie\u00dfkanne aus Metall mit 2,3 Liter Fassungsverm\u00f6gen. Handlich, zeitlos und perfekt f\u00fcr Zimmerpflanzen, Kr\u00e4uter und Balkonpflanzen von Ib Laursen","breadcrumb":{"@id":"https:\/\/Regalino-Shop.de\/?product=giesskanne-metall-23-l-zeitlose-giesskanne-fuer-zimmerpflanzen-regalino#breadcrumb"},"inLanguage":"de","potentialAction":[{"@type":"ReadAction","target":["https:\/\/Regalino-Shop.de\/?product=giesskanne-metall-23-l-zeitlose-giesskanne-fuer-zimmerpflanzen-regalino"]}]},{"@type":"ImageObject","inLanguage":"de","@id":"https:\/\/Regalino-Shop.de\/?product=giesskanne-metall-23-l-zeitlose-giesskanne-fuer-zimmerpflanzen-regalino#primaryimage","url":"https:\/\/Regalino-Shop.de\/wp-content\/uploads\/2026\/02\/4270-42.jpg","contentUrl":"https:\/\/Regalino-Shop.de\/wp-content\/uploads\/2026\/02\/4270-42.jpg","width":1400,"height":1400,"caption":"Schlichte Metall Gie\u00dfkanne im nordischen Design"},{"@type":"BreadcrumbList","@id":"https:\/\/Regalino-Shop.de\/?product=giesskanne-metall-23-l-zeitlose-giesskanne-fuer-zimmerpflanzen-regalino#breadcrumb","itemListElement":[{"@type":"ListItem","position":1,"name":"Startseite","item":"https:\/\/Regalino-Shop.de\/"},{"@type":"ListItem","position":2,"name":"Shop","item":"https:\/\/Regalino-Shop.de\/?page_id=40"},{"@type":"ListItem","position":3,"name":"Gie\u00dfkanne aus Metall &#8211; zeitloses Design"}]},{"@type":"WebSite","@id":"https:\/\/Regalino-Shop.de\/#website","url":"https:\/\/Regalino-Shop.de\/","name":"Regalino -Lively Style","description":"gelebtes Zuhause","potentialAction":[{"@type":"SearchAction","target":{"@type":"EntryPoint","urlTemplate":"https:\/\/Regalino-Shop.de\/?s={search_term_string}"},"query-input":{"@type":"PropertyValueSpecification","valueRequired":true,"valueName":"search_term_string"}}],"inLanguage":"de"}]}},"_links":{"self":[{"href":"https:\/\/Regalino-Shop.de\/index.php?rest_route=\/wp\/v2\/product\/17826","targetHints":{"allow":["GET"]}}],"collection":[{"href":"https:\/\/Regalino-Shop.de\/index.php?rest_route=\/wp\/v2\/product"}],"about":[{"href":"https:\/\/Regalino-Shop.de\/index.php?rest_route=\/wp\/v2\/types\/product"}],"wp:featuredmedia":[{"embeddable":true,"href":"https:\/\/Regalino-Shop.de\/index.php?rest_route=\/wp\/v2\/media\/17828"}],"wp:attachment":[{"href":"https:\/\/Regalino-Shop.de\/index.php?rest_route=%2Fwp%2Fv2%2Fmedia&parent=17826"}],"wp:term":[{"taxonomy":"product_brand","embeddable":true,"href":"https:\/\/Regalino-Shop.de\/index.php?rest_route=%2Fwp%2Fv2%2Fproduct_brand&post=17826"},{"taxonomy":"product_cat","embeddable":true,"href":"https:\/\/Regalino-Shop.de\/index.php?rest_route=%2Fwp%2Fv2%2Fproduct_cat&post=17826"},{"taxonomy":"product_tag","embeddable":true,"href":"https:\/\/Regalino-Shop.de\/index.php?rest_route=%2Fwp%2Fv2%2Fproduct_tag&post=17826"}],"curies":[{"name":"wp","href":"https:\/\/api.w.org\/{rel}","templated":true}]}}