{"id":17845,"date":"2026-02-22T12:10:11","date_gmt":"2026-02-22T12:10:11","guid":{"rendered":"https:\/\/Regalino-Shop.de\/?post_type=product&#038;p=17845"},"modified":"2026-02-22T13:14:42","modified_gmt":"2026-02-22T13:14:42","slug":"kerzenhalter-glas-klar-o5-cm-fuer-13-cm-kerzen-regalino","status":"publish","type":"product","link":"https:\/\/Regalino-Shop.de\/?product=kerzenhalter-glas-klar-o5-cm-fuer-13-cm-kerzen-regalino","title":{"rendered":"Kerzenhalter aus Glas f. 1,3cm Kerzen klar \u00d8 5cm"},"content":{"rendered":"","protected":false},"excerpt":{"rendered":"<h3 data-start=\"176\" data-end=\"203\">Klein. Zeitlos. Vielseitig.<\/h3>\n<p data-start=\"205\" data-end=\"456\">Dieser <strong data-start=\"212\" data-end=\"254\">schlichte Kerzenhalter aus klarem Glas<\/strong> bringt ruhige Leichtigkeit auf Tisch, Fensterbank oder Sideboard. Durch seine reduzierte Form f\u00fcgt er sich m\u00fchelos in jede Dekoration ein und l\u00e4sst sich wunderbar mit anderen Kerzenhaltern kombinieren.<\/p>\n<p data-start=\"458\" data-end=\"671\">Ideal f\u00fcr <strong data-start=\"468\" data-end=\"499\">schmale Kerzen mit \u00d8 1,3 cm<\/strong>, sorgt er f\u00fcr sanftes Licht im Alltag oder bei besonderen Momenten. Allein wirkt er minimalistisch, in Gruppen entsteht ein harmonisches, nordisch inspiriertes Lichtspiel.<\/p>\n<p data-start=\"673\" data-end=\"730\">Ein kleines Detail mit gro\u00dfer Wirkung<\/p>\n<hr data-start=\"732\" data-end=\"735\" \/>\n<h3 data-start=\"737\" data-end=\"750\">\u2728 Details<\/h3>\n<ul data-start=\"751\" data-end=\"882\">\n<li data-start=\"751\" data-end=\"769\">\n<p data-start=\"753\" data-end=\"769\">Material: Glas<\/p>\n<\/li>\n<li data-start=\"770\" data-end=\"785\">\n<p data-start=\"772\" data-end=\"785\">Farbe: klar<\/p>\n<\/li>\n<li data-start=\"786\" data-end=\"817\">\n<p data-start=\"788\" data-end=\"817\">Ma\u00dfe: <strong data-start=\"794\" data-end=\"815\">H 3,6 cm | \u00d8 5 cm<\/strong><\/p>\n<\/li>\n<li data-start=\"818\" data-end=\"857\">\n<p data-start=\"820\" data-end=\"857\">passend f\u00fcr Kerzen mit <strong data-start=\"843\" data-end=\"855\">\u00d8 1,3 cm<\/strong><\/p>\n<\/li>\n<li data-start=\"858\" data-end=\"882\">\n<p data-start=\"860\" data-end=\"882\">zeitlos kombinierbar<\/p>\n<\/li>\n<\/ul>\n<hr data-start=\"884\" data-end=\"887\" \/>\n<h3 data-start=\"889\" data-end=\"917\">\ud83e\udd0d Regalino Styling-Tipp<\/h3>\n<p data-start=\"918\" data-end=\"1075\">Mehrere Kerzenhalter in unterschiedlichen H\u00f6hen wirken besonders ruhig und hochwertig \u2014 kombiniert mit Naturmaterialien entsteht sofort hyggelige Atmosph\u00e4re<\/p>\n<p>Lieferumfang: 1 Halter ohne Deko\/Kerzen<\/p>\n<p>&nbsp;<\/p>\n<p>&nbsp;<\/p>\n<p>&nbsp;<\/p>\n","protected":false},"featured_media":17850,"template":"","meta":{"_et_pb_use_builder":"","_et_pb_old_content":"","_et_gb_content_width":""},"product_brand":[1851],"product_cat":[62,57],"product_tag":[2410,2409,2411,2413,2334,1986,2300,2412],"class_list":{"0":"post-17845","1":"product","2":"type-product","3":"status-publish","4":"has-post-thumbnail","6":"product_brand-ib-laursen","7":"product_cat-licht-lampen-kerzen-im-scandi-breton-stil-regalino","8":"product_cat-neu-eingetroffen-neue-lieblingsstuecke-bei-regalino","9":"product_tag-glas-kerzenhalter","10":"product_tag-kerzenhalter-glas","11":"product_tag-kerzenhalter-klar","12":"product_tag-kerzenhalter-klein","13":"product_tag-nordischer-stil","14":"product_tag-regalino","15":"product_tag-skandinavische-deko","16":"product_tag-tischdekoration-kerzen","18":"first","19":"instock","20":"taxable","21":"shipping-taxable","22":"purchasable","23":"product-type-simple"},"yoast_head":"<!-- This site is optimized with the Yoast SEO plugin v27.3 - https:\/\/yoast.com\/product\/yoast-seo-wordpress\/ -->\n<title>Kerzenhalter aus Glas f. 1,3cm Kerzen klar \u00d8 5cm - Regalino -Lively Style<\/title>\n<meta name=\"description\" content=\"Minimalistischer Kerzenhalter aus klarem Glas f\u00fcr schmale Kerzen \u00d81,3 cm. Zeitlose Tischdekoration im nordischen Stil - von Ib Laursen\" \/>\n<meta name=\"robots\" content=\"index, follow, max-snippet:-1, max-image-preview:large, max-video-preview:-1\" \/>\n<link rel=\"canonical\" href=\"https:\/\/Regalino-Shop.de\/?product=kerzenhalter-glas-klar-o5-cm-fuer-13-cm-kerzen-regalino\" \/>\n<meta property=\"og:locale\" content=\"de_DE\" \/>\n<meta property=\"og:type\" content=\"article\" \/>\n<meta property=\"og:title\" content=\"Kerzenhalter aus Glas f. 1,3cm Kerzen klar \u00d8 5cm - Regalino -Lively Style\" \/>\n<meta property=\"og:description\" content=\"Minimalistischer Kerzenhalter aus klarem Glas f\u00fcr schmale Kerzen \u00d81,3 cm. Zeitlose Tischdekoration im nordischen Stil - von Ib Laursen\" \/>\n<meta property=\"og:url\" content=\"https:\/\/Regalino-Shop.de\/?product=kerzenhalter-glas-klar-o5-cm-fuer-13-cm-kerzen-regalino\" \/>\n<meta property=\"og:site_name\" content=\"Regalino -Lively Style\" \/>\n<meta property=\"article:modified_time\" content=\"2026-02-22T13:14:42+00:00\" \/>\n<meta property=\"og:image\" content=\"https:\/\/Regalino-Shop.de\/wp-content\/uploads\/2026\/02\/ib-laursen_kerzenhalter_duenne-kerzen.webp\" \/>\n\t<meta property=\"og:image:width\" content=\"800\" \/>\n\t<meta property=\"og:image:height\" content=\"800\" \/>\n\t<meta property=\"og:image:type\" content=\"image\/webp\" \/>\n<meta name=\"twitter:card\" content=\"summary_large_image\" \/>\n<meta name=\"twitter:label1\" content=\"Gesch\u00e4tzte Lesezeit\" \/>\n\t<meta name=\"twitter:data1\" content=\"1\u00a0Minute\" \/>\n<script type=\"application\/ld+json\" class=\"yoast-schema-graph\">{\"@context\":\"https:\\\/\\\/schema.org\",\"@graph\":[{\"@type\":\"WebPage\",\"@id\":\"https:\\\/\\\/Regalino-Shop.de\\\/?product=kerzenhalter-glas-klar-o5-cm-fuer-13-cm-kerzen-regalino\",\"url\":\"https:\\\/\\\/Regalino-Shop.de\\\/?product=kerzenhalter-glas-klar-o5-cm-fuer-13-cm-kerzen-regalino\",\"name\":\"Kerzenhalter aus Glas f. 1,3cm Kerzen klar \u00d8 5cm - Regalino -Lively Style\",\"isPartOf\":{\"@id\":\"https:\\\/\\\/Regalino-Shop.de\\\/#website\"},\"primaryImageOfPage\":{\"@id\":\"https:\\\/\\\/Regalino-Shop.de\\\/?product=kerzenhalter-glas-klar-o5-cm-fuer-13-cm-kerzen-regalino#primaryimage\"},\"image\":{\"@id\":\"https:\\\/\\\/Regalino-Shop.de\\\/?product=kerzenhalter-glas-klar-o5-cm-fuer-13-cm-kerzen-regalino#primaryimage\"},\"thumbnailUrl\":\"https:\\\/\\\/Regalino-Shop.de\\\/wp-content\\\/uploads\\\/2026\\\/02\\\/ib-laursen_kerzenhalter_duenne-kerzen.webp\",\"datePublished\":\"2026-02-22T12:10:11+00:00\",\"dateModified\":\"2026-02-22T13:14:42+00:00\",\"description\":\"Minimalistischer Kerzenhalter aus klarem Glas f\u00fcr schmale Kerzen \u00d81,3 cm. Zeitlose Tischdekoration im nordischen Stil - von Ib Laursen\",\"breadcrumb\":{\"@id\":\"https:\\\/\\\/Regalino-Shop.de\\\/?product=kerzenhalter-glas-klar-o5-cm-fuer-13-cm-kerzen-regalino#breadcrumb\"},\"inLanguage\":\"de\",\"potentialAction\":[{\"@type\":\"ReadAction\",\"target\":[\"https:\\\/\\\/Regalino-Shop.de\\\/?product=kerzenhalter-glas-klar-o5-cm-fuer-13-cm-kerzen-regalino\"]}]},{\"@type\":\"ImageObject\",\"inLanguage\":\"de\",\"@id\":\"https:\\\/\\\/Regalino-Shop.de\\\/?product=kerzenhalter-glas-klar-o5-cm-fuer-13-cm-kerzen-regalino#primaryimage\",\"url\":\"https:\\\/\\\/Regalino-Shop.de\\\/wp-content\\\/uploads\\\/2026\\\/02\\\/ib-laursen_kerzenhalter_duenne-kerzen.webp\",\"contentUrl\":\"https:\\\/\\\/Regalino-Shop.de\\\/wp-content\\\/uploads\\\/2026\\\/02\\\/ib-laursen_kerzenhalter_duenne-kerzen.webp\",\"width\":800,\"height\":800,\"caption\":\"Glas Kerzenhalter Ib Laursen f\u00fcr d\u00fcnne Stabkerzen\"},{\"@type\":\"BreadcrumbList\",\"@id\":\"https:\\\/\\\/Regalino-Shop.de\\\/?product=kerzenhalter-glas-klar-o5-cm-fuer-13-cm-kerzen-regalino#breadcrumb\",\"itemListElement\":[{\"@type\":\"ListItem\",\"position\":1,\"name\":\"Startseite\",\"item\":\"https:\\\/\\\/Regalino-Shop.de\\\/\"},{\"@type\":\"ListItem\",\"position\":2,\"name\":\"Shop\",\"item\":\"https:\\\/\\\/Regalino-Shop.de\\\/?page_id=40\"},{\"@type\":\"ListItem\",\"position\":3,\"name\":\"Kerzenhalter aus Glas f. 1,3cm Kerzen klar \u00d8 5cm\"}]},{\"@type\":\"WebSite\",\"@id\":\"https:\\\/\\\/Regalino-Shop.de\\\/#website\",\"url\":\"https:\\\/\\\/Regalino-Shop.de\\\/\",\"name\":\"Regalino -Lively Style\",\"description\":\"gelebtes Zuhause\",\"potentialAction\":[{\"@type\":\"SearchAction\",\"target\":{\"@type\":\"EntryPoint\",\"urlTemplate\":\"https:\\\/\\\/Regalino-Shop.de\\\/?s={search_term_string}\"},\"query-input\":{\"@type\":\"PropertyValueSpecification\",\"valueRequired\":true,\"valueName\":\"search_term_string\"}}],\"inLanguage\":\"de\"}]}<\/script>\n<!-- \/ Yoast SEO plugin. -->","yoast_head_json":{"title":"Kerzenhalter aus Glas f. 1,3cm Kerzen klar \u00d8 5cm - Regalino -Lively Style","description":"Minimalistischer Kerzenhalter aus klarem Glas f\u00fcr schmale Kerzen \u00d81,3 cm. Zeitlose Tischdekoration im nordischen Stil - von Ib Laursen","robots":{"index":"index","follow":"follow","max-snippet":"max-snippet:-1","max-image-preview":"max-image-preview:large","max-video-preview":"max-video-preview:-1"},"canonical":"https:\/\/Regalino-Shop.de\/?product=kerzenhalter-glas-klar-o5-cm-fuer-13-cm-kerzen-regalino","og_locale":"de_DE","og_type":"article","og_title":"Kerzenhalter aus Glas f. 1,3cm Kerzen klar \u00d8 5cm - Regalino -Lively Style","og_description":"Minimalistischer Kerzenhalter aus klarem Glas f\u00fcr schmale Kerzen \u00d81,3 cm. Zeitlose Tischdekoration im nordischen Stil - von Ib Laursen","og_url":"https:\/\/Regalino-Shop.de\/?product=kerzenhalter-glas-klar-o5-cm-fuer-13-cm-kerzen-regalino","og_site_name":"Regalino -Lively Style","article_modified_time":"2026-02-22T13:14:42+00:00","og_image":[{"width":800,"height":800,"url":"https:\/\/Regalino-Shop.de\/wp-content\/uploads\/2026\/02\/ib-laursen_kerzenhalter_duenne-kerzen.webp","type":"image\/webp"}],"twitter_card":"summary_large_image","twitter_misc":{"Gesch\u00e4tzte Lesezeit":"1\u00a0Minute"},"schema":{"@context":"https:\/\/schema.org","@graph":[{"@type":"WebPage","@id":"https:\/\/Regalino-Shop.de\/?product=kerzenhalter-glas-klar-o5-cm-fuer-13-cm-kerzen-regalino","url":"https:\/\/Regalino-Shop.de\/?product=kerzenhalter-glas-klar-o5-cm-fuer-13-cm-kerzen-regalino","name":"Kerzenhalter aus Glas f. 1,3cm Kerzen klar \u00d8 5cm - Regalino -Lively Style","isPartOf":{"@id":"https:\/\/Regalino-Shop.de\/#website"},"primaryImageOfPage":{"@id":"https:\/\/Regalino-Shop.de\/?product=kerzenhalter-glas-klar-o5-cm-fuer-13-cm-kerzen-regalino#primaryimage"},"image":{"@id":"https:\/\/Regalino-Shop.de\/?product=kerzenhalter-glas-klar-o5-cm-fuer-13-cm-kerzen-regalino#primaryimage"},"thumbnailUrl":"https:\/\/Regalino-Shop.de\/wp-content\/uploads\/2026\/02\/ib-laursen_kerzenhalter_duenne-kerzen.webp","datePublished":"2026-02-22T12:10:11+00:00","dateModified":"2026-02-22T13:14:42+00:00","description":"Minimalistischer Kerzenhalter aus klarem Glas f\u00fcr schmale Kerzen \u00d81,3 cm. Zeitlose Tischdekoration im nordischen Stil - von Ib Laursen","breadcrumb":{"@id":"https:\/\/Regalino-Shop.de\/?product=kerzenhalter-glas-klar-o5-cm-fuer-13-cm-kerzen-regalino#breadcrumb"},"inLanguage":"de","potentialAction":[{"@type":"ReadAction","target":["https:\/\/Regalino-Shop.de\/?product=kerzenhalter-glas-klar-o5-cm-fuer-13-cm-kerzen-regalino"]}]},{"@type":"ImageObject","inLanguage":"de","@id":"https:\/\/Regalino-Shop.de\/?product=kerzenhalter-glas-klar-o5-cm-fuer-13-cm-kerzen-regalino#primaryimage","url":"https:\/\/Regalino-Shop.de\/wp-content\/uploads\/2026\/02\/ib-laursen_kerzenhalter_duenne-kerzen.webp","contentUrl":"https:\/\/Regalino-Shop.de\/wp-content\/uploads\/2026\/02\/ib-laursen_kerzenhalter_duenne-kerzen.webp","width":800,"height":800,"caption":"Glas Kerzenhalter Ib Laursen f\u00fcr d\u00fcnne Stabkerzen"},{"@type":"BreadcrumbList","@id":"https:\/\/Regalino-Shop.de\/?product=kerzenhalter-glas-klar-o5-cm-fuer-13-cm-kerzen-regalino#breadcrumb","itemListElement":[{"@type":"ListItem","position":1,"name":"Startseite","item":"https:\/\/Regalino-Shop.de\/"},{"@type":"ListItem","position":2,"name":"Shop","item":"https:\/\/Regalino-Shop.de\/?page_id=40"},{"@type":"ListItem","position":3,"name":"Kerzenhalter aus Glas f. 1,3cm Kerzen klar \u00d8 5cm"}]},{"@type":"WebSite","@id":"https:\/\/Regalino-Shop.de\/#website","url":"https:\/\/Regalino-Shop.de\/","name":"Regalino -Lively Style","description":"gelebtes Zuhause","potentialAction":[{"@type":"SearchAction","target":{"@type":"EntryPoint","urlTemplate":"https:\/\/Regalino-Shop.de\/?s={search_term_string}"},"query-input":{"@type":"PropertyValueSpecification","valueRequired":true,"valueName":"search_term_string"}}],"inLanguage":"de"}]}},"_links":{"self":[{"href":"https:\/\/Regalino-Shop.de\/index.php?rest_route=\/wp\/v2\/product\/17845","targetHints":{"allow":["GET"]}}],"collection":[{"href":"https:\/\/Regalino-Shop.de\/index.php?rest_route=\/wp\/v2\/product"}],"about":[{"href":"https:\/\/Regalino-Shop.de\/index.php?rest_route=\/wp\/v2\/types\/product"}],"wp:featuredmedia":[{"embeddable":true,"href":"https:\/\/Regalino-Shop.de\/index.php?rest_route=\/wp\/v2\/media\/17850"}],"wp:attachment":[{"href":"https:\/\/Regalino-Shop.de\/index.php?rest_route=%2Fwp%2Fv2%2Fmedia&parent=17845"}],"wp:term":[{"taxonomy":"product_brand","embeddable":true,"href":"https:\/\/Regalino-Shop.de\/index.php?rest_route=%2Fwp%2Fv2%2Fproduct_brand&post=17845"},{"taxonomy":"product_cat","embeddable":true,"href":"https:\/\/Regalino-Shop.de\/index.php?rest_route=%2Fwp%2Fv2%2Fproduct_cat&post=17845"},{"taxonomy":"product_tag","embeddable":true,"href":"https:\/\/Regalino-Shop.de\/index.php?rest_route=%2Fwp%2Fv2%2Fproduct_tag&post=17845"}],"curies":[{"name":"wp","href":"https:\/\/api.w.org\/{rel}","templated":true}]}}