{"id":17867,"date":"2026-02-22T16:40:51","date_gmt":"2026-02-22T16:40:51","guid":{"rendered":"https:\/\/Regalino-Shop.de\/?post_type=product&#038;p=17867"},"modified":"2026-03-31T15:48:21","modified_gmt":"2026-03-31T15:48:21","slug":"mundgeblasene-glasglocke-zeitlose-dekoglocke-aus-glas-regalino","status":"publish","type":"product","link":"https:\/\/Regalino-Shop.de\/?product=mundgeblasene-glasglocke-zeitlose-dekoglocke-aus-glas-regalino","title":{"rendered":"Glasglocke *Malou* mit \u00d6ffnung, mundgeblasen"},"content":{"rendered":"","protected":false},"excerpt":{"rendered":"<h3 data-start=\"187\" data-end=\"244\">Glasglocke mundgeblasen<\/h3>\n<p data-start=\"246\" data-end=\"466\">Diese mundgeblasene Glasglocke vereint handwerkliche Tradition mit nordisch ruhigem Design. Die klare Form wirkt leicht und zur\u00fcckhaltend und l\u00e4sst saisonale Dekorationen stilvoll in Szene treten<\/p>\n<p data-start=\"468\" data-end=\"692\">Ob mit Trockenblumen, kleinen Figuren, Lichterketten oder nat\u00fcrlichen Fundst\u00fccken: Durch die obere \u00d6ffnung l\u00e4sst sich die Glasglocke immer wieder neu dekorieren und passt sich m\u00fchelos Fr\u00fchling, Sommer, Herbst oder Winter an.<\/p>\n<p data-start=\"694\" data-end=\"856\">Als einzelnes Statement-Piece auf Sideboard oder Tisch oder kombiniert mit mehreren H\u00f6hen entsteht eine ruhige, moderne Wohnatmosph\u00e4re mit pers\u00f6nlichem Charakter.<\/p>\n<p data-start=\"858\" data-end=\"958\">Ein vielseitiges Wohnaccessoire f\u00fcr alle, die nat\u00fcrliche Dekoration und zeitlose Materialien lieben.<\/p>\n<hr data-start=\"960\" data-end=\"963\" \/>\n<h3 data-start=\"965\" data-end=\"983\">Produktdetails<\/h3>\n<ul data-start=\"984\" data-end=\"1134\">\n<li data-start=\"984\" data-end=\"1007\">\n<p data-start=\"986\" data-end=\"1007\">Mundgeblasenes Glas<\/p>\n<\/li>\n<li data-start=\"1008\" data-end=\"1025\">\n<p data-start=\"1010\" data-end=\"1025\">Handgefertigt<\/p>\n<\/li>\n<li data-start=\"1026\" data-end=\"1047\">\n<p data-start=\"1028\" data-end=\"1047\">H\u00f6he: <strong data-start=\"1034\" data-end=\"1045\">24,5 cm<\/strong><\/p>\n<\/li>\n<li data-start=\"1048\" data-end=\"1076\">\n<p data-start=\"1050\" data-end=\"1076\">Durchmesser: <strong data-start=\"1063\" data-end=\"1074\">15,3 cm<\/strong><\/p>\n<\/li>\n<li data-start=\"1077\" data-end=\"1095\">\n<p data-start=\"1079\" data-end=\"1095\">Material: Glas mundgeblasen (kleine Blasen u.\u00e4. k\u00f6nnen auftreten und unterzeichnen den Charakter dieses Glases)<\/p>\n<\/li>\n<\/ul>\n<hr data-start=\"1136\" data-end=\"1139\" \/>\n<h3 data-start=\"1141\" data-end=\"1169\">Regalino Styling-Ideen<\/h3>\n<ul data-start=\"1170\" data-end=\"1350\">\n<li data-start=\"1170\" data-end=\"1215\">\n<p data-start=\"1172\" data-end=\"1215\">Deko mit Naturmaterialien oder Kranz<\/p>\n<\/li>\n<li data-start=\"1216\" data-end=\"1253\">\n<p data-start=\"1218\" data-end=\"1253\">Kerzenarrangement auf Metalltablett &#8211; ein passendes findest du auch im Shop<\/p>\n<\/li>\n<li data-start=\"1254\" data-end=\"1298\">\n<p data-start=\"1256\" data-end=\"1298\">Trockenblumen oder Zweige im Scandi-Look<\/p>\n<\/li>\n<\/ul>\n<div class=\"product--description block\">\n<p>Lieferumfang: 1 Glasglocke<\/p>\n<\/div>\n","protected":false},"featured_media":17870,"template":"","meta":{"_et_pb_use_builder":"","_et_pb_old_content":"","_et_gb_content_width":""},"product_brand":[1851],"product_cat":[62,57,1608],"product_tag":[2431,2377,2432,2429,2430,2433,2136,2435,2434],"class_list":{"0":"post-17867","1":"product","2":"type-product","3":"status-publish","4":"has-post-thumbnail","6":"product_brand-ib-laursen","7":"product_cat-licht-lampen-kerzen-im-scandi-breton-stil-regalino","8":"product_cat-neu-eingetroffen-neue-lieblingsstuecke-bei-regalino","9":"product_cat-ostern-osterdeko-geschenkideen-regalino","10":"product_tag-dekoglocke-glas","11":"product_tag-glas-dekoration","12":"product_tag-glascloche","13":"product_tag-glasglocke","14":"product_tag-glasglocke-deko","15":"product_tag-nordische-dekoration","16":"product_tag-regalino-deko","17":"product_tag-saisonale-dekoration","18":"product_tag-scandi-wohnstil","20":"first","21":"instock","22":"featured","23":"taxable","24":"shipping-taxable","25":"purchasable","26":"product-type-simple"},"yoast_head":"<!-- This site is optimized with the Yoast SEO plugin v27.3 - https:\/\/yoast.com\/product\/yoast-seo-wordpress\/ -->\n<title>Glasglocke *Malou* mit \u00d6ffnung, mundgeblasen - Regalino -Lively Style<\/title>\n<meta name=\"description\" content=\"Handgefertigte Glasglocke aus mundgeblasenem Glas. Zeitlose Dekoration f\u00fcr saisonale Arrangements im nordischen Wohnstil - von Ib Laursen\" \/>\n<meta name=\"robots\" content=\"index, follow, max-snippet:-1, max-image-preview:large, max-video-preview:-1\" \/>\n<link rel=\"canonical\" href=\"https:\/\/Regalino-Shop.de\/?product=mundgeblasene-glasglocke-zeitlose-dekoglocke-aus-glas-regalino\" \/>\n<meta property=\"og:locale\" content=\"de_DE\" \/>\n<meta property=\"og:type\" content=\"article\" \/>\n<meta property=\"og:title\" content=\"Glasglocke *Malou* mit \u00d6ffnung, mundgeblasen - Regalino -Lively Style\" \/>\n<meta property=\"og:description\" content=\"Handgefertigte Glasglocke aus mundgeblasenem Glas. Zeitlose Dekoration f\u00fcr saisonale Arrangements im nordischen Wohnstil - von Ib Laursen\" \/>\n<meta property=\"og:url\" content=\"https:\/\/Regalino-Shop.de\/?product=mundgeblasene-glasglocke-zeitlose-dekoglocke-aus-glas-regalino\" \/>\n<meta property=\"og:site_name\" content=\"Regalino -Lively Style\" \/>\n<meta property=\"article:modified_time\" content=\"2026-03-31T15:48:21+00:00\" \/>\n<meta property=\"og:image\" content=\"https:\/\/Regalino-Shop.de\/wp-content\/uploads\/2026\/02\/Glasglocke_Malou_mundgeblasen_Ib_laursen_Regalino_mood.jpg\" \/>\n\t<meta property=\"og:image:width\" content=\"360\" \/>\n\t<meta property=\"og:image:height\" content=\"540\" \/>\n\t<meta property=\"og:image:type\" content=\"image\/jpeg\" \/>\n<meta name=\"twitter:card\" content=\"summary_large_image\" \/>\n<meta name=\"twitter:label1\" content=\"Gesch\u00e4tzte Lesezeit\" \/>\n\t<meta name=\"twitter:data1\" content=\"1\u00a0Minute\" \/>\n<script type=\"application\/ld+json\" class=\"yoast-schema-graph\">{\"@context\":\"https:\\\/\\\/schema.org\",\"@graph\":[{\"@type\":\"WebPage\",\"@id\":\"https:\\\/\\\/Regalino-Shop.de\\\/?product=mundgeblasene-glasglocke-zeitlose-dekoglocke-aus-glas-regalino\",\"url\":\"https:\\\/\\\/Regalino-Shop.de\\\/?product=mundgeblasene-glasglocke-zeitlose-dekoglocke-aus-glas-regalino\",\"name\":\"Glasglocke *Malou* mit \u00d6ffnung, mundgeblasen - Regalino -Lively Style\",\"isPartOf\":{\"@id\":\"https:\\\/\\\/Regalino-Shop.de\\\/#website\"},\"primaryImageOfPage\":{\"@id\":\"https:\\\/\\\/Regalino-Shop.de\\\/?product=mundgeblasene-glasglocke-zeitlose-dekoglocke-aus-glas-regalino#primaryimage\"},\"image\":{\"@id\":\"https:\\\/\\\/Regalino-Shop.de\\\/?product=mundgeblasene-glasglocke-zeitlose-dekoglocke-aus-glas-regalino#primaryimage\"},\"thumbnailUrl\":\"https:\\\/\\\/Regalino-Shop.de\\\/wp-content\\\/uploads\\\/2026\\\/02\\\/Glasglocke_Malou_mundgeblasen_Ib_laursen_Regalino_mood.jpg\",\"datePublished\":\"2026-02-22T16:40:51+00:00\",\"dateModified\":\"2026-03-31T15:48:21+00:00\",\"description\":\"Handgefertigte Glasglocke aus mundgeblasenem Glas. Zeitlose Dekoration f\u00fcr saisonale Arrangements im nordischen Wohnstil - von Ib Laursen\",\"breadcrumb\":{\"@id\":\"https:\\\/\\\/Regalino-Shop.de\\\/?product=mundgeblasene-glasglocke-zeitlose-dekoglocke-aus-glas-regalino#breadcrumb\"},\"inLanguage\":\"de\",\"potentialAction\":[{\"@type\":\"ReadAction\",\"target\":[\"https:\\\/\\\/Regalino-Shop.de\\\/?product=mundgeblasene-glasglocke-zeitlose-dekoglocke-aus-glas-regalino\"]}]},{\"@type\":\"ImageObject\",\"inLanguage\":\"de\",\"@id\":\"https:\\\/\\\/Regalino-Shop.de\\\/?product=mundgeblasene-glasglocke-zeitlose-dekoglocke-aus-glas-regalino#primaryimage\",\"url\":\"https:\\\/\\\/Regalino-Shop.de\\\/wp-content\\\/uploads\\\/2026\\\/02\\\/Glasglocke_Malou_mundgeblasen_Ib_laursen_Regalino_mood.jpg\",\"contentUrl\":\"https:\\\/\\\/Regalino-Shop.de\\\/wp-content\\\/uploads\\\/2026\\\/02\\\/Glasglocke_Malou_mundgeblasen_Ib_laursen_Regalino_mood.jpg\",\"width\":360,\"height\":540,\"caption\":\"Glasglocke aus mundgeblasenem Glas, handgefertigte Dekoglocke im nordischen Wohnstil f\u00fcr saisonale Dekoration\"},{\"@type\":\"BreadcrumbList\",\"@id\":\"https:\\\/\\\/Regalino-Shop.de\\\/?product=mundgeblasene-glasglocke-zeitlose-dekoglocke-aus-glas-regalino#breadcrumb\",\"itemListElement\":[{\"@type\":\"ListItem\",\"position\":1,\"name\":\"Startseite\",\"item\":\"https:\\\/\\\/Regalino-Shop.de\\\/\"},{\"@type\":\"ListItem\",\"position\":2,\"name\":\"Shop\",\"item\":\"https:\\\/\\\/Regalino-Shop.de\\\/?page_id=40\"},{\"@type\":\"ListItem\",\"position\":3,\"name\":\"Glasglocke *Malou* mit \u00d6ffnung, mundgeblasen\"}]},{\"@type\":\"WebSite\",\"@id\":\"https:\\\/\\\/Regalino-Shop.de\\\/#website\",\"url\":\"https:\\\/\\\/Regalino-Shop.de\\\/\",\"name\":\"Regalino -Lively Style\",\"description\":\"gelebtes Zuhause\",\"potentialAction\":[{\"@type\":\"SearchAction\",\"target\":{\"@type\":\"EntryPoint\",\"urlTemplate\":\"https:\\\/\\\/Regalino-Shop.de\\\/?s={search_term_string}\"},\"query-input\":{\"@type\":\"PropertyValueSpecification\",\"valueRequired\":true,\"valueName\":\"search_term_string\"}}],\"inLanguage\":\"de\"}]}<\/script>\n<!-- \/ Yoast SEO plugin. -->","yoast_head_json":{"title":"Glasglocke *Malou* mit \u00d6ffnung, mundgeblasen - Regalino -Lively Style","description":"Handgefertigte Glasglocke aus mundgeblasenem Glas. Zeitlose Dekoration f\u00fcr saisonale Arrangements im nordischen Wohnstil - von Ib Laursen","robots":{"index":"index","follow":"follow","max-snippet":"max-snippet:-1","max-image-preview":"max-image-preview:large","max-video-preview":"max-video-preview:-1"},"canonical":"https:\/\/Regalino-Shop.de\/?product=mundgeblasene-glasglocke-zeitlose-dekoglocke-aus-glas-regalino","og_locale":"de_DE","og_type":"article","og_title":"Glasglocke *Malou* mit \u00d6ffnung, mundgeblasen - Regalino -Lively Style","og_description":"Handgefertigte Glasglocke aus mundgeblasenem Glas. Zeitlose Dekoration f\u00fcr saisonale Arrangements im nordischen Wohnstil - von Ib Laursen","og_url":"https:\/\/Regalino-Shop.de\/?product=mundgeblasene-glasglocke-zeitlose-dekoglocke-aus-glas-regalino","og_site_name":"Regalino -Lively Style","article_modified_time":"2026-03-31T15:48:21+00:00","og_image":[{"width":360,"height":540,"url":"https:\/\/Regalino-Shop.de\/wp-content\/uploads\/2026\/02\/Glasglocke_Malou_mundgeblasen_Ib_laursen_Regalino_mood.jpg","type":"image\/jpeg"}],"twitter_card":"summary_large_image","twitter_misc":{"Gesch\u00e4tzte Lesezeit":"1\u00a0Minute"},"schema":{"@context":"https:\/\/schema.org","@graph":[{"@type":"WebPage","@id":"https:\/\/Regalino-Shop.de\/?product=mundgeblasene-glasglocke-zeitlose-dekoglocke-aus-glas-regalino","url":"https:\/\/Regalino-Shop.de\/?product=mundgeblasene-glasglocke-zeitlose-dekoglocke-aus-glas-regalino","name":"Glasglocke *Malou* mit \u00d6ffnung, mundgeblasen - Regalino -Lively Style","isPartOf":{"@id":"https:\/\/Regalino-Shop.de\/#website"},"primaryImageOfPage":{"@id":"https:\/\/Regalino-Shop.de\/?product=mundgeblasene-glasglocke-zeitlose-dekoglocke-aus-glas-regalino#primaryimage"},"image":{"@id":"https:\/\/Regalino-Shop.de\/?product=mundgeblasene-glasglocke-zeitlose-dekoglocke-aus-glas-regalino#primaryimage"},"thumbnailUrl":"https:\/\/Regalino-Shop.de\/wp-content\/uploads\/2026\/02\/Glasglocke_Malou_mundgeblasen_Ib_laursen_Regalino_mood.jpg","datePublished":"2026-02-22T16:40:51+00:00","dateModified":"2026-03-31T15:48:21+00:00","description":"Handgefertigte Glasglocke aus mundgeblasenem Glas. Zeitlose Dekoration f\u00fcr saisonale Arrangements im nordischen Wohnstil - von Ib Laursen","breadcrumb":{"@id":"https:\/\/Regalino-Shop.de\/?product=mundgeblasene-glasglocke-zeitlose-dekoglocke-aus-glas-regalino#breadcrumb"},"inLanguage":"de","potentialAction":[{"@type":"ReadAction","target":["https:\/\/Regalino-Shop.de\/?product=mundgeblasene-glasglocke-zeitlose-dekoglocke-aus-glas-regalino"]}]},{"@type":"ImageObject","inLanguage":"de","@id":"https:\/\/Regalino-Shop.de\/?product=mundgeblasene-glasglocke-zeitlose-dekoglocke-aus-glas-regalino#primaryimage","url":"https:\/\/Regalino-Shop.de\/wp-content\/uploads\/2026\/02\/Glasglocke_Malou_mundgeblasen_Ib_laursen_Regalino_mood.jpg","contentUrl":"https:\/\/Regalino-Shop.de\/wp-content\/uploads\/2026\/02\/Glasglocke_Malou_mundgeblasen_Ib_laursen_Regalino_mood.jpg","width":360,"height":540,"caption":"Glasglocke aus mundgeblasenem Glas, handgefertigte Dekoglocke im nordischen Wohnstil f\u00fcr saisonale Dekoration"},{"@type":"BreadcrumbList","@id":"https:\/\/Regalino-Shop.de\/?product=mundgeblasene-glasglocke-zeitlose-dekoglocke-aus-glas-regalino#breadcrumb","itemListElement":[{"@type":"ListItem","position":1,"name":"Startseite","item":"https:\/\/Regalino-Shop.de\/"},{"@type":"ListItem","position":2,"name":"Shop","item":"https:\/\/Regalino-Shop.de\/?page_id=40"},{"@type":"ListItem","position":3,"name":"Glasglocke *Malou* mit \u00d6ffnung, mundgeblasen"}]},{"@type":"WebSite","@id":"https:\/\/Regalino-Shop.de\/#website","url":"https:\/\/Regalino-Shop.de\/","name":"Regalino -Lively Style","description":"gelebtes Zuhause","potentialAction":[{"@type":"SearchAction","target":{"@type":"EntryPoint","urlTemplate":"https:\/\/Regalino-Shop.de\/?s={search_term_string}"},"query-input":{"@type":"PropertyValueSpecification","valueRequired":true,"valueName":"search_term_string"}}],"inLanguage":"de"}]}},"_links":{"self":[{"href":"https:\/\/Regalino-Shop.de\/index.php?rest_route=\/wp\/v2\/product\/17867","targetHints":{"allow":["GET"]}}],"collection":[{"href":"https:\/\/Regalino-Shop.de\/index.php?rest_route=\/wp\/v2\/product"}],"about":[{"href":"https:\/\/Regalino-Shop.de\/index.php?rest_route=\/wp\/v2\/types\/product"}],"wp:featuredmedia":[{"embeddable":true,"href":"https:\/\/Regalino-Shop.de\/index.php?rest_route=\/wp\/v2\/media\/17870"}],"wp:attachment":[{"href":"https:\/\/Regalino-Shop.de\/index.php?rest_route=%2Fwp%2Fv2%2Fmedia&parent=17867"}],"wp:term":[{"taxonomy":"product_brand","embeddable":true,"href":"https:\/\/Regalino-Shop.de\/index.php?rest_route=%2Fwp%2Fv2%2Fproduct_brand&post=17867"},{"taxonomy":"product_cat","embeddable":true,"href":"https:\/\/Regalino-Shop.de\/index.php?rest_route=%2Fwp%2Fv2%2Fproduct_cat&post=17867"},{"taxonomy":"product_tag","embeddable":true,"href":"https:\/\/Regalino-Shop.de\/index.php?rest_route=%2Fwp%2Fv2%2Fproduct_tag&post=17867"}],"curies":[{"name":"wp","href":"https:\/\/api.w.org\/{rel}","templated":true}]}}