{"id":17871,"date":"2026-02-22T17:02:12","date_gmt":"2026-02-22T17:02:12","guid":{"rendered":"https:\/\/Regalino-Shop.de\/?post_type=product&#038;p=17871"},"modified":"2026-04-08T09:49:00","modified_gmt":"2026-04-08T09:49:00","slug":"metall-tablett-rund-o195-cm-dekotablett-mit-kante-regalino","status":"publish","type":"product","link":"https:\/\/Regalino-Shop.de\/?product=metall-tablett-rund-o195-cm-dekotablett-mit-kante-regalino","title":{"rendered":"Metall Tablett rund \u00d819,5 cm &#8211; Dekotablett mit Kante"},"content":{"rendered":"","protected":false},"excerpt":{"rendered":"<h3 data-start=\"168\" data-end=\"208\">Schlicht. Vielseitig. Zeitlos dekorativ.<\/h3>\n<p data-start=\"210\" data-end=\"481\">Dieses <strong data-start=\"217\" data-end=\"257\">runde Metalltablett mit feiner Kante<\/strong> bildet die perfekte Grundlage f\u00fcr ruhige Arrangements im Zuhause. Ob Kerzen, Vasen, kleine Fundst\u00fccke oder saisonale Dekoration \u2014 das Tablett schafft Ordnung und verbindet einzelne Elemente zu einem harmonischen Gesamtbild.<\/p>\n<p data-start=\"483\" data-end=\"607\">Ideal f\u00fcr Sideboard, Couchtisch oder Esstisch und sowohl einzeln als auch im Ensemble mit weiteren Tabletts besonders sch\u00f6n.<\/p>\n<p data-start=\"609\" data-end=\"688\">Ein stiller Allrounder, der Dekoration m\u00fchelos wirken l\u00e4sst<\/p>\n<h3 data-start=\"695\" data-end=\"708\">\u00a0Details<\/h3>\n<ul data-start=\"709\" data-end=\"868\">\n<li data-start=\"709\" data-end=\"729\">\n<p data-start=\"711\" data-end=\"729\">Material: Metall<\/p>\n<\/li>\n<li data-start=\"730\" data-end=\"764\">\n<p data-start=\"732\" data-end=\"764\">Ma\u00dfe: <strong data-start=\"738\" data-end=\"762\">\u00d8 19,5 cm | H 1,5 cm<\/strong><\/p>\n<\/li>\n<li data-start=\"765\" data-end=\"790\">\n<p data-start=\"767\" data-end=\"790\">mit umlaufender Kante<\/p>\n<\/li>\n<li data-start=\"791\" data-end=\"825\">\n<p data-start=\"793\" data-end=\"825\">stabil &amp; vielseitig einsetzbar<\/p>\n<\/li>\n<li data-start=\"826\" data-end=\"868\">\n<p data-start=\"828\" data-end=\"868\">ideal f\u00fcr Kerzen- und Dekoarrangements<\/p>\n<\/li>\n<\/ul>\n<hr data-start=\"870\" data-end=\"873\" \/>\n<h3 data-start=\"875\" data-end=\"903\">\ud83e\udd0d Regalino Styling-Tipp<\/h3>\n<p data-start=\"904\" data-end=\"1064\">Besonders sch\u00f6n mit Glaslichtern, kleinen Vasen oder saisonaler Dekoration kombiniert<\/p>\n<div class=\"product--description block\">\n<p>Lieferumfang: 1 Metalltablett<\/p>\n<\/div>\n","protected":false},"featured_media":17872,"template":"","meta":{"_et_pb_use_builder":"","_et_pb_old_content":"","_et_gb_content_width":""},"product_brand":[1851],"product_cat":[64,62,57,1608],"product_tag":[2437,1752,2438,2334,1986,2436,2335,2439],"class_list":{"0":"post-17871","1":"product","2":"type-product","3":"status-publish","4":"has-post-thumbnail","6":"product_brand-ib-laursen","7":"product_cat-besondere-deko-im-nordischen-stil-maritime-akzente-regalino","8":"product_cat-licht-lampen-kerzen-im-scandi-breton-stil-regalino","9":"product_cat-neu-eingetroffen-neue-lieblingsstuecke-bei-regalino","10":"product_cat-ostern-osterdeko-geschenkideen-regalino","11":"product_tag-dekotablett-rund","12":"product_tag-kerzentablett","13":"product_tag-metalltablett","14":"product_tag-nordischer-stil","15":"product_tag-regalino","16":"product_tag-tablett-metall","17":"product_tag-tischdekoration","18":"product_tag-wohnaccessoires","20":"first","21":"instock","22":"taxable","23":"shipping-taxable","24":"purchasable","25":"product-type-simple"},"yoast_head":"<!-- This site is optimized with the Yoast SEO plugin v27.3 - https:\/\/yoast.com\/product\/yoast-seo-wordpress\/ -->\n<title>Metall Tablett rund \u00d819,5 cm - Dekotablett mit Kante - Regalino -Lively Style<\/title>\n<meta name=\"description\" content=\"Rundes Metalltablett mit Kante \u00d819,5 cm von Ib Laursen. Perfekte Basis f\u00fcr Kerzen, Vasen und stilvolle Dekoration im nordischen Wohnstil.\" \/>\n<meta name=\"robots\" content=\"index, follow, max-snippet:-1, max-image-preview:large, max-video-preview:-1\" \/>\n<link rel=\"canonical\" href=\"https:\/\/Regalino-Shop.de\/?product=metall-tablett-rund-o195-cm-dekotablett-mit-kante-regalino\" \/>\n<meta property=\"og:locale\" content=\"de_DE\" \/>\n<meta property=\"og:type\" content=\"article\" \/>\n<meta property=\"og:title\" content=\"Metall Tablett rund \u00d819,5 cm - Dekotablett mit Kante - Regalino -Lively Style\" \/>\n<meta property=\"og:description\" content=\"Rundes Metalltablett mit Kante \u00d819,5 cm von Ib Laursen. Perfekte Basis f\u00fcr Kerzen, Vasen und stilvolle Dekoration im nordischen Wohnstil.\" \/>\n<meta property=\"og:url\" content=\"https:\/\/Regalino-Shop.de\/?product=metall-tablett-rund-o195-cm-dekotablett-mit-kante-regalino\" \/>\n<meta property=\"og:site_name\" content=\"Regalino -Lively Style\" \/>\n<meta property=\"article:modified_time\" content=\"2026-04-08T09:49:00+00:00\" \/>\n<meta property=\"og:image\" content=\"https:\/\/Regalino-Shop.de\/wp-content\/uploads\/2026\/02\/5717-18.jpg\" \/>\n\t<meta property=\"og:image:width\" content=\"1400\" \/>\n\t<meta property=\"og:image:height\" content=\"1400\" \/>\n\t<meta property=\"og:image:type\" content=\"image\/jpeg\" \/>\n<meta name=\"twitter:card\" content=\"summary_large_image\" \/>\n<meta name=\"twitter:label1\" content=\"Gesch\u00e4tzte Lesezeit\" \/>\n\t<meta name=\"twitter:data1\" content=\"1\u00a0Minute\" \/>\n<script type=\"application\/ld+json\" class=\"yoast-schema-graph\">{\"@context\":\"https:\\\/\\\/schema.org\",\"@graph\":[{\"@type\":\"WebPage\",\"@id\":\"https:\\\/\\\/Regalino-Shop.de\\\/?product=metall-tablett-rund-o195-cm-dekotablett-mit-kante-regalino\",\"url\":\"https:\\\/\\\/Regalino-Shop.de\\\/?product=metall-tablett-rund-o195-cm-dekotablett-mit-kante-regalino\",\"name\":\"Metall Tablett rund \u00d819,5 cm - Dekotablett mit Kante - Regalino -Lively Style\",\"isPartOf\":{\"@id\":\"https:\\\/\\\/Regalino-Shop.de\\\/#website\"},\"primaryImageOfPage\":{\"@id\":\"https:\\\/\\\/Regalino-Shop.de\\\/?product=metall-tablett-rund-o195-cm-dekotablett-mit-kante-regalino#primaryimage\"},\"image\":{\"@id\":\"https:\\\/\\\/Regalino-Shop.de\\\/?product=metall-tablett-rund-o195-cm-dekotablett-mit-kante-regalino#primaryimage\"},\"thumbnailUrl\":\"https:\\\/\\\/Regalino-Shop.de\\\/wp-content\\\/uploads\\\/2026\\\/02\\\/5717-18.jpg\",\"datePublished\":\"2026-02-22T17:02:12+00:00\",\"dateModified\":\"2026-04-08T09:49:00+00:00\",\"description\":\"Rundes Metalltablett mit Kante \u00d819,5 cm von Ib Laursen. Perfekte Basis f\u00fcr Kerzen, Vasen und stilvolle Dekoration im nordischen Wohnstil.\",\"breadcrumb\":{\"@id\":\"https:\\\/\\\/Regalino-Shop.de\\\/?product=metall-tablett-rund-o195-cm-dekotablett-mit-kante-regalino#breadcrumb\"},\"inLanguage\":\"de\",\"potentialAction\":[{\"@type\":\"ReadAction\",\"target\":[\"https:\\\/\\\/Regalino-Shop.de\\\/?product=metall-tablett-rund-o195-cm-dekotablett-mit-kante-regalino\"]}]},{\"@type\":\"ImageObject\",\"inLanguage\":\"de\",\"@id\":\"https:\\\/\\\/Regalino-Shop.de\\\/?product=metall-tablett-rund-o195-cm-dekotablett-mit-kante-regalino#primaryimage\",\"url\":\"https:\\\/\\\/Regalino-Shop.de\\\/wp-content\\\/uploads\\\/2026\\\/02\\\/5717-18.jpg\",\"contentUrl\":\"https:\\\/\\\/Regalino-Shop.de\\\/wp-content\\\/uploads\\\/2026\\\/02\\\/5717-18.jpg\",\"width\":1400,\"height\":1400,\"caption\":\"Rundes Metalltablett mit Kante f\u00fcr Kerzen und Dekoration im skandinavischen Stil\"},{\"@type\":\"BreadcrumbList\",\"@id\":\"https:\\\/\\\/Regalino-Shop.de\\\/?product=metall-tablett-rund-o195-cm-dekotablett-mit-kante-regalino#breadcrumb\",\"itemListElement\":[{\"@type\":\"ListItem\",\"position\":1,\"name\":\"Startseite\",\"item\":\"https:\\\/\\\/Regalino-Shop.de\\\/\"},{\"@type\":\"ListItem\",\"position\":2,\"name\":\"Shop\",\"item\":\"https:\\\/\\\/Regalino-Shop.de\\\/?page_id=40\"},{\"@type\":\"ListItem\",\"position\":3,\"name\":\"Metall Tablett rund \u00d819,5 cm &#8211; Dekotablett mit Kante\"}]},{\"@type\":\"WebSite\",\"@id\":\"https:\\\/\\\/Regalino-Shop.de\\\/#website\",\"url\":\"https:\\\/\\\/Regalino-Shop.de\\\/\",\"name\":\"Regalino -Lively Style\",\"description\":\"gelebtes Zuhause\",\"potentialAction\":[{\"@type\":\"SearchAction\",\"target\":{\"@type\":\"EntryPoint\",\"urlTemplate\":\"https:\\\/\\\/Regalino-Shop.de\\\/?s={search_term_string}\"},\"query-input\":{\"@type\":\"PropertyValueSpecification\",\"valueRequired\":true,\"valueName\":\"search_term_string\"}}],\"inLanguage\":\"de\"}]}<\/script>\n<!-- \/ Yoast SEO plugin. -->","yoast_head_json":{"title":"Metall Tablett rund \u00d819,5 cm - Dekotablett mit Kante - Regalino -Lively Style","description":"Rundes Metalltablett mit Kante \u00d819,5 cm von Ib Laursen. Perfekte Basis f\u00fcr Kerzen, Vasen und stilvolle Dekoration im nordischen Wohnstil.","robots":{"index":"index","follow":"follow","max-snippet":"max-snippet:-1","max-image-preview":"max-image-preview:large","max-video-preview":"max-video-preview:-1"},"canonical":"https:\/\/Regalino-Shop.de\/?product=metall-tablett-rund-o195-cm-dekotablett-mit-kante-regalino","og_locale":"de_DE","og_type":"article","og_title":"Metall Tablett rund \u00d819,5 cm - Dekotablett mit Kante - Regalino -Lively Style","og_description":"Rundes Metalltablett mit Kante \u00d819,5 cm von Ib Laursen. Perfekte Basis f\u00fcr Kerzen, Vasen und stilvolle Dekoration im nordischen Wohnstil.","og_url":"https:\/\/Regalino-Shop.de\/?product=metall-tablett-rund-o195-cm-dekotablett-mit-kante-regalino","og_site_name":"Regalino -Lively Style","article_modified_time":"2026-04-08T09:49:00+00:00","og_image":[{"width":1400,"height":1400,"url":"https:\/\/Regalino-Shop.de\/wp-content\/uploads\/2026\/02\/5717-18.jpg","type":"image\/jpeg"}],"twitter_card":"summary_large_image","twitter_misc":{"Gesch\u00e4tzte Lesezeit":"1\u00a0Minute"},"schema":{"@context":"https:\/\/schema.org","@graph":[{"@type":"WebPage","@id":"https:\/\/Regalino-Shop.de\/?product=metall-tablett-rund-o195-cm-dekotablett-mit-kante-regalino","url":"https:\/\/Regalino-Shop.de\/?product=metall-tablett-rund-o195-cm-dekotablett-mit-kante-regalino","name":"Metall Tablett rund \u00d819,5 cm - Dekotablett mit Kante - Regalino -Lively Style","isPartOf":{"@id":"https:\/\/Regalino-Shop.de\/#website"},"primaryImageOfPage":{"@id":"https:\/\/Regalino-Shop.de\/?product=metall-tablett-rund-o195-cm-dekotablett-mit-kante-regalino#primaryimage"},"image":{"@id":"https:\/\/Regalino-Shop.de\/?product=metall-tablett-rund-o195-cm-dekotablett-mit-kante-regalino#primaryimage"},"thumbnailUrl":"https:\/\/Regalino-Shop.de\/wp-content\/uploads\/2026\/02\/5717-18.jpg","datePublished":"2026-02-22T17:02:12+00:00","dateModified":"2026-04-08T09:49:00+00:00","description":"Rundes Metalltablett mit Kante \u00d819,5 cm von Ib Laursen. Perfekte Basis f\u00fcr Kerzen, Vasen und stilvolle Dekoration im nordischen Wohnstil.","breadcrumb":{"@id":"https:\/\/Regalino-Shop.de\/?product=metall-tablett-rund-o195-cm-dekotablett-mit-kante-regalino#breadcrumb"},"inLanguage":"de","potentialAction":[{"@type":"ReadAction","target":["https:\/\/Regalino-Shop.de\/?product=metall-tablett-rund-o195-cm-dekotablett-mit-kante-regalino"]}]},{"@type":"ImageObject","inLanguage":"de","@id":"https:\/\/Regalino-Shop.de\/?product=metall-tablett-rund-o195-cm-dekotablett-mit-kante-regalino#primaryimage","url":"https:\/\/Regalino-Shop.de\/wp-content\/uploads\/2026\/02\/5717-18.jpg","contentUrl":"https:\/\/Regalino-Shop.de\/wp-content\/uploads\/2026\/02\/5717-18.jpg","width":1400,"height":1400,"caption":"Rundes Metalltablett mit Kante f\u00fcr Kerzen und Dekoration im skandinavischen Stil"},{"@type":"BreadcrumbList","@id":"https:\/\/Regalino-Shop.de\/?product=metall-tablett-rund-o195-cm-dekotablett-mit-kante-regalino#breadcrumb","itemListElement":[{"@type":"ListItem","position":1,"name":"Startseite","item":"https:\/\/Regalino-Shop.de\/"},{"@type":"ListItem","position":2,"name":"Shop","item":"https:\/\/Regalino-Shop.de\/?page_id=40"},{"@type":"ListItem","position":3,"name":"Metall Tablett rund \u00d819,5 cm &#8211; Dekotablett mit Kante"}]},{"@type":"WebSite","@id":"https:\/\/Regalino-Shop.de\/#website","url":"https:\/\/Regalino-Shop.de\/","name":"Regalino -Lively Style","description":"gelebtes Zuhause","potentialAction":[{"@type":"SearchAction","target":{"@type":"EntryPoint","urlTemplate":"https:\/\/Regalino-Shop.de\/?s={search_term_string}"},"query-input":{"@type":"PropertyValueSpecification","valueRequired":true,"valueName":"search_term_string"}}],"inLanguage":"de"}]}},"_links":{"self":[{"href":"https:\/\/Regalino-Shop.de\/index.php?rest_route=\/wp\/v2\/product\/17871","targetHints":{"allow":["GET"]}}],"collection":[{"href":"https:\/\/Regalino-Shop.de\/index.php?rest_route=\/wp\/v2\/product"}],"about":[{"href":"https:\/\/Regalino-Shop.de\/index.php?rest_route=\/wp\/v2\/types\/product"}],"wp:featuredmedia":[{"embeddable":true,"href":"https:\/\/Regalino-Shop.de\/index.php?rest_route=\/wp\/v2\/media\/17872"}],"wp:attachment":[{"href":"https:\/\/Regalino-Shop.de\/index.php?rest_route=%2Fwp%2Fv2%2Fmedia&parent=17871"}],"wp:term":[{"taxonomy":"product_brand","embeddable":true,"href":"https:\/\/Regalino-Shop.de\/index.php?rest_route=%2Fwp%2Fv2%2Fproduct_brand&post=17871"},{"taxonomy":"product_cat","embeddable":true,"href":"https:\/\/Regalino-Shop.de\/index.php?rest_route=%2Fwp%2Fv2%2Fproduct_cat&post=17871"},{"taxonomy":"product_tag","embeddable":true,"href":"https:\/\/Regalino-Shop.de\/index.php?rest_route=%2Fwp%2Fv2%2Fproduct_tag&post=17871"}],"curies":[{"name":"wp","href":"https:\/\/api.w.org\/{rel}","templated":true}]}}