{"id":17873,"date":"2026-02-22T17:13:14","date_gmt":"2026-02-22T17:13:14","guid":{"rendered":"https:\/\/Regalino-Shop.de\/?post_type=product&#038;p=17873"},"modified":"2026-03-04T15:18:14","modified_gmt":"2026-03-04T15:18:14","slug":"stabkerze-celia-23-cm-rustikale-kerze-o38-cm-regalino","status":"publish","type":"product","link":"https:\/\/Regalino-Shop.de\/?product=stabkerze-celia-23-cm-rustikale-kerze-o38-cm-regalino","title":{"rendered":"Stabkerze Celia *Graunatur* Rustikale Struktur &#8211; H 23 cm"},"content":{"rendered":"","protected":false},"excerpt":{"rendered":"<h3 data-start=\"212\" data-end=\"232\">Licht mit Charakter<\/h3>\n<p data-start=\"234\" data-end=\"511\">Die <strong data-start=\"238\" data-end=\"257\">Celia Stabkerze<\/strong> \u00fcberzeugt durch ihre besondere, leicht rustikale Oberfl\u00e4che und einen nat\u00fcrlichen Look, der sofort W\u00e4rme und Atmosph\u00e4re schafft. Mit ihrer schlanken H\u00f6he setzt sie elegante Akzente auf dem Tisch, im Kerzenhalter oder als Teil eines ruhigen Arrangements.<\/p>\n<p data-start=\"513\" data-end=\"644\">Der Durchmesser entspricht einem klassischen Teelichtma\u00df, wodurch die Kerze besonders stabil sitzt und vielseitig kombinierbar ist.<\/p>\n<p data-start=\"646\" data-end=\"747\">Eine hochwertige Qualit\u00e4tskerze aus europ\u00e4ischer Produktion \u2014 zeitlos, schlicht und typisch Regalino.<\/p>\n<hr data-start=\"749\" data-end=\"752\" \/>\n<h3 data-start=\"754\" data-end=\"767\">Details<\/h3>\n<ul data-start=\"768\" data-end=\"976\">\n<li data-start=\"768\" data-end=\"786\">\n<p data-start=\"770\" data-end=\"786\">Serie: <strong data-start=\"777\" data-end=\"786\">Celia<\/strong><\/p>\n<\/li>\n<li data-start=\"787\" data-end=\"804\">\n<p data-start=\"789\" data-end=\"804\">H\u00f6he: <strong data-start=\"795\" data-end=\"804\">23 cm<\/strong><\/p>\n<\/li>\n<li data-start=\"805\" data-end=\"832\">\n<p data-start=\"807\" data-end=\"832\">Durchmesser: <strong data-start=\"820\" data-end=\"832\">\u00d8 3,8 cm<\/strong><\/p>\n<\/li>\n<li data-start=\"833\" data-end=\"865\">\n<p data-start=\"835\" data-end=\"865\">Brenndauer: ca. <strong data-start=\"851\" data-end=\"865\">23 Stunden<\/strong><\/p>\n<\/li>\n<li data-start=\"866\" data-end=\"904\">\n<p data-start=\"868\" data-end=\"904\">Material: 95 % Paraffin, 5 % Stearin<\/p>\n<\/li>\n<li data-start=\"905\" data-end=\"927\">\n<p data-start=\"907\" data-end=\"927\">rustikale Oberfl\u00e4che<\/p>\n<\/li>\n<li data-start=\"928\" data-end=\"955\">\n<p data-start=\"930\" data-end=\"955\">Qualit\u00e4tskerze aus der EU<\/p>\n<\/li>\n<\/ul>\n<hr data-start=\"978\" data-end=\"981\" \/>\n<h3 data-start=\"983\" data-end=\"1011\">\ud83e\udd0d Regalino Styling-Tipp<\/h3>\n<p data-start=\"1012\" data-end=\"1142\">Besonders sch\u00f6n in Glas- oder Metallkerzenhaltern kombinier<\/p>\n<div class=\"product--description block\">\n<p>Lieferumfang: 1 Stabkerze<\/p>\n<\/div>\n","protected":false},"featured_media":17874,"template":"","meta":{"_et_pb_use_builder":"","_et_pb_old_content":"","_et_gb_content_width":""},"product_brand":[1851],"product_cat":[62,57,1608],"product_tag":[2441,2443,2444,1986,2440,2364,765,2442],"class_list":{"0":"post-17873","1":"product","2":"type-product","3":"status-publish","4":"has-post-thumbnail","6":"product_brand-ib-laursen","7":"product_cat-licht-lampen-kerzen-im-scandi-breton-stil-regalino","8":"product_cat-neu-eingetroffen-neue-lieblingsstuecke-bei-regalino","9":"product_cat-ostern-osterdeko-geschenkideen-regalino","10":"product_tag-kerze-23-cm","11":"product_tag-kerzen-deko","12":"product_tag-qualitaetskerze-eu","13":"product_tag-regalino","14":"product_tag-rustikale-kerze","15":"product_tag-skandinavischer-stil","16":"product_tag-stabkerze","17":"product_tag-tischkerze","19":"first","20":"instock","21":"taxable","22":"shipping-taxable","23":"purchasable","24":"product-type-simple"},"yoast_head":"<!-- This site is optimized with the Yoast SEO plugin v27.3 - https:\/\/yoast.com\/product\/yoast-seo-wordpress\/ -->\n<title>Stabkerze Celia *Graunatur* Rustikale Struktur - H 23 cm - Regalino -Lively Style<\/title>\n<meta name=\"description\" content=\"Rustikale Stabkerze Celia von Ib Laursen mit nat\u00fcrlicher Oberfl\u00e4che und 23 Stunden Brenndauer. Hochwertige EU-Qualit\u00e4tskerze f\u00fcr stilvolle Lichtmomente\" \/>\n<meta name=\"robots\" content=\"index, follow, max-snippet:-1, max-image-preview:large, max-video-preview:-1\" \/>\n<link rel=\"canonical\" href=\"https:\/\/Regalino-Shop.de\/?product=stabkerze-celia-23-cm-rustikale-kerze-o38-cm-regalino\" \/>\n<meta property=\"og:locale\" content=\"de_DE\" \/>\n<meta property=\"og:type\" content=\"article\" \/>\n<meta property=\"og:title\" content=\"Stabkerze Celia *Graunatur* Rustikale Struktur - H 23 cm - Regalino -Lively Style\" \/>\n<meta property=\"og:description\" content=\"Rustikale Stabkerze Celia von Ib Laursen mit nat\u00fcrlicher Oberfl\u00e4che und 23 Stunden Brenndauer. Hochwertige EU-Qualit\u00e4tskerze f\u00fcr stilvolle Lichtmomente\" \/>\n<meta property=\"og:url\" content=\"https:\/\/Regalino-Shop.de\/?product=stabkerze-celia-23-cm-rustikale-kerze-o38-cm-regalino\" \/>\n<meta property=\"og:site_name\" content=\"Regalino -Lively Style\" \/>\n<meta property=\"article:modified_time\" content=\"2026-03-04T15:18:14+00:00\" \/>\n<meta property=\"og:image\" content=\"https:\/\/Regalino-Shop.de\/wp-content\/uploads\/2026\/02\/78056-44.jpg\" \/>\n\t<meta property=\"og:image:width\" content=\"1400\" \/>\n\t<meta property=\"og:image:height\" content=\"1400\" \/>\n\t<meta property=\"og:image:type\" content=\"image\/jpeg\" \/>\n<meta name=\"twitter:card\" content=\"summary_large_image\" \/>\n<meta name=\"twitter:label1\" content=\"Gesch\u00e4tzte Lesezeit\" \/>\n\t<meta name=\"twitter:data1\" content=\"1\u00a0Minute\" \/>\n<script type=\"application\/ld+json\" class=\"yoast-schema-graph\">{\"@context\":\"https:\\\/\\\/schema.org\",\"@graph\":[{\"@type\":\"WebPage\",\"@id\":\"https:\\\/\\\/Regalino-Shop.de\\\/?product=stabkerze-celia-23-cm-rustikale-kerze-o38-cm-regalino\",\"url\":\"https:\\\/\\\/Regalino-Shop.de\\\/?product=stabkerze-celia-23-cm-rustikale-kerze-o38-cm-regalino\",\"name\":\"Stabkerze Celia *Graunatur* Rustikale Struktur - H 23 cm - Regalino -Lively Style\",\"isPartOf\":{\"@id\":\"https:\\\/\\\/Regalino-Shop.de\\\/#website\"},\"primaryImageOfPage\":{\"@id\":\"https:\\\/\\\/Regalino-Shop.de\\\/?product=stabkerze-celia-23-cm-rustikale-kerze-o38-cm-regalino#primaryimage\"},\"image\":{\"@id\":\"https:\\\/\\\/Regalino-Shop.de\\\/?product=stabkerze-celia-23-cm-rustikale-kerze-o38-cm-regalino#primaryimage\"},\"thumbnailUrl\":\"https:\\\/\\\/Regalino-Shop.de\\\/wp-content\\\/uploads\\\/2026\\\/02\\\/78056-44.jpg\",\"datePublished\":\"2026-02-22T17:13:14+00:00\",\"dateModified\":\"2026-03-04T15:18:14+00:00\",\"description\":\"Rustikale Stabkerze Celia von Ib Laursen mit nat\u00fcrlicher Oberfl\u00e4che und 23 Stunden Brenndauer. Hochwertige EU-Qualit\u00e4tskerze f\u00fcr stilvolle Lichtmomente\",\"breadcrumb\":{\"@id\":\"https:\\\/\\\/Regalino-Shop.de\\\/?product=stabkerze-celia-23-cm-rustikale-kerze-o38-cm-regalino#breadcrumb\"},\"inLanguage\":\"de\",\"potentialAction\":[{\"@type\":\"ReadAction\",\"target\":[\"https:\\\/\\\/Regalino-Shop.de\\\/?product=stabkerze-celia-23-cm-rustikale-kerze-o38-cm-regalino\"]}]},{\"@type\":\"ImageObject\",\"inLanguage\":\"de\",\"@id\":\"https:\\\/\\\/Regalino-Shop.de\\\/?product=stabkerze-celia-23-cm-rustikale-kerze-o38-cm-regalino#primaryimage\",\"url\":\"https:\\\/\\\/Regalino-Shop.de\\\/wp-content\\\/uploads\\\/2026\\\/02\\\/78056-44.jpg\",\"contentUrl\":\"https:\\\/\\\/Regalino-Shop.de\\\/wp-content\\\/uploads\\\/2026\\\/02\\\/78056-44.jpg\",\"width\":1400,\"height\":1400},{\"@type\":\"BreadcrumbList\",\"@id\":\"https:\\\/\\\/Regalino-Shop.de\\\/?product=stabkerze-celia-23-cm-rustikale-kerze-o38-cm-regalino#breadcrumb\",\"itemListElement\":[{\"@type\":\"ListItem\",\"position\":1,\"name\":\"Startseite\",\"item\":\"https:\\\/\\\/Regalino-Shop.de\\\/\"},{\"@type\":\"ListItem\",\"position\":2,\"name\":\"Shop\",\"item\":\"https:\\\/\\\/Regalino-Shop.de\\\/?page_id=40\"},{\"@type\":\"ListItem\",\"position\":3,\"name\":\"Stabkerze Celia *Graunatur* Rustikale Struktur &#8211; H 23 cm\"}]},{\"@type\":\"WebSite\",\"@id\":\"https:\\\/\\\/Regalino-Shop.de\\\/#website\",\"url\":\"https:\\\/\\\/Regalino-Shop.de\\\/\",\"name\":\"Regalino -Lively Style\",\"description\":\"gelebtes Zuhause\",\"potentialAction\":[{\"@type\":\"SearchAction\",\"target\":{\"@type\":\"EntryPoint\",\"urlTemplate\":\"https:\\\/\\\/Regalino-Shop.de\\\/?s={search_term_string}\"},\"query-input\":{\"@type\":\"PropertyValueSpecification\",\"valueRequired\":true,\"valueName\":\"search_term_string\"}}],\"inLanguage\":\"de\"}]}<\/script>\n<!-- \/ Yoast SEO plugin. -->","yoast_head_json":{"title":"Stabkerze Celia *Graunatur* Rustikale Struktur - H 23 cm - Regalino -Lively Style","description":"Rustikale Stabkerze Celia von Ib Laursen mit nat\u00fcrlicher Oberfl\u00e4che und 23 Stunden Brenndauer. Hochwertige EU-Qualit\u00e4tskerze f\u00fcr stilvolle Lichtmomente","robots":{"index":"index","follow":"follow","max-snippet":"max-snippet:-1","max-image-preview":"max-image-preview:large","max-video-preview":"max-video-preview:-1"},"canonical":"https:\/\/Regalino-Shop.de\/?product=stabkerze-celia-23-cm-rustikale-kerze-o38-cm-regalino","og_locale":"de_DE","og_type":"article","og_title":"Stabkerze Celia *Graunatur* Rustikale Struktur - H 23 cm - Regalino -Lively Style","og_description":"Rustikale Stabkerze Celia von Ib Laursen mit nat\u00fcrlicher Oberfl\u00e4che und 23 Stunden Brenndauer. Hochwertige EU-Qualit\u00e4tskerze f\u00fcr stilvolle Lichtmomente","og_url":"https:\/\/Regalino-Shop.de\/?product=stabkerze-celia-23-cm-rustikale-kerze-o38-cm-regalino","og_site_name":"Regalino -Lively Style","article_modified_time":"2026-03-04T15:18:14+00:00","og_image":[{"width":1400,"height":1400,"url":"https:\/\/Regalino-Shop.de\/wp-content\/uploads\/2026\/02\/78056-44.jpg","type":"image\/jpeg"}],"twitter_card":"summary_large_image","twitter_misc":{"Gesch\u00e4tzte Lesezeit":"1\u00a0Minute"},"schema":{"@context":"https:\/\/schema.org","@graph":[{"@type":"WebPage","@id":"https:\/\/Regalino-Shop.de\/?product=stabkerze-celia-23-cm-rustikale-kerze-o38-cm-regalino","url":"https:\/\/Regalino-Shop.de\/?product=stabkerze-celia-23-cm-rustikale-kerze-o38-cm-regalino","name":"Stabkerze Celia *Graunatur* Rustikale Struktur - H 23 cm - Regalino -Lively Style","isPartOf":{"@id":"https:\/\/Regalino-Shop.de\/#website"},"primaryImageOfPage":{"@id":"https:\/\/Regalino-Shop.de\/?product=stabkerze-celia-23-cm-rustikale-kerze-o38-cm-regalino#primaryimage"},"image":{"@id":"https:\/\/Regalino-Shop.de\/?product=stabkerze-celia-23-cm-rustikale-kerze-o38-cm-regalino#primaryimage"},"thumbnailUrl":"https:\/\/Regalino-Shop.de\/wp-content\/uploads\/2026\/02\/78056-44.jpg","datePublished":"2026-02-22T17:13:14+00:00","dateModified":"2026-03-04T15:18:14+00:00","description":"Rustikale Stabkerze Celia von Ib Laursen mit nat\u00fcrlicher Oberfl\u00e4che und 23 Stunden Brenndauer. Hochwertige EU-Qualit\u00e4tskerze f\u00fcr stilvolle Lichtmomente","breadcrumb":{"@id":"https:\/\/Regalino-Shop.de\/?product=stabkerze-celia-23-cm-rustikale-kerze-o38-cm-regalino#breadcrumb"},"inLanguage":"de","potentialAction":[{"@type":"ReadAction","target":["https:\/\/Regalino-Shop.de\/?product=stabkerze-celia-23-cm-rustikale-kerze-o38-cm-regalino"]}]},{"@type":"ImageObject","inLanguage":"de","@id":"https:\/\/Regalino-Shop.de\/?product=stabkerze-celia-23-cm-rustikale-kerze-o38-cm-regalino#primaryimage","url":"https:\/\/Regalino-Shop.de\/wp-content\/uploads\/2026\/02\/78056-44.jpg","contentUrl":"https:\/\/Regalino-Shop.de\/wp-content\/uploads\/2026\/02\/78056-44.jpg","width":1400,"height":1400},{"@type":"BreadcrumbList","@id":"https:\/\/Regalino-Shop.de\/?product=stabkerze-celia-23-cm-rustikale-kerze-o38-cm-regalino#breadcrumb","itemListElement":[{"@type":"ListItem","position":1,"name":"Startseite","item":"https:\/\/Regalino-Shop.de\/"},{"@type":"ListItem","position":2,"name":"Shop","item":"https:\/\/Regalino-Shop.de\/?page_id=40"},{"@type":"ListItem","position":3,"name":"Stabkerze Celia *Graunatur* Rustikale Struktur &#8211; H 23 cm"}]},{"@type":"WebSite","@id":"https:\/\/Regalino-Shop.de\/#website","url":"https:\/\/Regalino-Shop.de\/","name":"Regalino -Lively Style","description":"gelebtes Zuhause","potentialAction":[{"@type":"SearchAction","target":{"@type":"EntryPoint","urlTemplate":"https:\/\/Regalino-Shop.de\/?s={search_term_string}"},"query-input":{"@type":"PropertyValueSpecification","valueRequired":true,"valueName":"search_term_string"}}],"inLanguage":"de"}]}},"_links":{"self":[{"href":"https:\/\/Regalino-Shop.de\/index.php?rest_route=\/wp\/v2\/product\/17873","targetHints":{"allow":["GET"]}}],"collection":[{"href":"https:\/\/Regalino-Shop.de\/index.php?rest_route=\/wp\/v2\/product"}],"about":[{"href":"https:\/\/Regalino-Shop.de\/index.php?rest_route=\/wp\/v2\/types\/product"}],"wp:featuredmedia":[{"embeddable":true,"href":"https:\/\/Regalino-Shop.de\/index.php?rest_route=\/wp\/v2\/media\/17874"}],"wp:attachment":[{"href":"https:\/\/Regalino-Shop.de\/index.php?rest_route=%2Fwp%2Fv2%2Fmedia&parent=17873"}],"wp:term":[{"taxonomy":"product_brand","embeddable":true,"href":"https:\/\/Regalino-Shop.de\/index.php?rest_route=%2Fwp%2Fv2%2Fproduct_brand&post=17873"},{"taxonomy":"product_cat","embeddable":true,"href":"https:\/\/Regalino-Shop.de\/index.php?rest_route=%2Fwp%2Fv2%2Fproduct_cat&post=17873"},{"taxonomy":"product_tag","embeddable":true,"href":"https:\/\/Regalino-Shop.de\/index.php?rest_route=%2Fwp%2Fv2%2Fproduct_tag&post=17873"}],"curies":[{"name":"wp","href":"https:\/\/api.w.org\/{rel}","templated":true}]}}