{"id":17881,"date":"2026-02-22T18:11:15","date_gmt":"2026-02-22T18:11:15","guid":{"rendered":"https:\/\/Regalino-Shop.de\/?post_type=product&#038;p=17881"},"modified":"2026-04-08T08:35:46","modified_gmt":"2026-04-08T08:35:46","slug":"magnetischer-kerzenhalter-metall-o22-cm-kerzenhalter-mit-magnet-regalino","status":"publish","type":"product","link":"https:\/\/Regalino-Shop.de\/?product=magnetischer-kerzenhalter-metall-o22-cm-kerzenhalter-mit-magnet-regalino","title":{"rendered":"Kerzenhalter f. \u00d82,2cm Kerze magnetisch"},"content":{"rendered":"","protected":false},"excerpt":{"rendered":"<h3 data-start=\"158\" data-end=\"195\">Klein im Format, gro\u00df in der Wirkung<\/h3>\n<p data-start=\"197\" data-end=\"482\">Dieser <strong data-start=\"204\" data-end=\"243\">magnetische Kerzenhalter aus Metall<\/strong> sorgt f\u00fcr sicheren Halt und maximale Flexibilit\u00e4t beim Dekorieren. Der integrierte Magnet im Boden fixiert den Halter zuverl\u00e4ssig auf Metalltabletts, Schalen oder in Laternen und erm\u00f6glicht immer neue Arrangements \u2014 ganz ohne Verrutschen.<\/p>\n<p data-start=\"484\" data-end=\"593\">Die schlichte Form unterstreicht den ruhigen, nordischen Look und l\u00e4sst Kerzen und Dekoration bewusst wirken.<\/p>\n<p data-start=\"595\" data-end=\"682\">Ein funktionales Detail, das Dekoration einfacher und sch\u00f6ner macht<\/p>\n<hr data-start=\"684\" data-end=\"687\" \/>\n<h3 data-start=\"689\" data-end=\"702\">Details<\/h3>\n<ul data-start=\"703\" data-end=\"879\">\n<li data-start=\"703\" data-end=\"739\">\n<p data-start=\"705\" data-end=\"739\">Material: Metall mit Magnetboden<\/p>\n<\/li>\n<li data-start=\"740\" data-end=\"771\">\n<p data-start=\"742\" data-end=\"771\">Ma\u00dfe: <strong data-start=\"748\" data-end=\"769\">H 3,3 cm | \u00d8 2,3 cm<\/strong><\/p>\n<\/li>\n<li data-start=\"772\" data-end=\"811\">\n<p data-start=\"774\" data-end=\"811\">stabiler Halt auf Metalloberfl\u00e4chen<\/p>\n<\/li>\n<li data-start=\"812\" data-end=\"854\">\n<p data-start=\"814\" data-end=\"854\">ideal f\u00fcr Tabletts, Schalen &amp; Laternen<\/p>\n<\/li>\n<li data-start=\"855\" data-end=\"879\">\n<p data-start=\"857\" data-end=\"879\">flexibel platzierbar<\/p>\n<\/li>\n<\/ul>\n<hr data-start=\"881\" data-end=\"884\" \/>\n<h3 data-start=\"886\" data-end=\"914\">\ud83e\udd0d Regalino Styling-Tipp<\/h3>\n<p data-start=\"915\" data-end=\"1044\">Perfekt auf Metalltabletts mit mehreren Kerzen kombiniert. Besonders sch\u00f6n wirken Gruppen aus unterschiedlichen H\u00f6hen und Farben<\/p>\n<div class=\"product--description block\">\n<p>Lieferumfang: 1 Kerzenhalter<\/p>\n<\/div>\n","protected":false},"featured_media":18848,"template":"","meta":{"_et_pb_use_builder":"","_et_pb_old_content":"","_et_gb_content_width":""},"product_brand":[1851],"product_cat":[62,57,1608],"product_tag":[1016,2445,2447,2446,2334,1986,2448],"class_list":{"0":"post-17881","1":"product","2":"type-product","3":"status-publish","4":"has-post-thumbnail","6":"product_brand-ib-laursen","7":"product_cat-licht-lampen-kerzen-im-scandi-breton-stil-regalino","8":"product_cat-neu-eingetroffen-neue-lieblingsstuecke-bei-regalino","9":"product_cat-ostern-osterdeko-geschenkideen-regalino","10":"product_tag-kerzendeko","11":"product_tag-kerzenhalter-magnet","12":"product_tag-kerzenhalter-metall","13":"product_tag-magnetischer-kerzenhalter","14":"product_tag-nordischer-stil","15":"product_tag-regalino","16":"product_tag-tablett-dekoration","18":"first","19":"instock","20":"taxable","21":"shipping-taxable","22":"purchasable","23":"product-type-simple"},"yoast_head":"<!-- This site is optimized with the Yoast SEO plugin v27.3 - https:\/\/yoast.com\/product\/yoast-seo-wordpress\/ -->\n<title>Kerzenhalter f. \u00d82,2cm Kerze magnetisch - Regalino -Lively Style<\/title>\n<meta name=\"description\" content=\"Praktischer Kerzenhalter aus Metall mit Magnetboden. Sicherer Halt auf Tabletts, Schalen und Laternen f\u00fcr flexible Dekoration - von Ib Laursen\" \/>\n<meta name=\"robots\" content=\"index, follow, max-snippet:-1, max-image-preview:large, max-video-preview:-1\" \/>\n<link rel=\"canonical\" href=\"https:\/\/Regalino-Shop.de\/?product=magnetischer-kerzenhalter-metall-o22-cm-kerzenhalter-mit-magnet-regalino\" \/>\n<meta property=\"og:locale\" content=\"de_DE\" \/>\n<meta property=\"og:type\" content=\"article\" \/>\n<meta property=\"og:title\" content=\"Kerzenhalter f. \u00d82,2cm Kerze magnetisch - Regalino -Lively Style\" \/>\n<meta property=\"og:description\" content=\"Praktischer Kerzenhalter aus Metall mit Magnetboden. Sicherer Halt auf Tabletts, Schalen und Laternen f\u00fcr flexible Dekoration - von Ib Laursen\" \/>\n<meta property=\"og:url\" content=\"https:\/\/Regalino-Shop.de\/?product=magnetischer-kerzenhalter-metall-o22-cm-kerzenhalter-mit-magnet-regalino\" \/>\n<meta property=\"og:site_name\" content=\"Regalino -Lively Style\" \/>\n<meta property=\"article:modified_time\" content=\"2026-04-08T08:35:46+00:00\" \/>\n<meta property=\"og:image\" content=\"https:\/\/Regalino-Shop.de\/wp-content\/uploads\/2026\/02\/Ib-laursen-Kerzenhalter-magnetisch-Stabkerzen-Metall.webp\" \/>\n\t<meta property=\"og:image:width\" content=\"1024\" \/>\n\t<meta property=\"og:image:height\" content=\"1024\" \/>\n\t<meta property=\"og:image:type\" content=\"image\/webp\" \/>\n<meta name=\"twitter:card\" content=\"summary_large_image\" \/>\n<meta name=\"twitter:label1\" content=\"Gesch\u00e4tzte Lesezeit\" \/>\n\t<meta name=\"twitter:data1\" content=\"1\u00a0Minute\" \/>\n<script type=\"application\/ld+json\" class=\"yoast-schema-graph\">{\"@context\":\"https:\\\/\\\/schema.org\",\"@graph\":[{\"@type\":\"WebPage\",\"@id\":\"https:\\\/\\\/Regalino-Shop.de\\\/?product=magnetischer-kerzenhalter-metall-o22-cm-kerzenhalter-mit-magnet-regalino\",\"url\":\"https:\\\/\\\/Regalino-Shop.de\\\/?product=magnetischer-kerzenhalter-metall-o22-cm-kerzenhalter-mit-magnet-regalino\",\"name\":\"Kerzenhalter f. \u00d82,2cm Kerze magnetisch - Regalino -Lively Style\",\"isPartOf\":{\"@id\":\"https:\\\/\\\/Regalino-Shop.de\\\/#website\"},\"primaryImageOfPage\":{\"@id\":\"https:\\\/\\\/Regalino-Shop.de\\\/?product=magnetischer-kerzenhalter-metall-o22-cm-kerzenhalter-mit-magnet-regalino#primaryimage\"},\"image\":{\"@id\":\"https:\\\/\\\/Regalino-Shop.de\\\/?product=magnetischer-kerzenhalter-metall-o22-cm-kerzenhalter-mit-magnet-regalino#primaryimage\"},\"thumbnailUrl\":\"https:\\\/\\\/Regalino-Shop.de\\\/wp-content\\\/uploads\\\/2026\\\/02\\\/Ib-laursen-Kerzenhalter-magnetisch-Stabkerzen-Metall.webp\",\"datePublished\":\"2026-02-22T18:11:15+00:00\",\"dateModified\":\"2026-04-08T08:35:46+00:00\",\"description\":\"Praktischer Kerzenhalter aus Metall mit Magnetboden. Sicherer Halt auf Tabletts, Schalen und Laternen f\u00fcr flexible Dekoration - von Ib Laursen\",\"breadcrumb\":{\"@id\":\"https:\\\/\\\/Regalino-Shop.de\\\/?product=magnetischer-kerzenhalter-metall-o22-cm-kerzenhalter-mit-magnet-regalino#breadcrumb\"},\"inLanguage\":\"de\",\"potentialAction\":[{\"@type\":\"ReadAction\",\"target\":[\"https:\\\/\\\/Regalino-Shop.de\\\/?product=magnetischer-kerzenhalter-metall-o22-cm-kerzenhalter-mit-magnet-regalino\"]}]},{\"@type\":\"ImageObject\",\"inLanguage\":\"de\",\"@id\":\"https:\\\/\\\/Regalino-Shop.de\\\/?product=magnetischer-kerzenhalter-metall-o22-cm-kerzenhalter-mit-magnet-regalino#primaryimage\",\"url\":\"https:\\\/\\\/Regalino-Shop.de\\\/wp-content\\\/uploads\\\/2026\\\/02\\\/Ib-laursen-Kerzenhalter-magnetisch-Stabkerzen-Metall.webp\",\"contentUrl\":\"https:\\\/\\\/Regalino-Shop.de\\\/wp-content\\\/uploads\\\/2026\\\/02\\\/Ib-laursen-Kerzenhalter-magnetisch-Stabkerzen-Metall.webp\",\"width\":1024,\"height\":1024,\"caption\":\"Schlichter magnetischer Kerzenhalter aus Metall von Ib Laursen auf rundem Tablett mit Stabkerze und Olivenzweigen\"},{\"@type\":\"BreadcrumbList\",\"@id\":\"https:\\\/\\\/Regalino-Shop.de\\\/?product=magnetischer-kerzenhalter-metall-o22-cm-kerzenhalter-mit-magnet-regalino#breadcrumb\",\"itemListElement\":[{\"@type\":\"ListItem\",\"position\":1,\"name\":\"Startseite\",\"item\":\"https:\\\/\\\/Regalino-Shop.de\\\/\"},{\"@type\":\"ListItem\",\"position\":2,\"name\":\"Shop\",\"item\":\"https:\\\/\\\/Regalino-Shop.de\\\/?page_id=40\"},{\"@type\":\"ListItem\",\"position\":3,\"name\":\"Kerzenhalter f. \u00d82,2cm Kerze magnetisch\"}]},{\"@type\":\"WebSite\",\"@id\":\"https:\\\/\\\/Regalino-Shop.de\\\/#website\",\"url\":\"https:\\\/\\\/Regalino-Shop.de\\\/\",\"name\":\"Regalino -Lively Style\",\"description\":\"gelebtes Zuhause\",\"potentialAction\":[{\"@type\":\"SearchAction\",\"target\":{\"@type\":\"EntryPoint\",\"urlTemplate\":\"https:\\\/\\\/Regalino-Shop.de\\\/?s={search_term_string}\"},\"query-input\":{\"@type\":\"PropertyValueSpecification\",\"valueRequired\":true,\"valueName\":\"search_term_string\"}}],\"inLanguage\":\"de\"}]}<\/script>\n<!-- \/ Yoast SEO plugin. -->","yoast_head_json":{"title":"Kerzenhalter f. \u00d82,2cm Kerze magnetisch - Regalino -Lively Style","description":"Praktischer Kerzenhalter aus Metall mit Magnetboden. Sicherer Halt auf Tabletts, Schalen und Laternen f\u00fcr flexible Dekoration - von Ib Laursen","robots":{"index":"index","follow":"follow","max-snippet":"max-snippet:-1","max-image-preview":"max-image-preview:large","max-video-preview":"max-video-preview:-1"},"canonical":"https:\/\/Regalino-Shop.de\/?product=magnetischer-kerzenhalter-metall-o22-cm-kerzenhalter-mit-magnet-regalino","og_locale":"de_DE","og_type":"article","og_title":"Kerzenhalter f. \u00d82,2cm Kerze magnetisch - Regalino -Lively Style","og_description":"Praktischer Kerzenhalter aus Metall mit Magnetboden. Sicherer Halt auf Tabletts, Schalen und Laternen f\u00fcr flexible Dekoration - von Ib Laursen","og_url":"https:\/\/Regalino-Shop.de\/?product=magnetischer-kerzenhalter-metall-o22-cm-kerzenhalter-mit-magnet-regalino","og_site_name":"Regalino -Lively Style","article_modified_time":"2026-04-08T08:35:46+00:00","og_image":[{"width":1024,"height":1024,"url":"https:\/\/Regalino-Shop.de\/wp-content\/uploads\/2026\/02\/Ib-laursen-Kerzenhalter-magnetisch-Stabkerzen-Metall.webp","type":"image\/webp"}],"twitter_card":"summary_large_image","twitter_misc":{"Gesch\u00e4tzte Lesezeit":"1\u00a0Minute"},"schema":{"@context":"https:\/\/schema.org","@graph":[{"@type":"WebPage","@id":"https:\/\/Regalino-Shop.de\/?product=magnetischer-kerzenhalter-metall-o22-cm-kerzenhalter-mit-magnet-regalino","url":"https:\/\/Regalino-Shop.de\/?product=magnetischer-kerzenhalter-metall-o22-cm-kerzenhalter-mit-magnet-regalino","name":"Kerzenhalter f. \u00d82,2cm Kerze magnetisch - Regalino -Lively Style","isPartOf":{"@id":"https:\/\/Regalino-Shop.de\/#website"},"primaryImageOfPage":{"@id":"https:\/\/Regalino-Shop.de\/?product=magnetischer-kerzenhalter-metall-o22-cm-kerzenhalter-mit-magnet-regalino#primaryimage"},"image":{"@id":"https:\/\/Regalino-Shop.de\/?product=magnetischer-kerzenhalter-metall-o22-cm-kerzenhalter-mit-magnet-regalino#primaryimage"},"thumbnailUrl":"https:\/\/Regalino-Shop.de\/wp-content\/uploads\/2026\/02\/Ib-laursen-Kerzenhalter-magnetisch-Stabkerzen-Metall.webp","datePublished":"2026-02-22T18:11:15+00:00","dateModified":"2026-04-08T08:35:46+00:00","description":"Praktischer Kerzenhalter aus Metall mit Magnetboden. Sicherer Halt auf Tabletts, Schalen und Laternen f\u00fcr flexible Dekoration - von Ib Laursen","breadcrumb":{"@id":"https:\/\/Regalino-Shop.de\/?product=magnetischer-kerzenhalter-metall-o22-cm-kerzenhalter-mit-magnet-regalino#breadcrumb"},"inLanguage":"de","potentialAction":[{"@type":"ReadAction","target":["https:\/\/Regalino-Shop.de\/?product=magnetischer-kerzenhalter-metall-o22-cm-kerzenhalter-mit-magnet-regalino"]}]},{"@type":"ImageObject","inLanguage":"de","@id":"https:\/\/Regalino-Shop.de\/?product=magnetischer-kerzenhalter-metall-o22-cm-kerzenhalter-mit-magnet-regalino#primaryimage","url":"https:\/\/Regalino-Shop.de\/wp-content\/uploads\/2026\/02\/Ib-laursen-Kerzenhalter-magnetisch-Stabkerzen-Metall.webp","contentUrl":"https:\/\/Regalino-Shop.de\/wp-content\/uploads\/2026\/02\/Ib-laursen-Kerzenhalter-magnetisch-Stabkerzen-Metall.webp","width":1024,"height":1024,"caption":"Schlichter magnetischer Kerzenhalter aus Metall von Ib Laursen auf rundem Tablett mit Stabkerze und Olivenzweigen"},{"@type":"BreadcrumbList","@id":"https:\/\/Regalino-Shop.de\/?product=magnetischer-kerzenhalter-metall-o22-cm-kerzenhalter-mit-magnet-regalino#breadcrumb","itemListElement":[{"@type":"ListItem","position":1,"name":"Startseite","item":"https:\/\/Regalino-Shop.de\/"},{"@type":"ListItem","position":2,"name":"Shop","item":"https:\/\/Regalino-Shop.de\/?page_id=40"},{"@type":"ListItem","position":3,"name":"Kerzenhalter f. \u00d82,2cm Kerze magnetisch"}]},{"@type":"WebSite","@id":"https:\/\/Regalino-Shop.de\/#website","url":"https:\/\/Regalino-Shop.de\/","name":"Regalino -Lively Style","description":"gelebtes Zuhause","potentialAction":[{"@type":"SearchAction","target":{"@type":"EntryPoint","urlTemplate":"https:\/\/Regalino-Shop.de\/?s={search_term_string}"},"query-input":{"@type":"PropertyValueSpecification","valueRequired":true,"valueName":"search_term_string"}}],"inLanguage":"de"}]}},"_links":{"self":[{"href":"https:\/\/Regalino-Shop.de\/index.php?rest_route=\/wp\/v2\/product\/17881","targetHints":{"allow":["GET"]}}],"collection":[{"href":"https:\/\/Regalino-Shop.de\/index.php?rest_route=\/wp\/v2\/product"}],"about":[{"href":"https:\/\/Regalino-Shop.de\/index.php?rest_route=\/wp\/v2\/types\/product"}],"wp:featuredmedia":[{"embeddable":true,"href":"https:\/\/Regalino-Shop.de\/index.php?rest_route=\/wp\/v2\/media\/18848"}],"wp:attachment":[{"href":"https:\/\/Regalino-Shop.de\/index.php?rest_route=%2Fwp%2Fv2%2Fmedia&parent=17881"}],"wp:term":[{"taxonomy":"product_brand","embeddable":true,"href":"https:\/\/Regalino-Shop.de\/index.php?rest_route=%2Fwp%2Fv2%2Fproduct_brand&post=17881"},{"taxonomy":"product_cat","embeddable":true,"href":"https:\/\/Regalino-Shop.de\/index.php?rest_route=%2Fwp%2Fv2%2Fproduct_cat&post=17881"},{"taxonomy":"product_tag","embeddable":true,"href":"https:\/\/Regalino-Shop.de\/index.php?rest_route=%2Fwp%2Fv2%2Fproduct_tag&post=17881"}],"curies":[{"name":"wp","href":"https:\/\/api.w.org\/{rel}","templated":true}]}}