{"id":17893,"date":"2026-02-22T20:14:08","date_gmt":"2026-02-22T20:14:08","guid":{"rendered":"https:\/\/Regalino-Shop.de\/?post_type=product&#038;p=17893"},"modified":"2026-03-20T15:33:58","modified_gmt":"2026-03-20T15:33:58","slug":"meta-titel-papierservietten-40x40-cm-design-servietten-regalino","status":"publish","type":"product","link":"https:\/\/Regalino-Shop.de\/?product=meta-titel-papierservietten-40x40-cm-design-servietten-regalino","title":{"rendered":"Papierservietten *Blaue Blumen*"},"content":{"rendered":"","protected":false},"excerpt":{"rendered":"<p data-start=\"178\" data-end=\"220\">Sch\u00f6ne Details machen den Tisch besonders.<\/p>\n<p data-start=\"222\" data-end=\"512\">Diese <strong data-start=\"228\" data-end=\"248\">Papierservietten<\/strong> vereinen praktische Alltagstauglichkeit mit liebevoll gestaltetem Design. Jedes Motiv stammt aus der eigenen Designkollektion und wurde von einer Inhouse-Designerin entworfen \u2014 dadurch entsteht eine ruhige, individuelle Tischdekoration mit pers\u00f6nlichem Charakter.<\/p>\n<p data-start=\"514\" data-end=\"588\">Ideal f\u00fcr Fr\u00fchst\u00fcck, Kaffeetafel oder festlich gedeckte Momente im Alltag.<\/p>\n<p data-start=\"590\" data-end=\"649\">Leicht, unkompliziert und immer passend<\/p>\n<hr data-start=\"651\" data-end=\"654\" \/>\n<h3 data-start=\"656\" data-end=\"669\">Details<\/h3>\n<ul data-start=\"670\" data-end=\"832\">\n<li data-start=\"670\" data-end=\"690\">\n<p data-start=\"672\" data-end=\"690\">Material: Papier<\/p>\n<\/li>\n<li data-start=\"670\" data-end=\"690\">Inhalt: 16 St\u00fcck<\/li>\n<li data-start=\"691\" data-end=\"714\">\n<p data-start=\"693\" data-end=\"714\">Gr\u00f6\u00dfe: <strong data-start=\"700\" data-end=\"714\">40 \u00d7 40 cm<\/strong><\/p>\n<\/li>\n<li data-start=\"715\" data-end=\"761\">\n<p data-start=\"717\" data-end=\"761\">gefaltet: <strong data-start=\"727\" data-end=\"741\">20 \u00d7 20 cm<\/strong><\/p>\n<\/li>\n<li data-start=\"762\" data-end=\"795\">\n<p data-start=\"764\" data-end=\"795\">Design aus eigener Kollektion<\/p>\n<\/li>\n<li data-start=\"796\" data-end=\"832\">\n<p data-start=\"798\" data-end=\"832\">vielseitig f\u00fcr Alltag &amp; Festtage<\/p>\n<\/li>\n<\/ul>\n<hr data-start=\"834\" data-end=\"837\" \/>\n<h3 data-start=\"839\" data-end=\"867\">\ud83e\udd0d Regalino Styling-Tipp<\/h3>\n<p data-start=\"868\" data-end=\"1005\">Besonders sch\u00f6n kombiniert mit Kerzen, Naturleinen und schlichten Keramikst\u00fccken \u2014 sorgt sofort f\u00fcr eine ruhige, nordische Tischstimmung<\/p>\n<div class=\"product--description block\">\n<p>Lieferumfang: 1 Packung Servietten<\/p>\n<\/div>\n","protected":false},"featured_media":17894,"template":"","meta":{"_et_pb_use_builder":"","_et_pb_old_content":"","_et_gb_content_width":""},"product_brand":[1851],"product_cat":[80,57],"product_tag":[2461,736,1986,2460,2458,2462,2459],"class_list":{"0":"post-17893","1":"product","2":"type-product","3":"status-publish","4":"has-post-thumbnail","6":"product_brand-ib-laursen","7":"product_cat-kueche-servieren-im-scandi-breton-stil-regalino","8":"product_cat-neu-eingetroffen-neue-lieblingsstuecke-bei-regalino","9":"product_tag-nordische-tischdekoration","10":"product_tag-papierservietten","11":"product_tag-regalino","12":"product_tag-servietten-40x40","13":"product_tag-servietten-design","14":"product_tag-servietten-papier","15":"product_tag-tischdeko-servietten","17":"first","18":"instock","19":"taxable","20":"shipping-taxable","21":"purchasable","22":"product-type-simple"},"yoast_head":"<!-- This site is optimized with the Yoast SEO plugin v27.3 - https:\/\/yoast.com\/product\/yoast-seo-wordpress\/ -->\n<title>Papierservietten *Blaue Blumen* - Regalino -Lively Style<\/title>\n<meta name=\"description\" content=\"Papierservietten 40\u00d740 cm mit blauen Blumen von Ib Laursen. Stilvolle Tischdekoration f\u00fcr Alltag, Fr\u00fchst\u00fcck oder festliche Anl\u00e4sse\" \/>\n<meta name=\"robots\" content=\"index, follow, max-snippet:-1, max-image-preview:large, max-video-preview:-1\" \/>\n<link rel=\"canonical\" href=\"https:\/\/Regalino-Shop.de\/?product=meta-titel-papierservietten-40x40-cm-design-servietten-regalino\" \/>\n<meta property=\"og:locale\" content=\"de_DE\" \/>\n<meta property=\"og:type\" content=\"article\" \/>\n<meta property=\"og:title\" content=\"Papierservietten *Blaue Blumen* - Regalino -Lively Style\" \/>\n<meta property=\"og:description\" content=\"Papierservietten 40\u00d740 cm mit blauen Blumen von Ib Laursen. Stilvolle Tischdekoration f\u00fcr Alltag, Fr\u00fchst\u00fcck oder festliche Anl\u00e4sse\" \/>\n<meta property=\"og:url\" content=\"https:\/\/Regalino-Shop.de\/?product=meta-titel-papierservietten-40x40-cm-design-servietten-regalino\" \/>\n<meta property=\"og:site_name\" content=\"Regalino -Lively Style\" \/>\n<meta property=\"article:modified_time\" content=\"2026-03-20T15:33:58+00:00\" \/>\n<meta property=\"og:image\" content=\"https:\/\/Regalino-Shop.de\/wp-content\/uploads\/2026\/02\/95870-26.jpg\" \/>\n\t<meta property=\"og:image:width\" content=\"1400\" \/>\n\t<meta property=\"og:image:height\" content=\"1400\" \/>\n\t<meta property=\"og:image:type\" content=\"image\/jpeg\" \/>\n<meta name=\"twitter:card\" content=\"summary_large_image\" \/>\n<meta name=\"twitter:label1\" content=\"Gesch\u00e4tzte Lesezeit\" \/>\n\t<meta name=\"twitter:data1\" content=\"1\u00a0Minute\" \/>\n<script type=\"application\/ld+json\" class=\"yoast-schema-graph\">{\"@context\":\"https:\\\/\\\/schema.org\",\"@graph\":[{\"@type\":\"WebPage\",\"@id\":\"https:\\\/\\\/Regalino-Shop.de\\\/?product=meta-titel-papierservietten-40x40-cm-design-servietten-regalino\",\"url\":\"https:\\\/\\\/Regalino-Shop.de\\\/?product=meta-titel-papierservietten-40x40-cm-design-servietten-regalino\",\"name\":\"Papierservietten *Blaue Blumen* - Regalino -Lively Style\",\"isPartOf\":{\"@id\":\"https:\\\/\\\/Regalino-Shop.de\\\/#website\"},\"primaryImageOfPage\":{\"@id\":\"https:\\\/\\\/Regalino-Shop.de\\\/?product=meta-titel-papierservietten-40x40-cm-design-servietten-regalino#primaryimage\"},\"image\":{\"@id\":\"https:\\\/\\\/Regalino-Shop.de\\\/?product=meta-titel-papierservietten-40x40-cm-design-servietten-regalino#primaryimage\"},\"thumbnailUrl\":\"https:\\\/\\\/Regalino-Shop.de\\\/wp-content\\\/uploads\\\/2026\\\/02\\\/95870-26.jpg\",\"datePublished\":\"2026-02-22T20:14:08+00:00\",\"dateModified\":\"2026-03-20T15:33:58+00:00\",\"description\":\"Papierservietten 40\u00d740 cm mit blauen Blumen von Ib Laursen. Stilvolle Tischdekoration f\u00fcr Alltag, Fr\u00fchst\u00fcck oder festliche Anl\u00e4sse\",\"breadcrumb\":{\"@id\":\"https:\\\/\\\/Regalino-Shop.de\\\/?product=meta-titel-papierservietten-40x40-cm-design-servietten-regalino#breadcrumb\"},\"inLanguage\":\"de\",\"potentialAction\":[{\"@type\":\"ReadAction\",\"target\":[\"https:\\\/\\\/Regalino-Shop.de\\\/?product=meta-titel-papierservietten-40x40-cm-design-servietten-regalino\"]}]},{\"@type\":\"ImageObject\",\"inLanguage\":\"de\",\"@id\":\"https:\\\/\\\/Regalino-Shop.de\\\/?product=meta-titel-papierservietten-40x40-cm-design-servietten-regalino#primaryimage\",\"url\":\"https:\\\/\\\/Regalino-Shop.de\\\/wp-content\\\/uploads\\\/2026\\\/02\\\/95870-26.jpg\",\"contentUrl\":\"https:\\\/\\\/Regalino-Shop.de\\\/wp-content\\\/uploads\\\/2026\\\/02\\\/95870-26.jpg\",\"width\":1400,\"height\":1400,\"caption\":\"Design Papierservietten 40x40 cm f\u00fcr eine stilvolle nordische Tischdekoration\"},{\"@type\":\"BreadcrumbList\",\"@id\":\"https:\\\/\\\/Regalino-Shop.de\\\/?product=meta-titel-papierservietten-40x40-cm-design-servietten-regalino#breadcrumb\",\"itemListElement\":[{\"@type\":\"ListItem\",\"position\":1,\"name\":\"Startseite\",\"item\":\"https:\\\/\\\/Regalino-Shop.de\\\/\"},{\"@type\":\"ListItem\",\"position\":2,\"name\":\"Shop\",\"item\":\"https:\\\/\\\/Regalino-Shop.de\\\/?page_id=40\"},{\"@type\":\"ListItem\",\"position\":3,\"name\":\"Papierservietten *Blaue Blumen*\"}]},{\"@type\":\"WebSite\",\"@id\":\"https:\\\/\\\/Regalino-Shop.de\\\/#website\",\"url\":\"https:\\\/\\\/Regalino-Shop.de\\\/\",\"name\":\"Regalino -Lively Style\",\"description\":\"gelebtes Zuhause\",\"potentialAction\":[{\"@type\":\"SearchAction\",\"target\":{\"@type\":\"EntryPoint\",\"urlTemplate\":\"https:\\\/\\\/Regalino-Shop.de\\\/?s={search_term_string}\"},\"query-input\":{\"@type\":\"PropertyValueSpecification\",\"valueRequired\":true,\"valueName\":\"search_term_string\"}}],\"inLanguage\":\"de\"}]}<\/script>\n<!-- \/ Yoast SEO plugin. -->","yoast_head_json":{"title":"Papierservietten *Blaue Blumen* - Regalino -Lively Style","description":"Papierservietten 40\u00d740 cm mit blauen Blumen von Ib Laursen. Stilvolle Tischdekoration f\u00fcr Alltag, Fr\u00fchst\u00fcck oder festliche Anl\u00e4sse","robots":{"index":"index","follow":"follow","max-snippet":"max-snippet:-1","max-image-preview":"max-image-preview:large","max-video-preview":"max-video-preview:-1"},"canonical":"https:\/\/Regalino-Shop.de\/?product=meta-titel-papierservietten-40x40-cm-design-servietten-regalino","og_locale":"de_DE","og_type":"article","og_title":"Papierservietten *Blaue Blumen* - Regalino -Lively Style","og_description":"Papierservietten 40\u00d740 cm mit blauen Blumen von Ib Laursen. Stilvolle Tischdekoration f\u00fcr Alltag, Fr\u00fchst\u00fcck oder festliche Anl\u00e4sse","og_url":"https:\/\/Regalino-Shop.de\/?product=meta-titel-papierservietten-40x40-cm-design-servietten-regalino","og_site_name":"Regalino -Lively Style","article_modified_time":"2026-03-20T15:33:58+00:00","og_image":[{"width":1400,"height":1400,"url":"https:\/\/Regalino-Shop.de\/wp-content\/uploads\/2026\/02\/95870-26.jpg","type":"image\/jpeg"}],"twitter_card":"summary_large_image","twitter_misc":{"Gesch\u00e4tzte Lesezeit":"1\u00a0Minute"},"schema":{"@context":"https:\/\/schema.org","@graph":[{"@type":"WebPage","@id":"https:\/\/Regalino-Shop.de\/?product=meta-titel-papierservietten-40x40-cm-design-servietten-regalino","url":"https:\/\/Regalino-Shop.de\/?product=meta-titel-papierservietten-40x40-cm-design-servietten-regalino","name":"Papierservietten *Blaue Blumen* - Regalino -Lively Style","isPartOf":{"@id":"https:\/\/Regalino-Shop.de\/#website"},"primaryImageOfPage":{"@id":"https:\/\/Regalino-Shop.de\/?product=meta-titel-papierservietten-40x40-cm-design-servietten-regalino#primaryimage"},"image":{"@id":"https:\/\/Regalino-Shop.de\/?product=meta-titel-papierservietten-40x40-cm-design-servietten-regalino#primaryimage"},"thumbnailUrl":"https:\/\/Regalino-Shop.de\/wp-content\/uploads\/2026\/02\/95870-26.jpg","datePublished":"2026-02-22T20:14:08+00:00","dateModified":"2026-03-20T15:33:58+00:00","description":"Papierservietten 40\u00d740 cm mit blauen Blumen von Ib Laursen. Stilvolle Tischdekoration f\u00fcr Alltag, Fr\u00fchst\u00fcck oder festliche Anl\u00e4sse","breadcrumb":{"@id":"https:\/\/Regalino-Shop.de\/?product=meta-titel-papierservietten-40x40-cm-design-servietten-regalino#breadcrumb"},"inLanguage":"de","potentialAction":[{"@type":"ReadAction","target":["https:\/\/Regalino-Shop.de\/?product=meta-titel-papierservietten-40x40-cm-design-servietten-regalino"]}]},{"@type":"ImageObject","inLanguage":"de","@id":"https:\/\/Regalino-Shop.de\/?product=meta-titel-papierservietten-40x40-cm-design-servietten-regalino#primaryimage","url":"https:\/\/Regalino-Shop.de\/wp-content\/uploads\/2026\/02\/95870-26.jpg","contentUrl":"https:\/\/Regalino-Shop.de\/wp-content\/uploads\/2026\/02\/95870-26.jpg","width":1400,"height":1400,"caption":"Design Papierservietten 40x40 cm f\u00fcr eine stilvolle nordische Tischdekoration"},{"@type":"BreadcrumbList","@id":"https:\/\/Regalino-Shop.de\/?product=meta-titel-papierservietten-40x40-cm-design-servietten-regalino#breadcrumb","itemListElement":[{"@type":"ListItem","position":1,"name":"Startseite","item":"https:\/\/Regalino-Shop.de\/"},{"@type":"ListItem","position":2,"name":"Shop","item":"https:\/\/Regalino-Shop.de\/?page_id=40"},{"@type":"ListItem","position":3,"name":"Papierservietten *Blaue Blumen*"}]},{"@type":"WebSite","@id":"https:\/\/Regalino-Shop.de\/#website","url":"https:\/\/Regalino-Shop.de\/","name":"Regalino -Lively Style","description":"gelebtes Zuhause","potentialAction":[{"@type":"SearchAction","target":{"@type":"EntryPoint","urlTemplate":"https:\/\/Regalino-Shop.de\/?s={search_term_string}"},"query-input":{"@type":"PropertyValueSpecification","valueRequired":true,"valueName":"search_term_string"}}],"inLanguage":"de"}]}},"_links":{"self":[{"href":"https:\/\/Regalino-Shop.de\/index.php?rest_route=\/wp\/v2\/product\/17893","targetHints":{"allow":["GET"]}}],"collection":[{"href":"https:\/\/Regalino-Shop.de\/index.php?rest_route=\/wp\/v2\/product"}],"about":[{"href":"https:\/\/Regalino-Shop.de\/index.php?rest_route=\/wp\/v2\/types\/product"}],"wp:featuredmedia":[{"embeddable":true,"href":"https:\/\/Regalino-Shop.de\/index.php?rest_route=\/wp\/v2\/media\/17894"}],"wp:attachment":[{"href":"https:\/\/Regalino-Shop.de\/index.php?rest_route=%2Fwp%2Fv2%2Fmedia&parent=17893"}],"wp:term":[{"taxonomy":"product_brand","embeddable":true,"href":"https:\/\/Regalino-Shop.de\/index.php?rest_route=%2Fwp%2Fv2%2Fproduct_brand&post=17893"},{"taxonomy":"product_cat","embeddable":true,"href":"https:\/\/Regalino-Shop.de\/index.php?rest_route=%2Fwp%2Fv2%2Fproduct_cat&post=17893"},{"taxonomy":"product_tag","embeddable":true,"href":"https:\/\/Regalino-Shop.de\/index.php?rest_route=%2Fwp%2Fv2%2Fproduct_tag&post=17893"}],"curies":[{"name":"wp","href":"https:\/\/api.w.org\/{rel}","templated":true}]}}