{"id":17901,"date":"2026-02-22T21:06:00","date_gmt":"2026-02-22T21:06:00","guid":{"rendered":"https:\/\/Regalino-Shop.de\/?post_type=product&#038;p=17901"},"modified":"2026-03-31T11:41:37","modified_gmt":"2026-03-31T11:41:37","slug":"geschirrtuch-mit-stickerei-50x70-cm-florales-kuechentuch-regalino","status":"publish","type":"product","link":"https:\/\/Regalino-Shop.de\/?product=geschirrtuch-mit-stickerei-50x70-cm-florales-kuechentuch-regalino","title":{"rendered":"Geschirrtuch Wilder Thymian"},"content":{"rendered":"","protected":false},"excerpt":{"rendered":"<h3 data-start=\"175\" data-end=\"224\">Ein kleines Detail, das den Alltag sch\u00f6ner macht<\/h3>\n<p data-start=\"226\" data-end=\"436\">Dieses Geschirrtuch verbindet praktische Funktion mit einer feinen, floralen Stickerei. Das zarte Pflanzenmotiv bringt eine ruhige Nat\u00fcrlichkeit in die K\u00fcche und wirkt fast wie eine kleine textile Illustration.<\/p>\n<p data-start=\"438\" data-end=\"563\">Saugf\u00e4hig, langlebig und gleichzeitig dekorativ \u2014 ein Tuch, das nicht im Schrank verschwindet, sondern sichtbar bleiben darf.<\/p>\n<p data-start=\"565\" data-end=\"623\">Schlicht, weich und liebevoll im Detail.<\/p>\n<hr data-start=\"625\" data-end=\"628\" \/>\n<h3 data-start=\"630\" data-end=\"643\">Details<\/h3>\n<ul data-start=\"644\" data-end=\"780\">\n<li data-start=\"644\" data-end=\"666\">\n<p data-start=\"646\" data-end=\"666\">Ma\u00dfe: <strong data-start=\"652\" data-end=\"666\">50 \u00d7 70 cm<\/strong><\/p>\n<\/li>\n<li data-start=\"667\" data-end=\"700\">\n<p data-start=\"669\" data-end=\"700\">Material: Baumwolle &amp; Polyester<\/p>\n<\/li>\n<li data-start=\"701\" data-end=\"725\">\n<p data-start=\"703\" data-end=\"725\">mit floraler Stickerei<\/p>\n<\/li>\n<li data-start=\"726\" data-end=\"755\">\n<p data-start=\"728\" data-end=\"755\">saugf\u00e4hig &amp; strapazierf\u00e4hig<\/p>\n<\/li>\n<li data-start=\"756\" data-end=\"780\">\n<p data-start=\"758\" data-end=\"780\">waschbar bei <strong data-start=\"771\" data-end=\"780\">40 \u00b0C<\/strong><\/p>\n<\/li>\n<\/ul>\n<hr data-start=\"782\" data-end=\"785\" \/>\n<h3 data-start=\"787\" data-end=\"815\">\ud83e\udd0d Regalino Styling-Tipp<\/h3>\n<p data-start=\"816\" data-end=\"970\">Locker \u00fcber Ofengriff oder Haken geh\u00e4ngt wirkt das Geschirrtuch wie ein ruhiger Farbakzent in der K\u00fcche \u2014 besonders sch\u00f6n zu Holz, Keramik und Naturt\u00f6nen<\/p>\n<div class=\"product--description block\">\n<p>Lieferumfang: 1 Geschirrtuch<\/p>\n<\/div>\n","protected":false},"featured_media":17904,"template":"","meta":{"_et_pb_use_builder":"","_et_pb_old_content":"","_et_gb_content_width":""},"product_brand":[1851],"product_cat":[57,81],"product_tag":[2457,2454,2455,2359,2456,1986,2358],"class_list":{"0":"post-17901","1":"product","2":"type-product","3":"status-publish","4":"has-post-thumbnail","6":"product_brand-ib-laursen","7":"product_cat-neu-eingetroffen-neue-lieblingsstuecke-bei-regalino","8":"product_cat-kuechentextilien-im-scandi-breton-stil-regalino","9":"product_tag-baumwoll-geschirrtuch","10":"product_tag-geschirrtuch-baumwolle","11":"product_tag-geschirrtuch-blumen","12":"product_tag-kuechenaccessoires","13":"product_tag-kuechentuch-natur","14":"product_tag-regalino","15":"product_tag-skandinavische-kueche","17":"first","18":"instock","19":"taxable","20":"shipping-taxable","21":"purchasable","22":"product-type-simple"},"yoast_head":"<!-- This site is optimized with the Yoast SEO plugin v27.3 - https:\/\/yoast.com\/product\/yoast-seo-wordpress\/ -->\n<title>Geschirrtuch Wilder Thymian - Regalino -Lively Style<\/title>\n<meta name=\"description\" content=\"Saugf\u00e4higes Geschirrtuch 50x70 cm aus Baumwollmischung von Ib Laursen. Praktischer und dekorativer K\u00fcchenbegleiter im nordischen Stil. Mit Stickerei Wilder Thymian\" \/>\n<meta name=\"robots\" content=\"index, follow, max-snippet:-1, max-image-preview:large, max-video-preview:-1\" \/>\n<link rel=\"canonical\" href=\"https:\/\/Regalino-Shop.de\/?product=geschirrtuch-mit-stickerei-50x70-cm-florales-kuechentuch-regalino\" \/>\n<meta property=\"og:locale\" content=\"de_DE\" \/>\n<meta property=\"og:type\" content=\"article\" \/>\n<meta property=\"og:title\" content=\"Geschirrtuch Wilder Thymian - Regalino -Lively Style\" \/>\n<meta property=\"og:description\" content=\"Saugf\u00e4higes Geschirrtuch 50x70 cm aus Baumwollmischung von Ib Laursen. Praktischer und dekorativer K\u00fcchenbegleiter im nordischen Stil. Mit Stickerei Wilder Thymian\" \/>\n<meta property=\"og:url\" content=\"https:\/\/Regalino-Shop.de\/?product=geschirrtuch-mit-stickerei-50x70-cm-florales-kuechentuch-regalino\" \/>\n<meta property=\"og:site_name\" content=\"Regalino -Lively Style\" \/>\n<meta property=\"article:modified_time\" content=\"2026-03-31T11:41:37+00:00\" \/>\n<meta property=\"og:image\" content=\"https:\/\/Regalino-Shop.de\/wp-content\/uploads\/2026\/02\/Trend007_63042-82_Trend01.jpg\" \/>\n\t<meta property=\"og:image:width\" content=\"933\" \/>\n\t<meta property=\"og:image:height\" content=\"1400\" \/>\n\t<meta property=\"og:image:type\" content=\"image\/jpeg\" \/>\n<meta name=\"twitter:card\" content=\"summary_large_image\" \/>\n<meta name=\"twitter:label1\" content=\"Gesch\u00e4tzte Lesezeit\" \/>\n\t<meta name=\"twitter:data1\" content=\"1\u00a0Minute\" \/>\n<script type=\"application\/ld+json\" class=\"yoast-schema-graph\">{\"@context\":\"https:\\\/\\\/schema.org\",\"@graph\":[{\"@type\":\"WebPage\",\"@id\":\"https:\\\/\\\/Regalino-Shop.de\\\/?product=geschirrtuch-mit-stickerei-50x70-cm-florales-kuechentuch-regalino\",\"url\":\"https:\\\/\\\/Regalino-Shop.de\\\/?product=geschirrtuch-mit-stickerei-50x70-cm-florales-kuechentuch-regalino\",\"name\":\"Geschirrtuch Wilder Thymian - Regalino -Lively Style\",\"isPartOf\":{\"@id\":\"https:\\\/\\\/Regalino-Shop.de\\\/#website\"},\"primaryImageOfPage\":{\"@id\":\"https:\\\/\\\/Regalino-Shop.de\\\/?product=geschirrtuch-mit-stickerei-50x70-cm-florales-kuechentuch-regalino#primaryimage\"},\"image\":{\"@id\":\"https:\\\/\\\/Regalino-Shop.de\\\/?product=geschirrtuch-mit-stickerei-50x70-cm-florales-kuechentuch-regalino#primaryimage\"},\"thumbnailUrl\":\"https:\\\/\\\/Regalino-Shop.de\\\/wp-content\\\/uploads\\\/2026\\\/02\\\/Trend007_63042-82_Trend01.jpg\",\"datePublished\":\"2026-02-22T21:06:00+00:00\",\"dateModified\":\"2026-03-31T11:41:37+00:00\",\"description\":\"Saugf\u00e4higes Geschirrtuch 50x70 cm aus Baumwollmischung von Ib Laursen. Praktischer und dekorativer K\u00fcchenbegleiter im nordischen Stil. Mit Stickerei Wilder Thymian\",\"breadcrumb\":{\"@id\":\"https:\\\/\\\/Regalino-Shop.de\\\/?product=geschirrtuch-mit-stickerei-50x70-cm-florales-kuechentuch-regalino#breadcrumb\"},\"inLanguage\":\"de\",\"potentialAction\":[{\"@type\":\"ReadAction\",\"target\":[\"https:\\\/\\\/Regalino-Shop.de\\\/?product=geschirrtuch-mit-stickerei-50x70-cm-florales-kuechentuch-regalino\"]}]},{\"@type\":\"ImageObject\",\"inLanguage\":\"de\",\"@id\":\"https:\\\/\\\/Regalino-Shop.de\\\/?product=geschirrtuch-mit-stickerei-50x70-cm-florales-kuechentuch-regalino#primaryimage\",\"url\":\"https:\\\/\\\/Regalino-Shop.de\\\/wp-content\\\/uploads\\\/2026\\\/02\\\/Trend007_63042-82_Trend01.jpg\",\"contentUrl\":\"https:\\\/\\\/Regalino-Shop.de\\\/wp-content\\\/uploads\\\/2026\\\/02\\\/Trend007_63042-82_Trend01.jpg\",\"width\":933,\"height\":1400,\"caption\":\"Geschirrtuch mit floraler Stickerei in Naturton im skandinavischen K\u00fcchenstil\"},{\"@type\":\"BreadcrumbList\",\"@id\":\"https:\\\/\\\/Regalino-Shop.de\\\/?product=geschirrtuch-mit-stickerei-50x70-cm-florales-kuechentuch-regalino#breadcrumb\",\"itemListElement\":[{\"@type\":\"ListItem\",\"position\":1,\"name\":\"Startseite\",\"item\":\"https:\\\/\\\/Regalino-Shop.de\\\/\"},{\"@type\":\"ListItem\",\"position\":2,\"name\":\"Shop\",\"item\":\"https:\\\/\\\/Regalino-Shop.de\\\/?page_id=40\"},{\"@type\":\"ListItem\",\"position\":3,\"name\":\"Geschirrtuch Wilder Thymian\"}]},{\"@type\":\"WebSite\",\"@id\":\"https:\\\/\\\/Regalino-Shop.de\\\/#website\",\"url\":\"https:\\\/\\\/Regalino-Shop.de\\\/\",\"name\":\"Regalino -Lively Style\",\"description\":\"gelebtes Zuhause\",\"potentialAction\":[{\"@type\":\"SearchAction\",\"target\":{\"@type\":\"EntryPoint\",\"urlTemplate\":\"https:\\\/\\\/Regalino-Shop.de\\\/?s={search_term_string}\"},\"query-input\":{\"@type\":\"PropertyValueSpecification\",\"valueRequired\":true,\"valueName\":\"search_term_string\"}}],\"inLanguage\":\"de\"}]}<\/script>\n<!-- \/ Yoast SEO plugin. -->","yoast_head_json":{"title":"Geschirrtuch Wilder Thymian - Regalino -Lively Style","description":"Saugf\u00e4higes Geschirrtuch 50x70 cm aus Baumwollmischung von Ib Laursen. Praktischer und dekorativer K\u00fcchenbegleiter im nordischen Stil. Mit Stickerei Wilder Thymian","robots":{"index":"index","follow":"follow","max-snippet":"max-snippet:-1","max-image-preview":"max-image-preview:large","max-video-preview":"max-video-preview:-1"},"canonical":"https:\/\/Regalino-Shop.de\/?product=geschirrtuch-mit-stickerei-50x70-cm-florales-kuechentuch-regalino","og_locale":"de_DE","og_type":"article","og_title":"Geschirrtuch Wilder Thymian - Regalino -Lively Style","og_description":"Saugf\u00e4higes Geschirrtuch 50x70 cm aus Baumwollmischung von Ib Laursen. Praktischer und dekorativer K\u00fcchenbegleiter im nordischen Stil. Mit Stickerei Wilder Thymian","og_url":"https:\/\/Regalino-Shop.de\/?product=geschirrtuch-mit-stickerei-50x70-cm-florales-kuechentuch-regalino","og_site_name":"Regalino -Lively Style","article_modified_time":"2026-03-31T11:41:37+00:00","og_image":[{"width":933,"height":1400,"url":"https:\/\/Regalino-Shop.de\/wp-content\/uploads\/2026\/02\/Trend007_63042-82_Trend01.jpg","type":"image\/jpeg"}],"twitter_card":"summary_large_image","twitter_misc":{"Gesch\u00e4tzte Lesezeit":"1\u00a0Minute"},"schema":{"@context":"https:\/\/schema.org","@graph":[{"@type":"WebPage","@id":"https:\/\/Regalino-Shop.de\/?product=geschirrtuch-mit-stickerei-50x70-cm-florales-kuechentuch-regalino","url":"https:\/\/Regalino-Shop.de\/?product=geschirrtuch-mit-stickerei-50x70-cm-florales-kuechentuch-regalino","name":"Geschirrtuch Wilder Thymian - Regalino -Lively Style","isPartOf":{"@id":"https:\/\/Regalino-Shop.de\/#website"},"primaryImageOfPage":{"@id":"https:\/\/Regalino-Shop.de\/?product=geschirrtuch-mit-stickerei-50x70-cm-florales-kuechentuch-regalino#primaryimage"},"image":{"@id":"https:\/\/Regalino-Shop.de\/?product=geschirrtuch-mit-stickerei-50x70-cm-florales-kuechentuch-regalino#primaryimage"},"thumbnailUrl":"https:\/\/Regalino-Shop.de\/wp-content\/uploads\/2026\/02\/Trend007_63042-82_Trend01.jpg","datePublished":"2026-02-22T21:06:00+00:00","dateModified":"2026-03-31T11:41:37+00:00","description":"Saugf\u00e4higes Geschirrtuch 50x70 cm aus Baumwollmischung von Ib Laursen. Praktischer und dekorativer K\u00fcchenbegleiter im nordischen Stil. Mit Stickerei Wilder Thymian","breadcrumb":{"@id":"https:\/\/Regalino-Shop.de\/?product=geschirrtuch-mit-stickerei-50x70-cm-florales-kuechentuch-regalino#breadcrumb"},"inLanguage":"de","potentialAction":[{"@type":"ReadAction","target":["https:\/\/Regalino-Shop.de\/?product=geschirrtuch-mit-stickerei-50x70-cm-florales-kuechentuch-regalino"]}]},{"@type":"ImageObject","inLanguage":"de","@id":"https:\/\/Regalino-Shop.de\/?product=geschirrtuch-mit-stickerei-50x70-cm-florales-kuechentuch-regalino#primaryimage","url":"https:\/\/Regalino-Shop.de\/wp-content\/uploads\/2026\/02\/Trend007_63042-82_Trend01.jpg","contentUrl":"https:\/\/Regalino-Shop.de\/wp-content\/uploads\/2026\/02\/Trend007_63042-82_Trend01.jpg","width":933,"height":1400,"caption":"Geschirrtuch mit floraler Stickerei in Naturton im skandinavischen K\u00fcchenstil"},{"@type":"BreadcrumbList","@id":"https:\/\/Regalino-Shop.de\/?product=geschirrtuch-mit-stickerei-50x70-cm-florales-kuechentuch-regalino#breadcrumb","itemListElement":[{"@type":"ListItem","position":1,"name":"Startseite","item":"https:\/\/Regalino-Shop.de\/"},{"@type":"ListItem","position":2,"name":"Shop","item":"https:\/\/Regalino-Shop.de\/?page_id=40"},{"@type":"ListItem","position":3,"name":"Geschirrtuch Wilder Thymian"}]},{"@type":"WebSite","@id":"https:\/\/Regalino-Shop.de\/#website","url":"https:\/\/Regalino-Shop.de\/","name":"Regalino -Lively Style","description":"gelebtes Zuhause","potentialAction":[{"@type":"SearchAction","target":{"@type":"EntryPoint","urlTemplate":"https:\/\/Regalino-Shop.de\/?s={search_term_string}"},"query-input":{"@type":"PropertyValueSpecification","valueRequired":true,"valueName":"search_term_string"}}],"inLanguage":"de"}]}},"_links":{"self":[{"href":"https:\/\/Regalino-Shop.de\/index.php?rest_route=\/wp\/v2\/product\/17901","targetHints":{"allow":["GET"]}}],"collection":[{"href":"https:\/\/Regalino-Shop.de\/index.php?rest_route=\/wp\/v2\/product"}],"about":[{"href":"https:\/\/Regalino-Shop.de\/index.php?rest_route=\/wp\/v2\/types\/product"}],"wp:featuredmedia":[{"embeddable":true,"href":"https:\/\/Regalino-Shop.de\/index.php?rest_route=\/wp\/v2\/media\/17904"}],"wp:attachment":[{"href":"https:\/\/Regalino-Shop.de\/index.php?rest_route=%2Fwp%2Fv2%2Fmedia&parent=17901"}],"wp:term":[{"taxonomy":"product_brand","embeddable":true,"href":"https:\/\/Regalino-Shop.de\/index.php?rest_route=%2Fwp%2Fv2%2Fproduct_brand&post=17901"},{"taxonomy":"product_cat","embeddable":true,"href":"https:\/\/Regalino-Shop.de\/index.php?rest_route=%2Fwp%2Fv2%2Fproduct_cat&post=17901"},{"taxonomy":"product_tag","embeddable":true,"href":"https:\/\/Regalino-Shop.de\/index.php?rest_route=%2Fwp%2Fv2%2Fproduct_tag&post=17901"}],"curies":[{"name":"wp","href":"https:\/\/api.w.org\/{rel}","templated":true}]}}