{"id":17905,"date":"2026-02-22T21:15:19","date_gmt":"2026-02-22T21:15:19","guid":{"rendered":"https:\/\/Regalino-Shop.de\/?post_type=product&#038;p=17905"},"modified":"2026-04-07T11:50:25","modified_gmt":"2026-04-07T11:50:25","slug":"steingut-kanne-mit-blumen-kleine-milchkanne-regalino","status":"publish","type":"product","link":"https:\/\/Regalino-Shop.de\/?product=steingut-kanne-mit-blumen-kleine-milchkanne-regalino","title":{"rendered":"kleine Steingut Kanne *Blumen*"},"content":{"rendered":"","protected":false},"excerpt":{"rendered":"<h3 data-start=\"84\" data-end=\"124\">Kleine Steingutkanne | Blumenmotiv<\/h3>\n<p data-start=\"167\" data-end=\"437\">Diese handgefertigte <strong data-start=\"188\" data-end=\"224\">Steingutkanne mit floralem Dekor<\/strong> verbindet Funktion und feine Leichtigkeit. Die zarten Blumen verleihen ihr eine lebendige, nat\u00fcrliche Ausstrahlung und machen sie zu einem stillen Blickfang beim Fr\u00fchst\u00fcck, Kaffee oder auf der sommerlichen Tafel.<\/p>\n<p data-start=\"439\" data-end=\"558\">Ideal f\u00fcr Milch, Sahne, Sirup oder kleine Str\u00e4u\u00dfe \u2014 und sch\u00f6n genug, um dauerhaft auf dem Tisch stehen zu bleiben.<\/p>\n<hr data-start=\"624\" data-end=\"627\" \/>\n<h3 data-start=\"629\" data-end=\"642\">Details<\/h3>\n<ul data-start=\"643\" data-end=\"838\">\n<li data-start=\"643\" data-end=\"665\">\n<p data-start=\"645\" data-end=\"665\">Material: Steingut<\/p>\n<\/li>\n<li data-start=\"666\" data-end=\"683\">\n<p data-start=\"668\" data-end=\"683\">handgefertigt<\/p>\n<\/li>\n<li data-start=\"684\" data-end=\"716\">\n<p data-start=\"686\" data-end=\"716\">Fassungsverm\u00f6gen: <strong data-start=\"704\" data-end=\"714\">230 ml<\/strong><\/p>\n<\/li>\n<li data-start=\"717\" data-end=\"750\">\n<p data-start=\"719\" data-end=\"750\">Ma\u00dfe: <strong data-start=\"725\" data-end=\"750\">B 7,3 \u00d7 H 9 \u00d7 L 12 cm<\/strong><\/p>\n<\/li>\n<li data-start=\"751\" data-end=\"781\">\n<p data-start=\"753\" data-end=\"781\">lebensmittelecht (Food Safe)<\/p>\n<\/li>\n<li data-start=\"782\" data-end=\"805\">\n<p data-start=\"784\" data-end=\"805\">sp\u00fclmaschinengeeignet<\/p>\n<\/li>\n<li data-start=\"806\" data-end=\"827\">\n<p data-start=\"808\" data-end=\"827\">mikrowellengeeignet<\/p>\n<\/li>\n<li data-start=\"828\" data-end=\"838\">\n<p data-start=\"830\" data-end=\"838\">ofenfest<\/p>\n<\/li>\n<\/ul>\n<hr data-start=\"840\" data-end=\"843\" \/>\n<h3 data-start=\"845\" data-end=\"873\">\ud83e\udd0d Regalino Styling-Tipp<\/h3>\n<p data-start=\"874\" data-end=\"997\">Besonders sch\u00f6n kombiniert mit hellem Leinen, Keramik in Naturt\u00f6nen und frischen Blumen \u2014 wirkt ruhig, weich und einladend<\/p>\n<div class=\"product--description block\">\n<p>Lieferumfang: 1 Kanne<\/p>\n<\/div>\n","protected":false},"featured_media":17906,"template":"","meta":{"_et_pb_use_builder":"","_et_pb_old_content":"","_et_gb_content_width":""},"product_brand":[1851],"product_cat":[76,79,57],"product_tag":[2464,2463,2465,2334,1986,2358,2466,2467],"class_list":{"0":"post-17905","1":"product","2":"type-product","3":"status-publish","4":"has-post-thumbnail","6":"product_brand-ib-laursen","7":"product_cat-geschirr-fuer-stilvolle-genussmomente-regalino","8":"product_cat-kruege-kannen-im-scandi-breton-stil-regalino","9":"product_cat-neu-eingetroffen-neue-lieblingsstuecke-bei-regalino","10":"product_tag-kleine-kanne-keramik","11":"product_tag-milchkaennchen-steingut","12":"product_tag-milchkanne-blumen","13":"product_tag-nordischer-stil","14":"product_tag-regalino","15":"product_tag-skandinavische-kueche","16":"product_tag-steingutkanne","17":"product_tag-tischdekoration-keramik","19":"first","20":"instock","21":"taxable","22":"shipping-taxable","23":"purchasable","24":"product-type-simple"},"yoast_head":"<!-- This site is optimized with the Yoast SEO plugin v27.3 - https:\/\/yoast.com\/product\/yoast-seo-wordpress\/ -->\n<title>kleine Steingut Kanne *Blumen* - Regalino -Lively Style<\/title>\n<meta name=\"description\" content=\"Handgefertigte Steingutkanne mit floralem Dekor von Ib Laursen. Perfekt f\u00fcr Milch, Sahne im nordischen Stil\" \/>\n<meta name=\"robots\" content=\"index, follow, max-snippet:-1, max-image-preview:large, max-video-preview:-1\" \/>\n<link rel=\"canonical\" href=\"https:\/\/Regalino-Shop.de\/?product=steingut-kanne-mit-blumen-kleine-milchkanne-regalino\" \/>\n<meta property=\"og:locale\" content=\"de_DE\" \/>\n<meta property=\"og:type\" content=\"article\" \/>\n<meta property=\"og:title\" content=\"kleine Steingut Kanne *Blumen* - Regalino -Lively Style\" \/>\n<meta property=\"og:description\" content=\"Handgefertigte Steingutkanne mit floralem Dekor von Ib Laursen. Perfekt f\u00fcr Milch, Sahne im nordischen Stil\" \/>\n<meta property=\"og:url\" content=\"https:\/\/Regalino-Shop.de\/?product=steingut-kanne-mit-blumen-kleine-milchkanne-regalino\" \/>\n<meta property=\"og:site_name\" content=\"Regalino -Lively Style\" \/>\n<meta property=\"article:modified_time\" content=\"2026-04-07T11:50:25+00:00\" \/>\n<meta property=\"og:image\" content=\"https:\/\/Regalino-Shop.de\/wp-content\/uploads\/2026\/02\/24032-00.jpg\" \/>\n\t<meta property=\"og:image:width\" content=\"1400\" \/>\n\t<meta property=\"og:image:height\" content=\"1400\" \/>\n\t<meta property=\"og:image:type\" content=\"image\/jpeg\" \/>\n<meta name=\"twitter:card\" content=\"summary_large_image\" \/>\n<meta name=\"twitter:label1\" content=\"Gesch\u00e4tzte Lesezeit\" \/>\n\t<meta name=\"twitter:data1\" content=\"1\u00a0Minute\" \/>\n<script type=\"application\/ld+json\" class=\"yoast-schema-graph\">{\"@context\":\"https:\\\/\\\/schema.org\",\"@graph\":[{\"@type\":\"WebPage\",\"@id\":\"https:\\\/\\\/Regalino-Shop.de\\\/?product=steingut-kanne-mit-blumen-kleine-milchkanne-regalino\",\"url\":\"https:\\\/\\\/Regalino-Shop.de\\\/?product=steingut-kanne-mit-blumen-kleine-milchkanne-regalino\",\"name\":\"kleine Steingut Kanne *Blumen* - Regalino -Lively Style\",\"isPartOf\":{\"@id\":\"https:\\\/\\\/Regalino-Shop.de\\\/#website\"},\"primaryImageOfPage\":{\"@id\":\"https:\\\/\\\/Regalino-Shop.de\\\/?product=steingut-kanne-mit-blumen-kleine-milchkanne-regalino#primaryimage\"},\"image\":{\"@id\":\"https:\\\/\\\/Regalino-Shop.de\\\/?product=steingut-kanne-mit-blumen-kleine-milchkanne-regalino#primaryimage\"},\"thumbnailUrl\":\"https:\\\/\\\/Regalino-Shop.de\\\/wp-content\\\/uploads\\\/2026\\\/02\\\/24032-00.jpg\",\"datePublished\":\"2026-02-22T21:15:19+00:00\",\"dateModified\":\"2026-04-07T11:50:25+00:00\",\"description\":\"Handgefertigte Steingutkanne mit floralem Dekor von Ib Laursen. Perfekt f\u00fcr Milch, Sahne im nordischen Stil\",\"breadcrumb\":{\"@id\":\"https:\\\/\\\/Regalino-Shop.de\\\/?product=steingut-kanne-mit-blumen-kleine-milchkanne-regalino#breadcrumb\"},\"inLanguage\":\"de\",\"potentialAction\":[{\"@type\":\"ReadAction\",\"target\":[\"https:\\\/\\\/Regalino-Shop.de\\\/?product=steingut-kanne-mit-blumen-kleine-milchkanne-regalino\"]}]},{\"@type\":\"ImageObject\",\"inLanguage\":\"de\",\"@id\":\"https:\\\/\\\/Regalino-Shop.de\\\/?product=steingut-kanne-mit-blumen-kleine-milchkanne-regalino#primaryimage\",\"url\":\"https:\\\/\\\/Regalino-Shop.de\\\/wp-content\\\/uploads\\\/2026\\\/02\\\/24032-00.jpg\",\"contentUrl\":\"https:\\\/\\\/Regalino-Shop.de\\\/wp-content\\\/uploads\\\/2026\\\/02\\\/24032-00.jpg\",\"width\":1400,\"height\":1400,\"caption\":\"Handgefertigte Steingutkanne mit floralem Dekor f\u00fcr Milch oder Sahne im nordischen Stil\"},{\"@type\":\"BreadcrumbList\",\"@id\":\"https:\\\/\\\/Regalino-Shop.de\\\/?product=steingut-kanne-mit-blumen-kleine-milchkanne-regalino#breadcrumb\",\"itemListElement\":[{\"@type\":\"ListItem\",\"position\":1,\"name\":\"Startseite\",\"item\":\"https:\\\/\\\/Regalino-Shop.de\\\/\"},{\"@type\":\"ListItem\",\"position\":2,\"name\":\"Shop\",\"item\":\"https:\\\/\\\/Regalino-Shop.de\\\/?page_id=40\"},{\"@type\":\"ListItem\",\"position\":3,\"name\":\"kleine Steingut Kanne *Blumen*\"}]},{\"@type\":\"WebSite\",\"@id\":\"https:\\\/\\\/Regalino-Shop.de\\\/#website\",\"url\":\"https:\\\/\\\/Regalino-Shop.de\\\/\",\"name\":\"Regalino -Lively Style\",\"description\":\"gelebtes Zuhause\",\"potentialAction\":[{\"@type\":\"SearchAction\",\"target\":{\"@type\":\"EntryPoint\",\"urlTemplate\":\"https:\\\/\\\/Regalino-Shop.de\\\/?s={search_term_string}\"},\"query-input\":{\"@type\":\"PropertyValueSpecification\",\"valueRequired\":true,\"valueName\":\"search_term_string\"}}],\"inLanguage\":\"de\"}]}<\/script>\n<!-- \/ Yoast SEO plugin. -->","yoast_head_json":{"title":"kleine Steingut Kanne *Blumen* - Regalino -Lively Style","description":"Handgefertigte Steingutkanne mit floralem Dekor von Ib Laursen. Perfekt f\u00fcr Milch, Sahne im nordischen Stil","robots":{"index":"index","follow":"follow","max-snippet":"max-snippet:-1","max-image-preview":"max-image-preview:large","max-video-preview":"max-video-preview:-1"},"canonical":"https:\/\/Regalino-Shop.de\/?product=steingut-kanne-mit-blumen-kleine-milchkanne-regalino","og_locale":"de_DE","og_type":"article","og_title":"kleine Steingut Kanne *Blumen* - Regalino -Lively Style","og_description":"Handgefertigte Steingutkanne mit floralem Dekor von Ib Laursen. Perfekt f\u00fcr Milch, Sahne im nordischen Stil","og_url":"https:\/\/Regalino-Shop.de\/?product=steingut-kanne-mit-blumen-kleine-milchkanne-regalino","og_site_name":"Regalino -Lively Style","article_modified_time":"2026-04-07T11:50:25+00:00","og_image":[{"width":1400,"height":1400,"url":"https:\/\/Regalino-Shop.de\/wp-content\/uploads\/2026\/02\/24032-00.jpg","type":"image\/jpeg"}],"twitter_card":"summary_large_image","twitter_misc":{"Gesch\u00e4tzte Lesezeit":"1\u00a0Minute"},"schema":{"@context":"https:\/\/schema.org","@graph":[{"@type":"WebPage","@id":"https:\/\/Regalino-Shop.de\/?product=steingut-kanne-mit-blumen-kleine-milchkanne-regalino","url":"https:\/\/Regalino-Shop.de\/?product=steingut-kanne-mit-blumen-kleine-milchkanne-regalino","name":"kleine Steingut Kanne *Blumen* - Regalino -Lively Style","isPartOf":{"@id":"https:\/\/Regalino-Shop.de\/#website"},"primaryImageOfPage":{"@id":"https:\/\/Regalino-Shop.de\/?product=steingut-kanne-mit-blumen-kleine-milchkanne-regalino#primaryimage"},"image":{"@id":"https:\/\/Regalino-Shop.de\/?product=steingut-kanne-mit-blumen-kleine-milchkanne-regalino#primaryimage"},"thumbnailUrl":"https:\/\/Regalino-Shop.de\/wp-content\/uploads\/2026\/02\/24032-00.jpg","datePublished":"2026-02-22T21:15:19+00:00","dateModified":"2026-04-07T11:50:25+00:00","description":"Handgefertigte Steingutkanne mit floralem Dekor von Ib Laursen. Perfekt f\u00fcr Milch, Sahne im nordischen Stil","breadcrumb":{"@id":"https:\/\/Regalino-Shop.de\/?product=steingut-kanne-mit-blumen-kleine-milchkanne-regalino#breadcrumb"},"inLanguage":"de","potentialAction":[{"@type":"ReadAction","target":["https:\/\/Regalino-Shop.de\/?product=steingut-kanne-mit-blumen-kleine-milchkanne-regalino"]}]},{"@type":"ImageObject","inLanguage":"de","@id":"https:\/\/Regalino-Shop.de\/?product=steingut-kanne-mit-blumen-kleine-milchkanne-regalino#primaryimage","url":"https:\/\/Regalino-Shop.de\/wp-content\/uploads\/2026\/02\/24032-00.jpg","contentUrl":"https:\/\/Regalino-Shop.de\/wp-content\/uploads\/2026\/02\/24032-00.jpg","width":1400,"height":1400,"caption":"Handgefertigte Steingutkanne mit floralem Dekor f\u00fcr Milch oder Sahne im nordischen Stil"},{"@type":"BreadcrumbList","@id":"https:\/\/Regalino-Shop.de\/?product=steingut-kanne-mit-blumen-kleine-milchkanne-regalino#breadcrumb","itemListElement":[{"@type":"ListItem","position":1,"name":"Startseite","item":"https:\/\/Regalino-Shop.de\/"},{"@type":"ListItem","position":2,"name":"Shop","item":"https:\/\/Regalino-Shop.de\/?page_id=40"},{"@type":"ListItem","position":3,"name":"kleine Steingut Kanne *Blumen*"}]},{"@type":"WebSite","@id":"https:\/\/Regalino-Shop.de\/#website","url":"https:\/\/Regalino-Shop.de\/","name":"Regalino -Lively Style","description":"gelebtes Zuhause","potentialAction":[{"@type":"SearchAction","target":{"@type":"EntryPoint","urlTemplate":"https:\/\/Regalino-Shop.de\/?s={search_term_string}"},"query-input":{"@type":"PropertyValueSpecification","valueRequired":true,"valueName":"search_term_string"}}],"inLanguage":"de"}]}},"_links":{"self":[{"href":"https:\/\/Regalino-Shop.de\/index.php?rest_route=\/wp\/v2\/product\/17905","targetHints":{"allow":["GET"]}}],"collection":[{"href":"https:\/\/Regalino-Shop.de\/index.php?rest_route=\/wp\/v2\/product"}],"about":[{"href":"https:\/\/Regalino-Shop.de\/index.php?rest_route=\/wp\/v2\/types\/product"}],"wp:featuredmedia":[{"embeddable":true,"href":"https:\/\/Regalino-Shop.de\/index.php?rest_route=\/wp\/v2\/media\/17906"}],"wp:attachment":[{"href":"https:\/\/Regalino-Shop.de\/index.php?rest_route=%2Fwp%2Fv2%2Fmedia&parent=17905"}],"wp:term":[{"taxonomy":"product_brand","embeddable":true,"href":"https:\/\/Regalino-Shop.de\/index.php?rest_route=%2Fwp%2Fv2%2Fproduct_brand&post=17905"},{"taxonomy":"product_cat","embeddable":true,"href":"https:\/\/Regalino-Shop.de\/index.php?rest_route=%2Fwp%2Fv2%2Fproduct_cat&post=17905"},{"taxonomy":"product_tag","embeddable":true,"href":"https:\/\/Regalino-Shop.de\/index.php?rest_route=%2Fwp%2Fv2%2Fproduct_tag&post=17905"}],"curies":[{"name":"wp","href":"https:\/\/api.w.org\/{rel}","templated":true}]}}