{"id":17910,"date":"2026-02-22T21:37:46","date_gmt":"2026-02-22T21:37:46","guid":{"rendered":"https:\/\/Regalino-Shop.de\/?post_type=product&#038;p=17910"},"modified":"2026-02-28T14:41:22","modified_gmt":"2026-02-28T14:41:22","slug":"eukalyptus-kunstpflanze-52-cm-kuenstliche-pflanze-regalino","status":"publish","type":"product","link":"https:\/\/Regalino-Shop.de\/?product=eukalyptus-kunstpflanze-52-cm-kuenstliche-pflanze-regalino","title":{"rendered":"Eucalyptus Kunstpflanze   H 52cm"},"content":{"rendered":"","protected":false},"excerpt":{"rendered":"<h3 data-start=\"142\" data-end=\"178\">Nat\u00fcrliches Gr\u00fcn \u2014 ganz ohne Pflege.<\/h3>\n<p data-start=\"180\" data-end=\"403\">Dieser Eukalyptus \u00fcberzeugt durch seinen leichten, luftigen Ausdruck und bringt sofort Ruhe und Frische in den Raum. Die runden Bl\u00e4tter wirken weich und nat\u00fcrlich und f\u00fcgen sich harmonisch in unterschiedliche Wohnstile ein.<\/p>\n<p data-start=\"405\" data-end=\"522\">Ideal f\u00fcr Sideboard, Fensterbank oder stille Ecken, die dauerhaft lebendig wirken sollen \u2014 ohne Gie\u00dfen, ohne Aufwand.<\/p>\n<p data-start=\"524\" data-end=\"569\">Ein unkompliziertes St\u00fcck Gr\u00fcn f\u00fcr jeden Tag.<\/p>\n<hr data-start=\"571\" data-end=\"574\" \/>\n<h3 data-start=\"576\" data-end=\"589\">Details<\/h3>\n<ul data-start=\"590\" data-end=\"728\">\n<li data-start=\"590\" data-end=\"607\">\n<p data-start=\"592\" data-end=\"607\">H\u00f6he: <strong data-start=\"598\" data-end=\"607\">52 cm<\/strong><\/p>\n<\/li>\n<li data-start=\"608\" data-end=\"634\">\n<p data-start=\"610\" data-end=\"634\">Durchmesser: <strong data-start=\"623\" data-end=\"634\">\u00d8 25 cm<\/strong><\/p>\n<\/li>\n<li data-start=\"635\" data-end=\"657\">\n<p data-start=\"637\" data-end=\"657\">Material: Kunststoff<\/p>\n<\/li>\n<li data-start=\"658\" data-end=\"686\">\n<p data-start=\"660\" data-end=\"686\">nat\u00fcrlicher, leichter Look<\/p>\n<\/li>\n<li data-start=\"687\" data-end=\"711\">\n<p data-start=\"689\" data-end=\"711\">pflegefrei &amp; langlebig<\/p>\n<\/li>\n<\/ul>\n<hr data-start=\"730\" data-end=\"733\" \/>\n<h3 data-start=\"735\" data-end=\"763\">\ud83e\udd0d Regalino Styling-Tipp<\/h3>\n<p data-start=\"764\" data-end=\"859\">Besonders sch\u00f6n in Keramikt\u00f6pfen oder K\u00f6rben \u2014 wirkt sofort ruhiger und hochwertiger<\/p>\n<p>Lieferumfang: 1 Kunstpflanze im schwarzen Topf<\/p>\n<p>&nbsp;<\/p>\n<p>&nbsp;<\/p>\n<p>&nbsp;<\/p>\n","protected":false},"featured_media":17912,"template":"","meta":{"_et_pb_use_builder":"","_et_pb_old_content":"","_et_gb_content_width":""},"product_brand":[1851],"product_cat":[64,57],"product_tag":[2468,2416,2418,2417,1986,2420,2419],"class_list":{"0":"post-17910","1":"product","2":"type-product","3":"status-publish","4":"has-post-thumbnail","6":"product_brand-ib-laursen","7":"product_cat-besondere-deko-im-nordischen-stil-maritime-akzente-regalino","8":"product_cat-neu-eingetroffen-neue-lieblingsstuecke-bei-regalino","9":"product_tag-eukalyptus-kuenstlich","10":"product_tag-kuenstliche-pflanze","11":"product_tag-kunstpflanze-gruen","12":"product_tag-mediterrane-deko","13":"product_tag-regalino","14":"product_tag-skandinavische-einrichtung","15":"product_tag-wohnzimmer-pflanze","17":"first","18":"instock","19":"taxable","20":"shipping-taxable","21":"purchasable","22":"product-type-simple"},"yoast_head":"<!-- This site is optimized with the Yoast SEO plugin v27.5 - https:\/\/yoast.com\/product\/yoast-seo-wordpress\/ -->\n<title>Eucalyptus Kunstpflanze  H 52cm - Regalino -Lively Style<\/title>\n<meta name=\"description\" content=\"Nat\u00fcrlich wirkender Eukalyptus als Kunstpflanze von Ib Laursen. Pflegefrei, langlebig und ideal f\u00fcr ruhige gr\u00fcne Wohnakzente\" \/>\n<meta name=\"robots\" content=\"index, follow, max-snippet:-1, max-image-preview:large, max-video-preview:-1\" \/>\n<link rel=\"canonical\" href=\"https:\/\/Regalino-Shop.de\/?product=eukalyptus-kunstpflanze-52-cm-kuenstliche-pflanze-regalino\" \/>\n<meta property=\"og:locale\" content=\"de_DE\" \/>\n<meta property=\"og:type\" content=\"article\" \/>\n<meta property=\"og:title\" content=\"Eucalyptus Kunstpflanze  H 52cm - Regalino -Lively Style\" \/>\n<meta property=\"og:description\" content=\"Nat\u00fcrlich wirkender Eukalyptus als Kunstpflanze von Ib Laursen. Pflegefrei, langlebig und ideal f\u00fcr ruhige gr\u00fcne Wohnakzente\" \/>\n<meta property=\"og:url\" content=\"https:\/\/Regalino-Shop.de\/?product=eukalyptus-kunstpflanze-52-cm-kuenstliche-pflanze-regalino\" \/>\n<meta property=\"og:site_name\" content=\"Regalino -Lively Style\" \/>\n<meta property=\"article:modified_time\" content=\"2026-02-28T14:41:22+00:00\" \/>\n<meta property=\"og:image\" content=\"https:\/\/Regalino-Shop.de\/wp-content\/uploads\/2026\/02\/9882-00.jpg\" \/>\n\t<meta property=\"og:image:width\" content=\"1400\" \/>\n\t<meta property=\"og:image:height\" content=\"1400\" \/>\n\t<meta property=\"og:image:type\" content=\"image\/jpeg\" \/>\n<meta name=\"twitter:card\" content=\"summary_large_image\" \/>\n<meta name=\"twitter:label1\" content=\"Gesch\u00e4tzte Lesezeit\" \/>\n\t<meta name=\"twitter:data1\" content=\"1\u00a0Minute\" \/>\n<script type=\"application\/ld+json\" class=\"yoast-schema-graph\">{\"@context\":\"https:\\\/\\\/schema.org\",\"@graph\":[{\"@type\":\"WebPage\",\"@id\":\"https:\\\/\\\/Regalino-Shop.de\\\/?product=eukalyptus-kunstpflanze-52-cm-kuenstliche-pflanze-regalino\",\"url\":\"https:\\\/\\\/Regalino-Shop.de\\\/?product=eukalyptus-kunstpflanze-52-cm-kuenstliche-pflanze-regalino\",\"name\":\"Eucalyptus Kunstpflanze H 52cm - Regalino -Lively Style\",\"isPartOf\":{\"@id\":\"https:\\\/\\\/Regalino-Shop.de\\\/#website\"},\"primaryImageOfPage\":{\"@id\":\"https:\\\/\\\/Regalino-Shop.de\\\/?product=eukalyptus-kunstpflanze-52-cm-kuenstliche-pflanze-regalino#primaryimage\"},\"image\":{\"@id\":\"https:\\\/\\\/Regalino-Shop.de\\\/?product=eukalyptus-kunstpflanze-52-cm-kuenstliche-pflanze-regalino#primaryimage\"},\"thumbnailUrl\":\"https:\\\/\\\/Regalino-Shop.de\\\/wp-content\\\/uploads\\\/2026\\\/02\\\/9882-00.jpg\",\"datePublished\":\"2026-02-22T21:37:46+00:00\",\"dateModified\":\"2026-02-28T14:41:22+00:00\",\"description\":\"Nat\u00fcrlich wirkender Eukalyptus als Kunstpflanze von Ib Laursen. Pflegefrei, langlebig und ideal f\u00fcr ruhige gr\u00fcne Wohnakzente\",\"breadcrumb\":{\"@id\":\"https:\\\/\\\/Regalino-Shop.de\\\/?product=eukalyptus-kunstpflanze-52-cm-kuenstliche-pflanze-regalino#breadcrumb\"},\"inLanguage\":\"de\",\"potentialAction\":[{\"@type\":\"ReadAction\",\"target\":[\"https:\\\/\\\/Regalino-Shop.de\\\/?product=eukalyptus-kunstpflanze-52-cm-kuenstliche-pflanze-regalino\"]}]},{\"@type\":\"ImageObject\",\"inLanguage\":\"de\",\"@id\":\"https:\\\/\\\/Regalino-Shop.de\\\/?product=eukalyptus-kunstpflanze-52-cm-kuenstliche-pflanze-regalino#primaryimage\",\"url\":\"https:\\\/\\\/Regalino-Shop.de\\\/wp-content\\\/uploads\\\/2026\\\/02\\\/9882-00.jpg\",\"contentUrl\":\"https:\\\/\\\/Regalino-Shop.de\\\/wp-content\\\/uploads\\\/2026\\\/02\\\/9882-00.jpg\",\"width\":1400,\"height\":1400},{\"@type\":\"BreadcrumbList\",\"@id\":\"https:\\\/\\\/Regalino-Shop.de\\\/?product=eukalyptus-kunstpflanze-52-cm-kuenstliche-pflanze-regalino#breadcrumb\",\"itemListElement\":[{\"@type\":\"ListItem\",\"position\":1,\"name\":\"Startseite\",\"item\":\"https:\\\/\\\/Regalino-Shop.de\\\/\"},{\"@type\":\"ListItem\",\"position\":2,\"name\":\"Shop\",\"item\":\"https:\\\/\\\/Regalino-Shop.de\\\/?page_id=40\"},{\"@type\":\"ListItem\",\"position\":3,\"name\":\"Eucalyptus Kunstpflanze H 52cm\"}]},{\"@type\":\"WebSite\",\"@id\":\"https:\\\/\\\/Regalino-Shop.de\\\/#website\",\"url\":\"https:\\\/\\\/Regalino-Shop.de\\\/\",\"name\":\"Regalino -Lively Style\",\"description\":\"gelebtes Zuhause\",\"potentialAction\":[{\"@type\":\"SearchAction\",\"target\":{\"@type\":\"EntryPoint\",\"urlTemplate\":\"https:\\\/\\\/Regalino-Shop.de\\\/?s={search_term_string}\"},\"query-input\":{\"@type\":\"PropertyValueSpecification\",\"valueRequired\":true,\"valueName\":\"search_term_string\"}}],\"inLanguage\":\"de\"}]}<\/script>\n<!-- \/ Yoast SEO plugin. -->","yoast_head_json":{"title":"Eucalyptus Kunstpflanze  H 52cm - Regalino -Lively Style","description":"Nat\u00fcrlich wirkender Eukalyptus als Kunstpflanze von Ib Laursen. Pflegefrei, langlebig und ideal f\u00fcr ruhige gr\u00fcne Wohnakzente","robots":{"index":"index","follow":"follow","max-snippet":"max-snippet:-1","max-image-preview":"max-image-preview:large","max-video-preview":"max-video-preview:-1"},"canonical":"https:\/\/Regalino-Shop.de\/?product=eukalyptus-kunstpflanze-52-cm-kuenstliche-pflanze-regalino","og_locale":"de_DE","og_type":"article","og_title":"Eucalyptus Kunstpflanze  H 52cm - Regalino -Lively Style","og_description":"Nat\u00fcrlich wirkender Eukalyptus als Kunstpflanze von Ib Laursen. Pflegefrei, langlebig und ideal f\u00fcr ruhige gr\u00fcne Wohnakzente","og_url":"https:\/\/Regalino-Shop.de\/?product=eukalyptus-kunstpflanze-52-cm-kuenstliche-pflanze-regalino","og_site_name":"Regalino -Lively Style","article_modified_time":"2026-02-28T14:41:22+00:00","og_image":[{"width":1400,"height":1400,"url":"https:\/\/Regalino-Shop.de\/wp-content\/uploads\/2026\/02\/9882-00.jpg","type":"image\/jpeg"}],"twitter_card":"summary_large_image","twitter_misc":{"Gesch\u00e4tzte Lesezeit":"1\u00a0Minute"},"schema":{"@context":"https:\/\/schema.org","@graph":[{"@type":"WebPage","@id":"https:\/\/Regalino-Shop.de\/?product=eukalyptus-kunstpflanze-52-cm-kuenstliche-pflanze-regalino","url":"https:\/\/Regalino-Shop.de\/?product=eukalyptus-kunstpflanze-52-cm-kuenstliche-pflanze-regalino","name":"Eucalyptus Kunstpflanze H 52cm - Regalino -Lively Style","isPartOf":{"@id":"https:\/\/Regalino-Shop.de\/#website"},"primaryImageOfPage":{"@id":"https:\/\/Regalino-Shop.de\/?product=eukalyptus-kunstpflanze-52-cm-kuenstliche-pflanze-regalino#primaryimage"},"image":{"@id":"https:\/\/Regalino-Shop.de\/?product=eukalyptus-kunstpflanze-52-cm-kuenstliche-pflanze-regalino#primaryimage"},"thumbnailUrl":"https:\/\/Regalino-Shop.de\/wp-content\/uploads\/2026\/02\/9882-00.jpg","datePublished":"2026-02-22T21:37:46+00:00","dateModified":"2026-02-28T14:41:22+00:00","description":"Nat\u00fcrlich wirkender Eukalyptus als Kunstpflanze von Ib Laursen. Pflegefrei, langlebig und ideal f\u00fcr ruhige gr\u00fcne Wohnakzente","breadcrumb":{"@id":"https:\/\/Regalino-Shop.de\/?product=eukalyptus-kunstpflanze-52-cm-kuenstliche-pflanze-regalino#breadcrumb"},"inLanguage":"de","potentialAction":[{"@type":"ReadAction","target":["https:\/\/Regalino-Shop.de\/?product=eukalyptus-kunstpflanze-52-cm-kuenstliche-pflanze-regalino"]}]},{"@type":"ImageObject","inLanguage":"de","@id":"https:\/\/Regalino-Shop.de\/?product=eukalyptus-kunstpflanze-52-cm-kuenstliche-pflanze-regalino#primaryimage","url":"https:\/\/Regalino-Shop.de\/wp-content\/uploads\/2026\/02\/9882-00.jpg","contentUrl":"https:\/\/Regalino-Shop.de\/wp-content\/uploads\/2026\/02\/9882-00.jpg","width":1400,"height":1400},{"@type":"BreadcrumbList","@id":"https:\/\/Regalino-Shop.de\/?product=eukalyptus-kunstpflanze-52-cm-kuenstliche-pflanze-regalino#breadcrumb","itemListElement":[{"@type":"ListItem","position":1,"name":"Startseite","item":"https:\/\/Regalino-Shop.de\/"},{"@type":"ListItem","position":2,"name":"Shop","item":"https:\/\/Regalino-Shop.de\/?page_id=40"},{"@type":"ListItem","position":3,"name":"Eucalyptus Kunstpflanze H 52cm"}]},{"@type":"WebSite","@id":"https:\/\/Regalino-Shop.de\/#website","url":"https:\/\/Regalino-Shop.de\/","name":"Regalino -Lively Style","description":"gelebtes Zuhause","potentialAction":[{"@type":"SearchAction","target":{"@type":"EntryPoint","urlTemplate":"https:\/\/Regalino-Shop.de\/?s={search_term_string}"},"query-input":{"@type":"PropertyValueSpecification","valueRequired":true,"valueName":"search_term_string"}}],"inLanguage":"de"}]}},"_links":{"self":[{"href":"https:\/\/Regalino-Shop.de\/index.php?rest_route=\/wp\/v2\/product\/17910","targetHints":{"allow":["GET"]}}],"collection":[{"href":"https:\/\/Regalino-Shop.de\/index.php?rest_route=\/wp\/v2\/product"}],"about":[{"href":"https:\/\/Regalino-Shop.de\/index.php?rest_route=\/wp\/v2\/types\/product"}],"wp:featuredmedia":[{"embeddable":true,"href":"https:\/\/Regalino-Shop.de\/index.php?rest_route=\/wp\/v2\/media\/17912"}],"wp:attachment":[{"href":"https:\/\/Regalino-Shop.de\/index.php?rest_route=%2Fwp%2Fv2%2Fmedia&parent=17910"}],"wp:term":[{"taxonomy":"product_brand","embeddable":true,"href":"https:\/\/Regalino-Shop.de\/index.php?rest_route=%2Fwp%2Fv2%2Fproduct_brand&post=17910"},{"taxonomy":"product_cat","embeddable":true,"href":"https:\/\/Regalino-Shop.de\/index.php?rest_route=%2Fwp%2Fv2%2Fproduct_cat&post=17910"},{"taxonomy":"product_tag","embeddable":true,"href":"https:\/\/Regalino-Shop.de\/index.php?rest_route=%2Fwp%2Fv2%2Fproduct_tag&post=17910"}],"curies":[{"name":"wp","href":"https:\/\/api.w.org\/{rel}","templated":true}]}}