{"id":17916,"date":"2026-02-22T23:12:11","date_gmt":"2026-02-22T23:12:11","guid":{"rendered":"https:\/\/Regalino-Shop.de\/?post_type=product&#038;p=17916"},"modified":"2026-02-27T06:27:22","modified_gmt":"2026-02-27T06:27:22","slug":"tischlaeufer-fiora-natural-45x150-baumwoll-tischlaeufer-regalino","status":"publish","type":"product","link":"https:\/\/Regalino-Shop.de\/?product=tischlaeufer-fiora-natural-45x150-baumwoll-tischlaeufer-regalino","title":{"rendered":"Tischl\u00e4ufer *Fiora* 45x150cm"},"content":{"rendered":"","protected":false},"excerpt":{"rendered":"<h3 data-start=\"175\" data-end=\"420\">Tischl\u00e4ufer <strong data-start=\"191\" data-end=\"200\">FIORA<\/strong><\/h3>\n<p data-start=\"175\" data-end=\"420\">bringt mit seinen feinen Streifen eine ruhige Struktur auf den Tisch und schafft eine nat\u00fcrliche, harmonische Atmosph\u00e4re. Das dezente Design wirkt zeitlos und l\u00e4sst sich m\u00fchelos mit Keramik, Glas und Leinen kombinieren.<\/p>\n<p data-start=\"422\" data-end=\"578\">Gefertigt aus reiner Baumwolle und nach OEKO-TEX\u00ae STANDARD 100 zertifiziert, verbindet FIORA Alltagstauglichkeit mit einem entspannten, nordischen Ausdruck.<\/p>\n<p data-start=\"580\" data-end=\"638\">Ein stilles Detail, das den Tisch sofort wohnlicher macht.<\/p>\n<hr data-start=\"640\" data-end=\"643\" \/>\n<h3 data-start=\"645\" data-end=\"658\">Details<\/h3>\n<ul data-start=\"659\" data-end=\"826\">\n<li data-start=\"659\" data-end=\"683\">\n<p data-start=\"661\" data-end=\"683\">Gr\u00f6\u00dfe: <strong data-start=\"668\" data-end=\"683\">45 \u00d7 150 cm<\/strong><\/p>\n<\/li>\n<li data-start=\"684\" data-end=\"704\">\n<p data-start=\"686\" data-end=\"704\">Farbe: <strong data-start=\"693\" data-end=\"704\">Natural<\/strong><\/p>\n<\/li>\n<li data-start=\"705\" data-end=\"736\">\n<p data-start=\"707\" data-end=\"736\">Material: <strong data-start=\"717\" data-end=\"736\">100 % Baumwolle<\/strong><\/p>\n<\/li>\n<li data-start=\"737\" data-end=\"761\">\n<p data-start=\"739\" data-end=\"761\">OEKO-TEX\u00ae STANDARD 100<\/p>\n<\/li>\n<li data-start=\"762\" data-end=\"785\">\n<p data-start=\"764\" data-end=\"785\">feines Streifenmuster<\/p>\n<\/li>\n<li data-start=\"786\" data-end=\"826\">\n<p data-start=\"788\" data-end=\"826\">pflegeleicht &amp; vielseitig kombinierbar<\/p>\n<\/li>\n<\/ul>\n<hr data-start=\"828\" data-end=\"831\" \/>\n<h3 data-start=\"833\" data-end=\"851\">Pflegehinweise<\/h3>\n<ul data-start=\"852\" data-end=\"981\">\n<li data-start=\"852\" data-end=\"876\">\n<p data-start=\"854\" data-end=\"876\">40 \u00b0C Schonwaschgang<\/p>\n<\/li>\n<li data-start=\"877\" data-end=\"895\">\n<p data-start=\"879\" data-end=\"895\">nicht bleichen<\/p>\n<\/li>\n<li data-start=\"896\" data-end=\"922\">\n<p data-start=\"898\" data-end=\"922\">b\u00fcgeln bis max. 150 \u00b0C<\/p>\n<\/li>\n<li data-start=\"923\" data-end=\"954\">\n<p data-start=\"925\" data-end=\"954\">chemische Reinigung m\u00f6glich<\/p>\n<\/li>\n<li data-start=\"955\" data-end=\"981\">\n<p data-start=\"957\" data-end=\"981\">nicht trocknergeeignet<\/p>\n<\/li>\n<\/ul>\n<hr data-start=\"983\" data-end=\"986\" \/>\n<h3 data-start=\"988\" data-end=\"1016\">\ud83e\udd0d Regalino Styling-Tipp<\/h3>\n<p data-start=\"1017\" data-end=\"1160\">Besonders sch\u00f6n l\u00e4ngs \u00fcber den Tisch gelegt und mit Kerzen, Glasvasen oder Naturzweigen kombiniert \u2014 wirkt ruhig, modern und bewusst reduziert<\/p>\n<p>Lieferumfang: 1 Tischl\u00e4ufer<\/p>\n<p>&nbsp;<\/p>\n<p>&nbsp;<\/p>\n<p>&nbsp;<\/p>\n","protected":false},"featured_media":17917,"template":"","meta":{"_et_pb_use_builder":"","_et_pb_old_content":"","_et_gb_content_width":""},"product_brand":[2469],"product_cat":[57,68],"product_tag":[2478,2461,2479,1986,2477,373,2476],"class_list":{"0":"post-17916","1":"product","2":"type-product","3":"status-publish","4":"has-post-thumbnail","6":"product_brand-pad-concept","7":"product_cat-neu-eingetroffen-neue-lieblingsstuecke-bei-regalino","8":"product_cat-wohntextilien-fuer-ein-stilvolles-zuhause-regalino","9":"product_tag-gestreifter-tischlaeufer","10":"product_tag-nordische-tischdekoration","11":"product_tag-oeko-tex-tischlaeufer","12":"product_tag-regalino","13":"product_tag-tischdeko-natural","14":"product_tag-tischlaeufer","15":"product_tag-tischlaeufer-baumwolle","17":"first","18":"instock","19":"taxable","20":"shipping-taxable","21":"purchasable","22":"product-type-simple"},"yoast_head":"<!-- This site is optimized with the Yoast SEO plugin v27.3 - https:\/\/yoast.com\/product\/yoast-seo-wordpress\/ -->\n<title>Tischl\u00e4ufer *Fiora* 45x150cm - Regalino -Lively Style<\/title>\n<meta name=\"description\" content=\"Baumwoll Tischl\u00e4ufer FIORA in Natural mit feinen Streifen. Zeitlose Tischdekoration im nordischen Stil.\" \/>\n<meta name=\"robots\" content=\"index, follow, max-snippet:-1, max-image-preview:large, max-video-preview:-1\" \/>\n<link rel=\"canonical\" href=\"https:\/\/Regalino-Shop.de\/?product=tischlaeufer-fiora-natural-45x150-baumwoll-tischlaeufer-regalino\" \/>\n<meta property=\"og:locale\" content=\"de_DE\" \/>\n<meta property=\"og:type\" content=\"article\" \/>\n<meta property=\"og:title\" content=\"Tischl\u00e4ufer *Fiora* 45x150cm - Regalino -Lively Style\" \/>\n<meta property=\"og:description\" content=\"Baumwoll Tischl\u00e4ufer FIORA in Natural mit feinen Streifen. Zeitlose Tischdekoration im nordischen Stil.\" \/>\n<meta property=\"og:url\" content=\"https:\/\/Regalino-Shop.de\/?product=tischlaeufer-fiora-natural-45x150-baumwoll-tischlaeufer-regalino\" \/>\n<meta property=\"og:site_name\" content=\"Regalino -Lively Style\" \/>\n<meta property=\"article:modified_time\" content=\"2026-02-27T06:27:22+00:00\" \/>\n<meta property=\"og:image\" content=\"https:\/\/Regalino-Shop.de\/wp-content\/uploads\/2026\/02\/FIORA-45x150-natural_Tischlaeufer.jpg\" \/>\n\t<meta property=\"og:image:width\" content=\"1772\" \/>\n\t<meta property=\"og:image:height\" content=\"1772\" \/>\n\t<meta property=\"og:image:type\" content=\"image\/jpeg\" \/>\n<meta name=\"twitter:card\" content=\"summary_large_image\" \/>\n<meta name=\"twitter:label1\" content=\"Gesch\u00e4tzte Lesezeit\" \/>\n\t<meta name=\"twitter:data1\" content=\"1\u00a0Minute\" \/>\n<script type=\"application\/ld+json\" class=\"yoast-schema-graph\">{\"@context\":\"https:\\\/\\\/schema.org\",\"@graph\":[{\"@type\":\"WebPage\",\"@id\":\"https:\\\/\\\/Regalino-Shop.de\\\/?product=tischlaeufer-fiora-natural-45x150-baumwoll-tischlaeufer-regalino\",\"url\":\"https:\\\/\\\/Regalino-Shop.de\\\/?product=tischlaeufer-fiora-natural-45x150-baumwoll-tischlaeufer-regalino\",\"name\":\"Tischl\u00e4ufer *Fiora* 45x150cm - Regalino -Lively Style\",\"isPartOf\":{\"@id\":\"https:\\\/\\\/Regalino-Shop.de\\\/#website\"},\"primaryImageOfPage\":{\"@id\":\"https:\\\/\\\/Regalino-Shop.de\\\/?product=tischlaeufer-fiora-natural-45x150-baumwoll-tischlaeufer-regalino#primaryimage\"},\"image\":{\"@id\":\"https:\\\/\\\/Regalino-Shop.de\\\/?product=tischlaeufer-fiora-natural-45x150-baumwoll-tischlaeufer-regalino#primaryimage\"},\"thumbnailUrl\":\"https:\\\/\\\/Regalino-Shop.de\\\/wp-content\\\/uploads\\\/2026\\\/02\\\/FIORA-45x150-natural_Tischlaeufer.jpg\",\"datePublished\":\"2026-02-22T23:12:11+00:00\",\"dateModified\":\"2026-02-27T06:27:22+00:00\",\"description\":\"Baumwoll Tischl\u00e4ufer FIORA in Natural mit feinen Streifen. Zeitlose Tischdekoration im nordischen Stil.\",\"breadcrumb\":{\"@id\":\"https:\\\/\\\/Regalino-Shop.de\\\/?product=tischlaeufer-fiora-natural-45x150-baumwoll-tischlaeufer-regalino#breadcrumb\"},\"inLanguage\":\"de\",\"potentialAction\":[{\"@type\":\"ReadAction\",\"target\":[\"https:\\\/\\\/Regalino-Shop.de\\\/?product=tischlaeufer-fiora-natural-45x150-baumwoll-tischlaeufer-regalino\"]}]},{\"@type\":\"ImageObject\",\"inLanguage\":\"de\",\"@id\":\"https:\\\/\\\/Regalino-Shop.de\\\/?product=tischlaeufer-fiora-natural-45x150-baumwoll-tischlaeufer-regalino#primaryimage\",\"url\":\"https:\\\/\\\/Regalino-Shop.de\\\/wp-content\\\/uploads\\\/2026\\\/02\\\/FIORA-45x150-natural_Tischlaeufer.jpg\",\"contentUrl\":\"https:\\\/\\\/Regalino-Shop.de\\\/wp-content\\\/uploads\\\/2026\\\/02\\\/FIORA-45x150-natural_Tischlaeufer.jpg\",\"width\":1772,\"height\":1772,\"caption\":\"Tischl\u00e4ufer FIORA aus Baumwolle in Natural mit feinem Streifenmuster\"},{\"@type\":\"BreadcrumbList\",\"@id\":\"https:\\\/\\\/Regalino-Shop.de\\\/?product=tischlaeufer-fiora-natural-45x150-baumwoll-tischlaeufer-regalino#breadcrumb\",\"itemListElement\":[{\"@type\":\"ListItem\",\"position\":1,\"name\":\"Startseite\",\"item\":\"https:\\\/\\\/Regalino-Shop.de\\\/\"},{\"@type\":\"ListItem\",\"position\":2,\"name\":\"Shop\",\"item\":\"https:\\\/\\\/Regalino-Shop.de\\\/?page_id=40\"},{\"@type\":\"ListItem\",\"position\":3,\"name\":\"Tischl\u00e4ufer *Fiora* 45x150cm\"}]},{\"@type\":\"WebSite\",\"@id\":\"https:\\\/\\\/Regalino-Shop.de\\\/#website\",\"url\":\"https:\\\/\\\/Regalino-Shop.de\\\/\",\"name\":\"Regalino -Lively Style\",\"description\":\"gelebtes Zuhause\",\"potentialAction\":[{\"@type\":\"SearchAction\",\"target\":{\"@type\":\"EntryPoint\",\"urlTemplate\":\"https:\\\/\\\/Regalino-Shop.de\\\/?s={search_term_string}\"},\"query-input\":{\"@type\":\"PropertyValueSpecification\",\"valueRequired\":true,\"valueName\":\"search_term_string\"}}],\"inLanguage\":\"de\"}]}<\/script>\n<!-- \/ Yoast SEO plugin. -->","yoast_head_json":{"title":"Tischl\u00e4ufer *Fiora* 45x150cm - Regalino -Lively Style","description":"Baumwoll Tischl\u00e4ufer FIORA in Natural mit feinen Streifen. Zeitlose Tischdekoration im nordischen Stil.","robots":{"index":"index","follow":"follow","max-snippet":"max-snippet:-1","max-image-preview":"max-image-preview:large","max-video-preview":"max-video-preview:-1"},"canonical":"https:\/\/Regalino-Shop.de\/?product=tischlaeufer-fiora-natural-45x150-baumwoll-tischlaeufer-regalino","og_locale":"de_DE","og_type":"article","og_title":"Tischl\u00e4ufer *Fiora* 45x150cm - Regalino -Lively Style","og_description":"Baumwoll Tischl\u00e4ufer FIORA in Natural mit feinen Streifen. Zeitlose Tischdekoration im nordischen Stil.","og_url":"https:\/\/Regalino-Shop.de\/?product=tischlaeufer-fiora-natural-45x150-baumwoll-tischlaeufer-regalino","og_site_name":"Regalino -Lively Style","article_modified_time":"2026-02-27T06:27:22+00:00","og_image":[{"width":1772,"height":1772,"url":"https:\/\/Regalino-Shop.de\/wp-content\/uploads\/2026\/02\/FIORA-45x150-natural_Tischlaeufer.jpg","type":"image\/jpeg"}],"twitter_card":"summary_large_image","twitter_misc":{"Gesch\u00e4tzte Lesezeit":"1\u00a0Minute"},"schema":{"@context":"https:\/\/schema.org","@graph":[{"@type":"WebPage","@id":"https:\/\/Regalino-Shop.de\/?product=tischlaeufer-fiora-natural-45x150-baumwoll-tischlaeufer-regalino","url":"https:\/\/Regalino-Shop.de\/?product=tischlaeufer-fiora-natural-45x150-baumwoll-tischlaeufer-regalino","name":"Tischl\u00e4ufer *Fiora* 45x150cm - Regalino -Lively Style","isPartOf":{"@id":"https:\/\/Regalino-Shop.de\/#website"},"primaryImageOfPage":{"@id":"https:\/\/Regalino-Shop.de\/?product=tischlaeufer-fiora-natural-45x150-baumwoll-tischlaeufer-regalino#primaryimage"},"image":{"@id":"https:\/\/Regalino-Shop.de\/?product=tischlaeufer-fiora-natural-45x150-baumwoll-tischlaeufer-regalino#primaryimage"},"thumbnailUrl":"https:\/\/Regalino-Shop.de\/wp-content\/uploads\/2026\/02\/FIORA-45x150-natural_Tischlaeufer.jpg","datePublished":"2026-02-22T23:12:11+00:00","dateModified":"2026-02-27T06:27:22+00:00","description":"Baumwoll Tischl\u00e4ufer FIORA in Natural mit feinen Streifen. Zeitlose Tischdekoration im nordischen Stil.","breadcrumb":{"@id":"https:\/\/Regalino-Shop.de\/?product=tischlaeufer-fiora-natural-45x150-baumwoll-tischlaeufer-regalino#breadcrumb"},"inLanguage":"de","potentialAction":[{"@type":"ReadAction","target":["https:\/\/Regalino-Shop.de\/?product=tischlaeufer-fiora-natural-45x150-baumwoll-tischlaeufer-regalino"]}]},{"@type":"ImageObject","inLanguage":"de","@id":"https:\/\/Regalino-Shop.de\/?product=tischlaeufer-fiora-natural-45x150-baumwoll-tischlaeufer-regalino#primaryimage","url":"https:\/\/Regalino-Shop.de\/wp-content\/uploads\/2026\/02\/FIORA-45x150-natural_Tischlaeufer.jpg","contentUrl":"https:\/\/Regalino-Shop.de\/wp-content\/uploads\/2026\/02\/FIORA-45x150-natural_Tischlaeufer.jpg","width":1772,"height":1772,"caption":"Tischl\u00e4ufer FIORA aus Baumwolle in Natural mit feinem Streifenmuster"},{"@type":"BreadcrumbList","@id":"https:\/\/Regalino-Shop.de\/?product=tischlaeufer-fiora-natural-45x150-baumwoll-tischlaeufer-regalino#breadcrumb","itemListElement":[{"@type":"ListItem","position":1,"name":"Startseite","item":"https:\/\/Regalino-Shop.de\/"},{"@type":"ListItem","position":2,"name":"Shop","item":"https:\/\/Regalino-Shop.de\/?page_id=40"},{"@type":"ListItem","position":3,"name":"Tischl\u00e4ufer *Fiora* 45x150cm"}]},{"@type":"WebSite","@id":"https:\/\/Regalino-Shop.de\/#website","url":"https:\/\/Regalino-Shop.de\/","name":"Regalino -Lively Style","description":"gelebtes Zuhause","potentialAction":[{"@type":"SearchAction","target":{"@type":"EntryPoint","urlTemplate":"https:\/\/Regalino-Shop.de\/?s={search_term_string}"},"query-input":{"@type":"PropertyValueSpecification","valueRequired":true,"valueName":"search_term_string"}}],"inLanguage":"de"}]}},"_links":{"self":[{"href":"https:\/\/Regalino-Shop.de\/index.php?rest_route=\/wp\/v2\/product\/17916","targetHints":{"allow":["GET"]}}],"collection":[{"href":"https:\/\/Regalino-Shop.de\/index.php?rest_route=\/wp\/v2\/product"}],"about":[{"href":"https:\/\/Regalino-Shop.de\/index.php?rest_route=\/wp\/v2\/types\/product"}],"wp:featuredmedia":[{"embeddable":true,"href":"https:\/\/Regalino-Shop.de\/index.php?rest_route=\/wp\/v2\/media\/17917"}],"wp:attachment":[{"href":"https:\/\/Regalino-Shop.de\/index.php?rest_route=%2Fwp%2Fv2%2Fmedia&parent=17916"}],"wp:term":[{"taxonomy":"product_brand","embeddable":true,"href":"https:\/\/Regalino-Shop.de\/index.php?rest_route=%2Fwp%2Fv2%2Fproduct_brand&post=17916"},{"taxonomy":"product_cat","embeddable":true,"href":"https:\/\/Regalino-Shop.de\/index.php?rest_route=%2Fwp%2Fv2%2Fproduct_cat&post=17916"},{"taxonomy":"product_tag","embeddable":true,"href":"https:\/\/Regalino-Shop.de\/index.php?rest_route=%2Fwp%2Fv2%2Fproduct_tag&post=17916"}],"curies":[{"name":"wp","href":"https:\/\/api.w.org\/{rel}","templated":true}]}}