{"id":17918,"date":"2026-02-22T23:26:55","date_gmt":"2026-02-22T23:26:55","guid":{"rendered":"https:\/\/Regalino-Shop.de\/?post_type=product&#038;p=17918"},"modified":"2026-03-24T11:07:47","modified_gmt":"2026-03-24T11:07:47","slug":"kissenhuelle-siya-beige-50x50-natur-kissenhuelle-regalino","status":"publish","type":"product","link":"https:\/\/Regalino-Shop.de\/?product=kissenhuelle-siya-beige-50x50-natur-kissenhuelle-regalino","title":{"rendered":"Kissenh\u00fclle *Siya* beige 50x50cm"},"content":{"rendered":"","protected":false},"excerpt":{"rendered":"<h3 data-start=\"263\" data-end=\"520\">Kissenh\u00fclle <strong data-start=\"279\" data-end=\"287\">SIYA<\/strong><\/h3>\n<p data-start=\"263\" data-end=\"520\">bringt mit ihrem warmen Beigeton eine angenehme Leichtigkeit ins Zuhause. Die feine Struktur aus Baumwolle mit einem kleinen Leinenanteil wirkt lebendig, ohne laut zu sein, und l\u00e4sst sich wunderbar mit anderen Textilien kombinieren.<\/p>\n<p data-start=\"522\" data-end=\"590\">Ein Kissen f\u00fcr entspannte Sofamomente \u2014 schlicht, weich und zeitlos.<\/p>\n<p data-start=\"592\" data-end=\"609\">\n<h3 data-start=\"616\" data-end=\"629\">\u00a0Details<\/h3>\n<ul data-start=\"630\" data-end=\"811\">\n<li data-start=\"630\" data-end=\"653\">\n<p data-start=\"632\" data-end=\"653\">Gr\u00f6\u00dfe: <strong data-start=\"639\" data-end=\"653\">50 \u00d7 50 cm<\/strong><\/p>\n<\/li>\n<li data-start=\"654\" data-end=\"668\">\n<p data-start=\"656\" data-end=\"668\">Farbe: Beige<\/p>\n<\/li>\n<li data-start=\"669\" data-end=\"737\">\n<p data-start=\"671\" data-end=\"737\">Material:<br data-start=\"680\" data-end=\"683\" \/>53 % Baumwolle<br data-start=\"699\" data-end=\"702\" \/>45 % Polybaumwolle<br data-start=\"722\" data-end=\"725\" \/>2 % Leinen<\/p>\n<\/li>\n<li data-start=\"738\" data-end=\"758\">\n<p data-start=\"740\" data-end=\"758\">doppellagiger Saum<\/p>\n<\/li>\n<li data-start=\"759\" data-end=\"782\">\n<p data-start=\"761\" data-end=\"782\">hergestellt in Europa<\/p>\n<\/li>\n<li data-start=\"783\" data-end=\"811\">\n<p data-start=\"785\" data-end=\"811\">Lieferung <strong data-start=\"795\" data-end=\"811\">ohne F\u00fcllung\u00a0<\/strong><\/p>\n<\/li>\n<\/ul>\n<hr data-start=\"813\" data-end=\"816\" \/>\n<h3 data-start=\"818\" data-end=\"836\">Pflegehinweise<\/h3>\n<ul data-start=\"837\" data-end=\"952\">\n<li data-start=\"837\" data-end=\"861\">\n<p data-start=\"839\" data-end=\"861\">30 \u00b0C Schonwaschgang<\/p>\n<\/li>\n<li data-start=\"862\" data-end=\"880\">\n<p data-start=\"864\" data-end=\"880\">nicht bleichen<\/p>\n<\/li>\n<li data-start=\"881\" data-end=\"897\">\n<p data-start=\"883\" data-end=\"897\">nicht b\u00fcgeln<\/p>\n<\/li>\n<li data-start=\"898\" data-end=\"924\">\n<p data-start=\"900\" data-end=\"924\">nicht trocknergeeignet<\/p>\n<\/li>\n<li data-start=\"925\" data-end=\"952\">\n<p data-start=\"927\" data-end=\"952\">nicht chemisch reinigen<\/p>\n<\/li>\n<\/ul>\n<hr data-start=\"954\" data-end=\"957\" \/>\n<h3 data-start=\"959\" data-end=\"987\">\ud83e\udd0d Regalino Styling-Tipp<\/h3>\n<p data-start=\"988\" data-end=\"1130\">Besonders sch\u00f6n als ruhige Basis zwischen strukturierten oder gemusterten Kissen. Mehrere Naturt\u00f6ne zusammen wirken sofort weich und wohnlich<\/p>\n<p>Lieferumfang: 1 Kissenh\u00fclle<\/p>\n<p>&nbsp;<\/p>\n<p>&nbsp;<\/p>\n<p>&nbsp;<\/p>\n","protected":false},"featured_media":17919,"template":"","meta":{"_et_pb_use_builder":"","_et_pb_old_content":"","_et_gb_content_width":""},"product_brand":[2469],"product_cat":[57,68],"product_tag":[2484,2481,2480,2485,1986,2482,2483],"class_list":{"0":"post-17918","1":"product","2":"type-product","3":"status-publish","4":"has-post-thumbnail","6":"product_brand-pad-concept","7":"product_cat-neu-eingetroffen-neue-lieblingsstuecke-bei-regalino","8":"product_cat-wohntextilien-fuer-ein-stilvolles-zuhause-regalino","9":"product_tag-dekokissen-beige","10":"product_tag-kissenhuelle-50x50","11":"product_tag-kissenhuelle-beige","12":"product_tag-naturkissen","13":"product_tag-regalino","14":"product_tag-sofakissen-neutral","15":"product_tag-wohntextilien-nordisch","17":"first","18":"instock","19":"taxable","20":"shipping-taxable","21":"purchasable","22":"product-type-simple"},"yoast_head":"<!-- This site is optimized with the Yoast SEO plugin v27.3 - https:\/\/yoast.com\/product\/yoast-seo-wordpress\/ -->\n<title>Kissenh\u00fclle *Siya* beige 50x50cm - Regalino -Lively Style<\/title>\n<meta name=\"description\" content=\"Kissenh\u00fclle SIYA in Beige mit nat\u00fcrlicher Struktur. Zeitlose Kissenh\u00fclle 50x50 cm aus Baumwollmischung mit Leinenanteil.\" \/>\n<meta name=\"robots\" content=\"index, follow, max-snippet:-1, max-image-preview:large, max-video-preview:-1\" \/>\n<link rel=\"canonical\" href=\"https:\/\/Regalino-Shop.de\/?product=kissenhuelle-siya-beige-50x50-natur-kissenhuelle-regalino\" \/>\n<meta property=\"og:locale\" content=\"de_DE\" \/>\n<meta property=\"og:type\" content=\"article\" \/>\n<meta property=\"og:title\" content=\"Kissenh\u00fclle *Siya* beige 50x50cm - Regalino -Lively Style\" \/>\n<meta property=\"og:description\" content=\"Kissenh\u00fclle SIYA in Beige mit nat\u00fcrlicher Struktur. Zeitlose Kissenh\u00fclle 50x50 cm aus Baumwollmischung mit Leinenanteil.\" \/>\n<meta property=\"og:url\" content=\"https:\/\/Regalino-Shop.de\/?product=kissenhuelle-siya-beige-50x50-natur-kissenhuelle-regalino\" \/>\n<meta property=\"og:site_name\" content=\"Regalino -Lively Style\" \/>\n<meta property=\"article:modified_time\" content=\"2026-03-24T11:07:47+00:00\" \/>\n<meta property=\"og:image\" content=\"https:\/\/Regalino-Shop.de\/wp-content\/uploads\/2026\/02\/Siya-50x50-beige_Kissenhuelle.jpg\" \/>\n\t<meta property=\"og:image:width\" content=\"1772\" \/>\n\t<meta property=\"og:image:height\" content=\"1772\" \/>\n\t<meta property=\"og:image:type\" content=\"image\/jpeg\" \/>\n<meta name=\"twitter:card\" content=\"summary_large_image\" \/>\n<meta name=\"twitter:label1\" content=\"Gesch\u00e4tzte Lesezeit\" \/>\n\t<meta name=\"twitter:data1\" content=\"1\u00a0Minute\" \/>\n<script type=\"application\/ld+json\" class=\"yoast-schema-graph\">{\"@context\":\"https:\\\/\\\/schema.org\",\"@graph\":[{\"@type\":\"WebPage\",\"@id\":\"https:\\\/\\\/Regalino-Shop.de\\\/?product=kissenhuelle-siya-beige-50x50-natur-kissenhuelle-regalino\",\"url\":\"https:\\\/\\\/Regalino-Shop.de\\\/?product=kissenhuelle-siya-beige-50x50-natur-kissenhuelle-regalino\",\"name\":\"Kissenh\u00fclle *Siya* beige 50x50cm - Regalino -Lively Style\",\"isPartOf\":{\"@id\":\"https:\\\/\\\/Regalino-Shop.de\\\/#website\"},\"primaryImageOfPage\":{\"@id\":\"https:\\\/\\\/Regalino-Shop.de\\\/?product=kissenhuelle-siya-beige-50x50-natur-kissenhuelle-regalino#primaryimage\"},\"image\":{\"@id\":\"https:\\\/\\\/Regalino-Shop.de\\\/?product=kissenhuelle-siya-beige-50x50-natur-kissenhuelle-regalino#primaryimage\"},\"thumbnailUrl\":\"https:\\\/\\\/Regalino-Shop.de\\\/wp-content\\\/uploads\\\/2026\\\/02\\\/Siya-50x50-beige_Kissenhuelle.jpg\",\"datePublished\":\"2026-02-22T23:26:55+00:00\",\"dateModified\":\"2026-03-24T11:07:47+00:00\",\"description\":\"Kissenh\u00fclle SIYA in Beige mit nat\u00fcrlicher Struktur. Zeitlose Kissenh\u00fclle 50x50 cm aus Baumwollmischung mit Leinenanteil.\",\"breadcrumb\":{\"@id\":\"https:\\\/\\\/Regalino-Shop.de\\\/?product=kissenhuelle-siya-beige-50x50-natur-kissenhuelle-regalino#breadcrumb\"},\"inLanguage\":\"de\",\"potentialAction\":[{\"@type\":\"ReadAction\",\"target\":[\"https:\\\/\\\/Regalino-Shop.de\\\/?product=kissenhuelle-siya-beige-50x50-natur-kissenhuelle-regalino\"]}]},{\"@type\":\"ImageObject\",\"inLanguage\":\"de\",\"@id\":\"https:\\\/\\\/Regalino-Shop.de\\\/?product=kissenhuelle-siya-beige-50x50-natur-kissenhuelle-regalino#primaryimage\",\"url\":\"https:\\\/\\\/Regalino-Shop.de\\\/wp-content\\\/uploads\\\/2026\\\/02\\\/Siya-50x50-beige_Kissenhuelle.jpg\",\"contentUrl\":\"https:\\\/\\\/Regalino-Shop.de\\\/wp-content\\\/uploads\\\/2026\\\/02\\\/Siya-50x50-beige_Kissenhuelle.jpg\",\"width\":1772,\"height\":1772,\"caption\":\"Beige Kissenh\u00fclle SIYA 50x50 cm mit nat\u00fcrlicher Struktur im nordischen Wohnstil\"},{\"@type\":\"BreadcrumbList\",\"@id\":\"https:\\\/\\\/Regalino-Shop.de\\\/?product=kissenhuelle-siya-beige-50x50-natur-kissenhuelle-regalino#breadcrumb\",\"itemListElement\":[{\"@type\":\"ListItem\",\"position\":1,\"name\":\"Startseite\",\"item\":\"https:\\\/\\\/Regalino-Shop.de\\\/\"},{\"@type\":\"ListItem\",\"position\":2,\"name\":\"Shop\",\"item\":\"https:\\\/\\\/Regalino-Shop.de\\\/?page_id=40\"},{\"@type\":\"ListItem\",\"position\":3,\"name\":\"Kissenh\u00fclle *Siya* beige 50x50cm\"}]},{\"@type\":\"WebSite\",\"@id\":\"https:\\\/\\\/Regalino-Shop.de\\\/#website\",\"url\":\"https:\\\/\\\/Regalino-Shop.de\\\/\",\"name\":\"Regalino -Lively Style\",\"description\":\"gelebtes Zuhause\",\"potentialAction\":[{\"@type\":\"SearchAction\",\"target\":{\"@type\":\"EntryPoint\",\"urlTemplate\":\"https:\\\/\\\/Regalino-Shop.de\\\/?s={search_term_string}\"},\"query-input\":{\"@type\":\"PropertyValueSpecification\",\"valueRequired\":true,\"valueName\":\"search_term_string\"}}],\"inLanguage\":\"de\"}]}<\/script>\n<!-- \/ Yoast SEO plugin. -->","yoast_head_json":{"title":"Kissenh\u00fclle *Siya* beige 50x50cm - Regalino -Lively Style","description":"Kissenh\u00fclle SIYA in Beige mit nat\u00fcrlicher Struktur. Zeitlose Kissenh\u00fclle 50x50 cm aus Baumwollmischung mit Leinenanteil.","robots":{"index":"index","follow":"follow","max-snippet":"max-snippet:-1","max-image-preview":"max-image-preview:large","max-video-preview":"max-video-preview:-1"},"canonical":"https:\/\/Regalino-Shop.de\/?product=kissenhuelle-siya-beige-50x50-natur-kissenhuelle-regalino","og_locale":"de_DE","og_type":"article","og_title":"Kissenh\u00fclle *Siya* beige 50x50cm - Regalino -Lively Style","og_description":"Kissenh\u00fclle SIYA in Beige mit nat\u00fcrlicher Struktur. Zeitlose Kissenh\u00fclle 50x50 cm aus Baumwollmischung mit Leinenanteil.","og_url":"https:\/\/Regalino-Shop.de\/?product=kissenhuelle-siya-beige-50x50-natur-kissenhuelle-regalino","og_site_name":"Regalino -Lively Style","article_modified_time":"2026-03-24T11:07:47+00:00","og_image":[{"width":1772,"height":1772,"url":"https:\/\/Regalino-Shop.de\/wp-content\/uploads\/2026\/02\/Siya-50x50-beige_Kissenhuelle.jpg","type":"image\/jpeg"}],"twitter_card":"summary_large_image","twitter_misc":{"Gesch\u00e4tzte Lesezeit":"1\u00a0Minute"},"schema":{"@context":"https:\/\/schema.org","@graph":[{"@type":"WebPage","@id":"https:\/\/Regalino-Shop.de\/?product=kissenhuelle-siya-beige-50x50-natur-kissenhuelle-regalino","url":"https:\/\/Regalino-Shop.de\/?product=kissenhuelle-siya-beige-50x50-natur-kissenhuelle-regalino","name":"Kissenh\u00fclle *Siya* beige 50x50cm - Regalino -Lively Style","isPartOf":{"@id":"https:\/\/Regalino-Shop.de\/#website"},"primaryImageOfPage":{"@id":"https:\/\/Regalino-Shop.de\/?product=kissenhuelle-siya-beige-50x50-natur-kissenhuelle-regalino#primaryimage"},"image":{"@id":"https:\/\/Regalino-Shop.de\/?product=kissenhuelle-siya-beige-50x50-natur-kissenhuelle-regalino#primaryimage"},"thumbnailUrl":"https:\/\/Regalino-Shop.de\/wp-content\/uploads\/2026\/02\/Siya-50x50-beige_Kissenhuelle.jpg","datePublished":"2026-02-22T23:26:55+00:00","dateModified":"2026-03-24T11:07:47+00:00","description":"Kissenh\u00fclle SIYA in Beige mit nat\u00fcrlicher Struktur. Zeitlose Kissenh\u00fclle 50x50 cm aus Baumwollmischung mit Leinenanteil.","breadcrumb":{"@id":"https:\/\/Regalino-Shop.de\/?product=kissenhuelle-siya-beige-50x50-natur-kissenhuelle-regalino#breadcrumb"},"inLanguage":"de","potentialAction":[{"@type":"ReadAction","target":["https:\/\/Regalino-Shop.de\/?product=kissenhuelle-siya-beige-50x50-natur-kissenhuelle-regalino"]}]},{"@type":"ImageObject","inLanguage":"de","@id":"https:\/\/Regalino-Shop.de\/?product=kissenhuelle-siya-beige-50x50-natur-kissenhuelle-regalino#primaryimage","url":"https:\/\/Regalino-Shop.de\/wp-content\/uploads\/2026\/02\/Siya-50x50-beige_Kissenhuelle.jpg","contentUrl":"https:\/\/Regalino-Shop.de\/wp-content\/uploads\/2026\/02\/Siya-50x50-beige_Kissenhuelle.jpg","width":1772,"height":1772,"caption":"Beige Kissenh\u00fclle SIYA 50x50 cm mit nat\u00fcrlicher Struktur im nordischen Wohnstil"},{"@type":"BreadcrumbList","@id":"https:\/\/Regalino-Shop.de\/?product=kissenhuelle-siya-beige-50x50-natur-kissenhuelle-regalino#breadcrumb","itemListElement":[{"@type":"ListItem","position":1,"name":"Startseite","item":"https:\/\/Regalino-Shop.de\/"},{"@type":"ListItem","position":2,"name":"Shop","item":"https:\/\/Regalino-Shop.de\/?page_id=40"},{"@type":"ListItem","position":3,"name":"Kissenh\u00fclle *Siya* beige 50x50cm"}]},{"@type":"WebSite","@id":"https:\/\/Regalino-Shop.de\/#website","url":"https:\/\/Regalino-Shop.de\/","name":"Regalino -Lively Style","description":"gelebtes Zuhause","potentialAction":[{"@type":"SearchAction","target":{"@type":"EntryPoint","urlTemplate":"https:\/\/Regalino-Shop.de\/?s={search_term_string}"},"query-input":{"@type":"PropertyValueSpecification","valueRequired":true,"valueName":"search_term_string"}}],"inLanguage":"de"}]}},"_links":{"self":[{"href":"https:\/\/Regalino-Shop.de\/index.php?rest_route=\/wp\/v2\/product\/17918","targetHints":{"allow":["GET"]}}],"collection":[{"href":"https:\/\/Regalino-Shop.de\/index.php?rest_route=\/wp\/v2\/product"}],"about":[{"href":"https:\/\/Regalino-Shop.de\/index.php?rest_route=\/wp\/v2\/types\/product"}],"wp:featuredmedia":[{"embeddable":true,"href":"https:\/\/Regalino-Shop.de\/index.php?rest_route=\/wp\/v2\/media\/17919"}],"wp:attachment":[{"href":"https:\/\/Regalino-Shop.de\/index.php?rest_route=%2Fwp%2Fv2%2Fmedia&parent=17918"}],"wp:term":[{"taxonomy":"product_brand","embeddable":true,"href":"https:\/\/Regalino-Shop.de\/index.php?rest_route=%2Fwp%2Fv2%2Fproduct_brand&post=17918"},{"taxonomy":"product_cat","embeddable":true,"href":"https:\/\/Regalino-Shop.de\/index.php?rest_route=%2Fwp%2Fv2%2Fproduct_cat&post=17918"},{"taxonomy":"product_tag","embeddable":true,"href":"https:\/\/Regalino-Shop.de\/index.php?rest_route=%2Fwp%2Fv2%2Fproduct_tag&post=17918"}],"curies":[{"name":"wp","href":"https:\/\/api.w.org\/{rel}","templated":true}]}}