{"id":17922,"date":"2026-02-23T07:26:04","date_gmt":"2026-02-23T07:26:04","guid":{"rendered":"https:\/\/Regalino-Shop.de\/?post_type=product&#038;p=17922"},"modified":"2026-02-23T07:33:25","modified_gmt":"2026-02-23T07:33:25","slug":"kissenhuelle-leda-stone-30x50-baumwoll-kissenhuelle-regalino","status":"publish","type":"product","link":"https:\/\/Regalino-Shop.de\/?product=kissenhuelle-leda-stone-30x50-baumwoll-kissenhuelle-regalino","title":{"rendered":"Kissenh\u00fclle *Leda* stone 30x50cm"},"content":{"rendered":"","protected":false},"excerpt":{"rendered":"<h3 data-start=\"140\" data-end=\"183\">Schlicht, weich und wunderbar kombinierbar<\/h3>\n<p data-start=\"185\" data-end=\"433\">Die Kissenh\u00fclle <strong data-start=\"201\" data-end=\"209\">LEDA<\/strong> in der Farbe <em data-start=\"223\" data-end=\"230\">Stone<\/em> bringt ruhige Nat\u00fcrlichkeit auf Sofa, Sessel oder Bett. Der warme, zur\u00fcckhaltende Farbton wirkt modern und zeitlos zugleich und l\u00e4sst sich m\u00fchelos mit anderen Textilien und Naturmaterialien kombinieren.<\/p>\n<p data-start=\"435\" data-end=\"605\">Gefertigt aus reiner Baumwolle \u00fcberzeugt LEDA durch eine angenehme Haptik und einen entspannten, unkomplizierten Look \u2014 genau richtig f\u00fcr ein ruhiges, wohnliches Zuhause.<\/p>\n<hr data-start=\"607\" data-end=\"610\" \/>\n<h3 data-start=\"612\" data-end=\"625\">Details<\/h3>\n<ul data-start=\"626\" data-end=\"809\">\n<li data-start=\"626\" data-end=\"649\">\n<p data-start=\"628\" data-end=\"649\">Gr\u00f6\u00dfe: <strong data-start=\"635\" data-end=\"649\">30 \u00d7 50 cm<\/strong><\/p>\n<\/li>\n<li data-start=\"650\" data-end=\"680\">\n<p data-start=\"652\" data-end=\"680\">Farbe: Stone (warmes Greige)<\/p>\n<\/li>\n<li data-start=\"681\" data-end=\"710\">\n<p data-start=\"683\" data-end=\"710\">Material: 100 % Baumwolle<\/p>\n<\/li>\n<li data-start=\"711\" data-end=\"750\">\n<p data-start=\"713\" data-end=\"750\">OEKO-TEX\u00ae STANDARD 100 zertifiziert<\/p>\n<\/li>\n<li data-start=\"751\" data-end=\"777\">\n<p data-start=\"753\" data-end=\"777\">Lieferung ohne F\u00fcllung<\/p>\n<\/li>\n<li data-start=\"778\" data-end=\"809\">40 \u00b0C Schonwaschgang<\/li>\n<\/ul>\n<ul data-start=\"835\" data-end=\"959\">\n<li data-start=\"860\" data-end=\"881\">\n<p data-start=\"862\" data-end=\"881\">b\u00fcgeln bis 150 \u00b0C<\/p>\n<\/li>\n<li data-start=\"882\" data-end=\"900\">\n<p data-start=\"884\" data-end=\"900\">nicht bleichen<\/p>\n<\/li>\n<li data-start=\"901\" data-end=\"927\">\n<p data-start=\"903\" data-end=\"927\">nicht trocknergeeignet<\/p>\n<\/li>\n<li data-start=\"928\" data-end=\"959\">\n<p data-start=\"930\" data-end=\"959\">chemische Reinigung m\u00f6glich<\/p>\n<\/li>\n<\/ul>\n<hr data-start=\"961\" data-end=\"964\" \/>\n<h3 data-start=\"966\" data-end=\"994\">\ud83e\udd0d Regalino Styling-Tipp<\/h3>\n<p data-start=\"995\" data-end=\"1142\">Besonders sch\u00f6n in Kombination mit Leinen, Streifenmustern oder hellen Naturt\u00f6nen. Die l\u00e4ngliche Form bringt sofort Ruhe in jede Kissenkombination<\/p>\n<p>Lieferumfang: 1 Kissenh\u00fclle<\/p>\n<p>&nbsp;<\/p>\n<p>&nbsp;<\/p>\n<p>&nbsp;<\/p>\n","protected":false},"featured_media":17923,"template":"","meta":{"_et_pb_use_builder":"","_et_pb_old_content":"","_et_gb_content_width":""},"product_brand":[2469],"product_cat":[57,68],"product_tag":[2492,2490,2489,2488,2493,2491,2483],"class_list":{"0":"post-17922","1":"product","2":"type-product","3":"status-publish","4":"has-post-thumbnail","6":"product_brand-pad-concept","7":"product_cat-neu-eingetroffen-neue-lieblingsstuecke-bei-regalino","8":"product_cat-wohntextilien-fuer-ein-stilvolles-zuhause-regalino","9":"product_tag-baumwollkissenhuelle","10":"product_tag-dekokissen-neutral","11":"product_tag-kissen-stone","12":"product_tag-kissenhuelle-30x50","13":"product_tag-laengliches-kissen","14":"product_tag-sofakissen-beige-grau","15":"product_tag-wohntextilien-nordisch","17":"first","18":"instock","19":"taxable","20":"shipping-taxable","21":"purchasable","22":"product-type-simple"},"yoast_head":"<!-- This site is optimized with the Yoast SEO plugin v27.3 - https:\/\/yoast.com\/product\/yoast-seo-wordpress\/ -->\n<title>Kissenh\u00fclle *Leda* stone 30x50cm - Regalino -Lively Style<\/title>\n<meta name=\"description\" content=\"Schlichte Kissenh\u00fclle LEDA in Stone aus 100 % Baumwolle. Zeitlose Kissenh\u00fclle 30x50 cm im nat\u00fcrlichen nordischen Stil\" \/>\n<meta name=\"robots\" content=\"index, follow, max-snippet:-1, max-image-preview:large, max-video-preview:-1\" \/>\n<link rel=\"canonical\" href=\"https:\/\/Regalino-Shop.de\/?product=kissenhuelle-leda-stone-30x50-baumwoll-kissenhuelle-regalino\" \/>\n<meta property=\"og:locale\" content=\"de_DE\" \/>\n<meta property=\"og:type\" content=\"article\" \/>\n<meta property=\"og:title\" content=\"Kissenh\u00fclle *Leda* stone 30x50cm - Regalino -Lively Style\" \/>\n<meta property=\"og:description\" content=\"Schlichte Kissenh\u00fclle LEDA in Stone aus 100 % Baumwolle. Zeitlose Kissenh\u00fclle 30x50 cm im nat\u00fcrlichen nordischen Stil\" \/>\n<meta property=\"og:url\" content=\"https:\/\/Regalino-Shop.de\/?product=kissenhuelle-leda-stone-30x50-baumwoll-kissenhuelle-regalino\" \/>\n<meta property=\"og:site_name\" content=\"Regalino -Lively Style\" \/>\n<meta property=\"article:modified_time\" content=\"2026-02-23T07:33:25+00:00\" \/>\n<meta property=\"og:image\" content=\"https:\/\/Regalino-Shop.de\/wp-content\/uploads\/2026\/02\/Leda-30x50-stone_Kissenhuelle_pad-concept.webp\" \/>\n\t<meta property=\"og:image:width\" content=\"1063\" \/>\n\t<meta property=\"og:image:height\" content=\"1063\" \/>\n\t<meta property=\"og:image:type\" content=\"image\/webp\" \/>\n<meta name=\"twitter:card\" content=\"summary_large_image\" \/>\n<meta name=\"twitter:label1\" content=\"Gesch\u00e4tzte Lesezeit\" \/>\n\t<meta name=\"twitter:data1\" content=\"1\u00a0Minute\" \/>\n<script type=\"application\/ld+json\" class=\"yoast-schema-graph\">{\"@context\":\"https:\\\/\\\/schema.org\",\"@graph\":[{\"@type\":\"WebPage\",\"@id\":\"https:\\\/\\\/Regalino-Shop.de\\\/?product=kissenhuelle-leda-stone-30x50-baumwoll-kissenhuelle-regalino\",\"url\":\"https:\\\/\\\/Regalino-Shop.de\\\/?product=kissenhuelle-leda-stone-30x50-baumwoll-kissenhuelle-regalino\",\"name\":\"Kissenh\u00fclle *Leda* stone 30x50cm - Regalino -Lively Style\",\"isPartOf\":{\"@id\":\"https:\\\/\\\/Regalino-Shop.de\\\/#website\"},\"primaryImageOfPage\":{\"@id\":\"https:\\\/\\\/Regalino-Shop.de\\\/?product=kissenhuelle-leda-stone-30x50-baumwoll-kissenhuelle-regalino#primaryimage\"},\"image\":{\"@id\":\"https:\\\/\\\/Regalino-Shop.de\\\/?product=kissenhuelle-leda-stone-30x50-baumwoll-kissenhuelle-regalino#primaryimage\"},\"thumbnailUrl\":\"https:\\\/\\\/Regalino-Shop.de\\\/wp-content\\\/uploads\\\/2026\\\/02\\\/Leda-30x50-stone_Kissenhuelle_pad-concept.webp\",\"datePublished\":\"2026-02-23T07:26:04+00:00\",\"dateModified\":\"2026-02-23T07:33:25+00:00\",\"description\":\"Schlichte Kissenh\u00fclle LEDA in Stone aus 100 % Baumwolle. Zeitlose Kissenh\u00fclle 30x50 cm im nat\u00fcrlichen nordischen Stil\",\"breadcrumb\":{\"@id\":\"https:\\\/\\\/Regalino-Shop.de\\\/?product=kissenhuelle-leda-stone-30x50-baumwoll-kissenhuelle-regalino#breadcrumb\"},\"inLanguage\":\"de\",\"potentialAction\":[{\"@type\":\"ReadAction\",\"target\":[\"https:\\\/\\\/Regalino-Shop.de\\\/?product=kissenhuelle-leda-stone-30x50-baumwoll-kissenhuelle-regalino\"]}]},{\"@type\":\"ImageObject\",\"inLanguage\":\"de\",\"@id\":\"https:\\\/\\\/Regalino-Shop.de\\\/?product=kissenhuelle-leda-stone-30x50-baumwoll-kissenhuelle-regalino#primaryimage\",\"url\":\"https:\\\/\\\/Regalino-Shop.de\\\/wp-content\\\/uploads\\\/2026\\\/02\\\/Leda-30x50-stone_Kissenhuelle_pad-concept.webp\",\"contentUrl\":\"https:\\\/\\\/Regalino-Shop.de\\\/wp-content\\\/uploads\\\/2026\\\/02\\\/Leda-30x50-stone_Kissenhuelle_pad-concept.webp\",\"width\":1063,\"height\":1063,\"caption\":\"Kissenh\u00fclle LEDA stone 30x50 cm aus Baumwolle in nat\u00fcrlichem neutralem Farbton\"},{\"@type\":\"BreadcrumbList\",\"@id\":\"https:\\\/\\\/Regalino-Shop.de\\\/?product=kissenhuelle-leda-stone-30x50-baumwoll-kissenhuelle-regalino#breadcrumb\",\"itemListElement\":[{\"@type\":\"ListItem\",\"position\":1,\"name\":\"Startseite\",\"item\":\"https:\\\/\\\/Regalino-Shop.de\\\/\"},{\"@type\":\"ListItem\",\"position\":2,\"name\":\"Shop\",\"item\":\"https:\\\/\\\/Regalino-Shop.de\\\/?page_id=40\"},{\"@type\":\"ListItem\",\"position\":3,\"name\":\"Kissenh\u00fclle *Leda* stone 30x50cm\"}]},{\"@type\":\"WebSite\",\"@id\":\"https:\\\/\\\/Regalino-Shop.de\\\/#website\",\"url\":\"https:\\\/\\\/Regalino-Shop.de\\\/\",\"name\":\"Regalino -Lively Style\",\"description\":\"gelebtes Zuhause\",\"potentialAction\":[{\"@type\":\"SearchAction\",\"target\":{\"@type\":\"EntryPoint\",\"urlTemplate\":\"https:\\\/\\\/Regalino-Shop.de\\\/?s={search_term_string}\"},\"query-input\":{\"@type\":\"PropertyValueSpecification\",\"valueRequired\":true,\"valueName\":\"search_term_string\"}}],\"inLanguage\":\"de\"}]}<\/script>\n<!-- \/ Yoast SEO plugin. -->","yoast_head_json":{"title":"Kissenh\u00fclle *Leda* stone 30x50cm - Regalino -Lively Style","description":"Schlichte Kissenh\u00fclle LEDA in Stone aus 100 % Baumwolle. Zeitlose Kissenh\u00fclle 30x50 cm im nat\u00fcrlichen nordischen Stil","robots":{"index":"index","follow":"follow","max-snippet":"max-snippet:-1","max-image-preview":"max-image-preview:large","max-video-preview":"max-video-preview:-1"},"canonical":"https:\/\/Regalino-Shop.de\/?product=kissenhuelle-leda-stone-30x50-baumwoll-kissenhuelle-regalino","og_locale":"de_DE","og_type":"article","og_title":"Kissenh\u00fclle *Leda* stone 30x50cm - Regalino -Lively Style","og_description":"Schlichte Kissenh\u00fclle LEDA in Stone aus 100 % Baumwolle. Zeitlose Kissenh\u00fclle 30x50 cm im nat\u00fcrlichen nordischen Stil","og_url":"https:\/\/Regalino-Shop.de\/?product=kissenhuelle-leda-stone-30x50-baumwoll-kissenhuelle-regalino","og_site_name":"Regalino -Lively Style","article_modified_time":"2026-02-23T07:33:25+00:00","og_image":[{"width":1063,"height":1063,"url":"https:\/\/Regalino-Shop.de\/wp-content\/uploads\/2026\/02\/Leda-30x50-stone_Kissenhuelle_pad-concept.webp","type":"image\/webp"}],"twitter_card":"summary_large_image","twitter_misc":{"Gesch\u00e4tzte Lesezeit":"1\u00a0Minute"},"schema":{"@context":"https:\/\/schema.org","@graph":[{"@type":"WebPage","@id":"https:\/\/Regalino-Shop.de\/?product=kissenhuelle-leda-stone-30x50-baumwoll-kissenhuelle-regalino","url":"https:\/\/Regalino-Shop.de\/?product=kissenhuelle-leda-stone-30x50-baumwoll-kissenhuelle-regalino","name":"Kissenh\u00fclle *Leda* stone 30x50cm - Regalino -Lively Style","isPartOf":{"@id":"https:\/\/Regalino-Shop.de\/#website"},"primaryImageOfPage":{"@id":"https:\/\/Regalino-Shop.de\/?product=kissenhuelle-leda-stone-30x50-baumwoll-kissenhuelle-regalino#primaryimage"},"image":{"@id":"https:\/\/Regalino-Shop.de\/?product=kissenhuelle-leda-stone-30x50-baumwoll-kissenhuelle-regalino#primaryimage"},"thumbnailUrl":"https:\/\/Regalino-Shop.de\/wp-content\/uploads\/2026\/02\/Leda-30x50-stone_Kissenhuelle_pad-concept.webp","datePublished":"2026-02-23T07:26:04+00:00","dateModified":"2026-02-23T07:33:25+00:00","description":"Schlichte Kissenh\u00fclle LEDA in Stone aus 100 % Baumwolle. Zeitlose Kissenh\u00fclle 30x50 cm im nat\u00fcrlichen nordischen Stil","breadcrumb":{"@id":"https:\/\/Regalino-Shop.de\/?product=kissenhuelle-leda-stone-30x50-baumwoll-kissenhuelle-regalino#breadcrumb"},"inLanguage":"de","potentialAction":[{"@type":"ReadAction","target":["https:\/\/Regalino-Shop.de\/?product=kissenhuelle-leda-stone-30x50-baumwoll-kissenhuelle-regalino"]}]},{"@type":"ImageObject","inLanguage":"de","@id":"https:\/\/Regalino-Shop.de\/?product=kissenhuelle-leda-stone-30x50-baumwoll-kissenhuelle-regalino#primaryimage","url":"https:\/\/Regalino-Shop.de\/wp-content\/uploads\/2026\/02\/Leda-30x50-stone_Kissenhuelle_pad-concept.webp","contentUrl":"https:\/\/Regalino-Shop.de\/wp-content\/uploads\/2026\/02\/Leda-30x50-stone_Kissenhuelle_pad-concept.webp","width":1063,"height":1063,"caption":"Kissenh\u00fclle LEDA stone 30x50 cm aus Baumwolle in nat\u00fcrlichem neutralem Farbton"},{"@type":"BreadcrumbList","@id":"https:\/\/Regalino-Shop.de\/?product=kissenhuelle-leda-stone-30x50-baumwoll-kissenhuelle-regalino#breadcrumb","itemListElement":[{"@type":"ListItem","position":1,"name":"Startseite","item":"https:\/\/Regalino-Shop.de\/"},{"@type":"ListItem","position":2,"name":"Shop","item":"https:\/\/Regalino-Shop.de\/?page_id=40"},{"@type":"ListItem","position":3,"name":"Kissenh\u00fclle *Leda* stone 30x50cm"}]},{"@type":"WebSite","@id":"https:\/\/Regalino-Shop.de\/#website","url":"https:\/\/Regalino-Shop.de\/","name":"Regalino -Lively Style","description":"gelebtes Zuhause","potentialAction":[{"@type":"SearchAction","target":{"@type":"EntryPoint","urlTemplate":"https:\/\/Regalino-Shop.de\/?s={search_term_string}"},"query-input":{"@type":"PropertyValueSpecification","valueRequired":true,"valueName":"search_term_string"}}],"inLanguage":"de"}]}},"_links":{"self":[{"href":"https:\/\/Regalino-Shop.de\/index.php?rest_route=\/wp\/v2\/product\/17922","targetHints":{"allow":["GET"]}}],"collection":[{"href":"https:\/\/Regalino-Shop.de\/index.php?rest_route=\/wp\/v2\/product"}],"about":[{"href":"https:\/\/Regalino-Shop.de\/index.php?rest_route=\/wp\/v2\/types\/product"}],"wp:featuredmedia":[{"embeddable":true,"href":"https:\/\/Regalino-Shop.de\/index.php?rest_route=\/wp\/v2\/media\/17923"}],"wp:attachment":[{"href":"https:\/\/Regalino-Shop.de\/index.php?rest_route=%2Fwp%2Fv2%2Fmedia&parent=17922"}],"wp:term":[{"taxonomy":"product_brand","embeddable":true,"href":"https:\/\/Regalino-Shop.de\/index.php?rest_route=%2Fwp%2Fv2%2Fproduct_brand&post=17922"},{"taxonomy":"product_cat","embeddable":true,"href":"https:\/\/Regalino-Shop.de\/index.php?rest_route=%2Fwp%2Fv2%2Fproduct_cat&post=17922"},{"taxonomy":"product_tag","embeddable":true,"href":"https:\/\/Regalino-Shop.de\/index.php?rest_route=%2Fwp%2Fv2%2Fproduct_tag&post=17922"}],"curies":[{"name":"wp","href":"https:\/\/api.w.org\/{rel}","templated":true}]}}