{"id":17926,"date":"2026-02-23T07:44:30","date_gmt":"2026-02-23T07:44:30","guid":{"rendered":"https:\/\/Regalino-Shop.de\/?post_type=product&#038;p=17926"},"modified":"2026-02-23T07:53:21","modified_gmt":"2026-02-23T07:53:21","slug":"kissenhuelle-havn-dusty-blue-35x60-scandi-bretonisches-kissen","status":"publish","type":"product","link":"https:\/\/Regalino-Shop.de\/?product=kissenhuelle-havn-dusty-blue-35x60-scandi-bretonisches-kissen","title":{"rendered":"Kissenh\u00fclle *Havn* dusty blue 35x60cm"},"content":{"rendered":"","protected":false},"excerpt":{"rendered":"<h3 data-start=\"254\" data-end=\"287\">Ein Hauch K\u00fcste f\u00fcr dein Zuhause<\/h3>\n<p data-start=\"289\" data-end=\"531\">Die Kissenh\u00fclle <strong data-start=\"305\" data-end=\"313\">HAVN<\/strong> bringt mit ihrem feinen Sardinenmotiv in <em data-start=\"355\" data-end=\"367\">Dusty Blue<\/em> eine ruhige, <strong data-start=\"381\" data-end=\"403\">scandi-bretonische<\/strong> Note in dein Zuhause. Inspiriert von nordischer Klarheit und franz\u00f6sischem K\u00fcstenflair wirkt sie leicht, nat\u00fcrlich und zeitlos.<\/p>\n<p data-start=\"533\" data-end=\"765\">Gefertigt aus hochwertiger Baumwolle mit feiner Stickerei und Digitaldruck wird HAVN zum besonderen Akzent auf Sofa, Bank oder Bett \u2014 perfekt kombinierbar mit Leinen, Streifenstoffen und warmen Naturt\u00f6nen im typischen Regalino Stil.<\/p>\n<hr data-start=\"767\" data-end=\"770\" \/>\n<h3 data-start=\"772\" data-end=\"783\">Details<\/h3>\n<ul data-start=\"784\" data-end=\"958\">\n<li data-start=\"784\" data-end=\"809\">\n<p data-start=\"786\" data-end=\"809\">Gr\u00f6\u00dfe: <strong data-start=\"793\" data-end=\"807\">35 \u00d7 60 cm<\/strong><\/p>\n<\/li>\n<li data-start=\"810\" data-end=\"831\">\n<p data-start=\"812\" data-end=\"831\">Farbe: Dusty Blue<\/p>\n<\/li>\n<li data-start=\"832\" data-end=\"865\">\n<p data-start=\"834\" data-end=\"865\">Material: <strong data-start=\"844\" data-end=\"863\">100 % Baumwolle<\/strong><\/p>\n<\/li>\n<li data-start=\"866\" data-end=\"906\">\n<p data-start=\"868\" data-end=\"906\">hochwertige Stickerei &amp; Digitaldruck<\/p>\n<\/li>\n<li data-start=\"907\" data-end=\"933\">\n<p data-start=\"909\" data-end=\"933\">OEKO-TEX\u00ae STANDARD 100<\/p>\n<\/li>\n<li data-start=\"934\" data-end=\"958\">\n<p data-start=\"936\" data-end=\"958\">Lieferung ohne F\u00fcllung<\/p>\n<\/li>\n<\/ul>\n<hr data-start=\"960\" data-end=\"963\" \/>\n<h3 data-start=\"792\" data-end=\"802\">Pflege<\/h3>\n<ul data-start=\"803\" data-end=\"927\">\n<li data-start=\"803\" data-end=\"827\">\n<p data-start=\"805\" data-end=\"827\">40 \u00b0C Schonwaschgang<\/p>\n<\/li>\n<li data-start=\"828\" data-end=\"849\">\n<p data-start=\"830\" data-end=\"849\">b\u00fcgeln bis 150 \u00b0C<\/p>\n<\/li>\n<li data-start=\"850\" data-end=\"868\">\n<p data-start=\"852\" data-end=\"868\">nicht bleichen<\/p>\n<\/li>\n<li data-start=\"869\" data-end=\"895\">\n<p data-start=\"871\" data-end=\"895\">nicht trocknergeeignet<\/p>\n<\/li>\n<li data-start=\"896\" data-end=\"927\">\n<p data-start=\"898\" data-end=\"927\">chemische Reinigung m\u00f6glich<\/p>\n<\/li>\n<\/ul>\n<hr data-start=\"929\" data-end=\"932\" \/>\n<h3 data-start=\"934\" data-end=\"962\">\ud83e\udd0d Regalino Styling-Tipp<\/h3>\n<p data-start=\"963\" data-end=\"994\">Besonders sch\u00f6n kombiniert mit:<\/p>\n<ul data-start=\"995\" data-end=\"1124\">\n<li data-start=\"995\" data-end=\"1028\">\n<p data-start=\"997\" data-end=\"1028\">Leinenkissen in Sand oder Natur<\/p>\n<\/li>\n<li data-start=\"1029\" data-end=\"1061\">\n<p data-start=\"1031\" data-end=\"1061\">Streifenstoffen im Breton-Look<\/p>\n<\/li>\n<li data-start=\"1062\" data-end=\"1086\">\n<p data-start=\"1064\" data-end=\"1086\">hellen Holzoberfl\u00e4chen<\/p>\n<\/li>\n<li data-start=\"1087\" data-end=\"1124\">\n<p data-start=\"1089\" data-end=\"1124\">Keramik in Creme- oder Muschelt\u00f6nen<\/p>\n<\/li>\n<\/ul>\n<p>Lieferumfang: 1 Kissenh\u00fclle<\/p>\n<p>&nbsp;<\/p>\n<p>&nbsp;<\/p>\n<p>&nbsp;<\/p>\n","protected":false},"featured_media":17927,"template":"","meta":{"_et_pb_use_builder":"","_et_pb_old_content":"","_et_gb_content_width":""},"product_brand":[2469],"product_cat":[57,68],"product_tag":[2496,2499,2501,2498,2327,2502,2500,2025],"class_list":{"0":"post-17926","1":"product","2":"type-product","3":"status-publish","4":"has-post-thumbnail","6":"product_brand-pad-concept","7":"product_cat-neu-eingetroffen-neue-lieblingsstuecke-bei-regalino","8":"product_cat-wohntextilien-fuer-ein-stilvolles-zuhause-regalino","9":"product_tag-dekokissen-blau","10":"product_tag-kissenhuelle-maritim","11":"product_tag-kuestenstil","12":"product_tag-nordischer-wohnstil","13":"product_tag-regalino-stil","14":"product_tag-sardinen-kissen","15":"product_tag-scandi-bretonisch","16":"product_tag-wohntextilien","18":"first","19":"instock","20":"taxable","21":"shipping-taxable","22":"purchasable","23":"product-type-simple"},"yoast_head":"<!-- This site is optimized with the Yoast SEO plugin v27.3 - https:\/\/yoast.com\/product\/yoast-seo-wordpress\/ -->\n<title>Kissenh\u00fclle *Havn* dusty blue 35x60cm - Regalino -Lively Style<\/title>\n<meta name=\"description\" content=\"Kissenh\u00fclle HAVN in Dusty Blue aus Baumwolle mit maritimem Sardinenmotiv. Scandi-bretonischer K\u00fcstenstil f\u00fcr Sofa, Bett und Lieblingsplatz\" \/>\n<meta name=\"robots\" content=\"index, follow, max-snippet:-1, max-image-preview:large, max-video-preview:-1\" \/>\n<link rel=\"canonical\" href=\"https:\/\/Regalino-Shop.de\/?product=kissenhuelle-havn-dusty-blue-35x60-scandi-bretonisches-kissen\" \/>\n<meta property=\"og:locale\" content=\"de_DE\" \/>\n<meta property=\"og:type\" content=\"article\" \/>\n<meta property=\"og:title\" content=\"Kissenh\u00fclle *Havn* dusty blue 35x60cm - Regalino -Lively Style\" \/>\n<meta property=\"og:description\" content=\"Kissenh\u00fclle HAVN in Dusty Blue aus Baumwolle mit maritimem Sardinenmotiv. Scandi-bretonischer K\u00fcstenstil f\u00fcr Sofa, Bett und Lieblingsplatz\" \/>\n<meta property=\"og:url\" content=\"https:\/\/Regalino-Shop.de\/?product=kissenhuelle-havn-dusty-blue-35x60-scandi-bretonisches-kissen\" \/>\n<meta property=\"og:site_name\" content=\"Regalino -Lively Style\" \/>\n<meta property=\"article:modified_time\" content=\"2026-02-23T07:53:21+00:00\" \/>\n<meta property=\"og:image\" content=\"https:\/\/Regalino-Shop.de\/wp-content\/uploads\/2026\/02\/havn-sardinen_dusty-blue_35-x-60_Kissenhuelle_pad-concept.jpg\" \/>\n\t<meta property=\"og:image:width\" content=\"1477\" \/>\n\t<meta property=\"og:image:height\" content=\"1477\" \/>\n\t<meta property=\"og:image:type\" content=\"image\/jpeg\" \/>\n<meta name=\"twitter:card\" content=\"summary_large_image\" \/>\n<meta name=\"twitter:label1\" content=\"Gesch\u00e4tzte Lesezeit\" \/>\n\t<meta name=\"twitter:data1\" content=\"1\u00a0Minute\" \/>\n<script type=\"application\/ld+json\" class=\"yoast-schema-graph\">{\"@context\":\"https:\\\/\\\/schema.org\",\"@graph\":[{\"@type\":\"WebPage\",\"@id\":\"https:\\\/\\\/Regalino-Shop.de\\\/?product=kissenhuelle-havn-dusty-blue-35x60-scandi-bretonisches-kissen\",\"url\":\"https:\\\/\\\/Regalino-Shop.de\\\/?product=kissenhuelle-havn-dusty-blue-35x60-scandi-bretonisches-kissen\",\"name\":\"Kissenh\u00fclle *Havn* dusty blue 35x60cm - Regalino -Lively Style\",\"isPartOf\":{\"@id\":\"https:\\\/\\\/Regalino-Shop.de\\\/#website\"},\"primaryImageOfPage\":{\"@id\":\"https:\\\/\\\/Regalino-Shop.de\\\/?product=kissenhuelle-havn-dusty-blue-35x60-scandi-bretonisches-kissen#primaryimage\"},\"image\":{\"@id\":\"https:\\\/\\\/Regalino-Shop.de\\\/?product=kissenhuelle-havn-dusty-blue-35x60-scandi-bretonisches-kissen#primaryimage\"},\"thumbnailUrl\":\"https:\\\/\\\/Regalino-Shop.de\\\/wp-content\\\/uploads\\\/2026\\\/02\\\/havn-sardinen_dusty-blue_35-x-60_Kissenhuelle_pad-concept.jpg\",\"datePublished\":\"2026-02-23T07:44:30+00:00\",\"dateModified\":\"2026-02-23T07:53:21+00:00\",\"description\":\"Kissenh\u00fclle HAVN in Dusty Blue aus Baumwolle mit maritimem Sardinenmotiv. Scandi-bretonischer K\u00fcstenstil f\u00fcr Sofa, Bett und Lieblingsplatz\",\"breadcrumb\":{\"@id\":\"https:\\\/\\\/Regalino-Shop.de\\\/?product=kissenhuelle-havn-dusty-blue-35x60-scandi-bretonisches-kissen#breadcrumb\"},\"inLanguage\":\"de\",\"potentialAction\":[{\"@type\":\"ReadAction\",\"target\":[\"https:\\\/\\\/Regalino-Shop.de\\\/?product=kissenhuelle-havn-dusty-blue-35x60-scandi-bretonisches-kissen\"]}]},{\"@type\":\"ImageObject\",\"inLanguage\":\"de\",\"@id\":\"https:\\\/\\\/Regalino-Shop.de\\\/?product=kissenhuelle-havn-dusty-blue-35x60-scandi-bretonisches-kissen#primaryimage\",\"url\":\"https:\\\/\\\/Regalino-Shop.de\\\/wp-content\\\/uploads\\\/2026\\\/02\\\/havn-sardinen_dusty-blue_35-x-60_Kissenhuelle_pad-concept.jpg\",\"contentUrl\":\"https:\\\/\\\/Regalino-Shop.de\\\/wp-content\\\/uploads\\\/2026\\\/02\\\/havn-sardinen_dusty-blue_35-x-60_Kissenhuelle_pad-concept.jpg\",\"width\":1477,\"height\":1477,\"caption\":\"Kissenh\u00fclle HAVN dusty blue 35x60 cm mit maritimem Sardinenmotiv im K\u00fcstenstil\"},{\"@type\":\"BreadcrumbList\",\"@id\":\"https:\\\/\\\/Regalino-Shop.de\\\/?product=kissenhuelle-havn-dusty-blue-35x60-scandi-bretonisches-kissen#breadcrumb\",\"itemListElement\":[{\"@type\":\"ListItem\",\"position\":1,\"name\":\"Startseite\",\"item\":\"https:\\\/\\\/Regalino-Shop.de\\\/\"},{\"@type\":\"ListItem\",\"position\":2,\"name\":\"Shop\",\"item\":\"https:\\\/\\\/Regalino-Shop.de\\\/?page_id=40\"},{\"@type\":\"ListItem\",\"position\":3,\"name\":\"Kissenh\u00fclle *Havn* dusty blue 35x60cm\"}]},{\"@type\":\"WebSite\",\"@id\":\"https:\\\/\\\/Regalino-Shop.de\\\/#website\",\"url\":\"https:\\\/\\\/Regalino-Shop.de\\\/\",\"name\":\"Regalino -Lively Style\",\"description\":\"gelebtes Zuhause\",\"potentialAction\":[{\"@type\":\"SearchAction\",\"target\":{\"@type\":\"EntryPoint\",\"urlTemplate\":\"https:\\\/\\\/Regalino-Shop.de\\\/?s={search_term_string}\"},\"query-input\":{\"@type\":\"PropertyValueSpecification\",\"valueRequired\":true,\"valueName\":\"search_term_string\"}}],\"inLanguage\":\"de\"}]}<\/script>\n<!-- \/ Yoast SEO plugin. -->","yoast_head_json":{"title":"Kissenh\u00fclle *Havn* dusty blue 35x60cm - Regalino -Lively Style","description":"Kissenh\u00fclle HAVN in Dusty Blue aus Baumwolle mit maritimem Sardinenmotiv. Scandi-bretonischer K\u00fcstenstil f\u00fcr Sofa, Bett und Lieblingsplatz","robots":{"index":"index","follow":"follow","max-snippet":"max-snippet:-1","max-image-preview":"max-image-preview:large","max-video-preview":"max-video-preview:-1"},"canonical":"https:\/\/Regalino-Shop.de\/?product=kissenhuelle-havn-dusty-blue-35x60-scandi-bretonisches-kissen","og_locale":"de_DE","og_type":"article","og_title":"Kissenh\u00fclle *Havn* dusty blue 35x60cm - Regalino -Lively Style","og_description":"Kissenh\u00fclle HAVN in Dusty Blue aus Baumwolle mit maritimem Sardinenmotiv. Scandi-bretonischer K\u00fcstenstil f\u00fcr Sofa, Bett und Lieblingsplatz","og_url":"https:\/\/Regalino-Shop.de\/?product=kissenhuelle-havn-dusty-blue-35x60-scandi-bretonisches-kissen","og_site_name":"Regalino -Lively Style","article_modified_time":"2026-02-23T07:53:21+00:00","og_image":[{"width":1477,"height":1477,"url":"https:\/\/Regalino-Shop.de\/wp-content\/uploads\/2026\/02\/havn-sardinen_dusty-blue_35-x-60_Kissenhuelle_pad-concept.jpg","type":"image\/jpeg"}],"twitter_card":"summary_large_image","twitter_misc":{"Gesch\u00e4tzte Lesezeit":"1\u00a0Minute"},"schema":{"@context":"https:\/\/schema.org","@graph":[{"@type":"WebPage","@id":"https:\/\/Regalino-Shop.de\/?product=kissenhuelle-havn-dusty-blue-35x60-scandi-bretonisches-kissen","url":"https:\/\/Regalino-Shop.de\/?product=kissenhuelle-havn-dusty-blue-35x60-scandi-bretonisches-kissen","name":"Kissenh\u00fclle *Havn* dusty blue 35x60cm - Regalino -Lively Style","isPartOf":{"@id":"https:\/\/Regalino-Shop.de\/#website"},"primaryImageOfPage":{"@id":"https:\/\/Regalino-Shop.de\/?product=kissenhuelle-havn-dusty-blue-35x60-scandi-bretonisches-kissen#primaryimage"},"image":{"@id":"https:\/\/Regalino-Shop.de\/?product=kissenhuelle-havn-dusty-blue-35x60-scandi-bretonisches-kissen#primaryimage"},"thumbnailUrl":"https:\/\/Regalino-Shop.de\/wp-content\/uploads\/2026\/02\/havn-sardinen_dusty-blue_35-x-60_Kissenhuelle_pad-concept.jpg","datePublished":"2026-02-23T07:44:30+00:00","dateModified":"2026-02-23T07:53:21+00:00","description":"Kissenh\u00fclle HAVN in Dusty Blue aus Baumwolle mit maritimem Sardinenmotiv. Scandi-bretonischer K\u00fcstenstil f\u00fcr Sofa, Bett und Lieblingsplatz","breadcrumb":{"@id":"https:\/\/Regalino-Shop.de\/?product=kissenhuelle-havn-dusty-blue-35x60-scandi-bretonisches-kissen#breadcrumb"},"inLanguage":"de","potentialAction":[{"@type":"ReadAction","target":["https:\/\/Regalino-Shop.de\/?product=kissenhuelle-havn-dusty-blue-35x60-scandi-bretonisches-kissen"]}]},{"@type":"ImageObject","inLanguage":"de","@id":"https:\/\/Regalino-Shop.de\/?product=kissenhuelle-havn-dusty-blue-35x60-scandi-bretonisches-kissen#primaryimage","url":"https:\/\/Regalino-Shop.de\/wp-content\/uploads\/2026\/02\/havn-sardinen_dusty-blue_35-x-60_Kissenhuelle_pad-concept.jpg","contentUrl":"https:\/\/Regalino-Shop.de\/wp-content\/uploads\/2026\/02\/havn-sardinen_dusty-blue_35-x-60_Kissenhuelle_pad-concept.jpg","width":1477,"height":1477,"caption":"Kissenh\u00fclle HAVN dusty blue 35x60 cm mit maritimem Sardinenmotiv im K\u00fcstenstil"},{"@type":"BreadcrumbList","@id":"https:\/\/Regalino-Shop.de\/?product=kissenhuelle-havn-dusty-blue-35x60-scandi-bretonisches-kissen#breadcrumb","itemListElement":[{"@type":"ListItem","position":1,"name":"Startseite","item":"https:\/\/Regalino-Shop.de\/"},{"@type":"ListItem","position":2,"name":"Shop","item":"https:\/\/Regalino-Shop.de\/?page_id=40"},{"@type":"ListItem","position":3,"name":"Kissenh\u00fclle *Havn* dusty blue 35x60cm"}]},{"@type":"WebSite","@id":"https:\/\/Regalino-Shop.de\/#website","url":"https:\/\/Regalino-Shop.de\/","name":"Regalino -Lively Style","description":"gelebtes Zuhause","potentialAction":[{"@type":"SearchAction","target":{"@type":"EntryPoint","urlTemplate":"https:\/\/Regalino-Shop.de\/?s={search_term_string}"},"query-input":{"@type":"PropertyValueSpecification","valueRequired":true,"valueName":"search_term_string"}}],"inLanguage":"de"}]}},"_links":{"self":[{"href":"https:\/\/Regalino-Shop.de\/index.php?rest_route=\/wp\/v2\/product\/17926","targetHints":{"allow":["GET"]}}],"collection":[{"href":"https:\/\/Regalino-Shop.de\/index.php?rest_route=\/wp\/v2\/product"}],"about":[{"href":"https:\/\/Regalino-Shop.de\/index.php?rest_route=\/wp\/v2\/types\/product"}],"wp:featuredmedia":[{"embeddable":true,"href":"https:\/\/Regalino-Shop.de\/index.php?rest_route=\/wp\/v2\/media\/17927"}],"wp:attachment":[{"href":"https:\/\/Regalino-Shop.de\/index.php?rest_route=%2Fwp%2Fv2%2Fmedia&parent=17926"}],"wp:term":[{"taxonomy":"product_brand","embeddable":true,"href":"https:\/\/Regalino-Shop.de\/index.php?rest_route=%2Fwp%2Fv2%2Fproduct_brand&post=17926"},{"taxonomy":"product_cat","embeddable":true,"href":"https:\/\/Regalino-Shop.de\/index.php?rest_route=%2Fwp%2Fv2%2Fproduct_cat&post=17926"},{"taxonomy":"product_tag","embeddable":true,"href":"https:\/\/Regalino-Shop.de\/index.php?rest_route=%2Fwp%2Fv2%2Fproduct_tag&post=17926"}],"curies":[{"name":"wp","href":"https:\/\/api.w.org\/{rel}","templated":true}]}}