{"id":17975,"date":"2026-02-22T23:11:15","date_gmt":"2026-02-22T23:11:15","guid":{"rendered":"https:\/\/Regalino-Shop.de\/?post_type=product&#038;p=17975"},"modified":"2026-04-22T12:32:33","modified_gmt":"2026-04-22T12:32:33","slug":"wohndecke-moin-cozy-up-150x200-cm-jacquard-decke","status":"publish","type":"product","link":"https:\/\/Regalino-Shop.de\/?product=wohndecke-moin-cozy-up-150x200-cm-jacquard-decke","title":{"rendered":"Wohndecke, Plaid *Moin* 150x200cm"},"content":{"rendered":"","protected":false},"excerpt":{"rendered":"<div class=\"product-detail-summary-text\">\n<h3 data-start=\"154\" data-end=\"201\">Wohndecke \u201eMOIN\u201c | COZY UP | 150 \u00d7 200 cm<\/h3>\n<p data-start=\"203\" data-end=\"249\">Nordisch, unkompliziert und einfach gem\u00fctlich.<\/p>\n<p data-start=\"251\" data-end=\"527\">Die Wohndecke <strong data-start=\"265\" data-end=\"283\">COZY UP \u201eMOIN\u201c<\/strong> verbindet moderne Klarheit mit einer angenehm weichen Haptik. Die hochwertige Jacquard-Webung sorgt f\u00fcr eine feine Struktur und eine langlebige Qualit\u00e4t, w\u00e4hrend das schlichte Statement \u201eMOIN\u201c der Decke eine entspannte nordische Note verleiht.<\/p>\n<p data-start=\"529\" data-end=\"672\">Das hochwertige Baumwoll-Mischgewebe macht die Decke besonders anschmiegsam \u2013 perfekt f\u00fcr Sofa, Sessel oder gem\u00fctliche Abende auf der Terrasse.<\/p>\n<p data-start=\"674\" data-end=\"745\">Ein unkompliziertes Wohntextil<\/p>\n<hr data-start=\"747\" data-end=\"750\" \/>\n<h3 data-start=\"752\" data-end=\"763\">Details<\/h3>\n<ul data-start=\"765\" data-end=\"946\">\n<li data-start=\"765\" data-end=\"792\">\n<p data-start=\"767\" data-end=\"792\">Gr\u00f6\u00dfe: <strong data-start=\"774\" data-end=\"790\">150 \u00d7 200 cm<\/strong><\/p>\n<\/li>\n<li data-start=\"793\" data-end=\"840\">\n<p data-start=\"795\" data-end=\"840\">Material: hochwertiges Baumwoll-Mischgewebe<\/p>\n<\/li>\n<li data-start=\"841\" data-end=\"876\">\n<p data-start=\"843\" data-end=\"876\">hochwertige <strong data-start=\"855\" data-end=\"874\">Jacquard-Webung<\/strong><\/p>\n<\/li>\n<li data-start=\"877\" data-end=\"920\">\n<p data-start=\"879\" data-end=\"920\"><strong data-start=\"879\" data-end=\"918\">OEKO-TEX\u00ae Standard 100 zertifiziert<\/strong><\/p>\n<\/li>\n<li data-start=\"921\" data-end=\"946\">\n<p data-start=\"923\" data-end=\"946\">hergestellt in Europa<\/p>\n<\/li>\n<\/ul>\n<p data-start=\"948\" data-end=\"957\">Pflege:<\/p>\n<ul data-start=\"958\" data-end=\"1102\">\n<li data-start=\"958\" data-end=\"980\">\n<p data-start=\"960\" data-end=\"980\">30\u00b0 Schonwaschgang<\/p>\n<\/li>\n<li data-start=\"981\" data-end=\"999\">\n<p data-start=\"983\" data-end=\"999\">nicht bleichen<\/p>\n<\/li>\n<li data-start=\"1000\" data-end=\"1016\">\n<p data-start=\"1002\" data-end=\"1016\">nicht b\u00fcgeln<\/p>\n<\/li>\n<li data-start=\"1017\" data-end=\"1060\">\n<p data-start=\"1019\" data-end=\"1060\">schonendes Trocknen im Trockner m\u00f6glich<\/p>\n<\/li>\n<li data-start=\"1061\" data-end=\"1102\">\n<p data-start=\"1063\" data-end=\"1102\">Reinigung mit Perchlorethylen m\u00f6glich<\/p>\n<\/li>\n<\/ul>\n<hr data-start=\"1104\" data-end=\"1107\" \/>\n<h3 data-start=\"1109\" data-end=\"1137\">\ud83e\udd0d Regalino Styling-Tipp<\/h3>\n<p data-start=\"1139\" data-end=\"1155\">Besonders sch\u00f6n:<\/p>\n<ul data-start=\"1157\" data-end=\"1350\">\n<li data-start=\"1157\" data-end=\"1204\">\n<p data-start=\"1159\" data-end=\"1204\">locker \u00fcber die Armlehne eines Sofas gelegt<\/p>\n<\/li>\n<li data-start=\"1205\" data-end=\"1263\">\n<p data-start=\"1207\" data-end=\"1263\">kombiniert mit Leinenkissen in Sand, Salbei oder Stone<\/p>\n<\/li>\n<li data-start=\"1264\" data-end=\"1305\">\n<p data-start=\"1266\" data-end=\"1305\">auf einer Holzbank oder im Lesesessel<\/p>\n<\/li>\n<li data-start=\"1306\" data-end=\"1350\">\n<p data-start=\"1308\" data-end=\"1350\">perfekt f\u00fcr eine <strong data-start=\"1325\" data-end=\"1350\">nordische Kuschelecke<\/strong><\/p>\n<\/li>\n<\/ul>\n<p data-start=\"1352\" data-end=\"1468\">Die Decke wirkt besonders ruhig, wenn sie mit nat\u00fcrlichen Materialien wie Holz, Keramik oder Leinen kombiniert wird.<\/p>\n<\/div>\n<p>Lieferumfang: 1 Wohndecke<\/p>\n<p>&nbsp;<\/p>\n<p>&nbsp;<\/p>\n<p>&nbsp;<\/p>\n","protected":false},"featured_media":17976,"template":"","meta":{"_et_pb_use_builder":"","_et_pb_old_content":"","_et_gb_content_width":""},"product_brand":[2469],"product_cat":[3069,3067,57,68],"product_tag":[2578,2580,2583,2579,1986,2581,2582,2577],"class_list":{"0":"post-17975","1":"product","2":"type-product","3":"status-publish","4":"has-post-thumbnail","6":"product_brand-pad-concept","7":"product_cat-fuer-papa-opa","8":"product_cat-geschenkideen","9":"product_cat-neu-eingetroffen-neue-lieblingsstuecke-bei-regalino","10":"product_cat-wohntextilien-fuer-ein-stilvolles-zuhause-regalino","11":"product_tag-jacquard-decke","12":"product_tag-kuscheldecke-baumwolle","13":"product_tag-kuestenstil-wohnen","14":"product_tag-nordische-decke","15":"product_tag-regalino","16":"product_tag-scandi-wohndecke","17":"product_tag-sofadecke","18":"product_tag-wohndecke-moin","20":"first","21":"instock","22":"taxable","23":"shipping-taxable","24":"purchasable","25":"product-type-simple"},"yoast_head":"<!-- This site is optimized with the Yoast SEO plugin v27.5 - https:\/\/yoast.com\/product\/yoast-seo-wordpress\/ -->\n<title>Wohndecke, Plaid *Moin* 150x200cm - Regalino -Lively Style<\/title>\n<meta name=\"description\" content=\"Weiche Wohndecke \u201eMOIN\u201c aus der COZY UP Kollektion. Hochwertige Jacquard-Webung, Baumwollmischung und hergestellt in Europa\" \/>\n<meta name=\"robots\" content=\"index, follow, max-snippet:-1, max-image-preview:large, max-video-preview:-1\" \/>\n<link rel=\"canonical\" href=\"https:\/\/Regalino-Shop.de\/?product=wohndecke-moin-cozy-up-150x200-cm-jacquard-decke\" \/>\n<meta property=\"og:locale\" content=\"de_DE\" \/>\n<meta property=\"og:type\" content=\"article\" \/>\n<meta property=\"og:title\" content=\"Wohndecke, Plaid *Moin* 150x200cm - Regalino -Lively Style\" \/>\n<meta property=\"og:description\" content=\"Weiche Wohndecke \u201eMOIN\u201c aus der COZY UP Kollektion. Hochwertige Jacquard-Webung, Baumwollmischung und hergestellt in Europa\" \/>\n<meta property=\"og:url\" content=\"https:\/\/Regalino-Shop.de\/?product=wohndecke-moin-cozy-up-150x200-cm-jacquard-decke\" \/>\n<meta property=\"og:site_name\" content=\"Regalino -Lively Style\" \/>\n<meta property=\"article:modified_time\" content=\"2026-04-22T12:32:33+00:00\" \/>\n<meta property=\"og:image\" content=\"https:\/\/Regalino-Shop.de\/wp-content\/uploads\/2026\/03\/Moin_Decke_Plaid_-Decke_cozy_up_150-x-200cm_pad.webp\" \/>\n\t<meta property=\"og:image:width\" content=\"800\" \/>\n\t<meta property=\"og:image:height\" content=\"800\" \/>\n\t<meta property=\"og:image:type\" content=\"image\/webp\" \/>\n<meta name=\"twitter:card\" content=\"summary_large_image\" \/>\n<meta name=\"twitter:label1\" content=\"Gesch\u00e4tzte Lesezeit\" \/>\n\t<meta name=\"twitter:data1\" content=\"1\u00a0Minute\" \/>\n<script type=\"application\/ld+json\" class=\"yoast-schema-graph\">{\"@context\":\"https:\\\/\\\/schema.org\",\"@graph\":[{\"@type\":\"WebPage\",\"@id\":\"https:\\\/\\\/Regalino-Shop.de\\\/?product=wohndecke-moin-cozy-up-150x200-cm-jacquard-decke\",\"url\":\"https:\\\/\\\/Regalino-Shop.de\\\/?product=wohndecke-moin-cozy-up-150x200-cm-jacquard-decke\",\"name\":\"Wohndecke, Plaid *Moin* 150x200cm - Regalino -Lively Style\",\"isPartOf\":{\"@id\":\"https:\\\/\\\/Regalino-Shop.de\\\/#website\"},\"primaryImageOfPage\":{\"@id\":\"https:\\\/\\\/Regalino-Shop.de\\\/?product=wohndecke-moin-cozy-up-150x200-cm-jacquard-decke#primaryimage\"},\"image\":{\"@id\":\"https:\\\/\\\/Regalino-Shop.de\\\/?product=wohndecke-moin-cozy-up-150x200-cm-jacquard-decke#primaryimage\"},\"thumbnailUrl\":\"https:\\\/\\\/Regalino-Shop.de\\\/wp-content\\\/uploads\\\/2026\\\/03\\\/Moin_Decke_Plaid_-Decke_cozy_up_150-x-200cm_pad.webp\",\"datePublished\":\"2026-02-22T23:11:15+00:00\",\"dateModified\":\"2026-04-22T12:32:33+00:00\",\"description\":\"Weiche Wohndecke \u201eMOIN\u201c aus der COZY UP Kollektion. Hochwertige Jacquard-Webung, Baumwollmischung und hergestellt in Europa\",\"breadcrumb\":{\"@id\":\"https:\\\/\\\/Regalino-Shop.de\\\/?product=wohndecke-moin-cozy-up-150x200-cm-jacquard-decke#breadcrumb\"},\"inLanguage\":\"de\",\"potentialAction\":[{\"@type\":\"ReadAction\",\"target\":[\"https:\\\/\\\/Regalino-Shop.de\\\/?product=wohndecke-moin-cozy-up-150x200-cm-jacquard-decke\"]}]},{\"@type\":\"ImageObject\",\"inLanguage\":\"de\",\"@id\":\"https:\\\/\\\/Regalino-Shop.de\\\/?product=wohndecke-moin-cozy-up-150x200-cm-jacquard-decke#primaryimage\",\"url\":\"https:\\\/\\\/Regalino-Shop.de\\\/wp-content\\\/uploads\\\/2026\\\/03\\\/Moin_Decke_Plaid_-Decke_cozy_up_150-x-200cm_pad.webp\",\"contentUrl\":\"https:\\\/\\\/Regalino-Shop.de\\\/wp-content\\\/uploads\\\/2026\\\/03\\\/Moin_Decke_Plaid_-Decke_cozy_up_150-x-200cm_pad.webp\",\"width\":800,\"height\":800,\"caption\":\"Wohndecke \u201eMOIN\u201c COZY UP Jacquard Decke grau wei\u00df 150x200 cm\"},{\"@type\":\"BreadcrumbList\",\"@id\":\"https:\\\/\\\/Regalino-Shop.de\\\/?product=wohndecke-moin-cozy-up-150x200-cm-jacquard-decke#breadcrumb\",\"itemListElement\":[{\"@type\":\"ListItem\",\"position\":1,\"name\":\"Startseite\",\"item\":\"https:\\\/\\\/Regalino-Shop.de\\\/\"},{\"@type\":\"ListItem\",\"position\":2,\"name\":\"Shop\",\"item\":\"https:\\\/\\\/Regalino-Shop.de\\\/?page_id=40\"},{\"@type\":\"ListItem\",\"position\":3,\"name\":\"Wohndecke, Plaid *Moin* 150x200cm\"}]},{\"@type\":\"WebSite\",\"@id\":\"https:\\\/\\\/Regalino-Shop.de\\\/#website\",\"url\":\"https:\\\/\\\/Regalino-Shop.de\\\/\",\"name\":\"Regalino -Lively Style\",\"description\":\"gelebtes Zuhause\",\"potentialAction\":[{\"@type\":\"SearchAction\",\"target\":{\"@type\":\"EntryPoint\",\"urlTemplate\":\"https:\\\/\\\/Regalino-Shop.de\\\/?s={search_term_string}\"},\"query-input\":{\"@type\":\"PropertyValueSpecification\",\"valueRequired\":true,\"valueName\":\"search_term_string\"}}],\"inLanguage\":\"de\"}]}<\/script>\n<!-- \/ Yoast SEO plugin. -->","yoast_head_json":{"title":"Wohndecke, Plaid *Moin* 150x200cm - Regalino -Lively Style","description":"Weiche Wohndecke \u201eMOIN\u201c aus der COZY UP Kollektion. Hochwertige Jacquard-Webung, Baumwollmischung und hergestellt in Europa","robots":{"index":"index","follow":"follow","max-snippet":"max-snippet:-1","max-image-preview":"max-image-preview:large","max-video-preview":"max-video-preview:-1"},"canonical":"https:\/\/Regalino-Shop.de\/?product=wohndecke-moin-cozy-up-150x200-cm-jacquard-decke","og_locale":"de_DE","og_type":"article","og_title":"Wohndecke, Plaid *Moin* 150x200cm - Regalino -Lively Style","og_description":"Weiche Wohndecke \u201eMOIN\u201c aus der COZY UP Kollektion. Hochwertige Jacquard-Webung, Baumwollmischung und hergestellt in Europa","og_url":"https:\/\/Regalino-Shop.de\/?product=wohndecke-moin-cozy-up-150x200-cm-jacquard-decke","og_site_name":"Regalino -Lively Style","article_modified_time":"2026-04-22T12:32:33+00:00","og_image":[{"width":800,"height":800,"url":"https:\/\/Regalino-Shop.de\/wp-content\/uploads\/2026\/03\/Moin_Decke_Plaid_-Decke_cozy_up_150-x-200cm_pad.webp","type":"image\/webp"}],"twitter_card":"summary_large_image","twitter_misc":{"Gesch\u00e4tzte Lesezeit":"1\u00a0Minute"},"schema":{"@context":"https:\/\/schema.org","@graph":[{"@type":"WebPage","@id":"https:\/\/Regalino-Shop.de\/?product=wohndecke-moin-cozy-up-150x200-cm-jacquard-decke","url":"https:\/\/Regalino-Shop.de\/?product=wohndecke-moin-cozy-up-150x200-cm-jacquard-decke","name":"Wohndecke, Plaid *Moin* 150x200cm - Regalino -Lively Style","isPartOf":{"@id":"https:\/\/Regalino-Shop.de\/#website"},"primaryImageOfPage":{"@id":"https:\/\/Regalino-Shop.de\/?product=wohndecke-moin-cozy-up-150x200-cm-jacquard-decke#primaryimage"},"image":{"@id":"https:\/\/Regalino-Shop.de\/?product=wohndecke-moin-cozy-up-150x200-cm-jacquard-decke#primaryimage"},"thumbnailUrl":"https:\/\/Regalino-Shop.de\/wp-content\/uploads\/2026\/03\/Moin_Decke_Plaid_-Decke_cozy_up_150-x-200cm_pad.webp","datePublished":"2026-02-22T23:11:15+00:00","dateModified":"2026-04-22T12:32:33+00:00","description":"Weiche Wohndecke \u201eMOIN\u201c aus der COZY UP Kollektion. Hochwertige Jacquard-Webung, Baumwollmischung und hergestellt in Europa","breadcrumb":{"@id":"https:\/\/Regalino-Shop.de\/?product=wohndecke-moin-cozy-up-150x200-cm-jacquard-decke#breadcrumb"},"inLanguage":"de","potentialAction":[{"@type":"ReadAction","target":["https:\/\/Regalino-Shop.de\/?product=wohndecke-moin-cozy-up-150x200-cm-jacquard-decke"]}]},{"@type":"ImageObject","inLanguage":"de","@id":"https:\/\/Regalino-Shop.de\/?product=wohndecke-moin-cozy-up-150x200-cm-jacquard-decke#primaryimage","url":"https:\/\/Regalino-Shop.de\/wp-content\/uploads\/2026\/03\/Moin_Decke_Plaid_-Decke_cozy_up_150-x-200cm_pad.webp","contentUrl":"https:\/\/Regalino-Shop.de\/wp-content\/uploads\/2026\/03\/Moin_Decke_Plaid_-Decke_cozy_up_150-x-200cm_pad.webp","width":800,"height":800,"caption":"Wohndecke \u201eMOIN\u201c COZY UP Jacquard Decke grau wei\u00df 150x200 cm"},{"@type":"BreadcrumbList","@id":"https:\/\/Regalino-Shop.de\/?product=wohndecke-moin-cozy-up-150x200-cm-jacquard-decke#breadcrumb","itemListElement":[{"@type":"ListItem","position":1,"name":"Startseite","item":"https:\/\/Regalino-Shop.de\/"},{"@type":"ListItem","position":2,"name":"Shop","item":"https:\/\/Regalino-Shop.de\/?page_id=40"},{"@type":"ListItem","position":3,"name":"Wohndecke, Plaid *Moin* 150x200cm"}]},{"@type":"WebSite","@id":"https:\/\/Regalino-Shop.de\/#website","url":"https:\/\/Regalino-Shop.de\/","name":"Regalino -Lively Style","description":"gelebtes Zuhause","potentialAction":[{"@type":"SearchAction","target":{"@type":"EntryPoint","urlTemplate":"https:\/\/Regalino-Shop.de\/?s={search_term_string}"},"query-input":{"@type":"PropertyValueSpecification","valueRequired":true,"valueName":"search_term_string"}}],"inLanguage":"de"}]}},"_links":{"self":[{"href":"https:\/\/Regalino-Shop.de\/index.php?rest_route=\/wp\/v2\/product\/17975","targetHints":{"allow":["GET"]}}],"collection":[{"href":"https:\/\/Regalino-Shop.de\/index.php?rest_route=\/wp\/v2\/product"}],"about":[{"href":"https:\/\/Regalino-Shop.de\/index.php?rest_route=\/wp\/v2\/types\/product"}],"wp:featuredmedia":[{"embeddable":true,"href":"https:\/\/Regalino-Shop.de\/index.php?rest_route=\/wp\/v2\/media\/17976"}],"wp:attachment":[{"href":"https:\/\/Regalino-Shop.de\/index.php?rest_route=%2Fwp%2Fv2%2Fmedia&parent=17975"}],"wp:term":[{"taxonomy":"product_brand","embeddable":true,"href":"https:\/\/Regalino-Shop.de\/index.php?rest_route=%2Fwp%2Fv2%2Fproduct_brand&post=17975"},{"taxonomy":"product_cat","embeddable":true,"href":"https:\/\/Regalino-Shop.de\/index.php?rest_route=%2Fwp%2Fv2%2Fproduct_cat&post=17975"},{"taxonomy":"product_tag","embeddable":true,"href":"https:\/\/Regalino-Shop.de\/index.php?rest_route=%2Fwp%2Fv2%2Fproduct_tag&post=17975"}],"curies":[{"name":"wp","href":"https:\/\/api.w.org\/{rel}","templated":true}]}}