{"id":18328,"date":"2026-03-18T19:47:53","date_gmt":"2026-03-18T19:47:53","guid":{"rendered":"https:\/\/Regalino-Shop.de\/?post_type=product&#038;p=18328"},"modified":"2026-03-29T07:56:55","modified_gmt":"2026-03-29T07:56:55","slug":"kulturbeutel-leon-ecru-aus-bio-baumwolle","status":"publish","type":"product","link":"https:\/\/Regalino-Shop.de\/?product=kulturbeutel-leon-ecru-aus-bio-baumwolle","title":{"rendered":"Kulturbeutel L\u00e9on ecru aus Bio-Baumwolle"},"content":{"rendered":"<blockquote><p>&nbsp;<\/p><\/blockquote>\n","protected":false},"excerpt":{"rendered":"<h1 data-section-id=\"1q8qdrv\" data-start=\"137\" data-end=\"164\">Kulturbeutel \u201eL\u00e9on \u2013 Leo\u201c<\/h1>\n<p data-start=\"166\" data-end=\"533\">Der Kulturbeutel <strong data-start=\"183\" data-end=\"191\">L\u00e9on<\/strong> ist der perfekte Begleiter f\u00fcr Wochenende, Reisen oder den Alltag. Mit seinem naturwei\u00dfen Stoff und dem ikonischen Leopardenmuster verbindet er einen l\u00e4ssigen Vintage-Look mit moderner Eleganz. Der praktische seitliche Griff sorgt f\u00fcr eine angenehme Handhabung, w\u00e4hrend der stabile Rei\u00dfverschluss Kosmetik und Pflegeprodukte sicher verstaut.<\/p>\n<p data-start=\"535\" data-end=\"794\">Gefertigt aus besonders robuster Bio-Baumwolle \u00fcberzeugt der Kulturbeutel durch seine langlebige Qualit\u00e4t und die angenehm feste Haptik. Durch das kompakte Wochenendformat bietet er gen\u00fcgend Platz f\u00fcr das N\u00f6tigste und passt perfekt in Reisetasche oder Koffer.<\/p>\n<hr data-start=\"796\" data-end=\"799\" \/>\n<h1 data-section-id=\"1i7x1es\" data-start=\"801\" data-end=\"810\">Details<\/h1>\n<p data-start=\"812\" data-end=\"1096\">\u2022 <strong data-start=\"814\" data-end=\"824\">Gr\u00f6\u00dfe:<\/strong> 22 \u00d7 16 \u00d7 8 cm<br data-start=\"839\" data-end=\"842\" \/>\u2022 <strong data-start=\"844\" data-end=\"856\">Volumen:<\/strong> 2,8 L<br data-start=\"862\" data-end=\"865\" \/>\u2022 <strong data-start=\"867\" data-end=\"880\">Material:<\/strong> dicke Bio-Baumwolle (500 g\/m\u00b2)<br data-start=\"911\" data-end=\"914\" \/>\u2022 <strong data-start=\"916\" data-end=\"935\">Zertifizierung:<\/strong> GOTS-zertifizierte Baumwolle<br data-start=\"964\" data-end=\"967\" \/>\u2022 <strong data-start=\"969\" data-end=\"979\">Farbe:<\/strong> Naturwei\u00df mit Leopardenmuster<br data-start=\"1009\" data-end=\"1012\" \/>\u2022 <strong data-start=\"1014\" data-end=\"1029\">Verschluss:<\/strong> Rei\u00dfverschluss<br data-start=\"1044\" data-end=\"1047\" \/>\u2022 <strong data-start=\"1049\" data-end=\"1060\">Extras:<\/strong> praktischer seitlicher Tragegriff<\/p>\n<hr data-start=\"1098\" data-end=\"1101\" \/>\n<h1 data-section-id=\"ghi057\" data-start=\"1103\" data-end=\"1111\">Pflege<\/h1>\n<p data-start=\"1113\" data-end=\"1326\">\u2022 chemische Reinigung empfohlen<br data-start=\"1144\" data-end=\"1147\" \/>\u2022 bei mittlerer Temperatur b\u00fcgeln<br data-start=\"1180\" data-end=\"1183\" \/>\u2022 nicht im Trockner trocknen<br data-start=\"1211\" data-end=\"1214\" \/>\u2022 vor dem ersten Gebrauch mit farblosem Impr\u00e4gnierspray sch\u00fctzen<br data-start=\"1278\" data-end=\"1281\" \/>\u2022 Impr\u00e4gnierung etwa alle 3 Monate erneuern<\/p>\n<hr data-start=\"1328\" data-end=\"1331\" \/>\n<h1 data-section-id=\"u5s9wi\" data-start=\"1333\" data-end=\"1359\">\ud83e\udd0d Regalino Styling-Tipp<\/h1>\n<p data-start=\"1361\" data-end=\"1377\">Besonders sch\u00f6n:<\/p>\n<p data-start=\"1379\" data-end=\"1602\">\u2022 als stilvoller Begleiter in <strong data-start=\"1409\" data-end=\"1439\">Reisetasche oder Weekender<\/strong><br data-start=\"1439\" data-end=\"1442\" \/>\u2022 kombiniert mit <strong data-start=\"1459\" data-end=\"1515\">neutralen Taschenfarben wie Beige, Sand oder Schwarz<\/strong><br data-start=\"1515\" data-end=\"1518\" \/>\u2022 als praktische Aufbewahrung f\u00fcr <strong data-start=\"1552\" data-end=\"1602\">Kosmetik, Reiseaccessoires oder Pflegeprodukte<\/strong><\/p>\n<p data-start=\"1604\" data-end=\"1671\">So bleibt unterwegs alles <strong data-start=\"1630\" data-end=\"1670\">stilvoll organisiert und griffbereit<\/strong>.<\/p>\n<p>Lieferumfang: 1 Tasche<\/p>\n<p>&nbsp;<\/p>\n<p>&nbsp;<\/p>\n","protected":false},"featured_media":18331,"template":"","meta":{"_et_pb_use_builder":"","_et_pb_old_content":"","_et_gb_content_width":""},"product_brand":[2754],"product_cat":[2983,2637,102],"product_tag":[2764,2756,1960,1810,2759,2755,2762,2763,2758,2757,2760,2761],"class_list":{"0":"post-18328","1":"product","2":"type-product","3":"status-publish","4":"has-post-thumbnail","6":"product_brand-hindbag","7":"product_cat-accessoires","8":"product_cat-strandtaschen-reiseaccessoires-mit-maritimem-flair-regalino","9":"product_cat-taschen-handtaschen-stilvolle-alltagsbegleiter-regalino","10":"product_tag-hindbag-kulturbeutel","11":"product_tag-kosmetik-tasche","12":"product_tag-kosmetiktasche","13":"product_tag-kulturbeutel","14":"product_tag-kulturbeutel-bio-baumwolle","15":"product_tag-kulturbeutel-damen","16":"product_tag-kulturbeutel-leopardenprint","17":"product_tag-kulturbeutel-naturweiss","18":"product_tag-leo-kosmetiktasche","19":"product_tag-leopardenmuster-tasche","20":"product_tag-reisekosmetiktasche","21":"product_tag-weekender-kosmetiktasche","23":"first","24":"instock","25":"taxable","26":"shipping-taxable","27":"purchasable","28":"product-type-simple"},"yoast_head":"<!-- This site is optimized with the Yoast SEO plugin v27.5 - https:\/\/yoast.com\/product\/yoast-seo-wordpress\/ -->\n<title>Kulturbeutel L\u00e9on ecru aus Bio-Baumwolle - Regalino -Lively Style<\/title>\n<meta name=\"description\" content=\"Stilvoller Kulturbeutel mit Leopardenmuster aus robuster Bio-Baumwolle. Perfekt f\u00fcr Kosmetik, Reisen &amp; Alltag. Praktisches Wochenendformat mit Rei\u00dfverschluss.\" \/>\n<meta name=\"robots\" content=\"index, follow, max-snippet:-1, max-image-preview:large, max-video-preview:-1\" \/>\n<link rel=\"canonical\" href=\"https:\/\/Regalino-Shop.de\/?product=kulturbeutel-leon-ecru-aus-bio-baumwolle\" \/>\n<meta property=\"og:locale\" content=\"de_DE\" \/>\n<meta property=\"og:type\" content=\"article\" \/>\n<meta property=\"og:title\" content=\"Kulturbeutel L\u00e9on ecru aus Bio-Baumwolle - Regalino -Lively Style\" \/>\n<meta property=\"og:description\" content=\"Stilvoller Kulturbeutel mit Leopardenmuster aus robuster Bio-Baumwolle. Perfekt f\u00fcr Kosmetik, Reisen &amp; Alltag. Praktisches Wochenendformat mit Rei\u00dfverschluss.\" \/>\n<meta property=\"og:url\" content=\"https:\/\/Regalino-Shop.de\/?product=kulturbeutel-leon-ecru-aus-bio-baumwolle\" \/>\n<meta property=\"og:site_name\" content=\"Regalino -Lively Style\" \/>\n<meta property=\"article:modified_time\" content=\"2026-03-29T07:56:55+00:00\" \/>\n<meta property=\"og:image\" content=\"https:\/\/Regalino-Shop.de\/wp-content\/uploads\/2026\/03\/leo-Kulturtasche-Kosmetik-ecru-hindbag.png\" \/>\n\t<meta property=\"og:image:width\" content=\"380\" \/>\n\t<meta property=\"og:image:height\" content=\"336\" \/>\n\t<meta property=\"og:image:type\" content=\"image\/png\" \/>\n<meta name=\"twitter:card\" content=\"summary_large_image\" \/>\n<meta name=\"twitter:label1\" content=\"Gesch\u00e4tzte Lesezeit\" \/>\n\t<meta name=\"twitter:data1\" content=\"1\u00a0Minute\" \/>\n<script type=\"application\/ld+json\" class=\"yoast-schema-graph\">{\"@context\":\"https:\\\/\\\/schema.org\",\"@graph\":[{\"@type\":\"WebPage\",\"@id\":\"https:\\\/\\\/Regalino-Shop.de\\\/?product=kulturbeutel-leon-ecru-aus-bio-baumwolle\",\"url\":\"https:\\\/\\\/Regalino-Shop.de\\\/?product=kulturbeutel-leon-ecru-aus-bio-baumwolle\",\"name\":\"Kulturbeutel L\u00e9on ecru aus Bio-Baumwolle - Regalino -Lively Style\",\"isPartOf\":{\"@id\":\"https:\\\/\\\/Regalino-Shop.de\\\/#website\"},\"primaryImageOfPage\":{\"@id\":\"https:\\\/\\\/Regalino-Shop.de\\\/?product=kulturbeutel-leon-ecru-aus-bio-baumwolle#primaryimage\"},\"image\":{\"@id\":\"https:\\\/\\\/Regalino-Shop.de\\\/?product=kulturbeutel-leon-ecru-aus-bio-baumwolle#primaryimage\"},\"thumbnailUrl\":\"https:\\\/\\\/Regalino-Shop.de\\\/wp-content\\\/uploads\\\/2026\\\/03\\\/leo-Kulturtasche-Kosmetik-ecru-hindbag.png\",\"datePublished\":\"2026-03-18T19:47:53+00:00\",\"dateModified\":\"2026-03-29T07:56:55+00:00\",\"description\":\"Stilvoller Kulturbeutel mit Leopardenmuster aus robuster Bio-Baumwolle. Perfekt f\u00fcr Kosmetik, Reisen & Alltag. Praktisches Wochenendformat mit Rei\u00dfverschluss.\",\"breadcrumb\":{\"@id\":\"https:\\\/\\\/Regalino-Shop.de\\\/?product=kulturbeutel-leon-ecru-aus-bio-baumwolle#breadcrumb\"},\"inLanguage\":\"de\",\"potentialAction\":[{\"@type\":\"ReadAction\",\"target\":[\"https:\\\/\\\/Regalino-Shop.de\\\/?product=kulturbeutel-leon-ecru-aus-bio-baumwolle\"]}]},{\"@type\":\"ImageObject\",\"inLanguage\":\"de\",\"@id\":\"https:\\\/\\\/Regalino-Shop.de\\\/?product=kulturbeutel-leon-ecru-aus-bio-baumwolle#primaryimage\",\"url\":\"https:\\\/\\\/Regalino-Shop.de\\\/wp-content\\\/uploads\\\/2026\\\/03\\\/leo-Kulturtasche-Kosmetik-ecru-hindbag.png\",\"contentUrl\":\"https:\\\/\\\/Regalino-Shop.de\\\/wp-content\\\/uploads\\\/2026\\\/03\\\/leo-Kulturtasche-Kosmetik-ecru-hindbag.png\",\"width\":380,\"height\":336},{\"@type\":\"BreadcrumbList\",\"@id\":\"https:\\\/\\\/Regalino-Shop.de\\\/?product=kulturbeutel-leon-ecru-aus-bio-baumwolle#breadcrumb\",\"itemListElement\":[{\"@type\":\"ListItem\",\"position\":1,\"name\":\"Startseite\",\"item\":\"https:\\\/\\\/Regalino-Shop.de\\\/\"},{\"@type\":\"ListItem\",\"position\":2,\"name\":\"Shop\",\"item\":\"https:\\\/\\\/Regalino-Shop.de\\\/?page_id=40\"},{\"@type\":\"ListItem\",\"position\":3,\"name\":\"Kulturbeutel L\u00e9on ecru aus Bio-Baumwolle\"}]},{\"@type\":\"WebSite\",\"@id\":\"https:\\\/\\\/Regalino-Shop.de\\\/#website\",\"url\":\"https:\\\/\\\/Regalino-Shop.de\\\/\",\"name\":\"Regalino -Lively Style\",\"description\":\"gelebtes Zuhause\",\"potentialAction\":[{\"@type\":\"SearchAction\",\"target\":{\"@type\":\"EntryPoint\",\"urlTemplate\":\"https:\\\/\\\/Regalino-Shop.de\\\/?s={search_term_string}\"},\"query-input\":{\"@type\":\"PropertyValueSpecification\",\"valueRequired\":true,\"valueName\":\"search_term_string\"}}],\"inLanguage\":\"de\"}]}<\/script>\n<!-- \/ Yoast SEO plugin. -->","yoast_head_json":{"title":"Kulturbeutel L\u00e9on ecru aus Bio-Baumwolle - Regalino -Lively Style","description":"Stilvoller Kulturbeutel mit Leopardenmuster aus robuster Bio-Baumwolle. Perfekt f\u00fcr Kosmetik, Reisen & Alltag. Praktisches Wochenendformat mit Rei\u00dfverschluss.","robots":{"index":"index","follow":"follow","max-snippet":"max-snippet:-1","max-image-preview":"max-image-preview:large","max-video-preview":"max-video-preview:-1"},"canonical":"https:\/\/Regalino-Shop.de\/?product=kulturbeutel-leon-ecru-aus-bio-baumwolle","og_locale":"de_DE","og_type":"article","og_title":"Kulturbeutel L\u00e9on ecru aus Bio-Baumwolle - Regalino -Lively Style","og_description":"Stilvoller Kulturbeutel mit Leopardenmuster aus robuster Bio-Baumwolle. Perfekt f\u00fcr Kosmetik, Reisen & Alltag. Praktisches Wochenendformat mit Rei\u00dfverschluss.","og_url":"https:\/\/Regalino-Shop.de\/?product=kulturbeutel-leon-ecru-aus-bio-baumwolle","og_site_name":"Regalino -Lively Style","article_modified_time":"2026-03-29T07:56:55+00:00","og_image":[{"width":380,"height":336,"url":"https:\/\/Regalino-Shop.de\/wp-content\/uploads\/2026\/03\/leo-Kulturtasche-Kosmetik-ecru-hindbag.png","type":"image\/png"}],"twitter_card":"summary_large_image","twitter_misc":{"Gesch\u00e4tzte Lesezeit":"1\u00a0Minute"},"schema":{"@context":"https:\/\/schema.org","@graph":[{"@type":"WebPage","@id":"https:\/\/Regalino-Shop.de\/?product=kulturbeutel-leon-ecru-aus-bio-baumwolle","url":"https:\/\/Regalino-Shop.de\/?product=kulturbeutel-leon-ecru-aus-bio-baumwolle","name":"Kulturbeutel L\u00e9on ecru aus Bio-Baumwolle - Regalino -Lively Style","isPartOf":{"@id":"https:\/\/Regalino-Shop.de\/#website"},"primaryImageOfPage":{"@id":"https:\/\/Regalino-Shop.de\/?product=kulturbeutel-leon-ecru-aus-bio-baumwolle#primaryimage"},"image":{"@id":"https:\/\/Regalino-Shop.de\/?product=kulturbeutel-leon-ecru-aus-bio-baumwolle#primaryimage"},"thumbnailUrl":"https:\/\/Regalino-Shop.de\/wp-content\/uploads\/2026\/03\/leo-Kulturtasche-Kosmetik-ecru-hindbag.png","datePublished":"2026-03-18T19:47:53+00:00","dateModified":"2026-03-29T07:56:55+00:00","description":"Stilvoller Kulturbeutel mit Leopardenmuster aus robuster Bio-Baumwolle. Perfekt f\u00fcr Kosmetik, Reisen & Alltag. Praktisches Wochenendformat mit Rei\u00dfverschluss.","breadcrumb":{"@id":"https:\/\/Regalino-Shop.de\/?product=kulturbeutel-leon-ecru-aus-bio-baumwolle#breadcrumb"},"inLanguage":"de","potentialAction":[{"@type":"ReadAction","target":["https:\/\/Regalino-Shop.de\/?product=kulturbeutel-leon-ecru-aus-bio-baumwolle"]}]},{"@type":"ImageObject","inLanguage":"de","@id":"https:\/\/Regalino-Shop.de\/?product=kulturbeutel-leon-ecru-aus-bio-baumwolle#primaryimage","url":"https:\/\/Regalino-Shop.de\/wp-content\/uploads\/2026\/03\/leo-Kulturtasche-Kosmetik-ecru-hindbag.png","contentUrl":"https:\/\/Regalino-Shop.de\/wp-content\/uploads\/2026\/03\/leo-Kulturtasche-Kosmetik-ecru-hindbag.png","width":380,"height":336},{"@type":"BreadcrumbList","@id":"https:\/\/Regalino-Shop.de\/?product=kulturbeutel-leon-ecru-aus-bio-baumwolle#breadcrumb","itemListElement":[{"@type":"ListItem","position":1,"name":"Startseite","item":"https:\/\/Regalino-Shop.de\/"},{"@type":"ListItem","position":2,"name":"Shop","item":"https:\/\/Regalino-Shop.de\/?page_id=40"},{"@type":"ListItem","position":3,"name":"Kulturbeutel L\u00e9on ecru aus Bio-Baumwolle"}]},{"@type":"WebSite","@id":"https:\/\/Regalino-Shop.de\/#website","url":"https:\/\/Regalino-Shop.de\/","name":"Regalino -Lively Style","description":"gelebtes Zuhause","potentialAction":[{"@type":"SearchAction","target":{"@type":"EntryPoint","urlTemplate":"https:\/\/Regalino-Shop.de\/?s={search_term_string}"},"query-input":{"@type":"PropertyValueSpecification","valueRequired":true,"valueName":"search_term_string"}}],"inLanguage":"de"}]}},"_links":{"self":[{"href":"https:\/\/Regalino-Shop.de\/index.php?rest_route=\/wp\/v2\/product\/18328","targetHints":{"allow":["GET"]}}],"collection":[{"href":"https:\/\/Regalino-Shop.de\/index.php?rest_route=\/wp\/v2\/product"}],"about":[{"href":"https:\/\/Regalino-Shop.de\/index.php?rest_route=\/wp\/v2\/types\/product"}],"wp:featuredmedia":[{"embeddable":true,"href":"https:\/\/Regalino-Shop.de\/index.php?rest_route=\/wp\/v2\/media\/18331"}],"wp:attachment":[{"href":"https:\/\/Regalino-Shop.de\/index.php?rest_route=%2Fwp%2Fv2%2Fmedia&parent=18328"}],"wp:term":[{"taxonomy":"product_brand","embeddable":true,"href":"https:\/\/Regalino-Shop.de\/index.php?rest_route=%2Fwp%2Fv2%2Fproduct_brand&post=18328"},{"taxonomy":"product_cat","embeddable":true,"href":"https:\/\/Regalino-Shop.de\/index.php?rest_route=%2Fwp%2Fv2%2Fproduct_cat&post=18328"},{"taxonomy":"product_tag","embeddable":true,"href":"https:\/\/Regalino-Shop.de\/index.php?rest_route=%2Fwp%2Fv2%2Fproduct_tag&post=18328"}],"curies":[{"name":"wp","href":"https:\/\/api.w.org\/{rel}","templated":true}]}}