{"id":18340,"date":"2026-03-18T20:32:54","date_gmt":"2026-03-18T20:32:54","guid":{"rendered":"https:\/\/Regalino-Shop.de\/?post_type=product&#038;p=18340"},"modified":"2026-03-29T07:56:52","modified_gmt":"2026-03-29T07:56:52","slug":"tragetasche-claude-leo-zimt","status":"publish","type":"product","link":"https:\/\/Regalino-Shop.de\/?product=tragetasche-claude-leo-zimt","title":{"rendered":"Gro\u00dfe Tasche \u201eClaude \u2013 Leo Zimt\u201c aus Bio Baumwolle"},"content":{"rendered":"<blockquote><p>&nbsp;<\/p><\/blockquote>\n","protected":false},"excerpt":{"rendered":"<h1 data-section-id=\"okd6cs\" data-start=\"127\" data-end=\"160\">Tragetasche \u201eClaude \u2013 Leo Zimt\u201c<\/h1>\n<p data-start=\"162\" data-end=\"514\">Die Tragetasche <strong data-start=\"178\" data-end=\"188\">Claude<\/strong> ist eine gro\u00dfz\u00fcgige Einkaufstasche f\u00fcr Alltag, Marktbesuch oder Strandtage. Der warme Farbton <strong data-start=\"283\" data-end=\"291\">Zimt<\/strong> kombiniert mit dem charakteristischen Leopardenmuster sorgt f\u00fcr einen modernen, zugleich zeitlosen Look. Durch ihre gro\u00dfe Form bietet die Tasche besonders viel Platz f\u00fcr Eink\u00e4ufe, Strandutensilien oder Dinge f\u00fcr unterwegs.<\/p>\n<p data-start=\"516\" data-end=\"833\">Ein <strong data-start=\"520\" data-end=\"547\">magnetischer Druckknopf<\/strong> sorgt daf\u00fcr, dass der Inhalt sicher verstaut bleibt. In der <strong data-start=\"608\" data-end=\"635\">praktischen Innentasche<\/strong> lassen sich wichtige Kleinigkeiten wie Schl\u00fcssel, Smartphone oder Geldb\u00f6rse griffbereit aufbewahren. Das feste Material aus robuster Bio-Baumwolle sorgt f\u00fcr Stabilit\u00e4t und eine langlebige Qualit\u00e4t.<\/p>\n<p data-start=\"835\" data-end=\"1117\">Die Taschen und Accessoires entstehen in Zusammenarbeit mit der indischen NGO <strong data-start=\"913\" data-end=\"958\">Swami Sivananda Memorial Institute (SSMI)<\/strong>. Die Organisation unterst\u00fctzt Frauen aus einem benachteiligten Viertel in Delhi durch faire Arbeit, Ausbildungsm\u00f6glichkeiten und Schulbildung f\u00fcr ihre Kinder.<\/p>\n<hr data-start=\"1119\" data-end=\"1122\" \/>\n<h1 data-section-id=\"1i7x1es\" data-start=\"1124\" data-end=\"1133\">Details<\/h1>\n<p data-start=\"1135\" data-end=\"1458\">\u2022 <strong data-start=\"1137\" data-end=\"1147\">Gr\u00f6\u00dfe:<\/strong> 40 \u00d7 33 \u00d7 23 cm<br data-start=\"1163\" data-end=\"1166\" \/>\u2022 <strong data-start=\"1168\" data-end=\"1184\">Innentasche:<\/strong> 23 \u00d7 18 cm<br data-start=\"1195\" data-end=\"1198\" \/>\u2022 <strong data-start=\"1200\" data-end=\"1212\">Volumen:<\/strong> 33 L<br data-start=\"1217\" data-end=\"1220\" \/>\u2022 <strong data-start=\"1222\" data-end=\"1235\">Material:<\/strong> dicke Bio-Baumwolle (500 g\/m\u00b2)<br data-start=\"1266\" data-end=\"1269\" \/>\u2022 <strong data-start=\"1271\" data-end=\"1290\">Zertifizierung:<\/strong> GOTS-zertifizierte Baumwolle<br data-start=\"1319\" data-end=\"1322\" \/>\u2022 <strong data-start=\"1324\" data-end=\"1334\">Farbe:<\/strong> Zimt mit Leopardenmuster<br data-start=\"1359\" data-end=\"1362\" \/>\u2022 <strong data-start=\"1364\" data-end=\"1379\">Verschluss:<\/strong> magnetischer Druckknopf<br data-start=\"1403\" data-end=\"1406\" \/>\u2022 <strong data-start=\"1408\" data-end=\"1419\">Extras:<\/strong> gro\u00dfe Innentasche f\u00fcr wichtige Dinge<\/p>\n<hr data-start=\"1460\" data-end=\"1463\" \/>\n<h1 data-section-id=\"ghi057\" data-start=\"1465\" data-end=\"1473\">Pflege<\/h1>\n<p data-start=\"1475\" data-end=\"1688\">\u2022 chemische Reinigung empfohlen<br data-start=\"1506\" data-end=\"1509\" \/>\u2022 bei mittlerer Temperatur b\u00fcgeln<br data-start=\"1542\" data-end=\"1545\" \/>\u2022 nicht im Trockner trocknen<br data-start=\"1573\" data-end=\"1576\" \/>\u2022 vor dem ersten Gebrauch mit farblosem Impr\u00e4gnierspray sch\u00fctzen<br data-start=\"1640\" data-end=\"1643\" \/>\u2022 Impr\u00e4gnierung etwa alle 3 Monate erneuern<\/p>\n<hr data-start=\"1690\" data-end=\"1693\" \/>\n<h1 data-section-id=\"u5s9wi\" data-start=\"1695\" data-end=\"1721\">\ud83e\udd0d Regalino Styling-Tipp<\/h1>\n<p data-start=\"1723\" data-end=\"1739\">Besonders sch\u00f6n:<\/p>\n<p data-start=\"1741\" data-end=\"1912\">\u2022 als <strong data-start=\"1747\" data-end=\"1796\">ger\u00e4umige Tasche f\u00fcr Einkauf oder Stadtbummel<\/strong><br data-start=\"1796\" data-end=\"1799\" \/>\u2022 ideal als <strong data-start=\"1811\" data-end=\"1843\">Strand- oder Wochenendtasche<\/strong><br data-start=\"1843\" data-end=\"1846\" \/>\u2022 kombiniert mit <strong data-start=\"1863\" data-end=\"1912\">hellen Naturt\u00f6nen wie Beige, Sand oder Leinen<\/strong><\/p>\n<p data-start=\"1914\" data-end=\"1974\">So entsteht ein <strong data-start=\"1930\" data-end=\"1973\">entspannter Look mit modernem Leo-Print<\/strong>.<\/p>\n<p>Lieferumfang: 1 Tasche<\/p>\n<p>&nbsp;<\/p>\n<p>&nbsp;<\/p>\n","protected":false},"featured_media":18344,"template":"","meta":{"_et_pb_use_builder":"","_et_pb_old_content":"","_et_gb_content_width":""},"product_brand":[2754],"product_cat":[2983,2637,102],"product_tag":[1089,2768,2769,2724,2757,2770,2767,1088,2772,2766],"class_list":{"0":"post-18340","1":"product","2":"type-product","3":"status-publish","4":"has-post-thumbnail","6":"product_brand-hindbag","7":"product_cat-accessoires","8":"product_cat-strandtaschen-reiseaccessoires-mit-maritimem-flair-regalino","9":"product_cat-taschen-handtaschen-stilvolle-alltagsbegleiter-regalino","10":"product_tag-einkaufstasche","11":"product_tag-grosse-tragetasche","12":"product_tag-hindbag-tasche","13":"product_tag-leo-tasche-damen","14":"product_tag-leopardenmuster-tasche","15":"product_tag-shopper-bio-baumwolle","16":"product_tag-shopper-tasche","17":"product_tag-strandtasche","18":"product_tag-strandtasche-damen","19":"product_tag-tragetasche","21":"first","22":"instock","23":"taxable","24":"shipping-taxable","25":"purchasable","26":"product-type-simple"},"yoast_head":"<!-- This site is optimized with the Yoast SEO plugin v27.5 - https:\/\/yoast.com\/product\/yoast-seo-wordpress\/ -->\n<title>Gro\u00dfe Tasche \u201eClaude \u2013 Leo Zimt\u201c aus Bio Baumwolle - Regalino -Lively Style<\/title>\n<meta name=\"description\" content=\"Gro\u00dfe Tragetasche Claude mit Leopardenmuster aus robuster Bio-Baumwolle. Perfekt f\u00fcr Einkauf, Strand oder Alltag. Viel Platz und praktische Innentasche\" \/>\n<meta name=\"robots\" content=\"index, follow, max-snippet:-1, max-image-preview:large, max-video-preview:-1\" \/>\n<link rel=\"canonical\" href=\"https:\/\/Regalino-Shop.de\/?product=tragetasche-claude-leo-zimt\" \/>\n<meta property=\"og:locale\" content=\"de_DE\" \/>\n<meta property=\"og:type\" content=\"article\" \/>\n<meta property=\"og:title\" content=\"Gro\u00dfe Tasche \u201eClaude \u2013 Leo Zimt\u201c aus Bio Baumwolle - Regalino -Lively Style\" \/>\n<meta property=\"og:description\" content=\"Gro\u00dfe Tragetasche Claude mit Leopardenmuster aus robuster Bio-Baumwolle. Perfekt f\u00fcr Einkauf, Strand oder Alltag. Viel Platz und praktische Innentasche\" \/>\n<meta property=\"og:url\" content=\"https:\/\/Regalino-Shop.de\/?product=tragetasche-claude-leo-zimt\" \/>\n<meta property=\"og:site_name\" content=\"Regalino -Lively Style\" \/>\n<meta property=\"article:modified_time\" content=\"2026-03-29T07:56:52+00:00\" \/>\n<meta property=\"og:image\" content=\"https:\/\/Regalino-Shop.de\/wp-content\/uploads\/2026\/03\/cabas-claude-leopard-cannelle-weekender-strandtasche.webp\" \/>\n\t<meta property=\"og:image:width\" content=\"900\" \/>\n\t<meta property=\"og:image:height\" content=\"1350\" \/>\n\t<meta property=\"og:image:type\" content=\"image\/webp\" \/>\n<meta name=\"twitter:card\" content=\"summary_large_image\" \/>\n<meta name=\"twitter:label1\" content=\"Gesch\u00e4tzte Lesezeit\" \/>\n\t<meta name=\"twitter:data1\" content=\"1\u00a0Minute\" \/>\n<script type=\"application\/ld+json\" class=\"yoast-schema-graph\">{\"@context\":\"https:\\\/\\\/schema.org\",\"@graph\":[{\"@type\":\"WebPage\",\"@id\":\"https:\\\/\\\/Regalino-Shop.de\\\/?product=tragetasche-claude-leo-zimt\",\"url\":\"https:\\\/\\\/Regalino-Shop.de\\\/?product=tragetasche-claude-leo-zimt\",\"name\":\"Gro\u00dfe Tasche \u201eClaude \u2013 Leo Zimt\u201c aus Bio Baumwolle - Regalino -Lively Style\",\"isPartOf\":{\"@id\":\"https:\\\/\\\/Regalino-Shop.de\\\/#website\"},\"primaryImageOfPage\":{\"@id\":\"https:\\\/\\\/Regalino-Shop.de\\\/?product=tragetasche-claude-leo-zimt#primaryimage\"},\"image\":{\"@id\":\"https:\\\/\\\/Regalino-Shop.de\\\/?product=tragetasche-claude-leo-zimt#primaryimage\"},\"thumbnailUrl\":\"https:\\\/\\\/Regalino-Shop.de\\\/wp-content\\\/uploads\\\/2026\\\/03\\\/cabas-claude-leopard-cannelle-weekender-strandtasche.webp\",\"datePublished\":\"2026-03-18T20:32:54+00:00\",\"dateModified\":\"2026-03-29T07:56:52+00:00\",\"description\":\"Gro\u00dfe Tragetasche Claude mit Leopardenmuster aus robuster Bio-Baumwolle. Perfekt f\u00fcr Einkauf, Strand oder Alltag. Viel Platz und praktische Innentasche\",\"breadcrumb\":{\"@id\":\"https:\\\/\\\/Regalino-Shop.de\\\/?product=tragetasche-claude-leo-zimt#breadcrumb\"},\"inLanguage\":\"de\",\"potentialAction\":[{\"@type\":\"ReadAction\",\"target\":[\"https:\\\/\\\/Regalino-Shop.de\\\/?product=tragetasche-claude-leo-zimt\"]}]},{\"@type\":\"ImageObject\",\"inLanguage\":\"de\",\"@id\":\"https:\\\/\\\/Regalino-Shop.de\\\/?product=tragetasche-claude-leo-zimt#primaryimage\",\"url\":\"https:\\\/\\\/Regalino-Shop.de\\\/wp-content\\\/uploads\\\/2026\\\/03\\\/cabas-claude-leopard-cannelle-weekender-strandtasche.webp\",\"contentUrl\":\"https:\\\/\\\/Regalino-Shop.de\\\/wp-content\\\/uploads\\\/2026\\\/03\\\/cabas-claude-leopard-cannelle-weekender-strandtasche.webp\",\"width\":900,\"height\":1350},{\"@type\":\"BreadcrumbList\",\"@id\":\"https:\\\/\\\/Regalino-Shop.de\\\/?product=tragetasche-claude-leo-zimt#breadcrumb\",\"itemListElement\":[{\"@type\":\"ListItem\",\"position\":1,\"name\":\"Startseite\",\"item\":\"https:\\\/\\\/Regalino-Shop.de\\\/\"},{\"@type\":\"ListItem\",\"position\":2,\"name\":\"Shop\",\"item\":\"https:\\\/\\\/Regalino-Shop.de\\\/?page_id=40\"},{\"@type\":\"ListItem\",\"position\":3,\"name\":\"Gro\u00dfe Tasche \u201eClaude \u2013 Leo Zimt\u201c aus Bio Baumwolle\"}]},{\"@type\":\"WebSite\",\"@id\":\"https:\\\/\\\/Regalino-Shop.de\\\/#website\",\"url\":\"https:\\\/\\\/Regalino-Shop.de\\\/\",\"name\":\"Regalino -Lively Style\",\"description\":\"gelebtes Zuhause\",\"potentialAction\":[{\"@type\":\"SearchAction\",\"target\":{\"@type\":\"EntryPoint\",\"urlTemplate\":\"https:\\\/\\\/Regalino-Shop.de\\\/?s={search_term_string}\"},\"query-input\":{\"@type\":\"PropertyValueSpecification\",\"valueRequired\":true,\"valueName\":\"search_term_string\"}}],\"inLanguage\":\"de\"}]}<\/script>\n<!-- \/ Yoast SEO plugin. -->","yoast_head_json":{"title":"Gro\u00dfe Tasche \u201eClaude \u2013 Leo Zimt\u201c aus Bio Baumwolle - Regalino -Lively Style","description":"Gro\u00dfe Tragetasche Claude mit Leopardenmuster aus robuster Bio-Baumwolle. Perfekt f\u00fcr Einkauf, Strand oder Alltag. Viel Platz und praktische Innentasche","robots":{"index":"index","follow":"follow","max-snippet":"max-snippet:-1","max-image-preview":"max-image-preview:large","max-video-preview":"max-video-preview:-1"},"canonical":"https:\/\/Regalino-Shop.de\/?product=tragetasche-claude-leo-zimt","og_locale":"de_DE","og_type":"article","og_title":"Gro\u00dfe Tasche \u201eClaude \u2013 Leo Zimt\u201c aus Bio Baumwolle - Regalino -Lively Style","og_description":"Gro\u00dfe Tragetasche Claude mit Leopardenmuster aus robuster Bio-Baumwolle. Perfekt f\u00fcr Einkauf, Strand oder Alltag. Viel Platz und praktische Innentasche","og_url":"https:\/\/Regalino-Shop.de\/?product=tragetasche-claude-leo-zimt","og_site_name":"Regalino -Lively Style","article_modified_time":"2026-03-29T07:56:52+00:00","og_image":[{"width":900,"height":1350,"url":"https:\/\/Regalino-Shop.de\/wp-content\/uploads\/2026\/03\/cabas-claude-leopard-cannelle-weekender-strandtasche.webp","type":"image\/webp"}],"twitter_card":"summary_large_image","twitter_misc":{"Gesch\u00e4tzte Lesezeit":"1\u00a0Minute"},"schema":{"@context":"https:\/\/schema.org","@graph":[{"@type":"WebPage","@id":"https:\/\/Regalino-Shop.de\/?product=tragetasche-claude-leo-zimt","url":"https:\/\/Regalino-Shop.de\/?product=tragetasche-claude-leo-zimt","name":"Gro\u00dfe Tasche \u201eClaude \u2013 Leo Zimt\u201c aus Bio Baumwolle - Regalino -Lively Style","isPartOf":{"@id":"https:\/\/Regalino-Shop.de\/#website"},"primaryImageOfPage":{"@id":"https:\/\/Regalino-Shop.de\/?product=tragetasche-claude-leo-zimt#primaryimage"},"image":{"@id":"https:\/\/Regalino-Shop.de\/?product=tragetasche-claude-leo-zimt#primaryimage"},"thumbnailUrl":"https:\/\/Regalino-Shop.de\/wp-content\/uploads\/2026\/03\/cabas-claude-leopard-cannelle-weekender-strandtasche.webp","datePublished":"2026-03-18T20:32:54+00:00","dateModified":"2026-03-29T07:56:52+00:00","description":"Gro\u00dfe Tragetasche Claude mit Leopardenmuster aus robuster Bio-Baumwolle. Perfekt f\u00fcr Einkauf, Strand oder Alltag. Viel Platz und praktische Innentasche","breadcrumb":{"@id":"https:\/\/Regalino-Shop.de\/?product=tragetasche-claude-leo-zimt#breadcrumb"},"inLanguage":"de","potentialAction":[{"@type":"ReadAction","target":["https:\/\/Regalino-Shop.de\/?product=tragetasche-claude-leo-zimt"]}]},{"@type":"ImageObject","inLanguage":"de","@id":"https:\/\/Regalino-Shop.de\/?product=tragetasche-claude-leo-zimt#primaryimage","url":"https:\/\/Regalino-Shop.de\/wp-content\/uploads\/2026\/03\/cabas-claude-leopard-cannelle-weekender-strandtasche.webp","contentUrl":"https:\/\/Regalino-Shop.de\/wp-content\/uploads\/2026\/03\/cabas-claude-leopard-cannelle-weekender-strandtasche.webp","width":900,"height":1350},{"@type":"BreadcrumbList","@id":"https:\/\/Regalino-Shop.de\/?product=tragetasche-claude-leo-zimt#breadcrumb","itemListElement":[{"@type":"ListItem","position":1,"name":"Startseite","item":"https:\/\/Regalino-Shop.de\/"},{"@type":"ListItem","position":2,"name":"Shop","item":"https:\/\/Regalino-Shop.de\/?page_id=40"},{"@type":"ListItem","position":3,"name":"Gro\u00dfe Tasche \u201eClaude \u2013 Leo Zimt\u201c aus Bio Baumwolle"}]},{"@type":"WebSite","@id":"https:\/\/Regalino-Shop.de\/#website","url":"https:\/\/Regalino-Shop.de\/","name":"Regalino -Lively Style","description":"gelebtes Zuhause","potentialAction":[{"@type":"SearchAction","target":{"@type":"EntryPoint","urlTemplate":"https:\/\/Regalino-Shop.de\/?s={search_term_string}"},"query-input":{"@type":"PropertyValueSpecification","valueRequired":true,"valueName":"search_term_string"}}],"inLanguage":"de"}]}},"_links":{"self":[{"href":"https:\/\/Regalino-Shop.de\/index.php?rest_route=\/wp\/v2\/product\/18340","targetHints":{"allow":["GET"]}}],"collection":[{"href":"https:\/\/Regalino-Shop.de\/index.php?rest_route=\/wp\/v2\/product"}],"about":[{"href":"https:\/\/Regalino-Shop.de\/index.php?rest_route=\/wp\/v2\/types\/product"}],"wp:featuredmedia":[{"embeddable":true,"href":"https:\/\/Regalino-Shop.de\/index.php?rest_route=\/wp\/v2\/media\/18344"}],"wp:attachment":[{"href":"https:\/\/Regalino-Shop.de\/index.php?rest_route=%2Fwp%2Fv2%2Fmedia&parent=18340"}],"wp:term":[{"taxonomy":"product_brand","embeddable":true,"href":"https:\/\/Regalino-Shop.de\/index.php?rest_route=%2Fwp%2Fv2%2Fproduct_brand&post=18340"},{"taxonomy":"product_cat","embeddable":true,"href":"https:\/\/Regalino-Shop.de\/index.php?rest_route=%2Fwp%2Fv2%2Fproduct_cat&post=18340"},{"taxonomy":"product_tag","embeddable":true,"href":"https:\/\/Regalino-Shop.de\/index.php?rest_route=%2Fwp%2Fv2%2Fproduct_tag&post=18340"}],"curies":[{"name":"wp","href":"https:\/\/api.w.org\/{rel}","templated":true}]}}