{"id":18347,"date":"2026-03-19T05:24:14","date_gmt":"2026-03-19T05:24:14","guid":{"rendered":"https:\/\/Regalino-Shop.de\/?post_type=product&#038;p=18347"},"modified":"2026-03-29T07:56:52","modified_gmt":"2026-03-29T07:56:52","slug":"guerteltasche-sasha-leo-naturweiss-grosse-bauchtasche-aus-bio-baumwolle-regalino","status":"publish","type":"product","link":"https:\/\/Regalino-Shop.de\/?product=guerteltasche-sasha-leo-naturweiss-grosse-bauchtasche-aus-bio-baumwolle-regalino","title":{"rendered":"G\u00fcrteltasche Sasha Leo Naturwei\u00df \u2013 gro\u00dfe Bauchtasche aus Bio-Baumwolle"},"content":{"rendered":"<blockquote><p>&nbsp;<\/p><\/blockquote>\n","protected":false},"excerpt":{"rendered":"<h1 data-section-id=\"1izjnst\" data-start=\"136\" data-end=\"174\">G\u00fcrteltasche \u201eSasha \u2013 Leo Naturwei\u00df\u201c<\/h1>\n<p data-start=\"176\" data-end=\"524\">Die G\u00fcrteltasche <strong data-start=\"193\" data-end=\"202\">Sasha<\/strong> ist der ideale Begleiter f\u00fcr alle, die unterwegs gerne alles griffbereit haben. Der helle Farbton <strong data-start=\"301\" data-end=\"314\">Naturwei\u00df<\/strong> in Kombination mit dem markanten Leopardenmuster verleiht der Tasche einen modernen und zugleich zeitlosen Look. Durch ihr gro\u00dfz\u00fcgiges Format bietet sie ausreichend Platz f\u00fcr die wichtigsten Dinge des Alltags.<\/p>\n<p data-start=\"526\" data-end=\"939\">In der <strong data-start=\"533\" data-end=\"567\">Au\u00dfentasche mit Rei\u00dfverschluss<\/strong> lassen sich wichtige Dinge wie Bankkarte, Reisepass oder Ausweis sicher verstauen. Eine <strong data-start=\"656\" data-end=\"682\">praktische Innentasche<\/strong> sorgt daf\u00fcr, dass Schl\u00fcssel oder kleine Gegenst\u00e4nde schnell gefunden werden. Der <strong data-start=\"764\" data-end=\"785\">verstellbare Gurt<\/strong> erm\u00f6glicht es, die Tasche flexibel \u00fcber der Schulter oder als Crossbody zu tragen \u2013 im Winter \u00fcber einem Mantel oder im Sommer \u00fcber einem leichten Shirt.<\/p>\n<p data-start=\"941\" data-end=\"1091\">Das feste Material aus robuster Bio-Baumwolle sch\u00fctzt deine wichtigsten Dinge auch bei leichtem Regen und sorgt f\u00fcr eine stabile, langlebige Qualit\u00e4t.<\/p>\n<p data-start=\"1093\" data-end=\"1375\">Die Taschen und Accessoires entstehen in Zusammenarbeit mit der indischen NGO <strong data-start=\"1171\" data-end=\"1216\">Swami Sivananda Memorial Institute (SSMI)<\/strong>. Die Organisation unterst\u00fctzt Frauen aus einem benachteiligten Viertel in Delhi durch faire Arbeit, Ausbildungsm\u00f6glichkeiten und Schulbildung f\u00fcr ihre Kinder.<\/p>\n<hr data-start=\"1377\" data-end=\"1380\" \/>\n<h1 data-section-id=\"1i7x1es\" data-start=\"1382\" data-end=\"1391\">Details<\/h1>\n<p data-start=\"1393\" data-end=\"1735\">\u2022 <strong data-start=\"1395\" data-end=\"1405\">Gr\u00f6\u00dfe:<\/strong> 37 \u00d7 16 \u00d7 9,5 cm<br data-start=\"1422\" data-end=\"1425\" \/>\u2022 <strong data-start=\"1427\" data-end=\"1441\">Gurtl\u00e4nge:<\/strong> verstellbar von 58 \u2013 105 cm<br data-start=\"1469\" data-end=\"1472\" \/>\u2022 <strong data-start=\"1474\" data-end=\"1487\">Material:<\/strong> dicke Bio-Baumwolle (500 g\/m\u00b2)<br data-start=\"1518\" data-end=\"1521\" \/>\u2022 <strong data-start=\"1523\" data-end=\"1542\">Zertifizierung:<\/strong> GOTS-zertifizierte Baumwolle<br data-start=\"1571\" data-end=\"1574\" \/>\u2022 <strong data-start=\"1576\" data-end=\"1586\">Farbe:<\/strong> Naturwei\u00df mit Leopardenmuster<br data-start=\"1616\" data-end=\"1619\" \/>\u2022 <strong data-start=\"1621\" data-end=\"1635\">Au\u00dfenfach:<\/strong> Rei\u00dfverschlusstasche auf der R\u00fcckseite<br data-start=\"1674\" data-end=\"1677\" \/>\u2022 <strong data-start=\"1679\" data-end=\"1693\">Innenfach:<\/strong> praktische Innentasche f\u00fcr kleine Dinge<\/p>\n<hr data-start=\"1737\" data-end=\"1740\" \/>\n<h1 data-section-id=\"ghi057\" data-start=\"1742\" data-end=\"1750\">Pflege<\/h1>\n<p data-start=\"1752\" data-end=\"1965\">\u2022 chemische Reinigung empfohlen<br data-start=\"1783\" data-end=\"1786\" \/>\u2022 bei mittlerer Temperatur b\u00fcgeln<br data-start=\"1819\" data-end=\"1822\" \/>\u2022 nicht im Trockner trocknen<br data-start=\"1850\" data-end=\"1853\" \/>\u2022 vor dem ersten Gebrauch mit farblosem Impr\u00e4gnierspray sch\u00fctzen<br data-start=\"1917\" data-end=\"1920\" \/>\u2022 Impr\u00e4gnierung etwa alle 3 Monate erneuern<\/p>\n<hr data-start=\"1967\" data-end=\"1970\" \/>\n<h1 data-section-id=\"u5s9wi\" data-start=\"1972\" data-end=\"1998\">\ud83e\udd0d Regalino Styling-Tipp<\/h1>\n<p data-start=\"2000\" data-end=\"2016\">Besonders sch\u00f6n:<\/p>\n<p data-start=\"2018\" data-end=\"2199\">\u2022 als <strong data-start=\"2024\" data-end=\"2076\">praktische Crossbody-Tasche f\u00fcr Stadt oder Reise<\/strong><br data-start=\"2076\" data-end=\"2079\" \/>\u2022 kombiniert mit <strong data-start=\"2096\" data-end=\"2145\">hellen Naturt\u00f6nen wie Beige, Sand oder Leinen<\/strong><br data-start=\"2145\" data-end=\"2148\" \/>\u2022 als l\u00e4ssiges Accessoire zu <strong data-start=\"2177\" data-end=\"2199\">schlichten Outfits<\/strong><\/p>\n<p data-start=\"2201\" data-end=\"2260\">So entsteht ein <strong data-start=\"2217\" data-end=\"2259\">moderner Look mit stilvollem Leo-Print<\/strong><\/p>\n<p>Lieferumfang: 1 Tasche<\/p>\n<p>&nbsp;<\/p>\n<p>&nbsp;<\/p>\n","protected":false},"featured_media":18348,"template":"","meta":{"_et_pb_use_builder":"","_et_pb_old_content":"","_et_gb_content_width":""},"product_brand":[2754],"product_cat":[2983,102],"product_tag":[2779,2775,2783,2777,2782,2774,2780,2773,2778,2781,2776,2757],"class_list":{"0":"post-18347","1":"product","2":"type-product","3":"status-publish","4":"has-post-thumbnail","6":"product_brand-hindbag","7":"product_cat-accessoires","8":"product_cat-taschen-handtaschen-stilvolle-alltagsbegleiter-regalino","9":"product_tag-bauchtasche-bio-baumwolle","10":"product_tag-bauchtasche-damen","11":"product_tag-bauchtasche-leo-print","12":"product_tag-crossbody-tasche-damen","13":"product_tag-grosse-guerteltasche","14":"product_tag-guerteltasche-damen","15":"product_tag-guerteltasche-naturweiss","16":"product_tag-guerteltasche-sasha-leo-naturweiss","17":"product_tag-hindbag-guerteltasche","18":"product_tag-leo-bauchtasche-damen","19":"product_tag-leo-guerteltasche","20":"product_tag-leopardenmuster-tasche","22":"first","23":"instock","24":"taxable","25":"shipping-taxable","26":"purchasable","27":"product-type-simple"},"yoast_head":"<!-- This site is optimized with the Yoast SEO plugin v27.5 - https:\/\/yoast.com\/product\/yoast-seo-wordpress\/ -->\n<title>G\u00fcrteltasche Sasha Leo Naturwei\u00df \u2013 gro\u00dfe Bauchtasche aus Bio-Baumwolle - Regalino -Lively Style<\/title>\n<meta name=\"description\" content=\"G\u00fcrteltasche Sasha Leo Naturwei\u00df aus robuster Bio-Baumwolle mit Leopardenmuster. Viel Platz, Innen- und R\u00fcckentasche sowie verstellbarer Gurt \u2013 perfekt f\u00fcr Alltag und Reise\" \/>\n<meta name=\"robots\" content=\"index, follow, max-snippet:-1, max-image-preview:large, max-video-preview:-1\" \/>\n<link rel=\"canonical\" href=\"https:\/\/Regalino-Shop.de\/?product=guerteltasche-sasha-leo-naturweiss-grosse-bauchtasche-aus-bio-baumwolle-regalino\" \/>\n<meta property=\"og:locale\" content=\"de_DE\" \/>\n<meta property=\"og:type\" content=\"article\" \/>\n<meta property=\"og:title\" content=\"G\u00fcrteltasche Sasha Leo Naturwei\u00df \u2013 gro\u00dfe Bauchtasche aus Bio-Baumwolle - Regalino -Lively Style\" \/>\n<meta property=\"og:description\" content=\"G\u00fcrteltasche Sasha Leo Naturwei\u00df aus robuster Bio-Baumwolle mit Leopardenmuster. Viel Platz, Innen- und R\u00fcckentasche sowie verstellbarer Gurt \u2013 perfekt f\u00fcr Alltag und Reise\" \/>\n<meta property=\"og:url\" content=\"https:\/\/Regalino-Shop.de\/?product=guerteltasche-sasha-leo-naturweiss-grosse-bauchtasche-aus-bio-baumwolle-regalino\" \/>\n<meta property=\"og:site_name\" content=\"Regalino -Lively Style\" \/>\n<meta property=\"article:modified_time\" content=\"2026-03-29T07:56:52+00:00\" \/>\n<meta property=\"og:image\" content=\"https:\/\/Regalino-Shop.de\/wp-content\/uploads\/2026\/03\/banane-sasha-leopard-ecru-hindbag_mood.webp\" \/>\n\t<meta property=\"og:image:width\" content=\"900\" \/>\n\t<meta property=\"og:image:height\" content=\"1349\" \/>\n\t<meta property=\"og:image:type\" content=\"image\/webp\" \/>\n<meta name=\"twitter:card\" content=\"summary_large_image\" \/>\n<meta name=\"twitter:label1\" content=\"Gesch\u00e4tzte Lesezeit\" \/>\n\t<meta name=\"twitter:data1\" content=\"1\u00a0Minute\" \/>\n<script type=\"application\/ld+json\" class=\"yoast-schema-graph\">{\"@context\":\"https:\\\/\\\/schema.org\",\"@graph\":[{\"@type\":\"WebPage\",\"@id\":\"https:\\\/\\\/Regalino-Shop.de\\\/?product=guerteltasche-sasha-leo-naturweiss-grosse-bauchtasche-aus-bio-baumwolle-regalino\",\"url\":\"https:\\\/\\\/Regalino-Shop.de\\\/?product=guerteltasche-sasha-leo-naturweiss-grosse-bauchtasche-aus-bio-baumwolle-regalino\",\"name\":\"G\u00fcrteltasche Sasha Leo Naturwei\u00df \u2013 gro\u00dfe Bauchtasche aus Bio-Baumwolle - Regalino -Lively Style\",\"isPartOf\":{\"@id\":\"https:\\\/\\\/Regalino-Shop.de\\\/#website\"},\"primaryImageOfPage\":{\"@id\":\"https:\\\/\\\/Regalino-Shop.de\\\/?product=guerteltasche-sasha-leo-naturweiss-grosse-bauchtasche-aus-bio-baumwolle-regalino#primaryimage\"},\"image\":{\"@id\":\"https:\\\/\\\/Regalino-Shop.de\\\/?product=guerteltasche-sasha-leo-naturweiss-grosse-bauchtasche-aus-bio-baumwolle-regalino#primaryimage\"},\"thumbnailUrl\":\"https:\\\/\\\/Regalino-Shop.de\\\/wp-content\\\/uploads\\\/2026\\\/03\\\/banane-sasha-leopard-ecru-hindbag_mood.webp\",\"datePublished\":\"2026-03-19T05:24:14+00:00\",\"dateModified\":\"2026-03-29T07:56:52+00:00\",\"description\":\"G\u00fcrteltasche Sasha Leo Naturwei\u00df aus robuster Bio-Baumwolle mit Leopardenmuster. Viel Platz, Innen- und R\u00fcckentasche sowie verstellbarer Gurt \u2013 perfekt f\u00fcr Alltag und Reise\",\"breadcrumb\":{\"@id\":\"https:\\\/\\\/Regalino-Shop.de\\\/?product=guerteltasche-sasha-leo-naturweiss-grosse-bauchtasche-aus-bio-baumwolle-regalino#breadcrumb\"},\"inLanguage\":\"de\",\"potentialAction\":[{\"@type\":\"ReadAction\",\"target\":[\"https:\\\/\\\/Regalino-Shop.de\\\/?product=guerteltasche-sasha-leo-naturweiss-grosse-bauchtasche-aus-bio-baumwolle-regalino\"]}]},{\"@type\":\"ImageObject\",\"inLanguage\":\"de\",\"@id\":\"https:\\\/\\\/Regalino-Shop.de\\\/?product=guerteltasche-sasha-leo-naturweiss-grosse-bauchtasche-aus-bio-baumwolle-regalino#primaryimage\",\"url\":\"https:\\\/\\\/Regalino-Shop.de\\\/wp-content\\\/uploads\\\/2026\\\/03\\\/banane-sasha-leopard-ecru-hindbag_mood.webp\",\"contentUrl\":\"https:\\\/\\\/Regalino-Shop.de\\\/wp-content\\\/uploads\\\/2026\\\/03\\\/banane-sasha-leopard-ecru-hindbag_mood.webp\",\"width\":900,\"height\":1349,\"caption\":\"G\u00fcrteltasche Sasha Leo Naturwei\u00df Leopardenmuster Bio Baumwolle Hindbag\"},{\"@type\":\"BreadcrumbList\",\"@id\":\"https:\\\/\\\/Regalino-Shop.de\\\/?product=guerteltasche-sasha-leo-naturweiss-grosse-bauchtasche-aus-bio-baumwolle-regalino#breadcrumb\",\"itemListElement\":[{\"@type\":\"ListItem\",\"position\":1,\"name\":\"Startseite\",\"item\":\"https:\\\/\\\/Regalino-Shop.de\\\/\"},{\"@type\":\"ListItem\",\"position\":2,\"name\":\"Shop\",\"item\":\"https:\\\/\\\/Regalino-Shop.de\\\/?page_id=40\"},{\"@type\":\"ListItem\",\"position\":3,\"name\":\"G\u00fcrteltasche Sasha Leo Naturwei\u00df \u2013 gro\u00dfe Bauchtasche aus Bio-Baumwolle\"}]},{\"@type\":\"WebSite\",\"@id\":\"https:\\\/\\\/Regalino-Shop.de\\\/#website\",\"url\":\"https:\\\/\\\/Regalino-Shop.de\\\/\",\"name\":\"Regalino -Lively Style\",\"description\":\"gelebtes Zuhause\",\"potentialAction\":[{\"@type\":\"SearchAction\",\"target\":{\"@type\":\"EntryPoint\",\"urlTemplate\":\"https:\\\/\\\/Regalino-Shop.de\\\/?s={search_term_string}\"},\"query-input\":{\"@type\":\"PropertyValueSpecification\",\"valueRequired\":true,\"valueName\":\"search_term_string\"}}],\"inLanguage\":\"de\"}]}<\/script>\n<!-- \/ Yoast SEO plugin. -->","yoast_head_json":{"title":"G\u00fcrteltasche Sasha Leo Naturwei\u00df \u2013 gro\u00dfe Bauchtasche aus Bio-Baumwolle - Regalino -Lively Style","description":"G\u00fcrteltasche Sasha Leo Naturwei\u00df aus robuster Bio-Baumwolle mit Leopardenmuster. Viel Platz, Innen- und R\u00fcckentasche sowie verstellbarer Gurt \u2013 perfekt f\u00fcr Alltag und Reise","robots":{"index":"index","follow":"follow","max-snippet":"max-snippet:-1","max-image-preview":"max-image-preview:large","max-video-preview":"max-video-preview:-1"},"canonical":"https:\/\/Regalino-Shop.de\/?product=guerteltasche-sasha-leo-naturweiss-grosse-bauchtasche-aus-bio-baumwolle-regalino","og_locale":"de_DE","og_type":"article","og_title":"G\u00fcrteltasche Sasha Leo Naturwei\u00df \u2013 gro\u00dfe Bauchtasche aus Bio-Baumwolle - Regalino -Lively Style","og_description":"G\u00fcrteltasche Sasha Leo Naturwei\u00df aus robuster Bio-Baumwolle mit Leopardenmuster. Viel Platz, Innen- und R\u00fcckentasche sowie verstellbarer Gurt \u2013 perfekt f\u00fcr Alltag und Reise","og_url":"https:\/\/Regalino-Shop.de\/?product=guerteltasche-sasha-leo-naturweiss-grosse-bauchtasche-aus-bio-baumwolle-regalino","og_site_name":"Regalino -Lively Style","article_modified_time":"2026-03-29T07:56:52+00:00","og_image":[{"width":900,"height":1349,"url":"https:\/\/Regalino-Shop.de\/wp-content\/uploads\/2026\/03\/banane-sasha-leopard-ecru-hindbag_mood.webp","type":"image\/webp"}],"twitter_card":"summary_large_image","twitter_misc":{"Gesch\u00e4tzte Lesezeit":"1\u00a0Minute"},"schema":{"@context":"https:\/\/schema.org","@graph":[{"@type":"WebPage","@id":"https:\/\/Regalino-Shop.de\/?product=guerteltasche-sasha-leo-naturweiss-grosse-bauchtasche-aus-bio-baumwolle-regalino","url":"https:\/\/Regalino-Shop.de\/?product=guerteltasche-sasha-leo-naturweiss-grosse-bauchtasche-aus-bio-baumwolle-regalino","name":"G\u00fcrteltasche Sasha Leo Naturwei\u00df \u2013 gro\u00dfe Bauchtasche aus Bio-Baumwolle - Regalino -Lively Style","isPartOf":{"@id":"https:\/\/Regalino-Shop.de\/#website"},"primaryImageOfPage":{"@id":"https:\/\/Regalino-Shop.de\/?product=guerteltasche-sasha-leo-naturweiss-grosse-bauchtasche-aus-bio-baumwolle-regalino#primaryimage"},"image":{"@id":"https:\/\/Regalino-Shop.de\/?product=guerteltasche-sasha-leo-naturweiss-grosse-bauchtasche-aus-bio-baumwolle-regalino#primaryimage"},"thumbnailUrl":"https:\/\/Regalino-Shop.de\/wp-content\/uploads\/2026\/03\/banane-sasha-leopard-ecru-hindbag_mood.webp","datePublished":"2026-03-19T05:24:14+00:00","dateModified":"2026-03-29T07:56:52+00:00","description":"G\u00fcrteltasche Sasha Leo Naturwei\u00df aus robuster Bio-Baumwolle mit Leopardenmuster. Viel Platz, Innen- und R\u00fcckentasche sowie verstellbarer Gurt \u2013 perfekt f\u00fcr Alltag und Reise","breadcrumb":{"@id":"https:\/\/Regalino-Shop.de\/?product=guerteltasche-sasha-leo-naturweiss-grosse-bauchtasche-aus-bio-baumwolle-regalino#breadcrumb"},"inLanguage":"de","potentialAction":[{"@type":"ReadAction","target":["https:\/\/Regalino-Shop.de\/?product=guerteltasche-sasha-leo-naturweiss-grosse-bauchtasche-aus-bio-baumwolle-regalino"]}]},{"@type":"ImageObject","inLanguage":"de","@id":"https:\/\/Regalino-Shop.de\/?product=guerteltasche-sasha-leo-naturweiss-grosse-bauchtasche-aus-bio-baumwolle-regalino#primaryimage","url":"https:\/\/Regalino-Shop.de\/wp-content\/uploads\/2026\/03\/banane-sasha-leopard-ecru-hindbag_mood.webp","contentUrl":"https:\/\/Regalino-Shop.de\/wp-content\/uploads\/2026\/03\/banane-sasha-leopard-ecru-hindbag_mood.webp","width":900,"height":1349,"caption":"G\u00fcrteltasche Sasha Leo Naturwei\u00df Leopardenmuster Bio Baumwolle Hindbag"},{"@type":"BreadcrumbList","@id":"https:\/\/Regalino-Shop.de\/?product=guerteltasche-sasha-leo-naturweiss-grosse-bauchtasche-aus-bio-baumwolle-regalino#breadcrumb","itemListElement":[{"@type":"ListItem","position":1,"name":"Startseite","item":"https:\/\/Regalino-Shop.de\/"},{"@type":"ListItem","position":2,"name":"Shop","item":"https:\/\/Regalino-Shop.de\/?page_id=40"},{"@type":"ListItem","position":3,"name":"G\u00fcrteltasche Sasha Leo Naturwei\u00df \u2013 gro\u00dfe Bauchtasche aus Bio-Baumwolle"}]},{"@type":"WebSite","@id":"https:\/\/Regalino-Shop.de\/#website","url":"https:\/\/Regalino-Shop.de\/","name":"Regalino -Lively Style","description":"gelebtes Zuhause","potentialAction":[{"@type":"SearchAction","target":{"@type":"EntryPoint","urlTemplate":"https:\/\/Regalino-Shop.de\/?s={search_term_string}"},"query-input":{"@type":"PropertyValueSpecification","valueRequired":true,"valueName":"search_term_string"}}],"inLanguage":"de"}]}},"_links":{"self":[{"href":"https:\/\/Regalino-Shop.de\/index.php?rest_route=\/wp\/v2\/product\/18347","targetHints":{"allow":["GET"]}}],"collection":[{"href":"https:\/\/Regalino-Shop.de\/index.php?rest_route=\/wp\/v2\/product"}],"about":[{"href":"https:\/\/Regalino-Shop.de\/index.php?rest_route=\/wp\/v2\/types\/product"}],"wp:featuredmedia":[{"embeddable":true,"href":"https:\/\/Regalino-Shop.de\/index.php?rest_route=\/wp\/v2\/media\/18348"}],"wp:attachment":[{"href":"https:\/\/Regalino-Shop.de\/index.php?rest_route=%2Fwp%2Fv2%2Fmedia&parent=18347"}],"wp:term":[{"taxonomy":"product_brand","embeddable":true,"href":"https:\/\/Regalino-Shop.de\/index.php?rest_route=%2Fwp%2Fv2%2Fproduct_brand&post=18347"},{"taxonomy":"product_cat","embeddable":true,"href":"https:\/\/Regalino-Shop.de\/index.php?rest_route=%2Fwp%2Fv2%2Fproduct_cat&post=18347"},{"taxonomy":"product_tag","embeddable":true,"href":"https:\/\/Regalino-Shop.de\/index.php?rest_route=%2Fwp%2Fv2%2Fproduct_tag&post=18347"}],"curies":[{"name":"wp","href":"https:\/\/api.w.org\/{rel}","templated":true}]}}