{"id":18363,"date":"2026-03-19T06:04:03","date_gmt":"2026-03-19T06:04:03","guid":{"rendered":"https:\/\/Regalino-Shop.de\/?post_type=product&#038;p=18363"},"modified":"2026-03-29T07:56:49","modified_gmt":"2026-03-29T07:56:49","slug":"geldboerse-lili-leo-naturweiss-kleines-portemonnaie-aus-bio-baumwolle-regalino","status":"publish","type":"product","link":"https:\/\/Regalino-Shop.de\/?product=geldboerse-lili-leo-naturweiss-kleines-portemonnaie-aus-bio-baumwolle-regalino","title":{"rendered":"Geldb\u00f6rse\/ Portemonnaie \u201eLili \u2013 Leo Naturwei\u00df\u201c aus Bio-Baumwolle"},"content":{"rendered":"<blockquote><p>&nbsp;<\/p><\/blockquote>\n","protected":false},"excerpt":{"rendered":"<h1 data-section-id=\"v2tb03\" data-start=\"95\" data-end=\"129\">Geldb\u00f6rse \u201eLili \u2013 Leo Naturwei\u00df\u201c<\/h1>\n<p data-start=\"131\" data-end=\"436\">ist ein kleines, praktisches Portemonnaie f\u00fcr den Alltag. Der helle Farbton <strong data-start=\"230\" data-end=\"243\">Naturwei\u00df<\/strong> kombiniert mit dem ikonischen Leopardenmuster sorgt f\u00fcr einen modernen Look mit stilvollem Charakter. Dank ihrer kompakten Gr\u00f6\u00dfe passt sie problemlos in Handtasche, Rucksack oder Jackentasche.<\/p>\n<p data-start=\"438\" data-end=\"731\">Der <strong data-start=\"442\" data-end=\"460\">Rei\u00dfverschluss<\/strong> sorgt daf\u00fcr, dass Karten, Kleingeld oder Ausweis sicher verstaut sind. Das robuste Material aus dicker Bio-Baumwolle macht die kleine Geldb\u00f6rse besonders strapazierf\u00e4hig und langlebig. Auch kleine Dinge wie Schmuck oder Schl\u00fcssel lassen sich darin praktisch aufbewahren.<\/p>\n<p data-start=\"733\" data-end=\"1015\">Die Taschen und Accessoires entstehen in Zusammenarbeit mit der indischen NGO <strong data-start=\"811\" data-end=\"856\">Swami Sivananda Memorial Institute (SSMI)<\/strong>. Die Organisation unterst\u00fctzt Frauen aus einem benachteiligten Viertel in Delhi durch faire Arbeit, Ausbildungsm\u00f6glichkeiten und Schulbildung f\u00fcr ihre Kinder.<\/p>\n<hr data-start=\"1017\" data-end=\"1020\" \/>\n<h1 data-section-id=\"1i7x1es\" data-start=\"1022\" data-end=\"1031\">Details<\/h1>\n<p data-start=\"1033\" data-end=\"1239\">\u2022 <strong data-start=\"1035\" data-end=\"1045\">Gr\u00f6\u00dfe:<\/strong> 13 \u00d7 9 cm<br data-start=\"1055\" data-end=\"1058\" \/>\u2022 <strong data-start=\"1060\" data-end=\"1073\">Material:<\/strong> dicke Bio-Baumwolle (500 g\/m\u00b2)<br data-start=\"1104\" data-end=\"1107\" \/>\u2022 <strong data-start=\"1109\" data-end=\"1128\">Zertifizierung:<\/strong> GOTS-zertifizierte Baumwolle<br data-start=\"1157\" data-end=\"1160\" \/>\u2022 <strong data-start=\"1162\" data-end=\"1172\">Farbe:<\/strong> Naturwei\u00df mit Leopardenmuster<br data-start=\"1202\" data-end=\"1205\" \/>\u2022 <strong data-start=\"1207\" data-end=\"1222\">Verschluss:<\/strong> Rei\u00dfverschluss<\/p>\n<hr data-start=\"1241\" data-end=\"1244\" \/>\n<h1 data-section-id=\"ghi057\" data-start=\"1246\" data-end=\"1254\">Pflege<\/h1>\n<p data-start=\"1256\" data-end=\"1469\">\u2022 chemische Reinigung empfohlen<br data-start=\"1287\" data-end=\"1290\" \/>\u2022 bei mittlerer Temperatur b\u00fcgeln<br data-start=\"1323\" data-end=\"1326\" \/>\u2022 nicht im Trockner trocknen<br data-start=\"1354\" data-end=\"1357\" \/>\u2022 vor dem ersten Gebrauch mit farblosem Impr\u00e4gnierspray sch\u00fctzen<br data-start=\"1421\" data-end=\"1424\" \/>\u2022 Impr\u00e4gnierung etwa alle 3 Monate erneuern<\/p>\n<hr data-start=\"1471\" data-end=\"1474\" \/>\n<h1 data-section-id=\"u5s9wi\" data-start=\"1476\" data-end=\"1502\">\ud83e\udd0d Regalino Styling-Tipp<\/h1>\n<p data-start=\"1504\" data-end=\"1520\">Besonders sch\u00f6n:<\/p>\n<p data-start=\"1522\" data-end=\"1713\">\u2022 als <strong data-start=\"1528\" data-end=\"1584\">kompakte Geldb\u00f6rse f\u00fcr kleine Taschen oder Rucks\u00e4cke<\/strong><br data-start=\"1584\" data-end=\"1587\" \/>\u2022 ideal f\u00fcr <strong data-start=\"1599\" data-end=\"1644\">Karten, Kleingeld oder Schmuck auf Reisen<\/strong><br data-start=\"1644\" data-end=\"1647\" \/>\u2022 kombiniert mit <strong data-start=\"1664\" data-end=\"1713\">Taschen im Leo-Print f\u00fcr einen stimmigen Look<\/strong><\/p>\n<p data-start=\"1715\" data-end=\"1788\">So entsteht ein <strong data-start=\"1731\" data-end=\"1787\">praktisches Accessoire mit modernem Statement-Muster<\/strong><\/p>\n<p>Lieferumfang: 1 Tasche<\/p>\n<p>&nbsp;<\/p>\n<p>&nbsp;<\/p>\n","protected":false},"featured_media":18365,"template":"","meta":{"_et_pb_use_builder":"","_et_pb_old_content":"","_et_gb_content_width":""},"product_brand":[2754],"product_cat":[2983,102],"product_tag":[2788,2786,2794,2791,2787,2793,2789,2795,2790,2792],"class_list":{"0":"post-18363","1":"product","2":"type-product","3":"status-publish","4":"has-post-thumbnail","6":"product_brand-hindbag","7":"product_cat-accessoires","8":"product_cat-taschen-handtaschen-stilvolle-alltagsbegleiter-regalino","9":"product_tag-geldboerse-damen","10":"product_tag-geldboerse-lili-leo-naturweiss","11":"product_tag-geldboerse-naturweiss","12":"product_tag-hindbag-geldboerse","13":"product_tag-kleines-portemonnaie","14":"product_tag-kleines-portemonnaie-damen","15":"product_tag-leo-geldboerse","16":"product_tag-leo-portemonnaie-damen","17":"product_tag-leopardenmuster-portemonnaie","18":"product_tag-portemonnaie-bio-baumwolle","20":"first","21":"instock","22":"taxable","23":"shipping-taxable","24":"purchasable","25":"product-type-simple"},"yoast_head":"<!-- This site is optimized with the Yoast SEO plugin v27.5 - https:\/\/yoast.com\/product\/yoast-seo-wordpress\/ -->\n<title>Geldb\u00f6rse\/ Portemonnaie \u201eLili \u2013 Leo Naturwei\u00df\u201c aus Bio-Baumwolle - Regalino -Lively Style<\/title>\n<meta name=\"description\" content=\"Geldb\u00f6rse Lili Leo Naturwei\u00df aus robuster Bio-Baumwolle mit Leopardenmuster. Kompaktes Portemonnaie mit Rei\u00dfverschluss f\u00fcr Karten, Kleingeld und kleine Essentials\" \/>\n<meta name=\"robots\" content=\"index, follow, max-snippet:-1, max-image-preview:large, max-video-preview:-1\" \/>\n<link rel=\"canonical\" href=\"https:\/\/Regalino-Shop.de\/?product=geldboerse-lili-leo-naturweiss-kleines-portemonnaie-aus-bio-baumwolle-regalino\" \/>\n<meta property=\"og:locale\" content=\"de_DE\" \/>\n<meta property=\"og:type\" content=\"article\" \/>\n<meta property=\"og:title\" content=\"Geldb\u00f6rse\/ Portemonnaie \u201eLili \u2013 Leo Naturwei\u00df\u201c aus Bio-Baumwolle - Regalino -Lively Style\" \/>\n<meta property=\"og:description\" content=\"Geldb\u00f6rse Lili Leo Naturwei\u00df aus robuster Bio-Baumwolle mit Leopardenmuster. Kompaktes Portemonnaie mit Rei\u00dfverschluss f\u00fcr Karten, Kleingeld und kleine Essentials\" \/>\n<meta property=\"og:url\" content=\"https:\/\/Regalino-Shop.de\/?product=geldboerse-lili-leo-naturweiss-kleines-portemonnaie-aus-bio-baumwolle-regalino\" \/>\n<meta property=\"og:site_name\" content=\"Regalino -Lively Style\" \/>\n<meta property=\"article:modified_time\" content=\"2026-03-29T07:56:49+00:00\" \/>\n<meta property=\"og:image\" content=\"https:\/\/Regalino-Shop.de\/wp-content\/uploads\/2026\/03\/porte-monnaie-lili-leopard-ecru-int-packshot-hindbag_900x.webp\" \/>\n\t<meta property=\"og:image:width\" content=\"900\" \/>\n\t<meta property=\"og:image:height\" content=\"1350\" \/>\n\t<meta property=\"og:image:type\" content=\"image\/webp\" \/>\n<meta name=\"twitter:card\" content=\"summary_large_image\" \/>\n<meta name=\"twitter:label1\" content=\"Gesch\u00e4tzte Lesezeit\" \/>\n\t<meta name=\"twitter:data1\" content=\"1\u00a0Minute\" \/>\n<script type=\"application\/ld+json\" class=\"yoast-schema-graph\">{\"@context\":\"https:\\\/\\\/schema.org\",\"@graph\":[{\"@type\":\"WebPage\",\"@id\":\"https:\\\/\\\/Regalino-Shop.de\\\/?product=geldboerse-lili-leo-naturweiss-kleines-portemonnaie-aus-bio-baumwolle-regalino\",\"url\":\"https:\\\/\\\/Regalino-Shop.de\\\/?product=geldboerse-lili-leo-naturweiss-kleines-portemonnaie-aus-bio-baumwolle-regalino\",\"name\":\"Geldb\u00f6rse\\\/ Portemonnaie \u201eLili \u2013 Leo Naturwei\u00df\u201c aus Bio-Baumwolle - Regalino -Lively Style\",\"isPartOf\":{\"@id\":\"https:\\\/\\\/Regalino-Shop.de\\\/#website\"},\"primaryImageOfPage\":{\"@id\":\"https:\\\/\\\/Regalino-Shop.de\\\/?product=geldboerse-lili-leo-naturweiss-kleines-portemonnaie-aus-bio-baumwolle-regalino#primaryimage\"},\"image\":{\"@id\":\"https:\\\/\\\/Regalino-Shop.de\\\/?product=geldboerse-lili-leo-naturweiss-kleines-portemonnaie-aus-bio-baumwolle-regalino#primaryimage\"},\"thumbnailUrl\":\"https:\\\/\\\/Regalino-Shop.de\\\/wp-content\\\/uploads\\\/2026\\\/03\\\/porte-monnaie-lili-leopard-ecru-int-packshot-hindbag_900x.webp\",\"datePublished\":\"2026-03-19T06:04:03+00:00\",\"dateModified\":\"2026-03-29T07:56:49+00:00\",\"description\":\"Geldb\u00f6rse Lili Leo Naturwei\u00df aus robuster Bio-Baumwolle mit Leopardenmuster. Kompaktes Portemonnaie mit Rei\u00dfverschluss f\u00fcr Karten, Kleingeld und kleine Essentials\",\"breadcrumb\":{\"@id\":\"https:\\\/\\\/Regalino-Shop.de\\\/?product=geldboerse-lili-leo-naturweiss-kleines-portemonnaie-aus-bio-baumwolle-regalino#breadcrumb\"},\"inLanguage\":\"de\",\"potentialAction\":[{\"@type\":\"ReadAction\",\"target\":[\"https:\\\/\\\/Regalino-Shop.de\\\/?product=geldboerse-lili-leo-naturweiss-kleines-portemonnaie-aus-bio-baumwolle-regalino\"]}]},{\"@type\":\"ImageObject\",\"inLanguage\":\"de\",\"@id\":\"https:\\\/\\\/Regalino-Shop.de\\\/?product=geldboerse-lili-leo-naturweiss-kleines-portemonnaie-aus-bio-baumwolle-regalino#primaryimage\",\"url\":\"https:\\\/\\\/Regalino-Shop.de\\\/wp-content\\\/uploads\\\/2026\\\/03\\\/porte-monnaie-lili-leopard-ecru-int-packshot-hindbag_900x.webp\",\"contentUrl\":\"https:\\\/\\\/Regalino-Shop.de\\\/wp-content\\\/uploads\\\/2026\\\/03\\\/porte-monnaie-lili-leopard-ecru-int-packshot-hindbag_900x.webp\",\"width\":900,\"height\":1350,\"caption\":\"Geldb\u00f6rse Lili Leo Naturwei\u00df Leopardenmuster Bio Baumwolle Hindbag\"},{\"@type\":\"BreadcrumbList\",\"@id\":\"https:\\\/\\\/Regalino-Shop.de\\\/?product=geldboerse-lili-leo-naturweiss-kleines-portemonnaie-aus-bio-baumwolle-regalino#breadcrumb\",\"itemListElement\":[{\"@type\":\"ListItem\",\"position\":1,\"name\":\"Startseite\",\"item\":\"https:\\\/\\\/Regalino-Shop.de\\\/\"},{\"@type\":\"ListItem\",\"position\":2,\"name\":\"Shop\",\"item\":\"https:\\\/\\\/Regalino-Shop.de\\\/?page_id=40\"},{\"@type\":\"ListItem\",\"position\":3,\"name\":\"Geldb\u00f6rse\\\/ Portemonnaie \u201eLili \u2013 Leo Naturwei\u00df\u201c aus Bio-Baumwolle\"}]},{\"@type\":\"WebSite\",\"@id\":\"https:\\\/\\\/Regalino-Shop.de\\\/#website\",\"url\":\"https:\\\/\\\/Regalino-Shop.de\\\/\",\"name\":\"Regalino -Lively Style\",\"description\":\"gelebtes Zuhause\",\"potentialAction\":[{\"@type\":\"SearchAction\",\"target\":{\"@type\":\"EntryPoint\",\"urlTemplate\":\"https:\\\/\\\/Regalino-Shop.de\\\/?s={search_term_string}\"},\"query-input\":{\"@type\":\"PropertyValueSpecification\",\"valueRequired\":true,\"valueName\":\"search_term_string\"}}],\"inLanguage\":\"de\"}]}<\/script>\n<!-- \/ Yoast SEO plugin. -->","yoast_head_json":{"title":"Geldb\u00f6rse\/ Portemonnaie \u201eLili \u2013 Leo Naturwei\u00df\u201c aus Bio-Baumwolle - Regalino -Lively Style","description":"Geldb\u00f6rse Lili Leo Naturwei\u00df aus robuster Bio-Baumwolle mit Leopardenmuster. Kompaktes Portemonnaie mit Rei\u00dfverschluss f\u00fcr Karten, Kleingeld und kleine Essentials","robots":{"index":"index","follow":"follow","max-snippet":"max-snippet:-1","max-image-preview":"max-image-preview:large","max-video-preview":"max-video-preview:-1"},"canonical":"https:\/\/Regalino-Shop.de\/?product=geldboerse-lili-leo-naturweiss-kleines-portemonnaie-aus-bio-baumwolle-regalino","og_locale":"de_DE","og_type":"article","og_title":"Geldb\u00f6rse\/ Portemonnaie \u201eLili \u2013 Leo Naturwei\u00df\u201c aus Bio-Baumwolle - Regalino -Lively Style","og_description":"Geldb\u00f6rse Lili Leo Naturwei\u00df aus robuster Bio-Baumwolle mit Leopardenmuster. Kompaktes Portemonnaie mit Rei\u00dfverschluss f\u00fcr Karten, Kleingeld und kleine Essentials","og_url":"https:\/\/Regalino-Shop.de\/?product=geldboerse-lili-leo-naturweiss-kleines-portemonnaie-aus-bio-baumwolle-regalino","og_site_name":"Regalino -Lively Style","article_modified_time":"2026-03-29T07:56:49+00:00","og_image":[{"width":900,"height":1350,"url":"https:\/\/Regalino-Shop.de\/wp-content\/uploads\/2026\/03\/porte-monnaie-lili-leopard-ecru-int-packshot-hindbag_900x.webp","type":"image\/webp"}],"twitter_card":"summary_large_image","twitter_misc":{"Gesch\u00e4tzte Lesezeit":"1\u00a0Minute"},"schema":{"@context":"https:\/\/schema.org","@graph":[{"@type":"WebPage","@id":"https:\/\/Regalino-Shop.de\/?product=geldboerse-lili-leo-naturweiss-kleines-portemonnaie-aus-bio-baumwolle-regalino","url":"https:\/\/Regalino-Shop.de\/?product=geldboerse-lili-leo-naturweiss-kleines-portemonnaie-aus-bio-baumwolle-regalino","name":"Geldb\u00f6rse\/ Portemonnaie \u201eLili \u2013 Leo Naturwei\u00df\u201c aus Bio-Baumwolle - Regalino -Lively Style","isPartOf":{"@id":"https:\/\/Regalino-Shop.de\/#website"},"primaryImageOfPage":{"@id":"https:\/\/Regalino-Shop.de\/?product=geldboerse-lili-leo-naturweiss-kleines-portemonnaie-aus-bio-baumwolle-regalino#primaryimage"},"image":{"@id":"https:\/\/Regalino-Shop.de\/?product=geldboerse-lili-leo-naturweiss-kleines-portemonnaie-aus-bio-baumwolle-regalino#primaryimage"},"thumbnailUrl":"https:\/\/Regalino-Shop.de\/wp-content\/uploads\/2026\/03\/porte-monnaie-lili-leopard-ecru-int-packshot-hindbag_900x.webp","datePublished":"2026-03-19T06:04:03+00:00","dateModified":"2026-03-29T07:56:49+00:00","description":"Geldb\u00f6rse Lili Leo Naturwei\u00df aus robuster Bio-Baumwolle mit Leopardenmuster. Kompaktes Portemonnaie mit Rei\u00dfverschluss f\u00fcr Karten, Kleingeld und kleine Essentials","breadcrumb":{"@id":"https:\/\/Regalino-Shop.de\/?product=geldboerse-lili-leo-naturweiss-kleines-portemonnaie-aus-bio-baumwolle-regalino#breadcrumb"},"inLanguage":"de","potentialAction":[{"@type":"ReadAction","target":["https:\/\/Regalino-Shop.de\/?product=geldboerse-lili-leo-naturweiss-kleines-portemonnaie-aus-bio-baumwolle-regalino"]}]},{"@type":"ImageObject","inLanguage":"de","@id":"https:\/\/Regalino-Shop.de\/?product=geldboerse-lili-leo-naturweiss-kleines-portemonnaie-aus-bio-baumwolle-regalino#primaryimage","url":"https:\/\/Regalino-Shop.de\/wp-content\/uploads\/2026\/03\/porte-monnaie-lili-leopard-ecru-int-packshot-hindbag_900x.webp","contentUrl":"https:\/\/Regalino-Shop.de\/wp-content\/uploads\/2026\/03\/porte-monnaie-lili-leopard-ecru-int-packshot-hindbag_900x.webp","width":900,"height":1350,"caption":"Geldb\u00f6rse Lili Leo Naturwei\u00df Leopardenmuster Bio Baumwolle Hindbag"},{"@type":"BreadcrumbList","@id":"https:\/\/Regalino-Shop.de\/?product=geldboerse-lili-leo-naturweiss-kleines-portemonnaie-aus-bio-baumwolle-regalino#breadcrumb","itemListElement":[{"@type":"ListItem","position":1,"name":"Startseite","item":"https:\/\/Regalino-Shop.de\/"},{"@type":"ListItem","position":2,"name":"Shop","item":"https:\/\/Regalino-Shop.de\/?page_id=40"},{"@type":"ListItem","position":3,"name":"Geldb\u00f6rse\/ Portemonnaie \u201eLili \u2013 Leo Naturwei\u00df\u201c aus Bio-Baumwolle"}]},{"@type":"WebSite","@id":"https:\/\/Regalino-Shop.de\/#website","url":"https:\/\/Regalino-Shop.de\/","name":"Regalino -Lively Style","description":"gelebtes Zuhause","potentialAction":[{"@type":"SearchAction","target":{"@type":"EntryPoint","urlTemplate":"https:\/\/Regalino-Shop.de\/?s={search_term_string}"},"query-input":{"@type":"PropertyValueSpecification","valueRequired":true,"valueName":"search_term_string"}}],"inLanguage":"de"}]}},"_links":{"self":[{"href":"https:\/\/Regalino-Shop.de\/index.php?rest_route=\/wp\/v2\/product\/18363","targetHints":{"allow":["GET"]}}],"collection":[{"href":"https:\/\/Regalino-Shop.de\/index.php?rest_route=\/wp\/v2\/product"}],"about":[{"href":"https:\/\/Regalino-Shop.de\/index.php?rest_route=\/wp\/v2\/types\/product"}],"wp:featuredmedia":[{"embeddable":true,"href":"https:\/\/Regalino-Shop.de\/index.php?rest_route=\/wp\/v2\/media\/18365"}],"wp:attachment":[{"href":"https:\/\/Regalino-Shop.de\/index.php?rest_route=%2Fwp%2Fv2%2Fmedia&parent=18363"}],"wp:term":[{"taxonomy":"product_brand","embeddable":true,"href":"https:\/\/Regalino-Shop.de\/index.php?rest_route=%2Fwp%2Fv2%2Fproduct_brand&post=18363"},{"taxonomy":"product_cat","embeddable":true,"href":"https:\/\/Regalino-Shop.de\/index.php?rest_route=%2Fwp%2Fv2%2Fproduct_cat&post=18363"},{"taxonomy":"product_tag","embeddable":true,"href":"https:\/\/Regalino-Shop.de\/index.php?rest_route=%2Fwp%2Fv2%2Fproduct_tag&post=18363"}],"curies":[{"name":"wp","href":"https:\/\/api.w.org\/{rel}","templated":true}]}}