{"id":18426,"date":"2026-02-23T08:10:59","date_gmt":"2026-02-23T08:10:59","guid":{"rendered":"https:\/\/Regalino-Shop.de\/?post_type=product&#038;p=18426"},"modified":"2026-03-21T18:51:58","modified_gmt":"2026-03-21T18:51:58","slug":"tischlaeufer-lobby-natural-red-baumwoll-tischlaeufer-45x150","status":"publish","type":"product","link":"https:\/\/Regalino-Shop.de\/?product=tischlaeufer-lobby-natural-red-baumwoll-tischlaeufer-45x150","title":{"rendered":"Tischl\u00e4ufer Lobby Natural Red \u2013 Baumwoll Tischl\u00e4ufer 45\u00d7150cm"},"content":{"rendered":"","protected":false},"excerpt":{"rendered":"<div class=\"relative basis-auto flex-col -mb-(--composer-overlap-px) [--composer-overlap-px:28px] grow flex\">\n<div class=\"flex flex-col text-sm pb-25\">\n<section class=\"text-token-text-primary w-full focus:outline-none [--shadow-height:45px] has-data-writing-block:pointer-events-none has-data-writing-block:-mt-(--shadow-height) has-data-writing-block:pt-(--shadow-height) [&amp;:has([data-writing-block])&gt;*]:pointer-events-auto scroll-mt-[calc(var(--header-height)+min(200px,max(70px,20svh)))]\" dir=\"auto\" data-turn-id=\"request-69bafd4a-90e4-8385-a1ad-aae7537139d7-3\" data-testid=\"conversation-turn-58\" data-scroll-anchor=\"true\" data-turn=\"assistant\">\n<div class=\"text-base my-auto mx-auto pb-10 [--thread-content-margin:var(--thread-content-margin-xs,calc(var(--spacing)*4))] @w-sm\/main:[--thread-content-margin:var(--thread-content-margin-sm,calc(var(--spacing)*6))] @w-lg\/main:[--thread-content-margin:var(--thread-content-margin-lg,calc(var(--spacing)*16))] px-(--thread-content-margin)\">\n<div class=\"[--thread-content-max-width:40rem] @w-lg\/main:[--thread-content-max-width:48rem] mx-auto max-w-(--thread-content-max-width) flex-1 group\/turn-messages focus-visible:outline-hidden relative flex w-full min-w-0 flex-col agent-turn\">\n<div class=\"flex max-w-full flex-col gap-4 grow\">\n<div class=\"min-h-8 text-message relative flex w-full flex-col items-end gap-2 text-start break-words whitespace-normal outline-none keyboard-focused:focus-ring [.text-message+&amp;]:mt-1\" dir=\"auto\" tabindex=\"0\" data-message-author-role=\"assistant\" data-message-id=\"bd15f1b0-7889-44d6-822b-a55e733db3d9\" data-message-model-slug=\"gpt-5-3\" data-turn-start-message=\"true\">\n<div class=\"flex w-full flex-col gap-1 empty:hidden\">\n<div class=\"markdown prose dark:prose-invert w-full wrap-break-word light markdown-new-styling\">\n<h1 data-section-id=\"pmobc6\" data-start=\"76\" data-end=\"111\">Tischl\u00e4ufer \u201eLobby \u2013 Natural Red\u201c<\/h1>\n<p data-start=\"113\" data-end=\"473\">Der Tischl\u00e4ufer <strong data-start=\"129\" data-end=\"138\">Lobby<\/strong> bringt einen stilvollen Akzent auf deinen Tisch. Die Kombination aus <strong data-start=\"208\" data-end=\"250\">nat\u00fcrlichem Grundton und roten Details<\/strong> sorgt f\u00fcr eine warme, dekorative Ausstrahlung und passt wunderbar zu einem gem\u00fctlichen Tischarrangement. Die <strong data-start=\"360\" data-end=\"379\">feine Stickerei<\/strong> verleiht dem Design eine besondere Note und macht den Tischl\u00e4ufer zu einem kleinen Blickfang.<\/p>\n<p data-start=\"475\" data-end=\"794\">Gefertigt aus <strong data-start=\"489\" data-end=\"508\">100 % Baumwolle<\/strong>, f\u00fchlt sich der Stoff angenehm nat\u00fcrlich an und l\u00e4sst sich vielseitig kombinieren \u2013 ob auf dem Esstisch, der Konsole oder als dekoratives Element auf einem Sideboard. Die hochwertige Verarbeitung und die OEKO-TEX\u00ae Zertifizierung stehen f\u00fcr Qualit\u00e4t und verantwortungsvolle Herstellung.<\/p>\n<hr data-start=\"796\" data-end=\"799\" \/>\n<h1 data-section-id=\"1i7x1es\" data-start=\"801\" data-end=\"810\">Details<\/h1>\n<p data-start=\"812\" data-end=\"1010\">\u2022 <strong data-start=\"814\" data-end=\"824\">Gr\u00f6\u00dfe:<\/strong> 45 \u00d7 150 cm<br data-start=\"836\" data-end=\"839\" \/>\u2022 <strong data-start=\"841\" data-end=\"854\">Material:<\/strong> 100 % Baumwolle<br data-start=\"870\" data-end=\"873\" \/>\u2022 <strong data-start=\"875\" data-end=\"885\">Farbe:<\/strong> Natural Red<br data-start=\"897\" data-end=\"900\" \/>\u2022 <strong data-start=\"902\" data-end=\"913\">Design:<\/strong> digitale Drucktechnik mit dekorativer Stickerei<br data-start=\"961\" data-end=\"964\" \/>\u2022 <strong data-start=\"966\" data-end=\"985\">Zertifizierung:<\/strong> OEKO-TEX\u00ae STANDARD 100<\/p>\n<hr data-start=\"1012\" data-end=\"1015\" \/>\n<h1 data-section-id=\"ghi057\" data-start=\"1017\" data-end=\"1025\">Pflege<\/h1>\n<p data-start=\"1027\" data-end=\"1163\">\u2022 40 \u00b0C Schonwaschgang<br data-start=\"1049\" data-end=\"1052\" \/>\u2022 nicht bleichen<br data-start=\"1068\" data-end=\"1071\" \/>\u2022 b\u00fcgeln bis 150 \u00b0C m\u00f6glich<br data-start=\"1098\" data-end=\"1101\" \/>\u2022 nicht im Trockner trocknen<br data-start=\"1129\" data-end=\"1132\" \/>\u2022 chemische Reinigung m\u00f6glich<\/p>\n<hr data-start=\"1165\" data-end=\"1168\" \/>\n<h1 data-section-id=\"u5s9wi\" data-start=\"1170\" data-end=\"1196\">\ud83e\udd0d Regalino Styling-Tipp<\/h1>\n<p data-start=\"1198\" data-end=\"1214\">Besonders sch\u00f6n:<\/p>\n<p data-start=\"1216\" data-end=\"1395\">\u2022 auf einem <strong data-start=\"1228\" data-end=\"1253\">Holz- oder Naturtisch<\/strong> f\u00fcr einen warmen Look<br data-start=\"1275\" data-end=\"1278\" \/>\u2022 kombiniert mit <strong data-start=\"1295\" data-end=\"1336\">Keramik, Leinenservietten oder Kerzen<\/strong><br data-start=\"1336\" data-end=\"1339\" \/>\u2022 als dekorativer Akzent auf <strong data-start=\"1368\" data-end=\"1395\">Esstisch oder Sideboard<\/strong><\/p>\n<p data-start=\"1397\" data-end=\"1476\">So entsteht eine <strong data-start=\"1414\" data-end=\"1475\">ruhige, nordische Tischatmosph\u00e4re mit liebevollen Details<\/strong>.<\/p>\n<hr data-start=\"1478\" data-end=\"1481\" \/>\n<p data-start=\"1483\" data-end=\"1516\"><strong data-start=\"1483\" data-end=\"1500\">Lieferumfang:<\/strong><br data-start=\"1500\" data-end=\"1503\" \/>1 Tischl\u00e4ufer<\/p>\n<\/div>\n<\/div>\n<\/div>\n<\/div>\n<\/div>\n<\/div>\n<\/section>\n<\/div>\n<\/div>\n<p>&nbsp;<\/p>\n","protected":false},"featured_media":18427,"template":"","meta":{"_et_pb_use_builder":"","_et_pb_old_content":"","_et_gb_content_width":""},"product_brand":[2469],"product_cat":[57,68],"product_tag":[2813,2810,2809,2476,2815,2808,2811,2812,2814,2807],"class_list":{"0":"post-18426","1":"product","2":"type-product","3":"status-publish","4":"has-post-thumbnail","6":"product_brand-pad-concept","7":"product_cat-neu-eingetroffen-neue-lieblingsstuecke-bei-regalino","8":"product_cat-wohntextilien-fuer-ein-stilvolles-zuhause-regalino","9":"product_tag-scandi-tischlaeufer","10":"product_tag-tischdeko-modern","11":"product_tag-tischlaeufer-45x150","12":"product_tag-tischlaeufer-baumwolle","13":"product_tag-tischlaeufer-esstisch","14":"product_tag-tischlaeufer-lobby-natural-red","15":"product_tag-tischlaeufer-rot-natur","16":"product_tag-tischlaeufer-stickerei","17":"product_tag-tischwaesche-baumwolle","18":"product_tag-wohntextilien-regalino","20":"first","21":"instock","22":"taxable","23":"shipping-taxable","24":"purchasable","25":"product-type-simple"},"yoast_head":"<!-- This site is optimized with the Yoast SEO plugin v27.5 - https:\/\/yoast.com\/product\/yoast-seo-wordpress\/ -->\n<title>Tischl\u00e4ufer Lobby Natural Red \u2013 Baumwoll Tischl\u00e4ufer 45\u00d7150cm - Regalino -Lively Style<\/title>\n<meta name=\"description\" content=\"Tischl\u00e4ufer Lobby Natural Red aus 100 % Baumwolle mit dekorativer Stickerei. OEKO-TEX zertifiziert und ideal f\u00fcr einen stilvollen Tisch im nordischen Wohnstil\" \/>\n<meta name=\"robots\" content=\"index, follow, max-snippet:-1, max-image-preview:large, max-video-preview:-1\" \/>\n<link rel=\"canonical\" href=\"https:\/\/Regalino-Shop.de\/?product=tischlaeufer-lobby-natural-red-baumwoll-tischlaeufer-45x150\" \/>\n<meta property=\"og:locale\" content=\"de_DE\" \/>\n<meta property=\"og:type\" content=\"article\" \/>\n<meta property=\"og:title\" content=\"Tischl\u00e4ufer Lobby Natural Red \u2013 Baumwoll Tischl\u00e4ufer 45\u00d7150cm - Regalino -Lively Style\" \/>\n<meta property=\"og:description\" content=\"Tischl\u00e4ufer Lobby Natural Red aus 100 % Baumwolle mit dekorativer Stickerei. OEKO-TEX zertifiziert und ideal f\u00fcr einen stilvollen Tisch im nordischen Wohnstil\" \/>\n<meta property=\"og:url\" content=\"https:\/\/Regalino-Shop.de\/?product=tischlaeufer-lobby-natural-red-baumwoll-tischlaeufer-45x150\" \/>\n<meta property=\"og:site_name\" content=\"Regalino -Lively Style\" \/>\n<meta property=\"article:modified_time\" content=\"2026-03-21T18:51:58+00:00\" \/>\n<meta property=\"og:image\" content=\"https:\/\/Regalino-Shop.de\/wp-content\/uploads\/2026\/03\/Lobby-45x150-natural-red_Tischlaeufer_pad.webp\" \/>\n\t<meta property=\"og:image:width\" content=\"1063\" \/>\n\t<meta property=\"og:image:height\" content=\"1063\" \/>\n\t<meta property=\"og:image:type\" content=\"image\/webp\" \/>\n<meta name=\"twitter:card\" content=\"summary_large_image\" \/>\n<meta name=\"twitter:label1\" content=\"Gesch\u00e4tzte Lesezeit\" \/>\n\t<meta name=\"twitter:data1\" content=\"1\u00a0Minute\" \/>\n<script type=\"application\/ld+json\" class=\"yoast-schema-graph\">{\"@context\":\"https:\\\/\\\/schema.org\",\"@graph\":[{\"@type\":\"WebPage\",\"@id\":\"https:\\\/\\\/Regalino-Shop.de\\\/?product=tischlaeufer-lobby-natural-red-baumwoll-tischlaeufer-45x150\",\"url\":\"https:\\\/\\\/Regalino-Shop.de\\\/?product=tischlaeufer-lobby-natural-red-baumwoll-tischlaeufer-45x150\",\"name\":\"Tischl\u00e4ufer Lobby Natural Red \u2013 Baumwoll Tischl\u00e4ufer 45\u00d7150cm - Regalino -Lively Style\",\"isPartOf\":{\"@id\":\"https:\\\/\\\/Regalino-Shop.de\\\/#website\"},\"primaryImageOfPage\":{\"@id\":\"https:\\\/\\\/Regalino-Shop.de\\\/?product=tischlaeufer-lobby-natural-red-baumwoll-tischlaeufer-45x150#primaryimage\"},\"image\":{\"@id\":\"https:\\\/\\\/Regalino-Shop.de\\\/?product=tischlaeufer-lobby-natural-red-baumwoll-tischlaeufer-45x150#primaryimage\"},\"thumbnailUrl\":\"https:\\\/\\\/Regalino-Shop.de\\\/wp-content\\\/uploads\\\/2026\\\/03\\\/Lobby-45x150-natural-red_Tischlaeufer_pad.webp\",\"datePublished\":\"2026-02-23T08:10:59+00:00\",\"dateModified\":\"2026-03-21T18:51:58+00:00\",\"description\":\"Tischl\u00e4ufer Lobby Natural Red aus 100 % Baumwolle mit dekorativer Stickerei. OEKO-TEX zertifiziert und ideal f\u00fcr einen stilvollen Tisch im nordischen Wohnstil\",\"breadcrumb\":{\"@id\":\"https:\\\/\\\/Regalino-Shop.de\\\/?product=tischlaeufer-lobby-natural-red-baumwoll-tischlaeufer-45x150#breadcrumb\"},\"inLanguage\":\"de\",\"potentialAction\":[{\"@type\":\"ReadAction\",\"target\":[\"https:\\\/\\\/Regalino-Shop.de\\\/?product=tischlaeufer-lobby-natural-red-baumwoll-tischlaeufer-45x150\"]}]},{\"@type\":\"ImageObject\",\"inLanguage\":\"de\",\"@id\":\"https:\\\/\\\/Regalino-Shop.de\\\/?product=tischlaeufer-lobby-natural-red-baumwoll-tischlaeufer-45x150#primaryimage\",\"url\":\"https:\\\/\\\/Regalino-Shop.de\\\/wp-content\\\/uploads\\\/2026\\\/03\\\/Lobby-45x150-natural-red_Tischlaeufer_pad.webp\",\"contentUrl\":\"https:\\\/\\\/Regalino-Shop.de\\\/wp-content\\\/uploads\\\/2026\\\/03\\\/Lobby-45x150-natural-red_Tischlaeufer_pad.webp\",\"width\":1063,\"height\":1063,\"caption\":\"Tischl\u00e4ufer Lobby Natural Red Baumwolle 45x150 mit Stickerei\"},{\"@type\":\"BreadcrumbList\",\"@id\":\"https:\\\/\\\/Regalino-Shop.de\\\/?product=tischlaeufer-lobby-natural-red-baumwoll-tischlaeufer-45x150#breadcrumb\",\"itemListElement\":[{\"@type\":\"ListItem\",\"position\":1,\"name\":\"Startseite\",\"item\":\"https:\\\/\\\/Regalino-Shop.de\\\/\"},{\"@type\":\"ListItem\",\"position\":2,\"name\":\"Shop\",\"item\":\"https:\\\/\\\/Regalino-Shop.de\\\/?page_id=40\"},{\"@type\":\"ListItem\",\"position\":3,\"name\":\"Tischl\u00e4ufer Lobby Natural Red \u2013 Baumwoll Tischl\u00e4ufer 45\u00d7150cm\"}]},{\"@type\":\"WebSite\",\"@id\":\"https:\\\/\\\/Regalino-Shop.de\\\/#website\",\"url\":\"https:\\\/\\\/Regalino-Shop.de\\\/\",\"name\":\"Regalino -Lively Style\",\"description\":\"gelebtes Zuhause\",\"potentialAction\":[{\"@type\":\"SearchAction\",\"target\":{\"@type\":\"EntryPoint\",\"urlTemplate\":\"https:\\\/\\\/Regalino-Shop.de\\\/?s={search_term_string}\"},\"query-input\":{\"@type\":\"PropertyValueSpecification\",\"valueRequired\":true,\"valueName\":\"search_term_string\"}}],\"inLanguage\":\"de\"}]}<\/script>\n<!-- \/ Yoast SEO plugin. -->","yoast_head_json":{"title":"Tischl\u00e4ufer Lobby Natural Red \u2013 Baumwoll Tischl\u00e4ufer 45\u00d7150cm - Regalino -Lively Style","description":"Tischl\u00e4ufer Lobby Natural Red aus 100 % Baumwolle mit dekorativer Stickerei. OEKO-TEX zertifiziert und ideal f\u00fcr einen stilvollen Tisch im nordischen Wohnstil","robots":{"index":"index","follow":"follow","max-snippet":"max-snippet:-1","max-image-preview":"max-image-preview:large","max-video-preview":"max-video-preview:-1"},"canonical":"https:\/\/Regalino-Shop.de\/?product=tischlaeufer-lobby-natural-red-baumwoll-tischlaeufer-45x150","og_locale":"de_DE","og_type":"article","og_title":"Tischl\u00e4ufer Lobby Natural Red \u2013 Baumwoll Tischl\u00e4ufer 45\u00d7150cm - Regalino -Lively Style","og_description":"Tischl\u00e4ufer Lobby Natural Red aus 100 % Baumwolle mit dekorativer Stickerei. OEKO-TEX zertifiziert und ideal f\u00fcr einen stilvollen Tisch im nordischen Wohnstil","og_url":"https:\/\/Regalino-Shop.de\/?product=tischlaeufer-lobby-natural-red-baumwoll-tischlaeufer-45x150","og_site_name":"Regalino -Lively Style","article_modified_time":"2026-03-21T18:51:58+00:00","og_image":[{"width":1063,"height":1063,"url":"https:\/\/Regalino-Shop.de\/wp-content\/uploads\/2026\/03\/Lobby-45x150-natural-red_Tischlaeufer_pad.webp","type":"image\/webp"}],"twitter_card":"summary_large_image","twitter_misc":{"Gesch\u00e4tzte Lesezeit":"1\u00a0Minute"},"schema":{"@context":"https:\/\/schema.org","@graph":[{"@type":"WebPage","@id":"https:\/\/Regalino-Shop.de\/?product=tischlaeufer-lobby-natural-red-baumwoll-tischlaeufer-45x150","url":"https:\/\/Regalino-Shop.de\/?product=tischlaeufer-lobby-natural-red-baumwoll-tischlaeufer-45x150","name":"Tischl\u00e4ufer Lobby Natural Red \u2013 Baumwoll Tischl\u00e4ufer 45\u00d7150cm - Regalino -Lively Style","isPartOf":{"@id":"https:\/\/Regalino-Shop.de\/#website"},"primaryImageOfPage":{"@id":"https:\/\/Regalino-Shop.de\/?product=tischlaeufer-lobby-natural-red-baumwoll-tischlaeufer-45x150#primaryimage"},"image":{"@id":"https:\/\/Regalino-Shop.de\/?product=tischlaeufer-lobby-natural-red-baumwoll-tischlaeufer-45x150#primaryimage"},"thumbnailUrl":"https:\/\/Regalino-Shop.de\/wp-content\/uploads\/2026\/03\/Lobby-45x150-natural-red_Tischlaeufer_pad.webp","datePublished":"2026-02-23T08:10:59+00:00","dateModified":"2026-03-21T18:51:58+00:00","description":"Tischl\u00e4ufer Lobby Natural Red aus 100 % Baumwolle mit dekorativer Stickerei. OEKO-TEX zertifiziert und ideal f\u00fcr einen stilvollen Tisch im nordischen Wohnstil","breadcrumb":{"@id":"https:\/\/Regalino-Shop.de\/?product=tischlaeufer-lobby-natural-red-baumwoll-tischlaeufer-45x150#breadcrumb"},"inLanguage":"de","potentialAction":[{"@type":"ReadAction","target":["https:\/\/Regalino-Shop.de\/?product=tischlaeufer-lobby-natural-red-baumwoll-tischlaeufer-45x150"]}]},{"@type":"ImageObject","inLanguage":"de","@id":"https:\/\/Regalino-Shop.de\/?product=tischlaeufer-lobby-natural-red-baumwoll-tischlaeufer-45x150#primaryimage","url":"https:\/\/Regalino-Shop.de\/wp-content\/uploads\/2026\/03\/Lobby-45x150-natural-red_Tischlaeufer_pad.webp","contentUrl":"https:\/\/Regalino-Shop.de\/wp-content\/uploads\/2026\/03\/Lobby-45x150-natural-red_Tischlaeufer_pad.webp","width":1063,"height":1063,"caption":"Tischl\u00e4ufer Lobby Natural Red Baumwolle 45x150 mit Stickerei"},{"@type":"BreadcrumbList","@id":"https:\/\/Regalino-Shop.de\/?product=tischlaeufer-lobby-natural-red-baumwoll-tischlaeufer-45x150#breadcrumb","itemListElement":[{"@type":"ListItem","position":1,"name":"Startseite","item":"https:\/\/Regalino-Shop.de\/"},{"@type":"ListItem","position":2,"name":"Shop","item":"https:\/\/Regalino-Shop.de\/?page_id=40"},{"@type":"ListItem","position":3,"name":"Tischl\u00e4ufer Lobby Natural Red \u2013 Baumwoll Tischl\u00e4ufer 45\u00d7150cm"}]},{"@type":"WebSite","@id":"https:\/\/Regalino-Shop.de\/#website","url":"https:\/\/Regalino-Shop.de\/","name":"Regalino -Lively Style","description":"gelebtes Zuhause","potentialAction":[{"@type":"SearchAction","target":{"@type":"EntryPoint","urlTemplate":"https:\/\/Regalino-Shop.de\/?s={search_term_string}"},"query-input":{"@type":"PropertyValueSpecification","valueRequired":true,"valueName":"search_term_string"}}],"inLanguage":"de"}]}},"_links":{"self":[{"href":"https:\/\/Regalino-Shop.de\/index.php?rest_route=\/wp\/v2\/product\/18426","targetHints":{"allow":["GET"]}}],"collection":[{"href":"https:\/\/Regalino-Shop.de\/index.php?rest_route=\/wp\/v2\/product"}],"about":[{"href":"https:\/\/Regalino-Shop.de\/index.php?rest_route=\/wp\/v2\/types\/product"}],"wp:featuredmedia":[{"embeddable":true,"href":"https:\/\/Regalino-Shop.de\/index.php?rest_route=\/wp\/v2\/media\/18427"}],"wp:attachment":[{"href":"https:\/\/Regalino-Shop.de\/index.php?rest_route=%2Fwp%2Fv2%2Fmedia&parent=18426"}],"wp:term":[{"taxonomy":"product_brand","embeddable":true,"href":"https:\/\/Regalino-Shop.de\/index.php?rest_route=%2Fwp%2Fv2%2Fproduct_brand&post=18426"},{"taxonomy":"product_cat","embeddable":true,"href":"https:\/\/Regalino-Shop.de\/index.php?rest_route=%2Fwp%2Fv2%2Fproduct_cat&post=18426"},{"taxonomy":"product_tag","embeddable":true,"href":"https:\/\/Regalino-Shop.de\/index.php?rest_route=%2Fwp%2Fv2%2Fproduct_tag&post=18426"}],"curies":[{"name":"wp","href":"https:\/\/api.w.org\/{rel}","templated":true}]}}