{"id":18428,"date":"2026-02-23T07:44:42","date_gmt":"2026-02-23T07:44:42","guid":{"rendered":"https:\/\/Regalino-Shop.de\/?post_type=product&#038;p=18428"},"modified":"2026-03-21T18:53:50","modified_gmt":"2026-03-21T18:53:50","slug":"tischlaeufer-havn-sardines-natural-light-blue","status":"publish","type":"product","link":"https:\/\/Regalino-Shop.de\/?product=tischlaeufer-havn-sardines-natural-light-blue","title":{"rendered":"Tischl\u00e4ufer Havn Sardines \u2013 Natural Light Blue \u2013 Baumwoll Tischl\u00e4ufer 45\u00d7150cm"},"content":{"rendered":"","protected":false},"excerpt":{"rendered":"<div class=\"relative basis-auto flex-col -mb-(--composer-overlap-px) [--composer-overlap-px:28px] grow flex\">\n<div class=\"flex flex-col text-sm pb-25\">\n<section class=\"text-token-text-primary w-full focus:outline-none [--shadow-height:45px] has-data-writing-block:pointer-events-none has-data-writing-block:-mt-(--shadow-height) has-data-writing-block:pt-(--shadow-height) [&amp;:has([data-writing-block])&gt;*]:pointer-events-auto scroll-mt-[calc(var(--header-height)+min(200px,max(70px,20svh)))]\" dir=\"auto\" data-turn-id=\"request-69bafd4a-90e4-8385-a1ad-aae7537139d7-3\" data-testid=\"conversation-turn-58\" data-scroll-anchor=\"true\" data-turn=\"assistant\">\n<div class=\"text-base my-auto mx-auto pb-10 [--thread-content-margin:var(--thread-content-margin-xs,calc(var(--spacing)*4))] @w-sm\/main:[--thread-content-margin:var(--thread-content-margin-sm,calc(var(--spacing)*6))] @w-lg\/main:[--thread-content-margin:var(--thread-content-margin-lg,calc(var(--spacing)*16))] px-(--thread-content-margin)\">\n<div class=\"[--thread-content-max-width:40rem] @w-lg\/main:[--thread-content-max-width:48rem] mx-auto max-w-(--thread-content-max-width) flex-1 group\/turn-messages focus-visible:outline-hidden relative flex w-full min-w-0 flex-col agent-turn\">\n<div class=\"flex max-w-full flex-col gap-4 grow\">\n<div class=\"min-h-8 text-message relative flex w-full flex-col items-end gap-2 text-start break-words whitespace-normal outline-none keyboard-focused:focus-ring [.text-message+&amp;]:mt-1\" dir=\"auto\" tabindex=\"0\" data-message-author-role=\"assistant\" data-message-id=\"bd15f1b0-7889-44d6-822b-a55e733db3d9\" data-message-model-slug=\"gpt-5-3\" data-turn-start-message=\"true\">\n<div class=\"flex w-full flex-col gap-1 empty:hidden\">\n<div class=\"markdown prose dark:prose-invert w-full wrap-break-word light markdown-new-styling\">\n<h1 data-section-id=\"125wmrv\" data-start=\"94\" data-end=\"144\">Tischl\u00e4ufer \u201eHavn Sardines \u2013 Natural Light Blue\u201c<\/h1>\n<p data-start=\"146\" data-end=\"473\">Der Tischl\u00e4ufer <strong data-start=\"162\" data-end=\"179\">Havn Sardines<\/strong> bringt eine frische, maritime Note auf deinen Tisch. Das liebevoll gestaltete <strong data-start=\"258\" data-end=\"298\">Sardinen-Motiv in Natural Light Blue<\/strong> erinnert an K\u00fcsten, Hafenst\u00e4dte und entspannte Sommermomente. Durch die feine <strong data-start=\"377\" data-end=\"417\">Stickerei und den hochwertigen Druck<\/strong> entsteht ein dekoratives Design mit modernem Charakter.<\/p>\n<p data-start=\"475\" data-end=\"813\">Gefertigt aus <strong data-start=\"489\" data-end=\"508\">100 % Baumwolle<\/strong>, f\u00fchlt sich der Tischl\u00e4ufer angenehm nat\u00fcrlich an und l\u00e4sst sich vielseitig kombinieren \u2013 ob auf dem Esstisch, der K\u00fccheninsel oder als dekoratives Element auf einer Konsole. Die hochwertige Verarbeitung und die OEKO-TEX\u00ae Zertifizierung stehen f\u00fcr langlebige Qualit\u00e4t und verantwortungsvolle Herstellung.<\/p>\n<hr data-start=\"815\" data-end=\"818\" \/>\n<h1 data-section-id=\"1i7x1es\" data-start=\"820\" data-end=\"829\">Details<\/h1>\n<p data-start=\"831\" data-end=\"1030\">\u2022 <strong data-start=\"833\" data-end=\"843\">Gr\u00f6\u00dfe:<\/strong> 45 \u00d7 150 cm<br data-start=\"855\" data-end=\"858\" \/>\u2022 <strong data-start=\"860\" data-end=\"873\">Material:<\/strong> 100 % Baumwolle<br data-start=\"889\" data-end=\"892\" \/>\u2022 <strong data-start=\"894\" data-end=\"904\">Farbe:<\/strong> Natural Light Blue<br data-start=\"923\" data-end=\"926\" \/>\u2022 <strong data-start=\"928\" data-end=\"939\">Design:<\/strong> digitaler Druck mit dekorativer Stickerei<br data-start=\"981\" data-end=\"984\" \/>\u2022 <strong data-start=\"986\" data-end=\"1005\">Zertifizierung:<\/strong> OEKO-TEX\u00ae STANDARD 100<\/p>\n<hr data-start=\"1032\" data-end=\"1035\" \/>\n<h1 data-section-id=\"ghi057\" data-start=\"1037\" data-end=\"1045\">Pflege<\/h1>\n<p data-start=\"1047\" data-end=\"1183\">\u2022 40 \u00b0C Schonwaschgang<br data-start=\"1069\" data-end=\"1072\" \/>\u2022 nicht bleichen<br data-start=\"1088\" data-end=\"1091\" \/>\u2022 b\u00fcgeln bis 150 \u00b0C m\u00f6glich<br data-start=\"1118\" data-end=\"1121\" \/>\u2022 nicht im Trockner trocknen<br data-start=\"1149\" data-end=\"1152\" \/>\u2022 chemische Reinigung m\u00f6glich<\/p>\n<hr data-start=\"1185\" data-end=\"1188\" \/>\n<h1 data-section-id=\"u5s9wi\" data-start=\"1190\" data-end=\"1216\">\ud83e\udd0d Regalino Styling-Tipp<\/h1>\n<p data-start=\"1218\" data-end=\"1234\">Besonders sch\u00f6n:<\/p>\n<p data-start=\"1236\" data-end=\"1423\">\u2022 auf einem <strong data-start=\"1248\" data-end=\"1298\">Holz- oder Naturtisch f\u00fcr einen maritimen Look<\/strong><br data-start=\"1298\" data-end=\"1301\" \/>\u2022 kombiniert mit <strong data-start=\"1318\" data-end=\"1364\">heller Keramik, Leinenservietten oder Glas<\/strong><br data-start=\"1364\" data-end=\"1367\" \/>\u2022 als dekorativer Akzent auf <strong data-start=\"1396\" data-end=\"1423\">Esstisch oder Sideboard<\/strong><\/p>\n<p data-start=\"1425\" data-end=\"1498\">So entsteht eine <strong data-start=\"1442\" data-end=\"1497\">frische, nordische Tischatmosph\u00e4re mit K\u00fcstencharme<\/strong>.<\/p>\n<hr data-start=\"1500\" data-end=\"1503\" \/>\n<p data-start=\"1505\" data-end=\"1538\"><strong data-start=\"1505\" data-end=\"1522\">Lieferumfang:<\/strong><br data-start=\"1522\" data-end=\"1525\" \/>1 Tischl\u00e4ufer<\/p>\n<\/div>\n<\/div>\n<\/div>\n<\/div>\n<\/div>\n<\/div>\n<\/section>\n<\/div>\n<\/div>\n","protected":false},"featured_media":18429,"template":"","meta":{"_et_pb_use_builder":"","_et_pb_old_content":"","_et_gb_content_width":""},"product_brand":[2469],"product_cat":[57,68],"product_tag":[2813,2809,2476,2818,2819,2815,2816,2817,2812,2814,2807],"class_list":{"0":"post-18428","1":"product","2":"type-product","3":"status-publish","4":"has-post-thumbnail","6":"product_brand-pad-concept","7":"product_cat-neu-eingetroffen-neue-lieblingsstuecke-bei-regalino","8":"product_cat-wohntextilien-fuer-ein-stilvolles-zuhause-regalino","9":"product_tag-scandi-tischlaeufer","10":"product_tag-tischlaeufer-45x150","11":"product_tag-tischlaeufer-baumwolle","12":"product_tag-tischlaeufer-blau-natur","13":"product_tag-tischlaeufer-bretagne","14":"product_tag-tischlaeufer-esstisch","15":"product_tag-tischlaeufer-havn-sardines-natural-light-blue","16":"product_tag-tischlaeufer-maritim","17":"product_tag-tischlaeufer-stickerei","18":"product_tag-tischwaesche-baumwolle","19":"product_tag-wohntextilien-regalino","21":"first","22":"instock","23":"taxable","24":"shipping-taxable","25":"purchasable","26":"product-type-simple"},"yoast_head":"<!-- This site is optimized with the Yoast SEO plugin v27.5 - https:\/\/yoast.com\/product\/yoast-seo-wordpress\/ -->\n<title>Tischl\u00e4ufer Havn Sardines \u2013 Natural Light Blue \u2013 Baumwoll Tischl\u00e4ufer 45\u00d7150cm - Regalino -Lively Style<\/title>\n<meta name=\"description\" content=\"Tischl\u00e4ufer Havn Sardines Natural Light Blue aus 100 % Baumwolle mit dekorativer Stickerei. OEKO-TEX zertifiziert und ideal f\u00fcr einen modernen, maritimen Tisch.\" \/>\n<meta name=\"robots\" content=\"index, follow, max-snippet:-1, max-image-preview:large, max-video-preview:-1\" \/>\n<link rel=\"canonical\" href=\"https:\/\/Regalino-Shop.de\/?product=tischlaeufer-havn-sardines-natural-light-blue\" \/>\n<meta property=\"og:locale\" content=\"de_DE\" \/>\n<meta property=\"og:type\" content=\"article\" \/>\n<meta property=\"og:title\" content=\"Tischl\u00e4ufer Havn Sardines \u2013 Natural Light Blue \u2013 Baumwoll Tischl\u00e4ufer 45\u00d7150cm - Regalino -Lively Style\" \/>\n<meta property=\"og:description\" content=\"Tischl\u00e4ufer Havn Sardines Natural Light Blue aus 100 % Baumwolle mit dekorativer Stickerei. OEKO-TEX zertifiziert und ideal f\u00fcr einen modernen, maritimen Tisch.\" \/>\n<meta property=\"og:url\" content=\"https:\/\/Regalino-Shop.de\/?product=tischlaeufer-havn-sardines-natural-light-blue\" \/>\n<meta property=\"og:site_name\" content=\"Regalino -Lively Style\" \/>\n<meta property=\"article:modified_time\" content=\"2026-03-21T18:53:50+00:00\" \/>\n<meta property=\"og:image\" content=\"https:\/\/Regalino-Shop.de\/wp-content\/uploads\/2026\/03\/Sardines-45x150-natural-light-blue_tischlaeufer_pad.webp\" \/>\n\t<meta property=\"og:image:width\" content=\"1063\" \/>\n\t<meta property=\"og:image:height\" content=\"1063\" \/>\n\t<meta property=\"og:image:type\" content=\"image\/webp\" \/>\n<meta name=\"twitter:card\" content=\"summary_large_image\" \/>\n<meta name=\"twitter:label1\" content=\"Gesch\u00e4tzte Lesezeit\" \/>\n\t<meta name=\"twitter:data1\" content=\"1\u00a0Minute\" \/>\n<script type=\"application\/ld+json\" class=\"yoast-schema-graph\">{\"@context\":\"https:\\\/\\\/schema.org\",\"@graph\":[{\"@type\":\"WebPage\",\"@id\":\"https:\\\/\\\/Regalino-Shop.de\\\/?product=tischlaeufer-havn-sardines-natural-light-blue\",\"url\":\"https:\\\/\\\/Regalino-Shop.de\\\/?product=tischlaeufer-havn-sardines-natural-light-blue\",\"name\":\"Tischl\u00e4ufer Havn Sardines \u2013 Natural Light Blue \u2013 Baumwoll Tischl\u00e4ufer 45\u00d7150cm - Regalino -Lively Style\",\"isPartOf\":{\"@id\":\"https:\\\/\\\/Regalino-Shop.de\\\/#website\"},\"primaryImageOfPage\":{\"@id\":\"https:\\\/\\\/Regalino-Shop.de\\\/?product=tischlaeufer-havn-sardines-natural-light-blue#primaryimage\"},\"image\":{\"@id\":\"https:\\\/\\\/Regalino-Shop.de\\\/?product=tischlaeufer-havn-sardines-natural-light-blue#primaryimage\"},\"thumbnailUrl\":\"https:\\\/\\\/Regalino-Shop.de\\\/wp-content\\\/uploads\\\/2026\\\/03\\\/Sardines-45x150-natural-light-blue_tischlaeufer_pad.webp\",\"datePublished\":\"2026-02-23T07:44:42+00:00\",\"dateModified\":\"2026-03-21T18:53:50+00:00\",\"description\":\"Tischl\u00e4ufer Havn Sardines Natural Light Blue aus 100 % Baumwolle mit dekorativer Stickerei. OEKO-TEX zertifiziert und ideal f\u00fcr einen modernen, maritimen Tisch.\",\"breadcrumb\":{\"@id\":\"https:\\\/\\\/Regalino-Shop.de\\\/?product=tischlaeufer-havn-sardines-natural-light-blue#breadcrumb\"},\"inLanguage\":\"de\",\"potentialAction\":[{\"@type\":\"ReadAction\",\"target\":[\"https:\\\/\\\/Regalino-Shop.de\\\/?product=tischlaeufer-havn-sardines-natural-light-blue\"]}]},{\"@type\":\"ImageObject\",\"inLanguage\":\"de\",\"@id\":\"https:\\\/\\\/Regalino-Shop.de\\\/?product=tischlaeufer-havn-sardines-natural-light-blue#primaryimage\",\"url\":\"https:\\\/\\\/Regalino-Shop.de\\\/wp-content\\\/uploads\\\/2026\\\/03\\\/Sardines-45x150-natural-light-blue_tischlaeufer_pad.webp\",\"contentUrl\":\"https:\\\/\\\/Regalino-Shop.de\\\/wp-content\\\/uploads\\\/2026\\\/03\\\/Sardines-45x150-natural-light-blue_tischlaeufer_pad.webp\",\"width\":1063,\"height\":1063,\"caption\":\"Tischl\u00e4ufer Havn Sardines Natural Light Blue Baumwolle 45x150 mit Stickerei\"},{\"@type\":\"BreadcrumbList\",\"@id\":\"https:\\\/\\\/Regalino-Shop.de\\\/?product=tischlaeufer-havn-sardines-natural-light-blue#breadcrumb\",\"itemListElement\":[{\"@type\":\"ListItem\",\"position\":1,\"name\":\"Startseite\",\"item\":\"https:\\\/\\\/Regalino-Shop.de\\\/\"},{\"@type\":\"ListItem\",\"position\":2,\"name\":\"Shop\",\"item\":\"https:\\\/\\\/Regalino-Shop.de\\\/?page_id=40\"},{\"@type\":\"ListItem\",\"position\":3,\"name\":\"Tischl\u00e4ufer Havn Sardines \u2013 Natural Light Blue \u2013 Baumwoll Tischl\u00e4ufer 45\u00d7150cm\"}]},{\"@type\":\"WebSite\",\"@id\":\"https:\\\/\\\/Regalino-Shop.de\\\/#website\",\"url\":\"https:\\\/\\\/Regalino-Shop.de\\\/\",\"name\":\"Regalino -Lively Style\",\"description\":\"gelebtes Zuhause\",\"potentialAction\":[{\"@type\":\"SearchAction\",\"target\":{\"@type\":\"EntryPoint\",\"urlTemplate\":\"https:\\\/\\\/Regalino-Shop.de\\\/?s={search_term_string}\"},\"query-input\":{\"@type\":\"PropertyValueSpecification\",\"valueRequired\":true,\"valueName\":\"search_term_string\"}}],\"inLanguage\":\"de\"}]}<\/script>\n<!-- \/ Yoast SEO plugin. -->","yoast_head_json":{"title":"Tischl\u00e4ufer Havn Sardines \u2013 Natural Light Blue \u2013 Baumwoll Tischl\u00e4ufer 45\u00d7150cm - Regalino -Lively Style","description":"Tischl\u00e4ufer Havn Sardines Natural Light Blue aus 100 % Baumwolle mit dekorativer Stickerei. OEKO-TEX zertifiziert und ideal f\u00fcr einen modernen, maritimen Tisch.","robots":{"index":"index","follow":"follow","max-snippet":"max-snippet:-1","max-image-preview":"max-image-preview:large","max-video-preview":"max-video-preview:-1"},"canonical":"https:\/\/Regalino-Shop.de\/?product=tischlaeufer-havn-sardines-natural-light-blue","og_locale":"de_DE","og_type":"article","og_title":"Tischl\u00e4ufer Havn Sardines \u2013 Natural Light Blue \u2013 Baumwoll Tischl\u00e4ufer 45\u00d7150cm - Regalino -Lively Style","og_description":"Tischl\u00e4ufer Havn Sardines Natural Light Blue aus 100 % Baumwolle mit dekorativer Stickerei. OEKO-TEX zertifiziert und ideal f\u00fcr einen modernen, maritimen Tisch.","og_url":"https:\/\/Regalino-Shop.de\/?product=tischlaeufer-havn-sardines-natural-light-blue","og_site_name":"Regalino -Lively Style","article_modified_time":"2026-03-21T18:53:50+00:00","og_image":[{"width":1063,"height":1063,"url":"https:\/\/Regalino-Shop.de\/wp-content\/uploads\/2026\/03\/Sardines-45x150-natural-light-blue_tischlaeufer_pad.webp","type":"image\/webp"}],"twitter_card":"summary_large_image","twitter_misc":{"Gesch\u00e4tzte Lesezeit":"1\u00a0Minute"},"schema":{"@context":"https:\/\/schema.org","@graph":[{"@type":"WebPage","@id":"https:\/\/Regalino-Shop.de\/?product=tischlaeufer-havn-sardines-natural-light-blue","url":"https:\/\/Regalino-Shop.de\/?product=tischlaeufer-havn-sardines-natural-light-blue","name":"Tischl\u00e4ufer Havn Sardines \u2013 Natural Light Blue \u2013 Baumwoll Tischl\u00e4ufer 45\u00d7150cm - Regalino -Lively Style","isPartOf":{"@id":"https:\/\/Regalino-Shop.de\/#website"},"primaryImageOfPage":{"@id":"https:\/\/Regalino-Shop.de\/?product=tischlaeufer-havn-sardines-natural-light-blue#primaryimage"},"image":{"@id":"https:\/\/Regalino-Shop.de\/?product=tischlaeufer-havn-sardines-natural-light-blue#primaryimage"},"thumbnailUrl":"https:\/\/Regalino-Shop.de\/wp-content\/uploads\/2026\/03\/Sardines-45x150-natural-light-blue_tischlaeufer_pad.webp","datePublished":"2026-02-23T07:44:42+00:00","dateModified":"2026-03-21T18:53:50+00:00","description":"Tischl\u00e4ufer Havn Sardines Natural Light Blue aus 100 % Baumwolle mit dekorativer Stickerei. OEKO-TEX zertifiziert und ideal f\u00fcr einen modernen, maritimen Tisch.","breadcrumb":{"@id":"https:\/\/Regalino-Shop.de\/?product=tischlaeufer-havn-sardines-natural-light-blue#breadcrumb"},"inLanguage":"de","potentialAction":[{"@type":"ReadAction","target":["https:\/\/Regalino-Shop.de\/?product=tischlaeufer-havn-sardines-natural-light-blue"]}]},{"@type":"ImageObject","inLanguage":"de","@id":"https:\/\/Regalino-Shop.de\/?product=tischlaeufer-havn-sardines-natural-light-blue#primaryimage","url":"https:\/\/Regalino-Shop.de\/wp-content\/uploads\/2026\/03\/Sardines-45x150-natural-light-blue_tischlaeufer_pad.webp","contentUrl":"https:\/\/Regalino-Shop.de\/wp-content\/uploads\/2026\/03\/Sardines-45x150-natural-light-blue_tischlaeufer_pad.webp","width":1063,"height":1063,"caption":"Tischl\u00e4ufer Havn Sardines Natural Light Blue Baumwolle 45x150 mit Stickerei"},{"@type":"BreadcrumbList","@id":"https:\/\/Regalino-Shop.de\/?product=tischlaeufer-havn-sardines-natural-light-blue#breadcrumb","itemListElement":[{"@type":"ListItem","position":1,"name":"Startseite","item":"https:\/\/Regalino-Shop.de\/"},{"@type":"ListItem","position":2,"name":"Shop","item":"https:\/\/Regalino-Shop.de\/?page_id=40"},{"@type":"ListItem","position":3,"name":"Tischl\u00e4ufer Havn Sardines \u2013 Natural Light Blue \u2013 Baumwoll Tischl\u00e4ufer 45\u00d7150cm"}]},{"@type":"WebSite","@id":"https:\/\/Regalino-Shop.de\/#website","url":"https:\/\/Regalino-Shop.de\/","name":"Regalino -Lively Style","description":"gelebtes Zuhause","potentialAction":[{"@type":"SearchAction","target":{"@type":"EntryPoint","urlTemplate":"https:\/\/Regalino-Shop.de\/?s={search_term_string}"},"query-input":{"@type":"PropertyValueSpecification","valueRequired":true,"valueName":"search_term_string"}}],"inLanguage":"de"}]}},"_links":{"self":[{"href":"https:\/\/Regalino-Shop.de\/index.php?rest_route=\/wp\/v2\/product\/18428","targetHints":{"allow":["GET"]}}],"collection":[{"href":"https:\/\/Regalino-Shop.de\/index.php?rest_route=\/wp\/v2\/product"}],"about":[{"href":"https:\/\/Regalino-Shop.de\/index.php?rest_route=\/wp\/v2\/types\/product"}],"wp:featuredmedia":[{"embeddable":true,"href":"https:\/\/Regalino-Shop.de\/index.php?rest_route=\/wp\/v2\/media\/18429"}],"wp:attachment":[{"href":"https:\/\/Regalino-Shop.de\/index.php?rest_route=%2Fwp%2Fv2%2Fmedia&parent=18428"}],"wp:term":[{"taxonomy":"product_brand","embeddable":true,"href":"https:\/\/Regalino-Shop.de\/index.php?rest_route=%2Fwp%2Fv2%2Fproduct_brand&post=18428"},{"taxonomy":"product_cat","embeddable":true,"href":"https:\/\/Regalino-Shop.de\/index.php?rest_route=%2Fwp%2Fv2%2Fproduct_cat&post=18428"},{"taxonomy":"product_tag","embeddable":true,"href":"https:\/\/Regalino-Shop.de\/index.php?rest_route=%2Fwp%2Fv2%2Fproduct_tag&post=18428"}],"curies":[{"name":"wp","href":"https:\/\/api.w.org\/{rel}","templated":true}]}}