{"id":18435,"date":"2026-03-22T09:27:04","date_gmt":"2026-03-22T09:27:04","guid":{"rendered":"https:\/\/Regalino-Shop.de\/?post_type=product&#038;p=18435"},"modified":"2026-03-22T09:35:07","modified_gmt":"2026-03-22T09:35:07","slug":"geschirrtuch-hummer-aus-baumwolle-handbedruckt-in-hamburg","status":"publish","type":"product","link":"https:\/\/Regalino-Shop.de\/?product=geschirrtuch-hummer-aus-baumwolle-handbedruckt-in-hamburg","title":{"rendered":"Geschirrtuch mit rotem Hummer aus Baumwolle \u2013 handbedruckt"},"content":{"rendered":"","protected":false},"excerpt":{"rendered":"<h3>Summer Feeling<\/h3>\n<p data-start=\"131\" data-end=\"552\">Dieses Geschirrtuch mit rotem Vintage-Hummer bringt einen charmanten, maritimen Akzent in deine K\u00fcche. Der handgedruckte Siebdruck verleiht jedem Tuch eine besondere Note und macht es zu einem kleinen Hingucker im Alltag. Gleichzeitig \u00fcberzeugt das Tuch mit seiner hochwertigen Baumwolle: Es ist besonders saugstark, trocknet fusselfrei und eignet sich perfekt zum Abtrocknen von Geschirr oder Gl\u00e4sern.<\/p>\n<p data-start=\"554\" data-end=\"711\">Durch den liebevoll gefertigten Siebdruck aus Hamburg ist jedes Geschirrtuch ein kleines Unikat \u2013 praktisch, langlebig und mit einem Augenzwinkern gestaltet.<\/p>\n<hr data-start=\"713\" data-end=\"716\" \/>\n<p data-start=\"718\" data-end=\"729\"><strong data-start=\"718\" data-end=\"729\">Details<\/strong><\/p>\n<ul data-start=\"731\" data-end=\"1000\">\n<li data-section-id=\"pp8fa9\" data-start=\"731\" data-end=\"772\">Geschirrtuch mit rotem Vintage-Hummer<\/li>\n<li data-section-id=\"71k6e8\" data-start=\"773\" data-end=\"813\">Handbedruckt im Siebdruck in Hamburg<\/li>\n<li data-section-id=\"1l7tffe\" data-start=\"814\" data-end=\"833\">100 % Baumwolle<\/li>\n<li data-section-id=\"e7ifmn\" data-start=\"834\" data-end=\"872\">Besonders saugstark und fusselfrei<\/li>\n<li data-section-id=\"1lii2rc\" data-start=\"873\" data-end=\"895\">Waschbar bis 40 \u00b0C<\/li>\n<li data-section-id=\"3eh5fc\" data-start=\"896\" data-end=\"929\">Trocknergeeignet und b\u00fcgelbar<\/li>\n<li data-section-id=\"19nkorj\" data-start=\"930\" data-end=\"950\">Ma\u00dfe: 50 \u00d7 70 cm<\/li>\n<li data-section-id=\"9jzitv\" data-start=\"951\" data-end=\"1000\">Jedes St\u00fcck ein kleines handgedrucktes Unikat<\/li>\n<\/ul>\n<hr data-start=\"1002\" data-end=\"1005\" \/>\n<p data-start=\"1007\" data-end=\"1017\"><strong data-start=\"1007\" data-end=\"1017\">Pflege<\/strong><\/p>\n<p data-start=\"1019\" data-end=\"1078\">Waschbar bei bis zu 40 \u00b0C.<br data-start=\"1045\" data-end=\"1048\" \/>Trocknergeeignet und b\u00fcgelbar.<\/p>\n<hr data-start=\"1080\" data-end=\"1083\" \/>\n<p data-start=\"1085\" data-end=\"1113\"><strong data-start=\"1085\" data-end=\"1113\">\ud83e\udd0d Regalino Styling-Tipp<\/strong><\/p>\n<p data-start=\"1115\" data-end=\"1371\">Perfekt f\u00fcr eine nordisch-maritime K\u00fcche. Besonders sch\u00f6n wirkt das Geschirrtuch kombiniert mit Keramik, Holz und nat\u00fcrlichen Farben wie Sand, Blau oder Creme. Auch als kleine Aufmerksamkeit im Geschenkkorb sorgt der rote Hummer garantiert f\u00fcr ein L\u00e4cheln.<\/p>\n<p>Lieferumfang: 1 Geschirrtuch<\/p>\n","protected":false},"featured_media":18437,"template":"","meta":{"_et_pb_use_builder":"","_et_pb_old_content":"","_et_gb_content_width":""},"product_brand":[1979],"product_cat":[81],"product_tag":[2833,2454,2827,2830,2828,2832,2829,2397,1986,2831],"class_list":{"0":"post-18435","1":"product","2":"type-product","3":"status-publish","4":"has-post-thumbnail","6":"product_brand-1730-hamburg","7":"product_cat-kuechentextilien-im-scandi-breton-stil-regalino","8":"product_tag-geschenk-kueche","9":"product_tag-geschirrtuch-baumwolle","10":"product_tag-geschirrtuch-hummer","11":"product_tag-handbedrucktes-geschirrtuch","12":"product_tag-kuechentuch-hummer","13":"product_tag-kuechentuch-maritim","14":"product_tag-maritimes-geschirrtuch","15":"product_tag-nordische-kueche","16":"product_tag-regalino","17":"product_tag-siebdruck-hamburg","19":"first","20":"instock","21":"taxable","22":"shipping-taxable","23":"purchasable","24":"product-type-simple"},"yoast_head":"<!-- This site is optimized with the Yoast SEO plugin v27.5 - https:\/\/yoast.com\/product\/yoast-seo-wordpress\/ -->\n<title>Geschirrtuch mit rotem Hummer aus Baumwolle \u2013 handbedruckt - Regalino -Lively Style<\/title>\n<meta name=\"description\" content=\"Maritimes Geschirrtuch mit rotem Vintage-Hummer aus 100 % Baumwolle. Handbedruckt in Hamburg, saugstark und eine originelle Geschenkidee f\u00fcr die K\u00fcche.\" \/>\n<meta name=\"robots\" content=\"index, follow, max-snippet:-1, max-image-preview:large, max-video-preview:-1\" \/>\n<link rel=\"canonical\" href=\"https:\/\/Regalino-Shop.de\/?product=geschirrtuch-hummer-aus-baumwolle-handbedruckt-in-hamburg\" \/>\n<meta property=\"og:locale\" content=\"de_DE\" \/>\n<meta property=\"og:type\" content=\"article\" \/>\n<meta property=\"og:title\" content=\"Geschirrtuch mit rotem Hummer aus Baumwolle \u2013 handbedruckt - Regalino -Lively Style\" \/>\n<meta property=\"og:description\" content=\"Maritimes Geschirrtuch mit rotem Vintage-Hummer aus 100 % Baumwolle. Handbedruckt in Hamburg, saugstark und eine originelle Geschenkidee f\u00fcr die K\u00fcche.\" \/>\n<meta property=\"og:url\" content=\"https:\/\/Regalino-Shop.de\/?product=geschirrtuch-hummer-aus-baumwolle-handbedruckt-in-hamburg\" \/>\n<meta property=\"og:site_name\" content=\"Regalino -Lively Style\" \/>\n<meta property=\"article:modified_time\" content=\"2026-03-22T09:35:07+00:00\" \/>\n<meta property=\"og:image\" content=\"https:\/\/Regalino-Shop.de\/wp-content\/uploads\/2026\/03\/hummer-geschirrtuch-Baumwolle.jpg\" \/>\n\t<meta property=\"og:image:width\" content=\"746\" \/>\n\t<meta property=\"og:image:height\" content=\"1000\" \/>\n\t<meta property=\"og:image:type\" content=\"image\/jpeg\" \/>\n<meta name=\"twitter:card\" content=\"summary_large_image\" \/>\n<meta name=\"twitter:label1\" content=\"Gesch\u00e4tzte Lesezeit\" \/>\n\t<meta name=\"twitter:data1\" content=\"1\u00a0Minute\" \/>\n<script type=\"application\/ld+json\" class=\"yoast-schema-graph\">{\"@context\":\"https:\\\/\\\/schema.org\",\"@graph\":[{\"@type\":\"WebPage\",\"@id\":\"https:\\\/\\\/Regalino-Shop.de\\\/?product=geschirrtuch-hummer-aus-baumwolle-handbedruckt-in-hamburg\",\"url\":\"https:\\\/\\\/Regalino-Shop.de\\\/?product=geschirrtuch-hummer-aus-baumwolle-handbedruckt-in-hamburg\",\"name\":\"Geschirrtuch mit rotem Hummer aus Baumwolle \u2013 handbedruckt - Regalino -Lively Style\",\"isPartOf\":{\"@id\":\"https:\\\/\\\/Regalino-Shop.de\\\/#website\"},\"primaryImageOfPage\":{\"@id\":\"https:\\\/\\\/Regalino-Shop.de\\\/?product=geschirrtuch-hummer-aus-baumwolle-handbedruckt-in-hamburg#primaryimage\"},\"image\":{\"@id\":\"https:\\\/\\\/Regalino-Shop.de\\\/?product=geschirrtuch-hummer-aus-baumwolle-handbedruckt-in-hamburg#primaryimage\"},\"thumbnailUrl\":\"https:\\\/\\\/Regalino-Shop.de\\\/wp-content\\\/uploads\\\/2026\\\/03\\\/hummer-geschirrtuch-Baumwolle.jpg\",\"datePublished\":\"2026-03-22T09:27:04+00:00\",\"dateModified\":\"2026-03-22T09:35:07+00:00\",\"description\":\"Maritimes Geschirrtuch mit rotem Vintage-Hummer aus 100 % Baumwolle. Handbedruckt in Hamburg, saugstark und eine originelle Geschenkidee f\u00fcr die K\u00fcche.\",\"breadcrumb\":{\"@id\":\"https:\\\/\\\/Regalino-Shop.de\\\/?product=geschirrtuch-hummer-aus-baumwolle-handbedruckt-in-hamburg#breadcrumb\"},\"inLanguage\":\"de\",\"potentialAction\":[{\"@type\":\"ReadAction\",\"target\":[\"https:\\\/\\\/Regalino-Shop.de\\\/?product=geschirrtuch-hummer-aus-baumwolle-handbedruckt-in-hamburg\"]}]},{\"@type\":\"ImageObject\",\"inLanguage\":\"de\",\"@id\":\"https:\\\/\\\/Regalino-Shop.de\\\/?product=geschirrtuch-hummer-aus-baumwolle-handbedruckt-in-hamburg#primaryimage\",\"url\":\"https:\\\/\\\/Regalino-Shop.de\\\/wp-content\\\/uploads\\\/2026\\\/03\\\/hummer-geschirrtuch-Baumwolle.jpg\",\"contentUrl\":\"https:\\\/\\\/Regalino-Shop.de\\\/wp-content\\\/uploads\\\/2026\\\/03\\\/hummer-geschirrtuch-Baumwolle.jpg\",\"width\":746,\"height\":1000,\"caption\":\"Geschirrtuch aus Baumwolle mit rotem Vintage-Hummer Siebdruck\"},{\"@type\":\"BreadcrumbList\",\"@id\":\"https:\\\/\\\/Regalino-Shop.de\\\/?product=geschirrtuch-hummer-aus-baumwolle-handbedruckt-in-hamburg#breadcrumb\",\"itemListElement\":[{\"@type\":\"ListItem\",\"position\":1,\"name\":\"Startseite\",\"item\":\"https:\\\/\\\/Regalino-Shop.de\\\/\"},{\"@type\":\"ListItem\",\"position\":2,\"name\":\"Shop\",\"item\":\"https:\\\/\\\/Regalino-Shop.de\\\/?page_id=40\"},{\"@type\":\"ListItem\",\"position\":3,\"name\":\"Geschirrtuch mit rotem Hummer aus Baumwolle \u2013 handbedruckt\"}]},{\"@type\":\"WebSite\",\"@id\":\"https:\\\/\\\/Regalino-Shop.de\\\/#website\",\"url\":\"https:\\\/\\\/Regalino-Shop.de\\\/\",\"name\":\"Regalino -Lively Style\",\"description\":\"gelebtes Zuhause\",\"potentialAction\":[{\"@type\":\"SearchAction\",\"target\":{\"@type\":\"EntryPoint\",\"urlTemplate\":\"https:\\\/\\\/Regalino-Shop.de\\\/?s={search_term_string}\"},\"query-input\":{\"@type\":\"PropertyValueSpecification\",\"valueRequired\":true,\"valueName\":\"search_term_string\"}}],\"inLanguage\":\"de\"}]}<\/script>\n<!-- \/ Yoast SEO plugin. -->","yoast_head_json":{"title":"Geschirrtuch mit rotem Hummer aus Baumwolle \u2013 handbedruckt - Regalino -Lively Style","description":"Maritimes Geschirrtuch mit rotem Vintage-Hummer aus 100 % Baumwolle. Handbedruckt in Hamburg, saugstark und eine originelle Geschenkidee f\u00fcr die K\u00fcche.","robots":{"index":"index","follow":"follow","max-snippet":"max-snippet:-1","max-image-preview":"max-image-preview:large","max-video-preview":"max-video-preview:-1"},"canonical":"https:\/\/Regalino-Shop.de\/?product=geschirrtuch-hummer-aus-baumwolle-handbedruckt-in-hamburg","og_locale":"de_DE","og_type":"article","og_title":"Geschirrtuch mit rotem Hummer aus Baumwolle \u2013 handbedruckt - Regalino -Lively Style","og_description":"Maritimes Geschirrtuch mit rotem Vintage-Hummer aus 100 % Baumwolle. Handbedruckt in Hamburg, saugstark und eine originelle Geschenkidee f\u00fcr die K\u00fcche.","og_url":"https:\/\/Regalino-Shop.de\/?product=geschirrtuch-hummer-aus-baumwolle-handbedruckt-in-hamburg","og_site_name":"Regalino -Lively Style","article_modified_time":"2026-03-22T09:35:07+00:00","og_image":[{"width":746,"height":1000,"url":"https:\/\/Regalino-Shop.de\/wp-content\/uploads\/2026\/03\/hummer-geschirrtuch-Baumwolle.jpg","type":"image\/jpeg"}],"twitter_card":"summary_large_image","twitter_misc":{"Gesch\u00e4tzte Lesezeit":"1\u00a0Minute"},"schema":{"@context":"https:\/\/schema.org","@graph":[{"@type":"WebPage","@id":"https:\/\/Regalino-Shop.de\/?product=geschirrtuch-hummer-aus-baumwolle-handbedruckt-in-hamburg","url":"https:\/\/Regalino-Shop.de\/?product=geschirrtuch-hummer-aus-baumwolle-handbedruckt-in-hamburg","name":"Geschirrtuch mit rotem Hummer aus Baumwolle \u2013 handbedruckt - Regalino -Lively Style","isPartOf":{"@id":"https:\/\/Regalino-Shop.de\/#website"},"primaryImageOfPage":{"@id":"https:\/\/Regalino-Shop.de\/?product=geschirrtuch-hummer-aus-baumwolle-handbedruckt-in-hamburg#primaryimage"},"image":{"@id":"https:\/\/Regalino-Shop.de\/?product=geschirrtuch-hummer-aus-baumwolle-handbedruckt-in-hamburg#primaryimage"},"thumbnailUrl":"https:\/\/Regalino-Shop.de\/wp-content\/uploads\/2026\/03\/hummer-geschirrtuch-Baumwolle.jpg","datePublished":"2026-03-22T09:27:04+00:00","dateModified":"2026-03-22T09:35:07+00:00","description":"Maritimes Geschirrtuch mit rotem Vintage-Hummer aus 100 % Baumwolle. Handbedruckt in Hamburg, saugstark und eine originelle Geschenkidee f\u00fcr die K\u00fcche.","breadcrumb":{"@id":"https:\/\/Regalino-Shop.de\/?product=geschirrtuch-hummer-aus-baumwolle-handbedruckt-in-hamburg#breadcrumb"},"inLanguage":"de","potentialAction":[{"@type":"ReadAction","target":["https:\/\/Regalino-Shop.de\/?product=geschirrtuch-hummer-aus-baumwolle-handbedruckt-in-hamburg"]}]},{"@type":"ImageObject","inLanguage":"de","@id":"https:\/\/Regalino-Shop.de\/?product=geschirrtuch-hummer-aus-baumwolle-handbedruckt-in-hamburg#primaryimage","url":"https:\/\/Regalino-Shop.de\/wp-content\/uploads\/2026\/03\/hummer-geschirrtuch-Baumwolle.jpg","contentUrl":"https:\/\/Regalino-Shop.de\/wp-content\/uploads\/2026\/03\/hummer-geschirrtuch-Baumwolle.jpg","width":746,"height":1000,"caption":"Geschirrtuch aus Baumwolle mit rotem Vintage-Hummer Siebdruck"},{"@type":"BreadcrumbList","@id":"https:\/\/Regalino-Shop.de\/?product=geschirrtuch-hummer-aus-baumwolle-handbedruckt-in-hamburg#breadcrumb","itemListElement":[{"@type":"ListItem","position":1,"name":"Startseite","item":"https:\/\/Regalino-Shop.de\/"},{"@type":"ListItem","position":2,"name":"Shop","item":"https:\/\/Regalino-Shop.de\/?page_id=40"},{"@type":"ListItem","position":3,"name":"Geschirrtuch mit rotem Hummer aus Baumwolle \u2013 handbedruckt"}]},{"@type":"WebSite","@id":"https:\/\/Regalino-Shop.de\/#website","url":"https:\/\/Regalino-Shop.de\/","name":"Regalino -Lively Style","description":"gelebtes Zuhause","potentialAction":[{"@type":"SearchAction","target":{"@type":"EntryPoint","urlTemplate":"https:\/\/Regalino-Shop.de\/?s={search_term_string}"},"query-input":{"@type":"PropertyValueSpecification","valueRequired":true,"valueName":"search_term_string"}}],"inLanguage":"de"}]}},"_links":{"self":[{"href":"https:\/\/Regalino-Shop.de\/index.php?rest_route=\/wp\/v2\/product\/18435","targetHints":{"allow":["GET"]}}],"collection":[{"href":"https:\/\/Regalino-Shop.de\/index.php?rest_route=\/wp\/v2\/product"}],"about":[{"href":"https:\/\/Regalino-Shop.de\/index.php?rest_route=\/wp\/v2\/types\/product"}],"wp:featuredmedia":[{"embeddable":true,"href":"https:\/\/Regalino-Shop.de\/index.php?rest_route=\/wp\/v2\/media\/18437"}],"wp:attachment":[{"href":"https:\/\/Regalino-Shop.de\/index.php?rest_route=%2Fwp%2Fv2%2Fmedia&parent=18435"}],"wp:term":[{"taxonomy":"product_brand","embeddable":true,"href":"https:\/\/Regalino-Shop.de\/index.php?rest_route=%2Fwp%2Fv2%2Fproduct_brand&post=18435"},{"taxonomy":"product_cat","embeddable":true,"href":"https:\/\/Regalino-Shop.de\/index.php?rest_route=%2Fwp%2Fv2%2Fproduct_cat&post=18435"},{"taxonomy":"product_tag","embeddable":true,"href":"https:\/\/Regalino-Shop.de\/index.php?rest_route=%2Fwp%2Fv2%2Fproduct_tag&post=18435"}],"curies":[{"name":"wp","href":"https:\/\/api.w.org\/{rel}","templated":true}]}}