{"id":18439,"date":"2026-03-22T10:07:45","date_gmt":"2026-03-22T10:07:45","guid":{"rendered":"https:\/\/Regalino-Shop.de\/?post_type=product&#038;p=18439"},"modified":"2026-05-08T12:59:43","modified_gmt":"2026-05-08T12:59:43","slug":"bioloco-explorer-cup-sunrise-edelstahl-to-go-becher-450-ml","status":"publish","type":"product","link":"https:\/\/Regalino-Shop.de\/?product=bioloco-explorer-cup-sunrise-edelstahl-to-go-becher-450-ml","title":{"rendered":"Thermobecher bioloco *explorer* sunrise"},"content":{"rendered":"","protected":false},"excerpt":{"rendered":"<section class=\"text-token-text-primary w-full focus:outline-none [--shadow-height:45px] has-data-writing-block:pointer-events-none has-data-writing-block:-mt-(--shadow-height) has-data-writing-block:pt-(--shadow-height) [&amp;:has([data-writing-block])&gt;*]:pointer-events-auto scroll-mt-[calc(var(--header-height)+min(200px,max(70px,20svh)))]\" dir=\"auto\" data-turn-id=\"request-WEB:332a1930-c8e6-4052-8060-4bb763895a02-4\" data-testid=\"conversation-turn-4\" data-scroll-anchor=\"false\" data-turn=\"assistant\">\n<div class=\"text-base my-auto mx-auto [--thread-content-margin:var(--thread-content-margin-xs,calc(var(--spacing)*4))] @w-sm\/main:[--thread-content-margin:var(--thread-content-margin-sm,calc(var(--spacing)*6))] @w-lg\/main:[--thread-content-margin:var(--thread-content-margin-lg,calc(var(--spacing)*16))] px-(--thread-content-margin)\">\n<div class=\"[--thread-content-max-width:40rem] @w-lg\/main:[--thread-content-max-width:48rem] mx-auto max-w-(--thread-content-max-width) flex-1 group\/turn-messages focus-visible:outline-hidden relative flex w-full min-w-0 flex-col agent-turn\">\n<div class=\"flex max-w-full flex-col gap-4 grow\">\n<div class=\"min-h-8 text-message relative flex w-full flex-col items-end gap-2 text-start break-words whitespace-normal outline-none keyboard-focused:focus-ring [.text-message+&amp;]:mt-1\" dir=\"auto\" data-message-author-role=\"assistant\" data-message-id=\"9a970584-0792-45e8-8791-ee99fc30a25f\" data-message-model-slug=\"gpt-5-3\">\n<div class=\"flex w-full flex-col gap-1 empty:hidden\">\n<div class=\"markdown prose dark:prose-invert w-full wrap-break-word light markdown-new-styling\">\n<h3 data-start=\"100\" data-end=\"507\">Der bioloco explorer cup \u201eSunrise\u201c<\/h3>\n<p data-start=\"100\" data-end=\"507\">ist der perfekte Begleiter f\u00fcr unterwegs. Der doppelwandige Becher aus recyceltem Edelstahl h\u00e4lt Getr\u00e4nke angenehm temperiert und liegt dank seines schlichten Designs wunderbar in der Hand. Der praktische Deckel mit Trink\u00f6ffnung macht ihn ideal f\u00fcr Kaffee, Tee oder andere Lieblingsgetr\u00e4nke \u2013 ob auf dem Weg zur Arbeit, beim Spaziergang oder auf Reisen.<\/p>\n<p data-start=\"509\" data-end=\"658\">Nachhaltig, robust und stilvoll zugleich: Mit seinem warmen Farbton \u201eSunrise\u201c bringt der Explorer Cup eine moderne, nat\u00fcrliche Note in deinen Alltag.<\/p>\n<hr data-start=\"660\" data-end=\"663\" \/>\n<p data-start=\"665\" data-end=\"676\"><strong data-start=\"665\" data-end=\"676\">Details<\/strong><\/p>\n<ul data-start=\"678\" data-end=\"899\">\n<li data-section-id=\"1xclww9\" data-start=\"678\" data-end=\"712\">bioloco explorer cup \u201eSunrise\u201c<\/li>\n<li data-section-id=\"kozbpe\" data-start=\"713\" data-end=\"763\">Doppelwandiger Becher aus recyceltem Edelstahl<\/li>\n<li data-section-id=\"14gubkc\" data-start=\"764\" data-end=\"803\">Praktischer Deckel mit Trink\u00f6ffnung<\/li>\n<li data-section-id=\"1g360qk\" data-start=\"804\" data-end=\"832\">Fassungsverm\u00f6gen: 450 ml<\/li>\n<li data-section-id=\"120tqvr\" data-start=\"833\" data-end=\"875\">Robust, langlebig und wiederverwendbar<\/li>\n<li data-section-id=\"kdoyez\" data-start=\"876\" data-end=\"899\">Ideal f\u00fcr unterwegs<\/li>\n<\/ul>\n<hr data-start=\"901\" data-end=\"904\" \/>\n<p data-start=\"906\" data-end=\"916\"><strong data-start=\"906\" data-end=\"916\">Pflege<\/strong><\/p>\n<p data-start=\"918\" data-end=\"986\">Handw\u00e4sche empfohlen, um Material und Farbe langfristig zu erhalten.<\/p>\n<hr data-start=\"988\" data-end=\"991\" \/>\n<p data-start=\"993\" data-end=\"1021\"><strong data-start=\"993\" data-end=\"1021\">\ud83e\udd0d Regalino Styling-Tipp<\/strong><\/p>\n<p data-start=\"1023\" data-end=\"1239\">Perfekt f\u00fcr unterwegs \u2013 ob beim Spaziergang, auf dem Weg ins B\u00fcro oder beim Picknick. Besonders sch\u00f6n kombiniert mit einer Leinentasche, einem Picknickkorb oder deiner Lieblingsdecke f\u00fcr entspannte Auszeiten drau\u00dfen.<\/p>\n<p data-start=\"1023\" data-end=\"1239\">Lieferumfang: 1 Becher<\/p>\n<\/div>\n<\/div>\n<\/div>\n<\/div>\n<\/div>\n<\/div>\n<\/section>\n","protected":false},"featured_media":18440,"template":"","meta":{"_et_pb_use_builder":"","_et_pb_old_content":"","_et_gb_content_width":""},"product_brand":[1857],"product_cat":[3068,3067,82],"product_tag":[2836,2834,2842,2839,2841,2838,2837,1986,2835,2840],"class_list":{"0":"post-18439","1":"product","2":"type-product","3":"status-publish","4":"has-post-thumbnail","6":"product_brand-chic-mic","7":"product_cat-geschenke-fuer-herzensmenschen-liebevolle-geschenkideen-bei-regalino","8":"product_cat-herzensgeschenke","9":"product_cat-unterwegs-picknick-praktische-lieblingsstuecke-regalino","10":"product_tag-bioloco-becher","11":"product_tag-bioloco-explorer-cup","12":"product_tag-bioloco-sunrise","13":"product_tag-edelstahl-becher-mit-deckel","14":"product_tag-explorer-cup-450-ml","15":"product_tag-kaffeebecher-unterwegs","16":"product_tag-nachhaltiger-kaffeebecher","17":"product_tag-regalino","18":"product_tag-to-go-becher-edelstahl","19":"product_tag-wiederverwendbarer-kaffeebecher","21":"first","22":"instock","23":"taxable","24":"shipping-taxable","25":"purchasable","26":"product-type-simple"},"yoast_head":"<!-- This site is optimized with the Yoast SEO plugin v27.5 - https:\/\/yoast.com\/product\/yoast-seo-wordpress\/ -->\n<title>Thermobecher bioloco *explorer* sunrise - Regalino -Lively Style<\/title>\n<meta name=\"description\" content=\"bioloco Explorer Cup Sunrise aus recyceltem Edelstahl. Doppelwandiger To-Go Becher mit Deckel und 450 ml Fassungsverm\u00f6gen \u2013 nachhaltig und perfekt f\u00fcr unterwegs\" \/>\n<meta name=\"robots\" content=\"index, follow, max-snippet:-1, max-image-preview:large, max-video-preview:-1\" \/>\n<link rel=\"canonical\" href=\"https:\/\/Regalino-Shop.de\/?product=bioloco-explorer-cup-sunrise-edelstahl-to-go-becher-450-ml\" \/>\n<meta property=\"og:locale\" content=\"de_DE\" \/>\n<meta property=\"og:type\" content=\"article\" \/>\n<meta property=\"og:title\" content=\"Thermobecher bioloco *explorer* sunrise - Regalino -Lively Style\" \/>\n<meta property=\"og:description\" content=\"bioloco Explorer Cup Sunrise aus recyceltem Edelstahl. Doppelwandiger To-Go Becher mit Deckel und 450 ml Fassungsverm\u00f6gen \u2013 nachhaltig und perfekt f\u00fcr unterwegs\" \/>\n<meta property=\"og:url\" content=\"https:\/\/Regalino-Shop.de\/?product=bioloco-explorer-cup-sunrise-edelstahl-to-go-becher-450-ml\" \/>\n<meta property=\"og:site_name\" content=\"Regalino -Lively Style\" \/>\n<meta property=\"article:modified_time\" content=\"2026-05-08T12:59:43+00:00\" \/>\n<meta property=\"og:image\" content=\"https:\/\/Regalino-Shop.de\/wp-content\/uploads\/2026\/03\/chicmic-bioloco-explorer-becher-sunrise.webp.jpg\" \/>\n\t<meta property=\"og:image:width\" content=\"512\" \/>\n\t<meta property=\"og:image:height\" content=\"463\" \/>\n\t<meta property=\"og:image:type\" content=\"image\/jpeg\" \/>\n<meta name=\"twitter:card\" content=\"summary_large_image\" \/>\n<meta name=\"twitter:label1\" content=\"Gesch\u00e4tzte Lesezeit\" \/>\n\t<meta name=\"twitter:data1\" content=\"1\u00a0Minute\" \/>\n<script type=\"application\/ld+json\" class=\"yoast-schema-graph\">{\"@context\":\"https:\\\/\\\/schema.org\",\"@graph\":[{\"@type\":\"WebPage\",\"@id\":\"https:\\\/\\\/Regalino-Shop.de\\\/?product=bioloco-explorer-cup-sunrise-edelstahl-to-go-becher-450-ml\",\"url\":\"https:\\\/\\\/Regalino-Shop.de\\\/?product=bioloco-explorer-cup-sunrise-edelstahl-to-go-becher-450-ml\",\"name\":\"Thermobecher bioloco *explorer* sunrise - Regalino -Lively Style\",\"isPartOf\":{\"@id\":\"https:\\\/\\\/Regalino-Shop.de\\\/#website\"},\"primaryImageOfPage\":{\"@id\":\"https:\\\/\\\/Regalino-Shop.de\\\/?product=bioloco-explorer-cup-sunrise-edelstahl-to-go-becher-450-ml#primaryimage\"},\"image\":{\"@id\":\"https:\\\/\\\/Regalino-Shop.de\\\/?product=bioloco-explorer-cup-sunrise-edelstahl-to-go-becher-450-ml#primaryimage\"},\"thumbnailUrl\":\"https:\\\/\\\/Regalino-Shop.de\\\/wp-content\\\/uploads\\\/2026\\\/03\\\/chicmic-bioloco-explorer-becher-sunrise.webp.jpg\",\"datePublished\":\"2026-03-22T10:07:45+00:00\",\"dateModified\":\"2026-05-08T12:59:43+00:00\",\"description\":\"bioloco Explorer Cup Sunrise aus recyceltem Edelstahl. Doppelwandiger To-Go Becher mit Deckel und 450 ml Fassungsverm\u00f6gen \u2013 nachhaltig und perfekt f\u00fcr unterwegs\",\"breadcrumb\":{\"@id\":\"https:\\\/\\\/Regalino-Shop.de\\\/?product=bioloco-explorer-cup-sunrise-edelstahl-to-go-becher-450-ml#breadcrumb\"},\"inLanguage\":\"de\",\"potentialAction\":[{\"@type\":\"ReadAction\",\"target\":[\"https:\\\/\\\/Regalino-Shop.de\\\/?product=bioloco-explorer-cup-sunrise-edelstahl-to-go-becher-450-ml\"]}]},{\"@type\":\"ImageObject\",\"inLanguage\":\"de\",\"@id\":\"https:\\\/\\\/Regalino-Shop.de\\\/?product=bioloco-explorer-cup-sunrise-edelstahl-to-go-becher-450-ml#primaryimage\",\"url\":\"https:\\\/\\\/Regalino-Shop.de\\\/wp-content\\\/uploads\\\/2026\\\/03\\\/chicmic-bioloco-explorer-becher-sunrise.webp.jpg\",\"contentUrl\":\"https:\\\/\\\/Regalino-Shop.de\\\/wp-content\\\/uploads\\\/2026\\\/03\\\/chicmic-bioloco-explorer-becher-sunrise.webp.jpg\",\"width\":512,\"height\":463,\"caption\":\"bioloco explorer cup sunrise aus recyceltem Edelstahl mit Deckel\"},{\"@type\":\"BreadcrumbList\",\"@id\":\"https:\\\/\\\/Regalino-Shop.de\\\/?product=bioloco-explorer-cup-sunrise-edelstahl-to-go-becher-450-ml#breadcrumb\",\"itemListElement\":[{\"@type\":\"ListItem\",\"position\":1,\"name\":\"Startseite\",\"item\":\"https:\\\/\\\/Regalino-Shop.de\\\/\"},{\"@type\":\"ListItem\",\"position\":2,\"name\":\"Shop\",\"item\":\"https:\\\/\\\/Regalino-Shop.de\\\/?page_id=40\"},{\"@type\":\"ListItem\",\"position\":3,\"name\":\"Thermobecher bioloco *explorer* sunrise\"}]},{\"@type\":\"WebSite\",\"@id\":\"https:\\\/\\\/Regalino-Shop.de\\\/#website\",\"url\":\"https:\\\/\\\/Regalino-Shop.de\\\/\",\"name\":\"Regalino -Lively Style\",\"description\":\"gelebtes Zuhause\",\"potentialAction\":[{\"@type\":\"SearchAction\",\"target\":{\"@type\":\"EntryPoint\",\"urlTemplate\":\"https:\\\/\\\/Regalino-Shop.de\\\/?s={search_term_string}\"},\"query-input\":{\"@type\":\"PropertyValueSpecification\",\"valueRequired\":true,\"valueName\":\"search_term_string\"}}],\"inLanguage\":\"de\"}]}<\/script>\n<!-- \/ Yoast SEO plugin. -->","yoast_head_json":{"title":"Thermobecher bioloco *explorer* sunrise - Regalino -Lively Style","description":"bioloco Explorer Cup Sunrise aus recyceltem Edelstahl. Doppelwandiger To-Go Becher mit Deckel und 450 ml Fassungsverm\u00f6gen \u2013 nachhaltig und perfekt f\u00fcr unterwegs","robots":{"index":"index","follow":"follow","max-snippet":"max-snippet:-1","max-image-preview":"max-image-preview:large","max-video-preview":"max-video-preview:-1"},"canonical":"https:\/\/Regalino-Shop.de\/?product=bioloco-explorer-cup-sunrise-edelstahl-to-go-becher-450-ml","og_locale":"de_DE","og_type":"article","og_title":"Thermobecher bioloco *explorer* sunrise - Regalino -Lively Style","og_description":"bioloco Explorer Cup Sunrise aus recyceltem Edelstahl. Doppelwandiger To-Go Becher mit Deckel und 450 ml Fassungsverm\u00f6gen \u2013 nachhaltig und perfekt f\u00fcr unterwegs","og_url":"https:\/\/Regalino-Shop.de\/?product=bioloco-explorer-cup-sunrise-edelstahl-to-go-becher-450-ml","og_site_name":"Regalino -Lively Style","article_modified_time":"2026-05-08T12:59:43+00:00","og_image":[{"width":512,"height":463,"url":"https:\/\/Regalino-Shop.de\/wp-content\/uploads\/2026\/03\/chicmic-bioloco-explorer-becher-sunrise.webp.jpg","type":"image\/jpeg"}],"twitter_card":"summary_large_image","twitter_misc":{"Gesch\u00e4tzte Lesezeit":"1\u00a0Minute"},"schema":{"@context":"https:\/\/schema.org","@graph":[{"@type":"WebPage","@id":"https:\/\/Regalino-Shop.de\/?product=bioloco-explorer-cup-sunrise-edelstahl-to-go-becher-450-ml","url":"https:\/\/Regalino-Shop.de\/?product=bioloco-explorer-cup-sunrise-edelstahl-to-go-becher-450-ml","name":"Thermobecher bioloco *explorer* sunrise - Regalino -Lively Style","isPartOf":{"@id":"https:\/\/Regalino-Shop.de\/#website"},"primaryImageOfPage":{"@id":"https:\/\/Regalino-Shop.de\/?product=bioloco-explorer-cup-sunrise-edelstahl-to-go-becher-450-ml#primaryimage"},"image":{"@id":"https:\/\/Regalino-Shop.de\/?product=bioloco-explorer-cup-sunrise-edelstahl-to-go-becher-450-ml#primaryimage"},"thumbnailUrl":"https:\/\/Regalino-Shop.de\/wp-content\/uploads\/2026\/03\/chicmic-bioloco-explorer-becher-sunrise.webp.jpg","datePublished":"2026-03-22T10:07:45+00:00","dateModified":"2026-05-08T12:59:43+00:00","description":"bioloco Explorer Cup Sunrise aus recyceltem Edelstahl. Doppelwandiger To-Go Becher mit Deckel und 450 ml Fassungsverm\u00f6gen \u2013 nachhaltig und perfekt f\u00fcr unterwegs","breadcrumb":{"@id":"https:\/\/Regalino-Shop.de\/?product=bioloco-explorer-cup-sunrise-edelstahl-to-go-becher-450-ml#breadcrumb"},"inLanguage":"de","potentialAction":[{"@type":"ReadAction","target":["https:\/\/Regalino-Shop.de\/?product=bioloco-explorer-cup-sunrise-edelstahl-to-go-becher-450-ml"]}]},{"@type":"ImageObject","inLanguage":"de","@id":"https:\/\/Regalino-Shop.de\/?product=bioloco-explorer-cup-sunrise-edelstahl-to-go-becher-450-ml#primaryimage","url":"https:\/\/Regalino-Shop.de\/wp-content\/uploads\/2026\/03\/chicmic-bioloco-explorer-becher-sunrise.webp.jpg","contentUrl":"https:\/\/Regalino-Shop.de\/wp-content\/uploads\/2026\/03\/chicmic-bioloco-explorer-becher-sunrise.webp.jpg","width":512,"height":463,"caption":"bioloco explorer cup sunrise aus recyceltem Edelstahl mit Deckel"},{"@type":"BreadcrumbList","@id":"https:\/\/Regalino-Shop.de\/?product=bioloco-explorer-cup-sunrise-edelstahl-to-go-becher-450-ml#breadcrumb","itemListElement":[{"@type":"ListItem","position":1,"name":"Startseite","item":"https:\/\/Regalino-Shop.de\/"},{"@type":"ListItem","position":2,"name":"Shop","item":"https:\/\/Regalino-Shop.de\/?page_id=40"},{"@type":"ListItem","position":3,"name":"Thermobecher bioloco *explorer* sunrise"}]},{"@type":"WebSite","@id":"https:\/\/Regalino-Shop.de\/#website","url":"https:\/\/Regalino-Shop.de\/","name":"Regalino -Lively Style","description":"gelebtes Zuhause","potentialAction":[{"@type":"SearchAction","target":{"@type":"EntryPoint","urlTemplate":"https:\/\/Regalino-Shop.de\/?s={search_term_string}"},"query-input":{"@type":"PropertyValueSpecification","valueRequired":true,"valueName":"search_term_string"}}],"inLanguage":"de"}]}},"_links":{"self":[{"href":"https:\/\/Regalino-Shop.de\/index.php?rest_route=\/wp\/v2\/product\/18439","targetHints":{"allow":["GET"]}}],"collection":[{"href":"https:\/\/Regalino-Shop.de\/index.php?rest_route=\/wp\/v2\/product"}],"about":[{"href":"https:\/\/Regalino-Shop.de\/index.php?rest_route=\/wp\/v2\/types\/product"}],"wp:featuredmedia":[{"embeddable":true,"href":"https:\/\/Regalino-Shop.de\/index.php?rest_route=\/wp\/v2\/media\/18440"}],"wp:attachment":[{"href":"https:\/\/Regalino-Shop.de\/index.php?rest_route=%2Fwp%2Fv2%2Fmedia&parent=18439"}],"wp:term":[{"taxonomy":"product_brand","embeddable":true,"href":"https:\/\/Regalino-Shop.de\/index.php?rest_route=%2Fwp%2Fv2%2Fproduct_brand&post=18439"},{"taxonomy":"product_cat","embeddable":true,"href":"https:\/\/Regalino-Shop.de\/index.php?rest_route=%2Fwp%2Fv2%2Fproduct_cat&post=18439"},{"taxonomy":"product_tag","embeddable":true,"href":"https:\/\/Regalino-Shop.de\/index.php?rest_route=%2Fwp%2Fv2%2Fproduct_tag&post=18439"}],"curies":[{"name":"wp","href":"https:\/\/api.w.org\/{rel}","templated":true}]}}