{"id":18441,"date":"2026-03-22T10:22:21","date_gmt":"2026-03-22T10:22:21","guid":{"rendered":"https:\/\/Regalino-Shop.de\/?post_type=product&#038;p=18441"},"modified":"2026-04-22T13:10:10","modified_gmt":"2026-04-22T13:10:10","slug":"bioloco-loop-bottle-edelstahl-thermoflasche-500-ml-mit-holzdeckel","status":"publish","type":"product","link":"https:\/\/Regalino-Shop.de\/?product=bioloco-loop-bottle-edelstahl-thermoflasche-500-ml-mit-holzdeckel","title":{"rendered":"Bioloco Loop Bottle Edelstahl \u2013 Thermoflasche 500 ml mit Holzdeckel"},"content":{"rendered":"","protected":false},"excerpt":{"rendered":"<section class=\"text-token-text-primary w-full focus:outline-none [--shadow-height:45px] has-data-writing-block:pointer-events-none has-data-writing-block:-mt-(--shadow-height) has-data-writing-block:pt-(--shadow-height) [&amp;:has([data-writing-block])&gt;*]:pointer-events-auto scroll-mt-[calc(var(--header-height)+min(200px,max(70px,20svh)))]\" dir=\"auto\" data-turn-id=\"request-WEB:332a1930-c8e6-4052-8060-4bb763895a02-4\" data-testid=\"conversation-turn-4\" data-scroll-anchor=\"false\" data-turn=\"assistant\">\n<div class=\"text-base my-auto mx-auto [--thread-content-margin:var(--thread-content-margin-xs,calc(var(--spacing)*4))] @w-sm\/main:[--thread-content-margin:var(--thread-content-margin-sm,calc(var(--spacing)*6))] @w-lg\/main:[--thread-content-margin:var(--thread-content-margin-lg,calc(var(--spacing)*16))] px-(--thread-content-margin)\">\n<div class=\"[--thread-content-max-width:40rem] @w-lg\/main:[--thread-content-max-width:48rem] mx-auto max-w-(--thread-content-max-width) flex-1 group\/turn-messages focus-visible:outline-hidden relative flex w-full min-w-0 flex-col agent-turn\">\n<div class=\"flex max-w-full flex-col gap-4 grow\">\n<div class=\"min-h-8 text-message relative flex w-full flex-col items-end gap-2 text-start break-words whitespace-normal outline-none keyboard-focused:focus-ring [.text-message+&amp;]:mt-1\" dir=\"auto\" data-message-author-role=\"assistant\" data-message-id=\"9a970584-0792-45e8-8791-ee99fc30a25f\" data-message-model-slug=\"gpt-5-3\">\n<div class=\"flex w-full flex-col gap-1 empty:hidden\">\n<div class=\"markdown prose dark:prose-invert w-full wrap-break-word light markdown-new-styling\">\n<h3 data-start=\"0\" data-end=\"428\">Bioloco Edelstahl Loop Bottle<\/h3>\n<p data-start=\"0\" data-end=\"428\">vereint minimalistisches Design mit funktionaler Nachhaltigkeit. Dank der doppelwandigen Edelstahl-Vakuumtechnik h\u00e4lt sie Getr\u00e4nke bis zu <strong data-start=\"191\" data-end=\"210\">18 Stunden warm<\/strong> und bis zu <strong data-start=\"222\" data-end=\"241\">12 Stunden kalt<\/strong> \u2013 ideal f\u00fcr den Alltag, unterwegs oder auf Reisen. Der elegante Look wird durch einen <strong data-start=\"328\" data-end=\"368\">Deckel aus Echtholz mit Silikongriff<\/strong> erg\u00e4nzt, der gleichzeitig als praktische Tragelasche dient.<\/p>\n<p data-start=\"430\" data-end=\"567\">Die hochwertige Trinkflasche ist frei von BPA, Toxinen und Phthalaten und damit eine stilvolle, langlebige Alternative zu Einwegflaschen.<\/p>\n<hr data-start=\"569\" data-end=\"572\" \/>\n<p data-start=\"574\" data-end=\"585\"><strong data-start=\"574\" data-end=\"585\">Details<\/strong><\/p>\n<ul data-start=\"587\" data-end=\"918\">\n<li data-section-id=\"1qh7vv5\" data-start=\"587\" data-end=\"620\">bioloco Edelstahl Loop Bottle<\/li>\n<li data-section-id=\"1quaq46\" data-start=\"621\" data-end=\"673\">Doppelwandige Edelstahlflasche mit Vakuumtechnik<\/li>\n<li data-section-id=\"10o7mhk\" data-start=\"674\" data-end=\"714\">H\u00e4lt Getr\u00e4nke bis zu 18 Stunden warm<\/li>\n<li data-section-id=\"8ndhxl\" data-start=\"715\" data-end=\"755\">H\u00e4lt Getr\u00e4nke bis zu 12 Stunden kalt<\/li>\n<li data-section-id=\"1a9d887\" data-start=\"756\" data-end=\"810\">Deckel aus Echtholz mit Silikongriff \/ Tragelasche<\/li>\n<li data-section-id=\"zq3qwv\" data-start=\"811\" data-end=\"851\">Frei von BPA, Toxinen und Phthalaten<\/li>\n<li data-section-id=\"1yxborc\" data-start=\"852\" data-end=\"880\">Fassungsverm\u00f6gen: 500 ml<\/li>\n<li data-section-id=\"1hklv1x\" data-start=\"881\" data-end=\"918\">Modernes, minimalistisches Design<\/li>\n<\/ul>\n<hr data-start=\"920\" data-end=\"923\" \/>\n<p data-start=\"925\" data-end=\"935\"><strong data-start=\"925\" data-end=\"935\">Pflege<\/strong><\/p>\n<p data-start=\"937\" data-end=\"1025\">Nicht sp\u00fclmaschinengeeignet.<br data-start=\"965\" data-end=\"968\" \/>F\u00fcr eine lange Lebensdauer wird <strong data-start=\"1000\" data-end=\"1014\">Handw\u00e4sche<\/strong> empfohlen.<\/p>\n<hr data-start=\"1027\" data-end=\"1030\" \/>\n<p data-start=\"1032\" data-end=\"1060\"><strong data-start=\"1032\" data-end=\"1060\">\ud83e\udd0d Regalino Styling-Tipp<\/strong><\/p>\n<p data-start=\"1062\" data-end=\"1276\">Perfekt f\u00fcr unterwegs \u2013 ob beim Spaziergang, im B\u00fcro oder beim Picknick. Besonders sch\u00f6n wirkt die Loop Bottle kombiniert mit nat\u00fcrlichen Materialien wie Leinen, Holz oder einer Picknickdecke aus unserem Sortiment.<\/p>\n<p data-start=\"1023\" data-end=\"1239\">Lieferumfang: 1 Trinkflasche<\/p>\n<\/div>\n<\/div>\n<\/div>\n<\/div>\n<\/div>\n<\/div>\n<\/section>\n","protected":false},"featured_media":18442,"template":"","meta":{"_et_pb_use_builder":"","_et_pb_old_content":"","_et_gb_content_width":""},"product_brand":[1857],"product_cat":[82],"product_tag":[2846,2845,2843,2847,2851,2844,2848,2849,2850],"class_list":{"0":"post-18441","1":"product","2":"type-product","3":"status-publish","4":"has-post-thumbnail","6":"product_brand-chic-mic","7":"product_cat-unterwegs-picknick-praktische-lieblingsstuecke-regalino","8":"product_tag-bioloco-flasche","9":"product_tag-edelstahl-trinkflasche-500-ml","10":"product_tag-keywords-bioloco-loop-bottle","11":"product_tag-nachhaltige-trinkflasche","12":"product_tag-regalino-flasche","13":"product_tag-thermoflasche-edelstahl","14":"product_tag-thermosflasche-mit-holzdeckel","15":"product_tag-trinkflasche-unterwegs","16":"product_tag-vakuumflasche-edelstahl","18":"first","19":"instock","20":"taxable","21":"shipping-taxable","22":"purchasable","23":"product-type-simple"},"yoast_head":"<!-- This site is optimized with the Yoast SEO plugin v27.5 - https:\/\/yoast.com\/product\/yoast-seo-wordpress\/ -->\n<title>Bioloco Loop Bottle Edelstahl \u2013 Thermoflasche 500 ml mit Holzdeckel - Regalino -Lively Style<\/title>\n<meta name=\"description\" content=\"bioloco Loop Bottle aus Edelstahl mit Holzdeckel. Doppelwandige Thermoflasche h\u00e4lt Getr\u00e4nke 18 h warm und 12 h kalt. Nachhaltig, BPA-frei und stilvoll f\u00fcr unterwegs.\" \/>\n<meta name=\"robots\" content=\"index, follow, max-snippet:-1, max-image-preview:large, max-video-preview:-1\" \/>\n<link rel=\"canonical\" href=\"https:\/\/Regalino-Shop.de\/?product=bioloco-loop-bottle-edelstahl-thermoflasche-500-ml-mit-holzdeckel\" \/>\n<meta property=\"og:locale\" content=\"de_DE\" \/>\n<meta property=\"og:type\" content=\"article\" \/>\n<meta property=\"og:title\" content=\"Bioloco Loop Bottle Edelstahl \u2013 Thermoflasche 500 ml mit Holzdeckel - Regalino -Lively Style\" \/>\n<meta property=\"og:description\" content=\"bioloco Loop Bottle aus Edelstahl mit Holzdeckel. Doppelwandige Thermoflasche h\u00e4lt Getr\u00e4nke 18 h warm und 12 h kalt. Nachhaltig, BPA-frei und stilvoll f\u00fcr unterwegs.\" \/>\n<meta property=\"og:url\" content=\"https:\/\/Regalino-Shop.de\/?product=bioloco-loop-bottle-edelstahl-thermoflasche-500-ml-mit-holzdeckel\" \/>\n<meta property=\"og:site_name\" content=\"Regalino -Lively Style\" \/>\n<meta property=\"article:modified_time\" content=\"2026-04-22T13:10:10+00:00\" \/>\n<meta property=\"og:image\" content=\"https:\/\/Regalino-Shop.de\/wp-content\/uploads\/2026\/03\/chicmic-loop_Trinkflasche_wild-Flowers.webp.jpg\" \/>\n\t<meta property=\"og:image:width\" content=\"831\" \/>\n\t<meta property=\"og:image:height\" content=\"858\" \/>\n\t<meta property=\"og:image:type\" content=\"image\/jpeg\" \/>\n<meta name=\"twitter:card\" content=\"summary_large_image\" \/>\n<meta name=\"twitter:label1\" content=\"Gesch\u00e4tzte Lesezeit\" \/>\n\t<meta name=\"twitter:data1\" content=\"1\u00a0Minute\" \/>\n<script type=\"application\/ld+json\" class=\"yoast-schema-graph\">{\"@context\":\"https:\\\/\\\/schema.org\",\"@graph\":[{\"@type\":\"WebPage\",\"@id\":\"https:\\\/\\\/Regalino-Shop.de\\\/?product=bioloco-loop-bottle-edelstahl-thermoflasche-500-ml-mit-holzdeckel\",\"url\":\"https:\\\/\\\/Regalino-Shop.de\\\/?product=bioloco-loop-bottle-edelstahl-thermoflasche-500-ml-mit-holzdeckel\",\"name\":\"Bioloco Loop Bottle Edelstahl \u2013 Thermoflasche 500 ml mit Holzdeckel - Regalino -Lively Style\",\"isPartOf\":{\"@id\":\"https:\\\/\\\/Regalino-Shop.de\\\/#website\"},\"primaryImageOfPage\":{\"@id\":\"https:\\\/\\\/Regalino-Shop.de\\\/?product=bioloco-loop-bottle-edelstahl-thermoflasche-500-ml-mit-holzdeckel#primaryimage\"},\"image\":{\"@id\":\"https:\\\/\\\/Regalino-Shop.de\\\/?product=bioloco-loop-bottle-edelstahl-thermoflasche-500-ml-mit-holzdeckel#primaryimage\"},\"thumbnailUrl\":\"https:\\\/\\\/Regalino-Shop.de\\\/wp-content\\\/uploads\\\/2026\\\/03\\\/chicmic-loop_Trinkflasche_wild-Flowers.webp.jpg\",\"datePublished\":\"2026-03-22T10:22:21+00:00\",\"dateModified\":\"2026-04-22T13:10:10+00:00\",\"description\":\"bioloco Loop Bottle aus Edelstahl mit Holzdeckel. Doppelwandige Thermoflasche h\u00e4lt Getr\u00e4nke 18 h warm und 12 h kalt. Nachhaltig, BPA-frei und stilvoll f\u00fcr unterwegs.\",\"breadcrumb\":{\"@id\":\"https:\\\/\\\/Regalino-Shop.de\\\/?product=bioloco-loop-bottle-edelstahl-thermoflasche-500-ml-mit-holzdeckel#breadcrumb\"},\"inLanguage\":\"de\",\"potentialAction\":[{\"@type\":\"ReadAction\",\"target\":[\"https:\\\/\\\/Regalino-Shop.de\\\/?product=bioloco-loop-bottle-edelstahl-thermoflasche-500-ml-mit-holzdeckel\"]}]},{\"@type\":\"ImageObject\",\"inLanguage\":\"de\",\"@id\":\"https:\\\/\\\/Regalino-Shop.de\\\/?product=bioloco-loop-bottle-edelstahl-thermoflasche-500-ml-mit-holzdeckel#primaryimage\",\"url\":\"https:\\\/\\\/Regalino-Shop.de\\\/wp-content\\\/uploads\\\/2026\\\/03\\\/chicmic-loop_Trinkflasche_wild-Flowers.webp.jpg\",\"contentUrl\":\"https:\\\/\\\/Regalino-Shop.de\\\/wp-content\\\/uploads\\\/2026\\\/03\\\/chicmic-loop_Trinkflasche_wild-Flowers.webp.jpg\",\"width\":831,\"height\":858,\"caption\":\"bioloco loop bottle edelstahl thermoflasche mit holzdeckel 500 ml\"},{\"@type\":\"BreadcrumbList\",\"@id\":\"https:\\\/\\\/Regalino-Shop.de\\\/?product=bioloco-loop-bottle-edelstahl-thermoflasche-500-ml-mit-holzdeckel#breadcrumb\",\"itemListElement\":[{\"@type\":\"ListItem\",\"position\":1,\"name\":\"Startseite\",\"item\":\"https:\\\/\\\/Regalino-Shop.de\\\/\"},{\"@type\":\"ListItem\",\"position\":2,\"name\":\"Shop\",\"item\":\"https:\\\/\\\/Regalino-Shop.de\\\/?page_id=40\"},{\"@type\":\"ListItem\",\"position\":3,\"name\":\"Bioloco Loop Bottle Edelstahl \u2013 Thermoflasche 500 ml mit Holzdeckel\"}]},{\"@type\":\"WebSite\",\"@id\":\"https:\\\/\\\/Regalino-Shop.de\\\/#website\",\"url\":\"https:\\\/\\\/Regalino-Shop.de\\\/\",\"name\":\"Regalino -Lively Style\",\"description\":\"gelebtes Zuhause\",\"potentialAction\":[{\"@type\":\"SearchAction\",\"target\":{\"@type\":\"EntryPoint\",\"urlTemplate\":\"https:\\\/\\\/Regalino-Shop.de\\\/?s={search_term_string}\"},\"query-input\":{\"@type\":\"PropertyValueSpecification\",\"valueRequired\":true,\"valueName\":\"search_term_string\"}}],\"inLanguage\":\"de\"}]}<\/script>\n<!-- \/ Yoast SEO plugin. -->","yoast_head_json":{"title":"Bioloco Loop Bottle Edelstahl \u2013 Thermoflasche 500 ml mit Holzdeckel - Regalino -Lively Style","description":"bioloco Loop Bottle aus Edelstahl mit Holzdeckel. Doppelwandige Thermoflasche h\u00e4lt Getr\u00e4nke 18 h warm und 12 h kalt. Nachhaltig, BPA-frei und stilvoll f\u00fcr unterwegs.","robots":{"index":"index","follow":"follow","max-snippet":"max-snippet:-1","max-image-preview":"max-image-preview:large","max-video-preview":"max-video-preview:-1"},"canonical":"https:\/\/Regalino-Shop.de\/?product=bioloco-loop-bottle-edelstahl-thermoflasche-500-ml-mit-holzdeckel","og_locale":"de_DE","og_type":"article","og_title":"Bioloco Loop Bottle Edelstahl \u2013 Thermoflasche 500 ml mit Holzdeckel - Regalino -Lively Style","og_description":"bioloco Loop Bottle aus Edelstahl mit Holzdeckel. Doppelwandige Thermoflasche h\u00e4lt Getr\u00e4nke 18 h warm und 12 h kalt. Nachhaltig, BPA-frei und stilvoll f\u00fcr unterwegs.","og_url":"https:\/\/Regalino-Shop.de\/?product=bioloco-loop-bottle-edelstahl-thermoflasche-500-ml-mit-holzdeckel","og_site_name":"Regalino -Lively Style","article_modified_time":"2026-04-22T13:10:10+00:00","og_image":[{"width":831,"height":858,"url":"https:\/\/Regalino-Shop.de\/wp-content\/uploads\/2026\/03\/chicmic-loop_Trinkflasche_wild-Flowers.webp.jpg","type":"image\/jpeg"}],"twitter_card":"summary_large_image","twitter_misc":{"Gesch\u00e4tzte Lesezeit":"1\u00a0Minute"},"schema":{"@context":"https:\/\/schema.org","@graph":[{"@type":"WebPage","@id":"https:\/\/Regalino-Shop.de\/?product=bioloco-loop-bottle-edelstahl-thermoflasche-500-ml-mit-holzdeckel","url":"https:\/\/Regalino-Shop.de\/?product=bioloco-loop-bottle-edelstahl-thermoflasche-500-ml-mit-holzdeckel","name":"Bioloco Loop Bottle Edelstahl \u2013 Thermoflasche 500 ml mit Holzdeckel - Regalino -Lively Style","isPartOf":{"@id":"https:\/\/Regalino-Shop.de\/#website"},"primaryImageOfPage":{"@id":"https:\/\/Regalino-Shop.de\/?product=bioloco-loop-bottle-edelstahl-thermoflasche-500-ml-mit-holzdeckel#primaryimage"},"image":{"@id":"https:\/\/Regalino-Shop.de\/?product=bioloco-loop-bottle-edelstahl-thermoflasche-500-ml-mit-holzdeckel#primaryimage"},"thumbnailUrl":"https:\/\/Regalino-Shop.de\/wp-content\/uploads\/2026\/03\/chicmic-loop_Trinkflasche_wild-Flowers.webp.jpg","datePublished":"2026-03-22T10:22:21+00:00","dateModified":"2026-04-22T13:10:10+00:00","description":"bioloco Loop Bottle aus Edelstahl mit Holzdeckel. Doppelwandige Thermoflasche h\u00e4lt Getr\u00e4nke 18 h warm und 12 h kalt. Nachhaltig, BPA-frei und stilvoll f\u00fcr unterwegs.","breadcrumb":{"@id":"https:\/\/Regalino-Shop.de\/?product=bioloco-loop-bottle-edelstahl-thermoflasche-500-ml-mit-holzdeckel#breadcrumb"},"inLanguage":"de","potentialAction":[{"@type":"ReadAction","target":["https:\/\/Regalino-Shop.de\/?product=bioloco-loop-bottle-edelstahl-thermoflasche-500-ml-mit-holzdeckel"]}]},{"@type":"ImageObject","inLanguage":"de","@id":"https:\/\/Regalino-Shop.de\/?product=bioloco-loop-bottle-edelstahl-thermoflasche-500-ml-mit-holzdeckel#primaryimage","url":"https:\/\/Regalino-Shop.de\/wp-content\/uploads\/2026\/03\/chicmic-loop_Trinkflasche_wild-Flowers.webp.jpg","contentUrl":"https:\/\/Regalino-Shop.de\/wp-content\/uploads\/2026\/03\/chicmic-loop_Trinkflasche_wild-Flowers.webp.jpg","width":831,"height":858,"caption":"bioloco loop bottle edelstahl thermoflasche mit holzdeckel 500 ml"},{"@type":"BreadcrumbList","@id":"https:\/\/Regalino-Shop.de\/?product=bioloco-loop-bottle-edelstahl-thermoflasche-500-ml-mit-holzdeckel#breadcrumb","itemListElement":[{"@type":"ListItem","position":1,"name":"Startseite","item":"https:\/\/Regalino-Shop.de\/"},{"@type":"ListItem","position":2,"name":"Shop","item":"https:\/\/Regalino-Shop.de\/?page_id=40"},{"@type":"ListItem","position":3,"name":"Bioloco Loop Bottle Edelstahl \u2013 Thermoflasche 500 ml mit Holzdeckel"}]},{"@type":"WebSite","@id":"https:\/\/Regalino-Shop.de\/#website","url":"https:\/\/Regalino-Shop.de\/","name":"Regalino -Lively Style","description":"gelebtes Zuhause","potentialAction":[{"@type":"SearchAction","target":{"@type":"EntryPoint","urlTemplate":"https:\/\/Regalino-Shop.de\/?s={search_term_string}"},"query-input":{"@type":"PropertyValueSpecification","valueRequired":true,"valueName":"search_term_string"}}],"inLanguage":"de"}]}},"_links":{"self":[{"href":"https:\/\/Regalino-Shop.de\/index.php?rest_route=\/wp\/v2\/product\/18441","targetHints":{"allow":["GET"]}}],"collection":[{"href":"https:\/\/Regalino-Shop.de\/index.php?rest_route=\/wp\/v2\/product"}],"about":[{"href":"https:\/\/Regalino-Shop.de\/index.php?rest_route=\/wp\/v2\/types\/product"}],"wp:featuredmedia":[{"embeddable":true,"href":"https:\/\/Regalino-Shop.de\/index.php?rest_route=\/wp\/v2\/media\/18442"}],"wp:attachment":[{"href":"https:\/\/Regalino-Shop.de\/index.php?rest_route=%2Fwp%2Fv2%2Fmedia&parent=18441"}],"wp:term":[{"taxonomy":"product_brand","embeddable":true,"href":"https:\/\/Regalino-Shop.de\/index.php?rest_route=%2Fwp%2Fv2%2Fproduct_brand&post=18441"},{"taxonomy":"product_cat","embeddable":true,"href":"https:\/\/Regalino-Shop.de\/index.php?rest_route=%2Fwp%2Fv2%2Fproduct_cat&post=18441"},{"taxonomy":"product_tag","embeddable":true,"href":"https:\/\/Regalino-Shop.de\/index.php?rest_route=%2Fwp%2Fv2%2Fproduct_tag&post=18441"}],"curies":[{"name":"wp","href":"https:\/\/api.w.org\/{rel}","templated":true}]}}