{"id":18443,"date":"2026-03-22T10:42:27","date_gmt":"2026-03-22T10:42:27","guid":{"rendered":"https:\/\/Regalino-Shop.de\/?post_type=product&#038;p=18443"},"modified":"2026-05-08T12:59:02","modified_gmt":"2026-05-08T12:59:02","slug":"bioloco-office-trinkbecher-edelstahl-to-go-becher-420-ml","status":"publish","type":"product","link":"https:\/\/Regalino-Shop.de\/?product=bioloco-office-trinkbecher-edelstahl-to-go-becher-420-ml","title":{"rendered":"Bioloco Office Trinkbecher -Extra Fly- Edelstahl To-Go Becher 420 ml"},"content":{"rendered":"","protected":false},"excerpt":{"rendered":"<section class=\"text-token-text-primary w-full focus:outline-none [--shadow-height:45px] has-data-writing-block:pointer-events-none has-data-writing-block:-mt-(--shadow-height) has-data-writing-block:pt-(--shadow-height) [&amp;:has([data-writing-block])&gt;*]:pointer-events-auto scroll-mt-[calc(var(--header-height)+min(200px,max(70px,20svh)))]\" dir=\"auto\" data-turn-id=\"request-WEB:332a1930-c8e6-4052-8060-4bb763895a02-4\" data-testid=\"conversation-turn-4\" data-scroll-anchor=\"false\" data-turn=\"assistant\">\n<div class=\"text-base my-auto mx-auto [--thread-content-margin:var(--thread-content-margin-xs,calc(var(--spacing)*4))] @w-sm\/main:[--thread-content-margin:var(--thread-content-margin-sm,calc(var(--spacing)*6))] @w-lg\/main:[--thread-content-margin:var(--thread-content-margin-lg,calc(var(--spacing)*16))] px-(--thread-content-margin)\">\n<div class=\"[--thread-content-max-width:40rem] @w-lg\/main:[--thread-content-max-width:48rem] mx-auto max-w-(--thread-content-max-width) flex-1 group\/turn-messages focus-visible:outline-hidden relative flex w-full min-w-0 flex-col agent-turn\">\n<div class=\"flex max-w-full flex-col gap-4 grow\">\n<div class=\"min-h-8 text-message relative flex w-full flex-col items-end gap-2 text-start break-words whitespace-normal outline-none keyboard-focused:focus-ring [.text-message+&amp;]:mt-1\" dir=\"auto\" data-message-author-role=\"assistant\" data-message-id=\"9a970584-0792-45e8-8791-ee99fc30a25f\" data-message-model-slug=\"gpt-5-3\">\n<div class=\"flex w-full flex-col gap-1 empty:hidden\">\n<div class=\"markdown prose dark:prose-invert w-full wrap-break-word light markdown-new-styling\">\n<h3 data-start=\"0\" data-end=\"271\">bioloco office Trinkbecher<\/h3>\n<p data-start=\"0\" data-end=\"271\">ider ideale Begleiter f\u00fcr B\u00fcro, Homeoffice oder unterwegs. Gefertigt aus hochwertigem <strong data-start=\"139\" data-end=\"156\">Edelstahl 304<\/strong>, h\u00e4lt er Getr\u00e4nke bis zu <strong data-start=\"182\" data-end=\"200\">3 Stunden warm<\/strong> und sorgt daf\u00fcr, dass Kaffee oder Tee l\u00e4nger genossen werden k\u00f6nnen.<\/p>\n<p data-start=\"273\" data-end=\"515\">Der praktische Deckel mit Trink\u00f6ffnung erm\u00f6glicht komfortables Trinken unterwegs und sch\u00fctzt gleichzeitig vor dem Versch\u00fctten. Mit seinem schlichten, modernen Design passt der Becher perfekt in den Alltag \u2013 funktional, langlebig und stilvoll.<\/p>\n<hr data-start=\"517\" data-end=\"520\" \/>\n<p data-start=\"522\" data-end=\"533\"><strong data-start=\"522\" data-end=\"533\">Details<\/strong><\/p>\n<ul data-start=\"535\" data-end=\"785\">\n<li data-section-id=\"ut6vjm\" data-start=\"535\" data-end=\"565\">bioloco office Trinkbecher<\/li>\n<li data-section-id=\"1r6nqt0\" data-start=\"566\" data-end=\"596\">Hochwertiger Edelstahl 304<\/li>\n<li data-section-id=\"1rbqe76\" data-start=\"597\" data-end=\"636\">H\u00e4lt Getr\u00e4nke bis zu 3 Stunden warm<\/li>\n<li data-section-id=\"ltw90s\" data-start=\"637\" data-end=\"676\">Deckel mit praktischer Trink\u00f6ffnung<\/li>\n<li data-section-id=\"1oonpdw\" data-start=\"677\" data-end=\"721\">Ideal f\u00fcr B\u00fcro, Homeoffice und unterwegs<\/li>\n<li data-section-id=\"7edfsm\" data-start=\"722\" data-end=\"756\">Wiederverwendbar und langlebig<\/li>\n<li data-section-id=\"tel0mz\" data-start=\"757\" data-end=\"785\">Fassungsverm\u00f6gen: 420 ml<\/li>\n<\/ul>\n<hr data-start=\"787\" data-end=\"790\" \/>\n<p data-start=\"792\" data-end=\"802\"><strong data-start=\"792\" data-end=\"802\">Pflege<\/strong><\/p>\n<p data-start=\"804\" data-end=\"877\">Handw\u00e4sche empfohlen, um Material und Oberfl\u00e4che langfristig zu erhalten.<\/p>\n<hr data-start=\"879\" data-end=\"882\" \/>\n<p data-start=\"884\" data-end=\"912\"><strong data-start=\"884\" data-end=\"912\">\ud83e\udd0d Regalino Styling-Tipp<\/strong><\/p>\n<p data-start=\"914\" data-end=\"1081\">Perfekt f\u00fcr den Kaffee am Morgen oder den Tee im B\u00fcro. Besonders sch\u00f6n kombiniert mit einer Leinentasche, einem Notizbuch oder anderen Lieblingsst\u00fccken f\u00fcr den Alltag.<\/p>\n<p data-start=\"1023\" data-end=\"1239\">Lieferumfang: 1 Becher<\/p>\n<\/div>\n<\/div>\n<\/div>\n<\/div>\n<\/div>\n<\/div>\n<\/section>\n","protected":false},"featured_media":18445,"template":"","meta":{"_et_pb_use_builder":"","_et_pb_old_content":"","_et_gb_content_width":""},"product_brand":[1857],"product_cat":[3068,3067,82],"product_tag":[2852,2853,2857,2854,2855,2837,2858,2835,2856],"class_list":{"0":"post-18443","1":"product","2":"type-product","3":"status-publish","4":"has-post-thumbnail","6":"product_brand-chic-mic","7":"product_cat-geschenke-fuer-herzensmenschen-liebevolle-geschenkideen-bei-regalino","8":"product_cat-herzensgeschenke","9":"product_cat-unterwegs-picknick-praktische-lieblingsstuecke-regalino","10":"product_tag-bioloco-office","11":"product_tag-bioloco-trinkbecher","12":"product_tag-edelstahl-becher-420-ml","13":"product_tag-edelstahl-kaffeebecher","14":"product_tag-kaffeebecher-buero","15":"product_tag-nachhaltiger-kaffeebecher","16":"product_tag-regalino-becher","17":"product_tag-to-go-becher-edelstahl","18":"product_tag-trinkbecher-mit-deckel","20":"first","21":"instock","22":"featured","23":"taxable","24":"shipping-taxable","25":"purchasable","26":"product-type-simple"},"yoast_head":"<!-- This site is optimized with the Yoast SEO plugin v27.5 - https:\/\/yoast.com\/product\/yoast-seo-wordpress\/ -->\n<title>Bioloco Office Trinkbecher -Extra Fly- Edelstahl To-Go Becher 420 ml - Regalino -Lively Style<\/title>\n<meta name=\"description\" content=\"bioloco Office Trinkbecher aus Edelstahl 304. H\u00e4lt Getr\u00e4nke bis zu 3 Stunden warm, mit praktischem Deckel und 420 ml Fassungsverm\u00f6gen \u2013 ideal f\u00fcrs B\u00fcro.\" \/>\n<meta name=\"robots\" content=\"index, follow, max-snippet:-1, max-image-preview:large, max-video-preview:-1\" \/>\n<link rel=\"canonical\" href=\"https:\/\/Regalino-Shop.de\/?product=bioloco-office-trinkbecher-edelstahl-to-go-becher-420-ml\" \/>\n<meta property=\"og:locale\" content=\"de_DE\" \/>\n<meta property=\"og:type\" content=\"article\" \/>\n<meta property=\"og:title\" content=\"Bioloco Office Trinkbecher -Extra Fly- Edelstahl To-Go Becher 420 ml - Regalino -Lively Style\" \/>\n<meta property=\"og:description\" content=\"bioloco Office Trinkbecher aus Edelstahl 304. H\u00e4lt Getr\u00e4nke bis zu 3 Stunden warm, mit praktischem Deckel und 420 ml Fassungsverm\u00f6gen \u2013 ideal f\u00fcrs B\u00fcro.\" \/>\n<meta property=\"og:url\" content=\"https:\/\/Regalino-Shop.de\/?product=bioloco-office-trinkbecher-edelstahl-to-go-becher-420-ml\" \/>\n<meta property=\"og:site_name\" content=\"Regalino -Lively Style\" \/>\n<meta property=\"article:modified_time\" content=\"2026-05-08T12:59:02+00:00\" \/>\n<meta property=\"og:image\" content=\"https:\/\/Regalino-Shop.de\/wp-content\/uploads\/2026\/03\/chicmic-bioloco-office-cup-extra-fly.webp.jpg\" \/>\n\t<meta property=\"og:image:width\" content=\"666\" \/>\n\t<meta property=\"og:image:height\" content=\"602\" \/>\n\t<meta property=\"og:image:type\" content=\"image\/jpeg\" \/>\n<meta name=\"twitter:card\" content=\"summary_large_image\" \/>\n<meta name=\"twitter:label1\" content=\"Gesch\u00e4tzte Lesezeit\" \/>\n\t<meta name=\"twitter:data1\" content=\"1\u00a0Minute\" \/>\n<script type=\"application\/ld+json\" class=\"yoast-schema-graph\">{\"@context\":\"https:\\\/\\\/schema.org\",\"@graph\":[{\"@type\":\"WebPage\",\"@id\":\"https:\\\/\\\/Regalino-Shop.de\\\/?product=bioloco-office-trinkbecher-edelstahl-to-go-becher-420-ml\",\"url\":\"https:\\\/\\\/Regalino-Shop.de\\\/?product=bioloco-office-trinkbecher-edelstahl-to-go-becher-420-ml\",\"name\":\"Bioloco Office Trinkbecher -Extra Fly- Edelstahl To-Go Becher 420 ml - Regalino -Lively Style\",\"isPartOf\":{\"@id\":\"https:\\\/\\\/Regalino-Shop.de\\\/#website\"},\"primaryImageOfPage\":{\"@id\":\"https:\\\/\\\/Regalino-Shop.de\\\/?product=bioloco-office-trinkbecher-edelstahl-to-go-becher-420-ml#primaryimage\"},\"image\":{\"@id\":\"https:\\\/\\\/Regalino-Shop.de\\\/?product=bioloco-office-trinkbecher-edelstahl-to-go-becher-420-ml#primaryimage\"},\"thumbnailUrl\":\"https:\\\/\\\/Regalino-Shop.de\\\/wp-content\\\/uploads\\\/2026\\\/03\\\/chicmic-bioloco-office-cup-extra-fly.webp.jpg\",\"datePublished\":\"2026-03-22T10:42:27+00:00\",\"dateModified\":\"2026-05-08T12:59:02+00:00\",\"description\":\"bioloco Office Trinkbecher aus Edelstahl 304. H\u00e4lt Getr\u00e4nke bis zu 3 Stunden warm, mit praktischem Deckel und 420 ml Fassungsverm\u00f6gen \u2013 ideal f\u00fcrs B\u00fcro.\",\"breadcrumb\":{\"@id\":\"https:\\\/\\\/Regalino-Shop.de\\\/?product=bioloco-office-trinkbecher-edelstahl-to-go-becher-420-ml#breadcrumb\"},\"inLanguage\":\"de\",\"potentialAction\":[{\"@type\":\"ReadAction\",\"target\":[\"https:\\\/\\\/Regalino-Shop.de\\\/?product=bioloco-office-trinkbecher-edelstahl-to-go-becher-420-ml\"]}]},{\"@type\":\"ImageObject\",\"inLanguage\":\"de\",\"@id\":\"https:\\\/\\\/Regalino-Shop.de\\\/?product=bioloco-office-trinkbecher-edelstahl-to-go-becher-420-ml#primaryimage\",\"url\":\"https:\\\/\\\/Regalino-Shop.de\\\/wp-content\\\/uploads\\\/2026\\\/03\\\/chicmic-bioloco-office-cup-extra-fly.webp.jpg\",\"contentUrl\":\"https:\\\/\\\/Regalino-Shop.de\\\/wp-content\\\/uploads\\\/2026\\\/03\\\/chicmic-bioloco-office-cup-extra-fly.webp.jpg\",\"width\":666,\"height\":602,\"caption\":\"bioloco office trinkbecher aus edelstahl mit deckel 420 ml\"},{\"@type\":\"BreadcrumbList\",\"@id\":\"https:\\\/\\\/Regalino-Shop.de\\\/?product=bioloco-office-trinkbecher-edelstahl-to-go-becher-420-ml#breadcrumb\",\"itemListElement\":[{\"@type\":\"ListItem\",\"position\":1,\"name\":\"Startseite\",\"item\":\"https:\\\/\\\/Regalino-Shop.de\\\/\"},{\"@type\":\"ListItem\",\"position\":2,\"name\":\"Shop\",\"item\":\"https:\\\/\\\/Regalino-Shop.de\\\/?page_id=40\"},{\"@type\":\"ListItem\",\"position\":3,\"name\":\"Bioloco Office Trinkbecher -Extra Fly- Edelstahl To-Go Becher 420 ml\"}]},{\"@type\":\"WebSite\",\"@id\":\"https:\\\/\\\/Regalino-Shop.de\\\/#website\",\"url\":\"https:\\\/\\\/Regalino-Shop.de\\\/\",\"name\":\"Regalino -Lively Style\",\"description\":\"gelebtes Zuhause\",\"potentialAction\":[{\"@type\":\"SearchAction\",\"target\":{\"@type\":\"EntryPoint\",\"urlTemplate\":\"https:\\\/\\\/Regalino-Shop.de\\\/?s={search_term_string}\"},\"query-input\":{\"@type\":\"PropertyValueSpecification\",\"valueRequired\":true,\"valueName\":\"search_term_string\"}}],\"inLanguage\":\"de\"}]}<\/script>\n<!-- \/ Yoast SEO plugin. -->","yoast_head_json":{"title":"Bioloco Office Trinkbecher -Extra Fly- Edelstahl To-Go Becher 420 ml - Regalino -Lively Style","description":"bioloco Office Trinkbecher aus Edelstahl 304. H\u00e4lt Getr\u00e4nke bis zu 3 Stunden warm, mit praktischem Deckel und 420 ml Fassungsverm\u00f6gen \u2013 ideal f\u00fcrs B\u00fcro.","robots":{"index":"index","follow":"follow","max-snippet":"max-snippet:-1","max-image-preview":"max-image-preview:large","max-video-preview":"max-video-preview:-1"},"canonical":"https:\/\/Regalino-Shop.de\/?product=bioloco-office-trinkbecher-edelstahl-to-go-becher-420-ml","og_locale":"de_DE","og_type":"article","og_title":"Bioloco Office Trinkbecher -Extra Fly- Edelstahl To-Go Becher 420 ml - Regalino -Lively Style","og_description":"bioloco Office Trinkbecher aus Edelstahl 304. H\u00e4lt Getr\u00e4nke bis zu 3 Stunden warm, mit praktischem Deckel und 420 ml Fassungsverm\u00f6gen \u2013 ideal f\u00fcrs B\u00fcro.","og_url":"https:\/\/Regalino-Shop.de\/?product=bioloco-office-trinkbecher-edelstahl-to-go-becher-420-ml","og_site_name":"Regalino -Lively Style","article_modified_time":"2026-05-08T12:59:02+00:00","og_image":[{"width":666,"height":602,"url":"https:\/\/Regalino-Shop.de\/wp-content\/uploads\/2026\/03\/chicmic-bioloco-office-cup-extra-fly.webp.jpg","type":"image\/jpeg"}],"twitter_card":"summary_large_image","twitter_misc":{"Gesch\u00e4tzte Lesezeit":"1\u00a0Minute"},"schema":{"@context":"https:\/\/schema.org","@graph":[{"@type":"WebPage","@id":"https:\/\/Regalino-Shop.de\/?product=bioloco-office-trinkbecher-edelstahl-to-go-becher-420-ml","url":"https:\/\/Regalino-Shop.de\/?product=bioloco-office-trinkbecher-edelstahl-to-go-becher-420-ml","name":"Bioloco Office Trinkbecher -Extra Fly- Edelstahl To-Go Becher 420 ml - Regalino -Lively Style","isPartOf":{"@id":"https:\/\/Regalino-Shop.de\/#website"},"primaryImageOfPage":{"@id":"https:\/\/Regalino-Shop.de\/?product=bioloco-office-trinkbecher-edelstahl-to-go-becher-420-ml#primaryimage"},"image":{"@id":"https:\/\/Regalino-Shop.de\/?product=bioloco-office-trinkbecher-edelstahl-to-go-becher-420-ml#primaryimage"},"thumbnailUrl":"https:\/\/Regalino-Shop.de\/wp-content\/uploads\/2026\/03\/chicmic-bioloco-office-cup-extra-fly.webp.jpg","datePublished":"2026-03-22T10:42:27+00:00","dateModified":"2026-05-08T12:59:02+00:00","description":"bioloco Office Trinkbecher aus Edelstahl 304. H\u00e4lt Getr\u00e4nke bis zu 3 Stunden warm, mit praktischem Deckel und 420 ml Fassungsverm\u00f6gen \u2013 ideal f\u00fcrs B\u00fcro.","breadcrumb":{"@id":"https:\/\/Regalino-Shop.de\/?product=bioloco-office-trinkbecher-edelstahl-to-go-becher-420-ml#breadcrumb"},"inLanguage":"de","potentialAction":[{"@type":"ReadAction","target":["https:\/\/Regalino-Shop.de\/?product=bioloco-office-trinkbecher-edelstahl-to-go-becher-420-ml"]}]},{"@type":"ImageObject","inLanguage":"de","@id":"https:\/\/Regalino-Shop.de\/?product=bioloco-office-trinkbecher-edelstahl-to-go-becher-420-ml#primaryimage","url":"https:\/\/Regalino-Shop.de\/wp-content\/uploads\/2026\/03\/chicmic-bioloco-office-cup-extra-fly.webp.jpg","contentUrl":"https:\/\/Regalino-Shop.de\/wp-content\/uploads\/2026\/03\/chicmic-bioloco-office-cup-extra-fly.webp.jpg","width":666,"height":602,"caption":"bioloco office trinkbecher aus edelstahl mit deckel 420 ml"},{"@type":"BreadcrumbList","@id":"https:\/\/Regalino-Shop.de\/?product=bioloco-office-trinkbecher-edelstahl-to-go-becher-420-ml#breadcrumb","itemListElement":[{"@type":"ListItem","position":1,"name":"Startseite","item":"https:\/\/Regalino-Shop.de\/"},{"@type":"ListItem","position":2,"name":"Shop","item":"https:\/\/Regalino-Shop.de\/?page_id=40"},{"@type":"ListItem","position":3,"name":"Bioloco Office Trinkbecher -Extra Fly- Edelstahl To-Go Becher 420 ml"}]},{"@type":"WebSite","@id":"https:\/\/Regalino-Shop.de\/#website","url":"https:\/\/Regalino-Shop.de\/","name":"Regalino -Lively Style","description":"gelebtes Zuhause","potentialAction":[{"@type":"SearchAction","target":{"@type":"EntryPoint","urlTemplate":"https:\/\/Regalino-Shop.de\/?s={search_term_string}"},"query-input":{"@type":"PropertyValueSpecification","valueRequired":true,"valueName":"search_term_string"}}],"inLanguage":"de"}]}},"_links":{"self":[{"href":"https:\/\/Regalino-Shop.de\/index.php?rest_route=\/wp\/v2\/product\/18443","targetHints":{"allow":["GET"]}}],"collection":[{"href":"https:\/\/Regalino-Shop.de\/index.php?rest_route=\/wp\/v2\/product"}],"about":[{"href":"https:\/\/Regalino-Shop.de\/index.php?rest_route=\/wp\/v2\/types\/product"}],"wp:featuredmedia":[{"embeddable":true,"href":"https:\/\/Regalino-Shop.de\/index.php?rest_route=\/wp\/v2\/media\/18445"}],"wp:attachment":[{"href":"https:\/\/Regalino-Shop.de\/index.php?rest_route=%2Fwp%2Fv2%2Fmedia&parent=18443"}],"wp:term":[{"taxonomy":"product_brand","embeddable":true,"href":"https:\/\/Regalino-Shop.de\/index.php?rest_route=%2Fwp%2Fv2%2Fproduct_brand&post=18443"},{"taxonomy":"product_cat","embeddable":true,"href":"https:\/\/Regalino-Shop.de\/index.php?rest_route=%2Fwp%2Fv2%2Fproduct_cat&post=18443"},{"taxonomy":"product_tag","embeddable":true,"href":"https:\/\/Regalino-Shop.de\/index.php?rest_route=%2Fwp%2Fv2%2Fproduct_tag&post=18443"}],"curies":[{"name":"wp","href":"https:\/\/api.w.org\/{rel}","templated":true}]}}