{"id":18458,"date":"2026-03-22T12:10:46","date_gmt":"2026-03-22T12:10:46","guid":{"rendered":"https:\/\/Regalino-Shop.de\/?post_type=product&#038;p=18458"},"modified":"2026-03-29T07:56:46","modified_gmt":"2026-03-29T07:56:46","slug":"organic-cotton-bag-botanic-garden-bio-baumwolltasche","status":"publish","type":"product","link":"https:\/\/Regalino-Shop.de\/?product=organic-cotton-bag-botanic-garden-bio-baumwolltasche","title":{"rendered":"Organic Cotton Bag Botanic Garden \u2013 Bio Baumwolltasche"},"content":{"rendered":"","protected":false},"excerpt":{"rendered":"<h3 data-start=\"0\" data-end=\"319\">Organic Cotton Bag \u201eBotanic Garden\u201c<\/h3>\n<p data-start=\"0\" data-end=\"319\">eine gro\u00dfz\u00fcgige und nachhaltige Tasche aus <strong data-start=\"106\" data-end=\"144\">100 % zertifizierter Bio-Baumwolle<\/strong>. Das botanische Motiv bringt eine nat\u00fcrliche, frische Note in den Alltag und macht die Tasche zu einem stilvollen Begleiter f\u00fcr Einkauf, Stadtbummel oder einen Tag am Strand.<\/p>\n<p data-start=\"321\" data-end=\"561\">Dank ihres gro\u00dfen Formats bietet sie viel Platz f\u00fcr Eink\u00e4ufe, B\u00fccher oder Strandutensilien. Die robuste Bio-Baumwolle sorgt f\u00fcr eine angenehme Haptik und macht die Tasche zu einer langlebigen, umweltfreundlichen Alternative zu Plastikt\u00fcten.<\/p>\n<hr data-start=\"563\" data-end=\"566\" \/>\n<p data-start=\"568\" data-end=\"579\"><strong data-start=\"568\" data-end=\"579\">Details<\/strong><\/p>\n<ul data-start=\"581\" data-end=\"846\">\n<li data-section-id=\"7e4d17\" data-start=\"581\" data-end=\"620\">Organic Cotton Bag \u201eBotanic Garden\u201c<\/li>\n<li data-section-id=\"1imh1qf\" data-start=\"621\" data-end=\"679\">Hergestellt aus <strong data-start=\"639\" data-end=\"677\">100 % zertifizierter Bio-Baumwolle<\/strong><\/li>\n<li data-section-id=\"jd2ia9\" data-start=\"680\" data-end=\"728\">Gro\u00dfz\u00fcgige Stofftasche mit botanischem Motiv<\/li>\n<li data-section-id=\"c9ys55\" data-start=\"729\" data-end=\"775\">Ideal als Einkaufstasche oder Strandtasche<\/li>\n<li data-section-id=\"120tqvr\" data-start=\"776\" data-end=\"818\">Robust, langlebig und wiederverwendbar<\/li>\n<li data-section-id=\"rbzfmt\" data-start=\"819\" data-end=\"846\">Ma\u00dfe: <strong data-start=\"827\" data-end=\"846\">48 \u00d7 14 \u00d7 42 cm<\/strong><\/li>\n<\/ul>\n<hr data-start=\"848\" data-end=\"851\" \/>\n<p data-start=\"853\" data-end=\"863\"><strong data-start=\"853\" data-end=\"863\">Pflege<\/strong><\/p>\n<p data-start=\"865\" data-end=\"888\">Waschbar bei <strong data-start=\"878\" data-end=\"887\">40 \u00b0C<\/strong>.<\/p>\n<hr data-start=\"890\" data-end=\"893\" \/>\n<p data-start=\"895\" data-end=\"923\"><strong data-start=\"895\" data-end=\"923\">\ud83e\udd0d Regalino Styling-Tipp<\/strong><\/p>\n<p data-start=\"925\" data-end=\"1106\">Perfekt f\u00fcr den Wochenmarkt, den Stadtbummel oder einen Tag am Strand. Besonders sch\u00f6n kombiniert mit Leinen, Naturfarben und sommerlichen Accessoires \u2013 unkompliziert und nat\u00fcrlich.<\/p>\n<p>Lieferung: 1 Tasche<\/p>\n<p>&nbsp;<\/p>\n","protected":false},"featured_media":18460,"template":"","meta":{"_et_pb_use_builder":"","_et_pb_old_content":"","_et_gb_content_width":""},"product_brand":[1857],"product_cat":[2983,2637,102],"product_tag":[2874,2870,2879,2873,2871,2877,2770,2872,1088,2880],"class_list":{"0":"post-18458","1":"product","2":"type-product","3":"status-publish","4":"has-post-thumbnail","6":"product_brand-chic-mic","7":"product_cat-accessoires","8":"product_cat-strandtaschen-reiseaccessoires-mit-maritimem-flair-regalino","9":"product_cat-taschen-handtaschen-stilvolle-alltagsbegleiter-regalino","10":"product_tag-baumwolltasche-gross","11":"product_tag-bio-baumwolltasche","12":"product_tag-botanic-garden-tasche","13":"product_tag-nachhaltige-einkaufstasche","14":"product_tag-organic-cotton-bag","15":"product_tag-regalino-tasche","16":"product_tag-shopper-bio-baumwolle","17":"product_tag-stofftasche-bio-baumwolle","18":"product_tag-strandtasche","19":"product_tag-strandtasche-baumwolle","21":"first","22":"instock","23":"taxable","24":"shipping-taxable","25":"purchasable","26":"product-type-simple"},"yoast_head":"<!-- This site is optimized with the Yoast SEO plugin v27.5 - https:\/\/yoast.com\/product\/yoast-seo-wordpress\/ -->\n<title>Organic Cotton Bag Botanic Garden \u2013 Bio Baumwolltasche - Regalino -Lively Style<\/title>\n<meta name=\"description\" content=\"Organic Cotton Bag Botanic Garden aus 100 % zertifizierter Bio-Baumwolle. Gro\u00dfe, nachhaltige Stofftasche \u2013 ideal f\u00fcr Einkauf, Alltag oder Strand.\" \/>\n<meta name=\"robots\" content=\"index, follow, max-snippet:-1, max-image-preview:large, max-video-preview:-1\" \/>\n<link rel=\"canonical\" href=\"https:\/\/Regalino-Shop.de\/?product=organic-cotton-bag-botanic-garden-bio-baumwolltasche\" \/>\n<meta property=\"og:locale\" content=\"de_DE\" \/>\n<meta property=\"og:type\" content=\"article\" \/>\n<meta property=\"og:title\" content=\"Organic Cotton Bag Botanic Garden \u2013 Bio Baumwolltasche - Regalino -Lively Style\" \/>\n<meta property=\"og:description\" content=\"Organic Cotton Bag Botanic Garden aus 100 % zertifizierter Bio-Baumwolle. Gro\u00dfe, nachhaltige Stofftasche \u2013 ideal f\u00fcr Einkauf, Alltag oder Strand.\" \/>\n<meta property=\"og:url\" content=\"https:\/\/Regalino-Shop.de\/?product=organic-cotton-bag-botanic-garden-bio-baumwolltasche\" \/>\n<meta property=\"og:site_name\" content=\"Regalino -Lively Style\" \/>\n<meta property=\"article:modified_time\" content=\"2026-03-29T07:56:46+00:00\" \/>\n<meta property=\"og:image\" content=\"https:\/\/Regalino-Shop.de\/wp-content\/uploads\/2026\/03\/Tasche-botanic-garden-weekender-strandtasche-baumwolle-chicmic.webp\" \/>\n\t<meta property=\"og:image:width\" content=\"992\" \/>\n\t<meta property=\"og:image:height\" content=\"1240\" \/>\n\t<meta property=\"og:image:type\" content=\"image\/webp\" \/>\n<meta name=\"twitter:card\" content=\"summary_large_image\" \/>\n<meta name=\"twitter:label1\" content=\"Gesch\u00e4tzte Lesezeit\" \/>\n\t<meta name=\"twitter:data1\" content=\"1\u00a0Minute\" \/>\n<script type=\"application\/ld+json\" class=\"yoast-schema-graph\">{\"@context\":\"https:\\\/\\\/schema.org\",\"@graph\":[{\"@type\":\"WebPage\",\"@id\":\"https:\\\/\\\/Regalino-Shop.de\\\/?product=organic-cotton-bag-botanic-garden-bio-baumwolltasche\",\"url\":\"https:\\\/\\\/Regalino-Shop.de\\\/?product=organic-cotton-bag-botanic-garden-bio-baumwolltasche\",\"name\":\"Organic Cotton Bag Botanic Garden \u2013 Bio Baumwolltasche - Regalino -Lively Style\",\"isPartOf\":{\"@id\":\"https:\\\/\\\/Regalino-Shop.de\\\/#website\"},\"primaryImageOfPage\":{\"@id\":\"https:\\\/\\\/Regalino-Shop.de\\\/?product=organic-cotton-bag-botanic-garden-bio-baumwolltasche#primaryimage\"},\"image\":{\"@id\":\"https:\\\/\\\/Regalino-Shop.de\\\/?product=organic-cotton-bag-botanic-garden-bio-baumwolltasche#primaryimage\"},\"thumbnailUrl\":\"https:\\\/\\\/Regalino-Shop.de\\\/wp-content\\\/uploads\\\/2026\\\/03\\\/Tasche-botanic-garden-weekender-strandtasche-baumwolle-chicmic.webp\",\"datePublished\":\"2026-03-22T12:10:46+00:00\",\"dateModified\":\"2026-03-29T07:56:46+00:00\",\"description\":\"Organic Cotton Bag Botanic Garden aus 100 % zertifizierter Bio-Baumwolle. Gro\u00dfe, nachhaltige Stofftasche \u2013 ideal f\u00fcr Einkauf, Alltag oder Strand.\",\"breadcrumb\":{\"@id\":\"https:\\\/\\\/Regalino-Shop.de\\\/?product=organic-cotton-bag-botanic-garden-bio-baumwolltasche#breadcrumb\"},\"inLanguage\":\"de\",\"potentialAction\":[{\"@type\":\"ReadAction\",\"target\":[\"https:\\\/\\\/Regalino-Shop.de\\\/?product=organic-cotton-bag-botanic-garden-bio-baumwolltasche\"]}]},{\"@type\":\"ImageObject\",\"inLanguage\":\"de\",\"@id\":\"https:\\\/\\\/Regalino-Shop.de\\\/?product=organic-cotton-bag-botanic-garden-bio-baumwolltasche#primaryimage\",\"url\":\"https:\\\/\\\/Regalino-Shop.de\\\/wp-content\\\/uploads\\\/2026\\\/03\\\/Tasche-botanic-garden-weekender-strandtasche-baumwolle-chicmic.webp\",\"contentUrl\":\"https:\\\/\\\/Regalino-Shop.de\\\/wp-content\\\/uploads\\\/2026\\\/03\\\/Tasche-botanic-garden-weekender-strandtasche-baumwolle-chicmic.webp\",\"width\":992,\"height\":1240,\"caption\":\"organic cotton bag botanic garden bio baumwolltasche strandtasche\"},{\"@type\":\"BreadcrumbList\",\"@id\":\"https:\\\/\\\/Regalino-Shop.de\\\/?product=organic-cotton-bag-botanic-garden-bio-baumwolltasche#breadcrumb\",\"itemListElement\":[{\"@type\":\"ListItem\",\"position\":1,\"name\":\"Startseite\",\"item\":\"https:\\\/\\\/Regalino-Shop.de\\\/\"},{\"@type\":\"ListItem\",\"position\":2,\"name\":\"Shop\",\"item\":\"https:\\\/\\\/Regalino-Shop.de\\\/?page_id=40\"},{\"@type\":\"ListItem\",\"position\":3,\"name\":\"Organic Cotton Bag Botanic Garden \u2013 Bio Baumwolltasche\"}]},{\"@type\":\"WebSite\",\"@id\":\"https:\\\/\\\/Regalino-Shop.de\\\/#website\",\"url\":\"https:\\\/\\\/Regalino-Shop.de\\\/\",\"name\":\"Regalino -Lively Style\",\"description\":\"gelebtes Zuhause\",\"potentialAction\":[{\"@type\":\"SearchAction\",\"target\":{\"@type\":\"EntryPoint\",\"urlTemplate\":\"https:\\\/\\\/Regalino-Shop.de\\\/?s={search_term_string}\"},\"query-input\":{\"@type\":\"PropertyValueSpecification\",\"valueRequired\":true,\"valueName\":\"search_term_string\"}}],\"inLanguage\":\"de\"}]}<\/script>\n<!-- \/ Yoast SEO plugin. -->","yoast_head_json":{"title":"Organic Cotton Bag Botanic Garden \u2013 Bio Baumwolltasche - Regalino -Lively Style","description":"Organic Cotton Bag Botanic Garden aus 100 % zertifizierter Bio-Baumwolle. Gro\u00dfe, nachhaltige Stofftasche \u2013 ideal f\u00fcr Einkauf, Alltag oder Strand.","robots":{"index":"index","follow":"follow","max-snippet":"max-snippet:-1","max-image-preview":"max-image-preview:large","max-video-preview":"max-video-preview:-1"},"canonical":"https:\/\/Regalino-Shop.de\/?product=organic-cotton-bag-botanic-garden-bio-baumwolltasche","og_locale":"de_DE","og_type":"article","og_title":"Organic Cotton Bag Botanic Garden \u2013 Bio Baumwolltasche - Regalino -Lively Style","og_description":"Organic Cotton Bag Botanic Garden aus 100 % zertifizierter Bio-Baumwolle. Gro\u00dfe, nachhaltige Stofftasche \u2013 ideal f\u00fcr Einkauf, Alltag oder Strand.","og_url":"https:\/\/Regalino-Shop.de\/?product=organic-cotton-bag-botanic-garden-bio-baumwolltasche","og_site_name":"Regalino -Lively Style","article_modified_time":"2026-03-29T07:56:46+00:00","og_image":[{"width":992,"height":1240,"url":"https:\/\/Regalino-Shop.de\/wp-content\/uploads\/2026\/03\/Tasche-botanic-garden-weekender-strandtasche-baumwolle-chicmic.webp","type":"image\/webp"}],"twitter_card":"summary_large_image","twitter_misc":{"Gesch\u00e4tzte Lesezeit":"1\u00a0Minute"},"schema":{"@context":"https:\/\/schema.org","@graph":[{"@type":"WebPage","@id":"https:\/\/Regalino-Shop.de\/?product=organic-cotton-bag-botanic-garden-bio-baumwolltasche","url":"https:\/\/Regalino-Shop.de\/?product=organic-cotton-bag-botanic-garden-bio-baumwolltasche","name":"Organic Cotton Bag Botanic Garden \u2013 Bio Baumwolltasche - Regalino -Lively Style","isPartOf":{"@id":"https:\/\/Regalino-Shop.de\/#website"},"primaryImageOfPage":{"@id":"https:\/\/Regalino-Shop.de\/?product=organic-cotton-bag-botanic-garden-bio-baumwolltasche#primaryimage"},"image":{"@id":"https:\/\/Regalino-Shop.de\/?product=organic-cotton-bag-botanic-garden-bio-baumwolltasche#primaryimage"},"thumbnailUrl":"https:\/\/Regalino-Shop.de\/wp-content\/uploads\/2026\/03\/Tasche-botanic-garden-weekender-strandtasche-baumwolle-chicmic.webp","datePublished":"2026-03-22T12:10:46+00:00","dateModified":"2026-03-29T07:56:46+00:00","description":"Organic Cotton Bag Botanic Garden aus 100 % zertifizierter Bio-Baumwolle. Gro\u00dfe, nachhaltige Stofftasche \u2013 ideal f\u00fcr Einkauf, Alltag oder Strand.","breadcrumb":{"@id":"https:\/\/Regalino-Shop.de\/?product=organic-cotton-bag-botanic-garden-bio-baumwolltasche#breadcrumb"},"inLanguage":"de","potentialAction":[{"@type":"ReadAction","target":["https:\/\/Regalino-Shop.de\/?product=organic-cotton-bag-botanic-garden-bio-baumwolltasche"]}]},{"@type":"ImageObject","inLanguage":"de","@id":"https:\/\/Regalino-Shop.de\/?product=organic-cotton-bag-botanic-garden-bio-baumwolltasche#primaryimage","url":"https:\/\/Regalino-Shop.de\/wp-content\/uploads\/2026\/03\/Tasche-botanic-garden-weekender-strandtasche-baumwolle-chicmic.webp","contentUrl":"https:\/\/Regalino-Shop.de\/wp-content\/uploads\/2026\/03\/Tasche-botanic-garden-weekender-strandtasche-baumwolle-chicmic.webp","width":992,"height":1240,"caption":"organic cotton bag botanic garden bio baumwolltasche strandtasche"},{"@type":"BreadcrumbList","@id":"https:\/\/Regalino-Shop.de\/?product=organic-cotton-bag-botanic-garden-bio-baumwolltasche#breadcrumb","itemListElement":[{"@type":"ListItem","position":1,"name":"Startseite","item":"https:\/\/Regalino-Shop.de\/"},{"@type":"ListItem","position":2,"name":"Shop","item":"https:\/\/Regalino-Shop.de\/?page_id=40"},{"@type":"ListItem","position":3,"name":"Organic Cotton Bag Botanic Garden \u2013 Bio Baumwolltasche"}]},{"@type":"WebSite","@id":"https:\/\/Regalino-Shop.de\/#website","url":"https:\/\/Regalino-Shop.de\/","name":"Regalino -Lively Style","description":"gelebtes Zuhause","potentialAction":[{"@type":"SearchAction","target":{"@type":"EntryPoint","urlTemplate":"https:\/\/Regalino-Shop.de\/?s={search_term_string}"},"query-input":{"@type":"PropertyValueSpecification","valueRequired":true,"valueName":"search_term_string"}}],"inLanguage":"de"}]}},"_links":{"self":[{"href":"https:\/\/Regalino-Shop.de\/index.php?rest_route=\/wp\/v2\/product\/18458","targetHints":{"allow":["GET"]}}],"collection":[{"href":"https:\/\/Regalino-Shop.de\/index.php?rest_route=\/wp\/v2\/product"}],"about":[{"href":"https:\/\/Regalino-Shop.de\/index.php?rest_route=\/wp\/v2\/types\/product"}],"wp:featuredmedia":[{"embeddable":true,"href":"https:\/\/Regalino-Shop.de\/index.php?rest_route=\/wp\/v2\/media\/18460"}],"wp:attachment":[{"href":"https:\/\/Regalino-Shop.de\/index.php?rest_route=%2Fwp%2Fv2%2Fmedia&parent=18458"}],"wp:term":[{"taxonomy":"product_brand","embeddable":true,"href":"https:\/\/Regalino-Shop.de\/index.php?rest_route=%2Fwp%2Fv2%2Fproduct_brand&post=18458"},{"taxonomy":"product_cat","embeddable":true,"href":"https:\/\/Regalino-Shop.de\/index.php?rest_route=%2Fwp%2Fv2%2Fproduct_cat&post=18458"},{"taxonomy":"product_tag","embeddable":true,"href":"https:\/\/Regalino-Shop.de\/index.php?rest_route=%2Fwp%2Fv2%2Fproduct_tag&post=18458"}],"curies":[{"name":"wp","href":"https:\/\/api.w.org\/{rel}","templated":true}]}}