{"id":18466,"date":"2026-03-22T12:48:08","date_gmt":"2026-03-22T12:48:08","guid":{"rendered":"https:\/\/Regalino-Shop.de\/?post_type=product&#038;p=18466"},"modified":"2026-05-08T12:58:33","modified_gmt":"2026-05-08T12:58:33","slug":"ticky-notes-set-mit-a5-notizblock-bleistift","status":"publish","type":"product","link":"https:\/\/Regalino-Shop.de\/?product=ticky-notes-set-mit-a5-notizblock-bleistift","title":{"rendered":"Sticky Notes Set mit A5 Notizblock &#038; Bleistift"},"content":{"rendered":"","protected":false},"excerpt":{"rendered":"<h3 data-start=\"0\" data-end=\"304\">Dieses praktische Sticky Notes Set<\/h3>\n<p data-start=\"0\" data-end=\"304\">ist der perfekte Begleiter f\u00fcr Alltag, B\u00fcro oder Homeoffice. Neben einem <strong data-start=\"127\" data-end=\"144\">A5 Notizblock<\/strong> enth\u00e4lt das Set verschiedene <strong data-start=\"174\" data-end=\"229\">Haftnotizen f\u00fcr Markierungen und kurze Erinnerungen<\/strong> sowie einen passenden <strong data-start=\"252\" data-end=\"265\">Bleistift<\/strong> \u2013 alles kompakt zusammen in einem Set.<\/p>\n<p data-start=\"306\" data-end=\"456\">Ideal f\u00fcr To-do-Listen, schnelle Notizen oder das Markieren wichtiger Seiten in B\u00fcchern und Unterlagen. So bleibt alles \u00fcbersichtlich und griffbereit.<\/p>\n<hr data-start=\"458\" data-end=\"461\" \/>\n<p data-start=\"463\" data-end=\"474\"><strong data-start=\"463\" data-end=\"474\">Details<\/strong><\/p>\n<ul data-start=\"476\" data-end=\"708\">\n<li data-section-id=\"1q8rhxy\" data-start=\"476\" data-end=\"496\">Sticky Notes Set<\/li>\n<li data-section-id=\"99vy6n\" data-start=\"497\" data-end=\"528\">Inklusive <strong data-start=\"509\" data-end=\"526\">A5 Notizblock<\/strong><\/li>\n<li data-section-id=\"1fug4cc\" data-start=\"529\" data-end=\"584\">Verschiedene Haftnotizen zum Markieren und Notieren<\/li>\n<li data-section-id=\"1nxt98j\" data-start=\"585\" data-end=\"618\">Mit praktischem <strong data-start=\"603\" data-end=\"616\">Bleistift<\/strong><\/li>\n<li data-section-id=\"sn1wal\" data-start=\"619\" data-end=\"661\">Ideal f\u00fcr B\u00fcro, Schule oder Homeoffice<\/li>\n<li data-section-id=\"12l8bib\" data-start=\"662\" data-end=\"708\">Perfekt f\u00fcr To-do-Listen und kurze Notizen<\/li>\n<\/ul>\n<hr data-start=\"710\" data-end=\"713\" \/>\n<p data-start=\"779\" data-end=\"807\"><strong data-start=\"779\" data-end=\"807\">\ud83e\udd0d Regalino Styling-Tipp<\/strong><\/p>\n<p data-start=\"809\" data-end=\"984\">Ein praktischer Helfer f\u00fcr Schreibtisch oder Tasche. Besonders sch\u00f6n kombiniert mit einem Notizbuch oder als kleine Aufmerksamkeit f\u00fcr alle, die gerne planen und organisieren.<\/p>\n<p>Lieferung: 1 Sticky Notes Set<\/p>\n<p>&nbsp;<\/p>\n","protected":false},"featured_media":18467,"template":"","meta":{"_et_pb_use_builder":"","_et_pb_old_content":"","_et_gb_content_width":""},"product_brand":[1857],"product_cat":[3068,3067,986],"product_tag":[2896,2894,2891,2892,2895,2898,2893,2890,2897],"class_list":{"0":"post-18466","1":"product","2":"type-product","3":"status-publish","4":"has-post-thumbnail","6":"product_brand-chic-mic","7":"product_cat-geschenke-fuer-herzensmenschen-liebevolle-geschenkideen-bei-regalino","8":"product_cat-herzensgeschenke","9":"product_cat-schreiben-notieren-schreibwaren-und-notizbuecher-regalino","10":"product_tag-buero-set-notizen","11":"product_tag-haftnotizen-buero","12":"product_tag-haftnotizen-set","13":"product_tag-notizblock-a5-set","14":"product_tag-notizblock-mit-bleistift","15":"product_tag-regalino-bueroartikel","16":"product_tag-sticky-notes-buero","17":"product_tag-sticky-notes-set","18":"product_tag-to-do-notizen","20":"first","21":"instock","22":"taxable","23":"shipping-taxable","24":"purchasable","25":"product-type-simple"},"yoast_head":"<!-- This site is optimized with the Yoast SEO plugin v27.5 - https:\/\/yoast.com\/product\/yoast-seo-wordpress\/ -->\n<title>Sticky Notes Set mit A5 Notizblock &amp; Bleistift - Regalino -Lively Style<\/title>\n<meta name=\"description\" content=\"Praktisches Sticky Notes Set mit A5 Notizblock, Haftnotizen und Bleistift. Ideal f\u00fcr B\u00fcro, Schule und To-do-Listen.\" \/>\n<meta name=\"robots\" content=\"index, follow, max-snippet:-1, max-image-preview:large, max-video-preview:-1\" \/>\n<link rel=\"canonical\" href=\"https:\/\/Regalino-Shop.de\/?product=ticky-notes-set-mit-a5-notizblock-bleistift\" \/>\n<meta property=\"og:locale\" content=\"de_DE\" \/>\n<meta property=\"og:type\" content=\"article\" \/>\n<meta property=\"og:title\" content=\"Sticky Notes Set mit A5 Notizblock &amp; Bleistift - Regalino -Lively Style\" \/>\n<meta property=\"og:description\" content=\"Praktisches Sticky Notes Set mit A5 Notizblock, Haftnotizen und Bleistift. Ideal f\u00fcr B\u00fcro, Schule und To-do-Listen.\" \/>\n<meta property=\"og:url\" content=\"https:\/\/Regalino-Shop.de\/?product=ticky-notes-set-mit-a5-notizblock-bleistift\" \/>\n<meta property=\"og:site_name\" content=\"Regalino -Lively Style\" \/>\n<meta property=\"article:modified_time\" content=\"2026-05-08T12:58:33+00:00\" \/>\n<meta property=\"og:image\" content=\"https:\/\/Regalino-Shop.de\/wp-content\/uploads\/2026\/03\/Sticky-notes-set-notizbuch.webp\" \/>\n\t<meta property=\"og:image:width\" content=\"992\" \/>\n\t<meta property=\"og:image:height\" content=\"1241\" \/>\n\t<meta property=\"og:image:type\" content=\"image\/webp\" \/>\n<meta name=\"twitter:card\" content=\"summary_large_image\" \/>\n<meta name=\"twitter:label1\" content=\"Gesch\u00e4tzte Lesezeit\" \/>\n\t<meta name=\"twitter:data1\" content=\"1\u00a0Minute\" \/>\n<script type=\"application\/ld+json\" class=\"yoast-schema-graph\">{\"@context\":\"https:\\\/\\\/schema.org\",\"@graph\":[{\"@type\":\"WebPage\",\"@id\":\"https:\\\/\\\/Regalino-Shop.de\\\/?product=ticky-notes-set-mit-a5-notizblock-bleistift\",\"url\":\"https:\\\/\\\/Regalino-Shop.de\\\/?product=ticky-notes-set-mit-a5-notizblock-bleistift\",\"name\":\"Sticky Notes Set mit A5 Notizblock & Bleistift - Regalino -Lively Style\",\"isPartOf\":{\"@id\":\"https:\\\/\\\/Regalino-Shop.de\\\/#website\"},\"primaryImageOfPage\":{\"@id\":\"https:\\\/\\\/Regalino-Shop.de\\\/?product=ticky-notes-set-mit-a5-notizblock-bleistift#primaryimage\"},\"image\":{\"@id\":\"https:\\\/\\\/Regalino-Shop.de\\\/?product=ticky-notes-set-mit-a5-notizblock-bleistift#primaryimage\"},\"thumbnailUrl\":\"https:\\\/\\\/Regalino-Shop.de\\\/wp-content\\\/uploads\\\/2026\\\/03\\\/Sticky-notes-set-notizbuch.webp\",\"datePublished\":\"2026-03-22T12:48:08+00:00\",\"dateModified\":\"2026-05-08T12:58:33+00:00\",\"description\":\"Praktisches Sticky Notes Set mit A5 Notizblock, Haftnotizen und Bleistift. Ideal f\u00fcr B\u00fcro, Schule und To-do-Listen.\",\"breadcrumb\":{\"@id\":\"https:\\\/\\\/Regalino-Shop.de\\\/?product=ticky-notes-set-mit-a5-notizblock-bleistift#breadcrumb\"},\"inLanguage\":\"de\",\"potentialAction\":[{\"@type\":\"ReadAction\",\"target\":[\"https:\\\/\\\/Regalino-Shop.de\\\/?product=ticky-notes-set-mit-a5-notizblock-bleistift\"]}]},{\"@type\":\"ImageObject\",\"inLanguage\":\"de\",\"@id\":\"https:\\\/\\\/Regalino-Shop.de\\\/?product=ticky-notes-set-mit-a5-notizblock-bleistift#primaryimage\",\"url\":\"https:\\\/\\\/Regalino-Shop.de\\\/wp-content\\\/uploads\\\/2026\\\/03\\\/Sticky-notes-set-notizbuch.webp\",\"contentUrl\":\"https:\\\/\\\/Regalino-Shop.de\\\/wp-content\\\/uploads\\\/2026\\\/03\\\/Sticky-notes-set-notizbuch.webp\",\"width\":992,\"height\":1241,\"caption\":\"sticky notes set mit a5 notizblock haftnotizen und bleistift\"},{\"@type\":\"BreadcrumbList\",\"@id\":\"https:\\\/\\\/Regalino-Shop.de\\\/?product=ticky-notes-set-mit-a5-notizblock-bleistift#breadcrumb\",\"itemListElement\":[{\"@type\":\"ListItem\",\"position\":1,\"name\":\"Startseite\",\"item\":\"https:\\\/\\\/Regalino-Shop.de\\\/\"},{\"@type\":\"ListItem\",\"position\":2,\"name\":\"Shop\",\"item\":\"https:\\\/\\\/Regalino-Shop.de\\\/?page_id=40\"},{\"@type\":\"ListItem\",\"position\":3,\"name\":\"Sticky Notes Set mit A5 Notizblock &#038; Bleistift\"}]},{\"@type\":\"WebSite\",\"@id\":\"https:\\\/\\\/Regalino-Shop.de\\\/#website\",\"url\":\"https:\\\/\\\/Regalino-Shop.de\\\/\",\"name\":\"Regalino -Lively Style\",\"description\":\"gelebtes Zuhause\",\"potentialAction\":[{\"@type\":\"SearchAction\",\"target\":{\"@type\":\"EntryPoint\",\"urlTemplate\":\"https:\\\/\\\/Regalino-Shop.de\\\/?s={search_term_string}\"},\"query-input\":{\"@type\":\"PropertyValueSpecification\",\"valueRequired\":true,\"valueName\":\"search_term_string\"}}],\"inLanguage\":\"de\"}]}<\/script>\n<!-- \/ Yoast SEO plugin. -->","yoast_head_json":{"title":"Sticky Notes Set mit A5 Notizblock & Bleistift - Regalino -Lively Style","description":"Praktisches Sticky Notes Set mit A5 Notizblock, Haftnotizen und Bleistift. Ideal f\u00fcr B\u00fcro, Schule und To-do-Listen.","robots":{"index":"index","follow":"follow","max-snippet":"max-snippet:-1","max-image-preview":"max-image-preview:large","max-video-preview":"max-video-preview:-1"},"canonical":"https:\/\/Regalino-Shop.de\/?product=ticky-notes-set-mit-a5-notizblock-bleistift","og_locale":"de_DE","og_type":"article","og_title":"Sticky Notes Set mit A5 Notizblock & Bleistift - Regalino -Lively Style","og_description":"Praktisches Sticky Notes Set mit A5 Notizblock, Haftnotizen und Bleistift. Ideal f\u00fcr B\u00fcro, Schule und To-do-Listen.","og_url":"https:\/\/Regalino-Shop.de\/?product=ticky-notes-set-mit-a5-notizblock-bleistift","og_site_name":"Regalino -Lively Style","article_modified_time":"2026-05-08T12:58:33+00:00","og_image":[{"width":992,"height":1241,"url":"https:\/\/Regalino-Shop.de\/wp-content\/uploads\/2026\/03\/Sticky-notes-set-notizbuch.webp","type":"image\/webp"}],"twitter_card":"summary_large_image","twitter_misc":{"Gesch\u00e4tzte Lesezeit":"1\u00a0Minute"},"schema":{"@context":"https:\/\/schema.org","@graph":[{"@type":"WebPage","@id":"https:\/\/Regalino-Shop.de\/?product=ticky-notes-set-mit-a5-notizblock-bleistift","url":"https:\/\/Regalino-Shop.de\/?product=ticky-notes-set-mit-a5-notizblock-bleistift","name":"Sticky Notes Set mit A5 Notizblock & Bleistift - Regalino -Lively Style","isPartOf":{"@id":"https:\/\/Regalino-Shop.de\/#website"},"primaryImageOfPage":{"@id":"https:\/\/Regalino-Shop.de\/?product=ticky-notes-set-mit-a5-notizblock-bleistift#primaryimage"},"image":{"@id":"https:\/\/Regalino-Shop.de\/?product=ticky-notes-set-mit-a5-notizblock-bleistift#primaryimage"},"thumbnailUrl":"https:\/\/Regalino-Shop.de\/wp-content\/uploads\/2026\/03\/Sticky-notes-set-notizbuch.webp","datePublished":"2026-03-22T12:48:08+00:00","dateModified":"2026-05-08T12:58:33+00:00","description":"Praktisches Sticky Notes Set mit A5 Notizblock, Haftnotizen und Bleistift. Ideal f\u00fcr B\u00fcro, Schule und To-do-Listen.","breadcrumb":{"@id":"https:\/\/Regalino-Shop.de\/?product=ticky-notes-set-mit-a5-notizblock-bleistift#breadcrumb"},"inLanguage":"de","potentialAction":[{"@type":"ReadAction","target":["https:\/\/Regalino-Shop.de\/?product=ticky-notes-set-mit-a5-notizblock-bleistift"]}]},{"@type":"ImageObject","inLanguage":"de","@id":"https:\/\/Regalino-Shop.de\/?product=ticky-notes-set-mit-a5-notizblock-bleistift#primaryimage","url":"https:\/\/Regalino-Shop.de\/wp-content\/uploads\/2026\/03\/Sticky-notes-set-notizbuch.webp","contentUrl":"https:\/\/Regalino-Shop.de\/wp-content\/uploads\/2026\/03\/Sticky-notes-set-notizbuch.webp","width":992,"height":1241,"caption":"sticky notes set mit a5 notizblock haftnotizen und bleistift"},{"@type":"BreadcrumbList","@id":"https:\/\/Regalino-Shop.de\/?product=ticky-notes-set-mit-a5-notizblock-bleistift#breadcrumb","itemListElement":[{"@type":"ListItem","position":1,"name":"Startseite","item":"https:\/\/Regalino-Shop.de\/"},{"@type":"ListItem","position":2,"name":"Shop","item":"https:\/\/Regalino-Shop.de\/?page_id=40"},{"@type":"ListItem","position":3,"name":"Sticky Notes Set mit A5 Notizblock &#038; Bleistift"}]},{"@type":"WebSite","@id":"https:\/\/Regalino-Shop.de\/#website","url":"https:\/\/Regalino-Shop.de\/","name":"Regalino -Lively Style","description":"gelebtes Zuhause","potentialAction":[{"@type":"SearchAction","target":{"@type":"EntryPoint","urlTemplate":"https:\/\/Regalino-Shop.de\/?s={search_term_string}"},"query-input":{"@type":"PropertyValueSpecification","valueRequired":true,"valueName":"search_term_string"}}],"inLanguage":"de"}]}},"_links":{"self":[{"href":"https:\/\/Regalino-Shop.de\/index.php?rest_route=\/wp\/v2\/product\/18466","targetHints":{"allow":["GET"]}}],"collection":[{"href":"https:\/\/Regalino-Shop.de\/index.php?rest_route=\/wp\/v2\/product"}],"about":[{"href":"https:\/\/Regalino-Shop.de\/index.php?rest_route=\/wp\/v2\/types\/product"}],"wp:featuredmedia":[{"embeddable":true,"href":"https:\/\/Regalino-Shop.de\/index.php?rest_route=\/wp\/v2\/media\/18467"}],"wp:attachment":[{"href":"https:\/\/Regalino-Shop.de\/index.php?rest_route=%2Fwp%2Fv2%2Fmedia&parent=18466"}],"wp:term":[{"taxonomy":"product_brand","embeddable":true,"href":"https:\/\/Regalino-Shop.de\/index.php?rest_route=%2Fwp%2Fv2%2Fproduct_brand&post=18466"},{"taxonomy":"product_cat","embeddable":true,"href":"https:\/\/Regalino-Shop.de\/index.php?rest_route=%2Fwp%2Fv2%2Fproduct_cat&post=18466"},{"taxonomy":"product_tag","embeddable":true,"href":"https:\/\/Regalino-Shop.de\/index.php?rest_route=%2Fwp%2Fv2%2Fproduct_tag&post=18466"}],"curies":[{"name":"wp","href":"https:\/\/api.w.org\/{rel}","templated":true}]}}