{"id":18561,"date":"2026-03-24T15:31:42","date_gmt":"2026-03-24T15:31:42","guid":{"rendered":"https:\/\/Regalino-Shop.de\/?post_type=product&#038;p=18561"},"modified":"2026-04-08T13:07:42","modified_gmt":"2026-04-08T13:07:42","slug":"tragbare-led-tischlampe-klein-dunkelgrau-dimmbar-kabellos","status":"publish","type":"product","link":"https:\/\/Regalino-Shop.de\/?product=tragbare-led-tischlampe-klein-dunkelgrau-dimmbar-kabellos","title":{"rendered":"Kabellose LED Tischlampe Dunkelgrau \u2013 dimmbares Designlicht f\u00fcr Terrasse &#038; Zuhause"},"content":{"rendered":"","protected":false},"excerpt":{"rendered":"<div class=\"product--description block\">\n<h3 data-start=\"0\" data-end=\"357\">tragbare LED Tischlampe<\/h3>\n<p data-start=\"0\" data-end=\"357\">verbindet modernes Design mit praktischer Funktion. Ob auf dem Esstisch, im Wohnzimmer, auf der Terrasse oder im Camper \u2013 die kabellose Lampe sorgt \u00fcberall f\u00fcr stimmungsvolles Licht. Durch ihre schlanke Form wirkt sie elegant und minimalistisch und f\u00fcgt sich harmonisch in unterschiedliche Wohnstile ein.<\/p>\n<p data-start=\"359\" data-end=\"662\">Die Bedienung erfolgt ganz intuitiv \u00fcber einen\u00a0<strong data-start=\"406\" data-end=\"428\">Ber\u00fchrungsschalter<\/strong>. Mit nur einem sanften Tipp l\u00e4sst sich die Lampe ein- oder ausschalten, dimmen oder in der Farbtemperatur anpassen. So kannst du jederzeit die passende Lichtstimmung schaffen \u2013 von warmem, gem\u00fctlichem Licht bis zu klarer Beleuchtung.<\/p>\n<p data-start=\"664\" data-end=\"999\">Dank\u00a0<strong data-start=\"669\" data-end=\"692\">stufenloser Dimmung<\/strong>,\u00a0<strong data-start=\"694\" data-end=\"726\">einstellbarer Farbtemperatur<\/strong>\u00a0und einer\u00a0<strong data-start=\"737\" data-end=\"771\">intelligenten Speicherfunktion<\/strong>, die sich deine bevorzugten Einstellungen merkt, wird die Nutzung besonders komfortabel. Die integrierte Batterie erm\u00f6glicht eine lange Leuchtdauer von\u00a0<strong data-start=\"924\" data-end=\"946\">8 bis 90 Stunden<\/strong>\u00a0und ist in nur\u00a0<strong data-start=\"962\" data-end=\"998\">3 Stunden vollst\u00e4ndig aufgeladen<\/strong>.<\/p>\n<hr data-start=\"1001\" data-end=\"1004\" \/>\n<p data-start=\"1006\" data-end=\"1017\"><strong data-start=\"1006\" data-end=\"1017\">Details<\/strong><\/p>\n<ul data-start=\"1019\" data-end=\"1468\">\n<li data-section-id=\"121k5ho\" data-start=\"1019\" data-end=\"1050\">Tragbare\u00a0<strong data-start=\"1030\" data-end=\"1048\">LED-Tischlampe<\/strong><\/li>\n<li data-section-id=\"8ogsjf\" data-start=\"1051\" data-end=\"1105\">Ideal f\u00fcr Wohnzimmer, Terrasse, Balkon oder Camper<\/li>\n<li data-section-id=\"1ywya2g\" data-start=\"1106\" data-end=\"1150\"><strong data-start=\"1108\" data-end=\"1148\">Touch-Bedienung \/ Ber\u00fchrungsschalter<\/strong><\/li>\n<li data-section-id=\"7uxv7f\" data-start=\"1151\" data-end=\"1176\"><strong data-start=\"1153\" data-end=\"1174\">Stufenlos dimmbar<\/strong><\/li>\n<li data-section-id=\"1p1rrz5\" data-start=\"1177\" data-end=\"1228\"><strong data-start=\"1179\" data-end=\"1210\">Einstellbare Farbtemperatur<\/strong>\u00a0(warm bis k\u00fchl)<\/li>\n<li data-section-id=\"1og0xry\" data-start=\"1229\" data-end=\"1283\"><strong data-start=\"1231\" data-end=\"1251\">Speicherfunktion<\/strong>\u00a0f\u00fcr Helligkeit und Lichtfarbe<\/li>\n<li data-section-id=\"i5v9p7\" data-start=\"1284\" data-end=\"1323\"><strong data-start=\"1286\" data-end=\"1321\">Niedriger Batteriestand-Hinweis<\/strong><\/li>\n<li data-section-id=\"1aw9ifg\" data-start=\"1324\" data-end=\"1363\"><strong data-start=\"1326\" data-end=\"1361\">\u00dcberlastungsschutz der Batterie<\/strong><\/li>\n<li data-section-id=\"x5b7hy\" data-start=\"1364\" data-end=\"1395\"><strong data-start=\"1366\" data-end=\"1379\">Ladezeit:<\/strong>\u00a0ca. 3 Stunden<\/li>\n<li data-section-id=\"1861yso\" data-start=\"1396\" data-end=\"1435\"><strong data-start=\"1398\" data-end=\"1414\">Leuchtdauer:<\/strong>\u00a0ca. 8-90 Stunden<\/li>\n<li data-section-id=\"djgb70\" data-start=\"1436\" data-end=\"1468\"><strong>Ma\u00dfe:<\/strong>\u00a0\u00d8 10 \u00d7 19,7 x \u00d8 6,5cm<\/li>\n<\/ul>\n<p data-start=\"1475\" data-end=\"1485\"><strong data-start=\"1475\" data-end=\"1485\">Pflege<\/strong><\/p>\n<p data-start=\"1487\" data-end=\"1579\">Mit einem weichen, trockenen Tuch reinigen. Vor Feuchtigkeit und dauerhaftem Regen sch\u00fctzen.<\/p>\n<hr data-start=\"1581\" data-end=\"1584\" \/>\n<p data-start=\"1586\" data-end=\"1614\"><strong data-start=\"1586\" data-end=\"1614\">\ud83e\udd0d Regalino Styling-Tipp<\/strong><\/p>\n<p data-start=\"1616\" data-end=\"1844\">Besonders sch\u00f6n auf einem kleinen Beistelltisch, auf der Terrasse beim Abendessen oder als sanftes Licht auf der Fensterbank. Kombiniert mit Holz, Keramik oder Leinen entsteht sofort eine ruhige, nordisch inspirierte Atmosph\u00e4re.<\/p>\n<p>Lieferumfang: 1 Tischlampe<\/p>\n<\/div>\n","protected":false},"featured_media":18562,"template":"","meta":{"_et_pb_use_builder":"","_et_pb_old_content":"","_et_gb_content_width":""},"product_brand":[1857],"product_cat":[86,62],"product_tag":[2913,2911,2910,2914,2912,2916,2917,2915,2909],"class_list":{"0":"post-18561","1":"product","2":"type-product","3":"status-publish","4":"has-post-thumbnail","6":"product_brand-chic-mic","7":"product_cat-garten-balkon-schoene-lieblingsstuecke-fuer-draussen-regalino","8":"product_cat-licht-lampen-kerzen-im-scandi-breton-stil-regalino","9":"product_tag-design-tischlampe-akku","10":"product_tag-dimmbare-tischlampe","11":"product_tag-kabellose-tischlampe","12":"product_tag-lampe-camper","13":"product_tag-led-lampe-terrasse","14":"product_tag-moderne-tischlampe","15":"product_tag-regalino-lampe","16":"product_tag-touch-lampe-dimmbar","17":"product_tag-tragbare-led-tischlampe","19":"first","20":"instock","21":"taxable","22":"shipping-taxable","23":"purchasable","24":"product-type-simple"},"yoast_head":"<!-- This site is optimized with the Yoast SEO plugin v27.5 - https:\/\/yoast.com\/product\/yoast-seo-wordpress\/ -->\n<title>Kabellose LED Tischlampe Dunkelgrau \u2013 dimmbares Designlicht f\u00fcr Terrasse &amp; Zuhause - Regalino -Lively Style<\/title>\n<meta name=\"description\" content=\"Kabellose LED Tischlampe mit Touch-Bedienung, dimmbarer Helligkeit und einstellbarer Farbtemperatur. Ideal f\u00fcr Wohnzimmer, Terrasse oder Camper.\" \/>\n<meta name=\"robots\" content=\"index, follow, max-snippet:-1, max-image-preview:large, max-video-preview:-1\" \/>\n<link rel=\"canonical\" href=\"https:\/\/Regalino-Shop.de\/?product=tragbare-led-tischlampe-klein-dunkelgrau-dimmbar-kabellos\" \/>\n<meta property=\"og:locale\" content=\"de_DE\" \/>\n<meta property=\"og:type\" content=\"article\" \/>\n<meta property=\"og:title\" content=\"Kabellose LED Tischlampe Dunkelgrau \u2013 dimmbares Designlicht f\u00fcr Terrasse &amp; Zuhause - Regalino -Lively Style\" \/>\n<meta property=\"og:description\" content=\"Kabellose LED Tischlampe mit Touch-Bedienung, dimmbarer Helligkeit und einstellbarer Farbtemperatur. Ideal f\u00fcr Wohnzimmer, Terrasse oder Camper.\" \/>\n<meta property=\"og:url\" content=\"https:\/\/Regalino-Shop.de\/?product=tragbare-led-tischlampe-klein-dunkelgrau-dimmbar-kabellos\" \/>\n<meta property=\"og:site_name\" content=\"Regalino -Lively Style\" \/>\n<meta property=\"article:modified_time\" content=\"2026-04-08T13:07:42+00:00\" \/>\n<meta property=\"og:image\" content=\"https:\/\/Regalino-Shop.de\/wp-content\/uploads\/2026\/03\/Ufo-Tischlampe-Chicmic-LED-grau_klein.webp.jpg\" \/>\n\t<meta property=\"og:image:width\" content=\"506\" \/>\n\t<meta property=\"og:image:height\" content=\"465\" \/>\n\t<meta property=\"og:image:type\" content=\"image\/jpeg\" \/>\n<meta name=\"twitter:card\" content=\"summary_large_image\" \/>\n<meta name=\"twitter:label1\" content=\"Gesch\u00e4tzte Lesezeit\" \/>\n\t<meta name=\"twitter:data1\" content=\"1\u00a0Minute\" \/>\n<script type=\"application\/ld+json\" class=\"yoast-schema-graph\">{\"@context\":\"https:\\\/\\\/schema.org\",\"@graph\":[{\"@type\":\"WebPage\",\"@id\":\"https:\\\/\\\/Regalino-Shop.de\\\/?product=tragbare-led-tischlampe-klein-dunkelgrau-dimmbar-kabellos\",\"url\":\"https:\\\/\\\/Regalino-Shop.de\\\/?product=tragbare-led-tischlampe-klein-dunkelgrau-dimmbar-kabellos\",\"name\":\"Kabellose LED Tischlampe Dunkelgrau \u2013 dimmbares Designlicht f\u00fcr Terrasse & Zuhause - Regalino -Lively Style\",\"isPartOf\":{\"@id\":\"https:\\\/\\\/Regalino-Shop.de\\\/#website\"},\"primaryImageOfPage\":{\"@id\":\"https:\\\/\\\/Regalino-Shop.de\\\/?product=tragbare-led-tischlampe-klein-dunkelgrau-dimmbar-kabellos#primaryimage\"},\"image\":{\"@id\":\"https:\\\/\\\/Regalino-Shop.de\\\/?product=tragbare-led-tischlampe-klein-dunkelgrau-dimmbar-kabellos#primaryimage\"},\"thumbnailUrl\":\"https:\\\/\\\/Regalino-Shop.de\\\/wp-content\\\/uploads\\\/2026\\\/03\\\/Ufo-Tischlampe-Chicmic-LED-grau_klein.webp.jpg\",\"datePublished\":\"2026-03-24T15:31:42+00:00\",\"dateModified\":\"2026-04-08T13:07:42+00:00\",\"description\":\"Kabellose LED Tischlampe mit Touch-Bedienung, dimmbarer Helligkeit und einstellbarer Farbtemperatur. Ideal f\u00fcr Wohnzimmer, Terrasse oder Camper.\",\"breadcrumb\":{\"@id\":\"https:\\\/\\\/Regalino-Shop.de\\\/?product=tragbare-led-tischlampe-klein-dunkelgrau-dimmbar-kabellos#breadcrumb\"},\"inLanguage\":\"de\",\"potentialAction\":[{\"@type\":\"ReadAction\",\"target\":[\"https:\\\/\\\/Regalino-Shop.de\\\/?product=tragbare-led-tischlampe-klein-dunkelgrau-dimmbar-kabellos\"]}]},{\"@type\":\"ImageObject\",\"inLanguage\":\"de\",\"@id\":\"https:\\\/\\\/Regalino-Shop.de\\\/?product=tragbare-led-tischlampe-klein-dunkelgrau-dimmbar-kabellos#primaryimage\",\"url\":\"https:\\\/\\\/Regalino-Shop.de\\\/wp-content\\\/uploads\\\/2026\\\/03\\\/Ufo-Tischlampe-Chicmic-LED-grau_klein.webp.jpg\",\"contentUrl\":\"https:\\\/\\\/Regalino-Shop.de\\\/wp-content\\\/uploads\\\/2026\\\/03\\\/Ufo-Tischlampe-Chicmic-LED-grau_klein.webp.jpg\",\"width\":506,\"height\":465,\"caption\":\"tragbare led tischlampe dimmbar kabellos design lampe\"},{\"@type\":\"BreadcrumbList\",\"@id\":\"https:\\\/\\\/Regalino-Shop.de\\\/?product=tragbare-led-tischlampe-klein-dunkelgrau-dimmbar-kabellos#breadcrumb\",\"itemListElement\":[{\"@type\":\"ListItem\",\"position\":1,\"name\":\"Startseite\",\"item\":\"https:\\\/\\\/Regalino-Shop.de\\\/\"},{\"@type\":\"ListItem\",\"position\":2,\"name\":\"Shop\",\"item\":\"https:\\\/\\\/Regalino-Shop.de\\\/?page_id=40\"},{\"@type\":\"ListItem\",\"position\":3,\"name\":\"Kabellose LED Tischlampe Dunkelgrau \u2013 dimmbares Designlicht f\u00fcr Terrasse &#038; Zuhause\"}]},{\"@type\":\"WebSite\",\"@id\":\"https:\\\/\\\/Regalino-Shop.de\\\/#website\",\"url\":\"https:\\\/\\\/Regalino-Shop.de\\\/\",\"name\":\"Regalino -Lively Style\",\"description\":\"gelebtes Zuhause\",\"potentialAction\":[{\"@type\":\"SearchAction\",\"target\":{\"@type\":\"EntryPoint\",\"urlTemplate\":\"https:\\\/\\\/Regalino-Shop.de\\\/?s={search_term_string}\"},\"query-input\":{\"@type\":\"PropertyValueSpecification\",\"valueRequired\":true,\"valueName\":\"search_term_string\"}}],\"inLanguage\":\"de\"}]}<\/script>\n<!-- \/ Yoast SEO plugin. -->","yoast_head_json":{"title":"Kabellose LED Tischlampe Dunkelgrau \u2013 dimmbares Designlicht f\u00fcr Terrasse & Zuhause - Regalino -Lively Style","description":"Kabellose LED Tischlampe mit Touch-Bedienung, dimmbarer Helligkeit und einstellbarer Farbtemperatur. Ideal f\u00fcr Wohnzimmer, Terrasse oder Camper.","robots":{"index":"index","follow":"follow","max-snippet":"max-snippet:-1","max-image-preview":"max-image-preview:large","max-video-preview":"max-video-preview:-1"},"canonical":"https:\/\/Regalino-Shop.de\/?product=tragbare-led-tischlampe-klein-dunkelgrau-dimmbar-kabellos","og_locale":"de_DE","og_type":"article","og_title":"Kabellose LED Tischlampe Dunkelgrau \u2013 dimmbares Designlicht f\u00fcr Terrasse & Zuhause - Regalino -Lively Style","og_description":"Kabellose LED Tischlampe mit Touch-Bedienung, dimmbarer Helligkeit und einstellbarer Farbtemperatur. Ideal f\u00fcr Wohnzimmer, Terrasse oder Camper.","og_url":"https:\/\/Regalino-Shop.de\/?product=tragbare-led-tischlampe-klein-dunkelgrau-dimmbar-kabellos","og_site_name":"Regalino -Lively Style","article_modified_time":"2026-04-08T13:07:42+00:00","og_image":[{"width":506,"height":465,"url":"https:\/\/Regalino-Shop.de\/wp-content\/uploads\/2026\/03\/Ufo-Tischlampe-Chicmic-LED-grau_klein.webp.jpg","type":"image\/jpeg"}],"twitter_card":"summary_large_image","twitter_misc":{"Gesch\u00e4tzte Lesezeit":"1\u00a0Minute"},"schema":{"@context":"https:\/\/schema.org","@graph":[{"@type":"WebPage","@id":"https:\/\/Regalino-Shop.de\/?product=tragbare-led-tischlampe-klein-dunkelgrau-dimmbar-kabellos","url":"https:\/\/Regalino-Shop.de\/?product=tragbare-led-tischlampe-klein-dunkelgrau-dimmbar-kabellos","name":"Kabellose LED Tischlampe Dunkelgrau \u2013 dimmbares Designlicht f\u00fcr Terrasse & Zuhause - Regalino -Lively Style","isPartOf":{"@id":"https:\/\/Regalino-Shop.de\/#website"},"primaryImageOfPage":{"@id":"https:\/\/Regalino-Shop.de\/?product=tragbare-led-tischlampe-klein-dunkelgrau-dimmbar-kabellos#primaryimage"},"image":{"@id":"https:\/\/Regalino-Shop.de\/?product=tragbare-led-tischlampe-klein-dunkelgrau-dimmbar-kabellos#primaryimage"},"thumbnailUrl":"https:\/\/Regalino-Shop.de\/wp-content\/uploads\/2026\/03\/Ufo-Tischlampe-Chicmic-LED-grau_klein.webp.jpg","datePublished":"2026-03-24T15:31:42+00:00","dateModified":"2026-04-08T13:07:42+00:00","description":"Kabellose LED Tischlampe mit Touch-Bedienung, dimmbarer Helligkeit und einstellbarer Farbtemperatur. Ideal f\u00fcr Wohnzimmer, Terrasse oder Camper.","breadcrumb":{"@id":"https:\/\/Regalino-Shop.de\/?product=tragbare-led-tischlampe-klein-dunkelgrau-dimmbar-kabellos#breadcrumb"},"inLanguage":"de","potentialAction":[{"@type":"ReadAction","target":["https:\/\/Regalino-Shop.de\/?product=tragbare-led-tischlampe-klein-dunkelgrau-dimmbar-kabellos"]}]},{"@type":"ImageObject","inLanguage":"de","@id":"https:\/\/Regalino-Shop.de\/?product=tragbare-led-tischlampe-klein-dunkelgrau-dimmbar-kabellos#primaryimage","url":"https:\/\/Regalino-Shop.de\/wp-content\/uploads\/2026\/03\/Ufo-Tischlampe-Chicmic-LED-grau_klein.webp.jpg","contentUrl":"https:\/\/Regalino-Shop.de\/wp-content\/uploads\/2026\/03\/Ufo-Tischlampe-Chicmic-LED-grau_klein.webp.jpg","width":506,"height":465,"caption":"tragbare led tischlampe dimmbar kabellos design lampe"},{"@type":"BreadcrumbList","@id":"https:\/\/Regalino-Shop.de\/?product=tragbare-led-tischlampe-klein-dunkelgrau-dimmbar-kabellos#breadcrumb","itemListElement":[{"@type":"ListItem","position":1,"name":"Startseite","item":"https:\/\/Regalino-Shop.de\/"},{"@type":"ListItem","position":2,"name":"Shop","item":"https:\/\/Regalino-Shop.de\/?page_id=40"},{"@type":"ListItem","position":3,"name":"Kabellose LED Tischlampe Dunkelgrau \u2013 dimmbares Designlicht f\u00fcr Terrasse &#038; Zuhause"}]},{"@type":"WebSite","@id":"https:\/\/Regalino-Shop.de\/#website","url":"https:\/\/Regalino-Shop.de\/","name":"Regalino -Lively Style","description":"gelebtes Zuhause","potentialAction":[{"@type":"SearchAction","target":{"@type":"EntryPoint","urlTemplate":"https:\/\/Regalino-Shop.de\/?s={search_term_string}"},"query-input":{"@type":"PropertyValueSpecification","valueRequired":true,"valueName":"search_term_string"}}],"inLanguage":"de"}]}},"_links":{"self":[{"href":"https:\/\/Regalino-Shop.de\/index.php?rest_route=\/wp\/v2\/product\/18561","targetHints":{"allow":["GET"]}}],"collection":[{"href":"https:\/\/Regalino-Shop.de\/index.php?rest_route=\/wp\/v2\/product"}],"about":[{"href":"https:\/\/Regalino-Shop.de\/index.php?rest_route=\/wp\/v2\/types\/product"}],"wp:featuredmedia":[{"embeddable":true,"href":"https:\/\/Regalino-Shop.de\/index.php?rest_route=\/wp\/v2\/media\/18562"}],"wp:attachment":[{"href":"https:\/\/Regalino-Shop.de\/index.php?rest_route=%2Fwp%2Fv2%2Fmedia&parent=18561"}],"wp:term":[{"taxonomy":"product_brand","embeddable":true,"href":"https:\/\/Regalino-Shop.de\/index.php?rest_route=%2Fwp%2Fv2%2Fproduct_brand&post=18561"},{"taxonomy":"product_cat","embeddable":true,"href":"https:\/\/Regalino-Shop.de\/index.php?rest_route=%2Fwp%2Fv2%2Fproduct_cat&post=18561"},{"taxonomy":"product_tag","embeddable":true,"href":"https:\/\/Regalino-Shop.de\/index.php?rest_route=%2Fwp%2Fv2%2Fproduct_tag&post=18561"}],"curies":[{"name":"wp","href":"https:\/\/api.w.org\/{rel}","templated":true}]}}