{"id":18828,"date":"2026-03-31T14:58:20","date_gmt":"2026-03-31T14:58:20","guid":{"rendered":"https:\/\/Regalino-Shop.de\/?post_type=product&#038;p=18828"},"modified":"2026-04-08T18:30:22","modified_gmt":"2026-04-08T18:30:22","slug":"loop-ohrringe-color-sasstie","status":"publish","type":"product","link":"https:\/\/Regalino-Shop.de\/?product=loop-ohrringe-color-sasstie","title":{"rendered":"Loop Ohrringe Color | SASSTIE"},"content":{"rendered":"","protected":false},"excerpt":{"rendered":"<p data-start=\"135\" data-end=\"526\">Die <strong data-start=\"139\" data-end=\"164\">SASSTIE Loop Ohrringe<\/strong> begeistern mit einem leichten Design, klaren Linien und einer Ausstrahlung, die einfach gute Laune macht. Sie sind ein sch\u00f6ner Begleiter f\u00fcr jeden Tag und setzen auch zu besonderen Anl\u00e4ssen stilvolle Akzente. Modern, unkompliziert und mit angenehmem Tragegef\u00fchl passen sie wunderbar zu schlichten Looks, feinen Strickteilen oder einem l\u00e4ssigen Outfit mit Denim.<\/p>\n<p data-start=\"528\" data-end=\"843\">Gefertigt aus <strong data-start=\"542\" data-end=\"570\">316L Chirurgen-Edelstahl<\/strong>, verbinden die Ohrringe ein modernes Design mit langlebiger Qualit\u00e4t. Das Material ist <strong data-start=\"658\" data-end=\"672\">wasserfest<\/strong>, <strong data-start=\"674\" data-end=\"692\">hautfreundlich<\/strong>, robust und verf\u00e4rbt sich nicht. So hast du lange Freude an einem Schmuckst\u00fcck, das nicht nur sch\u00f6n aussieht, sondern sich auch angenehm tragen l\u00e4sst.<\/p>\n<hr data-start=\"845\" data-end=\"848\" \/>\n<p data-start=\"850\" data-end=\"861\"><strong data-start=\"850\" data-end=\"861\">Details<\/strong><\/p>\n<ul data-start=\"863\" data-end=\"1125\">\n<li data-section-id=\"1utboh7\" data-start=\"863\" data-end=\"892\">Loop Ohrringe von SASSTIE<\/li>\n<li data-section-id=\"1lsan1y\" data-start=\"893\" data-end=\"939\">Aus <strong data-start=\"899\" data-end=\"927\">316L Chirurgen-Edelstahl<\/strong> gefertigt<\/li>\n<li data-section-id=\"zxrmt6\" data-start=\"940\" data-end=\"976\">Wasserfest und ohne Verf\u00e4rbungen<\/li>\n<li data-section-id=\"1nanusf\" data-start=\"977\" data-end=\"1017\">Hautfreundlich, robust und langlebig<\/li>\n<li data-section-id=\"1ie826p\" data-start=\"1018\" data-end=\"1064\">Leichtes Design mit angenehmem Tragegef\u00fchl<\/li>\n<li data-section-id=\"1oi51nz\" data-start=\"1065\" data-end=\"1097\">Modern, elegant und stilvoll<\/li>\n<li data-section-id=\"16qffo9\" data-start=\"1098\" data-end=\"1125\">Entworfen in D\u00fcsseldorf<\/li>\n<\/ul>\n<hr data-start=\"1127\" data-end=\"1130\" \/>\n<p data-start=\"1132\" data-end=\"1142\"><strong data-start=\"1132\" data-end=\"1142\">Pflege<\/strong><\/p>\n<p data-start=\"1144\" data-end=\"1256\">Bei Bedarf mit einem weichen Tuch reinigen und trocken aufbewahren. So bleiben Glanz und Oberfl\u00e4che lange sch\u00f6n.<\/p>\n<hr data-start=\"1258\" data-end=\"1261\" \/>\n<p data-start=\"1263\" data-end=\"1291\"><strong data-start=\"1263\" data-end=\"1291\">\ud83e\udd0d Regalino Styling-Tipp<\/strong><\/p>\n<p data-start=\"1293\" data-end=\"1470\">Die Loop Ohrringe passen besonders sch\u00f6n zu cleanen Looks in Creme, Beige, Schwarz oder Denim und bringen genau die richtige Mischung aus Leichtigkeit und Stil in deinen Alltag.<\/p>\n<p>Lieferumfang: 1 Paar Ohrringe<\/p>\n","protected":false},"featured_media":18831,"template":"","meta":{"_et_pb_use_builder":"","_et_pb_old_content":"","_et_gb_content_width":""},"product_brand":[2984],"product_cat":[2983,103],"product_tag":[2989,2997,2992,2995,2986,2996,2988,2985,2998,2991],"class_list":{"0":"post-18828","1":"product","2":"type-product","3":"status-publish","4":"has-post-thumbnail","6":"product_brand-sasstie","7":"product_cat-accessoires","8":"product_cat-schmuck-fuer-damen-stilvolle-accessoires-regalino","9":"product_tag-chirurgen-edelstahl","10":"product_tag-elegante-ohrringe","11":"product_tag-hautfreundliche-ohrringe","12":"product_tag-langlebige-ohrringe","13":"product_tag-loop-ohrringe","14":"product_tag-moderner-schmuck","15":"product_tag-ohrringe-edelstahl","16":"product_tag-sasstie","17":"product_tag-schmuck-damen","18":"product_tag-wasserfeste-ohrringe","20":"first","21":"instock","22":"featured","23":"taxable","24":"shipping-taxable","25":"purchasable","26":"product-type-simple"},"yoast_head":"<!-- This site is optimized with the Yoast SEO plugin v27.3 - https:\/\/yoast.com\/product\/yoast-seo-wordpress\/ -->\n<title>SASSTIE Loop Ohrringe aus Chirurgen-Edelstahl<\/title>\n<meta name=\"description\" content=\"SASSTIE Loop Ohrringe aus 316L Chirurgen-Edelstahl. Wasserfest, hautfreundlich und langlebig \u2013 moderner Schmuck mit leichtem Design.\" \/>\n<meta name=\"robots\" content=\"index, follow, max-snippet:-1, max-image-preview:large, max-video-preview:-1\" \/>\n<link rel=\"canonical\" href=\"https:\/\/Regalino-Shop.de\/?product=loop-ohrringe-color-sasstie\" \/>\n<meta property=\"og:locale\" content=\"de_DE\" \/>\n<meta property=\"og:type\" content=\"article\" \/>\n<meta property=\"og:title\" content=\"SASSTIE Loop Ohrringe aus Chirurgen-Edelstahl\" \/>\n<meta property=\"og:description\" content=\"SASSTIE Loop Ohrringe aus 316L Chirurgen-Edelstahl. Wasserfest, hautfreundlich und langlebig \u2013 moderner Schmuck mit leichtem Design.\" \/>\n<meta property=\"og:url\" content=\"https:\/\/Regalino-Shop.de\/?product=loop-ohrringe-color-sasstie\" \/>\n<meta property=\"og:site_name\" content=\"Regalino -Lively Style\" \/>\n<meta property=\"article:modified_time\" content=\"2026-04-08T18:30:22+00:00\" \/>\n<meta property=\"og:image\" content=\"https:\/\/Regalino-Shop.de\/wp-content\/uploads\/2026\/03\/Loop-color-dots-Ohrringe-Sasstie-frei.webp\" \/>\n\t<meta property=\"og:image:width\" content=\"823\" \/>\n\t<meta property=\"og:image:height\" content=\"823\" \/>\n\t<meta property=\"og:image:type\" content=\"image\/webp\" \/>\n<meta name=\"twitter:card\" content=\"summary_large_image\" \/>\n<meta name=\"twitter:label1\" content=\"Gesch\u00e4tzte Lesezeit\" \/>\n\t<meta name=\"twitter:data1\" content=\"1\u00a0Minute\" \/>\n<script type=\"application\/ld+json\" class=\"yoast-schema-graph\">{\"@context\":\"https:\\\/\\\/schema.org\",\"@graph\":[{\"@type\":\"WebPage\",\"@id\":\"https:\\\/\\\/Regalino-Shop.de\\\/?product=loop-ohrringe-color-sasstie\",\"url\":\"https:\\\/\\\/Regalino-Shop.de\\\/?product=loop-ohrringe-color-sasstie\",\"name\":\"SASSTIE Loop Ohrringe aus Chirurgen-Edelstahl\",\"isPartOf\":{\"@id\":\"https:\\\/\\\/Regalino-Shop.de\\\/#website\"},\"primaryImageOfPage\":{\"@id\":\"https:\\\/\\\/Regalino-Shop.de\\\/?product=loop-ohrringe-color-sasstie#primaryimage\"},\"image\":{\"@id\":\"https:\\\/\\\/Regalino-Shop.de\\\/?product=loop-ohrringe-color-sasstie#primaryimage\"},\"thumbnailUrl\":\"https:\\\/\\\/Regalino-Shop.de\\\/wp-content\\\/uploads\\\/2026\\\/03\\\/Loop-color-dots-Ohrringe-Sasstie-frei.webp\",\"datePublished\":\"2026-03-31T14:58:20+00:00\",\"dateModified\":\"2026-04-08T18:30:22+00:00\",\"description\":\"SASSTIE Loop Ohrringe aus 316L Chirurgen-Edelstahl. Wasserfest, hautfreundlich und langlebig \u2013 moderner Schmuck mit leichtem Design.\",\"breadcrumb\":{\"@id\":\"https:\\\/\\\/Regalino-Shop.de\\\/?product=loop-ohrringe-color-sasstie#breadcrumb\"},\"inLanguage\":\"de\",\"potentialAction\":[{\"@type\":\"ReadAction\",\"target\":[\"https:\\\/\\\/Regalino-Shop.de\\\/?product=loop-ohrringe-color-sasstie\"]}]},{\"@type\":\"ImageObject\",\"inLanguage\":\"de\",\"@id\":\"https:\\\/\\\/Regalino-Shop.de\\\/?product=loop-ohrringe-color-sasstie#primaryimage\",\"url\":\"https:\\\/\\\/Regalino-Shop.de\\\/wp-content\\\/uploads\\\/2026\\\/03\\\/Loop-color-dots-Ohrringe-Sasstie-frei.webp\",\"contentUrl\":\"https:\\\/\\\/Regalino-Shop.de\\\/wp-content\\\/uploads\\\/2026\\\/03\\\/Loop-color-dots-Ohrringe-Sasstie-frei.webp\",\"width\":823,\"height\":823,\"caption\":\"SASSTIE Loop Ohrringe aus 316L Chirurgen-Edelstahl\"},{\"@type\":\"BreadcrumbList\",\"@id\":\"https:\\\/\\\/Regalino-Shop.de\\\/?product=loop-ohrringe-color-sasstie#breadcrumb\",\"itemListElement\":[{\"@type\":\"ListItem\",\"position\":1,\"name\":\"Startseite\",\"item\":\"https:\\\/\\\/Regalino-Shop.de\\\/\"},{\"@type\":\"ListItem\",\"position\":2,\"name\":\"Shop\",\"item\":\"https:\\\/\\\/Regalino-Shop.de\\\/?page_id=40\"},{\"@type\":\"ListItem\",\"position\":3,\"name\":\"Loop Ohrringe Color | SASSTIE\"}]},{\"@type\":\"WebSite\",\"@id\":\"https:\\\/\\\/Regalino-Shop.de\\\/#website\",\"url\":\"https:\\\/\\\/Regalino-Shop.de\\\/\",\"name\":\"Regalino -Lively Style\",\"description\":\"gelebtes Zuhause\",\"potentialAction\":[{\"@type\":\"SearchAction\",\"target\":{\"@type\":\"EntryPoint\",\"urlTemplate\":\"https:\\\/\\\/Regalino-Shop.de\\\/?s={search_term_string}\"},\"query-input\":{\"@type\":\"PropertyValueSpecification\",\"valueRequired\":true,\"valueName\":\"search_term_string\"}}],\"inLanguage\":\"de\"}]}<\/script>\n<!-- \/ Yoast SEO plugin. -->","yoast_head_json":{"title":"SASSTIE Loop Ohrringe aus Chirurgen-Edelstahl","description":"SASSTIE Loop Ohrringe aus 316L Chirurgen-Edelstahl. Wasserfest, hautfreundlich und langlebig \u2013 moderner Schmuck mit leichtem Design.","robots":{"index":"index","follow":"follow","max-snippet":"max-snippet:-1","max-image-preview":"max-image-preview:large","max-video-preview":"max-video-preview:-1"},"canonical":"https:\/\/Regalino-Shop.de\/?product=loop-ohrringe-color-sasstie","og_locale":"de_DE","og_type":"article","og_title":"SASSTIE Loop Ohrringe aus Chirurgen-Edelstahl","og_description":"SASSTIE Loop Ohrringe aus 316L Chirurgen-Edelstahl. Wasserfest, hautfreundlich und langlebig \u2013 moderner Schmuck mit leichtem Design.","og_url":"https:\/\/Regalino-Shop.de\/?product=loop-ohrringe-color-sasstie","og_site_name":"Regalino -Lively Style","article_modified_time":"2026-04-08T18:30:22+00:00","og_image":[{"width":823,"height":823,"url":"https:\/\/Regalino-Shop.de\/wp-content\/uploads\/2026\/03\/Loop-color-dots-Ohrringe-Sasstie-frei.webp","type":"image\/webp"}],"twitter_card":"summary_large_image","twitter_misc":{"Gesch\u00e4tzte Lesezeit":"1\u00a0Minute"},"schema":{"@context":"https:\/\/schema.org","@graph":[{"@type":"WebPage","@id":"https:\/\/Regalino-Shop.de\/?product=loop-ohrringe-color-sasstie","url":"https:\/\/Regalino-Shop.de\/?product=loop-ohrringe-color-sasstie","name":"SASSTIE Loop Ohrringe aus Chirurgen-Edelstahl","isPartOf":{"@id":"https:\/\/Regalino-Shop.de\/#website"},"primaryImageOfPage":{"@id":"https:\/\/Regalino-Shop.de\/?product=loop-ohrringe-color-sasstie#primaryimage"},"image":{"@id":"https:\/\/Regalino-Shop.de\/?product=loop-ohrringe-color-sasstie#primaryimage"},"thumbnailUrl":"https:\/\/Regalino-Shop.de\/wp-content\/uploads\/2026\/03\/Loop-color-dots-Ohrringe-Sasstie-frei.webp","datePublished":"2026-03-31T14:58:20+00:00","dateModified":"2026-04-08T18:30:22+00:00","description":"SASSTIE Loop Ohrringe aus 316L Chirurgen-Edelstahl. Wasserfest, hautfreundlich und langlebig \u2013 moderner Schmuck mit leichtem Design.","breadcrumb":{"@id":"https:\/\/Regalino-Shop.de\/?product=loop-ohrringe-color-sasstie#breadcrumb"},"inLanguage":"de","potentialAction":[{"@type":"ReadAction","target":["https:\/\/Regalino-Shop.de\/?product=loop-ohrringe-color-sasstie"]}]},{"@type":"ImageObject","inLanguage":"de","@id":"https:\/\/Regalino-Shop.de\/?product=loop-ohrringe-color-sasstie#primaryimage","url":"https:\/\/Regalino-Shop.de\/wp-content\/uploads\/2026\/03\/Loop-color-dots-Ohrringe-Sasstie-frei.webp","contentUrl":"https:\/\/Regalino-Shop.de\/wp-content\/uploads\/2026\/03\/Loop-color-dots-Ohrringe-Sasstie-frei.webp","width":823,"height":823,"caption":"SASSTIE Loop Ohrringe aus 316L Chirurgen-Edelstahl"},{"@type":"BreadcrumbList","@id":"https:\/\/Regalino-Shop.de\/?product=loop-ohrringe-color-sasstie#breadcrumb","itemListElement":[{"@type":"ListItem","position":1,"name":"Startseite","item":"https:\/\/Regalino-Shop.de\/"},{"@type":"ListItem","position":2,"name":"Shop","item":"https:\/\/Regalino-Shop.de\/?page_id=40"},{"@type":"ListItem","position":3,"name":"Loop Ohrringe Color | SASSTIE"}]},{"@type":"WebSite","@id":"https:\/\/Regalino-Shop.de\/#website","url":"https:\/\/Regalino-Shop.de\/","name":"Regalino -Lively Style","description":"gelebtes Zuhause","potentialAction":[{"@type":"SearchAction","target":{"@type":"EntryPoint","urlTemplate":"https:\/\/Regalino-Shop.de\/?s={search_term_string}"},"query-input":{"@type":"PropertyValueSpecification","valueRequired":true,"valueName":"search_term_string"}}],"inLanguage":"de"}]}},"_links":{"self":[{"href":"https:\/\/Regalino-Shop.de\/index.php?rest_route=\/wp\/v2\/product\/18828","targetHints":{"allow":["GET"]}}],"collection":[{"href":"https:\/\/Regalino-Shop.de\/index.php?rest_route=\/wp\/v2\/product"}],"about":[{"href":"https:\/\/Regalino-Shop.de\/index.php?rest_route=\/wp\/v2\/types\/product"}],"wp:featuredmedia":[{"embeddable":true,"href":"https:\/\/Regalino-Shop.de\/index.php?rest_route=\/wp\/v2\/media\/18831"}],"wp:attachment":[{"href":"https:\/\/Regalino-Shop.de\/index.php?rest_route=%2Fwp%2Fv2%2Fmedia&parent=18828"}],"wp:term":[{"taxonomy":"product_brand","embeddable":true,"href":"https:\/\/Regalino-Shop.de\/index.php?rest_route=%2Fwp%2Fv2%2Fproduct_brand&post=18828"},{"taxonomy":"product_cat","embeddable":true,"href":"https:\/\/Regalino-Shop.de\/index.php?rest_route=%2Fwp%2Fv2%2Fproduct_cat&post=18828"},{"taxonomy":"product_tag","embeddable":true,"href":"https:\/\/Regalino-Shop.de\/index.php?rest_route=%2Fwp%2Fv2%2Fproduct_tag&post=18828"}],"curies":[{"name":"wp","href":"https:\/\/api.w.org\/{rel}","templated":true}]}}