{"id":18927,"date":"2026-04-23T10:44:30","date_gmt":"2026-04-23T10:44:30","guid":{"rendered":"https:\/\/Regalino-Shop.de\/?post_type=product&#038;p=18927"},"modified":"2026-04-23T11:13:51","modified_gmt":"2026-04-23T11:13:51","slug":"florale-thermosflasche-edelstahl-350-ml-bioloco-loop-kukkia","status":"publish","type":"product","link":"https:\/\/Regalino-Shop.de\/?product=florale-thermosflasche-edelstahl-350-ml-bioloco-loop-kukkia","title":{"rendered":"Florale Thermosflasche Edelstahl 350 ml \u2013 bioloco Loop Kukkia"},"content":{"rendered":"","protected":false},"excerpt":{"rendered":"<section class=\"text-token-text-primary w-full focus:outline-none [--shadow-height:45px] has-data-writing-block:pointer-events-none has-data-writing-block:-mt-(--shadow-height) has-data-writing-block:pt-(--shadow-height) [&amp;:has([data-writing-block])&gt;*]:pointer-events-auto scroll-mt-[calc(var(--header-height)+min(200px,max(70px,20svh)))]\" dir=\"auto\" data-turn-id=\"request-WEB:332a1930-c8e6-4052-8060-4bb763895a02-4\" data-testid=\"conversation-turn-4\" data-scroll-anchor=\"false\" data-turn=\"assistant\">\n<div class=\"text-base my-auto mx-auto [--thread-content-margin:var(--thread-content-margin-xs,calc(var(--spacing)*4))] @w-sm\/main:[--thread-content-margin:var(--thread-content-margin-sm,calc(var(--spacing)*6))] @w-lg\/main:[--thread-content-margin:var(--thread-content-margin-lg,calc(var(--spacing)*16))] px-(--thread-content-margin)\">\n<div class=\"[--thread-content-max-width:40rem] @w-lg\/main:[--thread-content-max-width:48rem] mx-auto max-w-(--thread-content-max-width) flex-1 group\/turn-messages focus-visible:outline-hidden relative flex w-full min-w-0 flex-col agent-turn\">\n<div class=\"flex max-w-full flex-col gap-4 grow\">\n<div class=\"min-h-8 text-message relative flex w-full flex-col items-end gap-2 text-start break-words whitespace-normal outline-none keyboard-focused:focus-ring [.text-message+&amp;]:mt-1\" dir=\"auto\" data-message-author-role=\"assistant\" data-message-id=\"9a970584-0792-45e8-8791-ee99fc30a25f\" data-message-model-slug=\"gpt-5-3\">\n<div class=\"flex w-full flex-col gap-1 empty:hidden\">\n<div class=\"markdown prose dark:prose-invert w-full wrap-break-word light markdown-new-styling\">\n<p data-start=\"29\" data-end=\"341\">Eine Flasche, die sofort gute Laune macht.<br data-start=\"170\" data-end=\"173\" \/>Das florale Muster in kr\u00e4ftigem Rot bringt Farbe in den Alltag, ohne aufdringlich zu wirken. Gleichzeitig bleibt sie genau das, was sie sein soll: zuverl\u00e4ssig, langlebig und unkompliziert.<br data-start=\"361\" data-end=\"364\" \/>Ob unterwegs, im B\u00fcro oder drau\u00dfen \u2013 sie h\u00e4lt deine Getr\u00e4nke auf Temperatur und liegt dabei angenehm leicht in der Hand.<\/p>\n<hr data-start=\"343\" data-end=\"346\" \/>\n<p data-start=\"348\" data-end=\"361\"><strong data-start=\"348\" data-end=\"359\">Details<\/strong><\/p>\n<ul data-start=\"362\" data-end=\"486\">\n<li data-section-id=\"y8k6xx\" data-start=\"362\" data-end=\"390\">Doppelwandiger Edelstahl<\/li>\n<li data-section-id=\"14u9rc2\" data-start=\"391\" data-end=\"422\">Bis zu 18 h warm, 12 h kalt<\/li>\n<li data-section-id=\"b2d80a\" data-start=\"423\" data-end=\"450\">Holzdeckel mit Schlaufe<\/li>\n<li data-section-id=\"10hosin\" data-start=\"451\" data-end=\"475\">F\u00fcr Sprudel geeignet<\/li>\n<li data-section-id=\"14psaf0\" data-start=\"476\" data-end=\"486\">350 ml<\/li>\n<\/ul>\n<hr data-start=\"488\" data-end=\"491\" \/>\n<p data-start=\"493\" data-end=\"505\"><strong data-start=\"493\" data-end=\"503\">Pflege<\/strong><\/p>\n<ul data-start=\"506\" data-end=\"562\">\n<li data-section-id=\"teru3f\" data-start=\"506\" data-end=\"530\">Handw\u00e4sche empfohlen<\/li>\n<li data-section-id=\"wsi7yl\" data-start=\"531\" data-end=\"562\">Nicht sp\u00fclmaschinengeeignet<\/li>\n<\/ul>\n<hr data-start=\"564\" data-end=\"567\" \/>\n<p data-start=\"569\" data-end=\"664\"><strong data-start=\"569\" data-end=\"589\">\ud83e\udd0d Regalino Tipp<\/strong><br data-start=\"589\" data-end=\"592\" \/>Perfekt f\u00fcr unterwegs, den Arbeitsalltag oder einen spontanen Ausflug ins Gr\u00fcne.<\/p>\n<p data-start=\"1023\" data-end=\"1239\">Lieferumfang: 1 Trinkflasche<\/p>\n<\/div>\n<\/div>\n<\/div>\n<\/div>\n<\/div>\n<\/div>\n<\/section>\n","protected":false},"featured_media":18928,"template":"","meta":{"_et_pb_use_builder":"","_et_pb_old_content":"","_et_gb_content_width":""},"product_brand":[1857],"product_cat":[82],"product_tag":[3086,3084,3087,2847,3083,3085],"class_list":{"0":"post-18927","1":"product","2":"type-product","3":"status-publish","4":"has-post-thumbnail","6":"product_brand-chic-mic","7":"product_cat-unterwegs-picknick-praktische-lieblingsstuecke-regalino","8":"product_tag-bioloco-loop-kukkia","9":"product_tag-edelstahlflasche-350-ml","10":"product_tag-flasche-holzdeckel","11":"product_tag-nachhaltige-trinkflasche","12":"product_tag-thermosflasche-floral","13":"product_tag-trinkflasche-rot-blumen","15":"first","16":"instock","17":"taxable","18":"shipping-taxable","19":"purchasable","20":"product-type-simple"},"yoast_head":"<!-- This site is optimized with the Yoast SEO plugin v27.5 - https:\/\/yoast.com\/product\/yoast-seo-wordpress\/ -->\n<title>Florale Edelstahl Trinkflasche mit Holzdeckel \u2013 350 ml<\/title>\n<meta name=\"description\" content=\"Doppelwandige Thermoflasche h\u00e4lt Getr\u00e4nke 18 h warm und 12 h kalt. Nachhaltig, BPA-frei und stilvoll f\u00fcr unterwegs. Auch f\u00fcr Sprudel geeignet\" \/>\n<meta name=\"robots\" content=\"index, follow, max-snippet:-1, max-image-preview:large, max-video-preview:-1\" \/>\n<link rel=\"canonical\" href=\"https:\/\/Regalino-Shop.de\/?product=florale-thermosflasche-edelstahl-350-ml-bioloco-loop-kukkia\" \/>\n<meta property=\"og:locale\" content=\"de_DE\" \/>\n<meta property=\"og:type\" content=\"article\" \/>\n<meta property=\"og:title\" content=\"Florale Edelstahl Trinkflasche mit Holzdeckel \u2013 350 ml\" \/>\n<meta property=\"og:description\" content=\"Doppelwandige Thermoflasche h\u00e4lt Getr\u00e4nke 18 h warm und 12 h kalt. Nachhaltig, BPA-frei und stilvoll f\u00fcr unterwegs. Auch f\u00fcr Sprudel geeignet\" \/>\n<meta property=\"og:url\" content=\"https:\/\/Regalino-Shop.de\/?product=florale-thermosflasche-edelstahl-350-ml-bioloco-loop-kukkia\" \/>\n<meta property=\"og:site_name\" content=\"Regalino -Lively Style\" \/>\n<meta property=\"article:modified_time\" content=\"2026-04-23T11:13:51+00:00\" \/>\n<meta property=\"og:image\" content=\"https:\/\/Regalino-Shop.de\/wp-content\/uploads\/2026\/04\/chicmic-loop_Trinkflasche_mini_kukkia.webp.jpg\" \/>\n\t<meta property=\"og:image:width\" content=\"570\" \/>\n\t<meta property=\"og:image:height\" content=\"510\" \/>\n\t<meta property=\"og:image:type\" content=\"image\/jpeg\" \/>\n<meta name=\"twitter:card\" content=\"summary_large_image\" \/>\n<meta name=\"twitter:label1\" content=\"Gesch\u00e4tzte Lesezeit\" \/>\n\t<meta name=\"twitter:data1\" content=\"1\u00a0Minute\" \/>\n<script type=\"application\/ld+json\" class=\"yoast-schema-graph\">{\"@context\":\"https:\\\/\\\/schema.org\",\"@graph\":[{\"@type\":\"WebPage\",\"@id\":\"https:\\\/\\\/Regalino-Shop.de\\\/?product=florale-thermosflasche-edelstahl-350-ml-bioloco-loop-kukkia\",\"url\":\"https:\\\/\\\/Regalino-Shop.de\\\/?product=florale-thermosflasche-edelstahl-350-ml-bioloco-loop-kukkia\",\"name\":\"Florale Edelstahl Trinkflasche mit Holzdeckel \u2013 350 ml\",\"isPartOf\":{\"@id\":\"https:\\\/\\\/Regalino-Shop.de\\\/#website\"},\"primaryImageOfPage\":{\"@id\":\"https:\\\/\\\/Regalino-Shop.de\\\/?product=florale-thermosflasche-edelstahl-350-ml-bioloco-loop-kukkia#primaryimage\"},\"image\":{\"@id\":\"https:\\\/\\\/Regalino-Shop.de\\\/?product=florale-thermosflasche-edelstahl-350-ml-bioloco-loop-kukkia#primaryimage\"},\"thumbnailUrl\":\"https:\\\/\\\/Regalino-Shop.de\\\/wp-content\\\/uploads\\\/2026\\\/04\\\/chicmic-loop_Trinkflasche_mini_kukkia.webp.jpg\",\"datePublished\":\"2026-04-23T10:44:30+00:00\",\"dateModified\":\"2026-04-23T11:13:51+00:00\",\"description\":\"Doppelwandige Thermoflasche h\u00e4lt Getr\u00e4nke 18 h warm und 12 h kalt. Nachhaltig, BPA-frei und stilvoll f\u00fcr unterwegs. Auch f\u00fcr Sprudel geeignet\",\"breadcrumb\":{\"@id\":\"https:\\\/\\\/Regalino-Shop.de\\\/?product=florale-thermosflasche-edelstahl-350-ml-bioloco-loop-kukkia#breadcrumb\"},\"inLanguage\":\"de\",\"potentialAction\":[{\"@type\":\"ReadAction\",\"target\":[\"https:\\\/\\\/Regalino-Shop.de\\\/?product=florale-thermosflasche-edelstahl-350-ml-bioloco-loop-kukkia\"]}]},{\"@type\":\"ImageObject\",\"inLanguage\":\"de\",\"@id\":\"https:\\\/\\\/Regalino-Shop.de\\\/?product=florale-thermosflasche-edelstahl-350-ml-bioloco-loop-kukkia#primaryimage\",\"url\":\"https:\\\/\\\/Regalino-Shop.de\\\/wp-content\\\/uploads\\\/2026\\\/04\\\/chicmic-loop_Trinkflasche_mini_kukkia.webp.jpg\",\"contentUrl\":\"https:\\\/\\\/Regalino-Shop.de\\\/wp-content\\\/uploads\\\/2026\\\/04\\\/chicmic-loop_Trinkflasche_mini_kukkia.webp.jpg\",\"width\":570,\"height\":510,\"caption\":\"Rote florale Edelstahl Thermosflasche mit Holzdeckel und Schlaufe 350 ml\"},{\"@type\":\"BreadcrumbList\",\"@id\":\"https:\\\/\\\/Regalino-Shop.de\\\/?product=florale-thermosflasche-edelstahl-350-ml-bioloco-loop-kukkia#breadcrumb\",\"itemListElement\":[{\"@type\":\"ListItem\",\"position\":1,\"name\":\"Startseite\",\"item\":\"https:\\\/\\\/Regalino-Shop.de\\\/\"},{\"@type\":\"ListItem\",\"position\":2,\"name\":\"Shop\",\"item\":\"https:\\\/\\\/Regalino-Shop.de\\\/?page_id=40\"},{\"@type\":\"ListItem\",\"position\":3,\"name\":\"Florale Thermosflasche Edelstahl 350 ml \u2013 bioloco Loop Kukkia\"}]},{\"@type\":\"WebSite\",\"@id\":\"https:\\\/\\\/Regalino-Shop.de\\\/#website\",\"url\":\"https:\\\/\\\/Regalino-Shop.de\\\/\",\"name\":\"Regalino -Lively Style\",\"description\":\"gelebtes Zuhause\",\"potentialAction\":[{\"@type\":\"SearchAction\",\"target\":{\"@type\":\"EntryPoint\",\"urlTemplate\":\"https:\\\/\\\/Regalino-Shop.de\\\/?s={search_term_string}\"},\"query-input\":{\"@type\":\"PropertyValueSpecification\",\"valueRequired\":true,\"valueName\":\"search_term_string\"}}],\"inLanguage\":\"de\"}]}<\/script>\n<!-- \/ Yoast SEO plugin. -->","yoast_head_json":{"title":"Florale Edelstahl Trinkflasche mit Holzdeckel \u2013 350 ml","description":"Doppelwandige Thermoflasche h\u00e4lt Getr\u00e4nke 18 h warm und 12 h kalt. Nachhaltig, BPA-frei und stilvoll f\u00fcr unterwegs. Auch f\u00fcr Sprudel geeignet","robots":{"index":"index","follow":"follow","max-snippet":"max-snippet:-1","max-image-preview":"max-image-preview:large","max-video-preview":"max-video-preview:-1"},"canonical":"https:\/\/Regalino-Shop.de\/?product=florale-thermosflasche-edelstahl-350-ml-bioloco-loop-kukkia","og_locale":"de_DE","og_type":"article","og_title":"Florale Edelstahl Trinkflasche mit Holzdeckel \u2013 350 ml","og_description":"Doppelwandige Thermoflasche h\u00e4lt Getr\u00e4nke 18 h warm und 12 h kalt. Nachhaltig, BPA-frei und stilvoll f\u00fcr unterwegs. Auch f\u00fcr Sprudel geeignet","og_url":"https:\/\/Regalino-Shop.de\/?product=florale-thermosflasche-edelstahl-350-ml-bioloco-loop-kukkia","og_site_name":"Regalino -Lively Style","article_modified_time":"2026-04-23T11:13:51+00:00","og_image":[{"width":570,"height":510,"url":"https:\/\/Regalino-Shop.de\/wp-content\/uploads\/2026\/04\/chicmic-loop_Trinkflasche_mini_kukkia.webp.jpg","type":"image\/jpeg"}],"twitter_card":"summary_large_image","twitter_misc":{"Gesch\u00e4tzte Lesezeit":"1\u00a0Minute"},"schema":{"@context":"https:\/\/schema.org","@graph":[{"@type":"WebPage","@id":"https:\/\/Regalino-Shop.de\/?product=florale-thermosflasche-edelstahl-350-ml-bioloco-loop-kukkia","url":"https:\/\/Regalino-Shop.de\/?product=florale-thermosflasche-edelstahl-350-ml-bioloco-loop-kukkia","name":"Florale Edelstahl Trinkflasche mit Holzdeckel \u2013 350 ml","isPartOf":{"@id":"https:\/\/Regalino-Shop.de\/#website"},"primaryImageOfPage":{"@id":"https:\/\/Regalino-Shop.de\/?product=florale-thermosflasche-edelstahl-350-ml-bioloco-loop-kukkia#primaryimage"},"image":{"@id":"https:\/\/Regalino-Shop.de\/?product=florale-thermosflasche-edelstahl-350-ml-bioloco-loop-kukkia#primaryimage"},"thumbnailUrl":"https:\/\/Regalino-Shop.de\/wp-content\/uploads\/2026\/04\/chicmic-loop_Trinkflasche_mini_kukkia.webp.jpg","datePublished":"2026-04-23T10:44:30+00:00","dateModified":"2026-04-23T11:13:51+00:00","description":"Doppelwandige Thermoflasche h\u00e4lt Getr\u00e4nke 18 h warm und 12 h kalt. Nachhaltig, BPA-frei und stilvoll f\u00fcr unterwegs. Auch f\u00fcr Sprudel geeignet","breadcrumb":{"@id":"https:\/\/Regalino-Shop.de\/?product=florale-thermosflasche-edelstahl-350-ml-bioloco-loop-kukkia#breadcrumb"},"inLanguage":"de","potentialAction":[{"@type":"ReadAction","target":["https:\/\/Regalino-Shop.de\/?product=florale-thermosflasche-edelstahl-350-ml-bioloco-loop-kukkia"]}]},{"@type":"ImageObject","inLanguage":"de","@id":"https:\/\/Regalino-Shop.de\/?product=florale-thermosflasche-edelstahl-350-ml-bioloco-loop-kukkia#primaryimage","url":"https:\/\/Regalino-Shop.de\/wp-content\/uploads\/2026\/04\/chicmic-loop_Trinkflasche_mini_kukkia.webp.jpg","contentUrl":"https:\/\/Regalino-Shop.de\/wp-content\/uploads\/2026\/04\/chicmic-loop_Trinkflasche_mini_kukkia.webp.jpg","width":570,"height":510,"caption":"Rote florale Edelstahl Thermosflasche mit Holzdeckel und Schlaufe 350 ml"},{"@type":"BreadcrumbList","@id":"https:\/\/Regalino-Shop.de\/?product=florale-thermosflasche-edelstahl-350-ml-bioloco-loop-kukkia#breadcrumb","itemListElement":[{"@type":"ListItem","position":1,"name":"Startseite","item":"https:\/\/Regalino-Shop.de\/"},{"@type":"ListItem","position":2,"name":"Shop","item":"https:\/\/Regalino-Shop.de\/?page_id=40"},{"@type":"ListItem","position":3,"name":"Florale Thermosflasche Edelstahl 350 ml \u2013 bioloco Loop Kukkia"}]},{"@type":"WebSite","@id":"https:\/\/Regalino-Shop.de\/#website","url":"https:\/\/Regalino-Shop.de\/","name":"Regalino -Lively Style","description":"gelebtes Zuhause","potentialAction":[{"@type":"SearchAction","target":{"@type":"EntryPoint","urlTemplate":"https:\/\/Regalino-Shop.de\/?s={search_term_string}"},"query-input":{"@type":"PropertyValueSpecification","valueRequired":true,"valueName":"search_term_string"}}],"inLanguage":"de"}]}},"_links":{"self":[{"href":"https:\/\/Regalino-Shop.de\/index.php?rest_route=\/wp\/v2\/product\/18927","targetHints":{"allow":["GET"]}}],"collection":[{"href":"https:\/\/Regalino-Shop.de\/index.php?rest_route=\/wp\/v2\/product"}],"about":[{"href":"https:\/\/Regalino-Shop.de\/index.php?rest_route=\/wp\/v2\/types\/product"}],"wp:featuredmedia":[{"embeddable":true,"href":"https:\/\/Regalino-Shop.de\/index.php?rest_route=\/wp\/v2\/media\/18928"}],"wp:attachment":[{"href":"https:\/\/Regalino-Shop.de\/index.php?rest_route=%2Fwp%2Fv2%2Fmedia&parent=18927"}],"wp:term":[{"taxonomy":"product_brand","embeddable":true,"href":"https:\/\/Regalino-Shop.de\/index.php?rest_route=%2Fwp%2Fv2%2Fproduct_brand&post=18927"},{"taxonomy":"product_cat","embeddable":true,"href":"https:\/\/Regalino-Shop.de\/index.php?rest_route=%2Fwp%2Fv2%2Fproduct_cat&post=18927"},{"taxonomy":"product_tag","embeddable":true,"href":"https:\/\/Regalino-Shop.de\/index.php?rest_route=%2Fwp%2Fv2%2Fproduct_tag&post=18927"}],"curies":[{"name":"wp","href":"https:\/\/api.w.org\/{rel}","templated":true}]}}