{"id":18987,"date":"2026-04-30T09:50:59","date_gmt":"2026-04-30T09:50:59","guid":{"rendered":"https:\/\/Regalino-Shop.de\/?post_type=product&#038;p=18987"},"modified":"2026-04-30T09:54:31","modified_gmt":"2026-04-30T09:54:31","slug":"postkarte-easy-peasy-lemon-squeezy","status":"publish","type":"product","link":"https:\/\/Regalino-Shop.de\/?product=postkarte-easy-peasy-lemon-squeezy","title":{"rendered":"Postkarte \u201eEasy Peasy Lemon Squeezy\u201c"},"content":{"rendered":"<p>&nbsp;<\/p>\n<p>&nbsp;<\/p>\n","protected":false},"excerpt":{"rendered":"<p data-start=\"126\" data-end=\"398\">Manchmal darf alles einfach leicht sein. <strong>Easy peasy lemon squeezy<\/strong> bringt genau dieses Gef\u00fchl auf den Punkt \u2013 spielerisch, positiv und mit einem Hauch Sommer. Eine Karte, die gute Laune macht und daran erinnert, die Dinge nicht zu kompliziert zu sehen.<\/p>\n<hr data-start=\"400\" data-end=\"403\" \/>\n<p data-start=\"405\" data-end=\"418\"><strong data-start=\"405\" data-end=\"416\">Details<\/strong><\/p>\n<ul data-start=\"419\" data-end=\"626\">\n<li data-section-id=\"1c01pov\" data-start=\"419\" data-end=\"445\">Format: 10,1 \u00d7 14,2 cm<\/li>\n<li data-section-id=\"1fnmhe5\" data-start=\"446\" data-end=\"505\">Stabiler 440 g Karton \u2013 hochwertig und fest in der Hand<\/li>\n<li data-section-id=\"1pp7ekc\" data-start=\"506\" data-end=\"549\">Edler Speziallack f\u00fcr gl\u00e4nzende Akzente<\/li>\n<li data-section-id=\"wyqd\" data-start=\"550\" data-end=\"579\">FSC-zertifiziertes Papier<\/li>\n<li data-section-id=\"t74u7s\" data-start=\"580\" data-end=\"626\">Modernes Design mit frischem Zitronenmotiv<\/li>\n<\/ul>\n<hr data-start=\"628\" data-end=\"631\" \/>\n<p data-start=\"633\" data-end=\"828\"><strong data-start=\"633\" data-end=\"661\">\ud83e\udd0d Regalino Styling-Tipp<\/strong><br data-start=\"661\" data-end=\"664\" \/>Perfekt als kleiner Farbakzent an deiner Wand, im K\u00fcchenbereich oder auf dem Schreibtisch. Besonders sch\u00f6n in Kombination mit hellen Naturt\u00f6nen und cleanen Fl\u00e4chen.<\/p>\n<div class=\"sc-39fe56a2-0 inDema\" data-test-id=\"accordion-text\">\n<p>Lieferumfang: 1 Postkarte &#8211; ohne Dekoration<\/p>\n<\/div>\n","protected":false},"featured_media":18988,"template":"","meta":{"_et_pb_use_builder":"","_et_pb_old_content":"","_et_gb_content_width":""},"product_brand":[1857],"product_cat":[97],"product_tag":[3142,354,3139,3138,3141,3135,3140],"class_list":{"0":"post-18987","1":"product","2":"type-product","3":"status-publish","4":"has-post-thumbnail","6":"product_brand-chic-mic","7":"product_cat-poster-postkarten-besondere-papeterie-regalino","8":"product_tag-easy-peasy-lemon-squeezy","9":"product_tag-geschenkidee","10":"product_tag-moderne-postkarte","11":"product_tag-motivationskarte","12":"product_tag-postkarte-zitrone","13":"product_tag-regalino-shop","14":"product_tag-typografie-karte","16":"first","17":"instock","18":"taxable","19":"shipping-taxable","20":"purchasable","21":"product-type-simple"},"yoast_head":"<!-- This site is optimized with the Yoast SEO plugin v27.5 - https:\/\/yoast.com\/product\/yoast-seo-wordpress\/ -->\n<title>Postkarte \u201eEasy Peasy Lemon Squeezy\u201c<\/title>\n<meta name=\"description\" content=\"Frische Postkarte mit \u201eEasy Peasy Lemon Squeezy\u201c. Hochwertiger Karton, modernes Design und perfekte gute Laune f\u00fcr jeden Tag.\" \/>\n<meta name=\"robots\" content=\"index, follow, max-snippet:-1, max-image-preview:large, max-video-preview:-1\" \/>\n<link rel=\"canonical\" href=\"https:\/\/Regalino-Shop.de\/?product=postkarte-easy-peasy-lemon-squeezy\" \/>\n<meta property=\"og:locale\" content=\"de_DE\" \/>\n<meta property=\"og:type\" content=\"article\" \/>\n<meta property=\"og:title\" content=\"Postkarte \u201eEasy Peasy Lemon Squeezy\u201c\" \/>\n<meta property=\"og:description\" content=\"Frische Postkarte mit \u201eEasy Peasy Lemon Squeezy\u201c. Hochwertiger Karton, modernes Design und perfekte gute Laune f\u00fcr jeden Tag.\" \/>\n<meta property=\"og:url\" content=\"https:\/\/Regalino-Shop.de\/?product=postkarte-easy-peasy-lemon-squeezy\" \/>\n<meta property=\"og:site_name\" content=\"Regalino -Lively Style\" \/>\n<meta property=\"article:modified_time\" content=\"2026-04-30T09:54:31+00:00\" \/>\n<meta property=\"og:image\" content=\"https:\/\/Regalino-Shop.de\/wp-content\/uploads\/2026\/04\/chicmic-karte-lemon-squeezy.webp\" \/>\n\t<meta property=\"og:image:width\" content=\"1024\" \/>\n\t<meta property=\"og:image:height\" content=\"1280\" \/>\n\t<meta property=\"og:image:type\" content=\"image\/webp\" \/>\n<meta name=\"twitter:card\" content=\"summary_large_image\" \/>\n<meta name=\"twitter:label1\" content=\"Gesch\u00e4tzte Lesezeit\" \/>\n\t<meta name=\"twitter:data1\" content=\"1\u00a0Minute\" \/>\n<script type=\"application\/ld+json\" class=\"yoast-schema-graph\">{\"@context\":\"https:\\\/\\\/schema.org\",\"@graph\":[{\"@type\":\"WebPage\",\"@id\":\"https:\\\/\\\/Regalino-Shop.de\\\/?product=postkarte-easy-peasy-lemon-squeezy\",\"url\":\"https:\\\/\\\/Regalino-Shop.de\\\/?product=postkarte-easy-peasy-lemon-squeezy\",\"name\":\"Postkarte \u201eEasy Peasy Lemon Squeezy\u201c\",\"isPartOf\":{\"@id\":\"https:\\\/\\\/Regalino-Shop.de\\\/#website\"},\"primaryImageOfPage\":{\"@id\":\"https:\\\/\\\/Regalino-Shop.de\\\/?product=postkarte-easy-peasy-lemon-squeezy#primaryimage\"},\"image\":{\"@id\":\"https:\\\/\\\/Regalino-Shop.de\\\/?product=postkarte-easy-peasy-lemon-squeezy#primaryimage\"},\"thumbnailUrl\":\"https:\\\/\\\/Regalino-Shop.de\\\/wp-content\\\/uploads\\\/2026\\\/04\\\/chicmic-karte-lemon-squeezy.webp\",\"datePublished\":\"2026-04-30T09:50:59+00:00\",\"dateModified\":\"2026-04-30T09:54:31+00:00\",\"description\":\"Frische Postkarte mit \u201eEasy Peasy Lemon Squeezy\u201c. Hochwertiger Karton, modernes Design und perfekte gute Laune f\u00fcr jeden Tag.\",\"breadcrumb\":{\"@id\":\"https:\\\/\\\/Regalino-Shop.de\\\/?product=postkarte-easy-peasy-lemon-squeezy#breadcrumb\"},\"inLanguage\":\"de\",\"potentialAction\":[{\"@type\":\"ReadAction\",\"target\":[\"https:\\\/\\\/Regalino-Shop.de\\\/?product=postkarte-easy-peasy-lemon-squeezy\"]}]},{\"@type\":\"ImageObject\",\"inLanguage\":\"de\",\"@id\":\"https:\\\/\\\/Regalino-Shop.de\\\/?product=postkarte-easy-peasy-lemon-squeezy#primaryimage\",\"url\":\"https:\\\/\\\/Regalino-Shop.de\\\/wp-content\\\/uploads\\\/2026\\\/04\\\/chicmic-karte-lemon-squeezy.webp\",\"contentUrl\":\"https:\\\/\\\/Regalino-Shop.de\\\/wp-content\\\/uploads\\\/2026\\\/04\\\/chicmic-karte-lemon-squeezy.webp\",\"width\":1024,\"height\":1280,\"caption\":\"Postkarte mit Zitronenmotiv und Schriftzug Easy Peasy Lemon Squeezy\"},{\"@type\":\"BreadcrumbList\",\"@id\":\"https:\\\/\\\/Regalino-Shop.de\\\/?product=postkarte-easy-peasy-lemon-squeezy#breadcrumb\",\"itemListElement\":[{\"@type\":\"ListItem\",\"position\":1,\"name\":\"Startseite\",\"item\":\"https:\\\/\\\/Regalino-Shop.de\\\/\"},{\"@type\":\"ListItem\",\"position\":2,\"name\":\"Shop\",\"item\":\"https:\\\/\\\/Regalino-Shop.de\\\/?page_id=40\"},{\"@type\":\"ListItem\",\"position\":3,\"name\":\"Postkarte \u201eEasy Peasy Lemon Squeezy\u201c\"}]},{\"@type\":\"WebSite\",\"@id\":\"https:\\\/\\\/Regalino-Shop.de\\\/#website\",\"url\":\"https:\\\/\\\/Regalino-Shop.de\\\/\",\"name\":\"Regalino -Lively Style\",\"description\":\"gelebtes Zuhause\",\"potentialAction\":[{\"@type\":\"SearchAction\",\"target\":{\"@type\":\"EntryPoint\",\"urlTemplate\":\"https:\\\/\\\/Regalino-Shop.de\\\/?s={search_term_string}\"},\"query-input\":{\"@type\":\"PropertyValueSpecification\",\"valueRequired\":true,\"valueName\":\"search_term_string\"}}],\"inLanguage\":\"de\"}]}<\/script>\n<!-- \/ Yoast SEO plugin. -->","yoast_head_json":{"title":"Postkarte \u201eEasy Peasy Lemon Squeezy\u201c","description":"Frische Postkarte mit \u201eEasy Peasy Lemon Squeezy\u201c. Hochwertiger Karton, modernes Design und perfekte gute Laune f\u00fcr jeden Tag.","robots":{"index":"index","follow":"follow","max-snippet":"max-snippet:-1","max-image-preview":"max-image-preview:large","max-video-preview":"max-video-preview:-1"},"canonical":"https:\/\/Regalino-Shop.de\/?product=postkarte-easy-peasy-lemon-squeezy","og_locale":"de_DE","og_type":"article","og_title":"Postkarte \u201eEasy Peasy Lemon Squeezy\u201c","og_description":"Frische Postkarte mit \u201eEasy Peasy Lemon Squeezy\u201c. Hochwertiger Karton, modernes Design und perfekte gute Laune f\u00fcr jeden Tag.","og_url":"https:\/\/Regalino-Shop.de\/?product=postkarte-easy-peasy-lemon-squeezy","og_site_name":"Regalino -Lively Style","article_modified_time":"2026-04-30T09:54:31+00:00","og_image":[{"width":1024,"height":1280,"url":"https:\/\/Regalino-Shop.de\/wp-content\/uploads\/2026\/04\/chicmic-karte-lemon-squeezy.webp","type":"image\/webp"}],"twitter_card":"summary_large_image","twitter_misc":{"Gesch\u00e4tzte Lesezeit":"1\u00a0Minute"},"schema":{"@context":"https:\/\/schema.org","@graph":[{"@type":"WebPage","@id":"https:\/\/Regalino-Shop.de\/?product=postkarte-easy-peasy-lemon-squeezy","url":"https:\/\/Regalino-Shop.de\/?product=postkarte-easy-peasy-lemon-squeezy","name":"Postkarte \u201eEasy Peasy Lemon Squeezy\u201c","isPartOf":{"@id":"https:\/\/Regalino-Shop.de\/#website"},"primaryImageOfPage":{"@id":"https:\/\/Regalino-Shop.de\/?product=postkarte-easy-peasy-lemon-squeezy#primaryimage"},"image":{"@id":"https:\/\/Regalino-Shop.de\/?product=postkarte-easy-peasy-lemon-squeezy#primaryimage"},"thumbnailUrl":"https:\/\/Regalino-Shop.de\/wp-content\/uploads\/2026\/04\/chicmic-karte-lemon-squeezy.webp","datePublished":"2026-04-30T09:50:59+00:00","dateModified":"2026-04-30T09:54:31+00:00","description":"Frische Postkarte mit \u201eEasy Peasy Lemon Squeezy\u201c. Hochwertiger Karton, modernes Design und perfekte gute Laune f\u00fcr jeden Tag.","breadcrumb":{"@id":"https:\/\/Regalino-Shop.de\/?product=postkarte-easy-peasy-lemon-squeezy#breadcrumb"},"inLanguage":"de","potentialAction":[{"@type":"ReadAction","target":["https:\/\/Regalino-Shop.de\/?product=postkarte-easy-peasy-lemon-squeezy"]}]},{"@type":"ImageObject","inLanguage":"de","@id":"https:\/\/Regalino-Shop.de\/?product=postkarte-easy-peasy-lemon-squeezy#primaryimage","url":"https:\/\/Regalino-Shop.de\/wp-content\/uploads\/2026\/04\/chicmic-karte-lemon-squeezy.webp","contentUrl":"https:\/\/Regalino-Shop.de\/wp-content\/uploads\/2026\/04\/chicmic-karte-lemon-squeezy.webp","width":1024,"height":1280,"caption":"Postkarte mit Zitronenmotiv und Schriftzug Easy Peasy Lemon Squeezy"},{"@type":"BreadcrumbList","@id":"https:\/\/Regalino-Shop.de\/?product=postkarte-easy-peasy-lemon-squeezy#breadcrumb","itemListElement":[{"@type":"ListItem","position":1,"name":"Startseite","item":"https:\/\/Regalino-Shop.de\/"},{"@type":"ListItem","position":2,"name":"Shop","item":"https:\/\/Regalino-Shop.de\/?page_id=40"},{"@type":"ListItem","position":3,"name":"Postkarte \u201eEasy Peasy Lemon Squeezy\u201c"}]},{"@type":"WebSite","@id":"https:\/\/Regalino-Shop.de\/#website","url":"https:\/\/Regalino-Shop.de\/","name":"Regalino -Lively Style","description":"gelebtes Zuhause","potentialAction":[{"@type":"SearchAction","target":{"@type":"EntryPoint","urlTemplate":"https:\/\/Regalino-Shop.de\/?s={search_term_string}"},"query-input":{"@type":"PropertyValueSpecification","valueRequired":true,"valueName":"search_term_string"}}],"inLanguage":"de"}]}},"_links":{"self":[{"href":"https:\/\/Regalino-Shop.de\/index.php?rest_route=\/wp\/v2\/product\/18987","targetHints":{"allow":["GET"]}}],"collection":[{"href":"https:\/\/Regalino-Shop.de\/index.php?rest_route=\/wp\/v2\/product"}],"about":[{"href":"https:\/\/Regalino-Shop.de\/index.php?rest_route=\/wp\/v2\/types\/product"}],"wp:featuredmedia":[{"embeddable":true,"href":"https:\/\/Regalino-Shop.de\/index.php?rest_route=\/wp\/v2\/media\/18988"}],"wp:attachment":[{"href":"https:\/\/Regalino-Shop.de\/index.php?rest_route=%2Fwp%2Fv2%2Fmedia&parent=18987"}],"wp:term":[{"taxonomy":"product_brand","embeddable":true,"href":"https:\/\/Regalino-Shop.de\/index.php?rest_route=%2Fwp%2Fv2%2Fproduct_brand&post=18987"},{"taxonomy":"product_cat","embeddable":true,"href":"https:\/\/Regalino-Shop.de\/index.php?rest_route=%2Fwp%2Fv2%2Fproduct_cat&post=18987"},{"taxonomy":"product_tag","embeddable":true,"href":"https:\/\/Regalino-Shop.de\/index.php?rest_route=%2Fwp%2Fv2%2Fproduct_tag&post=18987"}],"curies":[{"name":"wp","href":"https:\/\/api.w.org\/{rel}","templated":true}]}}